{"id":103,"date":"2018-03-23T16:50:34","date_gmt":"2018-03-23T16:50:34","guid":{"rendered":"https:\/\/essencial-portugal.com\/fr\/?page_id=103"},"modified":"2023-03-01T10:38:22","modified_gmt":"2023-03-01T10:38:22","slug":"portugiesischer-fuhrerschein","status":"publish","type":"page","link":"https:\/\/essencial-portugal.com\/de\/infos-zum-leben-in-lissabon\/portugiesischer-fuhrerschein\/","title":{"rendered":"Portugiesischer F\u00fchrerschein"},"content":{"rendered":"<p><img fetchpriority=\"high\" decoding=\"async\" class=\"aligncenter wp-image-288\" src=\"https:\/\/essencial-portugal.com\/de\/wp-content\/uploads\/2018\/04\/cartaconduo.jpg\" alt=\"Portuguese driver's licence\" width=\"338\" height=\"393\" \/><\/p>\n<p>Wahrscheinlich werden Sie in Lissabon oder anderswo mit Ihrem ausl\u00e4ndischen F\u00fchrerschein leben. Seien Sie sich bewusst, dass er in Portugal zwei Jahre lang g\u00fcltig sein kann und danach dauerhaft gegen einen portugiesischen F\u00fchrerschein umgetauscht werden muss. Diese Verpflichtung wird hier detailliert beschrieben, aber Sie k\u00f6nnen sie wahrscheinlich auch auf der Website Ihrer Botschaft finden, wie es bei der franz\u00f6sischen Botschaft der Fall ist.<\/p>\n<p>Englischsprachige Nicht-EU-B\u00fcrger wie z. B. Kanadier k\u00f6nnen in Portugal ebenfalls Auto fahren und bei den zust\u00e4ndigen Beh\u00f6rden einen internationalen F\u00fchrerschein beantragen, bevor sie das Land verlassen und sich in Portugal niederlassen.<\/p>\n<h2>Der internationale F\u00fchrerschein<\/h2>\n<p>Der portugiesische F\u00fchrerschein ist daher f\u00fcr einen kurzen Aufenthalt nicht zwingend erforderlich, aber nach zwei Jahren Aufenthalt in Portugal m\u00fcssen Sie Ihren F\u00fchrerschein bei der ITM \u00e4ndern lassen. Falls Sie vor Ihrer Abreise einen internationalen F\u00fchrerschein beantragt haben, trennen Sie ihn nicht von Ihrem urspr\u00fcnglichen F\u00fchrerschein, da Sie bei einer Kontrolle in Portugal beide Dokumente vorlegen m\u00fcssen.<\/p>\n<p>Folgende Dokumente werden in der Regel f\u00fcr den Erhalt des internationalen F\u00fchrerscheins ben\u00f6tigt:<\/p>\n<ul>\n<li>Zwei aktuelle Passfotos<\/li>\n<li>Ihren g\u00fcltigen F\u00fchrerschein<\/li>\n<li>Ein g\u00fcltiges Personaldokument oder ein Reisepass<\/li>\n<li>Ausgef\u00fclltes und unterschriebenes Antragsformular f\u00fcr den internationalen F\u00fchrerschein<\/li>\n<\/ul>\n<h2>Umtausch des F\u00fchrerscheins in Portugal<\/h2>\n<p>Wenn Sie in Lissabon oder anderswo in Portugal leben wollen, m\u00fcssen Sie sich 60 Tage nach Ihrer Ankunft beim portugiesischen Institut f\u00fcr Mobilit\u00e4t und Verkehr (<a href=\"http:\/\/www.imtt.pt\/\" target=\"_blank\" rel=\"noopener\">IMTT<\/a>) mit :<\/p>\n<ul>\n<li><a href=\"http:\/\/www.imt-ip.pt\/sites\/IMTT\/Portugues\/Formularios\/Documents\/Mod1_IMT.pdf\" target=\"_blank\" rel=\"noopener noreferrer\">IMT Modelo 1 form<\/a><\/li>\n<li>Ihren g\u00fcltigen F\u00fchrerschein<\/li>\n<li>Das Original und eine Fotokopie Ihres Personalausweises.<\/li>\n<\/ul>\n<p>Dieses Verfahren kostet 30 Euro, ebenso wie der Umtausch Ihres urspr\u00fcnglichen F\u00fchrerscheins in einen portugiesischen F\u00fchrerschein. Dieser Umtausch erfolgt ebenfalls bei der IMTT, bei der Sie sich nach 2 Jahren Aufenthalt mit folgenden Dokumenten melden m\u00fcssen:<\/p>\n<ul>\n<li>Nachweis der Berechtigung zum Aufenthalt in Portugal (<a href=\"https:\/\/essencial-portugal.com\/de\/leben-in-lissabon-und-portugal\/zertifikat-europaischen-registers\/\" target=\"_blank\" rel=\"noopener\">portugiesische Aufenthaltsbescheinigung<\/a>)<\/li>\n<li>Ihre <a href=\"https:\/\/essencial-portugal.com\/de\/leben-in-lissabon-und-portugal\/beschaffung-tin-steueridentifikationsnummer-portugal\/\" target=\"_blank\" rel=\"noopener\">Steueridentifikationsnummer<\/a> (portugiesische TIN)<\/li>\n<li>Ein \u00e4rztliches Attest<\/li>\n<li>Eine Bescheinigung \u00fcber die psychologische Eignung, wenn Sie einen anderen F\u00fchrerschein als A und B beantragen.<\/li>\n<li>Das <a href=\"http:\/\/www.imt-ip.pt\/sites\/IMTT\/Portugues\/Formularios\/Documents\/Mod13IMT.pdf\" target=\"_blank\" rel=\"noopener\">Formular Modelo 13 IMT<\/a> kann von der offiziellen Website heruntergeladen werden<\/li>\n<li>Ihr g\u00fcltiger F\u00fchrerschein<\/li>\n<li><span style=\"font-size: 16px;\">Ihr g\u00fcltiger Personalausweis oder Reisepass + eine Fotokopie<\/span><\/li>\n<\/ul>\n<p>Setzen Sie sich mit uns in Verbindung, um alle notwendigen Dokumente f\u00fcr den Erhalt Ihres portugiesischen F\u00fchrerscheins zu erfahren. Wir begleiten Sie beim Verst\u00e4ndnis der Verwaltungsverfahren und direkt zu den Verwaltungen, um Ihren F\u00fchrerschein umzutauschen.<\/p>\n<h2>Wissenswertes \u00fcber das Autofahren in Portugal<\/h2>\n<p>Es ist immer wichtig, vor dem Fahren in einem Land die Regeln zu kennen. Im Folgenden finden Sie einige Informationen, die f\u00fcr Sie n\u00fctzlich sein k\u00f6nnten, wenn Sie sich in Portugal niedergelassen haben:<\/p>\n<ul>\n<li>Die H\u00f6chstgeschwindigkeit auf den Autobahnen betr\u00e4gt 120 km\/Stunde.<\/li>\n<li>Der maximale Blutalkoholspiegel liegt bei 0,5 g pro Liter.<\/li>\n<li>Wie \u00fcberall in Europa m\u00fcssen Sie in Ihrem Fahrzeug ein rotes Warndreieck und eine gelbe Warnweste mitf\u00fchren.<\/li>\n<li>In Kreisverkehren muss man auf der rechten Spur fahren, um rechts abzubiegen, und auf der linken Spur, um geradeaus oder links zu fahren.<\/li>\n<\/ul>\n<p>Abgesehen von diesen wenigen Punkten sind die \u00fcbrigen Schilder und Verhaltensregeln \u00e4hnlich wie in anderen europ\u00e4ischen L\u00e4ndern und bed\u00fcrfen keiner weiteren Erl\u00e4uterung.<\/p>\n<p><img decoding=\"async\" class=\"aligncenter wp-image-49 size-full\" src=\"https:\/\/essencial-portugal.com\/de\/wp-content\/uploads\/2018\/03\/permis-de-conduire-portugal-lisbonne.jpg\" alt=\"Road signs and signals in Portugal\" width=\"700\" height=\"420\" srcset=\"https:\/\/essencial-portugal.com\/de\/wp-content\/uploads\/2018\/03\/permis-de-conduire-portugal-lisbonne.jpg 700w, https:\/\/essencial-portugal.com\/de\/wp-content\/uploads\/2018\/03\/permis-de-conduire-portugal-lisbonne-300x180.jpg 300w\" sizes=\"(max-width: 700px) 100vw, 700px\" \/><\/p>\n<h2>Fahren Sie Ihr Fahrzeug in Portugal<\/h2>\n<p>Vielleicht m\u00f6chten Sie Ihr Fahrzeug auch direkt nach Portugal bringen, um es zu fahren. In diesem Fall sollten Sie sich weiter auf Ihre Abreise vorbereiten und die notwendigen Verwaltungsverfahren f\u00fcr die <a href=\"https:\/\/essencial-portugal.com\/de\/leben-in-lissabon-und-portugal\/registrieren-sie-ihr-fahrzeug-portugal\/\" target=\"_blank\" rel=\"noopener\">Zulassung Ihres Fahrzeugs in Portugal<\/a> pr\u00fcfen. Diese Verfahren sind oft langwierig und schwierig, und ich kann Ihnen die richtigen Organisationen empfehlen.<\/p>\n","protected":false},"excerpt":{"rendered":"<p>Wahrscheinlich werden Sie in Lissabon oder anderswo mit Ihrem ausl\u00e4ndischen F\u00fchrerschein leben. Seien Sie sich bewusst, dass er in Portugal zwei Jahre lang g\u00fcltig sein kann und danach dauerhaft gegen einen portugiesischen F\u00fchrerschein umgetauscht werden muss. Diese Verpflichtung wird hier detailliert beschrieben, aber Sie k\u00f6nnen sie wahrscheinlich auch auf der Website Ihrer Botschaft finden, wie [&hellip;]<\/p>\n","protected":false},"author":1,"featured_media":48,"parent":101,"menu_order":0,"comment_status":"closed","ping_status":"closed","template":"","meta":{"om_disable_all_campaigns":false,"_monsterinsights_skip_tracking":false,"_monsterinsights_sitenote_active":false,"_monsterinsights_sitenote_note":"","_monsterinsights_sitenote_category":0,"_uf_show_specific_survey":0,"_uf_disable_surveys":false,"site-sidebar-layout":"default","site-content-layout":"default","ast-site-content-layout":"default","site-content-style":"default","site-sidebar-style":"default","ast-global-header-display":"","ast-banner-title-visibility":"","ast-main-header-display":"","ast-hfb-above-header-display":"","ast-hfb-below-header-display":"","ast-hfb-mobile-header-display":"","site-post-title":"","ast-breadcrumbs-content":"","ast-featured-img":"","footer-sml-layout":"","ast-disable-related-posts":"","theme-transparent-header-meta":"default","adv-header-id-meta":"","stick-header-meta":"","header-above-stick-meta":"","header-main-stick-meta":"","header-below-stick-meta":"","astra-migrate-meta-layouts":"default","ast-page-background-enabled":"default","ast-page-background-meta":{"desktop":{"background-color":"","background-image":"","background-repeat":"repeat","background-position":"center center","background-size":"auto","background-attachment":"scroll","background-type":"","background-media":"","overlay-type":"","overlay-color":"","overlay-opacity":"","overlay-gradient":""},"tablet":{"background-color":"","background-image":"","background-repeat":"repeat","background-position":"center center","background-size":"auto","background-attachment":"scroll","background-type":"","background-media":"","overlay-type":"","overlay-color":"","overlay-opacity":"","overlay-gradient":""},"mobile":{"background-color":"","background-image":"","background-repeat":"repeat","background-position":"center center","background-size":"auto","background-attachment":"scroll","background-type":"","background-media":"","overlay-type":"","overlay-color":"","overlay-opacity":"","overlay-gradient":""}},"ast-content-background-meta":{"desktop":{"background-color":"var(--ast-global-color-5)","background-image":"","background-repeat":"repeat","background-position":"center center","background-size":"auto","background-attachment":"scroll","background-type":"","background-media":"","overlay-type":"","overlay-color":"","overlay-opacity":"","overlay-gradient":""},"tablet":{"background-color":"var(--ast-global-color-5)","background-image":"","background-repeat":"repeat","background-position":"center center","background-size":"auto","background-attachment":"scroll","background-type":"","background-media":"","overlay-type":"","overlay-color":"","overlay-opacity":"","overlay-gradient":""},"mobile":{"background-color":"var(--ast-global-color-5)","background-image":"","background-repeat":"repeat","background-position":"center center","background-size":"auto","background-attachment":"scroll","background-type":"","background-media":"","overlay-type":"","overlay-color":"","overlay-opacity":"","overlay-gradient":""}},"footnotes":""},"class_list":["post-103","page","type-page","status-publish","has-post-thumbnail","hentry"],"aioseo_notices":[],"_links":{"self":[{"href":"https:\/\/essencial-portugal.com\/de\/wp-json\/wp\/v2\/pages\/103","targetHints":{"allow":["GET"]}}],"collection":[{"href":"https:\/\/essencial-portugal.com\/de\/wp-json\/wp\/v2\/pages"}],"about":[{"href":"https:\/\/essencial-portugal.com\/de\/wp-json\/wp\/v2\/types\/page"}],"author":[{"embeddable":true,"href":"https:\/\/essencial-portugal.com\/de\/wp-json\/wp\/v2\/users\/1"}],"replies":[{"embeddable":true,"href":"https:\/\/essencial-portugal.com\/de\/wp-json\/wp\/v2\/comments?post=103"}],"version-history":[{"count":0,"href":"https:\/\/essencial-portugal.com\/de\/wp-json\/wp\/v2\/pages\/103\/revisions"}],"up":[{"embeddable":true,"href":"https:\/\/essencial-portugal.com\/de\/wp-json\/wp\/v2\/pages\/101"}],"wp:featuredmedia":[{"embeddable":true,"href":"https:\/\/essencial-portugal.com\/de\/wp-json\/wp\/v2\/media\/48"}],"wp:attachment":[{"href":"https:\/\/essencial-portugal.com\/de\/wp-json\/wp\/v2\/media?parent=103"}],"curies":[{"name":"wp","href":"https:\/\/api.w.org\/{rel}","templated":true}]}}