{"id":105,"date":"2018-03-23T16:54:06","date_gmt":"2018-03-23T16:54:06","guid":{"rendered":"https:\/\/essencial-portugal.com\/fr\/?page_id=105"},"modified":"2023-03-01T10:38:10","modified_gmt":"2023-03-01T10:38:10","slug":"beglaubigung-amtlichen-dokumenten","status":"publish","type":"page","link":"https:\/\/essencial-portugal.com\/de\/infos-zum-leben-in-lissabon\/beglaubigung-amtlichen-dokumenten\/","title":{"rendered":"Beglaubigung von amtlichen Dokumenten"},"content":{"rendered":"<p><img fetchpriority=\"high\" decoding=\"async\" class=\"aligncenter wp-image-15 size-full\" src=\"https:\/\/essencial-portugal.com\/de\/wp-content\/uploads\/2018\/03\/certification-documents-au-portugal.png\" alt=\"Legalise official documents Portugal\" width=\"439\" height=\"273\" srcset=\"https:\/\/essencial-portugal.com\/de\/wp-content\/uploads\/2018\/03\/certification-documents-au-portugal.png 439w, https:\/\/essencial-portugal.com\/de\/wp-content\/uploads\/2018\/03\/certification-documents-au-portugal-300x187.png 300w\" sizes=\"(max-width: 439px) 100vw, 439px\" \/><\/p>\n<p>Wenn Sie Ihr neues Leben in Portugal beginnen, sei es in Lissabon oder anderswo, kann es manchmal notwendig sein, Ihre amtlichen Dokumente beglaubigen zu lassen, damit sie in dem Gebiet g\u00fcltig und anerkannt sind. Dies kann dann einige Ihrer Verwaltungsverfahren erleichtern und sicherstellen, dass Sie in den kommenden Jahren nicht auf Probleme sto\u00dfen.<\/p>\n<h2>Warum sollten Sie Ihre Dokumente in Portugal legalisieren?<\/h2>\n<p>Die Legalisierung Ihrer Dokumente erm\u00f6glicht es Ihnen, die Wahrhaftigkeit offiziell zu best\u00e4tigen:<\/p>\n<ul>\n<li>der Unterschrift auf Ihren Dokumenten<\/li>\n<li>Umst\u00e4nde und Gr\u00fcnde, warum die Dokumente unterzeichnet wurden<\/li>\n<li>die Identit\u00e4t des Siegels oder Stempels, der auf den Dokumenten angebracht ist<\/li>\n<\/ul>\n<p>Ein notwendiger Schritt f\u00fcr bestimmte Dokumente, die Sie m\u00f6glicherweise an portugiesische Unternehmen, Schulen oder Beh\u00f6rden schicken m\u00fcssen, wenn Sie eine Tochtergesellschaft gr\u00fcnden, eine Marke eintragen lassen oder heiraten. In diesen und anderen F\u00e4llen verlangt das Land die Beglaubigung von Dokumenten, die im Ausland vorgelegt und erstellt wurden.<\/p>\n<p>Die Legalisierung Ihrer Dokumente erfolgt durch ein Verfahren zwischen dem Au\u00dfenministerium und dem portugiesischen Konsulat in Ihrem Land (Europa).<\/p>\n<h2>Verfahren zur Beglaubigung von Dokumenten<\/h2>\n<p>Das Verfahren h\u00e4ngt von der Art der zu legalisierenden Dokumente ab, kann aber durchgef\u00fchrt werden:<\/p>\n<ul>\n<li>Zun\u00e4chst bei der Industrie- und Handelskammer Ihres Departements, einem Notar, einem Ministerium, einer Akademie oder einer anderen Regierungsbeh\u00f6rde.<\/li>\n<li>Dann beim Ministerium f\u00fcr ausw\u00e4rtige Angelegenheiten&#8230;<\/li>\n<li>Schlie\u00dflich beim Konsulat von Portugal<\/li>\n<\/ul>\n<p>&nbsp;<\/p>\n<p><img decoding=\"async\" class=\"aligncenter wp-image-216\" src=\"https:\/\/essencial-portugal.com\/de\/wp-content\/uploads\/2018\/03\/consulat-portugais.jpg\" alt=\"Portuguese consulate\" width=\"709\" height=\"500\" srcset=\"https:\/\/essencial-portugal.com\/de\/wp-content\/uploads\/2018\/03\/consulat-portugais.jpg 1200w, https:\/\/essencial-portugal.com\/de\/wp-content\/uploads\/2018\/03\/consulat-portugais-300x212.jpg 300w, https:\/\/essencial-portugal.com\/de\/wp-content\/uploads\/2018\/03\/consulat-portugais-768x541.jpg 768w, https:\/\/essencial-portugal.com\/de\/wp-content\/uploads\/2018\/03\/consulat-portugais-1024x722.jpg 1024w\" sizes=\"(max-width: 709px) 100vw, 709px\" \/><\/p>\n<h2>Welche Dokumente sollten in Portugal legalisiert werden?<\/h2>\n<p>Viele Dokumente k\u00f6nnen in Portugal beglaubigt und legalisiert werden, hier ein paar Beispiele<\/p>\n<ul>\n<li>Gerichtliche Akte: Urteilsurkunde .<\/li>\n<li>Kaufvertrag f\u00fcr Immobilien<\/li>\n<li>Notarielle Urkunden: Vollmacht zur Annahme einer Schenkung, zur Aufnahme eines Kredits, zum Kauf, zur Einziehung einer Erbschaft&#8230;<\/li>\n<li>Heiratsvertrag<\/li>\n<li>Verwaltungsakte: Diplome, Staatsangeh\u00f6rigkeitsbescheinigung&#8230;<\/li>\n<li>Private Urkunden: Ehrenurkunde, Kauf-\/Mietvertrag, Schuldanerkenntnis, Lieferantenbescheinigung&#8230;<\/li>\n<\/ul>\n","protected":false},"excerpt":{"rendered":"<p>Wenn Sie Ihr neues Leben in Portugal beginnen, sei es in Lissabon oder anderswo, kann es manchmal notwendig sein, Ihre amtlichen Dokumente beglaubigen zu lassen, damit sie in dem Gebiet g\u00fcltig und anerkannt sind. Dies kann dann einige Ihrer Verwaltungsverfahren erleichtern und sicherstellen, dass Sie in den kommenden Jahren nicht auf Probleme sto\u00dfen. Warum sollten [&hellip;]<\/p>\n","protected":false},"author":1,"featured_media":15,"parent":101,"menu_order":0,"comment_status":"closed","ping_status":"closed","template":"","meta":{"om_disable_all_campaigns":false,"_monsterinsights_skip_tracking":false,"_monsterinsights_sitenote_active":false,"_monsterinsights_sitenote_note":"","_monsterinsights_sitenote_category":0,"_uf_show_specific_survey":0,"_uf_disable_surveys":false,"site-sidebar-layout":"default","site-content-layout":"default","ast-site-content-layout":"default","site-content-style":"default","site-sidebar-style":"default","ast-global-header-display":"","ast-banner-title-visibility":"","ast-main-header-display":"","ast-hfb-above-header-display":"","ast-hfb-below-header-display":"","ast-hfb-mobile-header-display":"","site-post-title":"","ast-breadcrumbs-content":"","ast-featured-img":"","footer-sml-layout":"","ast-disable-related-posts":"","theme-transparent-header-meta":"default","adv-header-id-meta":"","stick-header-meta":"","header-above-stick-meta":"","header-main-stick-meta":"","header-below-stick-meta":"","astra-migrate-meta-layouts":"default","ast-page-background-enabled":"default","ast-page-background-meta":{"desktop":{"background-color":"","background-image":"","background-repeat":"repeat","background-position":"center center","background-size":"auto","background-attachment":"scroll","background-type":"","background-media":"","overlay-type":"","overlay-color":"","overlay-opacity":"","overlay-gradient":""},"tablet":{"background-color":"","background-image":"","background-repeat":"repeat","background-position":"center center","background-size":"auto","background-attachment":"scroll","background-type":"","background-media":"","overlay-type":"","overlay-color":"","overlay-opacity":"","overlay-gradient":""},"mobile":{"background-color":"","background-image":"","background-repeat":"repeat","background-position":"center center","background-size":"auto","background-attachment":"scroll","background-type":"","background-media":"","overlay-type":"","overlay-color":"","overlay-opacity":"","overlay-gradient":""}},"ast-content-background-meta":{"desktop":{"background-color":"var(--ast-global-color-5)","background-image":"","background-repeat":"repeat","background-position":"center center","background-size":"auto","background-attachment":"scroll","background-type":"","background-media":"","overlay-type":"","overlay-color":"","overlay-opacity":"","overlay-gradient":""},"tablet":{"background-color":"var(--ast-global-color-5)","background-image":"","background-repeat":"repeat","background-position":"center center","background-size":"auto","background-attachment":"scroll","background-type":"","background-media":"","overlay-type":"","overlay-color":"","overlay-opacity":"","overlay-gradient":""},"mobile":{"background-color":"var(--ast-global-color-5)","background-image":"","background-repeat":"repeat","background-position":"center center","background-size":"auto","background-attachment":"scroll","background-type":"","background-media":"","overlay-type":"","overlay-color":"","overlay-opacity":"","overlay-gradient":""}},"footnotes":""},"class_list":["post-105","page","type-page","status-publish","has-post-thumbnail","hentry"],"aioseo_notices":[],"_links":{"self":[{"href":"https:\/\/essencial-portugal.com\/de\/wp-json\/wp\/v2\/pages\/105","targetHints":{"allow":["GET"]}}],"collection":[{"href":"https:\/\/essencial-portugal.com\/de\/wp-json\/wp\/v2\/pages"}],"about":[{"href":"https:\/\/essencial-portugal.com\/de\/wp-json\/wp\/v2\/types\/page"}],"author":[{"embeddable":true,"href":"https:\/\/essencial-portugal.com\/de\/wp-json\/wp\/v2\/users\/1"}],"replies":[{"embeddable":true,"href":"https:\/\/essencial-portugal.com\/de\/wp-json\/wp\/v2\/comments?post=105"}],"version-history":[{"count":0,"href":"https:\/\/essencial-portugal.com\/de\/wp-json\/wp\/v2\/pages\/105\/revisions"}],"up":[{"embeddable":true,"href":"https:\/\/essencial-portugal.com\/de\/wp-json\/wp\/v2\/pages\/101"}],"wp:featuredmedia":[{"embeddable":true,"href":"https:\/\/essencial-portugal.com\/de\/wp-json\/wp\/v2\/media\/15"}],"wp:attachment":[{"href":"https:\/\/essencial-portugal.com\/de\/wp-json\/wp\/v2\/media?parent=105"}],"curies":[{"name":"wp","href":"https:\/\/api.w.org\/{rel}","templated":true}]}}