{"id":109,"date":"2018-03-23T16:58:55","date_gmt":"2018-03-23T16:58:55","guid":{"rendered":"https:\/\/essencial-portugal.com\/fr\/?page_id=109"},"modified":"2023-01-06T06:49:42","modified_gmt":"2023-01-06T06:49:42","slug":"portugiesische-einkommensteuererklarung","status":"publish","type":"page","link":"https:\/\/essencial-portugal.com\/de\/infos-zum-leben-in-lissabon\/portugiesische-einkommensteuererklarung\/","title":{"rendered":"Portugiesische Einkommensteuererkl\u00e4rung"},"content":{"rendered":"<p><img fetchpriority=\"high\" decoding=\"async\" class=\"aligncenter wp-image-24 size-full\" src=\"https:\/\/essencial-portugal.com\/de\/wp-content\/uploads\/2018\/03\/declaration-revenus-portugal-irs.jpg\" alt=\"IRS Declaration\" width=\"1024\" height=\"577\" srcset=\"https:\/\/essencial-portugal.com\/de\/wp-content\/uploads\/2018\/03\/declaration-revenus-portugal-irs.jpg 1024w, https:\/\/essencial-portugal.com\/de\/wp-content\/uploads\/2018\/03\/declaration-revenus-portugal-irs-300x169.jpg 300w, https:\/\/essencial-portugal.com\/de\/wp-content\/uploads\/2018\/03\/declaration-revenus-portugal-irs-768x433.jpg 768w\" sizes=\"(max-width: 1024px) 100vw, 1024px\" \/><\/p>\n<p>Wie in vielen europ\u00e4ischen L\u00e4ndern m\u00fcssen Sie auch in Portugal einmal im Jahr eine Einkommenserkl\u00e4rung abgeben. Diese IRS-Erkl\u00e4rung kann online abgegeben werden. Wenn Sie Ihren Hauptwohnsitz in Portugal haben und im Ruhestand sind, sollten Sie nicht z\u00f6gern, den Status eines portugiesischen Nicht-Habituellen Residenten zu beantragen. Ein vorteilhafter Status, der Ihnen eine Steuerbefreiung f\u00fcr einen nicht verl\u00e4ngerbaren Zeitraum von 10 Jahren gew\u00e4hrt.<\/p>\n<p>Wenn Sie hingegen in Portugal angestellt oder selbst\u00e4ndig sind, m\u00fcssen Sie Ihre Steuererkl\u00e4rung abgeben. Dies kann beim ersten Mal und in den folgenden F\u00e4llen kompliziert sein. Wir k\u00f6nnen Ihnen bei diesem Verwaltungsvorgang helfen.<\/p>\n<p>Die Erkl\u00e4rung Ihres Finanzamtes k\u00f6nnen Sie direkt online auf dem Portal das Financas abgeben. Ein Zugang zu Ihrem portugiesischen Finanzverwaltungsraum erm\u00f6glicht es Ihnen, Ihre Steuererkl\u00e4rung auszuf\u00fcllen, aber auch Informationen \u00fcber Ihre Einnahmen und Ausgaben zu erhalten.<br \/>\nWenn Sie Eink\u00e4ufe t\u00e4tigen, werden Sie nach Ihrer Steuernummer gefragt, die es Ihnen erm\u00f6glicht, Ihre Ausgaben zu erfassen und sie in diesem Finan\u00e7as-Bereich zu kategorisieren. Es ist wichtig, dass Sie bei Ihren Eink\u00e4ufen Ihre Steuernummer angeben, denn so k\u00f6nnen Sie auch an der Jahreslotterie teilnehmen (jeder Einkauf im Laufe des Jahres ist ein Lotterielos) oder automatisch Steuererm\u00e4\u00dfigungen f\u00fcr Immobilien oder Gesundheitsausgaben erhalten.<\/p>\n<p>Die Einkommenssteuer in Portugal ist progressiv und ihr Betrag steigt mit Ihrem Einkommen.<\/p>\n<p><img decoding=\"async\" class=\"aligncenter wp-image-50 size-full\" src=\"https:\/\/essencial-portugal.com\/de\/wp-content\/uploads\/2018\/03\/portal-financas-portugal.png\" alt=\"Portal financas \" width=\"1024\" height=\"566\" srcset=\"https:\/\/essencial-portugal.com\/de\/wp-content\/uploads\/2018\/03\/portal-financas-portugal.png 1024w, https:\/\/essencial-portugal.com\/de\/wp-content\/uploads\/2018\/03\/portal-financas-portugal-300x166.png 300w, https:\/\/essencial-portugal.com\/de\/wp-content\/uploads\/2018\/03\/portal-financas-portugal-768x425.png 768w\" sizes=\"(max-width: 1024px) 100vw, 1024px\" \/><\/p>\n<h2>Einkommensteuers\u00e4tze in Portugal<\/h2>\n<p>Nachfolgend finden Sie den Steuertarif f\u00fcr Ihr Einkommen in Portugal, der nicht gilt, wenn Sie den Status eines Nicht-Residenten erhalten:<\/p>\n<ul>\n<li>Weniger als 7035 Euro: 14,5 %.<\/li>\n<li>Zwischen 7035 und 20.100 Euro: 28,5 %.<\/li>\n<li>Zwischen 20.100 und 40.200 Euro: 37 %.<\/li>\n<li>Zwischen 40.200 und 80.000 Euro: 45 %.<\/li>\n<li>\u00dcber 80 000 Euro: 48 %.<\/li>\n<\/ul>\n<p>Dabei ist zu bedenken, dass die Steuern in anderen europ\u00e4ischen L\u00e4ndern niedriger sind als in Portugal, aber auch, dass die Lebenshaltungskosten dort h\u00f6her sind und der Lebensstandard beispielsweise bei einem Jahresgehalt von 21.000 \u20ac h\u00f6her ist. Die Besteuerung in Portugal kann auch g\u00fcnstiger werden, wenn man den Status eines nicht in Portugal ans\u00e4ssigen B\u00fcrgers erh\u00e4lt.<\/p>\n<div id=\"gtx-trans\" style=\"position: absolute; left: 304px; top: 1834.81px;\">\n<div class=\"gtx-trans-icon\"><\/div>\n<\/div>\n","protected":false},"excerpt":{"rendered":"<p>Wie in vielen europ\u00e4ischen L\u00e4ndern m\u00fcssen Sie auch in Portugal einmal im Jahr eine Einkommenserkl\u00e4rung abgeben. Diese IRS-Erkl\u00e4rung kann online abgegeben werden. Wenn Sie Ihren Hauptwohnsitz in Portugal haben und im Ruhestand sind, sollten Sie nicht z\u00f6gern, den Status eines portugiesischen Nicht-Habituellen Residenten zu beantragen. Ein vorteilhafter Status, der Ihnen eine Steuerbefreiung f\u00fcr einen nicht [&hellip;]<\/p>\n","protected":false},"author":1,"featured_media":0,"parent":101,"menu_order":0,"comment_status":"closed","ping_status":"closed","template":"","meta":{"om_disable_all_campaigns":false,"_monsterinsights_skip_tracking":false,"_monsterinsights_sitenote_active":false,"_monsterinsights_sitenote_note":"","_monsterinsights_sitenote_category":0,"_uf_show_specific_survey":0,"_uf_disable_surveys":false,"site-sidebar-layout":"default","site-content-layout":"default","ast-site-content-layout":"default","site-content-style":"default","site-sidebar-style":"default","ast-global-header-display":"","ast-banner-title-visibility":"","ast-main-header-display":"","ast-hfb-above-header-display":"","ast-hfb-below-header-display":"","ast-hfb-mobile-header-display":"","site-post-title":"","ast-breadcrumbs-content":"","ast-featured-img":"","footer-sml-layout":"","ast-disable-related-posts":"","theme-transparent-header-meta":"default","adv-header-id-meta":"","stick-header-meta":"","header-above-stick-meta":"","header-main-stick-meta":"","header-below-stick-meta":"","astra-migrate-meta-layouts":"default","ast-page-background-enabled":"default","ast-page-background-meta":{"desktop":{"background-color":"","background-image":"","background-repeat":"repeat","background-position":"center center","background-size":"auto","background-attachment":"scroll","background-type":"","background-media":"","overlay-type":"","overlay-color":"","overlay-opacity":"","overlay-gradient":""},"tablet":{"background-color":"","background-image":"","background-repeat":"repeat","background-position":"center center","background-size":"auto","background-attachment":"scroll","background-type":"","background-media":"","overlay-type":"","overlay-color":"","overlay-opacity":"","overlay-gradient":""},"mobile":{"background-color":"","background-image":"","background-repeat":"repeat","background-position":"center center","background-size":"auto","background-attachment":"scroll","background-type":"","background-media":"","overlay-type":"","overlay-color":"","overlay-opacity":"","overlay-gradient":""}},"ast-content-background-meta":{"desktop":{"background-color":"var(--ast-global-color-5)","background-image":"","background-repeat":"repeat","background-position":"center center","background-size":"auto","background-attachment":"scroll","background-type":"","background-media":"","overlay-type":"","overlay-color":"","overlay-opacity":"","overlay-gradient":""},"tablet":{"background-color":"var(--ast-global-color-5)","background-image":"","background-repeat":"repeat","background-position":"center center","background-size":"auto","background-attachment":"scroll","background-type":"","background-media":"","overlay-type":"","overlay-color":"","overlay-opacity":"","overlay-gradient":""},"mobile":{"background-color":"var(--ast-global-color-5)","background-image":"","background-repeat":"repeat","background-position":"center center","background-size":"auto","background-attachment":"scroll","background-type":"","background-media":"","overlay-type":"","overlay-color":"","overlay-opacity":"","overlay-gradient":""}},"footnotes":""},"class_list":["post-109","page","type-page","status-publish","hentry"],"aioseo_notices":[],"_links":{"self":[{"href":"https:\/\/essencial-portugal.com\/de\/wp-json\/wp\/v2\/pages\/109","targetHints":{"allow":["GET"]}}],"collection":[{"href":"https:\/\/essencial-portugal.com\/de\/wp-json\/wp\/v2\/pages"}],"about":[{"href":"https:\/\/essencial-portugal.com\/de\/wp-json\/wp\/v2\/types\/page"}],"author":[{"embeddable":true,"href":"https:\/\/essencial-portugal.com\/de\/wp-json\/wp\/v2\/users\/1"}],"replies":[{"embeddable":true,"href":"https:\/\/essencial-portugal.com\/de\/wp-json\/wp\/v2\/comments?post=109"}],"version-history":[{"count":0,"href":"https:\/\/essencial-portugal.com\/de\/wp-json\/wp\/v2\/pages\/109\/revisions"}],"up":[{"embeddable":true,"href":"https:\/\/essencial-portugal.com\/de\/wp-json\/wp\/v2\/pages\/101"}],"wp:attachment":[{"href":"https:\/\/essencial-portugal.com\/de\/wp-json\/wp\/v2\/media?parent=109"}],"curies":[{"name":"wp","href":"https:\/\/api.w.org\/{rel}","templated":true}]}}