{"id":1473,"date":"2019-03-26T10:23:42","date_gmt":"2019-03-26T10:23:42","guid":{"rendered":"https:\/\/essencial-portugal.com\/fr\/?page_id=1473"},"modified":"2022-11-07T07:25:45","modified_gmt":"2022-11-07T07:25:45","slug":"rechtlicher-hinweis","status":"publish","type":"page","link":"https:\/\/essencial-portugal.com\/de\/rechtlicher-hinweis\/","title":{"rendered":"Rechtlicher Hinweis"},"content":{"rendered":"\r\n<p>Die vorliegenden allgemeinen Gesch\u00e4ftsbedingungen legen die Bedingungen f\u00fcr die Nutzung des Webdienstes https:\/\/essencial-portugal.com\/ fest.<\/p>\r\n<p>Der Nutzer best\u00e4tigt, dass er dieses Dokument gelesen und alle Informationen akzeptiert hat, unabh\u00e4ngig davon, ob die Nutzung zu pers\u00f6nlichen oder beruflichen Zwecken erfolgt. Wenn diese Nutzung beruflich erfolgt, garantiert der Nutzer, dass er \u00fcber die notwendigen Befugnisse verf\u00fcgt, um diese allgemeinen Bedingungen innerhalb seiner Organisation zu akzeptieren.<\/p>\r\n\r\n\r\n\r\n<p>Website-Editor<\/p>\r\n<p>Diese Seite wird von Victor P. bearbeitet.<br \/>Assoziiertes Unternehmen: BESEEO, Unipessoal Lda.<br \/>Steuernummer: 514 172 061<\/p>\r\n\r\n\r\n\r\n<p><strong>Hosting<\/strong><br \/>Diese Website wird von der Firma Iveille (IPfixe) gehostet.<\/p>\r\n<p><strong>Verantwortung<\/strong><\/p>\r\n<p>Der Herausgeber der Website stellt eine breite Palette von Informationen kostenlos zur Verf\u00fcgung. Er achtet st\u00e4ndig darauf, die Qualit\u00e4t dieser Inhalte zu gew\u00e4hrleisten. Es obliegt jedoch dem Nutzer, die Relevanz dieser Informationen f\u00fcr seine Situation sicherzustellen. Der Nutzer verpflichtet sich daher, diese Informationen auf eigene Verantwortung zu nutzen und entbindet den Herausgeber von jeglicher Haftung in dieser Hinsicht.<\/p>\r\n<p>Essencial Portugal ist eine Website, die ihre Besucher mit Fachleuten in Kontakt bringt, die f\u00fcr die Erbringung der aufgef\u00fchrten Dienstleistungen zugelassen sind. Diese Dienstleistungen k\u00f6nnen nur von in Portugal zugelassenen Fachleuten erbracht, angeboten und in Rechnung gestellt werden: Buchhalter, Rechtsanw\u00e4lte, Immobilienmakler, Architekten, Makler, Versicherungsmakler&#8230;<\/p>\r\n<p><strong>Rechte an geistigem Eigentum<\/strong><\/p>\r\n<p>Die allgemeine Struktur sowie die Texte, Bilder und Videos, das Know-how und alle anderen Elemente, aus denen sich die Website zusammensetzt, sind ausschlie\u00dfliches Eigentum des Herausgebers der Website, sofern nicht anders angegeben.<\/p>\r\n<p>Jede vollst\u00e4ndige oder teilweise Darstellung dieser Website durch eine beliebige Person ohne ausdr\u00fcckliche Genehmigung des Herausgebers ist verboten und stellt eine Verletzung dar, die gem\u00e4\u00df Artikel L. 335-2 ff. des Gesetzes \u00fcber geistiges Eigentum geahndet wird. Gem\u00e4\u00df Artikel L. 122-5 des Gesetzes \u00fcber geistiges Eigentum sind kurze Zitate des Inhalts erlaubt, sofern der Name des Autors und die Quelle deutlich angegeben werden, und zwar durch einen Link zu einer der Seiten dieser Website.<\/p>\r\n<p><strong>Verantwortung f\u00fcr die Nutzung des Dienstes<\/strong><\/p>\r\n<p>Der Nutzer verpflichtet sich, den Betrieb der auf https:\/\/essencial-portugal.com\/ angebotenen Dienstleistung in keiner Weise zu st\u00f6ren.<br \/>Insbesondere verpflichtet sich der Nutzer, keine unerlaubten, verleumderischen oder beleidigenden Nachrichten auf der gesamten oder einem Teil der Website zu ver\u00f6ffentlichen.<\/p>\r\n<p>Die von den Internetnutzern ver\u00f6ffentlichten Kommentare geben ausschlie\u00dflich die Meinung ihrer Verfasser wieder und unterliegen deren Verantwortung. Mit dem Verfassen von Kommentaren auf der Website verpflichtet sich der Internetnutzer, die franz\u00f6sischen und internationalen Gesetze einzuhalten.<\/p>\r\n<p>Die Administratoren der Website behalten sich das Recht vor, Kommentare, die ihrer Meinung nach gegen diese Gesetze versto\u00dfen, zu moderieren, zu \u00e4ndern oder zu l\u00f6schen.<\/p>\r\n<p><strong>Cookies<\/strong><br \/>Der Nutzer wird dar\u00fcber informiert, dass Cookies in seinem Browser installiert werden k\u00f6nnen. In jedem Fall kann der Nutzer seine Cookies frei aus seinem Browser l\u00f6schen.<\/p>\r\n<p><strong>Zugeh\u00f6rigkeit\/Partnerschaft<br \/><\/strong>Mein Hauptziel ist es, Ihnen mit dieser Website m\u00f6glichst viele Informationen kostenlos zur Verf\u00fcgung zu stellen. Um dies zu erreichen, unterhalte ich Partnerschaften mit bestimmten Anbietern von Waren und Dienstleistungen, die ich auf der Website erw\u00e4hne. Ich kann daher eine Verg\u00fctung erhalten, wenn Sie eine Ware oder Dienstleistung von diesen Anbietern kaufen, ohne dass sich der Endpreis, den Sie zahlen, erh\u00f6ht. Diese Provisionen erm\u00f6glichen es mir, Ihnen mehr und mehr Inhalte kostenlos anzubieten. Bitte beachten Sie, dass ich aus intellektueller und beruflicher Integrit\u00e4t niemals eine Dienstleistung empfehlen werde, die ich nicht f\u00fcr qualitativ hochwertig halte.<\/p>\r\n<p><strong>Datenschutz<\/strong><\/p>\r\n<p>Durch das Ausf\u00fcllen der Kontaktformulare auf der Website www.essencial-portugal.com gibt der Nutzer der Eigent\u00fcmergesellschaft BESEEO, UNIPESSOAL LDA, die Erlaubnis, seine Kontaktdaten an einen Partner zu \u00fcbermitteln, der seine Anfrage beantworten kann, um kontaktiert und bei seiner Anfrage begleitet zu werden.\u00a0<\/p>\r\n<p>Auf der Website www.essencial-portugal.com sammelt der Eigent\u00fcmer der Website nur pers\u00f6nliche Daten, die vom Benutzer f\u00fcr die Erbringung der angeforderten und von ausgew\u00e4hlten Partnern angebotenen Dienstleistungen \u00fcbermittelt werden. Der Nutzer stellt diese Informationen in voller Kenntnis der Sachlage zur Verf\u00fcgung, insbesondere dann, wenn er sie selbst eingibt, um von einem Dienstleister, der seinen Bed\u00fcrfnissen entspricht, erneut kontaktiert zu werden. Es wird dann dem Nutzer der Website www.essencial-portugal.com die Pflicht auferlegt, diese Informationen zur Verf\u00fcgung zu stellen oder nicht.<\/p>\r\n<p>Keine pers\u00f6nlichen Informationen des Nutzers der Website www.essencial-portugal.com werden ohne sein Wissen ver\u00f6ffentlicht, ausgetauscht, \u00fcbertragen, abgetreten oder auf irgendeinem Medium an Dritte verkauft.<\/p>\r\n<p>BESEEO, UNIPESSOAL LDA verf\u00fcgt nicht \u00fcber eine Datenbank, in der die pers\u00f6nlichen Daten der Nutzer gesammelt und gespeichert werden. Lediglich eine Kopie der \u00fcber die Kontaktformulare \u00fcbermittelten Anfrage kann aufbewahrt werden.<\/p>\r\n<p>Gem\u00e4\u00df den Bestimmungen der Artikel 38 und folgende des Gesetzes 78-17 vom 6. Januar 1978 \u00fcber Informatik, Dateien und Freiheiten haben alle Benutzer das Recht auf Zugang, Berichtigung, L\u00f6schung und Widerspruch zu den sie betreffenden personenbezogenen Daten. Um dieses Recht auszu\u00fcben, senden Sie Ihre Anfrage per E-Mail an [contact at essencial-portugal.com], zusammen mit einer Kopie des Ausweises mit der Unterschrift des Inhabers des Dokuments. Die Kopie Ihrer Kontakt-E-Mail wird sofort gel\u00f6scht.<\/p>\r\n<p><strong>Eigentum<\/strong><br \/>Diese Website ist das ausschlie\u00dfliche Eigentum von Victor P. und der Firma BESEEO, UNIPESSOAL LDA. Jegliche Vervielf\u00e4ltigung oder \u00dcbersetzung ohne seine Genehmigung zum Zwecke der Online-Ver\u00f6ffentlichung oder der Weitergabe an Dritte ist strengstens untersagt.<\/p>\r\n","protected":false},"excerpt":{"rendered":"<p>Die vorliegenden allgemeinen Gesch\u00e4ftsbedingungen legen die Bedingungen f\u00fcr die Nutzung des Webdienstes https:\/\/essencial-portugal.com\/ fest. Der Nutzer best\u00e4tigt, dass er dieses Dokument gelesen und alle Informationen akzeptiert hat, unabh\u00e4ngig davon, ob die Nutzung zu pers\u00f6nlichen oder beruflichen Zwecken erfolgt. Wenn diese Nutzung beruflich erfolgt, garantiert der Nutzer, dass er \u00fcber die notwendigen Befugnisse verf\u00fcgt, um diese [&hellip;]<\/p>\n","protected":false},"author":1,"featured_media":0,"parent":0,"menu_order":0,"comment_status":"closed","ping_status":"closed","template":"","meta":{"om_disable_all_campaigns":false,"_monsterinsights_skip_tracking":false,"_monsterinsights_sitenote_active":false,"_monsterinsights_sitenote_note":"","_monsterinsights_sitenote_category":0,"_uf_show_specific_survey":0,"_uf_disable_surveys":false,"site-sidebar-layout":"default","site-content-layout":"default","ast-site-content-layout":"default","site-content-style":"default","site-sidebar-style":"default","ast-global-header-display":"","ast-banner-title-visibility":"","ast-main-header-display":"","ast-hfb-above-header-display":"","ast-hfb-below-header-display":"","ast-hfb-mobile-header-display":"","site-post-title":"","ast-breadcrumbs-content":"","ast-featured-img":"","footer-sml-layout":"","ast-disable-related-posts":"","theme-transparent-header-meta":"default","adv-header-id-meta":"","stick-header-meta":"","header-above-stick-meta":"","header-main-stick-meta":"","header-below-stick-meta":"","astra-migrate-meta-layouts":"default","ast-page-background-enabled":"default","ast-page-background-meta":{"desktop":{"background-color":"","background-image":"","background-repeat":"repeat","background-position":"center center","background-size":"auto","background-attachment":"scroll","background-type":"","background-media":"","overlay-type":"","overlay-color":"","overlay-opacity":"","overlay-gradient":""},"tablet":{"background-color":"","background-image":"","background-repeat":"repeat","background-position":"center center","background-size":"auto","background-attachment":"scroll","background-type":"","background-media":"","overlay-type":"","overlay-color":"","overlay-opacity":"","overlay-gradient":""},"mobile":{"background-color":"","background-image":"","background-repeat":"repeat","background-position":"center center","background-size":"auto","background-attachment":"scroll","background-type":"","background-media":"","overlay-type":"","overlay-color":"","overlay-opacity":"","overlay-gradient":""}},"ast-content-background-meta":{"desktop":{"background-color":"var(--ast-global-color-5)","background-image":"","background-repeat":"repeat","background-position":"center center","background-size":"auto","background-attachment":"scroll","background-type":"","background-media":"","overlay-type":"","overlay-color":"","overlay-opacity":"","overlay-gradient":""},"tablet":{"background-color":"var(--ast-global-color-5)","background-image":"","background-repeat":"repeat","background-position":"center center","background-size":"auto","background-attachment":"scroll","background-type":"","background-media":"","overlay-type":"","overlay-color":"","overlay-opacity":"","overlay-gradient":""},"mobile":{"background-color":"var(--ast-global-color-5)","background-image":"","background-repeat":"repeat","background-position":"center center","background-size":"auto","background-attachment":"scroll","background-type":"","background-media":"","overlay-type":"","overlay-color":"","overlay-opacity":"","overlay-gradient":""}},"footnotes":""},"class_list":["post-1473","page","type-page","status-publish","hentry"],"aioseo_notices":[],"_links":{"self":[{"href":"https:\/\/essencial-portugal.com\/de\/wp-json\/wp\/v2\/pages\/1473","targetHints":{"allow":["GET"]}}],"collection":[{"href":"https:\/\/essencial-portugal.com\/de\/wp-json\/wp\/v2\/pages"}],"about":[{"href":"https:\/\/essencial-portugal.com\/de\/wp-json\/wp\/v2\/types\/page"}],"author":[{"embeddable":true,"href":"https:\/\/essencial-portugal.com\/de\/wp-json\/wp\/v2\/users\/1"}],"replies":[{"embeddable":true,"href":"https:\/\/essencial-portugal.com\/de\/wp-json\/wp\/v2\/comments?post=1473"}],"version-history":[{"count":0,"href":"https:\/\/essencial-portugal.com\/de\/wp-json\/wp\/v2\/pages\/1473\/revisions"}],"wp:attachment":[{"href":"https:\/\/essencial-portugal.com\/de\/wp-json\/wp\/v2\/media?parent=1473"}],"curies":[{"name":"wp","href":"https:\/\/api.w.org\/{rel}","templated":true}]}}