{"id":1515,"date":"2019-04-23T22:44:53","date_gmt":"2019-04-23T22:44:53","guid":{"rendered":"https:\/\/essencial-portugal.com\/fr\/?page_id=1515"},"modified":"2023-01-05T05:33:22","modified_gmt":"2023-01-05T05:33:22","slug":"lissabon-mit-bus-besuchen","status":"publish","type":"page","link":"https:\/\/essencial-portugal.com\/de\/lissabon-mit-bus-besuchen\/","title":{"rendered":"Lissabon mit dem Bus besuchen"},"content":{"rendered":"\r\n<div class=\"wp-block-image\">\r\n<figure class=\"aligncenter\"><img fetchpriority=\"high\" decoding=\"async\" class=\"alignnone wp-image-1519\" src=\"https:\/\/essencial-portugal.com\/de\/wp-content\/uploads\/2019\/04\/visite-bus-lisbonne-circuit.jpg\" alt=\"Visit Lisbon by bus\" width=\"797\" height=\"532\" srcset=\"https:\/\/essencial-portugal.com\/de\/wp-content\/uploads\/2019\/04\/visite-bus-lisbonne-circuit.jpg 797w, https:\/\/essencial-portugal.com\/de\/wp-content\/uploads\/2019\/04\/visite-bus-lisbonne-circuit-300x200.jpg 300w, https:\/\/essencial-portugal.com\/de\/wp-content\/uploads\/2019\/04\/visite-bus-lisbonne-circuit-768x513.jpg 768w\" sizes=\"(max-width: 797px) 100vw, 797px\" \/><\/figure>\r\n<\/div>\r\n\r\n\r\n\r\n<p>Lissabon mit dem Bus zu besuchen, ist wahrscheinlich eine der beliebtesten Aktivit\u00e4ten von Touristen in der Hauptstadt. Einige bevorzugen etwas Pers\u00f6nlicheres wie gef\u00fchrte Touren, aber f\u00fcr andere, die so viel wie m\u00f6glich sehen wollen, ohne m\u00fcde zu werden und ohne die Stadt zu kennen, ist die Bustour eine Option, die ich empfehle. Im Folgenden finden Sie eine Auswahl von Bustouren durch Lissabon von einer Website, die sich auf diesen Bereich spezialisiert hat und die das beste Feedback erhalten hat, eine ausgezeichnete M\u00f6glichkeit, eine gute Wahl zu treffen und keine Fehler zu machen.<\/p>\r\n<p><script async=\"\" defer=\"\" src=\"https:\/\/widget.getyourguide.com\/v2\/widget.js\"><\/script><\/p>\r\n<div data-gyg-partner-id=\"8JHIOAN\" data-gyg-number-of-items=\"8\" data-gyg-currency=\"EUR\" data-gyg-locale-code=\"de-DE\" data-gyg-cmp=\"BusTour\" data-gyg-placement=\"content-top\" data-gyg-id=\"code-example\" data-gyg-tour-ids=\"63326,63419,15122,130455,50079,69835,4273,14085\" data-gyg-widget=\"activites\" data-gyg-href=\"https:\/\/widget.getyourguide.com\/8JHIOAN\/activities.frame\">\u00a0<\/div>\r\n\r\n\r\n\r\n<h2 class=\"wp-block-heading\">Bustouren in Lissabon, eine gute Idee!<\/h2>\r\n\r\n\r\n\r\n<p>Ein Besuch in Lissabon mit dem Bus ist eine sehr gute Idee, da dies eine der besten M\u00f6glichkeiten ist, die Stadt und die wichtigsten Orte und Denkm\u00e4ler kennen zu lernen. Diese Sightseeing-Touren haben eine sehr gute Resonanz und sind aus mehreren Gr\u00fcnden sehr beliebt:<\/p>\r\n<ul>\r\n<li>Man l\u00e4uft nicht nur durch die Stadt<\/li>\r\n<li>Sie haben Zeit, die sch\u00f6nen Dinge Lissabons richtig zu sehen&#8230;<\/li>\r\n<li>Ihr F\u00fchrer gibt Ihnen Informationen \u00fcber die Geschichte des Ortes.<\/li>\r\n<li>Der Besuch ist motorisiert und daher weniger anstrengend (Lissabon besteht aus Auf- und Abstiegen)<\/li>\r\n<li>Diese Art der Besichtigung erfordert weniger Informationen und Vorbereitung: Lassen Sie sich einfach treiben.<\/li>\r\n<\/ul>\r\n<p>Unabh\u00e4ngig davon, aus welchem Grund Sie eine Bustour durch Lissabon buchen und f\u00fcr welche Variante Sie sich entscheiden, k\u00f6nnen Sie damit die gesamte Hauptstadt erkunden und die beliebtesten Ecken entdecken.<\/p>\r\n\r\n\r\n\r\n<div class=\"wp-block-image\">\r\n<figure class=\"aligncenter\"><img decoding=\"async\" class=\"alignnone wp-image-1521\" src=\"https:\/\/essencial-portugal.com\/de\/wp-content\/uploads\/2019\/04\/visite-lisbonne-bus.jpg\" alt=\"Book bus tour Lisbon\" width=\"798\" height=\"532\" srcset=\"https:\/\/essencial-portugal.com\/de\/wp-content\/uploads\/2019\/04\/visite-lisbonne-bus.jpg 798w, https:\/\/essencial-portugal.com\/de\/wp-content\/uploads\/2019\/04\/visite-lisbonne-bus-300x200.jpg 300w, https:\/\/essencial-portugal.com\/de\/wp-content\/uploads\/2019\/04\/visite-lisbonne-bus-768x512.jpg 768w\" sizes=\"(max-width: 798px) 100vw, 798px\" \/><\/figure>\r\n<\/div>\r\n\r\n\r\n\r\n<h2 class=\"wp-block-heading\">Preis der Bustour durch Lissabon<\/h2>\r\n\r\n\r\n\r\n<p>Die Preise f\u00fcr eine Busrundfahrt durch Lissabon sind sehr unterschiedlich, aber bei den von mir ausgew\u00e4hlten Touren liegen sie zwischen 25 \u20ac und 44 \u20ac. Der Preis \u00fcbersteigt selten 45 \u20ac und variiert je nach Dauer des Besuchs, den verschiedenen zu besuchenden Orten, den geplanten Haltestellen und anderen Faktoren. Viele Bustouren durch die portugiesische Hauptstadt bieten zus\u00e4tzliche Angebote, um den Besuch aufzupeppen:<\/p>\r\n<ul>\r\n<li>Mehrere Haltestellen<\/li>\r\n<li>Segway-Test<\/li>\r\n<li>Besuch im Zoo von Lissabon<\/li>\r\n<li>Halbt\u00e4giger Besuch<\/li>\r\n<li>Mix aus Bus und Boot oder Stra\u00dfenbahn oder Tuk Tuk in Lissabon<\/li>\r\n<li>Und so weiter&#8230;<\/li>\r\n<\/ul>\r\n\r\n\r\n\r\n<p>Each bus tour offers different things and I have tried to offer you at the top of the page the ones I find the most interesting. Even if I couldn&#8217;t do them all of course, the many positive comments tell me that I can propose them to you and that you can book them without any problem.<\/p>\r\n\r\n\r\n\r\n<h2 class=\"wp-block-heading\">Besichtigung von Lissabon mit dem Bus durch eine Lissabonnerin<\/h2>\r\n\r\n\r\n\r\n<p>Wenn Sie noch Zweifel haben, ob Sie Ihre Bustour in Lissabon buchen sollen, werden Ihnen die folgenden Abs\u00e4tze sicherlich helfen, sich ein Bild von der Atmosph\u00e4re zu machen, die dort herrschen kann. Dies ist das Feedback einer 26-j\u00e4hrigen Lissabonnerin, die Lissabon-Bustouren ausprobieren wollte, um zu sehen, ob sie noch etwas zu lernen hat. Die Antwort ist nat\u00fcrlich &#8220;nein&#8221;, was nicht der Fall ist, aber unterm Strich hat ihr die Atmosph\u00e4re und das Erlebnis sehr gut gefallen.<\/p>\r\n<p>&#8220;Das portugiesische Unternehmen verf\u00fcgt auch \u00fcber historische Stra\u00dfenbahnlinien, aber die Busse sind die emblematischsten Modelle. Die Lisbon Bus Tours arbeiten mit Ein- und Ausstiegssystemen, d. h. die Fahrg\u00e4ste k\u00f6nnen so oft ein- und aussteigen, wie sie wollen. Dies gilt 24 Stunden lang. In den Bussen haben alle Touristen Anspruch auf einen Audioguide in mehreren Sprachen.&#8221;<\/p>\r\n<p>&#8220;Ich habe mich f\u00fcr eine Tour entschieden, die vom Stadtzentrum zum Parque das Na\u00e7\u00f5es f\u00fchrt. Eine Stunde und 40 Minuten lang habe ich versucht, herauszufinden, ob ich noch etwas \u00fcber meine Stadt zu lernen habe. Wer wei\u00df, vielleicht sind die Touristen besser \u00fcber unsere Geschichte informiert als wir selbst. Okay, Spoiler-Alarm: Sie sind es nicht.&#8221;<\/p>\r\n<p>&#8220;Der Fahrer startete den Motor des Busses. Bei diesem Besuch hatte ich drei amerikanische Paare \u00fcber 65 Jahre vor mir und hinter mir ein Paar mit zwei Kindern. &#8220;<\/p>\r\n<p>&#8220;Das System ist sehr praktisch. Der Audioguide hat 12 verschiedene Sprachen, und der Ton wechselt zwischen portugiesischen Liedern (es gibt mehr als Fado) und Erkl\u00e4rungen zu den Orten, die wir sehen. Es ist einfach, praktisch und sehr n\u00fctzlich, um alle Menschen verschiedener Nationalit\u00e4ten zufrieden zu stellen, die Lissabon besuchen wollen.&#8221;<\/p>\r\n<p>&#8220;Ich begann meine Reise durch die Stadt. Das war mein Lieblingsteil: Es war unglaublich, die Stra\u00dfen, durch die ich jeden Tag ging, aus einer anderen Perspektive zu sehen &#8211; mit anderen Worten, ein wenig h\u00f6her -. Ich muss gestehen, dass ich den Witz mit den offenen Touristenbussen nie verstanden habe, die mir zugegebenerma\u00dfen immer ein bisschen albern vorkamen, aber die Aussicht ist wirklich privilegiert.&#8221;<\/p>\r\n<p>&#8220;Der Bus zur Besichtigung Lissabons hat viele Vorteile f\u00fcr Touristen: freier Zugang zu den Stra\u00dfenbahnen und \u00f6ffentlichen Verkehrsmitteln von Carris, zum Aerobus (Transport vom Flughafen Lissabon) und zum Santa Justa-Lift. Das Ticket bietet au\u00dferdem Erm\u00e4\u00dfigungen f\u00fcr Denkm\u00e4ler, Museen und Aktivit\u00e4ten in Lissabon. Dar\u00fcber hinaus ist das Hop-on-Hop-off-System \u00e4u\u00dferst n\u00fctzlich, ebenso wie die Vielzahl der verf\u00fcgbaren Sprachen. F\u00fcr diejenigen, die die unglaublichen Aussichten auf Lissabon sehen wollen, ist das Erlebnis perfekt.&#8221;<\/p>\r\n","protected":false},"excerpt":{"rendered":"<p>Lissabon mit dem Bus zu besuchen, ist wahrscheinlich eine der beliebtesten Aktivit\u00e4ten von Touristen in der Hauptstadt. Einige bevorzugen etwas Pers\u00f6nlicheres wie gef\u00fchrte Touren, aber f\u00fcr andere, die so viel wie m\u00f6glich sehen wollen, ohne m\u00fcde zu werden und ohne die Stadt zu kennen, ist die Bustour eine Option, die ich empfehle. Im Folgenden finden [&hellip;]<\/p>\n","protected":false},"author":1,"featured_media":0,"parent":0,"menu_order":0,"comment_status":"closed","ping_status":"closed","template":"","meta":{"om_disable_all_campaigns":false,"_monsterinsights_skip_tracking":false,"_monsterinsights_sitenote_active":false,"_monsterinsights_sitenote_note":"","_monsterinsights_sitenote_category":0,"_uf_show_specific_survey":0,"_uf_disable_surveys":false,"site-sidebar-layout":"default","site-content-layout":"default","ast-site-content-layout":"default","site-content-style":"default","site-sidebar-style":"default","ast-global-header-display":"","ast-banner-title-visibility":"","ast-main-header-display":"","ast-hfb-above-header-display":"","ast-hfb-below-header-display":"","ast-hfb-mobile-header-display":"","site-post-title":"","ast-breadcrumbs-content":"","ast-featured-img":"","footer-sml-layout":"","ast-disable-related-posts":"","theme-transparent-header-meta":"default","adv-header-id-meta":"","stick-header-meta":"","header-above-stick-meta":"","header-main-stick-meta":"","header-below-stick-meta":"","astra-migrate-meta-layouts":"default","ast-page-background-enabled":"default","ast-page-background-meta":{"desktop":{"background-color":"","background-image":"","background-repeat":"repeat","background-position":"center center","background-size":"auto","background-attachment":"scroll","background-type":"","background-media":"","overlay-type":"","overlay-color":"","overlay-opacity":"","overlay-gradient":""},"tablet":{"background-color":"","background-image":"","background-repeat":"repeat","background-position":"center center","background-size":"auto","background-attachment":"scroll","background-type":"","background-media":"","overlay-type":"","overlay-color":"","overlay-opacity":"","overlay-gradient":""},"mobile":{"background-color":"","background-image":"","background-repeat":"repeat","background-position":"center center","background-size":"auto","background-attachment":"scroll","background-type":"","background-media":"","overlay-type":"","overlay-color":"","overlay-opacity":"","overlay-gradient":""}},"ast-content-background-meta":{"desktop":{"background-color":"var(--ast-global-color-5)","background-image":"","background-repeat":"repeat","background-position":"center center","background-size":"auto","background-attachment":"scroll","background-type":"","background-media":"","overlay-type":"","overlay-color":"","overlay-opacity":"","overlay-gradient":""},"tablet":{"background-color":"var(--ast-global-color-5)","background-image":"","background-repeat":"repeat","background-position":"center center","background-size":"auto","background-attachment":"scroll","background-type":"","background-media":"","overlay-type":"","overlay-color":"","overlay-opacity":"","overlay-gradient":""},"mobile":{"background-color":"var(--ast-global-color-5)","background-image":"","background-repeat":"repeat","background-position":"center center","background-size":"auto","background-attachment":"scroll","background-type":"","background-media":"","overlay-type":"","overlay-color":"","overlay-opacity":"","overlay-gradient":""}},"footnotes":""},"class_list":["post-1515","page","type-page","status-publish","hentry"],"aioseo_notices":[],"_links":{"self":[{"href":"https:\/\/essencial-portugal.com\/de\/wp-json\/wp\/v2\/pages\/1515","targetHints":{"allow":["GET"]}}],"collection":[{"href":"https:\/\/essencial-portugal.com\/de\/wp-json\/wp\/v2\/pages"}],"about":[{"href":"https:\/\/essencial-portugal.com\/de\/wp-json\/wp\/v2\/types\/page"}],"author":[{"embeddable":true,"href":"https:\/\/essencial-portugal.com\/de\/wp-json\/wp\/v2\/users\/1"}],"replies":[{"embeddable":true,"href":"https:\/\/essencial-portugal.com\/de\/wp-json\/wp\/v2\/comments?post=1515"}],"version-history":[{"count":0,"href":"https:\/\/essencial-portugal.com\/de\/wp-json\/wp\/v2\/pages\/1515\/revisions"}],"wp:attachment":[{"href":"https:\/\/essencial-portugal.com\/de\/wp-json\/wp\/v2\/media?parent=1515"}],"curies":[{"name":"wp","href":"https:\/\/api.w.org\/{rel}","templated":true}]}}