{"id":177,"date":"2018-03-23T18:32:55","date_gmt":"2018-03-23T18:32:55","guid":{"rendered":"https:\/\/essencial-portugal.com\/fr\/?page_id=177"},"modified":"2023-01-06T06:43:10","modified_gmt":"2023-01-06T06:43:10","slug":"wer-bin-ich","status":"publish","type":"page","link":"https:\/\/essencial-portugal.com\/de\/wer-bin-ich\/","title":{"rendered":"Wer bin ich?"},"content":{"rendered":"<p>Essencial Portugal ist vor allem meine Geschichte: Victor aus Lyon, der 2015 \u00fcber Nacht beschloss, alles zu verkaufen, in sein Auto zu steigen und nach Portugal zu fahren. Vor der Abreise musste ich mich also \u00fcber alle Schritte informieren, die ich unternehmen musste, um in diesem neuen Land zu leben, und ich musste mich den ersten Problemen stellen:<\/p>\n<ul>\n<li>Die vielen widerspr\u00fcchlichen Informationen im Internet zu sichten<\/li>\n<li>Lokale Korrespondenten finden, die Franz\u00f6sisch\/Englisch sprechen, um uns aufzukl\u00e4ren.<\/li>\n<li>Den Immobilienmarkt verstehen, um einen Ort f\u00fcr die Installation zu finden<\/li>\n<li>Bestimmte Verfahren aus der Ferne in die Wege leiten, z. B. die Wahl der richtigen Krankenkasse oder die Anmeldung des Fahrzeugs.<\/li>\n<li>Ausarbeitung eines Angriffsplans f\u00fcr alle obligatorischen Verwaltungsverfahren<\/li>\n<li>Verstehen, wie das Gesundheitssystem f\u00fcr unseren Sohn funktioniert<\/li>\n<\/ul>\n<p>Ein schwieriger, aber notwendiger Schritt, der mich mangels Gespr\u00e4chspartnern und Informationen zu Fehlern verleitete, die ich im Laufe der Zeit korrigieren konnte: schlechte Wahl der Versicherung, unz\u00e4hlige Fahrten zu und von den Beh\u00f6rden, mangelnde Kenntnis der Reihenfolge der zu erledigenden Schritte, viel Geld, das bei saisonalen Vermietungen verloren ging, Probleme bei der Kommunikation oder beim Verstehen von Dokumenten in portugiesischer Sprache, Suche nach Unterst\u00fctzung bei der Gr\u00fcndung meines Unternehmens in Lissabon und so weiter.<\/p>\n<p>Da kam mir der Gedanke, dass ich viel Zeit, Geld und Energie h\u00e4tte sparen k\u00f6nnen, wenn ich die richtigen Kontakte und Informationen gehabt h\u00e4tte und wenn ich mich an Franz\u00f6sisch\/Englisch\/Portugiesisch sprechende Personen h\u00e4tte wenden k\u00f6nnen, die in der Lage gewesen w\u00e4ren, mich w\u00e4hrend des gesamten Prozesses der Gr\u00fcndung meines Unternehmens in Portugal zu begleiten. So beschloss ich, Essencial Portugal (Essential Portugal) zu gr\u00fcnden, basierend auf meinen administrativen Kenntnissen und den Problemen, die ich selbst hatte. Ich habe nur ein Ziel: die Einrichtung und die Schritte des t\u00e4glichen Lebens f\u00fcr alle franz\u00f6sisch\/englischsprachigen Menschen zu erleichtern, die ebenfalls das Abenteuer Portugal wagen m\u00f6chten.<\/p>\n<p>Sie werden auf dieser Website alle Informationen finden, die ich f\u00fcr wichtig halte, um Sie zu informieren und Ihre Auswanderung vorzubereiten.\u00a0Haben Sie eine Frage? Ein besonderes Anliegen? Eine Kl\u00e4rung? Kontaktieren Sie mich, ich werde versuchen, Sie zu informieren und Sie so gut wie m\u00f6glich an seri\u00f6se und vertrauensw\u00fcrdige Personen weiterzuleiten.<\/p>\n<p style=\"text-align: center;\"><a class=\"maxbutton-3 maxbutton maxbutton-form\" href=\"https:\/\/essencial-portugal.com\/de\/kontakt-essential-portugal\/\"><span class='mb-text'>KONTAKT<\/span><\/a><\/p>\n<div id=\"gtx-trans\" style=\"position: absolute; left: 503px; top: 672px;\">\n<div class=\"gtx-trans-icon\"><\/div>\n<\/div>\n","protected":false},"excerpt":{"rendered":"<p>Essencial Portugal ist vor allem meine Geschichte: Victor aus Lyon, der 2015 \u00fcber Nacht beschloss, alles zu verkaufen, in sein Auto zu steigen und nach Portugal zu fahren. Vor der Abreise musste ich mich also \u00fcber alle Schritte informieren, die ich unternehmen musste, um in diesem neuen Land zu leben, und ich musste mich den [&hellip;]<\/p>\n","protected":false},"author":1,"featured_media":0,"parent":0,"menu_order":0,"comment_status":"closed","ping_status":"closed","template":"","meta":{"om_disable_all_campaigns":false,"_monsterinsights_skip_tracking":false,"_monsterinsights_sitenote_active":false,"_monsterinsights_sitenote_note":"","_monsterinsights_sitenote_category":0,"_uf_show_specific_survey":0,"_uf_disable_surveys":false,"site-sidebar-layout":"default","site-content-layout":"default","ast-site-content-layout":"default","site-content-style":"default","site-sidebar-style":"default","ast-global-header-display":"","ast-banner-title-visibility":"","ast-main-header-display":"","ast-hfb-above-header-display":"","ast-hfb-below-header-display":"","ast-hfb-mobile-header-display":"","site-post-title":"","ast-breadcrumbs-content":"","ast-featured-img":"","footer-sml-layout":"","ast-disable-related-posts":"","theme-transparent-header-meta":"default","adv-header-id-meta":"","stick-header-meta":"","header-above-stick-meta":"","header-main-stick-meta":"","header-below-stick-meta":"","astra-migrate-meta-layouts":"default","ast-page-background-enabled":"default","ast-page-background-meta":{"desktop":{"background-color":"","background-image":"","background-repeat":"repeat","background-position":"center center","background-size":"auto","background-attachment":"scroll","background-type":"","background-media":"","overlay-type":"","overlay-color":"","overlay-opacity":"","overlay-gradient":""},"tablet":{"background-color":"","background-image":"","background-repeat":"repeat","background-position":"center center","background-size":"auto","background-attachment":"scroll","background-type":"","background-media":"","overlay-type":"","overlay-color":"","overlay-opacity":"","overlay-gradient":""},"mobile":{"background-color":"","background-image":"","background-repeat":"repeat","background-position":"center center","background-size":"auto","background-attachment":"scroll","background-type":"","background-media":"","overlay-type":"","overlay-color":"","overlay-opacity":"","overlay-gradient":""}},"ast-content-background-meta":{"desktop":{"background-color":"var(--ast-global-color-5)","background-image":"","background-repeat":"repeat","background-position":"center center","background-size":"auto","background-attachment":"scroll","background-type":"","background-media":"","overlay-type":"","overlay-color":"","overlay-opacity":"","overlay-gradient":""},"tablet":{"background-color":"var(--ast-global-color-5)","background-image":"","background-repeat":"repeat","background-position":"center center","background-size":"auto","background-attachment":"scroll","background-type":"","background-media":"","overlay-type":"","overlay-color":"","overlay-opacity":"","overlay-gradient":""},"mobile":{"background-color":"var(--ast-global-color-5)","background-image":"","background-repeat":"repeat","background-position":"center center","background-size":"auto","background-attachment":"scroll","background-type":"","background-media":"","overlay-type":"","overlay-color":"","overlay-opacity":"","overlay-gradient":""}},"footnotes":""},"class_list":["post-177","page","type-page","status-publish","hentry"],"aioseo_notices":[],"_links":{"self":[{"href":"https:\/\/essencial-portugal.com\/de\/wp-json\/wp\/v2\/pages\/177","targetHints":{"allow":["GET"]}}],"collection":[{"href":"https:\/\/essencial-portugal.com\/de\/wp-json\/wp\/v2\/pages"}],"about":[{"href":"https:\/\/essencial-portugal.com\/de\/wp-json\/wp\/v2\/types\/page"}],"author":[{"embeddable":true,"href":"https:\/\/essencial-portugal.com\/de\/wp-json\/wp\/v2\/users\/1"}],"replies":[{"embeddable":true,"href":"https:\/\/essencial-portugal.com\/de\/wp-json\/wp\/v2\/comments?post=177"}],"version-history":[{"count":0,"href":"https:\/\/essencial-portugal.com\/de\/wp-json\/wp\/v2\/pages\/177\/revisions"}],"wp:attachment":[{"href":"https:\/\/essencial-portugal.com\/de\/wp-json\/wp\/v2\/media?parent=177"}],"curies":[{"name":"wp","href":"https:\/\/api.w.org\/{rel}","templated":true}]}}