{"id":2958,"date":"2019-06-07T08:18:52","date_gmt":"2019-06-07T08:18:52","guid":{"rendered":"https:\/\/essencial-portugal.com\/fr\/?page_id=2958"},"modified":"2023-03-01T10:35:53","modified_gmt":"2023-03-01T10:35:53","slug":"englischsprachige-buchhalterin-lissabon-portugal","status":"publish","type":"page","link":"https:\/\/essencial-portugal.com\/de\/grundung-unternehmens-portugal\/englischsprachige-buchhalterin-lissabon-portugal\/","title":{"rendered":"Englischsprachige Buchhalterin in Lissabon, Portugal"},"content":{"rendered":"<p>Ein Unternehmen in Portugal zu gr\u00fcnden ist eine Sache, die Buchhaltung w\u00e4hrend des Jahres zu f\u00fchren eine andere. Unabh\u00e4ngig von der Gr\u00f6\u00dfe Ihres Unternehmens m\u00fcssen Sie im Laufe des Jahres Ihre Rechnungen verwalten, sich einen \u00dcberblick \u00fcber Ihre finanzielle Situation verschaffen, den verschiedenen in Portugal geltenden steuerlichen Verpflichtungen nachkommen, die obligatorischen Erkl\u00e4rungen abgeben, sich im Falle einer Steuerpr\u00fcfung von einem englischsprachigen Wirtschaftspr\u00fcfer begleiten lassen oder Finanzanalysen im Rahmen von Investitionen oder Finanzierungen durchf\u00fchren.<\/p>\n<p>&nbsp;<\/p>\n<p><img fetchpriority=\"high\" decoding=\"async\" class=\"aligncenter wp-image-2965 size-full\" src=\"https:\/\/essencial-portugal.com\/de\/wp-content\/uploads\/2019\/06\/expert-comptable-francophone-lisbonne-portugal.jpg\" alt=\"English-speaking Chartered Accountant Lisbon Portugal\" width=\"620\" height=\"312\" srcset=\"https:\/\/essencial-portugal.com\/de\/wp-content\/uploads\/2019\/06\/expert-comptable-francophone-lisbonne-portugal.jpg 620w, https:\/\/essencial-portugal.com\/de\/wp-content\/uploads\/2019\/06\/expert-comptable-francophone-lisbonne-portugal-300x151.jpg 300w\" sizes=\"(max-width: 620px) 100vw, 620px\" \/><\/p>\n<p>&nbsp;<\/p>\n<h2>Englischsprachige Wirtschaftspr\u00fcfungsgesellschaft in Lissabon<\/h2>\n<p>Wenn Sie von einer englischsprachigen Buchhaltungs- und Wirtschaftspr\u00fcfungsgesellschaft in Lissabon begleitet werden m\u00f6chten, k\u00f6nnen Sie den unten stehenden Kontaktknopf benutzen und das entsprechende Formular ausf\u00fcllen. Sie sind in der portugiesischen Hauptstadt ans\u00e4ssig, k\u00f6nnen aber die Buchhaltung Ihres Unternehmens problemlos aus der Ferne f\u00fchren. Diese Firma besteht aus mehreren englischsprachigen Buchhaltern und hat in den letzten 8 Jahren mehr als 200 Kunden begleitet, sei es bei der Verwaltung der Buchhaltung, der Gr\u00fcndung von Unternehmen in Portugal, dem Kauf von Unternehmen oder dem Outsourcing der gesamten Personalverwaltung.<\/p>\n<p>Sie k\u00f6nnen das untenstehende Formular ausf\u00fcllen, um so schnell wie m\u00f6glich kontaktiert zu werden, um Ihr Gesch\u00e4ftsprojekt in Portugal zu besprechen, begleitet zu werden und unter all ihren englischsprachigen Buchhaltungsdienstleistungen in Lissabon und Portugal zu konsultieren.<\/p>\n<p style=\"text-align: center;\"><div class=\"wpforms-container wpforms-container-full\" id=\"wpforms-5167\"><form id=\"wpforms-form-5167\" class=\"wpforms-validate wpforms-form\" data-formid=\"5167\" method=\"post\" enctype=\"multipart\/form-data\" action=\"\/de\/wp-json\/wp\/v2\/pages\/2958\" data-token=\"9d769e3717478935a4072f251d13af27\" data-token-time=\"1776643271\"><noscript class=\"wpforms-error-noscript\">Please enable JavaScript in your browser to complete this form.<\/noscript><div class=\"wpforms-field-container\"><div id=\"wpforms-5167-field_0-container\" class=\"wpforms-field wpforms-field-name\" data-field-id=\"0\"><label class=\"wpforms-field-label\" for=\"wpforms-5167-field_0\">Name <span class=\"wpforms-required-label\">*<\/span><\/label><div class=\"wpforms-field-row wpforms-field-medium\"><div class=\"wpforms-field-row-block wpforms-first wpforms-one-half\"><input type=\"text\" id=\"wpforms-5167-field_0\" class=\"wpforms-field-name-first wpforms-field-required\" name=\"wpforms[fields][0][first]\" required><label for=\"wpforms-5167-field_0\" class=\"wpforms-field-sublabel after wpforms-sublabel-hide\">First<\/label><\/div><div class=\"wpforms-field-row-block wpforms-one-half\"><input type=\"text\" id=\"wpforms-5167-field_0-last\" class=\"wpforms-field-name-last wpforms-field-required\" name=\"wpforms[fields][0][last]\" required><label for=\"wpforms-5167-field_0-last\" class=\"wpforms-field-sublabel after wpforms-sublabel-hide\">Last<\/label><\/div><\/div><\/div><div id=\"wpforms-5167-field_1-container\" class=\"wpforms-field wpforms-field-email\" data-field-id=\"1\"><label class=\"wpforms-field-label\" for=\"wpforms-5167-field_1\">E-mail <span class=\"wpforms-required-label\">*<\/span><\/label><input type=\"email\" id=\"wpforms-5167-field_1\" class=\"wpforms-field-medium wpforms-field-required\" name=\"wpforms[fields][1]\" spellcheck=\"false\" required><\/div><div id=\"wpforms-5167-field_4-container\" class=\"wpforms-field wpforms-field-text\" data-field-id=\"4\"><label class=\"wpforms-field-label\" for=\"wpforms-5167-field_4\">Phone <span class=\"wpforms-required-label\">*<\/span><\/label><input type=\"text\" id=\"wpforms-5167-field_4\" class=\"wpforms-field-medium wpforms-field-required\" name=\"wpforms[fields][4]\" required><\/div><div id=\"wpforms-5167-field_5-container\" class=\"wpforms-field wpforms-field-text\" data-field-id=\"5\"><label class=\"wpforms-field-label\" for=\"wpforms-5167-field_5\">Subject <span class=\"wpforms-required-label\">*<\/span><\/label><input type=\"text\" id=\"wpforms-5167-field_5\" class=\"wpforms-field-medium wpforms-field-required\" name=\"wpforms[fields][5]\" required><\/div><div id=\"wpforms-5167-field_2-container\" class=\"wpforms-field wpforms-field-textarea\" data-field-id=\"2\"><label class=\"wpforms-field-label\" for=\"wpforms-5167-field_2\">Your project \/ Your needs <span class=\"wpforms-required-label\">*<\/span><\/label><textarea id=\"wpforms-5167-field_2\" class=\"wpforms-field-medium wpforms-field-required\" name=\"wpforms[fields][2]\" required><\/textarea><\/div><\/div><!-- .wpforms-field-container --><div class=\"wpforms-field wpforms-field-hp\"><label for=\"wpforms-5167-field-hp\" class=\"wpforms-field-label\">Phone<\/label><input type=\"text\" name=\"wpforms[hp]\" id=\"wpforms-5167-field-hp\" class=\"wpforms-field-medium\"><\/div><div class=\"wpforms-submit-container\" ><input type=\"hidden\" name=\"wpforms[id]\" value=\"5167\"><input type=\"hidden\" name=\"page_title\" value=\"\"><input type=\"hidden\" name=\"page_url\" value=\"https:\/\/essencial-portugal.com\/de\/wp-json\/wp\/v2\/pages\/2958\"><input type=\"hidden\" name=\"url_referer\" value=\"\"><button type=\"submit\" name=\"wpforms[submit]\" id=\"wpforms-submit-5167\" class=\"wpforms-submit\" data-alt-text=\"Sending...\" data-submit-text=\"Send\" aria-live=\"assertive\" value=\"wpforms-submit\">Send<\/button><\/div><\/form><\/div>  <!-- .wpforms-container --><\/p>\n<blockquote><p>Mit der Best\u00e4tigung des Kontaktformulars erm\u00e4chtigen Sie mich, Ihre Anfrage an eine englischsprachige Person weiterzuleiten, die sich direkt mit Ihnen in Verbindung setzen kann. Diese Person ist ein Profi, der bezahlte Dienstleistungen anbietet, deren Preis je nach Ihren W\u00fcnschen, Bed\u00fcrfnissen und Projekten variiert. Nichts ist automatisiert: Es handelt sich um Personen, die ich kenne, die in Lissabon ans\u00e4ssig sind und die qualifiziert sind, Sie bei Ihrem Ansatz und Ihrem Projekt zu begleiten.<\/p>\n<p>Essencial Portugal ist eine Website, die Einzelpersonen\/Unternehmen mit vertrauensw\u00fcrdigen, zertifizierten Fachleuten in Portugal zusammenbringt, um Projekte im Land durchzuf\u00fchren. Nur diese zertifizierten und zugelassenen Fachleute sind in der Lage, Sie zu informieren, diese Dienstleistungen anzubieten und in Rechnung zu stellen.<\/p><\/blockquote>\n<h2>Englischsprachiges Buchhaltungsmanagement Lissabon und Portugal<\/h2>\n<p>Nachfolgend finden Sie die gesamte Palette der Buchhaltungsdienstleistungen innerhalb oder au\u00dferhalb des Kontenplans, bei denen die englischsprachigen Buchhalter in Lissabon Sie unterst\u00fctzen k\u00f6nnen.<\/p>\n<h3>Englische Buchhaltungsdienstleistungen (Kontenplan)<\/h3>\n<ul>\n<li>Kodierung von Lieferantenrechnungen<\/li>\n<li>Kodierung von Rechnungen und sonstigen Ausgaben<\/li>\n<li>Versenden der Saft-Datei (Kommunikation von Verkaufsdokumenten)<\/li>\n<li>Kodierung von Kundenrechnungen<\/li>\n<li>Verbuchung von Bargeldtransaktionen<\/li>\n<li>Bargeld, Bankkonten, Devisen, Bankabstimmung<\/li>\n<li>Forderungen und Verm\u00f6genswerte<\/li>\n<li>Mieten, Pachtvertr\u00e4ge<\/li>\n<li>Interne Belege<\/li>\n<li>Abrechnung der Personalkosten<\/li>\n<li>Erstellung und Versand der j\u00e4hrlichen Einkommenssteuererkl\u00e4rung und des Steuerabzugs f\u00fcr Gebietsans\u00e4ssige (Mod.10) sowie der Einkommenssteuererkl\u00e4rung f\u00fcr Privatpersonen<\/li>\n<li>\u00dcbermittlung von Bestandsverzeichnissen<\/li>\n<li>\u00dcberpr\u00fcfung und \u00dcbermittlung von Steuern (IUC, IMI, etc.)<\/li>\n<li>Kontoausz\u00fcge<\/li>\n<li>Monatliche oder viertelj\u00e4hrliche Bilanzen und Analysen (je nach MwSt.-System)<\/li>\n<li>Steuer- und Mehrwertsteuererkl\u00e4rungen<\/li>\n<li>Erstellung von Steuertabellen<\/li>\n<li>Englischsprachige Steuerberatung<\/li>\n<\/ul>\n<h3>Englischsprachige Buchhaltungsdienstleistungen (au\u00dferhalb des Buchhaltungsplans)<\/h3>\n<ul>\n<li>Registrierung Ihres Unternehmens im Buchhaltungssystem (Lizenz), die nur einmal zu zahlen ist<\/li>\n<\/ul>\n<p>Diese englischsprachige Buchhaltungsfirma arbeitet mit dem System &#8220;Primavera&#8221;. In Portugal ist die Buchhaltungssoftware direkt mit den Steuer- und Sozialversicherungsbeh\u00f6rden verbunden.<\/p>\n<ul>\n<li>Portugiesische und innergemeinschaftliche MwSt.-R\u00fcckforderung beantragt<\/li>\n<li>Bankerkl\u00e4rungen f\u00fcr internationale Transaktionen mit der portugiesischen Nationalbank (COPE)<\/li>\n<li>Die Realisierung der Rechnungen des Kunden an seine Kunden<\/li>\n<li>Unterst\u00fctzung und Begleitung bei eventuellen Steuerpr\u00fcfungen<\/li>\n<li>Jahresabschlu\u00df<\/li>\n<\/ul>\n<h3>J\u00e4hrlicher Unternehmensabschluss Lissabon und Portugal<\/h3>\n<p>Die Durchf\u00fchrung des Jahresabschlusses f\u00fcr Ihr portugiesisches Unternehmen umfasst die folgenden Elemente:<\/p>\n<ul>\n<li>\u00dcberleitung der Konten<\/li>\n<li>Berichtigung von Konten<\/li>\n<li>Kreislauff\u00fchrung von Kunden- und Lieferantenkonten<\/li>\n<li>Erstellung von Bilanzen und Gewinn- und Verlustrechnungen<\/li>\n<li>K\u00f6rperschaftssteuererkl\u00e4rung, Inventar, etc.)<\/li>\n<li>Erstellung des Abschlussprotokolls<\/li>\n<li>Erstellung und Versand der j\u00e4hrlichen Einkommensteuererkl\u00e4rung (Am.22)<\/li>\n<li>Erstellung und Versand des Jahresabschlussserviceprotokolls (IES)<\/li>\n<\/ul>\n<p>Im Folgenden finden Sie weitere Dienstleistungen f\u00fcr englischsprachige Unternehmen in Portugal, die Ihnen einen Eindruck von der Bandbreite der Fachleute vermitteln, die Sie begleiten k\u00f6nnen:<\/p>\n<ul>\n<li><a href=\"https:\/\/essencial-portugal.com\/de\/grundung-unternehmens-portugal\/kauf-unternehmens-portugal\/\" target=\"_blank\" rel=\"noopener noreferrer\">Kauf eines Unternehmens in Portugal<\/a><\/li>\n<li><a href=\"https:\/\/essencial-portugal.com\/de\/grundung-unternehmens-portugal\/rechnungswesen-personalverwaltung-portugal\/\" target=\"_blank\" rel=\"noopener noreferrer\">Englischsprachiges HR-Management Lissabon und Portugal<\/a><\/li>\n<li><a href=\"https:\/\/essencial-portugal.com\/de\/grundung-unternehmens-portugal\/\" target=\"_blank\" rel=\"noopener noreferrer\">Gr\u00fcndung eines Unternehmens in Portugal<\/a><\/li>\n<\/ul>\n","protected":false},"excerpt":{"rendered":"<p>Ein Unternehmen in Portugal zu gr\u00fcnden ist eine Sache, die Buchhaltung w\u00e4hrend des Jahres zu f\u00fchren eine andere. Unabh\u00e4ngig von der Gr\u00f6\u00dfe Ihres Unternehmens m\u00fcssen Sie im Laufe des Jahres Ihre Rechnungen verwalten, sich einen \u00dcberblick \u00fcber Ihre finanzielle Situation verschaffen, den verschiedenen in Portugal geltenden steuerlichen Verpflichtungen nachkommen, die obligatorischen Erkl\u00e4rungen abgeben, sich im [&hellip;]<\/p>\n","protected":false},"author":1,"featured_media":2965,"parent":2946,"menu_order":0,"comment_status":"closed","ping_status":"closed","template":"","meta":{"om_disable_all_campaigns":false,"_monsterinsights_skip_tracking":false,"_monsterinsights_sitenote_active":false,"_monsterinsights_sitenote_note":"","_monsterinsights_sitenote_category":0,"_uf_show_specific_survey":0,"_uf_disable_surveys":false,"site-sidebar-layout":"default","site-content-layout":"default","ast-site-content-layout":"default","site-content-style":"default","site-sidebar-style":"default","ast-global-header-display":"","ast-banner-title-visibility":"","ast-main-header-display":"","ast-hfb-above-header-display":"","ast-hfb-below-header-display":"","ast-hfb-mobile-header-display":"","site-post-title":"","ast-breadcrumbs-content":"","ast-featured-img":"","footer-sml-layout":"","ast-disable-related-posts":"","theme-transparent-header-meta":"default","adv-header-id-meta":"","stick-header-meta":"","header-above-stick-meta":"","header-main-stick-meta":"","header-below-stick-meta":"","astra-migrate-meta-layouts":"default","ast-page-background-enabled":"default","ast-page-background-meta":{"desktop":{"background-color":"","background-image":"","background-repeat":"repeat","background-position":"center center","background-size":"auto","background-attachment":"scroll","background-type":"","background-media":"","overlay-type":"","overlay-color":"","overlay-opacity":"","overlay-gradient":""},"tablet":{"background-color":"","background-image":"","background-repeat":"repeat","background-position":"center center","background-size":"auto","background-attachment":"scroll","background-type":"","background-media":"","overlay-type":"","overlay-color":"","overlay-opacity":"","overlay-gradient":""},"mobile":{"background-color":"","background-image":"","background-repeat":"repeat","background-position":"center center","background-size":"auto","background-attachment":"scroll","background-type":"","background-media":"","overlay-type":"","overlay-color":"","overlay-opacity":"","overlay-gradient":""}},"ast-content-background-meta":{"desktop":{"background-color":"var(--ast-global-color-5)","background-image":"","background-repeat":"repeat","background-position":"center center","background-size":"auto","background-attachment":"scroll","background-type":"","background-media":"","overlay-type":"","overlay-color":"","overlay-opacity":"","overlay-gradient":""},"tablet":{"background-color":"var(--ast-global-color-5)","background-image":"","background-repeat":"repeat","background-position":"center center","background-size":"auto","background-attachment":"scroll","background-type":"","background-media":"","overlay-type":"","overlay-color":"","overlay-opacity":"","overlay-gradient":""},"mobile":{"background-color":"var(--ast-global-color-5)","background-image":"","background-repeat":"repeat","background-position":"center center","background-size":"auto","background-attachment":"scroll","background-type":"","background-media":"","overlay-type":"","overlay-color":"","overlay-opacity":"","overlay-gradient":""}},"footnotes":""},"class_list":["post-2958","page","type-page","status-publish","has-post-thumbnail","hentry"],"aioseo_notices":[],"_links":{"self":[{"href":"https:\/\/essencial-portugal.com\/de\/wp-json\/wp\/v2\/pages\/2958","targetHints":{"allow":["GET"]}}],"collection":[{"href":"https:\/\/essencial-portugal.com\/de\/wp-json\/wp\/v2\/pages"}],"about":[{"href":"https:\/\/essencial-portugal.com\/de\/wp-json\/wp\/v2\/types\/page"}],"author":[{"embeddable":true,"href":"https:\/\/essencial-portugal.com\/de\/wp-json\/wp\/v2\/users\/1"}],"replies":[{"embeddable":true,"href":"https:\/\/essencial-portugal.com\/de\/wp-json\/wp\/v2\/comments?post=2958"}],"version-history":[{"count":0,"href":"https:\/\/essencial-portugal.com\/de\/wp-json\/wp\/v2\/pages\/2958\/revisions"}],"up":[{"embeddable":true,"href":"https:\/\/essencial-portugal.com\/de\/wp-json\/wp\/v2\/pages\/2946"}],"wp:featuredmedia":[{"embeddable":true,"href":"https:\/\/essencial-portugal.com\/de\/wp-json\/wp\/v2\/media\/2965"}],"wp:attachment":[{"href":"https:\/\/essencial-portugal.com\/de\/wp-json\/wp\/v2\/media?parent=2958"}],"curies":[{"name":"wp","href":"https:\/\/api.w.org\/{rel}","templated":true}]}}