{"id":3004,"date":"2019-06-07T08:17:52","date_gmt":"2019-06-07T08:17:52","guid":{"rendered":"https:\/\/essencial-portugal.com\/fr\/?page_id=3004"},"modified":"2023-03-01T10:36:40","modified_gmt":"2023-03-01T10:36:40","slug":"kauf-unternehmens-portugal","status":"publish","type":"page","link":"https:\/\/essencial-portugal.com\/de\/grundung-unternehmens-portugal\/kauf-unternehmens-portugal\/","title":{"rendered":"Kauf eines Unternehmens in Portugal"},"content":{"rendered":"<p><img fetchpriority=\"high\" decoding=\"async\" class=\"aligncenter wp-image-3007 size-full\" src=\"https:\/\/essencial-portugal.com\/de\/wp-content\/uploads\/2019\/06\/rachat-societe-portugal.jpg\" alt=\"Purchase company Portugal\" width=\"1200\" height=\"800\" srcset=\"https:\/\/essencial-portugal.com\/de\/wp-content\/uploads\/2019\/06\/rachat-societe-portugal.jpg 1200w, https:\/\/essencial-portugal.com\/de\/wp-content\/uploads\/2019\/06\/rachat-societe-portugal-300x200.jpg 300w, https:\/\/essencial-portugal.com\/de\/wp-content\/uploads\/2019\/06\/rachat-societe-portugal-768x512.jpg 768w, https:\/\/essencial-portugal.com\/de\/wp-content\/uploads\/2019\/06\/rachat-societe-portugal-1024x683.jpg 1024w\" sizes=\"(max-width: 1200px) 100vw, 1200px\" \/><\/p>\n<p>Die Suche nach einem Unternehmen, das man in Portugal kaufen m\u00f6chte, ist eine echte Herausforderung. Bevor man ein Unternehmen findet, das man entwickeln m\u00f6chte, muss man eine umfassende Marktanalyse durchf\u00fchren. Nat\u00fcrlich gibt es Websites, die auf den Verkauf und Wiederverkauf von Unternehmen spezialisiert sind und auf denen Sie Unternehmen zum Kauf finden k\u00f6nnen, aber wenn Sie keine klare Vorstellung von dem haben, was Sie wollen, und vor allem von der Situation des Unternehmens, erh\u00f6ht dies die Risiken dieser entscheidenden Operation erheblich.<\/p>\n<p>Die risiko\u00e4rmste Art, ein neues Unternehmen in Portugal zu gr\u00fcnden, ist der Kauf eines bestehenden portugiesischen Unternehmens, entweder durch Franchising oder durch \u00dcbertragung. Denn das Unternehmen verf\u00fcgt bereits \u00fcber einen festen Kundenstamm, einen guten Ruf auf dem Markt und eine angemessene Arbeitsmethode. Au\u00dferdem ist das Team bereits gebildet, die Lizenzen, Konzessionen, Genehmigungen und sonstigen Registrierungen liegen bereits vor, und die Banken ziehen es vor, mit Unternehmen zusammenzuarbeiten, die sich bereits bew\u00e4hrt haben.<\/p>\n<p>Portugal ist ein Land mit wachsenden M\u00f6glichkeiten, in dem Sie die richtigen Unternehmen zum Kauf finden k\u00f6nnen, aber es ist auch wichtig, von den richtigen Leuten begleitet zu werden: Sie werden als englischsprachige Vermittler zwischen Unternehmen, Verwaltungen und Diensten fungieren und die notwendigen Studien durchf\u00fchren, damit Ihr Unternehmenskauf in Portugal sicher und risikofrei ist.<\/p>\n<h2>Kauf eines portugiesischen Unternehmens: Englischsprachige Unterst\u00fctzung<\/h2>\n<p>Kauf eines portugiesischen Unternehmens: Englischsprachige Unterst\u00fctzungDurch Ausf\u00fcllen des Formulars am Ende dieser Seite k\u00f6nnen Sie Ihre Angaben an eine Firma englischsprachiger Buchhalter und Wirtschaftspr\u00fcfer mit Sitz in Lissabon \u00fcbermitteln. Seit mehr als 10 Jahren haben diese Experten fast 200 Unternehmen bei ihrer Niederlassung in Portugal, aber auch beim Kauf von portugiesischen Unternehmen begleitet.\u00a0 Sie werden sich so schnell wie m\u00f6glich mit Ihnen in Verbindung setzen, um Ihr Projekt zu besprechen und zu kl\u00e4ren, wie sie Ihnen am besten helfen k\u00f6nnen, es zu verwirklichen.<\/p>\n<p>Diese Fachleute werden Sie w\u00e4hrend des gesamten Prozesses des Kaufs eines Unternehmens in Portugal begleiten, von der Pr\u00fcfung und Analyse bis zum Abschluss der Transaktion. Der beste Weg, um zu beurteilen, ob es eine gute Wette ist oder nicht:<\/p>\n<ul>\n<li>Identifizierung der potenziellen Unternehmen von gr\u00f6\u00dftem Interesse.<\/li>\n<li>Struktur des Kaufs und Verkaufs des Unternehmens<\/li>\n<li>Verhandlung der wirtschaftlichen und nichtwirtschaftlichen Bedingungen.<\/li>\n<li>Begleitung durch ein Team von Experten f\u00fcr den Unternehmenskauf in Portugal<\/li>\n<\/ul>\n<p>Die Experten werden Sie dar\u00fcber informieren, ob es die richtige Wahl ist, ein bestimmtes portugiesisches Unternehmen zu kaufen und ob Sie die notwendigen Voraussetzungen haben, um einen Wert zu schaffen.<\/p>\n<p style=\"text-align: center;\"><div class=\"wpforms-container wpforms-container-full\" id=\"wpforms-5167\"><form id=\"wpforms-form-5167\" class=\"wpforms-validate wpforms-form\" data-formid=\"5167\" method=\"post\" enctype=\"multipart\/form-data\" action=\"\/de\/wp-json\/wp\/v2\/pages\/3004\" data-token=\"9d769e3717478935a4072f251d13af27\" data-token-time=\"1776643271\"><noscript class=\"wpforms-error-noscript\">Please enable JavaScript in your browser to complete this form.<\/noscript><div class=\"wpforms-field-container\"><div id=\"wpforms-5167-field_0-container\" class=\"wpforms-field wpforms-field-name\" data-field-id=\"0\"><label class=\"wpforms-field-label\" for=\"wpforms-5167-field_0\">Name <span class=\"wpforms-required-label\">*<\/span><\/label><div class=\"wpforms-field-row wpforms-field-medium\"><div class=\"wpforms-field-row-block wpforms-first wpforms-one-half\"><input type=\"text\" id=\"wpforms-5167-field_0\" class=\"wpforms-field-name-first wpforms-field-required\" name=\"wpforms[fields][0][first]\" required><label for=\"wpforms-5167-field_0\" class=\"wpforms-field-sublabel after wpforms-sublabel-hide\">First<\/label><\/div><div class=\"wpforms-field-row-block wpforms-one-half\"><input type=\"text\" id=\"wpforms-5167-field_0-last\" class=\"wpforms-field-name-last wpforms-field-required\" name=\"wpforms[fields][0][last]\" required><label for=\"wpforms-5167-field_0-last\" class=\"wpforms-field-sublabel after wpforms-sublabel-hide\">Last<\/label><\/div><\/div><\/div><div id=\"wpforms-5167-field_1-container\" class=\"wpforms-field wpforms-field-email\" data-field-id=\"1\"><label class=\"wpforms-field-label\" for=\"wpforms-5167-field_1\">E-mail <span class=\"wpforms-required-label\">*<\/span><\/label><input type=\"email\" id=\"wpforms-5167-field_1\" class=\"wpforms-field-medium wpforms-field-required\" name=\"wpforms[fields][1]\" spellcheck=\"false\" required><\/div><div id=\"wpforms-5167-field_4-container\" class=\"wpforms-field wpforms-field-text\" data-field-id=\"4\"><label class=\"wpforms-field-label\" for=\"wpforms-5167-field_4\">Phone <span class=\"wpforms-required-label\">*<\/span><\/label><input type=\"text\" id=\"wpforms-5167-field_4\" class=\"wpforms-field-medium wpforms-field-required\" name=\"wpforms[fields][4]\" required><\/div><div id=\"wpforms-5167-field_5-container\" class=\"wpforms-field wpforms-field-text\" data-field-id=\"5\"><label class=\"wpforms-field-label\" for=\"wpforms-5167-field_5\">Subject <span class=\"wpforms-required-label\">*<\/span><\/label><input type=\"text\" id=\"wpforms-5167-field_5\" class=\"wpforms-field-medium wpforms-field-required\" name=\"wpforms[fields][5]\" required><\/div><div id=\"wpforms-5167-field_2-container\" class=\"wpforms-field wpforms-field-textarea\" data-field-id=\"2\"><label class=\"wpforms-field-label\" for=\"wpforms-5167-field_2\">Your project \/ Your needs <span class=\"wpforms-required-label\">*<\/span><\/label><textarea id=\"wpforms-5167-field_2\" class=\"wpforms-field-medium wpforms-field-required\" name=\"wpforms[fields][2]\" required><\/textarea><\/div><\/div><!-- .wpforms-field-container --><div class=\"wpforms-field wpforms-field-hp\"><label for=\"wpforms-5167-field-hp\" class=\"wpforms-field-label\">Email<\/label><input type=\"text\" name=\"wpforms[hp]\" id=\"wpforms-5167-field-hp\" class=\"wpforms-field-medium\"><\/div><div class=\"wpforms-submit-container\" ><input type=\"hidden\" name=\"wpforms[id]\" value=\"5167\"><input type=\"hidden\" name=\"page_title\" value=\"\"><input type=\"hidden\" name=\"page_url\" value=\"https:\/\/essencial-portugal.com\/de\/wp-json\/wp\/v2\/pages\/3004\"><input type=\"hidden\" name=\"url_referer\" value=\"\"><button type=\"submit\" name=\"wpforms[submit]\" id=\"wpforms-submit-5167\" class=\"wpforms-submit\" data-alt-text=\"Sending...\" data-submit-text=\"Send\" aria-live=\"assertive\" value=\"wpforms-submit\">Send<\/button><\/div><\/form><\/div>  <!-- .wpforms-container --><\/p>\n<blockquote><p>Mit der Best\u00e4tigung des Kontaktformulars erm\u00e4chtigen Sie mich, Ihre Anfrage an eine englischsprachige Person weiterzuleiten, die sich direkt mit Ihnen in Verbindung setzen kann. Diese Person ist ein Profi, der bezahlte Dienstleistungen anbietet, deren Preis je nach Ihren W\u00fcnschen, Bed\u00fcrfnissen und Projekten variiert. Nichts ist automatisiert: Es handelt sich um Personen, die ich kenne, die in Lissabon ans\u00e4ssig sind und die qualifiziert sind, Sie bei Ihrem Ansatz und Ihrem Projekt zu begleiten.<\/p>\n<p>Essencial Portugal ist eine Website, die Einzelpersonen\/Unternehmen mit vertrauensw\u00fcrdigen, zertifizierten Fachleuten in Portugal zusammenbringt, um Projekte im Land durchzuf\u00fchren. Nur diese zertifizierten und zugelassenen Fachleute sind in der Lage, Sie zu informieren, diese Dienstleistungen anzubieten und in Rechnung zu stellen.<\/p><\/blockquote>\n<p>Im Folgenden finden Sie weitere Dienstleistungen f\u00fcr englischsprachige Unternehmen in Portugal, die Ihnen einen Eindruck von der Bandbreite der Fachleute vermitteln, die Sie begleiten k\u00f6nnen:<\/p>\n<ul>\n<li><a href=\"https:\/\/essencial-portugal.com\/de\/grundung-unternehmens-portugal\/englischsprachige-buchhalterin-lissabon-portugal\/\" target=\"_blank\" rel=\"noopener noreferrer\">Englischsprachiger Buchhalter Lissabon und Portugal<\/a><\/li>\n<li><a href=\"https:\/\/essencial-portugal.com\/de\/grundung-unternehmens-portugal\/rechnungswesen-personalverwaltung-portugal\/\" target=\"_blank\" rel=\"noopener noreferrer\">Englischsprachiges HR-Management Lissabon und Portugal<\/a><\/li>\n<li><a href=\"https:\/\/essencial-portugal.com\/de\/grundung-unternehmens-portugal\/\" target=\"_blank\" rel=\"noopener noreferrer\">Installationsunternehmen Portugal<\/a><\/li>\n<\/ul>\n","protected":false},"excerpt":{"rendered":"<p>Die Suche nach einem Unternehmen, das man in Portugal kaufen m\u00f6chte, ist eine echte Herausforderung. Bevor man ein Unternehmen findet, das man entwickeln m\u00f6chte, muss man eine umfassende Marktanalyse durchf\u00fchren. Nat\u00fcrlich gibt es Websites, die auf den Verkauf und Wiederverkauf von Unternehmen spezialisiert sind und auf denen Sie Unternehmen zum Kauf finden k\u00f6nnen, aber wenn [&hellip;]<\/p>\n","protected":false},"author":1,"featured_media":3007,"parent":2946,"menu_order":0,"comment_status":"closed","ping_status":"closed","template":"","meta":{"om_disable_all_campaigns":false,"_monsterinsights_skip_tracking":false,"_monsterinsights_sitenote_active":false,"_monsterinsights_sitenote_note":"","_monsterinsights_sitenote_category":0,"_uf_show_specific_survey":0,"_uf_disable_surveys":false,"site-sidebar-layout":"default","site-content-layout":"default","ast-site-content-layout":"default","site-content-style":"default","site-sidebar-style":"default","ast-global-header-display":"","ast-banner-title-visibility":"","ast-main-header-display":"","ast-hfb-above-header-display":"","ast-hfb-below-header-display":"","ast-hfb-mobile-header-display":"","site-post-title":"","ast-breadcrumbs-content":"","ast-featured-img":"","footer-sml-layout":"","ast-disable-related-posts":"","theme-transparent-header-meta":"default","adv-header-id-meta":"","stick-header-meta":"","header-above-stick-meta":"","header-main-stick-meta":"","header-below-stick-meta":"","astra-migrate-meta-layouts":"default","ast-page-background-enabled":"default","ast-page-background-meta":{"desktop":{"background-color":"","background-image":"","background-repeat":"repeat","background-position":"center center","background-size":"auto","background-attachment":"scroll","background-type":"","background-media":"","overlay-type":"","overlay-color":"","overlay-opacity":"","overlay-gradient":""},"tablet":{"background-color":"","background-image":"","background-repeat":"repeat","background-position":"center center","background-size":"auto","background-attachment":"scroll","background-type":"","background-media":"","overlay-type":"","overlay-color":"","overlay-opacity":"","overlay-gradient":""},"mobile":{"background-color":"","background-image":"","background-repeat":"repeat","background-position":"center center","background-size":"auto","background-attachment":"scroll","background-type":"","background-media":"","overlay-type":"","overlay-color":"","overlay-opacity":"","overlay-gradient":""}},"ast-content-background-meta":{"desktop":{"background-color":"var(--ast-global-color-5)","background-image":"","background-repeat":"repeat","background-position":"center center","background-size":"auto","background-attachment":"scroll","background-type":"","background-media":"","overlay-type":"","overlay-color":"","overlay-opacity":"","overlay-gradient":""},"tablet":{"background-color":"var(--ast-global-color-5)","background-image":"","background-repeat":"repeat","background-position":"center center","background-size":"auto","background-attachment":"scroll","background-type":"","background-media":"","overlay-type":"","overlay-color":"","overlay-opacity":"","overlay-gradient":""},"mobile":{"background-color":"var(--ast-global-color-5)","background-image":"","background-repeat":"repeat","background-position":"center center","background-size":"auto","background-attachment":"scroll","background-type":"","background-media":"","overlay-type":"","overlay-color":"","overlay-opacity":"","overlay-gradient":""}},"footnotes":""},"class_list":["post-3004","page","type-page","status-publish","has-post-thumbnail","hentry"],"aioseo_notices":[],"_links":{"self":[{"href":"https:\/\/essencial-portugal.com\/de\/wp-json\/wp\/v2\/pages\/3004","targetHints":{"allow":["GET"]}}],"collection":[{"href":"https:\/\/essencial-portugal.com\/de\/wp-json\/wp\/v2\/pages"}],"about":[{"href":"https:\/\/essencial-portugal.com\/de\/wp-json\/wp\/v2\/types\/page"}],"author":[{"embeddable":true,"href":"https:\/\/essencial-portugal.com\/de\/wp-json\/wp\/v2\/users\/1"}],"replies":[{"embeddable":true,"href":"https:\/\/essencial-portugal.com\/de\/wp-json\/wp\/v2\/comments?post=3004"}],"version-history":[{"count":0,"href":"https:\/\/essencial-portugal.com\/de\/wp-json\/wp\/v2\/pages\/3004\/revisions"}],"up":[{"embeddable":true,"href":"https:\/\/essencial-portugal.com\/de\/wp-json\/wp\/v2\/pages\/2946"}],"wp:featuredmedia":[{"embeddable":true,"href":"https:\/\/essencial-portugal.com\/de\/wp-json\/wp\/v2\/media\/3007"}],"wp:attachment":[{"href":"https:\/\/essencial-portugal.com\/de\/wp-json\/wp\/v2\/media?parent=3004"}],"curies":[{"name":"wp","href":"https:\/\/api.w.org\/{rel}","templated":true}]}}