{"id":3012,"date":"2019-06-07T08:19:14","date_gmt":"2019-06-07T08:19:14","guid":{"rendered":"https:\/\/essencial-portugal.com\/fr\/?page_id=3012"},"modified":"2023-03-01T10:35:36","modified_gmt":"2023-03-01T10:35:36","slug":"rechnungswesen-personalverwaltung-portugal","status":"publish","type":"page","link":"https:\/\/essencial-portugal.com\/de\/grundung-unternehmens-portugal\/rechnungswesen-personalverwaltung-portugal\/","title":{"rendered":"Rechnungswesen Personalverwaltung in Portugal"},"content":{"rendered":"<p><img fetchpriority=\"high\" decoding=\"async\" class=\"aligncenter wp-image-3015 size-full\" src=\"https:\/\/essencial-portugal.com\/de\/wp-content\/uploads\/2019\/06\/gestion-rh-ressources-humaines-francophone-portugal.jpg\" alt=\"English-speaking HR management portugal\" width=\"1300\" height=\"597\" srcset=\"https:\/\/essencial-portugal.com\/de\/wp-content\/uploads\/2019\/06\/gestion-rh-ressources-humaines-francophone-portugal.jpg 1300w, https:\/\/essencial-portugal.com\/de\/wp-content\/uploads\/2019\/06\/gestion-rh-ressources-humaines-francophone-portugal-300x138.jpg 300w, https:\/\/essencial-portugal.com\/de\/wp-content\/uploads\/2019\/06\/gestion-rh-ressources-humaines-francophone-portugal-768x353.jpg 768w, https:\/\/essencial-portugal.com\/de\/wp-content\/uploads\/2019\/06\/gestion-rh-ressources-humaines-francophone-portugal-1024x470.jpg 1024w\" sizes=\"(max-width: 1300px) 100vw, 1300px\" \/><\/p>\n<p>Die Personalverwaltung eines portugiesischen Unternehmens erfordert Kenntnisse \u00fcber das Land, seine Prozesse und seine Verwaltungen, die Sie vielleicht nicht haben. Die HR-Outsourcing-L\u00f6sung ist eine interessante Option, die es Ihnen erm\u00f6glicht, die Kompetenzen eines Unternehmens zu nutzen, das seit fast 10 Jahren in Portugal ans\u00e4ssig ist, englischsprachig ist und durch die Begleitung von mehr als 200 Unternehmen bei deren Gr\u00fcndung und Verwaltung auf portugiesischem Gebiet viel Erfahrung gesammelt hat.<\/p>\n<p>Die Internalisierung des englischsprachigen Personalmanagements in einem portugiesischen Unternehmen ist ein Vorgang, der oft Zeit in Anspruch nimmt, seltene mehrsprachige F\u00e4higkeiten erfordert und oft teurer ist als eine Outsourcing-L\u00f6sung.<\/p>\n<p>Wenn Sie ein Unternehmen in Portugal gegr\u00fcndet oder ein Unternehmen in Portugal gekauft haben und f\u00fcr die Verwaltung Ihrer Humanressourcen von englischsprachigen Experten begleitet werden m\u00f6chten, k\u00f6nnen Sie das unten stehende Formular ausf\u00fcllen und eine kompetente Person, die perfekt Englisch spricht, wird sich mit Ihnen zu einem ersten Austausch \u00fcber Ihr Projekt treffen, um zu sehen, wie sie Sie begleiten kann. Nachstehend finden Sie alle von diesen englischsprachigen Buchhaltern angebotenen Dienstleistungen im Bereich Personalmanagement in Portugal.<\/p>\n<p style=\"text-align: center;\"><div class=\"wpforms-container wpforms-container-full\" id=\"wpforms-5167\"><form id=\"wpforms-form-5167\" class=\"wpforms-validate wpforms-form\" data-formid=\"5167\" method=\"post\" enctype=\"multipart\/form-data\" action=\"\/de\/wp-json\/wp\/v2\/pages\/3012\" data-token=\"9d769e3717478935a4072f251d13af27\" data-token-time=\"1776643256\"><noscript class=\"wpforms-error-noscript\">Please enable JavaScript in your browser to complete this form.<\/noscript><div class=\"wpforms-field-container\"><div id=\"wpforms-5167-field_0-container\" class=\"wpforms-field wpforms-field-name\" data-field-id=\"0\"><label class=\"wpforms-field-label\" for=\"wpforms-5167-field_0\">Name <span class=\"wpforms-required-label\">*<\/span><\/label><div class=\"wpforms-field-row wpforms-field-medium\"><div class=\"wpforms-field-row-block wpforms-first wpforms-one-half\"><input type=\"text\" id=\"wpforms-5167-field_0\" class=\"wpforms-field-name-first wpforms-field-required\" name=\"wpforms[fields][0][first]\" required><label for=\"wpforms-5167-field_0\" class=\"wpforms-field-sublabel after wpforms-sublabel-hide\">First<\/label><\/div><div class=\"wpforms-field-row-block wpforms-one-half\"><input type=\"text\" id=\"wpforms-5167-field_0-last\" class=\"wpforms-field-name-last wpforms-field-required\" name=\"wpforms[fields][0][last]\" required><label for=\"wpforms-5167-field_0-last\" class=\"wpforms-field-sublabel after wpforms-sublabel-hide\">Last<\/label><\/div><\/div><\/div><div id=\"wpforms-5167-field_1-container\" class=\"wpforms-field wpforms-field-email\" data-field-id=\"1\"><label class=\"wpforms-field-label\" for=\"wpforms-5167-field_1\">E-mail <span class=\"wpforms-required-label\">*<\/span><\/label><input type=\"email\" id=\"wpforms-5167-field_1\" class=\"wpforms-field-medium wpforms-field-required\" name=\"wpforms[fields][1]\" spellcheck=\"false\" required><\/div><div id=\"wpforms-5167-field_4-container\" class=\"wpforms-field wpforms-field-text\" data-field-id=\"4\"><label class=\"wpforms-field-label\" for=\"wpforms-5167-field_4\">Phone <span class=\"wpforms-required-label\">*<\/span><\/label><input type=\"text\" id=\"wpforms-5167-field_4\" class=\"wpforms-field-medium wpforms-field-required\" name=\"wpforms[fields][4]\" required><\/div><div id=\"wpforms-5167-field_5-container\" class=\"wpforms-field wpforms-field-text\" data-field-id=\"5\"><label class=\"wpforms-field-label\" for=\"wpforms-5167-field_5\">Subject <span class=\"wpforms-required-label\">*<\/span><\/label><input type=\"text\" id=\"wpforms-5167-field_5\" class=\"wpforms-field-medium wpforms-field-required\" name=\"wpforms[fields][5]\" required><\/div><div id=\"wpforms-5167-field_2-container\" class=\"wpforms-field wpforms-field-textarea\" data-field-id=\"2\"><label class=\"wpforms-field-label\" for=\"wpforms-5167-field_2\">Your project \/ Your needs <span class=\"wpforms-required-label\">*<\/span><\/label><textarea id=\"wpforms-5167-field_2\" class=\"wpforms-field-medium wpforms-field-required\" name=\"wpforms[fields][2]\" required><\/textarea><\/div><\/div><!-- .wpforms-field-container --><div class=\"wpforms-field wpforms-field-hp\"><label for=\"wpforms-5167-field-hp\" class=\"wpforms-field-label\">Email<\/label><input type=\"text\" name=\"wpforms[hp]\" id=\"wpforms-5167-field-hp\" class=\"wpforms-field-medium\"><\/div><div class=\"wpforms-submit-container\" ><input type=\"hidden\" name=\"wpforms[id]\" value=\"5167\"><input type=\"hidden\" name=\"page_title\" value=\"\"><input type=\"hidden\" name=\"page_url\" value=\"https:\/\/essencial-portugal.com\/de\/wp-json\/wp\/v2\/pages\/3012\"><input type=\"hidden\" name=\"url_referer\" value=\"\"><button type=\"submit\" name=\"wpforms[submit]\" id=\"wpforms-submit-5167\" class=\"wpforms-submit\" data-alt-text=\"Sending...\" data-submit-text=\"Send\" aria-live=\"assertive\" value=\"wpforms-submit\">Send<\/button><\/div><\/form><\/div>  <!-- .wpforms-container --><\/p>\n<blockquote><p>Mit der Best\u00e4tigung des Kontaktformulars erm\u00e4chtigen Sie mich, Ihre Anfrage an eine englischsprachige Person weiterzuleiten, die sich direkt mit Ihnen in Verbindung setzen kann. Nichts ist automatisiert: Es handelt sich um Personen, die ich kenne, die in Lissabon ans\u00e4ssig sind und die qualifiziert sind, Sie bei Ihrem Ansatz und Ihrem Projekt zu begleiten.<\/p>\n<p>Essencial Portugal ist eine Website, die Einzelpersonen\/Unternehmen mit vertrauensw\u00fcrdigen, zertifizierten Fachleuten in Portugal f\u00fcr die Durchf\u00fchrung von Projekten im Land verbindet. Nur diese zertifizierten und zugelassenen Fachleute sind in der Lage, Sie zu informieren, diese Dienstleistungen anzubieten und in Rechnung zu stellen.<\/p><\/blockquote>\n<h2>Englischsprachiges Personalmanagement in Portugal<\/h2>\n<p>Hier finden Sie alle Unterst\u00fctzungsdienste, die diese Experten f\u00fcr Humanressourcenmanagement in Portugal anbieten k\u00f6nnen. Kontaktieren Sie sie \u00fcber die Schaltfl\u00e4che oben.<\/p>\n<ul>\n<li>Mitteilung der Aufnahme und\/oder K\u00fcndigung von Arbeitnehmern an die zust\u00e4ndigen Stellen (Sozialversicherung, FCT, HSST, Versicherung)<\/li>\n<li>Antrag auf Unterst\u00fctzung bei der Einstellung von Arbeitnehmern<\/li>\n<li>Behandlung des Gehalts bei Abwesenheit, Urlaub, Krankheitsurlaub, Mutterschaft, Vaterschaft, unbezahltem Urlaub, usw. Bez\u00fcglich der Behandlung des Gehalts:\n<ul>\n<li>Erstellung und Versand der Lohnabrechnung<\/li>\n<li>Vorbereitung und \u00dcbermittlung der Datei f\u00fcr Bank\u00fcberweisungen<\/li>\n<\/ul>\n<\/li>\n<li>Berechnung des f\u00fcr die Beendigung des Arbeitsvertrags zu zahlenden Betrags<\/li>\n<li>Vorbereitung und \u00dcbermittlung der monatlichen Gehaltserkl\u00e4rungen an die zust\u00e4ndigen Stellen (Sozialversicherung, Finanzamt)<\/li>\n<li>Ausstellung und \u00dcbermittlung von Dokumenten f\u00fcr Steuerzahlungen<\/li>\n<li>Verarbeitung und Kontrolle der Gehaltseing\u00e4nge von Mitarbeitern<\/li>\n<li>Kommunikation mit Gerichtsvollziehern<\/li>\n<li>Ausstellung und \u00dcbermittlung von Lohnunterlagen f\u00fcr die Arbeiterunfallversicherung<\/li>\n<li>Erstellung der j\u00e4hrlichen Einkommensteuererkl\u00e4rung f\u00fcr jeden Arbeitnehmer<\/li>\n<li>Ausarbeitung und \u00dcbermittlung des Relat\u00f3rio \u00danico<\/li>\n<li>Antworten an INE (Nationales Institut f\u00fcr Statistik)<\/li>\n<li>Antrag auf Dokument A1<\/li>\n<li>Kommunikation\/Austausch mit den zust\u00e4ndigen Stellen zur Bearbeitung und L\u00f6sung der Akten der Personalabteilung<\/li>\n<li>Unterst\u00fctzung bei der Kontrolle durch die zust\u00e4ndigen Stellen (ACT, AT, SS, &#8230;)<\/li>\n<li>Beratung und Weiterverfolgung von arbeits- und sozialrechtlichen Anfragen von Kunden<\/li>\n<\/ul>\n<p>Im Folgenden finden Sie weitere Dienstleistungen f\u00fcr englischsprachige Unternehmen in Portugal, die Ihnen einen Eindruck von der Bandbreite der Fachleute vermitteln, die Sie begleiten k\u00f6nnen:<\/p>\n<ul>\n<li><a href=\"https:\/\/essencial-portugal.com\/de\/grundung-unternehmens-portugal\/englischsprachige-buchhalterin-lissabon-portugal\/\" target=\"_blank\" rel=\"noopener noreferrer\">Englischsprachiger Buchhalter Lissabon und Portugal<\/a><\/li>\n<li><a href=\"https:\/\/essencial-portugal.com\/de\/leben-in-lissabon-und-portugal\/unternehmensgrundung-portugal\/\" target=\"_blank\" rel=\"noopener noreferrer\">Gr\u00fcndung eines Unternehmens in Portugal<\/a><\/li>\n<li><a href=\"https:\/\/essencial-portugal.com\/de\/grundung-unternehmens-portugal\/kauf-unternehmens-portugal\/\" target=\"_blank\" rel=\"noopener noreferrer\">Erwerb eines portugiesischen Unternehmens<\/a><\/li>\n<li><a href=\"https:\/\/essencial-portugal.com\/de\/grundung-unternehmens-portugal\/\" target=\"_blank\" rel=\"noopener noreferrer\">Begleitende Unternehmen in Portugal<\/a><\/li>\n<\/ul>\n<p>&nbsp;<\/p>\n","protected":false},"excerpt":{"rendered":"<p>Die Personalverwaltung eines portugiesischen Unternehmens erfordert Kenntnisse \u00fcber das Land, seine Prozesse und seine Verwaltungen, die Sie vielleicht nicht haben. Die HR-Outsourcing-L\u00f6sung ist eine interessante Option, die es Ihnen erm\u00f6glicht, die Kompetenzen eines Unternehmens zu nutzen, das seit fast 10 Jahren in Portugal ans\u00e4ssig ist, englischsprachig ist und durch die Begleitung von mehr als 200 [&hellip;]<\/p>\n","protected":false},"author":1,"featured_media":3015,"parent":2946,"menu_order":0,"comment_status":"closed","ping_status":"closed","template":"","meta":{"om_disable_all_campaigns":false,"_monsterinsights_skip_tracking":false,"_monsterinsights_sitenote_active":false,"_monsterinsights_sitenote_note":"","_monsterinsights_sitenote_category":0,"_uf_show_specific_survey":0,"_uf_disable_surveys":false,"site-sidebar-layout":"default","site-content-layout":"default","ast-site-content-layout":"default","site-content-style":"default","site-sidebar-style":"default","ast-global-header-display":"","ast-banner-title-visibility":"","ast-main-header-display":"","ast-hfb-above-header-display":"","ast-hfb-below-header-display":"","ast-hfb-mobile-header-display":"","site-post-title":"","ast-breadcrumbs-content":"","ast-featured-img":"","footer-sml-layout":"","ast-disable-related-posts":"","theme-transparent-header-meta":"default","adv-header-id-meta":"","stick-header-meta":"","header-above-stick-meta":"","header-main-stick-meta":"","header-below-stick-meta":"","astra-migrate-meta-layouts":"default","ast-page-background-enabled":"default","ast-page-background-meta":{"desktop":{"background-color":"","background-image":"","background-repeat":"repeat","background-position":"center center","background-size":"auto","background-attachment":"scroll","background-type":"","background-media":"","overlay-type":"","overlay-color":"","overlay-opacity":"","overlay-gradient":""},"tablet":{"background-color":"","background-image":"","background-repeat":"repeat","background-position":"center center","background-size":"auto","background-attachment":"scroll","background-type":"","background-media":"","overlay-type":"","overlay-color":"","overlay-opacity":"","overlay-gradient":""},"mobile":{"background-color":"","background-image":"","background-repeat":"repeat","background-position":"center center","background-size":"auto","background-attachment":"scroll","background-type":"","background-media":"","overlay-type":"","overlay-color":"","overlay-opacity":"","overlay-gradient":""}},"ast-content-background-meta":{"desktop":{"background-color":"var(--ast-global-color-5)","background-image":"","background-repeat":"repeat","background-position":"center center","background-size":"auto","background-attachment":"scroll","background-type":"","background-media":"","overlay-type":"","overlay-color":"","overlay-opacity":"","overlay-gradient":""},"tablet":{"background-color":"var(--ast-global-color-5)","background-image":"","background-repeat":"repeat","background-position":"center center","background-size":"auto","background-attachment":"scroll","background-type":"","background-media":"","overlay-type":"","overlay-color":"","overlay-opacity":"","overlay-gradient":""},"mobile":{"background-color":"var(--ast-global-color-5)","background-image":"","background-repeat":"repeat","background-position":"center center","background-size":"auto","background-attachment":"scroll","background-type":"","background-media":"","overlay-type":"","overlay-color":"","overlay-opacity":"","overlay-gradient":""}},"footnotes":""},"class_list":["post-3012","page","type-page","status-publish","has-post-thumbnail","hentry"],"aioseo_notices":[],"_links":{"self":[{"href":"https:\/\/essencial-portugal.com\/de\/wp-json\/wp\/v2\/pages\/3012","targetHints":{"allow":["GET"]}}],"collection":[{"href":"https:\/\/essencial-portugal.com\/de\/wp-json\/wp\/v2\/pages"}],"about":[{"href":"https:\/\/essencial-portugal.com\/de\/wp-json\/wp\/v2\/types\/page"}],"author":[{"embeddable":true,"href":"https:\/\/essencial-portugal.com\/de\/wp-json\/wp\/v2\/users\/1"}],"replies":[{"embeddable":true,"href":"https:\/\/essencial-portugal.com\/de\/wp-json\/wp\/v2\/comments?post=3012"}],"version-history":[{"count":0,"href":"https:\/\/essencial-portugal.com\/de\/wp-json\/wp\/v2\/pages\/3012\/revisions"}],"up":[{"embeddable":true,"href":"https:\/\/essencial-portugal.com\/de\/wp-json\/wp\/v2\/pages\/2946"}],"wp:featuredmedia":[{"embeddable":true,"href":"https:\/\/essencial-portugal.com\/de\/wp-json\/wp\/v2\/media\/3015"}],"wp:attachment":[{"href":"https:\/\/essencial-portugal.com\/de\/wp-json\/wp\/v2\/media?parent=3012"}],"curies":[{"name":"wp","href":"https:\/\/api.w.org\/{rel}","templated":true}]}}