{"id":3878,"date":"2019-06-30T10:01:37","date_gmt":"2019-06-30T10:01:37","guid":{"rendered":"https:\/\/essencial-portugal.com\/fr\/?page_id=3878"},"modified":"2023-03-01T09:02:55","modified_gmt":"2023-03-01T09:02:55","slug":"hausratversicherung-portugal","status":"publish","type":"page","link":"https:\/\/essencial-portugal.com\/de\/versicherung-portugal\/hausratversicherung-portugal\/","title":{"rendered":"Hausratversicherung in Portugal"},"content":{"rendered":"<p>Die Hausratversicherung in Portugal ist f\u00fcr Eigent\u00fcmer obligatorisch, nicht aber f\u00fcr Mieter. Die Versicherungspr\u00e4mie h\u00e4ngt von vielen Faktoren und der Wahl der richtigen Hausratversicherung f\u00fcr das ab, was Sie in Ihrem Namen versichern m\u00f6chten. Eine Vollkaskoversicherung ist nicht obligatorisch, aber der Eigent\u00fcmer einer Immobilie in Portugal ist verpflichtet, zumindest eine Feuerversicherung abzuschlie\u00dfen, die die W\u00e4nde eines Hauses oder einer Wohnung abdeckt. Es liegt dann an Ihnen zu entscheiden, ob Sie auch das Innere Ihres Hauses versichern m\u00f6chten.<\/p>\n<h2>Hausratversicherung in Portugal: Englischsprachige Unterst\u00fctzung<\/h2>\n<p><img fetchpriority=\"high\" decoding=\"async\" class=\"aligncenter wp-image-9 size-full\" src=\"https:\/\/essencial-portugal.com\/de\/wp-content\/uploads\/2018\/03\/assurance-habitation-portugal.jpg\" alt=\"home insurance portugal\" width=\"354\" height=\"339\" srcset=\"https:\/\/essencial-portugal.com\/de\/wp-content\/uploads\/2018\/03\/assurance-habitation-portugal.jpg 354w, https:\/\/essencial-portugal.com\/de\/wp-content\/uploads\/2018\/03\/assurance-habitation-portugal-300x287.jpg 300w\" sizes=\"(max-width: 354px) 100vw, 354px\" \/><\/p>\n<p>Wenn Sie eine Wohnung oder ein Haus in Portugal besitzen, m\u00fcssen Sie zumindest eine Hausbrandversicherung abschlie\u00dfen. Die richtige Hausratversicherung zu finden, verschiedene Angebote zu vergleichen oder mit Versicherern in Portugal in Kontakt zu treten, ist nicht einfach, wenn Sie die Sprache nicht beherrschen. Wenn Sie Englisch sprechen, k\u00f6nnen Sie zwar mit den Versicherern am Telefon sprechen, aber es wird immer kompliziert sein, die Vertr\u00e4ge und ihre Unterschiede zu verstehen.<\/p>\n<p>Ich empfehle Ihnen, sich von einem englischsprachigen Makler begleiten zu lassen, der auf Versicherungen in Portugal spezialisiert ist. Er wird in der Lage sein, Ihr Projekt mit Ihnen zu besprechen und die verschiedenen Angebote auf dem Markt zu pr\u00fcfen, um die Hausversicherung zu finden, die Ihren Bed\u00fcrfnissen am besten entspricht. Verwenden Sie dazu einfach die Schaltfl\u00e4che unten und f\u00fcllen Sie das zugeh\u00f6rige Formular f\u00fcr einen ersten Kontakt aus.<\/p>\n<p>&nbsp;<\/p>\n<p style=\"text-align: center;\"><a class=\"maxbutton-3 maxbutton maxbutton-form\" href=\"#form\"><span class='mb-text'>KONTAKT<\/span><\/a><\/p>\n<p>&nbsp;<\/p>\n<h2>Kosten der Hausratversicherung in Portugal<\/h2>\n<p>Die Hausratversicherung in Portugal ist sehr erschwinglich, wenn Sie nur einen minimalen Feuerschutz w\u00fcnschen. Aber selbst diese Mindestversicherung hat Kosten, die je nach den verschiedenen Elementen, die das Haus, das Sie besitzen, charakterisieren, variieren:<\/p>\n<ul>\n<li>Ist es Ihr Erst- oder Zweitwohnsitz?<\/li>\n<li>In welcher Stadt in Portugal befindet sich Ihr Haus?<\/li>\n<li>Wie gro\u00df ist die Wohnfl\u00e4che?<\/li>\n<li>Wie hoch ist ihr Wert?<\/li>\n<li>Wie hoch ist der Wert des zu versichernden Hausrats?<\/li>\n<li>Sind Sie Mieter oder Eigent\u00fcmer?<\/li>\n<\/ul>\n<p>Dies sind alles Fragen, die der Versicherer beantworten muss, um den Preis Ihrer Hausratversicherung in Portugal festzulegen. Es handelt sich also um einen Preis, der variabel ist und von der Situation und dem Verm\u00f6gen jedes Versicherten abh\u00e4ngt.<\/p>\n<h2>Wohngeb\u00e4ude- und Hausratversicherung in Portugal<\/h2>\n<p><img decoding=\"async\" class=\"aligncenter wp-image-3969 size-full\" src=\"https:\/\/essencial-portugal.com\/de\/wp-content\/uploads\/2019\/06\/assurance-habitation-portugal.jpg\" alt=\"home insurance in Portugal\" width=\"1088\" height=\"548\" srcset=\"https:\/\/essencial-portugal.com\/de\/wp-content\/uploads\/2019\/06\/assurance-habitation-portugal.jpg 1088w, https:\/\/essencial-portugal.com\/de\/wp-content\/uploads\/2019\/06\/assurance-habitation-portugal-300x151.jpg 300w, https:\/\/essencial-portugal.com\/de\/wp-content\/uploads\/2019\/06\/assurance-habitation-portugal-768x387.jpg 768w, https:\/\/essencial-portugal.com\/de\/wp-content\/uploads\/2019\/06\/assurance-habitation-portugal-1024x516.jpg 1024w\" sizes=\"(max-width: 1088px) 100vw, 1088px\" \/><\/p>\n<p>Im Gegensatz zu Vermietern sind Sie als Mieter in Portugal nicht verpflichtet, eine Hausratversicherung abzuschlie\u00dfen. Es ist jedoch Ihre Pflicht, sich zu vergewissern, dass Ihr Vermieter eine Feuerversicherung f\u00fcr die von Ihnen bewohnte Immobilie abgeschlossen hat. Dabei handelt es sich um eine Mindestversicherung, die im Falle eines Brandes nur die W\u00e4nde abdeckt.<\/p>\n<p>Auch wenn Sie dazu nicht verpflichtet sind, k\u00f6nnen Sie sich als Vermieter mit einer Hausratversicherung in Portugal gegen verschiedene Dinge absichern, gegen die Sie nicht versichert sind, wenn Sie selbst keine Versicherung abgeschlossen haben:<\/p>\n<ul>\n<li>Versicherung f\u00fcr Ihr Eigentum<\/li>\n<li>Versicherung f\u00fcr Sch\u00e4den, die Sie in Ihrem Haus verursachen<\/li>\n<li>Versicherung Ihrer Haftpflicht<\/li>\n<\/ul>\n<p>Es wird daher dringend empfohlen, auch als Mieter eine portugiesische Hausratversicherung abzuschlie\u00dfen, um sich gegen etwaige Probleme mit Ihrem Vermieter oder Ihren Nachbarn abzusichern.<\/p>\n<p>Bitte beachten Sie, dass mein englischsprachiger Mitarbeiter, der auf Versicherungen in Portugal spezialisiert ist, nur Hausversicherungen anbietet, die die Haftpflicht der Bewohner der Wohnung abdecken. Diese Haftpflicht deckt alle Mitglieder Ihrer Familie und k\u00f6rperliche oder materielle Sch\u00e4den ab, die Sie Dritten zuf\u00fcgen. So k\u00f6nnen Sie beruhigt sein und alle m\u00f6glichen Probleme im Zusammenhang mit Ihrem Haus, wie Einbruch, Feuer oder Wassersch\u00e4den, vermeiden.<\/p>\n<h2>Mehrgefahren-Hausratversicherung in Portugal<\/h2>\n<p>Eine Multi-Risk-Versicherung umfasst in der Regel eine Reihe von vorgegebenen Deckungen. Es ist auch m\u00f6glich, zus\u00e4tzliche Deckungen hinzuzuf\u00fcgen, die nat\u00fcrlich die Kosten Ihrer Versicherung beeinflussen.<\/p>\n<ul>\n<li>Eine Hausratversicherung mit mehreren Risiken bietet eine breite Palette von Deckungen, darunter:<\/li>\n<li>Behebung von Geb\u00e4udesch\u00e4den, die durch andere Faktoren als Feuer verursacht wurden (\u00dcberschwemmungen, St\u00fcrme und elektrische Gefahren)<\/li>\n<li>Schutz des beweglichen Eigentums der Wohnung durch die Behebung von Sch\u00e4den, die daran verursacht werden<\/li>\n<li>Eine Entsch\u00e4digung f\u00fcr Diebstahl<\/li>\n<li>Eine Entsch\u00e4digung f\u00fcr den Tod des Versicherten oder seines Ehegatten infolge von Brand, Blitzschlag, Explosion oder Diebstahl, wenn diese Ereignisse in der Wohnung eingetreten sind.<\/li>\n<li>Deckung der zivilrechtlichen Haftung des Versicherten und der Personen in seinem Haushalt, wenn es notwendig ist, Dritte f\u00fcr den entstandenen Schaden zu entsch\u00e4digen.<\/li>\n<\/ul>\n<p>Beachten Sie, dass die Banken in der Regel eine Mehrgefahrenversicherung verlangen, wenn Sie einen Kredit f\u00fcr den Kauf eines Hauses aufnehmen wollen, und dass Sie eine Erdbebenversicherung abschlie\u00dfen m\u00fcssen.<\/p>\n<h2>Kriterien f\u00fcr die Wahl einer Hausratversicherung in Portugal<\/h2>\n<p><img decoding=\"async\" class=\"aligncenter wp-image-3970 size-full\" src=\"https:\/\/essencial-portugal.com\/de\/wp-content\/uploads\/2019\/06\/courtier-assurance-habitation-portugal.jpg\" alt=\"home insurance broker portugal\" width=\"960\" height=\"550\" srcset=\"https:\/\/essencial-portugal.com\/de\/wp-content\/uploads\/2019\/06\/courtier-assurance-habitation-portugal.jpg 960w, https:\/\/essencial-portugal.com\/de\/wp-content\/uploads\/2019\/06\/courtier-assurance-habitation-portugal-300x172.jpg 300w, https:\/\/essencial-portugal.com\/de\/wp-content\/uploads\/2019\/06\/courtier-assurance-habitation-portugal-768x440.jpg 768w\" sizes=\"(max-width: 960px) 100vw, 960px\" \/><\/p>\n<h3>Evaluieren Sie Ihren Bedarf<\/h3>\n<p>Wenn Sie eine Hausratversicherung abschlie\u00dfen wollen, m\u00fcssen Sie sich zun\u00e4chst fragen, was Sie versichern wollen.<\/p>\n<ul>\n<li>Wollen Sie nur die W\u00e4nde versichern oder auch Ihre M\u00f6bel?<\/li>\n<li>Ist ein Schutz gegen Erdbeben unerl\u00e4sslich? (In Lissabon ist das Risiko h\u00f6her)<\/li>\n<\/ul>\n<p>Eine Analyse sollte immer unter Ber\u00fccksichtigung Ihrer spezifischen Situation erfolgen: Eine \u00dcberschwemmungsversicherung kann f\u00fcr eine Erdgeschosswohnung auf Madeira wichtig sein, f\u00fcr eine Wohnung im dritten Stock in den H\u00fcgeln von Lissabon jedoch weniger.<\/p>\n<p>Auch wenn eine Vollkaskoversicherung bereits einige Grundgarantien enth\u00e4lt, k\u00f6nnen Sie sie immer an Ihre speziellen Bed\u00fcrfnisse anpassen, indem Sie zus\u00e4tzliche Garantien hinzuf\u00fcgen, zu denen Sie ein englischsprachiger Versicherungsmakler beraten kann.<\/p>\n<h3>Legen Sie Ihr Budget fest<\/h3>\n<p>Es ist wichtig, im Voraus zu entscheiden, wie viel Sie f\u00fcr Ihre Hausratversicherung in Portugal ausgeben m\u00f6chten, damit Sie Ihre pers\u00f6nlichen Finanzen gut verwalten k\u00f6nnen und verstehen, wie weit Sie bereit sind, bestimmte Schutzma\u00dfnahmen abzuschlie\u00dfen. Bitte beachten Sie, dass die Versicherungssumme nat\u00fcrlich umso h\u00f6her ist, je umfassender der Versicherungsschutz ist.<\/p>\n<h3>Zu versichernde Sachen<\/h3>\n<p>Die Bewertung des versicherten Kapitals f\u00fcr Mauern wird auf der Grundlage der Fl\u00e4che des Geb\u00e4udes multipliziert mit dem Wiederaufbauwert pro m2 der Wohnfl\u00e4che berechnet.<\/p>\n<p>Der Wert des Grundst\u00fccks wird nicht ber\u00fccksichtigt, so dass der Wiederherstellungswert immer viel niedriger sein wird als der Gesamtwert Ihrer Immobilie, wenn es sich um ein Haus handelt. Die N\u00e4he der zu versichernden Wohnung zu \u00f6ffentlichen Verkehrsmitteln, Einkaufsm\u00f6glichkeiten, Sonneneinstrahlung und anderen Punkten, die den Wert einer Immobilie bestimmen, werden bei der Hausratversicherung in Portugal nicht ber\u00fccksichtigt.<\/p>\n<h3>Der Inhalt Ihrer Wohnung<\/h3>\n<p>Es gibt keine Formel zur Berechnung des Werts Ihres Hausrats. In diesem Fall m\u00fcssen Sie wissen, was Sie in Ihrer Wohnung haben. Diese Bewertung sollte sicherstellen, dass der Wert der Versicherung in Portugal ausreicht, um alle in Ihrer Wohnung befindlichen G\u00fcter wie M\u00f6bel, Ger\u00e4te, Kleidung und andere Besitzt\u00fcmer zu ersetzen. Nat\u00fcrlich ist es ideal, wenn Sie alle Rechnungen haben, aber das ist selten der Fall.<\/p>\n<p>Wenn Sie besondere Gegenst\u00e4nde wie Schmuck, Gem\u00e4lde, Wandteppiche oder Antiquit\u00e4ten besitzen, sollten diese im Rahmen der Hausratversicherung einzeln bewertet werden. Andernfalls zahlt der Versicherer in der Regel nur bis zu 1.500 Euro pro Gegenstand, auch wenn der Wert h\u00f6her ist.<\/p>\n<h2 id=\"6\">Pflichten des Versicherten in Portugal<\/h2>\n<p>Es gibt Verpflichtungen, die der Versicherte im Schadensfall zu erf\u00fcllen hat.\u00a0Er ist verpflichtet, dem Versicherer den Schadenfall so schnell wie m\u00f6glich schriftlich zu melden und dabei zu erl\u00e4utern:<\/p>\n<ul>\n<li>Wie der Schaden eingetreten ist<\/li>\n<li>Die Ursachen und Folgen<\/li>\n<li>Diese Meldung darf keinesfalls l\u00e4nger als acht Tage dauern, nachdem der Versicherte von dem Ereignis Kenntnis erlangt hat.<\/li>\n<\/ul>\n<p>Der Versicherte ist verpflichtet, so weit wie m\u00f6glich die in seiner Macht stehenden Ma\u00dfnahmen zu ergreifen, um die Folgen des Unfalls zu verhindern oder zu begrenzen, und dem Versicherer auf Anfrage alle Informationen \u00fcber den Unfall und seine Folgen zur Verf\u00fcgung zu stellen.<\/p>\n<p>H\u00e4lt der Versicherte nicht alle gesetzlich vorgeschriebenen Sicherheitsvorschriften, die gesetzlichen Bestimmungen und die Vertragsbedingungen ein, k\u00f6nnen sich der Versicherungsschutz und die H\u00f6he der Entsch\u00e4digung \u00e4ndern.<\/p>\n<h2 id=\"6\">Insurer&#8217;s obligations in Portugal<\/h2>\n<p>Auch der Versicherer hat im Falle eines Unfalls Pflichten und muss mit Sorgfalt handeln.<\/p>\n<p>In Portugal obliegt es dem Versicherer:<\/p>\n<ul>\n<li>Untersuchung des Unfalls<\/li>\n<li>Den Schaden zu bewerten und zu beheben, sobald die Untersuchung und die Schadensbewertung abgeschlossen sind<\/li>\n<\/ul>\n<p>Tut er dies nicht innerhalb der vorgeschriebenen Frist von 30 Tagen, kann er Zinsen auf den Entsch\u00e4digungsbetrag zahlen.<\/p>\n<h2 id=\"form\">Englischsprachiger Hausratversicherungsmakler Portugal<\/h2>\n<p style=\"text-align: center;\"><div class=\"wpforms-container wpforms-container-full\" id=\"wpforms-5160\"><form id=\"wpforms-form-5160\" class=\"wpforms-validate wpforms-form\" data-formid=\"5160\" method=\"post\" enctype=\"multipart\/form-data\" action=\"\/de\/wp-json\/wp\/v2\/pages\/3878\" data-token=\"5ade3717ce15497cf9d516a661cd24e8\" data-token-time=\"1776643271\"><noscript class=\"wpforms-error-noscript\">Please enable JavaScript in your browser to complete this form.<\/noscript><div class=\"wpforms-field-container\"><div id=\"wpforms-5160-field_0-container\" class=\"wpforms-field wpforms-field-name\" data-field-id=\"0\"><label class=\"wpforms-field-label\" for=\"wpforms-5160-field_0\">Name <span class=\"wpforms-required-label\">*<\/span><\/label><div class=\"wpforms-field-row wpforms-field-medium\"><div class=\"wpforms-field-row-block wpforms-first wpforms-one-half\"><input type=\"text\" id=\"wpforms-5160-field_0\" class=\"wpforms-field-name-first wpforms-field-required\" name=\"wpforms[fields][0][first]\" required><label for=\"wpforms-5160-field_0\" class=\"wpforms-field-sublabel after wpforms-sublabel-hide\">First<\/label><\/div><div class=\"wpforms-field-row-block wpforms-one-half\"><input type=\"text\" id=\"wpforms-5160-field_0-last\" class=\"wpforms-field-name-last wpforms-field-required\" name=\"wpforms[fields][0][last]\" required><label for=\"wpforms-5160-field_0-last\" class=\"wpforms-field-sublabel after wpforms-sublabel-hide\">Last<\/label><\/div><\/div><\/div><div id=\"wpforms-5160-field_1-container\" class=\"wpforms-field wpforms-field-email\" data-field-id=\"1\"><label class=\"wpforms-field-label\" for=\"wpforms-5160-field_1\">E-mail <span class=\"wpforms-required-label\">*<\/span><\/label><input type=\"email\" id=\"wpforms-5160-field_1\" class=\"wpforms-field-medium wpforms-field-required\" name=\"wpforms[fields][1]\" spellcheck=\"false\" required><\/div><div id=\"wpforms-5160-field_3-container\" class=\"wpforms-field wpforms-field-text\" data-field-id=\"3\"><label class=\"wpforms-field-label\" for=\"wpforms-5160-field_3\">Phone <span class=\"wpforms-required-label\">*<\/span><\/label><input type=\"text\" id=\"wpforms-5160-field_3\" class=\"wpforms-field-medium wpforms-field-required\" name=\"wpforms[fields][3]\" required><\/div><div id=\"wpforms-5160-field_4-container\" class=\"wpforms-field wpforms-field-text\" data-field-id=\"4\"><label class=\"wpforms-field-label\" for=\"wpforms-5160-field_4\">Date of Birth <span class=\"wpforms-required-label\">*<\/span><\/label><input type=\"text\" id=\"wpforms-5160-field_4\" class=\"wpforms-field-medium wpforms-field-required\" name=\"wpforms[fields][4]\" required><\/div><div id=\"wpforms-5160-field_5-container\" class=\"wpforms-field wpforms-field-text\" data-field-id=\"5\"><label class=\"wpforms-field-label\" for=\"wpforms-5160-field_5\">TIN \/ PASSPORT <span class=\"wpforms-required-label\">*<\/span><\/label><input type=\"text\" id=\"wpforms-5160-field_5\" class=\"wpforms-field-medium wpforms-field-required\" name=\"wpforms[fields][5]\" required><\/div><div id=\"wpforms-5160-field_8-container\" class=\"wpforms-field wpforms-field-text\" data-field-id=\"8\"><label class=\"wpforms-field-label\" for=\"wpforms-5160-field_8\">Postal Code <span class=\"wpforms-required-label\">*<\/span><\/label><input type=\"text\" id=\"wpforms-5160-field_8\" class=\"wpforms-field-medium wpforms-field-required\" name=\"wpforms[fields][8]\" required><\/div><div id=\"wpforms-5160-field_9-container\" class=\"wpforms-field wpforms-field-select wpforms-field-select-style-classic\" data-field-id=\"9\"><label class=\"wpforms-field-label\" for=\"wpforms-5160-field_9\">Type of housing <span class=\"wpforms-required-label\">*<\/span><\/label><select id=\"wpforms-5160-field_9\" class=\"wpforms-field-medium wpforms-field-required\" name=\"wpforms[fields][9]\" required=\"required\"><option value=\"High-rise apartment\"  class=\"choice-1 depth-1\"  >High-rise apartment<\/option><option value=\"Apartment on the ground floor\"  class=\"choice-2 depth-1\"  >Apartment on the ground floor<\/option><option value=\"Top floor apartment\"  class=\"choice-3 depth-1\"  >Top floor apartment<\/option><option value=\"Detached house\"  class=\"choice-4 depth-1\"  >Detached house<\/option><option value=\"Attached house\"  class=\"choice-5 depth-1\"  >Attached house<\/option><\/select><\/div><div id=\"wpforms-5160-field_10-container\" class=\"wpforms-field wpforms-field-text\" data-field-id=\"10\"><label class=\"wpforms-field-label\" for=\"wpforms-5160-field_10\">Total built area in m\u00b2 <span class=\"wpforms-required-label\">*<\/span><\/label><input type=\"text\" id=\"wpforms-5160-field_10\" class=\"wpforms-field-medium wpforms-field-required\" name=\"wpforms[fields][10]\" required><\/div><div id=\"wpforms-5160-field_11-container\" class=\"wpforms-field wpforms-field-text\" data-field-id=\"11\"><label class=\"wpforms-field-label\" for=\"wpforms-5160-field_11\">Year of construction <span class=\"wpforms-required-label\">*<\/span><\/label><input type=\"text\" id=\"wpforms-5160-field_11\" class=\"wpforms-field-medium wpforms-field-required\" name=\"wpforms[fields][11]\" required><\/div><div id=\"wpforms-5160-field_12-container\" class=\"wpforms-field wpforms-field-select wpforms-field-select-style-classic\" data-field-id=\"12\"><label class=\"wpforms-field-label\" for=\"wpforms-5160-field_12\">Housing regime<\/label><select id=\"wpforms-5160-field_12\" class=\"wpforms-field-medium\" name=\"wpforms[fields][12]\"><option value=\"Renter\"  class=\"choice-1 depth-1\"  >Renter<\/option><option value=\"Owner-occupant\"  class=\"choice-2 depth-1\"  >Owner-occupant<\/option><option value=\"Non-occupant owner\"  class=\"choice-3 depth-1\"  >Non-occupant owner<\/option><option value=\"Property for rent\"  class=\"choice-4 depth-1\"  >Property for rent<\/option><\/select><\/div><div id=\"wpforms-5160-field_13-container\" class=\"wpforms-field wpforms-field-text\" data-field-id=\"13\"><label class=\"wpforms-field-label\" for=\"wpforms-5160-field_13\">Value of your furniture in euros <span class=\"wpforms-required-label\">*<\/span><\/label><input type=\"text\" id=\"wpforms-5160-field_13\" class=\"wpforms-field-medium wpforms-field-required\" name=\"wpforms[fields][13]\" required><\/div><div id=\"wpforms-5160-field_2-container\" class=\"wpforms-field wpforms-field-textarea\" data-field-id=\"2\"><label class=\"wpforms-field-label\" for=\"wpforms-5160-field_2\">Further information <span class=\"wpforms-required-label\">*<\/span><\/label><textarea id=\"wpforms-5160-field_2\" class=\"wpforms-field-medium wpforms-field-required\" name=\"wpforms[fields][2]\" required><\/textarea><\/div><\/div><!-- .wpforms-field-container --><div class=\"wpforms-field wpforms-field-hp\"><label for=\"wpforms-5160-field-hp\" class=\"wpforms-field-label\">Email<\/label><input type=\"text\" name=\"wpforms[hp]\" id=\"wpforms-5160-field-hp\" class=\"wpforms-field-medium\"><\/div><div class=\"wpforms-submit-container\" ><input type=\"hidden\" name=\"wpforms[id]\" value=\"5160\"><input type=\"hidden\" name=\"page_title\" value=\"\"><input type=\"hidden\" name=\"page_url\" value=\"https:\/\/essencial-portugal.com\/de\/wp-json\/wp\/v2\/pages\/3878\"><input type=\"hidden\" name=\"url_referer\" value=\"\"><button type=\"submit\" name=\"wpforms[submit]\" id=\"wpforms-submit-5160\" class=\"wpforms-submit\" data-alt-text=\"Sending...\" data-submit-text=\"Send\" aria-live=\"assertive\" value=\"wpforms-submit\">Send<\/button><\/div><\/form><\/div>  <!-- .wpforms-container --><\/p>\n<blockquote><p>Indem Sie das Kontaktformular best\u00e4tigen, erm\u00e4chtigen Sie mich, Ihre Anfrage an einen englischsprachigen Versicherungsmakler weiterzuleiten, der sich direkt mit Ihnen in Verbindung setzen kann. Nichts ist automatisiert: Es handelt sich um Personen, die ich kenne, die in Lissabon ans\u00e4ssig sind und die qualifiziert sind, Sie bei Ihrem Ansatz und Ihrem Projekt zu begleiten.<\/p><\/blockquote>\n<h2>Versicherung in Portugal<\/h2>\n<p>Im Folgenden finden Sie alle Versicherungen in Portugal, f\u00fcr die Sie sich an meinen spezialisierten Partner-Makler wenden k\u00f6nnen:<\/p>\n<ul>\n<li><a href=\"https:\/\/essencial-portugal.com\/de\/nachrichten-portugal\/krankenversicherungen-portugal-moglichkeiten\/\">Krankenversicherung Portugal<\/a><\/li>\n<li><a href=\"https:\/\/essencial-portugal.com\/de\/versicherung-portugal\/motorradversicherung-portugal\/\">Motorradversicherung Portugal<\/a><\/li>\n<li><a href=\"https:\/\/essencial-portugal.com\/de\/versicherung-portugal\/lebensversicherung-portugal\/\">Lebensversicherung Portugal<\/a><\/li>\n<li><a href=\"https:\/\/essencial-portugal.com\/de\/versicherung-portugal\/zahnversicherung-portugal\/\">Zahnversicherung Portugal<\/a><\/li>\n<li><a href=\"https:\/\/essencial-portugal.com\/de\/versicherung-portugal\/autoversicherung-portugal\/\">Autoversicherung Portugal<\/a><\/li>\n<li><a href=\"https:\/\/essencial-portugal.com\/de\/versicherung-portugal\/bootsversicherung-portugal\/\">Bootsversicherung Portugal<\/a><\/li>\n<\/ul>\n<p>&nbsp;<\/p>\n<div id=\"gtx-trans\" style=\"position: absolute; left: 571px; top: 721px;\">\n<div class=\"gtx-trans-icon\"><\/div>\n<\/div>\n","protected":false},"excerpt":{"rendered":"<p>Die Hausratversicherung in Portugal ist f\u00fcr Eigent\u00fcmer obligatorisch, nicht aber f\u00fcr Mieter. Die Versicherungspr\u00e4mie h\u00e4ngt von vielen Faktoren und der Wahl der richtigen Hausratversicherung f\u00fcr das ab, was Sie in Ihrem Namen versichern m\u00f6chten. Eine Vollkaskoversicherung ist nicht obligatorisch, aber der Eigent\u00fcmer einer Immobilie in Portugal ist verpflichtet, zumindest eine Feuerversicherung abzuschlie\u00dfen, die die W\u00e4nde [&hellip;]<\/p>\n","protected":false},"author":1,"featured_media":3969,"parent":3166,"menu_order":0,"comment_status":"closed","ping_status":"closed","template":"","meta":{"om_disable_all_campaigns":false,"_monsterinsights_skip_tracking":false,"_monsterinsights_sitenote_active":false,"_monsterinsights_sitenote_note":"","_monsterinsights_sitenote_category":0,"_uf_show_specific_survey":0,"_uf_disable_surveys":false,"site-sidebar-layout":"default","site-content-layout":"default","ast-site-content-layout":"default","site-content-style":"default","site-sidebar-style":"default","ast-global-header-display":"","ast-banner-title-visibility":"","ast-main-header-display":"","ast-hfb-above-header-display":"","ast-hfb-below-header-display":"","ast-hfb-mobile-header-display":"","site-post-title":"","ast-breadcrumbs-content":"","ast-featured-img":"","footer-sml-layout":"","ast-disable-related-posts":"","theme-transparent-header-meta":"default","adv-header-id-meta":"","stick-header-meta":"","header-above-stick-meta":"","header-main-stick-meta":"","header-below-stick-meta":"","astra-migrate-meta-layouts":"default","ast-page-background-enabled":"default","ast-page-background-meta":{"desktop":{"background-color":"","background-image":"","background-repeat":"repeat","background-position":"center center","background-size":"auto","background-attachment":"scroll","background-type":"","background-media":"","overlay-type":"","overlay-color":"","overlay-opacity":"","overlay-gradient":""},"tablet":{"background-color":"","background-image":"","background-repeat":"repeat","background-position":"center center","background-size":"auto","background-attachment":"scroll","background-type":"","background-media":"","overlay-type":"","overlay-color":"","overlay-opacity":"","overlay-gradient":""},"mobile":{"background-color":"","background-image":"","background-repeat":"repeat","background-position":"center center","background-size":"auto","background-attachment":"scroll","background-type":"","background-media":"","overlay-type":"","overlay-color":"","overlay-opacity":"","overlay-gradient":""}},"ast-content-background-meta":{"desktop":{"background-color":"var(--ast-global-color-5)","background-image":"","background-repeat":"repeat","background-position":"center center","background-size":"auto","background-attachment":"scroll","background-type":"","background-media":"","overlay-type":"","overlay-color":"","overlay-opacity":"","overlay-gradient":""},"tablet":{"background-color":"var(--ast-global-color-5)","background-image":"","background-repeat":"repeat","background-position":"center center","background-size":"auto","background-attachment":"scroll","background-type":"","background-media":"","overlay-type":"","overlay-color":"","overlay-opacity":"","overlay-gradient":""},"mobile":{"background-color":"var(--ast-global-color-5)","background-image":"","background-repeat":"repeat","background-position":"center center","background-size":"auto","background-attachment":"scroll","background-type":"","background-media":"","overlay-type":"","overlay-color":"","overlay-opacity":"","overlay-gradient":""}},"footnotes":""},"class_list":["post-3878","page","type-page","status-publish","has-post-thumbnail","hentry"],"aioseo_notices":[],"_links":{"self":[{"href":"https:\/\/essencial-portugal.com\/de\/wp-json\/wp\/v2\/pages\/3878","targetHints":{"allow":["GET"]}}],"collection":[{"href":"https:\/\/essencial-portugal.com\/de\/wp-json\/wp\/v2\/pages"}],"about":[{"href":"https:\/\/essencial-portugal.com\/de\/wp-json\/wp\/v2\/types\/page"}],"author":[{"embeddable":true,"href":"https:\/\/essencial-portugal.com\/de\/wp-json\/wp\/v2\/users\/1"}],"replies":[{"embeddable":true,"href":"https:\/\/essencial-portugal.com\/de\/wp-json\/wp\/v2\/comments?post=3878"}],"version-history":[{"count":0,"href":"https:\/\/essencial-portugal.com\/de\/wp-json\/wp\/v2\/pages\/3878\/revisions"}],"up":[{"embeddable":true,"href":"https:\/\/essencial-portugal.com\/de\/wp-json\/wp\/v2\/pages\/3166"}],"wp:featuredmedia":[{"embeddable":true,"href":"https:\/\/essencial-portugal.com\/de\/wp-json\/wp\/v2\/media\/3969"}],"wp:attachment":[{"href":"https:\/\/essencial-portugal.com\/de\/wp-json\/wp\/v2\/media?parent=3878"}],"curies":[{"name":"wp","href":"https:\/\/api.w.org\/{rel}","templated":true}]}}