{"id":3888,"date":"2019-06-30T10:01:21","date_gmt":"2019-06-30T10:01:21","guid":{"rendered":"https:\/\/essencial-portugal.com\/fr\/?page_id=3888"},"modified":"2023-03-01T09:03:33","modified_gmt":"2023-03-01T09:03:33","slug":"zahnversicherung-portugal","status":"publish","type":"page","link":"https:\/\/essencial-portugal.com\/de\/versicherung-portugal\/zahnversicherung-portugal\/","title":{"rendered":"Zahnversicherung in Portugal"},"content":{"rendered":"<p>Eine Zahnversicherung kann in Portugal oder anderswo in Ihrer Krankenversicherung enthalten sein, aber das ist nicht immer der Fall. Sie haben also die M\u00f6glichkeit, sie unabh\u00e4ngig zu einem nicht sehr hohen Preis abzuschlie\u00dfen, was es Ihnen erm\u00f6glicht, Ihre Mundgesundheit angemessen zu behandeln, sobald Sie sich im Land niedergelassen haben.<\/p>\n<p><img fetchpriority=\"high\" decoding=\"async\" class=\"aligncenter wp-image-3961 size-full\" src=\"https:\/\/essencial-portugal.com\/de\/wp-content\/uploads\/2019\/06\/assurance-dentaire-portugal.jpg\" alt=\"portugal dental insurance\" width=\"1920\" height=\"600\" srcset=\"https:\/\/essencial-portugal.com\/de\/wp-content\/uploads\/2019\/06\/assurance-dentaire-portugal.jpg 1920w, https:\/\/essencial-portugal.com\/de\/wp-content\/uploads\/2019\/06\/assurance-dentaire-portugal-300x94.jpg 300w, https:\/\/essencial-portugal.com\/de\/wp-content\/uploads\/2019\/06\/assurance-dentaire-portugal-768x240.jpg 768w, https:\/\/essencial-portugal.com\/de\/wp-content\/uploads\/2019\/06\/assurance-dentaire-portugal-1024x320.jpg 1024w\" sizes=\"(max-width: 1920px) 100vw, 1920px\" \/><\/p>\n<p>Es ist zu beachten, dass der staatliche Gesundheitsdienst in Portugal keine zahn\u00e4rztliche Versorgung garantiert. Und diese Spezialit\u00e4t wird von den meisten Krankenkassen nicht \u00fcbernommen, wenn Sie sie nicht bei Vertragsabschluss beantragen.<\/p>\n<h2>Wahl der Zahnversicherung in Portugal<\/h2>\n<p>Die verschiedenen in Portugal erh\u00e4ltlichen Zahnversicherungen zu kennen, ihre Angebote zu vergleichen, die Vertr\u00e4ge zu lesen, die R\u00fcckerstattungen und die verschiedenen Ma\u00dfnahmen zu verstehen und die richtige Wahl entsprechend Ihren Bed\u00fcrfnissen zu treffen, scheint sehr kompliziert zu sein, wenn Sie nicht flie\u00dfend Portugiesisch sprechen. Ich schlage daher vor, dass Sie sich mit einem englischsprachigen Versicherungsspezialisten in Lissabon in Verbindung setzen, der all dies f\u00fcr Sie \u00fcbernimmt. Das ist eine gute M\u00f6glichkeit, Ihr Leben zu vereinfachen und es den Profis zu \u00fcberlassen. Sie helfen Ihnen beim Vergleich, bei der Auswahl, beim Abschluss und bleiben w\u00e4hrend der gesamten Dauer Ihrer Versicherung Ihr englischsprachiger Vermittler, um die Verbindung mit der Gesellschaft herzustellen.<\/p>\n<p>Um mit ihnen in Kontakt zu treten, klicken Sie einfach auf die Schaltfl\u00e4che unten und f\u00fcllen Sie das entsprechende Formular aus. Sie werden sich in K\u00fcrze mit Ihnen in Verbindung setzen.<\/p>\n<p>&nbsp;<\/p>\n<p style=\"text-align: center;\"><a class=\"maxbutton-3 maxbutton maxbutton-form\" href=\"#form\"><span class='mb-text'>KONTAKT<\/span><\/a><\/p>\n<p>&nbsp;<\/p>\n<h2>Zahnversicherung in Portugal: Wie funktioniert sie?<\/h2>\n<p>Nach einer Untersuchung, um herauszufinden, was Sie und Ihre Familie an zahn\u00e4rztlichem Versicherungsschutz ben\u00f6tigen, k\u00f6nnen Sie Simulationen von einem Versicherungsfachmann in Portugal durchf\u00fchren lassen oder sie selbst durchf\u00fchren. So k\u00f6nnen Sie sich \u00fcber die Angebote informieren und dasjenige finden, das am besten zu Ihren Zielen passt.<\/p>\n<p>Die meisten Versicherungsgesellschaften verf\u00fcgen \u00fcber ein Netz von \u00c4rzten, die Sie aufsuchen m\u00fcssen, damit der Versicherungsschutz funktioniert. Keine Sorge, das Netz von Zahn\u00e4rzten in Portugal ist sehr umfangreich, aber es ist immer ratsam, sich im Voraus zu informieren, ob es in Ihrer N\u00e4he Spezialisten gibt.<\/p>\n<p>Sobald Sie sich f\u00fcr eine Zahnversicherung in Portugal entschieden haben, erhalten Sie eine Zahnversicherungskarte, die Sie dem Zahnarzt bei der Bezahlung vorlegen m\u00fcssen. Mit dieser Karte zahlen Sie nur den Teil, der der durchgef\u00fchrten medizinischen Ma\u00dfnahme entspricht. Die Betr\u00e4ge werden im Voraus in einer Tabelle festgelegt, die zwischen dem Zahnversicherer und dem Zahnarzt vereinbart wird.<\/p>\n<p>Als Inhaber einer zahn\u00e4rztlichen Krankenversicherung in Portugal zahlen Sie viel weniger als ein nicht versicherter Patient, da Sie nur die Differenz zwischen den Kosten der Konsultation und den Kosten Ihrer Versicherung in Portugal zahlen.<\/p>\n<p>Auf dem portugiesischen Markt f\u00fcr Zahnversicherungen liegen die Preise zwischen 80,00 und 200,00 Euro pro Jahr, je nachdem, wie viele Personen in Ihrer Familie Sie mitversichern m\u00f6chten.<\/p>\n<p>Aber was w\u00e4re, wenn Sie keinen einzigen Euro f\u00fcr Ihre Mundgesundheit ausgeben w\u00fcrden, anstatt zu wenig? Das ist m\u00f6glich, wenn Sie einige der Kriterien erf\u00fcllen, um zu dem Personenkreis zu geh\u00f6ren, der Anspruch auf den Zahnarztscheck hat.<\/p>\n<h2>Deckungsumfang der Zahnversicherung in Portugal<\/h2>\n<p><img decoding=\"async\" class=\"aligncenter wp-image-3962 size-full\" src=\"https:\/\/essencial-portugal.com\/de\/wp-content\/uploads\/2019\/06\/assurance-dentaire-portugal-couverture.jpg\" alt=\"dental insurance coverage portugal\" width=\"900\" height=\"474\" srcset=\"https:\/\/essencial-portugal.com\/de\/wp-content\/uploads\/2019\/06\/assurance-dentaire-portugal-couverture.jpg 900w, https:\/\/essencial-portugal.com\/de\/wp-content\/uploads\/2019\/06\/assurance-dentaire-portugal-couverture-300x158.jpg 300w, https:\/\/essencial-portugal.com\/de\/wp-content\/uploads\/2019\/06\/assurance-dentaire-portugal-couverture-768x404.jpg 768w\" sizes=\"(max-width: 900px) 100vw, 900px\" \/><\/p>\n<p>Beachten Sie, dass die Zahnversicherung das Einsetzen von Implantaten und Zahnersatz nicht immer abdeckt. Bei einigen Gesellschaften sind diese Behandlungen in den g\u00e4ngigsten Tarifen enthalten, w\u00e4hrend andere eine zus\u00e4tzliche Deckung verlangen.<\/p>\n<p>Im Folgenden finden Sie einige Operationen, die von der portugiesischen Zahnversicherung abgedeckt werden. Bitte beachten Sie, dass es sich hierbei nur um ein Beispiel handelt; die Einzelheiten werden in Ihrem Versicherungsvertrag aufgef\u00fchrt:<\/p>\n<ul>\n<li>Konsultationen<\/li>\n<li>Einfache Operationen, wie Zahnextraktion<\/li>\n<li>Dringende oder Notfall-Zahnbehandlung<\/li>\n<li>Wiederherstellung von Z\u00e4hnen<\/li>\n<li>Vorbeugung von Mundkrankheiten<\/li>\n<li>Radiologie<\/li>\n<li>Behandlung von Wurzelkan\u00e4len<\/li>\n<li>Anwendung von Fluor und Kitt<\/li>\n<\/ul>\n<h2>Lohnt sich eine Zahnversicherung?<\/h2>\n<p>Eine Zahnversicherung lohnt sich aus mehreren Gr\u00fcnden.\u00a0Zun\u00e4chst einmal bietet sie ein besseres Preis-Leistungs-Verh\u00e4ltnis als eine Krankenversicherung mit vollem Zahnschutz. Diese Art von Basisoption macht die Versicherung nicht viel teurer, aber wenn Sie eine umfassendere Versicherung ben\u00f6tigen, kann sich das schnell summieren.<\/p>\n<p>Eine Zahnversicherung wird zweifellos Ihre Mundgesundheit verbessern. Zahnbehandlungen ohne Versicherungsschutz werden Sie viel Geld kosten, so dass Sie seltener zum Zahnarzt gehen werden. Da die Zahnversicherung jeden Monat bezahlt wird, k\u00f6nnen Sie regelm\u00e4\u00dfiger und zu niedrigeren Kosten zum Zahnarzt gehen. Ein sicherer Weg, Ihre Z\u00e4hne zu pflegen und Karies zu vermeiden.<\/p>\n<p>&nbsp;<\/p>\n<p><img decoding=\"async\" class=\"aligncenter size-full wp-image-3963\" src=\"https:\/\/essencial-portugal.com\/de\/wp-content\/uploads\/2019\/06\/courtier-assurance-dentaire-portugal.jpg\" alt=\"courtier assurance dentaire portugal\" width=\"900\" height=\"600\" srcset=\"https:\/\/essencial-portugal.com\/de\/wp-content\/uploads\/2019\/06\/courtier-assurance-dentaire-portugal.jpg 900w, https:\/\/essencial-portugal.com\/de\/wp-content\/uploads\/2019\/06\/courtier-assurance-dentaire-portugal-300x200.jpg 300w, https:\/\/essencial-portugal.com\/de\/wp-content\/uploads\/2019\/06\/courtier-assurance-dentaire-portugal-768x512.jpg 768w\" sizes=\"(max-width: 900px) 100vw, 900px\" \/><\/p>\n<p>Ein weiterer wichtiger Punkt ist, dass sich Zahnschmerzen nicht verhindern lassen und ohne Vorwarnung auftreten. In diesem Fall m\u00fcssen Sie schnell handeln, und Sie haben keine L\u00f6sung, wenn Sie nicht versichert sind. Die Zahnversicherung wird ganzj\u00e4hrig gezahlt und sorgt daf\u00fcr, dass Sie auf Probleme vorbereitet sind, die jederzeit auftreten k\u00f6nnen, und dass Sie schnell einen Termin bei Ihrem Zahnarzt vereinbaren k\u00f6nnen.<\/p>\n<p>Ich glaube, dass der Preis das ganze Jahr \u00fcber weitgehend erstattet wird und rate Ihnen daher ohne zu z\u00f6gern, eine Zahnversicherung in Portugal abzuschlie\u00dfen.<\/p>\n<h2 id=\"form\">Englischsprachiger Zahnversicherungsmakler Portugal<\/h2>\n<p style=\"text-align: center;\"><div class=\"wpforms-container wpforms-container-full\" id=\"wpforms-5162\"><form id=\"wpforms-form-5162\" class=\"wpforms-validate wpforms-form\" data-formid=\"5162\" method=\"post\" enctype=\"multipart\/form-data\" action=\"\/de\/wp-json\/wp\/v2\/pages\/3888\" data-token=\"76855c69a2c09d5aa0597f40d1fc15b7\" data-token-time=\"1776643271\"><noscript class=\"wpforms-error-noscript\">Please enable JavaScript in your browser to complete this form.<\/noscript><div class=\"wpforms-field-container\"><div id=\"wpforms-5162-field_0-container\" class=\"wpforms-field wpforms-field-name\" data-field-id=\"0\"><label class=\"wpforms-field-label\" for=\"wpforms-5162-field_0\">Name <span class=\"wpforms-required-label\">*<\/span><\/label><div class=\"wpforms-field-row wpforms-field-medium\"><div class=\"wpforms-field-row-block wpforms-first wpforms-one-half\"><input type=\"text\" id=\"wpforms-5162-field_0\" class=\"wpforms-field-name-first wpforms-field-required\" name=\"wpforms[fields][0][first]\" required><label for=\"wpforms-5162-field_0\" class=\"wpforms-field-sublabel after wpforms-sublabel-hide\">First<\/label><\/div><div class=\"wpforms-field-row-block wpforms-one-half\"><input type=\"text\" id=\"wpforms-5162-field_0-last\" class=\"wpforms-field-name-last wpforms-field-required\" name=\"wpforms[fields][0][last]\" required><label for=\"wpforms-5162-field_0-last\" class=\"wpforms-field-sublabel after wpforms-sublabel-hide\">Last<\/label><\/div><\/div><\/div><div id=\"wpforms-5162-field_1-container\" class=\"wpforms-field wpforms-field-email\" data-field-id=\"1\"><label class=\"wpforms-field-label\" for=\"wpforms-5162-field_1\">E-mail <span class=\"wpforms-required-label\">*<\/span><\/label><input type=\"email\" id=\"wpforms-5162-field_1\" class=\"wpforms-field-medium wpforms-field-required\" name=\"wpforms[fields][1]\" spellcheck=\"false\" required><\/div><div id=\"wpforms-5162-field_3-container\" class=\"wpforms-field wpforms-field-text\" data-field-id=\"3\"><label class=\"wpforms-field-label\" for=\"wpforms-5162-field_3\">Phone <span class=\"wpforms-required-label\">*<\/span><\/label><input type=\"text\" id=\"wpforms-5162-field_3\" class=\"wpforms-field-medium wpforms-field-required\" name=\"wpforms[fields][3]\" required><\/div><div id=\"wpforms-5162-field_4-container\" class=\"wpforms-field wpforms-field-text\" data-field-id=\"4\"><label class=\"wpforms-field-label\" for=\"wpforms-5162-field_4\">Date of birth <span class=\"wpforms-required-label\">*<\/span><\/label><input type=\"text\" id=\"wpforms-5162-field_4\" class=\"wpforms-field-medium wpforms-field-required\" name=\"wpforms[fields][4]\" required><\/div><div id=\"wpforms-5162-field_7-container\" class=\"wpforms-field wpforms-field-select wpforms-field-select-style-classic\" data-field-id=\"7\"><label class=\"wpforms-field-label\" for=\"wpforms-5162-field_7\">Gender<\/label><select id=\"wpforms-5162-field_7\" class=\"wpforms-field-medium\" name=\"wpforms[fields][7]\"><option value=\"Man\"  class=\"choice-1 depth-1\"  >Man<\/option><option value=\"Woman\"  class=\"choice-2 depth-1\"  >Woman<\/option><\/select><\/div><div id=\"wpforms-5162-field_5-container\" class=\"wpforms-field wpforms-field-text\" data-field-id=\"5\"><label class=\"wpforms-field-label\" for=\"wpforms-5162-field_5\">TIN \/ PASSEPORT <span class=\"wpforms-required-label\">*<\/span><\/label><input type=\"text\" id=\"wpforms-5162-field_5\" class=\"wpforms-field-medium wpforms-field-required\" name=\"wpforms[fields][5]\" required><\/div><div id=\"wpforms-5162-field_8-container\" class=\"wpforms-field wpforms-field-text\" data-field-id=\"8\"><label class=\"wpforms-field-label\" for=\"wpforms-5162-field_8\">City in Portugal<\/label><input type=\"text\" id=\"wpforms-5162-field_8\" class=\"wpforms-field-medium\" name=\"wpforms[fields][8]\" ><\/div><div id=\"wpforms-5162-field_9-container\" class=\"wpforms-field wpforms-field-text\" data-field-id=\"9\"><label class=\"wpforms-field-label\" for=\"wpforms-5162-field_9\">Postal Code <span class=\"wpforms-required-label\">*<\/span><\/label><input type=\"text\" id=\"wpforms-5162-field_9\" class=\"wpforms-field-medium wpforms-field-required\" name=\"wpforms[fields][9]\" required><\/div><div id=\"wpforms-5162-field_2-container\" class=\"wpforms-field wpforms-field-textarea\" data-field-id=\"2\"><label class=\"wpforms-field-label\" for=\"wpforms-5162-field_2\">Further information <span class=\"wpforms-required-label\">*<\/span><\/label><textarea id=\"wpforms-5162-field_2\" class=\"wpforms-field-medium wpforms-field-required\" name=\"wpforms[fields][2]\" required><\/textarea><\/div><\/div><!-- .wpforms-field-container --><div class=\"wpforms-field wpforms-field-hp\"><label for=\"wpforms-5162-field-hp\" class=\"wpforms-field-label\">Name<\/label><input type=\"text\" name=\"wpforms[hp]\" id=\"wpforms-5162-field-hp\" class=\"wpforms-field-medium\"><\/div><div class=\"wpforms-submit-container\" ><input type=\"hidden\" name=\"wpforms[id]\" value=\"5162\"><input type=\"hidden\" name=\"page_title\" value=\"\"><input type=\"hidden\" name=\"page_url\" value=\"https:\/\/essencial-portugal.com\/de\/wp-json\/wp\/v2\/pages\/3888\"><input type=\"hidden\" name=\"url_referer\" value=\"\"><button type=\"submit\" name=\"wpforms[submit]\" id=\"wpforms-submit-5162\" class=\"wpforms-submit\" data-alt-text=\"Sending...\" data-submit-text=\"Send\" aria-live=\"assertive\" value=\"wpforms-submit\">Send<\/button><\/div><\/form><\/div>  <!-- .wpforms-container --><\/p>\n<blockquote><p>Indem Sie das Kontaktformular best\u00e4tigen, erm\u00e4chtigen Sie mich, Ihre Anfrage an einen englischsprachigen Versicherungsmakler weiterzuleiten, der sich direkt mit Ihnen in Verbindung setzen kann. Nichts ist automatisiert: Es handelt sich um Personen, die ich kenne, die in Lissabon ans\u00e4ssig sind und die qualifiziert sind, Sie bei Ihrem Ansatz und Ihrem Projekt zu begleiten.<\/p><\/blockquote>\n<h2>Versicherung in Portugal<\/h2>\n<p>Im Folgenden finden Sie alle Versicherungen in Portugal, f\u00fcr die Sie sich an meinen spezialisierten Partner-Makler wenden k\u00f6nnen:<\/p>\n<ul>\n<li><a href=\"https:\/\/essencial-portugal.com\/de\/leben-in-lissabon-und-portugal\/krankenversicherung-und-gesundheitssystem-portugal\/\">Krankenversicherung Portugal<\/a><\/li>\n<li><a href=\"https:\/\/essencial-portugal.com\/de\/versicherung-portugal\/motorradversicherung-portugal\/\">Motorradversicherung Portugal<\/a><\/li>\n<li><a href=\"https:\/\/essencial-portugal.com\/de\/versicherung-portugal\/hausratversicherung-portugal\/\">Sachversicherung Portugal<\/a><\/li>\n<li><a href=\"https:\/\/essencial-portugal.com\/de\/versicherung-portugal\/autoversicherung-portugal\/\">Autoversicherung Portugal<\/a><\/li>\n<li><a href=\"https:\/\/essencial-portugal.com\/de\/versicherung-portugal\/bootsversicherung-portugal\/\">Bootsversicherung Portugal<\/a><\/li>\n<\/ul>\n<div id=\"gtx-trans\" style=\"position: absolute; left: 561px; top: 851.688px;\">\n<div class=\"gtx-trans-icon\"><\/div>\n<\/div>\n","protected":false},"excerpt":{"rendered":"<p>Eine Zahnversicherung kann in Portugal oder anderswo in Ihrer Krankenversicherung enthalten sein, aber das ist nicht immer der Fall. Sie haben also die M\u00f6glichkeit, sie unabh\u00e4ngig zu einem nicht sehr hohen Preis abzuschlie\u00dfen, was es Ihnen erm\u00f6glicht, Ihre Mundgesundheit angemessen zu behandeln, sobald Sie sich im Land niedergelassen haben. Es ist zu beachten, dass der [&hellip;]<\/p>\n","protected":false},"author":1,"featured_media":3962,"parent":3166,"menu_order":0,"comment_status":"closed","ping_status":"closed","template":"","meta":{"om_disable_all_campaigns":false,"_monsterinsights_skip_tracking":false,"_monsterinsights_sitenote_active":false,"_monsterinsights_sitenote_note":"","_monsterinsights_sitenote_category":0,"_uf_show_specific_survey":0,"_uf_disable_surveys":false,"site-sidebar-layout":"default","site-content-layout":"default","ast-site-content-layout":"default","site-content-style":"default","site-sidebar-style":"default","ast-global-header-display":"","ast-banner-title-visibility":"","ast-main-header-display":"","ast-hfb-above-header-display":"","ast-hfb-below-header-display":"","ast-hfb-mobile-header-display":"","site-post-title":"","ast-breadcrumbs-content":"","ast-featured-img":"","footer-sml-layout":"","ast-disable-related-posts":"","theme-transparent-header-meta":"default","adv-header-id-meta":"","stick-header-meta":"","header-above-stick-meta":"","header-main-stick-meta":"","header-below-stick-meta":"","astra-migrate-meta-layouts":"default","ast-page-background-enabled":"default","ast-page-background-meta":{"desktop":{"background-color":"","background-image":"","background-repeat":"repeat","background-position":"center center","background-size":"auto","background-attachment":"scroll","background-type":"","background-media":"","overlay-type":"","overlay-color":"","overlay-opacity":"","overlay-gradient":""},"tablet":{"background-color":"","background-image":"","background-repeat":"repeat","background-position":"center center","background-size":"auto","background-attachment":"scroll","background-type":"","background-media":"","overlay-type":"","overlay-color":"","overlay-opacity":"","overlay-gradient":""},"mobile":{"background-color":"","background-image":"","background-repeat":"repeat","background-position":"center center","background-size":"auto","background-attachment":"scroll","background-type":"","background-media":"","overlay-type":"","overlay-color":"","overlay-opacity":"","overlay-gradient":""}},"ast-content-background-meta":{"desktop":{"background-color":"var(--ast-global-color-5)","background-image":"","background-repeat":"repeat","background-position":"center center","background-size":"auto","background-attachment":"scroll","background-type":"","background-media":"","overlay-type":"","overlay-color":"","overlay-opacity":"","overlay-gradient":""},"tablet":{"background-color":"var(--ast-global-color-5)","background-image":"","background-repeat":"repeat","background-position":"center center","background-size":"auto","background-attachment":"scroll","background-type":"","background-media":"","overlay-type":"","overlay-color":"","overlay-opacity":"","overlay-gradient":""},"mobile":{"background-color":"var(--ast-global-color-5)","background-image":"","background-repeat":"repeat","background-position":"center center","background-size":"auto","background-attachment":"scroll","background-type":"","background-media":"","overlay-type":"","overlay-color":"","overlay-opacity":"","overlay-gradient":""}},"footnotes":""},"class_list":["post-3888","page","type-page","status-publish","has-post-thumbnail","hentry"],"aioseo_notices":[],"_links":{"self":[{"href":"https:\/\/essencial-portugal.com\/de\/wp-json\/wp\/v2\/pages\/3888","targetHints":{"allow":["GET"]}}],"collection":[{"href":"https:\/\/essencial-portugal.com\/de\/wp-json\/wp\/v2\/pages"}],"about":[{"href":"https:\/\/essencial-portugal.com\/de\/wp-json\/wp\/v2\/types\/page"}],"author":[{"embeddable":true,"href":"https:\/\/essencial-portugal.com\/de\/wp-json\/wp\/v2\/users\/1"}],"replies":[{"embeddable":true,"href":"https:\/\/essencial-portugal.com\/de\/wp-json\/wp\/v2\/comments?post=3888"}],"version-history":[{"count":0,"href":"https:\/\/essencial-portugal.com\/de\/wp-json\/wp\/v2\/pages\/3888\/revisions"}],"up":[{"embeddable":true,"href":"https:\/\/essencial-portugal.com\/de\/wp-json\/wp\/v2\/pages\/3166"}],"wp:featuredmedia":[{"embeddable":true,"href":"https:\/\/essencial-portugal.com\/de\/wp-json\/wp\/v2\/media\/3962"}],"wp:attachment":[{"href":"https:\/\/essencial-portugal.com\/de\/wp-json\/wp\/v2\/media?parent=3888"}],"curies":[{"name":"wp","href":"https:\/\/api.w.org\/{rel}","templated":true}]}}