{"id":3891,"date":"2019-06-30T10:01:29","date_gmt":"2019-06-30T10:01:29","guid":{"rendered":"https:\/\/essencial-portugal.com\/fr\/?page_id=3891"},"modified":"2023-03-01T09:03:19","modified_gmt":"2023-03-01T09:03:19","slug":"lebensversicherung-portugal","status":"publish","type":"page","link":"https:\/\/essencial-portugal.com\/de\/versicherung-portugal\/lebensversicherung-portugal\/","title":{"rendered":"Lebensversicherung in Portugal"},"content":{"rendered":"<p><img fetchpriority=\"high\" decoding=\"async\" class=\"aligncenter wp-image-3965 size-full\" src=\"https:\/\/essencial-portugal.com\/de\/wp-content\/uploads\/2019\/06\/assurance-vie-portugal.jpg\" alt=\"Life insurance in Portugal\" width=\"1600\" height=\"800\" srcset=\"https:\/\/essencial-portugal.com\/de\/wp-content\/uploads\/2019\/06\/assurance-vie-portugal.jpg 1600w, https:\/\/essencial-portugal.com\/de\/wp-content\/uploads\/2019\/06\/assurance-vie-portugal-300x150.jpg 300w, https:\/\/essencial-portugal.com\/de\/wp-content\/uploads\/2019\/06\/assurance-vie-portugal-768x384.jpg 768w, https:\/\/essencial-portugal.com\/de\/wp-content\/uploads\/2019\/06\/assurance-vie-portugal-1024x512.jpg 1024w\" sizes=\"(max-width: 1600px) 100vw, 1600px\" \/><\/p>\n<p>Was ist eine Lebensversicherung und wie funktioniert sie? Welchen Schutz und welche Ausschl\u00fcsse gibt es? Und warum sollte man eine Lebensversicherung abschlie\u00dfen? Auf dieser Seite finden Sie alles, was Sie \u00fcber den Abschluss einer Lebensversicherung in Portugal wissen m\u00fcssen.<\/p>\n<p>F\u00fcr die meisten Portugiesen oder Auswanderer in Portugal ist die Lebensversicherung eng mit einem Hauskredit verbunden. Das liegt ganz einfach daran, dass die meisten Banken in Portugal eine Lebensversicherung als Sicherheit f\u00fcr ein Wohnungsbaudarlehen verlangen.<\/p>\n<p>Der Grund daf\u00fcr ist einfach: Im Falle des Todes oder der Erwerbsunf\u00e4higkeit eines der Versicherungsnehmer wird die Schuld ohne Hypothek zur\u00fcckgezahlt. Der Abschluss einer Lebensversicherung in Portugal kann aber auch mit einem Schutz- und Vorsorgebed\u00fcrfnis zusammenh\u00e4ngen, n\u00e4mlich der Sicherung des finanziellen Verm\u00f6gens der Familie (insbesondere, wenn Sie Kinder haben) im Todesfall.<\/p>\n<h2>Lebensversicherung: Englischsprachiger Makler in Portugal<\/h2>\n<p>Lebensversicherungspolicen zu vergleichen, sie zu verstehen und die beste Lebensversicherung f\u00fcr Ihre Bed\u00fcrfnisse auszuw\u00e4hlen, ist schon in englischsprachigen L\u00e4ndern nicht einfach, aber in einer Fremdsprache wie Portugiesisch wird es noch schwieriger sein. Es ist wichtig, dass Sie sich von einem Versicherungsexperten in Portugal vertreten lassen, der alle Angebote der Versicherungsgesellschaften des Landes einholt und die f\u00fcr Sie interessanteste Versicherung ausw\u00e4hlt.<\/p>\n<p>Wenn Sie begleitet werden und Ihr Projekt besprechen m\u00f6chten, verwenden Sie die Schaltfl\u00e4che unten und f\u00fcllen Sie das entsprechende Formular aus. Anhand dieser Angaben kann sich ein englischsprachiger Versicherungsmakler mit Sitz in Lissabon mit Ihnen in Verbindung setzen, um Ihr Projekt zu besprechen und zu kl\u00e4ren, wie er Sie am besten begleiten kann.<\/p>\n<p>&nbsp;<\/p>\n<p style=\"text-align: center;\"><a class=\"maxbutton-3 maxbutton maxbutton-form\" href=\"#form\"><span class='mb-text'>KONTAKT<\/span><\/a><\/p>\n<p>&nbsp;<\/p>\n<h2>Wie die Lebensversicherung in Portugal funktioniert<\/h2>\n<p>Hierbei handelt es sich um eine Versicherung, die haupts\u00e4chlich das Todes- oder Erlebensrisiko (oder beides) einer oder mehrerer Personen abdeckt. In einigen F\u00e4llen garantiert sie auch andere zus\u00e4tzliche Deckungen wie das Risiko von Invalidit\u00e4t, Unfall oder sogar Arbeitslosigkeit.<\/p>\n<p>Wenn die Lebensversicherung das Todesfallrisiko abdeckt, zahlt der Versicherer das vereinbarte Kapital an den (von der versicherten Person benannten) Beg\u00fcnstigten aus, wenn die versicherte Person innerhalb der im Vertrag vereinbarten Frist stirbt. Diese Art der Versicherung ist in der Regel mit Hypothekendarlehen verbunden.<\/p>\n<p>Bei der Lebensversicherung auf das Erleben des Versicherten zahlt der Versicherer dem (vom Versicherten benannten) Beg\u00fcnstigten das vereinbarte Kapital, wenn der Versicherte bei Vertragsende noch lebt. Diese Art der Versicherung ist bei der Er\u00f6ffnung eines Sparkontos \u00fcblich. Dar\u00fcber hinaus kann der Beg\u00fcnstigte sogar der Versicherte selbst sein.<\/p>\n<p>Es ist auch m\u00f6glich, Lebensversicherungsvertr\u00e4ge abzuschlie\u00dfen, die diese beiden Situationen einschlie\u00dfen.<\/p>\n<h2>Portugiesischer Lebensversicherungsschutz<\/h2>\n<p>Die umfassendste Lebensversicherung deckt den Tod und die vollst\u00e4ndige und dauerhafte Invalidit\u00e4t ab: Entsch\u00e4digung im Falle einer Krankheit oder eines Unfalls, der zu einer vollst\u00e4ndigen und dauerhaften Unf\u00e4higkeit f\u00fchrt, den \u00fcblichen Beruf oder eine andere bezahlte T\u00e4tigkeit auszu\u00fcben, die mit den F\u00e4higkeiten und Werten der Person vereinbar ist.<\/p>\n<p>Der Grad der Invalidit\u00e4t muss mehr als 65 % betragen und erfordert die Vorlage eines \u00e4rztlichen Attests, aus dem die Ursachen der Invalidit\u00e4t hervorgehen, sowie einen Bericht \u00fcber die zum Zeitpunkt des Unfalls ausge\u00fcbte berufliche T\u00e4tigkeit. Es ist jedoch zu beachten, dass diese Deckungen auch zu einer Erh\u00f6hung der Versicherungspr\u00e4mie f\u00fchren k\u00f6nnen.<\/p>\n<p>Die einfachsten Lebensversicherungspolicen in Portugal decken nur die absolute und dauerhafte Invalidit\u00e4t ab, die erkl\u00e4rt wird, wenn eine Person aufgrund einer Krankheit oder eines Unfalls v\u00f6llig unf\u00e4hig wird, eine T\u00e4tigkeit auszu\u00fcben, und bei den t\u00e4glichen Aufgaben auf die Hilfe einer dritten Person angewiesen ist.<\/p>\n<p><img decoding=\"async\" class=\"aligncenter wp-image-3966 size-full\" src=\"https:\/\/essencial-portugal.com\/de\/wp-content\/uploads\/2019\/06\/couverture-assurance-vie-portugal.jpg\" alt=\"Life insurance coverage portugal\" width=\"1000\" height=\"500\" srcset=\"https:\/\/essencial-portugal.com\/de\/wp-content\/uploads\/2019\/06\/couverture-assurance-vie-portugal.jpg 1000w, https:\/\/essencial-portugal.com\/de\/wp-content\/uploads\/2019\/06\/couverture-assurance-vie-portugal-300x150.jpg 300w, https:\/\/essencial-portugal.com\/de\/wp-content\/uploads\/2019\/06\/couverture-assurance-vie-portugal-768x384.jpg 768w\" sizes=\"(max-width: 1000px) 100vw, 1000px\" \/><\/p>\n<h3>Ausschluss von der Lebensversicherungsdeckung<\/h3>\n<p>Die wichtigsten Ausschl\u00fcsse in der Lebensversicherung sind in der Regel Tod oder Invalidit\u00e4t:<\/p>\n<ul>\n<li>Selbstmord (w\u00e4hrend der ersten ein oder zwei Jahre der Police)<\/li>\n<li>Gebrauch von Alkohol oder Drogen<\/li>\n<li>Teilnahme an kriminellen Handlungen<\/li>\n<li>Unf\u00e4lle in der nichtgewerblichen Luftfahrt und bei Geschwindigkeitssportwettbewerben<\/li>\n<li>Terrorismus oder Krieg<\/li>\n<li>Naturkatastrophen<\/li>\n<\/ul>\n<h2>Lebensversicherung in Portugal und Hypotheken<\/h2>\n<p>Mit dem Gesetzesdekret Nr. 222\/2009 wurden wichtige \u00c4nderungen an der Regelung f\u00fcr den Abschluss von Lebensversicherungsvertr\u00e4gen in Verbindung mit Hypothekendarlehen in Portugal eingef\u00fchrt. Der Schwerpunkt wurde auf den Schutz der Verbraucherrechte gelegt, so dass die damit verbundenen Bedingungen nicht \u00fcber das legitime Interesse der Banken am Schutz ihrer Interessen (d. h. die Sicherheit der Gl\u00e4ubiger im Falle des Todes oder der Erwerbsunf\u00e4higkeit der Vertragsparteien) hinausgehen.<\/p>\n<p>Ein weiterer wichtiger Punkt ist die M\u00f6glichkeit f\u00fcr den Inhaber des Immobiliendarlehens, seine Lebensversicherung w\u00e4hrend des Immobiliendarlehens von einer Lebensversicherung auf eine andere zu \u00fcbertragen. Auf diese Weise kann er w\u00e4hrend der gesamten Laufzeit des Darlehens von besseren Lebensversicherungskonditionen profitieren. Aber Vorsicht, die neue Versicherung muss den vertraglichen Anforderungen entsprechen.<\/p>\n<p>Auch wenn die Lebensversicherung f\u00fcr die Gew\u00e4hrung eines Immobilienkredits nicht erforderlich ist, verlangen die meisten Banken sie. Allerdings k\u00f6nnen die Banken den Kunden nicht dazu zwingen, die von ihm gew\u00fcnschte Lebensversicherung abzuschlie\u00dfen. Die Banken sind verpflichtet, ihre Kunden dar\u00fcber zu informieren, dass sie die Lebensversicherung f\u00fcr das Hypothekendarlehen w\u00e4hrend der Vertragslaufzeit \u00fcbertragen k\u00f6nnen.<\/p>\n<p>Wenn Sie diese \u00dcbertragung der Lebensversicherung im Falle eines Hypothekendarlehens vornehmen m\u00f6chten, sollten Sie sich unbedingt an einen Fachmann wenden. Zur Erinnerung: \u00dcber die unten stehende Schaltfl\u00e4che und das zugeh\u00f6rige Formular k\u00f6nnen Sie sich mit einem Versicherungsfachmann in Portugal in Verbindung setzen, der Ihre Interessen am besten wahrnehmen kann. Im Falle einer \u00dcberweisung m\u00fcssen Sie n\u00e4mlich zwei wichtige Dinge beachten:<\/p>\n<ul>\n<li>Die von der Bank auferlegten Bedingungen, die vom neuen Versicherer eingehalten werden m\u00fcssen.<\/li>\n<li>Besteht die M\u00f6glichkeit, bei einem Wechsel von einem Versicherer zum anderen einen kleinen Teil der Pr\u00e4mie zu verlieren?<\/li>\n<\/ul>\n<p><img decoding=\"async\" class=\"aligncenter wp-image-3967 size-full\" src=\"https:\/\/essencial-portugal.com\/de\/wp-content\/uploads\/2019\/06\/courtier-assurance-vie-portugal.jpg\" alt=\"Life insurance broker Portugal\" width=\"900\" height=\"601\" srcset=\"https:\/\/essencial-portugal.com\/de\/wp-content\/uploads\/2019\/06\/courtier-assurance-vie-portugal.jpg 900w, https:\/\/essencial-portugal.com\/de\/wp-content\/uploads\/2019\/06\/courtier-assurance-vie-portugal-300x200.jpg 300w, https:\/\/essencial-portugal.com\/de\/wp-content\/uploads\/2019\/06\/courtier-assurance-vie-portugal-768x513.jpg 768w\" sizes=\"(max-width: 900px) 100vw, 900px\" \/><\/p>\n<h3>\u00dcbertragung der Lebensversicherung f\u00fcr das Wohnimmobilienkreditgesch\u00e4ft &#8211; Schritt f\u00fcr Schritt<\/h3>\n<p>Im Folgenden werden die verschiedenen Phasen der \u00dcbertragung einer Lebensversicherung in Portugal beschrieben. Alle diese Schritte k\u00f6nnen von Ihnen selbst durchgef\u00fchrt werden, werden aber von der Person erledigt, die Sie begleitet, wenn Sie begleitet werden.<\/p>\n<ul>\n<li>Konsultieren Sie einen Versicherungsspezialisten in Portugal, vorzugsweise einen, der Englisch spricht.<\/li>\n<li>Analysieren und vergleichen Sie die Garantien, Leistungen, Pr\u00e4mien und m\u00f6glichen Sanktionen einer \u00dcbertragung Ihrer Gl\u00e4ubigerlebensversicherung mit anderen auf dem Markt erh\u00e4ltlichen Lebensversicherungen.<\/li>\n<li>Um die Lebensversicherung nach Portugal zu \u00fcbertragen, teilen Sie dem fr\u00fcheren Versicherer und der Bank schriftlich Ihre Absicht mit, die portugiesische Versicherung zu k\u00fcndigen und die Versicherung innerhalb von 30 Tagen zu \u00fcbertragen.<\/li>\n<li>Schicken Sie eine Kopie der neuen Versicherungspolice an die Bank, wenn Sie die Bank dar\u00fcber informieren, dass Sie die Lebensversicherung f\u00fcr das Wohnungsbaudarlehen auf eine andere Gesellschaft \u00fcbertragen.<\/li>\n<li>Stornieren Sie die Einzugserm\u00e4chtigung f\u00fcr die Zahlung der bisherigen Versicherung, damit Sie nicht Gefahr laufen, dass die Pr\u00e4mien der bisherigen Versicherung von Ihrem Konto abgebucht werden.<\/li>\n<\/ul>\n<h2>Warum eine Lebensversicherung in Portugal abschlie\u00dfen?<\/h2>\n<p>Der Hauptgrund ist die Pr\u00e4vention. Es geht darum, die wirtschaftlichen Folgen des Todes (das versicherte Kapital kann das Fehlen dieses Einkommens ausgleichen) oder des \u00dcberlebens bis zu einem bestimmten Alter, das zu (unbezahlbaren) Kosten f\u00fcr die \u00e4lteren Menschen und\/oder ihre Angeh\u00f6rigen f\u00fchren kann, zu vermeiden, um die notwendige Pflege zu gew\u00e4hrleisten (diese Pflege wird dem Versicherer \u00fcbertragen oder mit ihm geteilt).<\/p>\n<p>Ein weiterer Grund ist die Besteuerung einer Bank als B\u00fcrge, zum Beispiel f\u00fcr ein Baudarlehen oder ein Sparkonto.<\/p>\n<h3>Wichtige Fragen vor der Anmeldung<\/h3>\n<ul>\n<li>Was sind die Merkmale und Definitionen der einzelnen Versicherungen?<\/li>\n<li>Wie hoch ist die Pr\u00e4mie f\u00fcr jeden Versicherungsschutz?<\/li>\n<li>Wie wird die Gewinnbeteiligung berechnet und ausgezahlt?<\/li>\n<li>Wie hoch ist das garantierte Mindesteinkommen, der garantierte Mindestzinssatz und die Laufzeit?<\/li>\n<li>&gt;Wie hoch sind die R\u00fcckkaufs-, K\u00fcrzungs- und Strafwerte?<\/li>\n<li>Wie hoch sind die Geb\u00fchren und der Einzugsplan?<\/li>\n<li>Welches Steuersystem und welche Steuervorteile gibt es?<\/li>\n<\/ul>\n<h2 id=\"form\">Englischsprachiger Lebensversicherungsmakler Portugal<\/h2>\n<p style=\"text-align: center;\"><div class=\"wpforms-container wpforms-container-full\" id=\"wpforms-5161\"><form id=\"wpforms-form-5161\" class=\"wpforms-validate wpforms-form\" data-formid=\"5161\" method=\"post\" enctype=\"multipart\/form-data\" action=\"\/de\/wp-json\/wp\/v2\/pages\/3891\" data-token=\"4b6bec9c2b2725e6f218516337d0ab77\" data-token-time=\"1776642747\"><noscript class=\"wpforms-error-noscript\">Please enable JavaScript in your browser to complete this form.<\/noscript><div class=\"wpforms-field-container\"><div id=\"wpforms-5161-field_0-container\" class=\"wpforms-field wpforms-field-name\" data-field-id=\"0\"><label class=\"wpforms-field-label\" for=\"wpforms-5161-field_0\">Name <span class=\"wpforms-required-label\">*<\/span><\/label><div class=\"wpforms-field-row wpforms-field-medium\"><div class=\"wpforms-field-row-block wpforms-first wpforms-one-half\"><input type=\"text\" id=\"wpforms-5161-field_0\" class=\"wpforms-field-name-first wpforms-field-required\" name=\"wpforms[fields][0][first]\" required><label for=\"wpforms-5161-field_0\" class=\"wpforms-field-sublabel after wpforms-sublabel-hide\">First<\/label><\/div><div class=\"wpforms-field-row-block wpforms-one-half\"><input type=\"text\" id=\"wpforms-5161-field_0-last\" class=\"wpforms-field-name-last wpforms-field-required\" name=\"wpforms[fields][0][last]\" required><label for=\"wpforms-5161-field_0-last\" class=\"wpforms-field-sublabel after wpforms-sublabel-hide\">Last<\/label><\/div><\/div><\/div><div id=\"wpforms-5161-field_1-container\" class=\"wpforms-field wpforms-field-email\" data-field-id=\"1\"><label class=\"wpforms-field-label\" for=\"wpforms-5161-field_1\">E-mail <span class=\"wpforms-required-label\">*<\/span><\/label><input type=\"email\" id=\"wpforms-5161-field_1\" class=\"wpforms-field-medium wpforms-field-required\" name=\"wpforms[fields][1]\" spellcheck=\"false\" required><\/div><div id=\"wpforms-5161-field_3-container\" class=\"wpforms-field wpforms-field-text\" data-field-id=\"3\"><label class=\"wpforms-field-label\" for=\"wpforms-5161-field_3\">Phone <span class=\"wpforms-required-label\">*<\/span><\/label><input type=\"text\" id=\"wpforms-5161-field_3\" class=\"wpforms-field-medium wpforms-field-required\" name=\"wpforms[fields][3]\" required><\/div><div id=\"wpforms-5161-field_4-container\" class=\"wpforms-field wpforms-field-text\" data-field-id=\"4\"><label class=\"wpforms-field-label\" for=\"wpforms-5161-field_4\">Date of birth <span class=\"wpforms-required-label\">*<\/span><\/label><input type=\"text\" id=\"wpforms-5161-field_4\" class=\"wpforms-field-medium wpforms-field-required\" name=\"wpforms[fields][4]\" required><\/div><div id=\"wpforms-5161-field_5-container\" class=\"wpforms-field wpforms-field-text\" data-field-id=\"5\"><label class=\"wpforms-field-label\" for=\"wpforms-5161-field_5\">TIN \/ PASSEPORT <span class=\"wpforms-required-label\">*<\/span><\/label><input type=\"text\" id=\"wpforms-5161-field_5\" class=\"wpforms-field-medium wpforms-field-required\" name=\"wpforms[fields][5]\" required><\/div><div id=\"wpforms-5161-field_9-container\" class=\"wpforms-field wpforms-field-text\" data-field-id=\"9\"><label class=\"wpforms-field-label\" for=\"wpforms-5161-field_9\">Profession <span class=\"wpforms-required-label\">*<\/span><\/label><input type=\"text\" id=\"wpforms-5161-field_9\" class=\"wpforms-field-medium wpforms-field-required\" name=\"wpforms[fields][9]\" required><\/div><div id=\"wpforms-5161-field_10-container\" class=\"wpforms-field wpforms-field-text\" data-field-id=\"10\"><label class=\"wpforms-field-label\" for=\"wpforms-5161-field_10\">Desired benefits (Death\/Disability) <span class=\"wpforms-required-label\">*<\/span><\/label><input type=\"text\" id=\"wpforms-5161-field_10\" class=\"wpforms-field-medium wpforms-field-required\" name=\"wpforms[fields][10]\" required><\/div><div id=\"wpforms-5161-field_11-container\" class=\"wpforms-field wpforms-field-text\" data-field-id=\"11\"><label class=\"wpforms-field-label\" for=\"wpforms-5161-field_11\">Capital insured<\/label><input type=\"text\" id=\"wpforms-5161-field_11\" class=\"wpforms-field-medium\" name=\"wpforms[fields][11]\" ><\/div><div id=\"wpforms-5161-field_2-container\" class=\"wpforms-field wpforms-field-textarea\" data-field-id=\"2\"><label class=\"wpforms-field-label\" for=\"wpforms-5161-field_2\">Further information <span class=\"wpforms-required-label\">*<\/span><\/label><textarea id=\"wpforms-5161-field_2\" class=\"wpforms-field-medium wpforms-field-required\" name=\"wpforms[fields][2]\" required><\/textarea><\/div><\/div><!-- .wpforms-field-container --><div class=\"wpforms-field wpforms-field-hp\"><label for=\"wpforms-5161-field-hp\" class=\"wpforms-field-label\">Name<\/label><input type=\"text\" name=\"wpforms[hp]\" id=\"wpforms-5161-field-hp\" class=\"wpforms-field-medium\"><\/div><div class=\"wpforms-submit-container\" ><input type=\"hidden\" name=\"wpforms[id]\" value=\"5161\"><input type=\"hidden\" name=\"page_title\" value=\"\"><input type=\"hidden\" name=\"page_url\" value=\"https:\/\/essencial-portugal.com\/de\/wp-json\/wp\/v2\/pages\/3891\"><input type=\"hidden\" name=\"url_referer\" value=\"\"><button type=\"submit\" name=\"wpforms[submit]\" id=\"wpforms-submit-5161\" class=\"wpforms-submit\" data-alt-text=\"Sending...\" data-submit-text=\"Send\" aria-live=\"assertive\" value=\"wpforms-submit\">Send<\/button><\/div><\/form><\/div>  <!-- .wpforms-container --><\/p>\n<blockquote><p>Indem Sie das Kontaktformular best\u00e4tigen, erm\u00e4chtigen Sie mich, Ihre Anfrage an einen englischsprachigen Versicherungsmakler weiterzuleiten, der sich direkt mit Ihnen in Verbindung setzen kann. Nichts ist automatisiert: Es handelt sich um Personen, die ich kenne, die in Lissabon ans\u00e4ssig sind und die qualifiziert sind, Sie bei Ihrem Ansatz und Ihrem Projekt zu begleiten.<\/p><\/blockquote>\n<h2>Versicherung in Portugal<\/h2>\n<p>Im Folgenden finden Sie alle Versicherungen in Portugal, f\u00fcr die Sie sich an meinen spezialisierten Partner-Makler wenden k\u00f6nnen:<\/p>\n<ul>\n<li><a href=\"https:\/\/essencial-portugal.com\/de\/nachrichten-portugal\/krankenversicherungen-portugal-moglichkeiten\/\">Krankenversicherung Portugal<\/a><\/li>\n<li><a href=\"https:\/\/essencial-portugal.com\/de\/versicherung-portugal\/motorradversicherung-portugal\/\">Motorradversicherung Portugal<\/a><\/li>\n<li><a href=\"https:\/\/essencial-portugal.com\/de\/versicherung-portugal\/hausratversicherung-portugal\/\">Hausratversicherung Portugal<\/a><\/li>\n<li><a href=\"https:\/\/essencial-portugal.com\/de\/versicherung-portugal\/zahnversicherung-portugal\/\">Zahnversicherung Portugal<\/a><\/li>\n<li><a href=\"https:\/\/essencial-portugal.com\/de\/versicherung-portugal\/autoversicherung-portugal\/\">Autoversicherung Portugal<\/a><\/li>\n<li><a href=\"https:\/\/essencial-portugal.com\/de\/versicherung-portugal\/bootsversicherung-portugal\/\">Bootsversicherung Portugal<\/a><\/li>\n<\/ul>\n<p>&nbsp;<\/p>\n<div id=\"gtx-trans\" style=\"position: absolute; left: 642px; top: 1180.5px;\">\n<div class=\"gtx-trans-icon\"><\/div>\n<\/div>\n","protected":false},"excerpt":{"rendered":"<p>Was ist eine Lebensversicherung und wie funktioniert sie? Welchen Schutz und welche Ausschl\u00fcsse gibt es? Und warum sollte man eine Lebensversicherung abschlie\u00dfen? Auf dieser Seite finden Sie alles, was Sie \u00fcber den Abschluss einer Lebensversicherung in Portugal wissen m\u00fcssen. F\u00fcr die meisten Portugiesen oder Auswanderer in Portugal ist die Lebensversicherung eng mit einem Hauskredit verbunden. [&hellip;]<\/p>\n","protected":false},"author":1,"featured_media":3965,"parent":3166,"menu_order":0,"comment_status":"closed","ping_status":"closed","template":"","meta":{"om_disable_all_campaigns":false,"_monsterinsights_skip_tracking":false,"_monsterinsights_sitenote_active":false,"_monsterinsights_sitenote_note":"","_monsterinsights_sitenote_category":0,"_uf_show_specific_survey":0,"_uf_disable_surveys":false,"site-sidebar-layout":"default","site-content-layout":"default","ast-site-content-layout":"default","site-content-style":"default","site-sidebar-style":"default","ast-global-header-display":"","ast-banner-title-visibility":"","ast-main-header-display":"","ast-hfb-above-header-display":"","ast-hfb-below-header-display":"","ast-hfb-mobile-header-display":"","site-post-title":"","ast-breadcrumbs-content":"","ast-featured-img":"","footer-sml-layout":"","ast-disable-related-posts":"","theme-transparent-header-meta":"default","adv-header-id-meta":"","stick-header-meta":"","header-above-stick-meta":"","header-main-stick-meta":"","header-below-stick-meta":"","astra-migrate-meta-layouts":"default","ast-page-background-enabled":"default","ast-page-background-meta":{"desktop":{"background-color":"","background-image":"","background-repeat":"repeat","background-position":"center center","background-size":"auto","background-attachment":"scroll","background-type":"","background-media":"","overlay-type":"","overlay-color":"","overlay-opacity":"","overlay-gradient":""},"tablet":{"background-color":"","background-image":"","background-repeat":"repeat","background-position":"center center","background-size":"auto","background-attachment":"scroll","background-type":"","background-media":"","overlay-type":"","overlay-color":"","overlay-opacity":"","overlay-gradient":""},"mobile":{"background-color":"","background-image":"","background-repeat":"repeat","background-position":"center center","background-size":"auto","background-attachment":"scroll","background-type":"","background-media":"","overlay-type":"","overlay-color":"","overlay-opacity":"","overlay-gradient":""}},"ast-content-background-meta":{"desktop":{"background-color":"var(--ast-global-color-5)","background-image":"","background-repeat":"repeat","background-position":"center center","background-size":"auto","background-attachment":"scroll","background-type":"","background-media":"","overlay-type":"","overlay-color":"","overlay-opacity":"","overlay-gradient":""},"tablet":{"background-color":"var(--ast-global-color-5)","background-image":"","background-repeat":"repeat","background-position":"center center","background-size":"auto","background-attachment":"scroll","background-type":"","background-media":"","overlay-type":"","overlay-color":"","overlay-opacity":"","overlay-gradient":""},"mobile":{"background-color":"var(--ast-global-color-5)","background-image":"","background-repeat":"repeat","background-position":"center center","background-size":"auto","background-attachment":"scroll","background-type":"","background-media":"","overlay-type":"","overlay-color":"","overlay-opacity":"","overlay-gradient":""}},"footnotes":""},"class_list":["post-3891","page","type-page","status-publish","has-post-thumbnail","hentry"],"aioseo_notices":[],"_links":{"self":[{"href":"https:\/\/essencial-portugal.com\/de\/wp-json\/wp\/v2\/pages\/3891","targetHints":{"allow":["GET"]}}],"collection":[{"href":"https:\/\/essencial-portugal.com\/de\/wp-json\/wp\/v2\/pages"}],"about":[{"href":"https:\/\/essencial-portugal.com\/de\/wp-json\/wp\/v2\/types\/page"}],"author":[{"embeddable":true,"href":"https:\/\/essencial-portugal.com\/de\/wp-json\/wp\/v2\/users\/1"}],"replies":[{"embeddable":true,"href":"https:\/\/essencial-portugal.com\/de\/wp-json\/wp\/v2\/comments?post=3891"}],"version-history":[{"count":0,"href":"https:\/\/essencial-portugal.com\/de\/wp-json\/wp\/v2\/pages\/3891\/revisions"}],"up":[{"embeddable":true,"href":"https:\/\/essencial-portugal.com\/de\/wp-json\/wp\/v2\/pages\/3166"}],"wp:featuredmedia":[{"embeddable":true,"href":"https:\/\/essencial-portugal.com\/de\/wp-json\/wp\/v2\/media\/3965"}],"wp:attachment":[{"href":"https:\/\/essencial-portugal.com\/de\/wp-json\/wp\/v2\/media?parent=3891"}],"curies":[{"name":"wp","href":"https:\/\/api.w.org\/{rel}","templated":true}]}}