{"id":3895,"date":"2019-06-30T10:01:48","date_gmt":"2019-06-30T10:01:48","guid":{"rendered":"https:\/\/essencial-portugal.com\/fr\/?page_id=3895"},"modified":"2023-03-01T09:02:39","modified_gmt":"2023-03-01T09:02:39","slug":"bootsversicherung-portugal","status":"publish","type":"page","link":"https:\/\/essencial-portugal.com\/de\/versicherung-portugal\/bootsversicherung-portugal\/","title":{"rendered":"Bootsversicherung in Portugal"},"content":{"rendered":"<p>Im Falle eines Bootsunfalls kann Ihre Bootsversicherung in Portugal den Wert der Sch\u00e4den \u00fcbernehmen, die Sie Dritten zuf\u00fcgen oder die Ihr Boot und seine Insassen erleiden, je nachdem, welchen Schutz Sie w\u00e4hlen.<\/p>\n<p><img fetchpriority=\"high\" decoding=\"async\" class=\"aligncenter wp-image-3972 size-full\" src=\"https:\/\/essencial-portugal.com\/de\/wp-content\/uploads\/2019\/06\/assurance-bateau-portugal.jpg\" alt=\"portugal boat insurance\" width=\"1900\" height=\"1069\" srcset=\"https:\/\/essencial-portugal.com\/de\/wp-content\/uploads\/2019\/06\/assurance-bateau-portugal.jpg 1900w, https:\/\/essencial-portugal.com\/de\/wp-content\/uploads\/2019\/06\/assurance-bateau-portugal-300x169.jpg 300w, https:\/\/essencial-portugal.com\/de\/wp-content\/uploads\/2019\/06\/assurance-bateau-portugal-768x432.jpg 768w, https:\/\/essencial-portugal.com\/de\/wp-content\/uploads\/2019\/06\/assurance-bateau-portugal-1024x576.jpg 1024w\" sizes=\"(max-width: 1900px) 100vw, 1900px\" \/><\/p>\n<p>Ihre Bootsversicherung kann verschiedene Arten von Deckung enthalten, wie z. B.:<\/p>\n<ul>\n<li>Haftpflicht: den Wert des Schadens, den Sie anderen Personen oder Booten bei Unf\u00e4llen zuf\u00fcgen, die Sie zu verantworten haben.<\/li>\n<li>Ihr pers\u00f6nlicher Schaden: der Totalverlust Ihres Bootes oder die Kosten f\u00fcr seine Reparatur.<\/li>\n<li>Personenunf\u00e4lle (Insassen): Entsch\u00e4digung bei Tod oder Krankenhausaufenthalt der Bootsinsassen<\/li>\n<\/ul>\n<p>F\u00fcr Ihr Boot gilt die Versicherung Ihres Personenschadens im Allgemeinen nur in den folgenden Situationen:<\/p>\n<ul>\n<li>Unfall auf dem Wasser, einschlie\u00dflich der Kosten f\u00fcr die Bergung oder Wrackbeseitigung.<\/li>\n<li>Unfall an Land<\/li>\n<li>Unfall beim Zuwasserlassen \/ Herausnehmen des Bootes aus dem Wasser<\/li>\n<li>Unfall w\u00e4hrend des Transports des Bootes an Land<\/li>\n<\/ul>\n<p>Die Haftpflichtversicherung ist f\u00fcr Eigent\u00fcmer von Sportbooten, die mindestens einen Motor als Antriebsmittel haben, obligatorisch.<br \/>\nDiese Verpflichtung gilt auch f\u00fcr Segelboote mit einer L\u00e4nge von mehr als 7 m.<\/p>\n<h2>Englischsprachiger Versicherungsmakler in Portugal<\/h2>\n<p>Wenn Sie eine Bootsversicherung in Portugal abschlie\u00dfen m\u00f6chten, aber nicht wissen, wo Sie anfangen sollen, wie Sie die verschiedenen Versicherer erkennen, die Vertr\u00e4ge verstehen oder die richtige Versicherung f\u00fcr Ihr Boot abschlie\u00dfen, dann k\u00f6nnen Sie die Schaltfl\u00e4che unten benutzen und das entsprechende Formular ausf\u00fcllen. Ihre Angaben werden an einen englischsprachigen Versicherungsmakler mit Sitz in Lissabon weitergeleitet, der sich auf Versicherungen in Portugal spezialisiert hat.<\/p>\n<p>Er kann Ihnen w\u00e4hrend des gesamten Prozesses helfen und ist Ihr englischsprachiger Vermittler bei den wichtigsten Bootsversicherungsgesellschaften in Portugal.<\/p>\n<p>&nbsp;<\/p>\n<p style=\"text-align: center;\"><a class=\"maxbutton-3 maxbutton maxbutton-form\" href=\"#form\"><span class='mb-text'>KONTAKY<\/span><\/a><\/p>\n<p>&nbsp;<\/p>\n<h2>Angebote zur Bootsversicherung in Portugal<\/h2>\n<p>Nachstehend finden Sie ein Beispiel f\u00fcr 3 Deckungen, die von einer Bootsversicherung in Portugal angeboten werden. So k\u00f6nnen Sie sich ein Bild von der Deckung und dem Versicherungsschutz machen. Dies ist nat\u00fcrlich nur ein Beispiel und die Deckung kann von einem Versicherer zum anderen variieren, aber sie sind alle sehr \u00e4hnlich.<\/p>\n<h3>Basis Bootsversicherung<\/h3>\n<p>Diese Versicherung ist in der Regel f\u00fcr diejenigen gedacht, die lediglich die gesetzliche Verpflichtung zum Abschluss einer Haftpflichtversicherung f\u00fcr Sportboote erf\u00fcllen wollen.<\/p>\n<ul>\n<li>Deckung des Wertes des verursachten Schadens bis zu einem H\u00f6chstbetrag von 250.000 Euro in Portugal bzw. 337.000 Euro in Spanien, gem\u00e4\u00df den geltenden Rechtsvorschriften.<\/li>\n<li>Rechtsschutz und Beistand f\u00fcr Schiffe und Personen, d. h. wenn Sie ein Problem auf See haben, schickt der Versicherer einen Schlepper, um Ihnen zu helfen (innerhalb der in den Versicherungsbedingungen festgelegten Gew\u00e4sser &#8211; je nach Versicherer bis zu 20 Meilen von einem Hafen und 6 Meilen von der K\u00fcste entfernt).<\/li>\n<\/ul>\n<h3>Bootsversicherung f\u00fcr Fortgeschrittene<\/h3>\n<p>Diese Bootsversicherung in Portugal ist eine Zwischenl\u00f6sung f\u00fcr diejenigen, die die Leistungen der Mindestversicherung in Anspruch nehmen m\u00f6chten, aber auch eine h\u00f6here Deckung im Falle anderer Probleme:<\/p>\n<ul>\n<li>Freiwillige zivilrechtliche Haftung: wenn der Wert des Dritten zugef\u00fcgten Schadens infolge eines nautischen Unfalls die durch die obligatorische zivilrechtliche Haftung garantierte Grenze \u00fcbersteigt.<\/li>\n<li>Schadensersatz und Vorschuss: Rechtsbeistand bei Streitigkeiten mit einem anderen Unternehmen, mit dem Sie einen Unfall hatten.<\/li>\n<li>Pers\u00f6nliche Unf\u00e4lle von Schiffsinsassen: Im Falle eines Unfalls mit Verletzungen erstattet die Versicherung die Behandlungskosten oder entsch\u00e4digt Sie oder Ihre Familie bei Tod oder Invalidit\u00e4t infolge des Unfalls.<\/li>\n<li>Zus\u00e4tzliche Hilfe f\u00fcr Personen und das Schiff: Dadurch wird die geografische Entfernung des Navigationshilfsdienstes vergr\u00f6\u00dfert.<img decoding=\"async\" class=\"aligncenter wp-image-3973 size-full\" style=\"font-style: inherit; font-weight: inherit;\" src=\"https:\/\/essencial-portugal.com\/de\/wp-content\/uploads\/2019\/06\/souscrire-assurance-bateau-portugal.jpg\" alt=\"Take out boat insurance in Portugal\" width=\"1900\" height=\"1267\" srcset=\"https:\/\/essencial-portugal.com\/de\/wp-content\/uploads\/2019\/06\/souscrire-assurance-bateau-portugal.jpg 1900w, https:\/\/essencial-portugal.com\/de\/wp-content\/uploads\/2019\/06\/souscrire-assurance-bateau-portugal-300x200.jpg 300w, https:\/\/essencial-portugal.com\/de\/wp-content\/uploads\/2019\/06\/souscrire-assurance-bateau-portugal-768x512.jpg 768w, https:\/\/essencial-portugal.com\/de\/wp-content\/uploads\/2019\/06\/souscrire-assurance-bateau-portugal-1024x683.jpg 1024w\" sizes=\"(max-width: 1900px) 100vw, 1900px\" \/><\/li>\n<\/ul>\n<h3>Superior Bootsversicherung<\/h3>\n<p>Diese Art der Versicherung umfasst viele Leistungen und ist nat\u00fcrlich die teuerste Bootsversicherung in Portugal. Aber es ist auch diejenige, die Ihnen die gr\u00f6\u00dfte Sicherheit f\u00fcr Bootsfahrten von Lissabon, der Algarve oder anderen Orten in Portugal bietet.<\/p>\n<p>Wenn Sie sich f\u00fcr diese Art der Bootsversicherung entscheiden, erhalten Sie die Deckung, die die ersten beiden Versionen der Versicherung bieten, aber auch zus\u00e4tzliche Optionen wie:<\/p>\n<ul>\n<li>Totalverlust und Beseitigung des Schiffswracks: Wenn Ihr Schiff infolge eines durch die Police gedeckten Bootsunfalls v\u00f6llig unbrauchbar wird, kann der portugiesische Versicherer Sie bis zum Wert des Schiffes zum Zeitpunkt des Unfalls entsch\u00e4digen und garantiert die Erstattung der Kosten f\u00fcr die Beseitigung des Wracks innerhalb der von Ihrer Versicherungspolice in Portugal festgelegten Grenzen.<\/li>\n<li>Diebstahl: Der Bootsversicherer entsch\u00e4digt Sie f\u00fcr den Wert Ihres Bootes zum Zeitpunkt des Diebstahls oder f\u00fcr alle Sch\u00e4den, die am Boot nach einem versuchten Diebstahl entstanden sind, innerhalb der in Ihrem Versicherungsvertrag festgelegten Grenzen.<\/li>\n<li>Teilschaden: Wenn das Boot infolge eines durch die Police gedeckten Unfalls repariert werden muss, kann die Versicherung den Wert der Reparatur \u00fcbernehmen (bis zur H\u00f6he des Versicherungswertes oder des Wertes des Bootes zum Zeitpunkt des Schadens).<\/li>\n<li>Soziopolitische Handlungen: Wenn Ihr Boot infolge von Terroranschl\u00e4gen, Sabotage, Streiks oder sozialen und zivilen Unruhen besch\u00e4digt wird, kann die Bootsversicherung in Portugal den Wert der Reparatur \u00fcbernehmen (bis zum Versicherungswert oder dem Wert des Bootes zum Zeitpunkt des Schadens).<\/li>\n<li>Gegenst\u00e4nde f\u00fcr den pers\u00f6nlichen Gebrauch: Der Versicherer kann Sie schlie\u00dflich f\u00fcr pers\u00f6nliche Gegenst\u00e4nde entsch\u00e4digen, die von der Polizei identifiziert wurden und sich an Bord des Bootes befinden, und zwar nach einem nautischen Unfall oder einem Diebstahl, wenn das Boot im Hafen festgemacht ist.<\/li>\n<\/ul>\n<p>Es sei darauf hingewiesen, dass alle Deckungen je nach den beim Abschluss Ihrer Bootsversicherung in Portugal festgelegten Bedingungen variieren.<\/p>\n<h2>Ausschluss der Bootsversicherung in Portugal<\/h2>\n<p>Es gibt Ereignisse, die in der Regel nicht in Ihrer Bootsversicherung eingeschlossen sind, wie z. B. Unf\u00e4lle, die sich ereignen, wenn der Bootsf\u00fchrer unter Alkoholeinfluss steht oder keinen g\u00fcltigen F\u00fchrerschein f\u00fcr das Boot besitzt.<\/p>\n<p>In diesen F\u00e4llen ist die Versicherungsgesellschaft nicht verpflichtet, Schadenersatz zu leisten. Dies sind nur zwei Beispiele; die vollst\u00e4ndige Liste der Situationen, in denen keine Entsch\u00e4digung geleistet wird, finden Sie in den allgemeinen Versicherungsbedingungen, die Sie kennen und beachten sollten.<\/p>\n<p>In solchen F\u00e4llen kann der Versicherer von Ihnen die R\u00fcckzahlung der Entsch\u00e4digung verlangen, die Sie aufgrund des Unfalls erhalten haben.<br \/>\nDer Betrag, den Sie f\u00fcr Ihre Bootsversicherung in Portugal zu zahlen haben, h\u00e4ngt von den individuellen Merkmalen des Bootes und der von Ihnen gew\u00e4hlten Deckungsoption ab. Bevor Sie eine Versicherung abschlie\u00dfen, sollten Sie sich unbedingt von einem Versicherungsfachmann in Portugal begleiten lassen.<\/p>\n<p>Um mit einem englischsprachigen Versicherungsfachmann mit Sitz in Lissabon in Kontakt zu treten, k\u00f6nnen Sie die obige Schaltfl\u00e4che und das zugeh\u00f6rige Formular verwenden.<br \/>\nDer Wert Ihrer Versicherung kann j\u00e4hrlich, halbj\u00e4hrlich oder viertelj\u00e4hrlich bezahlt werden. Wenn Sie sich daf\u00fcr entscheiden, Ihre portugiesische Bootsversicherung j\u00e4hrlich per Bankeinzug zu bezahlen, k\u00f6nnen Sie in der Regel einen Rabatt von bis zu 5 % erhalten.<\/p>\n<h2 id=\"form\">Englischsprachiger Bootsversicherungsmakler Portugal<\/h2>\n<p style=\"text-align: center;\"><div class=\"wpforms-container wpforms-container-full\" id=\"wpforms-5171\"><form id=\"wpforms-form-5171\" class=\"wpforms-validate wpforms-form\" data-formid=\"5171\" method=\"post\" enctype=\"multipart\/form-data\" action=\"\/de\/wp-json\/wp\/v2\/pages\/3895\" data-token=\"b12420aaeb44b584d2e8578b1367d7c0\" data-token-time=\"1776642747\"><noscript class=\"wpforms-error-noscript\">Please enable JavaScript in your browser to complete this form.<\/noscript><div class=\"wpforms-field-container\"><div id=\"wpforms-5171-field_0-container\" class=\"wpforms-field wpforms-field-name\" data-field-id=\"0\"><label class=\"wpforms-field-label\" for=\"wpforms-5171-field_0\">Name <span class=\"wpforms-required-label\">*<\/span><\/label><div class=\"wpforms-field-row wpforms-field-medium\"><div class=\"wpforms-field-row-block wpforms-first wpforms-one-half\"><input type=\"text\" id=\"wpforms-5171-field_0\" class=\"wpforms-field-name-first wpforms-field-required\" name=\"wpforms[fields][0][first]\" required><label for=\"wpforms-5171-field_0\" class=\"wpforms-field-sublabel after wpforms-sublabel-hide\">First<\/label><\/div><div class=\"wpforms-field-row-block wpforms-one-half\"><input type=\"text\" id=\"wpforms-5171-field_0-last\" class=\"wpforms-field-name-last wpforms-field-required\" name=\"wpforms[fields][0][last]\" required><label for=\"wpforms-5171-field_0-last\" class=\"wpforms-field-sublabel after wpforms-sublabel-hide\">Last<\/label><\/div><\/div><\/div><div id=\"wpforms-5171-field_1-container\" class=\"wpforms-field wpforms-field-email\" data-field-id=\"1\"><label class=\"wpforms-field-label\" for=\"wpforms-5171-field_1\">E-mail <span class=\"wpforms-required-label\">*<\/span><\/label><input type=\"email\" id=\"wpforms-5171-field_1\" class=\"wpforms-field-medium wpforms-field-required\" name=\"wpforms[fields][1]\" spellcheck=\"false\" required><\/div><div id=\"wpforms-5171-field_3-container\" class=\"wpforms-field wpforms-field-text\" data-field-id=\"3\"><label class=\"wpforms-field-label\" for=\"wpforms-5171-field_3\">Phone <span class=\"wpforms-required-label\">*<\/span><\/label><input type=\"text\" id=\"wpforms-5171-field_3\" class=\"wpforms-field-medium wpforms-field-required\" name=\"wpforms[fields][3]\" required><\/div><div id=\"wpforms-5171-field_5-container\" class=\"wpforms-field wpforms-field-text\" data-field-id=\"5\"><label class=\"wpforms-field-label\" for=\"wpforms-5171-field_5\">Date of Birth <span class=\"wpforms-required-label\">*<\/span><\/label><input type=\"text\" id=\"wpforms-5171-field_5\" class=\"wpforms-field-medium wpforms-field-required\" name=\"wpforms[fields][5]\" required><\/div><div id=\"wpforms-5171-field_4-container\" class=\"wpforms-field wpforms-field-select wpforms-field-select-style-classic\" data-field-id=\"4\"><label class=\"wpforms-field-label\" for=\"wpforms-5171-field_4\">Gender <span class=\"wpforms-required-label\">*<\/span><\/label><select id=\"wpforms-5171-field_4\" class=\"wpforms-field-medium wpforms-field-required\" name=\"wpforms[fields][4]\" required=\"required\"><option value=\"Man\"  class=\"choice-1 depth-1\"  >Man<\/option><option value=\"Woman\"  class=\"choice-2 depth-1\"  >Woman<\/option><\/select><\/div><div id=\"wpforms-5171-field_6-container\" class=\"wpforms-field wpforms-field-text\" data-field-id=\"6\"><label class=\"wpforms-field-label\" for=\"wpforms-5171-field_6\">TIN \/ PASSEPORT <span class=\"wpforms-required-label\">*<\/span><\/label><input type=\"text\" id=\"wpforms-5171-field_6\" class=\"wpforms-field-medium wpforms-field-required\" name=\"wpforms[fields][6]\" required><\/div><div id=\"wpforms-5171-field_7-container\" class=\"wpforms-field wpforms-field-text\" data-field-id=\"7\"><label class=\"wpforms-field-label\" for=\"wpforms-5171-field_7\">City in Portugal <span class=\"wpforms-required-label\">*<\/span><\/label><input type=\"text\" id=\"wpforms-5171-field_7\" class=\"wpforms-field-medium wpforms-field-required\" name=\"wpforms[fields][7]\" required><\/div><div id=\"wpforms-5171-field_8-container\" class=\"wpforms-field wpforms-field-text\" data-field-id=\"8\"><label class=\"wpforms-field-label\" for=\"wpforms-5171-field_8\">Postal Code <span class=\"wpforms-required-label\">*<\/span><\/label><input type=\"text\" id=\"wpforms-5171-field_8\" class=\"wpforms-field-medium wpforms-field-required\" name=\"wpforms[fields][8]\" required><\/div><div id=\"wpforms-5171-field_9-container\" class=\"wpforms-field wpforms-field-text\" data-field-id=\"9\"><label class=\"wpforms-field-label\" for=\"wpforms-5171-field_9\">Boat brand <span class=\"wpforms-required-label\">*<\/span><\/label><input type=\"text\" id=\"wpforms-5171-field_9\" class=\"wpforms-field-medium wpforms-field-required\" name=\"wpforms[fields][9]\" required><\/div><div id=\"wpforms-5171-field_10-container\" class=\"wpforms-field wpforms-field-select wpforms-field-select-style-classic\" data-field-id=\"10\"><label class=\"wpforms-field-label\" for=\"wpforms-5171-field_10\">Type of boat <span class=\"wpforms-required-label\">*<\/span><\/label><select id=\"wpforms-5171-field_10\" class=\"wpforms-field-medium wpforms-field-required\" name=\"wpforms[fields][10]\" required=\"required\"><option value=\"Cabin\"  class=\"choice-1 depth-1\"  >Cabin<\/option><option value=\"Cruise ship\"  class=\"choice-2 depth-1\"  >Cruise ship<\/option><option value=\"Off board\"  class=\"choice-3 depth-1\"  >Off board<\/option><option value=\"Fishing boat\"  class=\"choice-8 depth-1\"  >Fishing boat<\/option><option value=\"Jet ski\"  class=\"choice-7 depth-1\"  >Jet ski<\/option><option value=\"Yacht\"  class=\"choice-6 depth-1\"  >Yacht<\/option><option value=\"Inflatable\"  class=\"choice-5 depth-1\"  >Inflatable<\/option><option value=\"Semi-rigid\"  class=\"choice-4 depth-1\"  >Semi-rigid<\/option><\/select><\/div><div id=\"wpforms-5171-field_12-container\" class=\"wpforms-field wpforms-field-text\" data-field-id=\"12\"><label class=\"wpforms-field-label\" for=\"wpforms-5171-field_12\">Length of the boat  <span class=\"wpforms-required-label\">*<\/span><\/label><input type=\"text\" id=\"wpforms-5171-field_12\" class=\"wpforms-field-medium wpforms-field-required\" name=\"wpforms[fields][12]\" required><\/div><div id=\"wpforms-5171-field_13-container\" class=\"wpforms-field wpforms-field-text\" data-field-id=\"13\"><label class=\"wpforms-field-label\" for=\"wpforms-5171-field_13\">Boat value  <span class=\"wpforms-required-label\">*<\/span><\/label><input type=\"text\" id=\"wpforms-5171-field_13\" class=\"wpforms-field-medium wpforms-field-required\" name=\"wpforms[fields][13]\" required><\/div><div id=\"wpforms-5171-field_14-container\" class=\"wpforms-field wpforms-field-text\" data-field-id=\"14\"><label class=\"wpforms-field-label\" for=\"wpforms-5171-field_14\">Year of construction <span class=\"wpforms-required-label\">*<\/span><\/label><input type=\"text\" id=\"wpforms-5171-field_14\" class=\"wpforms-field-medium wpforms-field-required\" name=\"wpforms[fields][14]\" required><\/div><div id=\"wpforms-5171-field_11-container\" class=\"wpforms-field wpforms-field-text\" data-field-id=\"11\"><label class=\"wpforms-field-label\" for=\"wpforms-5171-field_11\">Number of passengers <span class=\"wpforms-required-label\">*<\/span><\/label><input type=\"text\" id=\"wpforms-5171-field_11\" class=\"wpforms-field-medium wpforms-field-required\" name=\"wpforms[fields][11]\" required><\/div><div id=\"wpforms-5171-field_16-container\" class=\"wpforms-field wpforms-field-text\" data-field-id=\"16\"><label class=\"wpforms-field-label\" for=\"wpforms-5171-field_16\">Engine brand <span class=\"wpforms-required-label\">*<\/span><\/label><input type=\"text\" id=\"wpforms-5171-field_16\" class=\"wpforms-field-medium wpforms-field-required\" name=\"wpforms[fields][16]\" required><\/div><div id=\"wpforms-5171-field_15-container\" class=\"wpforms-field wpforms-field-text\" data-field-id=\"15\"><label class=\"wpforms-field-label\" for=\"wpforms-5171-field_15\">Number of motors <span class=\"wpforms-required-label\">*<\/span><\/label><input type=\"text\" id=\"wpforms-5171-field_15\" class=\"wpforms-field-medium wpforms-field-required\" name=\"wpforms[fields][15]\" required><\/div><div id=\"wpforms-5171-field_17-container\" class=\"wpforms-field wpforms-field-text\" data-field-id=\"17\"><label class=\"wpforms-field-label\" for=\"wpforms-5171-field_17\">Engine power CV <span class=\"wpforms-required-label\">*<\/span><\/label><input type=\"text\" id=\"wpforms-5171-field_17\" class=\"wpforms-field-medium wpforms-field-required\" name=\"wpforms[fields][17]\" required><\/div><div id=\"wpforms-5171-field_2-container\" class=\"wpforms-field wpforms-field-textarea\" data-field-id=\"2\"><label class=\"wpforms-field-label\" for=\"wpforms-5171-field_2\">Additional information <span class=\"wpforms-required-label\">*<\/span><\/label><textarea id=\"wpforms-5171-field_2\" class=\"wpforms-field-medium wpforms-field-required\" name=\"wpforms[fields][2]\" required><\/textarea><\/div><\/div><!-- .wpforms-field-container --><div class=\"wpforms-field wpforms-field-hp\"><label for=\"wpforms-5171-field-hp\" class=\"wpforms-field-label\">Email<\/label><input type=\"text\" name=\"wpforms[hp]\" id=\"wpforms-5171-field-hp\" class=\"wpforms-field-medium\"><\/div><div class=\"wpforms-submit-container\" ><input type=\"hidden\" name=\"wpforms[id]\" value=\"5171\"><input type=\"hidden\" name=\"page_title\" value=\"\"><input type=\"hidden\" name=\"page_url\" value=\"https:\/\/essencial-portugal.com\/de\/wp-json\/wp\/v2\/pages\/3895\"><input type=\"hidden\" name=\"url_referer\" value=\"\"><button type=\"submit\" name=\"wpforms[submit]\" id=\"wpforms-submit-5171\" class=\"wpforms-submit\" data-alt-text=\"Sending...\" data-submit-text=\"Send\" aria-live=\"assertive\" value=\"wpforms-submit\">Send<\/button><\/div><\/form><\/div>  <!-- .wpforms-container --><\/p>\n<blockquote><p>Indem Sie das Kontaktformular best\u00e4tigen, erm\u00e4chtigen Sie mich, Ihre Anfrage an einen englischsprachigen Versicherungsmakler weiterzuleiten, der sich direkt mit Ihnen in Verbindung setzen kann. Nichts ist automatisiert: Es handelt sich um Personen, die ich kenne, die in Lissabon ans\u00e4ssig sind und die qualifiziert sind, Sie bei Ihrem Ansatz und Ihrem Projekt zu begleiten.<\/p><\/blockquote>\n<h2>Versicherung in Portugal<\/h2>\n<p>Im Folgenden finden Sie alle Versicherungen in Portugal, f\u00fcr die Sie sich an meinen spezialisierten Partner-Makler wenden k\u00f6nnen:<\/p>\n<ul>\n<li><a href=\"https:\/\/essencial-portugal.com\/de\/leben-in-lissabon-und-portugal\/krankenversicherung-und-gesundheitssystem-portugal\/\">Krankenversicherung Portugal<\/a><\/li>\n<li><a href=\"https:\/\/essencial-portugal.com\/de\/versicherung-portugal\/motorradversicherung-portugal\/\">Motorradversicherung Portugal<\/a><\/li>\n<li><a href=\"https:\/\/essencial-portugal.com\/de\/versicherung-portugal\/lebensversicherung-portugal\/\">Lebensversicherung Portugal<\/a><\/li>\n<li><a href=\"https:\/\/essencial-portugal.com\/de\/versicherung-portugal\/zahnversicherung-portugal\/\">Zahnversicherung Portugal<\/a><\/li>\n<li><a href=\"https:\/\/essencial-portugal.com\/de\/versicherung-portugal\/autoversicherung-portugal\/\">Autoversicherung Portugal<\/a><\/li>\n<li><a href=\"https:\/\/essencial-portugal.com\/de\/versicherung-portugal\/hausratversicherung-portugal\/\">Sachversicherung Portugal<\/a><\/li>\n<\/ul>\n<div id=\"gtx-trans\" style=\"position: absolute; left: 600px; top: 1503.61px;\">\n<div class=\"gtx-trans-icon\"><\/div>\n<\/div>\n","protected":false},"excerpt":{"rendered":"<p>Im Falle eines Bootsunfalls kann Ihre Bootsversicherung in Portugal den Wert der Sch\u00e4den \u00fcbernehmen, die Sie Dritten zuf\u00fcgen oder die Ihr Boot und seine Insassen erleiden, je nachdem, welchen Schutz Sie w\u00e4hlen. Ihre Bootsversicherung kann verschiedene Arten von Deckung enthalten, wie z. B.: Haftpflicht: den Wert des Schadens, den Sie anderen Personen oder Booten bei [&hellip;]<\/p>\n","protected":false},"author":1,"featured_media":3972,"parent":3166,"menu_order":0,"comment_status":"closed","ping_status":"closed","template":"","meta":{"om_disable_all_campaigns":false,"_monsterinsights_skip_tracking":false,"_monsterinsights_sitenote_active":false,"_monsterinsights_sitenote_note":"","_monsterinsights_sitenote_category":0,"_uf_show_specific_survey":0,"_uf_disable_surveys":false,"site-sidebar-layout":"default","site-content-layout":"default","ast-site-content-layout":"default","site-content-style":"default","site-sidebar-style":"default","ast-global-header-display":"","ast-banner-title-visibility":"","ast-main-header-display":"","ast-hfb-above-header-display":"","ast-hfb-below-header-display":"","ast-hfb-mobile-header-display":"","site-post-title":"","ast-breadcrumbs-content":"","ast-featured-img":"","footer-sml-layout":"","ast-disable-related-posts":"","theme-transparent-header-meta":"default","adv-header-id-meta":"","stick-header-meta":"","header-above-stick-meta":"","header-main-stick-meta":"","header-below-stick-meta":"","astra-migrate-meta-layouts":"default","ast-page-background-enabled":"default","ast-page-background-meta":{"desktop":{"background-color":"","background-image":"","background-repeat":"repeat","background-position":"center center","background-size":"auto","background-attachment":"scroll","background-type":"","background-media":"","overlay-type":"","overlay-color":"","overlay-opacity":"","overlay-gradient":""},"tablet":{"background-color":"","background-image":"","background-repeat":"repeat","background-position":"center center","background-size":"auto","background-attachment":"scroll","background-type":"","background-media":"","overlay-type":"","overlay-color":"","overlay-opacity":"","overlay-gradient":""},"mobile":{"background-color":"","background-image":"","background-repeat":"repeat","background-position":"center center","background-size":"auto","background-attachment":"scroll","background-type":"","background-media":"","overlay-type":"","overlay-color":"","overlay-opacity":"","overlay-gradient":""}},"ast-content-background-meta":{"desktop":{"background-color":"var(--ast-global-color-5)","background-image":"","background-repeat":"repeat","background-position":"center center","background-size":"auto","background-attachment":"scroll","background-type":"","background-media":"","overlay-type":"","overlay-color":"","overlay-opacity":"","overlay-gradient":""},"tablet":{"background-color":"var(--ast-global-color-5)","background-image":"","background-repeat":"repeat","background-position":"center center","background-size":"auto","background-attachment":"scroll","background-type":"","background-media":"","overlay-type":"","overlay-color":"","overlay-opacity":"","overlay-gradient":""},"mobile":{"background-color":"var(--ast-global-color-5)","background-image":"","background-repeat":"repeat","background-position":"center center","background-size":"auto","background-attachment":"scroll","background-type":"","background-media":"","overlay-type":"","overlay-color":"","overlay-opacity":"","overlay-gradient":""}},"footnotes":""},"class_list":["post-3895","page","type-page","status-publish","has-post-thumbnail","hentry"],"aioseo_notices":[],"_links":{"self":[{"href":"https:\/\/essencial-portugal.com\/de\/wp-json\/wp\/v2\/pages\/3895","targetHints":{"allow":["GET"]}}],"collection":[{"href":"https:\/\/essencial-portugal.com\/de\/wp-json\/wp\/v2\/pages"}],"about":[{"href":"https:\/\/essencial-portugal.com\/de\/wp-json\/wp\/v2\/types\/page"}],"author":[{"embeddable":true,"href":"https:\/\/essencial-portugal.com\/de\/wp-json\/wp\/v2\/users\/1"}],"replies":[{"embeddable":true,"href":"https:\/\/essencial-portugal.com\/de\/wp-json\/wp\/v2\/comments?post=3895"}],"version-history":[{"count":0,"href":"https:\/\/essencial-portugal.com\/de\/wp-json\/wp\/v2\/pages\/3895\/revisions"}],"up":[{"embeddable":true,"href":"https:\/\/essencial-portugal.com\/de\/wp-json\/wp\/v2\/pages\/3166"}],"wp:featuredmedia":[{"embeddable":true,"href":"https:\/\/essencial-portugal.com\/de\/wp-json\/wp\/v2\/media\/3972"}],"wp:attachment":[{"href":"https:\/\/essencial-portugal.com\/de\/wp-json\/wp\/v2\/media?parent=3895"}],"curies":[{"name":"wp","href":"https:\/\/api.w.org\/{rel}","templated":true}]}}