{"id":3905,"date":"2019-06-30T10:01:08","date_gmt":"2019-06-30T10:01:08","guid":{"rendered":"https:\/\/essencial-portugal.com\/fr\/?page_id=3905"},"modified":"2023-03-01T09:04:22","modified_gmt":"2023-03-01T09:04:22","slug":"motorradversicherung-portugal","status":"publish","type":"page","link":"https:\/\/essencial-portugal.com\/de\/versicherung-portugal\/motorradversicherung-portugal\/","title":{"rendered":"Motorradversicherung in Portugal"},"content":{"rendered":"<p>Die gesetzlichen Verpflichtungen f\u00fcr Zweir\u00e4der sind dieselben wie f\u00fcr Autofahrer in Bezug auf die Motorradversicherung in Portugal. Die Haftpflichtversicherung ist obligatorisch. Wenn Sie also nach der g\u00fcnstigsten Motorradversicherung suchen, sollten Sie sich bewusst sein, dass dies nicht immer die beste Option ist.<\/p>\n<p>Es stehen Ihnen mehrere Optionen zur Verf\u00fcgung, und deshalb m\u00fcssen Sie alle Bedingungen der verschiedenen portugiesischen Motorradversicherungsgesellschaften kennen.<\/p>\n<p><img fetchpriority=\"high\" decoding=\"async\" class=\"aligncenter wp-image-3957 size-full\" src=\"https:\/\/essencial-portugal.com\/de\/wp-content\/uploads\/2019\/06\/assurance-moto-portugal.jpg\" alt=\"motorcycle insurance portugal\" width=\"1200\" height=\"700\" srcset=\"https:\/\/essencial-portugal.com\/de\/wp-content\/uploads\/2019\/06\/assurance-moto-portugal.jpg 1200w, https:\/\/essencial-portugal.com\/de\/wp-content\/uploads\/2019\/06\/assurance-moto-portugal-300x175.jpg 300w, https:\/\/essencial-portugal.com\/de\/wp-content\/uploads\/2019\/06\/assurance-moto-portugal-768x448.jpg 768w, https:\/\/essencial-portugal.com\/de\/wp-content\/uploads\/2019\/06\/assurance-moto-portugal-1024x597.jpg 1024w\" sizes=\"(max-width: 1200px) 100vw, 1200px\" \/><\/p>\n<h2>Motorradversicherung in Portugal: Englischsprachige Begleitung<\/h2>\n<p>Sie kommen nach Portugal und wollen die sch\u00f6nen Landschaften des Landes mit Ihrem Motorrad genie\u00dfen? Seien Sie sich dar\u00fcber im Klaren, dass eine Mindestversicherung hier obligatorisch ist, dass nicht alle portugiesischen Versicherungsgesellschaften sie anbieten und dass Sie sich vielleicht nicht die M\u00fche machen wollen, diejenige zu finden, die perfekt zu Ihren Bed\u00fcrfnissen und Ihrem Motorrad passt.<\/p>\n<p>Sie k\u00f6nnen daher die untenstehende Schaltfl\u00e4che verwenden und das zugeh\u00f6rige Formular ausf\u00fcllen, um mit einem englischsprachigen Makler mit Sitz in Lissabon, der auf Versicherungen in Portugal spezialisiert ist, in Kontakt zu treten. Er wird Ihre Bed\u00fcrfnisse, Ihre Informationen und Ihre Recherchen ber\u00fccksichtigen und Sie beim Abschluss der besten Motorradversicherung in Portugal begleiten.<\/p>\n<p style=\"text-align: center;\"><a class=\"maxbutton-3 maxbutton maxbutton-form\" href=\"#form\"><span class='mb-text'>KONTAKT<\/span><\/a><\/p>\n<p>&nbsp;<\/p>\n<h2>Informationen zur Motorradversicherung in Portugal<\/h2>\n<p>Laut Gesetz muss die von Motorradfahrern abzuschlie\u00dfende Haftpflichtversicherung eine Million Euro f\u00fcr Sachsch\u00e4den und f\u00fcnf Millionen Euro f\u00fcr Personensch\u00e4den abdecken.<\/p>\n<p>Obwohl die Versicherung gesetzlich vorgeschrieben ist, beschr\u00e4nken einige Unternehmen den Abschluss dieser Art von Versicherung auf Personen, die bereits zu ihrem Kundenstamm geh\u00f6ren, oder auf Motorradfahrer, die noch keinen Unfall zu verzeichnen haben. Umso wichtiger ist es, sich von einem Versicherungsfachmann in Portugal begleiten zu lassen, der Sie zu den Gesellschaften f\u00fchren kann, die Sie entsprechend Ihrer pers\u00f6nlichen Situation am besten versichern k\u00f6nnen.<\/p>\n<p>Die Kaskoversicherung ist am besten geeignet, da sie Sie gegen Sch\u00e4den am Motorrad absichert:<\/p>\n<ul>\n<li>Diebstahl<\/li>\n<li>Schock<\/li>\n<li>R\u00fcckw\u00e4rtsfahren<\/li>\n<li>Kollision<\/li>\n<li>Brand<\/li>\n<li>Explosion<\/li>\n<li>Blitzschlag<\/li>\n<\/ul>\n<p>Wenn Sie alle Ihre Versicherungen bei einer einzigen Gesellschaft abschlie\u00dfen (z. B. Lebens-, Kranken- oder Kfz-Versicherung), kann ein Spezialist Ihren Vertrag m\u00f6glicherweise leichter und zu einem g\u00fcnstigeren Jahrespreis aushandeln.<\/p>\n<p>Viele Motorradversicherer in Portugal schlie\u00dfen aufgrund des damit verbundenen Risikos keine Motorradversicherungen ab, vor allem wenn Sie nicht bereits Kunde bei anderen Anbietern sind. Das Gleiche gilt, wenn Sie Ihren Motorradf\u00fchrerschein seit weniger als zwei Jahren besitzen, unter 25 Jahre alt sind oder bereits Unf\u00e4lle hatten: drei F\u00e4lle, in denen der Abschluss einer Motorradversicherung in Portugal schwieriger ist.<\/p>\n<p>Manchmal k\u00f6nnen Sie eine g\u00fcnstigere Motorradversicherung \u00fcber einen Vermittler abschlie\u00dfen, der sich um die Verhandlungen k\u00fcmmert: Er hat den Vorteil, dass er der Versicherungsgesellschaft viele Vertr\u00e4ge vorlegen und Sie leichter und f\u00fcr weniger Geld anmelden kann.<\/p>\n<p>Wenn sich die portugiesischen Motorradversicherer weigern, eine Versicherung f\u00fcr Sie abzuschlie\u00dfen, k\u00f6nnen und m\u00fcssen Sie drei Ablehnungserkl\u00e4rungen abgeben. Legen Sie diese Unterlagen dann dem Versicherungsinstitut in Portugal vor, und dieses benennt eine Motorradversicherungsgesellschaft, die die Versicherung abschlie\u00dft.<\/p>\n<p>Die meisten Versicherer legen zwei Hubraumklassen fest, um die Preise f\u00fcr Motorradversicherungen zu bestimmen:<\/p>\n<ul>\n<li>Motorr\u00e4der bis zu 500 Kubikzentimetern<\/li>\n<li>Kraftr\u00e4der mit mehr als 500 Kubikzentimetern Hubraum<\/li>\n<\/ul>\n<p>Andere Motorradversicherer k\u00f6nnen eine Klasse bis 250 Kubikzentimeter anbieten, die meisten jedoch nicht.<\/p>\n<p>Wie bei der Kfz-Versicherung in Portugal haben Motorradfahrer, die in Gebieten mit geringem Risiko leben, Anspruch auf einen Nachlass auf die Versicherungspr\u00e4mie, der zwischen 5 % und 25 % liegen kann.<\/p>\n<p>F\u00fcr verletzte Motorradfahrer hingegen steigen die Pr\u00e4mien um bis zu 200 %, je nach Anzahl der gemeldeten Sch\u00e4den. J\u00fcngere Motorradfahrer, die erst vor kurzem ihren F\u00fchrerschein gemacht haben, werden ebenfalls stark benachteiligt: Sie zahlen rund 40 % mehr f\u00fcr ihre Motorradversicherung in Portugal.<\/p>\n<h2>Arten der Motorradversicherung in Portugal<\/h2>\n<p><img decoding=\"async\" class=\"aligncenter wp-image-3958 size-full\" src=\"https:\/\/essencial-portugal.com\/de\/wp-content\/uploads\/2019\/06\/courtier-assurance-moto-portugal.jpg\" alt=\"motorcycle insurance broker portugal\" width=\"1000\" height=\"500\" srcset=\"https:\/\/essencial-portugal.com\/de\/wp-content\/uploads\/2019\/06\/courtier-assurance-moto-portugal.jpg 1000w, https:\/\/essencial-portugal.com\/de\/wp-content\/uploads\/2019\/06\/courtier-assurance-moto-portugal-300x150.jpg 300w, https:\/\/essencial-portugal.com\/de\/wp-content\/uploads\/2019\/06\/courtier-assurance-moto-portugal-768x384.jpg 768w\" sizes=\"(max-width: 1000px) 100vw, 1000px\" \/><\/p>\n<p>Die Wahl der Motorradversicherung, die Ihren Bed\u00fcrfnissen am besten entspricht, ist sehr wichtig f\u00fcr Ihren Schutz, den Schutz Ihres Motorrads und den Schutz Ihres Motorrads vor Sch\u00e4den, die Dritten zugef\u00fcgt werden k\u00f6nnen. Die Versicherung bietet wirtschaftliche Unterst\u00fctzung und Hilfe im Falle eines Unfalls, Diebstahls oder eines anderen Unfalls.<\/p>\n<p>Die zu w\u00e4hlende Motorradversicherung und ihr Preis h\u00e4ngen nicht nur von der Art der Versicherung, sondern auch von ihrer Verwendung ab. Sie werden nicht die gleiche Versicherung haben, wenn Sie ein Motorrad f\u00fcr lange Fahrten oder einfach als Nutzfahrzeug haben. Reparaturen und Ersatzteile sind bei gro\u00dfen Motorr\u00e4dern viel teurer, und in diesem Fall ist eine Versicherung, die f\u00fcr die Reparaturen aufkommt, sicherlich rentabler.<\/p>\n<p>Im Allgemeinen gibt es drei Arten von Motorradversicherungen auf dem Markt:<\/p>\n<ul>\n<li>Motorrad-Haftpflichtversicherung<\/li>\n<li>Motorrad-Vollkasko-Versicherung<\/li>\n<\/ul>\n<h3>Motorrad-Haftpflichtversicherung<\/h3>\n<p>Die Motorrad-Haftpflichtversicherung wird auch als obligatorische Haftpflichtversicherung bezeichnet. Es handelt sich um eine obligatorische Grundversicherung, die recht g\u00fcnstig ist, obwohl sie auch diejenige mit der geringsten Deckung ist.<\/p>\n<p>Zu den obligatorischen Deckungen geh\u00f6ren unter anderem:<\/p>\n<ul>\n<li>Obligatorische Versicherung<\/li>\n<li>Strafrechtliche Deckung<\/li>\n<li>Entsch\u00e4digungsanspr\u00fcche<\/li>\n<li>Pannenhilfe<\/li>\n<\/ul>\n<p>Zus\u00e4tzlicher Versicherungsschutz wird in der Regel von der Haftpflichtversicherung gew\u00e4hrt. All diese Angaben dienen nur zur Information und h\u00e4ngen nat\u00fcrlich von Ihrem Versicherungsvertrag ab.<\/p>\n<ul>\n<li>Ersatz des Motorrads<\/li>\n<li>Flug<\/li>\n<li>Reise-Assistenz<\/li>\n<li>Sch\u00e4den an Dritten<\/li>\n<\/ul>\n<h3>Motorrad-Vollkaskoversicherung<\/h3>\n<p>Die Vollkaskoversicherung f\u00fcr Motorr\u00e4der in Portugal ist vor allem f\u00fcr diejenigen empfehlenswert, die ihr Motorrad intensiv nutzen und sichergehen wollen, dass sie unabh\u00e4ngig von eventuell auftretenden Problemen versichert sind.\u00a0Diese Art von Versicherung sch\u00fctzt sowohl das Motorrad, den Fahrer als auch Dritte, die in einen Verkehrsunfall verwickelt werden k\u00f6nnten.<\/p>\n<p>Der gr\u00f6\u00dfte Nachteil dieser Art von Motorradversicherung sind nat\u00fcrlich die Kosten f\u00fcr die Versicherung, aber trotz des hohen Preises bietet die Vollkaskoversicherung alle Arten von Schutz und gibt dem Versicherten mehr Seelenfrieden.<\/p>\n<p>Beachten Sie auch, dass die Vollkaskoversicherung f\u00fcr Motorr\u00e4der in Portugal mit oder ohne Selbstbeteiligung abgeschlossen werden kann. Eine gute M\u00f6glichkeit, die f\u00fcr Sie am besten geeignete Motorradversicherung auszuw\u00e4hlen, besteht also darin, die Angebote verschiedener Versicherer anhand Ihrer pers\u00f6nlichen Daten und Ihres Motorrads zu vergleichen.<\/p>\n<p>Wenn Sie gerade erst in Portugal angekommen sind, wird es sehr kompliziert sein, daher rate ich Ihnen dringend, sich von einem englischsprachigen Fachmann begleiten zu lassen, indem Sie die Schaltfl\u00e4che oben auf der Seite verwenden.<\/p>\n<h2 id=\"form\">Englischsprachiger Motorradversicherungsmakler Portugal<\/h2>\n<p style=\"text-align: center;\"><div class=\"wpforms-container wpforms-container-full\" id=\"wpforms-5163\"><form id=\"wpforms-form-5163\" class=\"wpforms-validate wpforms-form\" data-formid=\"5163\" method=\"post\" enctype=\"multipart\/form-data\" action=\"\/de\/wp-json\/wp\/v2\/pages\/3905\" data-token=\"eaac2c94268edd9fa24943e3ed5af46f\" data-token-time=\"1776643271\"><noscript class=\"wpforms-error-noscript\">Please enable JavaScript in your browser to complete this form.<\/noscript><div class=\"wpforms-field-container\"><div id=\"wpforms-5163-field_0-container\" class=\"wpforms-field wpforms-field-name\" data-field-id=\"0\"><label class=\"wpforms-field-label\" for=\"wpforms-5163-field_0\">Name <span class=\"wpforms-required-label\">*<\/span><\/label><div class=\"wpforms-field-row wpforms-field-medium\"><div class=\"wpforms-field-row-block wpforms-first wpforms-one-half\"><input type=\"text\" id=\"wpforms-5163-field_0\" class=\"wpforms-field-name-first wpforms-field-required\" name=\"wpforms[fields][0][first]\" required><label for=\"wpforms-5163-field_0\" class=\"wpforms-field-sublabel after wpforms-sublabel-hide\">First<\/label><\/div><div class=\"wpforms-field-row-block wpforms-one-half\"><input type=\"text\" id=\"wpforms-5163-field_0-last\" class=\"wpforms-field-name-last wpforms-field-required\" name=\"wpforms[fields][0][last]\" required><label for=\"wpforms-5163-field_0-last\" class=\"wpforms-field-sublabel after wpforms-sublabel-hide\">Last<\/label><\/div><\/div><\/div><div id=\"wpforms-5163-field_1-container\" class=\"wpforms-field wpforms-field-email\" data-field-id=\"1\"><label class=\"wpforms-field-label\" for=\"wpforms-5163-field_1\">E-mail <span class=\"wpforms-required-label\">*<\/span><\/label><input type=\"email\" id=\"wpforms-5163-field_1\" class=\"wpforms-field-medium wpforms-field-required\" name=\"wpforms[fields][1]\" spellcheck=\"false\" required><\/div><div id=\"wpforms-5163-field_3-container\" class=\"wpforms-field wpforms-field-text\" data-field-id=\"3\"><label class=\"wpforms-field-label\" for=\"wpforms-5163-field_3\">Phone <span class=\"wpforms-required-label\">*<\/span><\/label><input type=\"text\" id=\"wpforms-5163-field_3\" class=\"wpforms-field-medium wpforms-field-required\" name=\"wpforms[fields][3]\" required><\/div><div id=\"wpforms-5163-field_4-container\" class=\"wpforms-field wpforms-field-text\" data-field-id=\"4\"><label class=\"wpforms-field-label\" for=\"wpforms-5163-field_4\">Date of birth <span class=\"wpforms-required-label\">*<\/span><\/label><input type=\"text\" id=\"wpforms-5163-field_4\" class=\"wpforms-field-medium wpforms-field-required\" name=\"wpforms[fields][4]\" required><\/div><div id=\"wpforms-5163-field_6-container\" class=\"wpforms-field wpforms-field-text\" data-field-id=\"6\"><label class=\"wpforms-field-label\" for=\"wpforms-5163-field_6\">TIN \/ PASSEPORT<\/label><input type=\"text\" id=\"wpforms-5163-field_6\" class=\"wpforms-field-medium\" name=\"wpforms[fields][6]\" ><\/div><div id=\"wpforms-5163-field_7-container\" class=\"wpforms-field wpforms-field-text\" data-field-id=\"7\"><label class=\"wpforms-field-label\" for=\"wpforms-5163-field_7\">Postal Code<\/label><input type=\"text\" id=\"wpforms-5163-field_7\" class=\"wpforms-field-medium\" name=\"wpforms[fields][7]\" ><\/div><div id=\"wpforms-5163-field_8-container\" class=\"wpforms-field wpforms-field-text\" data-field-id=\"8\"><label class=\"wpforms-field-label\" for=\"wpforms-5163-field_8\">Date of driving licence <span class=\"wpforms-required-label\">*<\/span><\/label><input type=\"text\" id=\"wpforms-5163-field_8\" class=\"wpforms-field-medium wpforms-field-required\" name=\"wpforms[fields][8]\" required><\/div><div id=\"wpforms-5163-field_9-container\" class=\"wpforms-field wpforms-field-text\" data-field-id=\"9\"><label class=\"wpforms-field-label\" for=\"wpforms-5163-field_9\">Number of years of motorcycle insurance <span class=\"wpforms-required-label\">*<\/span><\/label><input type=\"text\" id=\"wpforms-5163-field_9\" class=\"wpforms-field-medium wpforms-field-required\" name=\"wpforms[fields][9]\" required><\/div><div id=\"wpforms-5163-field_10-container\" class=\"wpforms-field wpforms-field-text\" data-field-id=\"10\"><label class=\"wpforms-field-label\" for=\"wpforms-5163-field_10\">Nubler of claims in the last 5 years <span class=\"wpforms-required-label\">*<\/span><\/label><input type=\"text\" id=\"wpforms-5163-field_10\" class=\"wpforms-field-medium wpforms-field-required\" name=\"wpforms[fields][10]\" required><\/div><div id=\"wpforms-5163-field_11-container\" class=\"wpforms-field wpforms-field-select wpforms-field-select-style-classic\" data-field-id=\"11\"><label class=\"wpforms-field-label\" for=\"wpforms-5163-field_11\">Additional drivers to be insured (fill in the information of the other drivers in the field &quot;additional information&quot;).<\/label><select id=\"wpforms-5163-field_11\" class=\"wpforms-field-medium\" name=\"wpforms[fields][11]\"><option value=\"1\"  class=\"choice-1 depth-1\"  >1<\/option><option value=\"2\"  class=\"choice-2 depth-1\"  >2<\/option><option value=\"3\"  class=\"choice-3 depth-1\"  >3<\/option><option value=\"4\"  class=\"choice-4 depth-1\"  >4<\/option><option value=\"5\"  class=\"choice-5 depth-1\"  >5<\/option><\/select><\/div><div id=\"wpforms-5163-field_12-container\" class=\"wpforms-field wpforms-field-text\" data-field-id=\"12\"><label class=\"wpforms-field-label\" for=\"wpforms-5163-field_12\">Brand of the motorcycle <span class=\"wpforms-required-label\">*<\/span><\/label><input type=\"text\" id=\"wpforms-5163-field_12\" class=\"wpforms-field-medium wpforms-field-required\" name=\"wpforms[fields][12]\" required><\/div><div id=\"wpforms-5163-field_13-container\" class=\"wpforms-field wpforms-field-text\" data-field-id=\"13\"><label class=\"wpforms-field-label\" for=\"wpforms-5163-field_13\">Motorcycle model and version <span class=\"wpforms-required-label\">*<\/span><\/label><input type=\"text\" id=\"wpforms-5163-field_13\" class=\"wpforms-field-medium wpforms-field-required\" name=\"wpforms[fields][13]\" required><\/div><div id=\"wpforms-5163-field_14-container\" class=\"wpforms-field wpforms-field-text\" data-field-id=\"14\"><label class=\"wpforms-field-label\" for=\"wpforms-5163-field_14\">Date of entry into service of the motorcycle <span class=\"wpforms-required-label\">*<\/span><\/label><input type=\"text\" id=\"wpforms-5163-field_14\" class=\"wpforms-field-medium wpforms-field-required\" name=\"wpforms[fields][14]\" required><\/div><div id=\"wpforms-5163-field_18-container\" class=\"wpforms-field wpforms-field-text\" data-field-id=\"18\"><label class=\"wpforms-field-label\" for=\"wpforms-5163-field_18\">Vehicle registration plates (PT) <span class=\"wpforms-required-label\">*<\/span><\/label><input type=\"text\" id=\"wpforms-5163-field_18\" class=\"wpforms-field-medium wpforms-field-required\" name=\"wpforms[fields][18]\" required><\/div><div id=\"wpforms-5163-field_17-container\" class=\"wpforms-field wpforms-field-text\" data-field-id=\"17\"><label class=\"wpforms-field-label\" for=\"wpforms-5163-field_17\">Cylinder capacity (cm\u00b2) <span class=\"wpforms-required-label\">*<\/span><\/label><input type=\"text\" id=\"wpforms-5163-field_17\" class=\"wpforms-field-medium wpforms-field-required\" name=\"wpforms[fields][17]\" required><\/div><div id=\"wpforms-5163-field_16-container\" class=\"wpforms-field wpforms-field-text\" data-field-id=\"16\"><label class=\"wpforms-field-label\" for=\"wpforms-5163-field_16\">Power (HP or KW) <span class=\"wpforms-required-label\">*<\/span><\/label><input type=\"text\" id=\"wpforms-5163-field_16\" class=\"wpforms-field-medium wpforms-field-required\" name=\"wpforms[fields][16]\" required><\/div><div id=\"wpforms-5163-field_2-container\" class=\"wpforms-field wpforms-field-textarea\" data-field-id=\"2\"><label class=\"wpforms-field-label\" for=\"wpforms-5163-field_2\">Additional information <span class=\"wpforms-required-label\">*<\/span><\/label><textarea id=\"wpforms-5163-field_2\" class=\"wpforms-field-medium wpforms-field-required\" name=\"wpforms[fields][2]\" required><\/textarea><\/div><\/div><!-- .wpforms-field-container --><div class=\"wpforms-field wpforms-field-hp\"><label for=\"wpforms-5163-field-hp\" class=\"wpforms-field-label\">Message<\/label><input type=\"text\" name=\"wpforms[hp]\" id=\"wpforms-5163-field-hp\" class=\"wpforms-field-medium\"><\/div><div class=\"wpforms-submit-container\" ><input type=\"hidden\" name=\"wpforms[id]\" value=\"5163\"><input type=\"hidden\" name=\"page_title\" value=\"\"><input type=\"hidden\" name=\"page_url\" value=\"https:\/\/essencial-portugal.com\/de\/wp-json\/wp\/v2\/pages\/3905\"><input type=\"hidden\" name=\"url_referer\" value=\"\"><button type=\"submit\" name=\"wpforms[submit]\" id=\"wpforms-submit-5163\" class=\"wpforms-submit\" data-alt-text=\"Sending...\" data-submit-text=\"Send\" aria-live=\"assertive\" value=\"wpforms-submit\">Send<\/button><\/div><\/form><\/div>  <!-- .wpforms-container --><\/p>\n<blockquote><p>Indem Sie das Kontaktformular best\u00e4tigen, erm\u00e4chtigen Sie mich, Ihre Anfrage an einen englischsprachigen Versicherungsmakler weiterzuleiten, der sich direkt mit Ihnen in Verbindung setzen kann. Nichts ist automatisiert: Es handelt sich um Personen, die ich kenne, die in Lissabon ans\u00e4ssig sind und die qualifiziert sind, Sie bei Ihrem Ansatz und Ihrem Projekt zu begleiten.<\/p><\/blockquote>\n<h2>Versicherung in Portugal<\/h2>\n<p>Im Folgenden finden Sie alle Versicherungen in Portugal, f\u00fcr die Sie sich an meinen spezialisierten Partner-Makler wenden k\u00f6nnen:<\/p>\n<ul>\n<li><a href=\"https:\/\/essencial-portugal.com\/de\/nachrichten-portugal\/krankenversicherungen-portugal-moglichkeiten\/\">Krankenversicherung Portugal<\/a><\/li>\n<li><a href=\"https:\/\/essencial-portugal.com\/de\/versicherung-portugal\/autoversicherung-portugal\/\">Autoversicherung Portugal<\/a><\/li>\n<li><a href=\"https:\/\/essencial-portugal.com\/de\/versicherung-portugal\/hausratversicherung-portugal\/\">Hausratversicherung Portugal<\/a><\/li>\n<li><a href=\"https:\/\/essencial-portugal.com\/de\/versicherung-portugal\/lebensversicherung-portugal\/\">Lebensversicherung Portugal<\/a><\/li>\n<li><a href=\"https:\/\/essencial-portugal.com\/de\/versicherung-portugal\/zahnversicherung-portugal\/\">Zahnversicherung Portugal<\/a><\/li>\n<li><a href=\"https:\/\/essencial-portugal.com\/de\/versicherung-portugal\/bootsversicherung-portugal\/\">Bootsversicherung Portugal<\/a><\/li>\n<\/ul>\n<div id=\"gtx-trans\" style=\"position: absolute; left: 578px; top: 1069px;\">\n<div class=\"gtx-trans-icon\"><\/div>\n<\/div>\n","protected":false},"excerpt":{"rendered":"<p>Die gesetzlichen Verpflichtungen f\u00fcr Zweir\u00e4der sind dieselben wie f\u00fcr Autofahrer in Bezug auf die Motorradversicherung in Portugal. Die Haftpflichtversicherung ist obligatorisch. Wenn Sie also nach der g\u00fcnstigsten Motorradversicherung suchen, sollten Sie sich bewusst sein, dass dies nicht immer die beste Option ist. Es stehen Ihnen mehrere Optionen zur Verf\u00fcgung, und deshalb m\u00fcssen Sie alle Bedingungen [&hellip;]<\/p>\n","protected":false},"author":1,"featured_media":3957,"parent":3166,"menu_order":0,"comment_status":"closed","ping_status":"closed","template":"","meta":{"om_disable_all_campaigns":false,"_monsterinsights_skip_tracking":false,"_monsterinsights_sitenote_active":false,"_monsterinsights_sitenote_note":"","_monsterinsights_sitenote_category":0,"_uf_show_specific_survey":0,"_uf_disable_surveys":false,"site-sidebar-layout":"default","site-content-layout":"default","ast-site-content-layout":"default","site-content-style":"default","site-sidebar-style":"default","ast-global-header-display":"","ast-banner-title-visibility":"","ast-main-header-display":"","ast-hfb-above-header-display":"","ast-hfb-below-header-display":"","ast-hfb-mobile-header-display":"","site-post-title":"","ast-breadcrumbs-content":"","ast-featured-img":"","footer-sml-layout":"","ast-disable-related-posts":"","theme-transparent-header-meta":"default","adv-header-id-meta":"","stick-header-meta":"","header-above-stick-meta":"","header-main-stick-meta":"","header-below-stick-meta":"","astra-migrate-meta-layouts":"default","ast-page-background-enabled":"default","ast-page-background-meta":{"desktop":{"background-color":"","background-image":"","background-repeat":"repeat","background-position":"center center","background-size":"auto","background-attachment":"scroll","background-type":"","background-media":"","overlay-type":"","overlay-color":"","overlay-opacity":"","overlay-gradient":""},"tablet":{"background-color":"","background-image":"","background-repeat":"repeat","background-position":"center center","background-size":"auto","background-attachment":"scroll","background-type":"","background-media":"","overlay-type":"","overlay-color":"","overlay-opacity":"","overlay-gradient":""},"mobile":{"background-color":"","background-image":"","background-repeat":"repeat","background-position":"center center","background-size":"auto","background-attachment":"scroll","background-type":"","background-media":"","overlay-type":"","overlay-color":"","overlay-opacity":"","overlay-gradient":""}},"ast-content-background-meta":{"desktop":{"background-color":"var(--ast-global-color-5)","background-image":"","background-repeat":"repeat","background-position":"center center","background-size":"auto","background-attachment":"scroll","background-type":"","background-media":"","overlay-type":"","overlay-color":"","overlay-opacity":"","overlay-gradient":""},"tablet":{"background-color":"var(--ast-global-color-5)","background-image":"","background-repeat":"repeat","background-position":"center center","background-size":"auto","background-attachment":"scroll","background-type":"","background-media":"","overlay-type":"","overlay-color":"","overlay-opacity":"","overlay-gradient":""},"mobile":{"background-color":"var(--ast-global-color-5)","background-image":"","background-repeat":"repeat","background-position":"center center","background-size":"auto","background-attachment":"scroll","background-type":"","background-media":"","overlay-type":"","overlay-color":"","overlay-opacity":"","overlay-gradient":""}},"footnotes":""},"class_list":["post-3905","page","type-page","status-publish","has-post-thumbnail","hentry"],"aioseo_notices":[],"_links":{"self":[{"href":"https:\/\/essencial-portugal.com\/de\/wp-json\/wp\/v2\/pages\/3905","targetHints":{"allow":["GET"]}}],"collection":[{"href":"https:\/\/essencial-portugal.com\/de\/wp-json\/wp\/v2\/pages"}],"about":[{"href":"https:\/\/essencial-portugal.com\/de\/wp-json\/wp\/v2\/types\/page"}],"author":[{"embeddable":true,"href":"https:\/\/essencial-portugal.com\/de\/wp-json\/wp\/v2\/users\/1"}],"replies":[{"embeddable":true,"href":"https:\/\/essencial-portugal.com\/de\/wp-json\/wp\/v2\/comments?post=3905"}],"version-history":[{"count":0,"href":"https:\/\/essencial-portugal.com\/de\/wp-json\/wp\/v2\/pages\/3905\/revisions"}],"up":[{"embeddable":true,"href":"https:\/\/essencial-portugal.com\/de\/wp-json\/wp\/v2\/pages\/3166"}],"wp:featuredmedia":[{"embeddable":true,"href":"https:\/\/essencial-portugal.com\/de\/wp-json\/wp\/v2\/media\/3957"}],"wp:attachment":[{"href":"https:\/\/essencial-portugal.com\/de\/wp-json\/wp\/v2\/media?parent=3905"}],"curies":[{"name":"wp","href":"https:\/\/api.w.org\/{rel}","templated":true}]}}