{"id":4176,"date":"2019-07-14T09:31:45","date_gmt":"2019-07-14T09:31:45","guid":{"rendered":"https:\/\/essencial-portugal.com\/fr\/?page_id=4176"},"modified":"2023-03-01T09:02:21","modified_gmt":"2023-03-01T09:02:21","slug":"goldenes-visum-portugal","status":"publish","type":"page","link":"https:\/\/essencial-portugal.com\/de\/leben-in-lissabon-und-portugal\/goldenes-visum-portugal\/","title":{"rendered":"Goldenes Visum in Portugal"},"content":{"rendered":"<p><img fetchpriority=\"high\" decoding=\"async\" class=\"aligncenter wp-image-4182 size-full\" src=\"https:\/\/essencial-portugal.com\/de\/wp-content\/uploads\/2019\/07\/golden-visa-portugal.jpg\" alt=\"Golden visa in Portugal\" width=\"1170\" height=\"700\" srcset=\"https:\/\/essencial-portugal.com\/de\/wp-content\/uploads\/2019\/07\/golden-visa-portugal.jpg 1170w, https:\/\/essencial-portugal.com\/de\/wp-content\/uploads\/2019\/07\/golden-visa-portugal-300x179.jpg 300w, https:\/\/essencial-portugal.com\/de\/wp-content\/uploads\/2019\/07\/golden-visa-portugal-768x459.jpg 768w, https:\/\/essencial-portugal.com\/de\/wp-content\/uploads\/2019\/07\/golden-visa-portugal-1024x613.jpg 1024w\" sizes=\"(max-width: 1170px) 100vw, 1170px\" \/><\/p>\n<h2>Was ist das Goldene Visum?<\/h2>\n<p>Eine Reihe von europ\u00e4ischen L\u00e4ndern, darunter auch Portugal, stellen seit einigen Jahren Aufenthaltsgenehmigungen f\u00fcr ausl\u00e4ndische Staatsangeh\u00f6rige im Austausch f\u00fcr inl\u00e4ndische Immobilien- oder Wirtschaftsinvestitionen und die Schaffung neuer Arbeitspl\u00e4tze aus. Jedes Land und jedes goldene Visum hat seine eigenen Bedingungen und Schwellenwerte f\u00fcr die erforderlichen Investitionen. Was sind die Hauptvorteile dieser Programme und warum sind sie so beliebt geworden?<\/p>\n<p>Tatsache ist, dass der Erhalt einer Aufenthaltsgenehmigung wohlhabenden Menschen die M\u00f6glichkeit gibt, ihr Unternehmen zu erweitern und ihm neue Entwicklungsm\u00f6glichkeiten zu geben. Der zweite Aspekt, der das goldene Visum in Portugal oder anderswo so beliebt macht, ist die Tatsache, dass immer mehr wohlhabende Menschen in den Erwerb von Immobilien in Lissabon oder anderswo in Europa investieren wollen. Diese Art der Investition erfreut sich immer gr\u00f6\u00dferer Beliebtheit, da sie den Erhalt ihrer Investition garantiert, ein Haus f\u00fcr einen Urlaub in Europa erh\u00e4lt und dar\u00fcber hinaus ein stabiles Einkommen aus der Vermietung f\u00fcr den Rest des Jahres erzielt.<\/p>\n<p>In den letzten Jahren waren einige L\u00e4nder sehr aktiv bei der Ausstellung goldener Visa, wie Lettland, Spanien, Griechenland, Malta und Zypern, aber eines der beliebtesten L\u00e4nder f\u00fcr die schnelle Erlangung einer Aufenthaltsgenehmigung in Europa durch gro\u00dfe Investitionen ist Portugal.<\/p>\n<blockquote><p>F\u00fcllen Sie das untenstehende Formular aus und Sie werden direkt mit einem englischsprachigen Steueranwalt in der N\u00e4he von Lissabon in Verbindung gesetzt. Sie k\u00f6nnen mit ihm \u00fcber die Erlangung eines Goldenen Visums, VISAS oder die portugiesische Staatsangeh\u00f6rigkeit sprechen.<\/p>\n<p><strong>Bitte beachten Sie vor der Kontaktaufnahme, dass diese Firma sehr seri\u00f6s und kompetent ist und qualitativ hochwertige Dienstleistungen f\u00fcr VISAS \/ Golden Visa ab 3500\u20ac anbietet.<\/strong><\/p><\/blockquote>\n<p style=\"text-align: center;\"><div class=\"wpforms-container wpforms-container-full\" id=\"wpforms-6691\"><form id=\"wpforms-form-6691\" class=\"wpforms-validate wpforms-form\" data-formid=\"6691\" method=\"post\" enctype=\"multipart\/form-data\" action=\"\/de\/wp-json\/wp\/v2\/pages\/4176\" data-token=\"103213e47b06b80fa3357a3f6469adf6\" data-token-time=\"1778187891\"><noscript class=\"wpforms-error-noscript\">Please enable JavaScript in your browser to complete this form.<\/noscript><div class=\"wpforms-field-container\"><div id=\"wpforms-6691-field_0-container\" class=\"wpforms-field wpforms-field-name\" data-field-id=\"0\"><label class=\"wpforms-field-label\" for=\"wpforms-6691-field_0\">Name <span class=\"wpforms-required-label\">*<\/span><\/label><div class=\"wpforms-field-row wpforms-field-medium\"><div class=\"wpforms-field-row-block wpforms-first wpforms-one-half\"><input type=\"text\" id=\"wpforms-6691-field_0\" class=\"wpforms-field-name-first wpforms-field-required\" name=\"wpforms[fields][0][first]\" required><label for=\"wpforms-6691-field_0\" class=\"wpforms-field-sublabel after wpforms-sublabel-hide\">First<\/label><\/div><div class=\"wpforms-field-row-block wpforms-one-half\"><input type=\"text\" id=\"wpforms-6691-field_0-last\" class=\"wpforms-field-name-last wpforms-field-required\" name=\"wpforms[fields][0][last]\" required><label for=\"wpforms-6691-field_0-last\" class=\"wpforms-field-sublabel after wpforms-sublabel-hide\">Last<\/label><\/div><\/div><\/div><div id=\"wpforms-6691-field_1-container\" class=\"wpforms-field wpforms-field-email\" data-field-id=\"1\"><label class=\"wpforms-field-label\" for=\"wpforms-6691-field_1\">E-mail <span class=\"wpforms-required-label\">*<\/span><\/label><input type=\"email\" id=\"wpforms-6691-field_1\" class=\"wpforms-field-medium wpforms-field-required\" name=\"wpforms[fields][1]\" spellcheck=\"false\" required><\/div><div id=\"wpforms-6691-field_4-container\" class=\"wpforms-field wpforms-field-text\" data-field-id=\"4\"><label class=\"wpforms-field-label\" for=\"wpforms-6691-field_4\">Phone <span class=\"wpforms-required-label\">*<\/span><\/label><input type=\"text\" id=\"wpforms-6691-field_4\" class=\"wpforms-field-medium wpforms-field-required\" name=\"wpforms[fields][4]\" required><\/div><div id=\"wpforms-6691-field_5-container\" class=\"wpforms-field wpforms-field-text\" data-field-id=\"5\"><label class=\"wpforms-field-label\" for=\"wpforms-6691-field_5\">Subject <span class=\"wpforms-required-label\">*<\/span><\/label><input type=\"text\" id=\"wpforms-6691-field_5\" class=\"wpforms-field-medium wpforms-field-required\" name=\"wpforms[fields][5]\" required><\/div><div id=\"wpforms-6691-field_2-container\" class=\"wpforms-field wpforms-field-textarea\" data-field-id=\"2\"><label class=\"wpforms-field-label\" for=\"wpforms-6691-field_2\">Your project \/ Your needs <span class=\"wpforms-required-label\">*<\/span><\/label><textarea id=\"wpforms-6691-field_2\" class=\"wpforms-field-medium wpforms-field-required\" name=\"wpforms[fields][2]\" required><\/textarea><\/div><\/div><!-- .wpforms-field-container --><div class=\"wpforms-field wpforms-field-hp\"><label for=\"wpforms-6691-field-hp\" class=\"wpforms-field-label\">Website<\/label><input type=\"text\" name=\"wpforms[hp]\" id=\"wpforms-6691-field-hp\" class=\"wpforms-field-medium\"><\/div><div class=\"wpforms-submit-container\" ><input type=\"hidden\" name=\"wpforms[id]\" value=\"6691\"><input type=\"hidden\" name=\"page_title\" value=\"\"><input type=\"hidden\" name=\"page_url\" value=\"https:\/\/essencial-portugal.com\/de\/wp-json\/wp\/v2\/pages\/4176\"><input type=\"hidden\" name=\"url_referer\" value=\"\"><button type=\"submit\" name=\"wpforms[submit]\" id=\"wpforms-submit-6691\" class=\"wpforms-submit\" data-alt-text=\"Sending...\" data-submit-text=\"Send\" aria-live=\"assertive\" value=\"wpforms-submit\">Send<\/button><\/div><\/form><\/div>  <!-- .wpforms-container --><\/p>\n<h2>Wie Sie das Goldene Visum in Portugal erhalten<\/h2>\n<p>Um eine Aufenthaltsgenehmigung in Portugal zu erhalten, m\u00fcssen Sie :<\/p>\n<ul>\n<li>Gescannte Kopien der Reisep\u00e4sse aller Antragsteller einreichen<\/li>\n<li>Erf\u00fcllen Sie die Investitionsanforderungen des Programms: Kaufen Sie eine Immobilie, investieren Sie in ein Unternehmen oder schaffen Sie 10 Arbeitspl\u00e4tze.<\/li>\n<li>Besorgen Sie sich eine portugiesische TIN (f\u00fcr Investitionszwecke) und er\u00f6ffnen Sie ein Bankkonto in Portugal bei einer der \u00f6rtlichen Banken.<\/li>\n<li>Legen Sie Anw\u00e4lten die Originaldokumente zur Legalisierung und Validierung beim Notar vor (nach vorheriger \u00dcberpr\u00fcfung Ihrer Daten)<\/li>\n<\/ul>\n<p>Dann muss der Investor nach Portugal reisen, um Dokumente und biometrische Daten vorzulegen und eine Geb\u00fchr f\u00fcr deren Pr\u00fcfung zu entrichten. Die Pr\u00fcfung der Dokumente des Investors in Portugal und die Sicherheitskontrollen dauern in der Regel 6 Monate.<\/p>\n<p><img decoding=\"async\" class=\"aligncenter wp-image-4183 size-full\" src=\"https:\/\/essencial-portugal.com\/de\/wp-content\/uploads\/2019\/07\/demande-golden-visa-portugal.jpg\" alt=\"application golden visa portugal\" width=\"1799\" height=\"1056\" srcset=\"https:\/\/essencial-portugal.com\/de\/wp-content\/uploads\/2019\/07\/demande-golden-visa-portugal.jpg 1799w, https:\/\/essencial-portugal.com\/de\/wp-content\/uploads\/2019\/07\/demande-golden-visa-portugal-300x176.jpg 300w, https:\/\/essencial-portugal.com\/de\/wp-content\/uploads\/2019\/07\/demande-golden-visa-portugal-768x451.jpg 768w, https:\/\/essencial-portugal.com\/de\/wp-content\/uploads\/2019\/07\/demande-golden-visa-portugal-1024x601.jpg 1024w\" sizes=\"(max-width: 1799px) 100vw, 1799px\" \/><\/p>\n<h2>Kriterien f\u00fcr die Erteilung des Goldenen Visums f\u00fcr Portugal<\/h2>\n<p>Nachfolgend finden Sie eine Liste von Kriterien, die erf\u00fcllt werden m\u00fcssen, wenn Sie ein goldenes Visum in Portugal erhalten m\u00f6chten.<\/p>\n<p>Wenn Sie in Ihrem Schritt des Immobilienerwerbs in Portugal begleitet werden m\u00f6chten, um ein Goldenes Visum zu erhalten, kontaktieren Sie mich \u00fcber das Kontaktformular und ich werde Sie mit den Immobilienagenturen von Referenzen in Portugal in Verbindung setzen: professionelle und seri\u00f6se anglo-portugiesische Immobilienmakler, die sich freuen werden, den gesamten Markt zu scannen, um die Immobilie Ihrer Tr\u00e4ume zu finden und alle administrativen Teile f\u00fcr Sie zu erleichtern.<\/p>\n<p>Um das goldene Visum zu erhalten, ist es notwendig:<\/p>\n<ul>\n<li>\u00dcber 18 Jahre alt sein<\/li>\n<li>mit einem g\u00fcltigen Schengen-Visum nach Portugal eingereist sind<\/li>\n<li>Nicht wegen einer schweren Straftat verurteilt worden sein<\/li>\n<li>die Investition mindestens 5 Jahre lang aufrechterhalten<\/li>\n<li>Gelder aus dem Ausland zu investieren<\/li>\n<li>Nicht von den portugiesischen Einwanderungs- und Schengen-Beh\u00f6rden \u00fcberpr\u00fcft zu werden.<\/li>\n<li>Aufenthalt in Portugal f\u00fcr mindestens 7 Tage im ersten Jahr und 14 Tage in den folgenden 2 Jahren.<\/li>\n<li>Sie m\u00fcssen \u00fcber ein stabiles und regelm\u00e4\u00dfiges Einkommen verf\u00fcgen, um sich und Ihre Familie zu versorgen.<\/li>\n<li>Sie sind nicht vorbestraft.<\/li>\n<li>Sie haben keine Schulden bei den Steuerbeh\u00f6rden oder anderen portugiesischen Beh\u00f6rden.<\/li>\n<li>Sie haben eine Steueridentifikationsnummer f\u00fcr Investitionszwecke.<\/li>\n<\/ul>\n<p>Der\/die Hauptantragsteller\/in kann seinen\/ihren Ehepartner, Kinder unter 18 Jahren und unverheiratete studentische Kinder, f\u00fcr die der\/die Hauptantragsteller\/in vollumf\u00e4nglich aufkommt, in den Antrag auf ein Goldenes Visum in Portugal aufnehmen.<\/p>\n<p>Es ist auch m\u00f6glich, Kinder \u00fcber 18 Jahre mit einer k\u00f6rperlichen oder geistigen Behinderung, ihre Eltern oder ihren Ehegatten, die vom Antragsteller vollst\u00e4ndig unterst\u00fctzt werden, einzubeziehen.<\/p>\n<h2>Kosten f\u00fcr die Erlangung des Goldenen Visums<\/h2>\n<p>Der Kauf eines Hauses oder einer Villa an der K\u00fcste Portugals ist die h\u00e4ufigste Art, in die portugiesische Wirtschaft zu investieren. Um das Goldene Visum zu erhalten, h\u00e4ngt die H\u00f6he der Investition von der Art der Investition ab. Au\u00dferdem m\u00fcssen die unterschiedlichen Antragsgeb\u00fchren f\u00fcr die Beantragung und Ausstellung des portugiesischen goldenen Visums f\u00fcr den Hauptantragsteller und weitere Personen ber\u00fccksichtigt werden.<\/p>\n<h3>Beantragung und Verl\u00e4ngerung des Goldenen Visums<\/h3>\n<p>Nachstehend finden Sie die verschiedenen Geb\u00fchren, die mit dem Antrag und seiner Erneuerung verbunden sind. Diese Kosten beziehen sich auf das Jahr 2018, so dass es zu leichten Abweichungen kommen kann.<\/p>\n<ul>\n<li>Antragsgeb\u00fchr: 527,60 \u20ac f\u00fcr den Hauptantragsteller und 82,30 \u20ac f\u00fcr jeden weiteren Antragsteller<\/li>\n<li>Geb\u00fchr f\u00fcr die Ausstellung des Goldenen Visums: 5.274,40 \u20ac pro Person f\u00fcr das erste Visum und 2.637,20 \u20ac pro Person f\u00fcr jede Verl\u00e4ngerung.<\/li>\n<li>Antragsgeb\u00fchren f\u00fcr Daueraufenthalt (nach 5 Jahren) und Staatsb\u00fcrgerschaft (nach 6 Jahren): einige hundert Euro pro Antragsteller<\/li>\n<li>Kostenlos f\u00fcr Kinder unter 18 Jahren<\/li>\n<\/ul>\n<p>Wenn Sie die Sprache nicht sprechen, m\u00fcssen Sie auch die Kosten f\u00fcr die von Ihnen ben\u00f6tigten professionellen Dienstleistungen einplanen. Am besten ist es, wenn Sie w\u00e4hrend des gesamten Aufenthalts von derselben englischsprachigen Person begleitet werden. So k\u00f6nnen Sie alle Informationen zentralisieren und werden korrekt begleitet: Kontaktieren Sie mich, wenn Sie jemanden suchen, dem Sie vertrauen, um dies zu tun.<\/p>\n<ul>\n<li>Professionelle Unterst\u00fctzung w\u00e4hrend des gesamten Verfahrens zur Erlangung Ihres Goldenen Visums<\/li>\n<li>\u00dcbersetzung und Gesetzgebung von Dokumenten<\/li>\n<li>Steuerliche Vertretung<\/li>\n<li>Vorbereitung und Archivierung der j\u00e4hrlichen IRS-Erkl\u00e4rungen<\/li>\n<li>Professionelle Unterst\u00fctzung beim Kauf oder bei der Vermietung von Immobilien<\/li>\n<li>Professionelle Unterst\u00fctzung bei der Gr\u00fcndung und Verwaltung eines Unternehmens (englischsprachiger Buchhalter)<\/li>\n<\/ul>\n<p><img decoding=\"async\" class=\"aligncenter wp-image-4187 size-full\" src=\"https:\/\/essencial-portugal.com\/de\/wp-content\/uploads\/2019\/07\/cout-golden-visa-portugal.jpg\" alt=\"Cost of Golden Visa in Portugal\" width=\"1280\" height=\"720\" srcset=\"https:\/\/essencial-portugal.com\/de\/wp-content\/uploads\/2019\/07\/cout-golden-visa-portugal.jpg 1280w, https:\/\/essencial-portugal.com\/de\/wp-content\/uploads\/2019\/07\/cout-golden-visa-portugal-300x169.jpg 300w, https:\/\/essencial-portugal.com\/de\/wp-content\/uploads\/2019\/07\/cout-golden-visa-portugal-768x432.jpg 768w, https:\/\/essencial-portugal.com\/de\/wp-content\/uploads\/2019\/07\/cout-golden-visa-portugal-1024x576.jpg 1024w\" sizes=\"(max-width: 1280px) 100vw, 1280px\" \/><\/p>\n<h3>Immobilieninvestitionen in Portugal<\/h3>\n<p>Es gibt zwei Arten von Immobilieninvestitionen in Portugal, die es Ihnen erm\u00f6glichen k\u00f6nnen, ein goldenes Visum zu zwei unterschiedlichen Kosten zu erhalten:<\/p>\n<ul>\n<li>Erwerb einer Immobilie im Wert von einer halben Million Euro<\/li>\n<li>Erwerb einer Immobilie, die vor mehr als 30 Jahren gebaut wurde und sich in einem Stadterneuerungsgebiet befindet. Diese Immobilien sind schwieriger zu finden und f\u00fcr Investoren elten attraktiv, senken aber die Investitionskosten f\u00fcr das portugiesische Goldene Visum auf 350 000 \u20ac.<\/li>\n<\/ul>\n<h3>Kapitalanlage<\/h3>\n<p>Neben dem Erwerb von Immobilien gibt es auch eine Variante der Direktinvestition in die Wirtschaft des Landes. Sie k\u00f6nnen Aktien oder Anleihen f\u00fcr einen variablen Betrag kaufen, der von der Art der Investition abh\u00e4ngt:<\/p>\n<ul>\n<li>Wenn es sich nicht um einen der unten genannten Posten handelt, muss der Transfer mehr als 1.000.000 \u20ac betragen.<\/li>\n<li>K\u00fcnstlerische oder kulturelle T\u00e4tigkeiten: \u00dcbertragung von mehr als 250.000 \u20ac<\/li>\n<li>Forschungst\u00e4tigkeit: \u00dcbertragung von mehr als 350.000 \u20ac<\/li>\n<li>Erwerb von Investmentfonds oder Risikokapitalfonds: \u00dcbertragung von mehr als 350.000 \u20ac<\/li>\n<li>Erwerb eines Unternehmens in Portugal + Schaffung von 5 Arbeitspl\u00e4tzen: Transfer von mehr als 350.000 \u20ac<\/li>\n<\/ul>\n<p>Es ist auch m\u00f6glich, ein Unternehmen in Portugal zu gr\u00fcnden und mindestens 10 Arbeitspl\u00e4tze zu schaffen, um das Goldene Visum zu erhalten.<\/p>\n<h3>Neues Goldenes Visum Start-Up<\/h3>\n<p>Dieses Visum ist seit dem 1. Januar 2018 in Kraft und kann beantragt werden:<\/p>\n<ul>\n<li>Durch den Nachweis, dass Ihr Start-up innerhalb von 3 Jahren einen Wert von 325 000 \u20ac erreichen kann.<\/li>\n<li>Durch den Nachweis eines Jahreseinkommens von 500.000 \u20ac.<\/li>\n<\/ul>\n<p><img loading=\"lazy\" decoding=\"async\" class=\"aligncenter wp-image-4184 size-full\" src=\"https:\/\/essencial-portugal.com\/de\/wp-content\/uploads\/2019\/07\/procedure-golden-visa-portugal.jpg\" alt=\"golden visa procedure portugal\" width=\"1920\" height=\"708\" srcset=\"https:\/\/essencial-portugal.com\/de\/wp-content\/uploads\/2019\/07\/procedure-golden-visa-portugal.jpg 1920w, https:\/\/essencial-portugal.com\/de\/wp-content\/uploads\/2019\/07\/procedure-golden-visa-portugal-300x111.jpg 300w, https:\/\/essencial-portugal.com\/de\/wp-content\/uploads\/2019\/07\/procedure-golden-visa-portugal-768x283.jpg 768w, https:\/\/essencial-portugal.com\/de\/wp-content\/uploads\/2019\/07\/procedure-golden-visa-portugal-1024x378.jpg 1024w\" sizes=\"(max-width: 1920px) 100vw, 1920px\" \/><\/p>\n<h2>Portugiesisches Goldenes Visum: Was sind die Vorteile?<\/h2>\n<p>Zun\u00e4chst einmal gibt der Erhalt einer portugiesischen Aufenthaltsgenehmigung seinem Inhaber die Freiheit, sich in Europa zu bewegen. Der Inhaber des goldenen Visums in Portugal kann in alle Schengen-L\u00e4nder einreisen und vermeidet so viele Probleme, organisatorischen Aufwand und finanzielle Kosten, die mit der Beantragung von Visa bei den Botschaften der Europ\u00e4ischen Union verbunden sind.<\/p>\n<p>Ein weiterer Vorteil dieses goldenen Visums besteht darin, dass sich der Inhaber im ersten Jahr nur 7 Tage pro Jahr im Land aufhalten kann (14 Tage in den folgenden zwei Jahren), was ausreicht, um die Anforderungen des Programms zu erf\u00fcllen. Gleichzeitig kann der Visuminhaber dauerhaft im Land bleiben und sich dort aufhalten, was ihn nicht daran hindert, in Portugal zu arbeiten.<\/p>\n<p>Das goldene Visum in Portugal kann f\u00fcr Gesch\u00e4ftsleute und Investoren sehr interessant sein, die beschlossen haben, dieses Land als ihren Hauptwohnsitz zu w\u00e4hlen. Die Aufenthaltsgenehmigung wird f\u00fcr ein Jahr ausgestellt und kann anschlie\u00dfend um 2 Jahre verl\u00e4ngert werden.<\/p>\n<p>Ein Investor, der die Anforderungen des Programms erf\u00fcllt, kann innerhalb von 5 Jahren nach Erhalt des Goldenen Visums seinen st\u00e4ndigen Wohnsitz in Portugal nehmen und im darauf folgenden Jahr die Staatsb\u00fcrgerschaft erwerben. Alle Familienmitglieder des Investors k\u00f6nnen innerhalb von 6-8 Monaten nach Erhalt des portugiesischen Goldenen Visums eine Aufenthaltserlaubnis erhalten.<\/p>\n<h2>Goldenes Visum in Portugal: Statistik<\/h2>\n<p>Aus den vom portugiesischen Au\u00dfenministerium, Generaldirektion f\u00fcr konsularische Dienste und Gemeinschaften, ver\u00f6ffentlichten Statistiken geht hervor, dass seit der Einf\u00fchrung des portugiesischen Programms f\u00fcr goldene Visa zwischen 2012 und 2018 6.369 Aufenthaltsgenehmigungen erteilt worden sind. Z\u00e4hlt man die Familienangeh\u00f6rigen der Hauptantragsteller des portugiesischen Goldenen Visums hinzu, steigt die Zahl auf 10.793.<\/p>\n<p>Die Zahl der Antragsteller hat seit 2012 zugenommen, ist aber zwischen 2017 und 2018 zur\u00fcckgegangen:<\/p>\n<ul>\n<li>816 Antr\u00e4ge auf ein Goldenes Visum in Portugal im Jahr 2018<\/li>\n<li>1351 Antr\u00e4ge auf ein Goldenes Visum in Portugal im Jahr 2017<\/li>\n<\/ul>\n<p>Im Folgenden finden Sie die wichtigsten Nationalit\u00e4ten, die das Goldene Visum f\u00fcr Portugal beantragen:<\/p>\n<ul>\n<li>3.890 Antr\u00e4ge f\u00fcr die chinesische Staatsangeh\u00f6rigkeit<\/li>\n<li>561 Antr\u00e4ge f\u00fcr die brasilianische Staatsangeh\u00f6rigkeit<\/li>\n<li>254 Antr\u00e4ge aus S\u00fcdafrika<\/li>\n<li>224 Antr\u00e4ge aus der T\u00fcrkei<\/li>\n<li>222 Antr\u00e4ge aus Russland<\/li>\n<\/ul>\n<p>Insgesamt wurden im Rahmen des portugiesischen Programms &#8220;Goldenes Visum&#8221; bisher Investitionen in H\u00f6he von 4,35 Mrd. EUR get\u00e4tigt, von denen 91 % auf den Erwerb von Immobilien entfielen, wobei die durchschnittliche Investition 610 000 EUR betrug.<\/p>\n<p><img loading=\"lazy\" decoding=\"async\" class=\"aligncenter wp-image-4185 size-full\" src=\"https:\/\/essencial-portugal.com\/de\/wp-content\/uploads\/2019\/07\/achat-immobilier-portugal-golden-visa.jpg\" alt=\"property purchase portugal golden visa\" width=\"1650\" height=\"949\" srcset=\"https:\/\/essencial-portugal.com\/de\/wp-content\/uploads\/2019\/07\/achat-immobilier-portugal-golden-visa.jpg 1650w, https:\/\/essencial-portugal.com\/de\/wp-content\/uploads\/2019\/07\/achat-immobilier-portugal-golden-visa-300x173.jpg 300w, https:\/\/essencial-portugal.com\/de\/wp-content\/uploads\/2019\/07\/achat-immobilier-portugal-golden-visa-768x442.jpg 768w, https:\/\/essencial-portugal.com\/de\/wp-content\/uploads\/2019\/07\/achat-immobilier-portugal-golden-visa-1024x589.jpg 1024w\" sizes=\"(max-width: 1650px) 100vw, 1650px\" \/><\/p>\n<h2>Immobilienmarkt in Portugal<\/h2>\n<p>Es ist wichtig zu wissen, dass die Immobilienverk\u00e4ufe in Portugal enorm gestiegen sind, ebenso wie die Preise. Auf dieser Website finden Sie alles, was Sie \u00fcber den Immobilienmarkt in Portugal im Jahr 2019 wissen m\u00fcssen. Ein starkes Wachstum, das die Transaktionen ankurbelt und gr\u00f6\u00dftenteils auf die Aktivit\u00e4t ausl\u00e4ndischer Investoren mit Goldenem Visum in Portugal zur\u00fcckzuf\u00fchren ist.<\/p>\n<p>Lissabon und seine Vororte bleiben die teuerste Stadt des Landes (10K\u20ac \/ m\u00b2 in der Avenida Liberdade und 5K\u20ac \/ m\u00b2 im Parque des Nations), mit einem Preisanstieg von 10% im Jahr 2018. Die umliegenden St\u00e4dte entlang des Tejo wie Cascais sind ebenfalls sehr teuer und es ist mittlerweile sehr schwierig, in dieser Gegend interessante Immobilien f\u00fcr 500.000 \u20ac zu finden.<\/p>\n<p>Gleichzeitig sind die Preise im Norden des Landes viel niedriger und werden 2018 bei rund 1800 \u20ac pro m\u00b2 liegen, was einem Anstieg von 22 % gegen\u00fcber 2017 entspricht. Die Immobilienpreise in den gehobenen Bezirken Portos werden f\u00fcr 2018 auf 4500 bis 6000 \u20ac pro m\u00b2 im historischen Zentrum gesch\u00e4tzt.<\/p>\n<p>Es gibt eine starke Nachfrage von Auswanderern nach Immobilien an der Algarve. Die wachsende Nachfrage nach portugiesischen Immobilien tr\u00e4gt dazu bei, dass internationale Prominente darauf aufmerksam werden. In diesem Sommer berichteten zahlreiche Medien weltweit, dass ein altes Herrenhaus in Portugal von dem amerikanischen Popstar Madonna gekauft wurde. Das Haus in der N\u00e4he von Lissabon kostete fast 6,4 Millionen Dollar.<\/p>\n<p>In dem Land gibt es einen Investitionsboom nicht nur im Wohnungsbau, sondern auch bei den Gewerbeimmobilien. Analysten prognostizieren eine gro\u00dfe Zahl neuer B\u00fcrogeb\u00e4ude und einen starken Anstieg der gewerblichen Investitionen.<\/p>\n","protected":false},"excerpt":{"rendered":"<p>Was ist das Goldene Visum? Eine Reihe von europ\u00e4ischen L\u00e4ndern, darunter auch Portugal, stellen seit einigen Jahren Aufenthaltsgenehmigungen f\u00fcr ausl\u00e4ndische Staatsangeh\u00f6rige im Austausch f\u00fcr inl\u00e4ndische Immobilien- oder Wirtschaftsinvestitionen und die Schaffung neuer Arbeitspl\u00e4tze aus. Jedes Land und jedes goldene Visum hat seine eigenen Bedingungen und Schwellenwerte f\u00fcr die erforderlichen Investitionen. Was sind die Hauptvorteile dieser [&hellip;]<\/p>\n","protected":false},"author":1,"featured_media":4182,"parent":67,"menu_order":0,"comment_status":"closed","ping_status":"closed","template":"","meta":{"om_disable_all_campaigns":false,"_monsterinsights_skip_tracking":false,"_monsterinsights_sitenote_active":false,"_monsterinsights_sitenote_note":"","_monsterinsights_sitenote_category":0,"_uf_show_specific_survey":0,"_uf_disable_surveys":false,"site-sidebar-layout":"default","site-content-layout":"default","ast-site-content-layout":"default","site-content-style":"default","site-sidebar-style":"default","ast-global-header-display":"","ast-banner-title-visibility":"","ast-main-header-display":"","ast-hfb-above-header-display":"","ast-hfb-below-header-display":"","ast-hfb-mobile-header-display":"","site-post-title":"","ast-breadcrumbs-content":"","ast-featured-img":"","footer-sml-layout":"","ast-disable-related-posts":"","theme-transparent-header-meta":"default","adv-header-id-meta":"","stick-header-meta":"","header-above-stick-meta":"","header-main-stick-meta":"","header-below-stick-meta":"","astra-migrate-meta-layouts":"default","ast-page-background-enabled":"default","ast-page-background-meta":{"desktop":{"background-color":"","background-image":"","background-repeat":"repeat","background-position":"center center","background-size":"auto","background-attachment":"scroll","background-type":"","background-media":"","overlay-type":"","overlay-color":"","overlay-opacity":"","overlay-gradient":""},"tablet":{"background-color":"","background-image":"","background-repeat":"repeat","background-position":"center center","background-size":"auto","background-attachment":"scroll","background-type":"","background-media":"","overlay-type":"","overlay-color":"","overlay-opacity":"","overlay-gradient":""},"mobile":{"background-color":"","background-image":"","background-repeat":"repeat","background-position":"center center","background-size":"auto","background-attachment":"scroll","background-type":"","background-media":"","overlay-type":"","overlay-color":"","overlay-opacity":"","overlay-gradient":""}},"ast-content-background-meta":{"desktop":{"background-color":"var(--ast-global-color-5)","background-image":"","background-repeat":"repeat","background-position":"center center","background-size":"auto","background-attachment":"scroll","background-type":"","background-media":"","overlay-type":"","overlay-color":"","overlay-opacity":"","overlay-gradient":""},"tablet":{"background-color":"var(--ast-global-color-5)","background-image":"","background-repeat":"repeat","background-position":"center center","background-size":"auto","background-attachment":"scroll","background-type":"","background-media":"","overlay-type":"","overlay-color":"","overlay-opacity":"","overlay-gradient":""},"mobile":{"background-color":"var(--ast-global-color-5)","background-image":"","background-repeat":"repeat","background-position":"center center","background-size":"auto","background-attachment":"scroll","background-type":"","background-media":"","overlay-type":"","overlay-color":"","overlay-opacity":"","overlay-gradient":""}},"footnotes":""},"class_list":["post-4176","page","type-page","status-publish","has-post-thumbnail","hentry"],"aioseo_notices":[],"_links":{"self":[{"href":"https:\/\/essencial-portugal.com\/de\/wp-json\/wp\/v2\/pages\/4176","targetHints":{"allow":["GET"]}}],"collection":[{"href":"https:\/\/essencial-portugal.com\/de\/wp-json\/wp\/v2\/pages"}],"about":[{"href":"https:\/\/essencial-portugal.com\/de\/wp-json\/wp\/v2\/types\/page"}],"author":[{"embeddable":true,"href":"https:\/\/essencial-portugal.com\/de\/wp-json\/wp\/v2\/users\/1"}],"replies":[{"embeddable":true,"href":"https:\/\/essencial-portugal.com\/de\/wp-json\/wp\/v2\/comments?post=4176"}],"version-history":[{"count":0,"href":"https:\/\/essencial-portugal.com\/de\/wp-json\/wp\/v2\/pages\/4176\/revisions"}],"up":[{"embeddable":true,"href":"https:\/\/essencial-portugal.com\/de\/wp-json\/wp\/v2\/pages\/67"}],"wp:featuredmedia":[{"embeddable":true,"href":"https:\/\/essencial-portugal.com\/de\/wp-json\/wp\/v2\/media\/4182"}],"wp:attachment":[{"href":"https:\/\/essencial-portugal.com\/de\/wp-json\/wp\/v2\/media?parent=4176"}],"curies":[{"name":"wp","href":"https:\/\/api.w.org\/{rel}","templated":true}]}}