{"id":4234,"date":"2019-07-28T10:35:54","date_gmt":"2019-07-28T10:35:54","guid":{"rendered":"https:\/\/essencial-portugal.com\/fr\/?page_id=4234"},"modified":"2023-03-28T14:10:58","modified_gmt":"2023-03-28T14:10:58","slug":"buchen-sie-besuch-lissabon","status":"publish","type":"page","link":"https:\/\/essencial-portugal.com\/de\/buchen-sie-besuch-lissabon\/","title":{"rendered":"Buchen Sie einen Besuch in Lissabon"},"content":{"rendered":"\t\t<div data-elementor-type=\"wp-page\" data-elementor-id=\"4234\" class=\"elementor elementor-4234\" data-elementor-post-type=\"page\">\n\t\t\t\t\t\t<section class=\"elementor-section elementor-top-section elementor-element elementor-element-43307745 elementor-section-boxed elementor-section-height-default elementor-section-height-default\" data-id=\"43307745\" data-element_type=\"section\" data-e-type=\"section\">\n\t\t\t\t\t\t<div class=\"elementor-container elementor-column-gap-default\">\n\t\t\t\t\t<div class=\"elementor-column elementor-col-100 elementor-top-column elementor-element elementor-element-abbb416\" data-id=\"abbb416\" data-element_type=\"column\" data-e-type=\"column\">\n\t\t\t<div class=\"elementor-widget-wrap elementor-element-populated\">\n\t\t\t\t\t\t<div class=\"elementor-element elementor-element-bc53b45 elementor-widget elementor-widget-table-of-contents\" data-id=\"bc53b45\" data-element_type=\"widget\" data-e-type=\"widget\" data-settings=\"{&quot;headings_by_tags&quot;:[&quot;h2&quot;],&quot;exclude_headings_by_selector&quot;:[],&quot;marker_view&quot;:&quot;bullets&quot;,&quot;icon&quot;:{&quot;value&quot;:&quot;fas fa-check-square&quot;,&quot;library&quot;:&quot;fa-solid&quot;},&quot;no_headings_message&quot;:&quot;No headings were found on this page.&quot;,&quot;hierarchical_view&quot;:&quot;yes&quot;,&quot;min_height&quot;:{&quot;unit&quot;:&quot;px&quot;,&quot;size&quot;:&quot;&quot;,&quot;sizes&quot;:[]},&quot;min_height_tablet&quot;:{&quot;unit&quot;:&quot;px&quot;,&quot;size&quot;:&quot;&quot;,&quot;sizes&quot;:[]},&quot;min_height_mobile&quot;:{&quot;unit&quot;:&quot;px&quot;,&quot;size&quot;:&quot;&quot;,&quot;sizes&quot;:[]}}\" data-widget_type=\"table-of-contents.default\">\n\t\t\t\t<div class=\"elementor-widget-container\">\n\t\t\t\t\t\t\t\t\t<div class=\"elementor-toc__header\">\n\t\t\t\t\t\t<h2 class=\"elementor-toc__header-title\">\n\t\t\t\tBuchen Sie einen Besuch in Lissabon\t\t\t<\/h2>\n\t\t\t\t\t\t\t\t<\/div>\n\t\t\t\t<div id=\"elementor-toc__bc53b45\" class=\"elementor-toc__body\">\n\t\t\t<div class=\"elementor-toc__spinner-container\">\n\t\t\t\t<i class=\"elementor-toc__spinner eicon-animation-spin eicon-loading\" aria-hidden=\"true\"><\/i>\t\t\t<\/div>\n\t\t<\/div>\n\t\t\t\t\t\t<\/div>\n\t\t\t\t<\/div>\n\t\t\t\t<div class=\"elementor-element elementor-element-6881c5e elementor-widget elementor-widget-text-editor\" data-id=\"6881c5e\" data-element_type=\"widget\" data-e-type=\"widget\" data-widget_type=\"text-editor.default\">\n\t\t\t\t<div class=\"elementor-widget-container\">\n\t\t\t\t\t\t\t\t\t<p>Im Folgenden finden Sie die am besten bewerteten Touren oder Aktivit\u00e4ten in Lissabon, die von englischsprachigen Reiseleitern organisiert werden und die Sie 24 Stunden vor Beginn stornieren k\u00f6nnen, wenn Sie Ihr Programm \u00e4ndern m\u00f6chten. Verschiedene M\u00f6glichkeiten, die Hauptstadt, ihre Umgebung, ihre Landschaften und ihre Sch\u00e4tze zu entdecken und das Tempo Ihres Urlaubs zu bestimmen.<br \/><script src=\"https:\/\/widget.getyourguide.com\/dist\/pa.umd.production.min.js\" async=\"\" defer=\"defer\" data-gyg-partner-id=\"8JHIOAN\"><\/script><\/p><div data-gyg-href=\"https:\/\/widget.getyourguide.com\/default\/city.frame\" data-gyg-location-id=\"42\" data-gyg-locale-code=\"de-DE\" data-gyg-widget=\"city\" data-gyg-partner-id=\"8JHIOAN\">\u00a0<\/div><p>\u00a0<\/p><h2>Wanderungen<\/h2><p>Discover Lisbon&#8217;s prettiest corners and the best views by booking one of the Lisbon walking tours below. These tours are the best rated, most popular and all conducted by an English speaking guide.<\/p><p><script src=\"https:\/\/widget.getyourguide.com\/v2\/widget.js\" async=\"\" defer=\"defer\"><\/script><\/p><div data-gyg-href=\"https:\/\/widget.getyourguide.com\/default\/activites.frame\" data-gyg-locale-code=\"de-DE\" data-gyg-widget=\"activities\" data-gyg-number-of-items=\"4\" data-gyg-cmp=\"book\" data-gyg-currency=\"EUR\" data-gyg-partner-id=\"8JHIOAN\" data-gyg-placement=\"other\" data-gyg-tour-ids=\"2397,48147,46394,48172\">\u00a0<\/div><p>\u00a0<\/p><h2>Bus tours<\/h2><p>Visit the most beautiful corners of Lisbon with an English-speaking guide or audio-guide. Stay on the bus, get on the bus and explore the city so you don&#8217;t miss anything of the Portuguese capital.<\/p><p><script src=\"https:\/\/widget.getyourguide.com\/v2\/widget.js\" async=\"\" defer=\"defer\"><\/script><\/p><div data-gyg-href=\"https:\/\/widget.getyourguide.com\/default\/activites.frame\" data-gyg-locale-code=\"de-DE\" data-gyg-widget=\"activities\" data-gyg-number-of-items=\"8\" data-gyg-cmp=\"book\" data-gyg-currency=\"EUR\" data-gyg-partner-id=\"8JHIOAN\" data-gyg-placement=\"other\" data-gyg-tour-ids=\"4273,14085,15122,63419,50079,136442,69835,59871\">\u00a0<\/div><p>\u00a0<\/p><h2>Tuk Tuk Tours<\/h2><p>The Tuk Tuk is the most popular means of transport for tourists in Lisbon. Often electric vehicles, exchanges with English-speaking drivers who know the city like the back of their hand and an original way to spice up your holidays and discover the TOP of Lisbon.<\/p><p><script src=\"https:\/\/widget.getyourguide.com\/v2\/widget.js\" async=\"\" defer=\"defer\"><\/script><\/p><div data-gyg-href=\"https:\/\/widget.getyourguide.com\/default\/activites.frame\" data-gyg-locale-code=\"de-DE\" data-gyg-widget=\"activities\" data-gyg-number-of-items=\"8\" data-gyg-cmp=\"book\" data-gyg-currency=\"EUR\" data-gyg-partner-id=\"8JHIOAN\" data-gyg-placement=\"other\" data-gyg-tour-ids=\"63535,63507,140727,56539,145803,63541,198346,200554\">\u00a0<\/div><p>\u00a0<\/p><h2>Fahrrad-Touren<\/h2><p>Das Fahrrad, ob elektrisch oder nicht, ist ein unverzichtbares Transportmittel, um Lissabon unter der Sonne zu entdecken. Folgen Sie den englischsprachigen F\u00fchrern und erkunden Sie die Stadt in einer Gruppe, um Momente des Austauschs und der Entdeckung zu erleben, die Sie nicht vergessen werden.<\/p><p><script src=\"https:\/\/widget.getyourguide.com\/v2\/widget.js\" async=\"\" defer=\"defer\"><\/script><\/p><div data-gyg-href=\"https:\/\/widget.getyourguide.com\/default\/activites.frame\" data-gyg-locale-code=\"de-DE\" data-gyg-widget=\"activities\" data-gyg-number-of-items=\"8\" data-gyg-cmp=\"book\" data-gyg-currency=\"EUR\" data-gyg-partner-id=\"8JHIOAN\" data-gyg-placement=\"other\" data-gyg-tour-ids=\"52218,74027,17133,58901,173049,52670,59119,52727\">\u00a0<\/div><p>\u00a0<\/p><h2>Segway-Touren<\/h2><p>Das Segway ist das neue Verkehrsmittel, das in Lissabon f\u00fcr Furore sorgt. Lehnen Sie sich vor oder zur\u00fcck, um sich vorw\u00e4rts und r\u00fcckw\u00e4rts zu bewegen und die sch\u00f6nsten Ecken der Hauptstadt zu entdecken. Die unten aufgef\u00fchrten Touren werden alle von englischsprachigen F\u00fchrern organisiert.<\/p><p><script src=\"https:\/\/widget.getyourguide.com\/v2\/widget.js\" async=\"\" defer=\"defer\"><\/script><\/p><div data-gyg-href=\"https:\/\/widget.getyourguide.com\/default\/activites.frame\" data-gyg-locale-code=\"de-DE\" data-gyg-widget=\"activities\" data-gyg-number-of-items=\"8\" data-gyg-cmp=\"book\" data-gyg-currency=\"EUR\" data-gyg-partner-id=\"8JHIOAN\" data-gyg-placement=\"other\" data-gyg-tour-ids=\"69327,15602,14000,69325,69101,173469,5831,156420\">\u00a0<\/div><p>\u00a0<\/p><h2>Fado entdecken<\/h2><p>Die traditionelle portugiesische Musik ist eine Institution. Ob durch das Fado-Museum oder durch den direkten Besuch der in Lissabon organisierten Auff\u00fchrungen, es ist eine gro\u00dfartige Entdeckung, wenn Sie sich f\u00fcr die portugiesischen Traditionen und die Kultur interessieren. Diese Besuche werden am besten von einem englischsprachigen F\u00fchrer organisiert und bewertet.<\/p><p><script src=\"https:\/\/widget.getyourguide.com\/v2\/widget.js\" async=\"\" defer=\"defer\"><\/script><\/p><div data-gyg-href=\"https:\/\/widget.getyourguide.com\/default\/activites.frame\" data-gyg-locale-code=\"de-DE\" data-gyg-widget=\"activities\" data-gyg-number-of-items=\"6\" data-gyg-cmp=\"book\" data-gyg-currency=\"EUR\" data-gyg-partner-id=\"8JHIOAN\" data-gyg-placement=\"other\" data-gyg-tour-ids=\"31632,108835,48172,188988,82218,56594\">\u00a0<\/div><p>\u00a0<\/p><h2>Entdecken Sie die Gastronomie<\/h2><p>Portugal bietet eine reichhaltige Gastronomie mit traditionellem Geb\u00e4ck, gegrilltem Fisch und anderen Spezialit\u00e4ten, die Sie zu Fu\u00df, mit dem Tuk Tuk oder Segway entdecken k\u00f6nnen, wenn Sie eine dieser gastronomischen Touren durch Lissabon buchen.<\/p><p><script src=\"https:\/\/widget.getyourguide.com\/v2\/widget.js\" async=\"\" defer=\"defer\"><\/script><\/p><div data-gyg-href=\"https:\/\/widget.getyourguide.com\/default\/activites.frame\" data-gyg-locale-code=\"de-DE\" data-gyg-widget=\"activities\" data-gyg-number-of-items=\"8\" data-gyg-cmp=\"book\" data-gyg-currency=\"EUR\" data-gyg-partner-id=\"8JHIOAN\" data-gyg-placement=\"other\" data-gyg-tour-ids=\"101894,64087,128502,59119,104348,48147,173082,14000\">\u00a0<\/div><p>\u00a0<\/p><h2>Stra\u00dfenkunst entdecken<\/h2><p>Sie wissen es vielleicht nicht, aber Lissabon ist ein Mekka f\u00fcr urbane Kunst, auch bekannt als Street Art, und wer die Stadt auf eine andere Art und Weise entdecken m\u00f6chte, kann eine dieser gef\u00fchrten Touren in englischer Sprache buchen, die von Enthusiasten organisiert werden, die Ihnen alles \u00fcber die Street Art-Kultur der Hauptstadt erz\u00e4hlen.<\/p><p><script src=\"https:\/\/widget.getyourguide.com\/v2\/widget.js\" async=\"\" defer=\"defer\"><\/script><\/p><div data-gyg-href=\"https:\/\/widget.getyourguide.com\/default\/activites.frame\" data-gyg-locale-code=\"de-DE\" data-gyg-widget=\"activities\" data-gyg-number-of-items=\"4\" data-gyg-cmp=\"book\" data-gyg-currency=\"EUR\" data-gyg-partner-id=\"8JHIOAN\" data-gyg-placement=\"other\" data-gyg-tour-ids=\"79244,193301,58234,120792\">\u00a0<\/div><p>\u00a0<\/p><h2>Kreuzfahrten rund um Lissabon<\/h2><p>Lissabon ist eine Hafenstadt, die man vom Wasser aus besichtigen kann, dank der Gruppen- und Privatkreuzfahrten, bei Tag und bei Nacht. Eine Aktivit\u00e4t, die ich sehr empfehle: Den Sonnenuntergang bei einem Drink auf einem Segelboot zu beobachten, wird Ihnen ein unvergessliches Andenken an Ihren Urlaub bescheren!<\/p><p><script src=\"https:\/\/widget.getyourguide.com\/v2\/widget.js\" async=\"\" defer=\"defer\"><\/script><\/p><div data-gyg-href=\"https:\/\/widget.getyourguide.com\/default\/activites.frame\" data-gyg-locale-code=\"de-DE\" data-gyg-widget=\"activities\" data-gyg-number-of-items=\"8\" data-gyg-cmp=\"book\" data-gyg-currency=\"EUR\" data-gyg-partner-id=\"8JHIOAN\" data-gyg-placement=\"other\" data-gyg-tour-ids=\"35911,45783,48358,45788,51939,122466,104510,66287\">\u00a0<\/div><p>\u00a0<\/p><h2>Aktivit\u00e4ten im Wasser<\/h2><p>Erkunden Sie Lissabon mit dem Kajak, paddeln Sie oder nehmen Sie Surfunterricht an den Str\u00e4nden in der N\u00e4he der portugiesischen Hauptstadt. Aktivit\u00e4ten in englischer Sprache, die von denjenigen, die schon vor Ihnen da waren, sehr gesch\u00e4tzt worden sind.<\/p><p><script src=\"https:\/\/widget.getyourguide.com\/v2\/widget.js\" async=\"\" defer=\"defer\"><\/script><\/p><div data-gyg-href=\"https:\/\/widget.getyourguide.com\/default\/activites.frame\" data-gyg-locale-code=\"de-DE\" data-gyg-widget=\"activities\" data-gyg-number-of-items=\"4\" data-gyg-cmp=\"book\" data-gyg-currency=\"EUR\" data-gyg-partner-id=\"8JHIOAN\" data-gyg-placement=\"other\" data-gyg-tour-ids=\"44041,189705,64237,64235\">\u00a0<\/div>\t\t\t\t\t\t\t\t<\/div>\n\t\t\t\t<\/div>\n\t\t\t\t\t<\/div>\n\t\t<\/div>\n\t\t\t\t\t<\/div>\n\t\t<\/section>\n\t\t\t\t<\/div>\n\t\t","protected":false},"excerpt":{"rendered":"<p>Im Folgenden finden Sie die am besten bewerteten Touren oder Aktivit\u00e4ten in Lissabon, die von englischsprachigen Reiseleitern organisiert werden und die Sie 24 Stunden vor Beginn stornieren k\u00f6nnen, wenn Sie Ihr Programm \u00e4ndern m\u00f6chten. Verschiedene M\u00f6glichkeiten, die Hauptstadt, ihre Umgebung, ihre Landschaften und ihre Sch\u00e4tze zu entdecken und das Tempo Ihres Urlaubs zu bestimmen. \u00a0 [&hellip;]<\/p>\n","protected":false},"author":1,"featured_media":0,"parent":0,"menu_order":0,"comment_status":"closed","ping_status":"closed","template":"","meta":{"om_disable_all_campaigns":false,"_monsterinsights_skip_tracking":false,"_monsterinsights_sitenote_active":false,"_monsterinsights_sitenote_note":"","_monsterinsights_sitenote_category":0,"_uf_show_specific_survey":0,"_uf_disable_surveys":false,"site-sidebar-layout":"default","site-content-layout":"default","ast-site-content-layout":"default","site-content-style":"default","site-sidebar-style":"default","ast-global-header-display":"","ast-banner-title-visibility":"","ast-main-header-display":"","ast-hfb-above-header-display":"","ast-hfb-below-header-display":"","ast-hfb-mobile-header-display":"","site-post-title":"","ast-breadcrumbs-content":"","ast-featured-img":"","footer-sml-layout":"","ast-disable-related-posts":"","theme-transparent-header-meta":"default","adv-header-id-meta":"","stick-header-meta":"","header-above-stick-meta":"","header-main-stick-meta":"","header-below-stick-meta":"","astra-migrate-meta-layouts":"default","ast-page-background-enabled":"default","ast-page-background-meta":{"desktop":{"background-color":"","background-image":"","background-repeat":"repeat","background-position":"center center","background-size":"auto","background-attachment":"scroll","background-type":"","background-media":"","overlay-type":"","overlay-color":"","overlay-opacity":"","overlay-gradient":""},"tablet":{"background-color":"","background-image":"","background-repeat":"repeat","background-position":"center center","background-size":"auto","background-attachment":"scroll","background-type":"","background-media":"","overlay-type":"","overlay-color":"","overlay-opacity":"","overlay-gradient":""},"mobile":{"background-color":"","background-image":"","background-repeat":"repeat","background-position":"center center","background-size":"auto","background-attachment":"scroll","background-type":"","background-media":"","overlay-type":"","overlay-color":"","overlay-opacity":"","overlay-gradient":""}},"ast-content-background-meta":{"desktop":{"background-color":"var(--ast-global-color-5)","background-image":"","background-repeat":"repeat","background-position":"center center","background-size":"auto","background-attachment":"scroll","background-type":"","background-media":"","overlay-type":"","overlay-color":"","overlay-opacity":"","overlay-gradient":""},"tablet":{"background-color":"var(--ast-global-color-5)","background-image":"","background-repeat":"repeat","background-position":"center center","background-size":"auto","background-attachment":"scroll","background-type":"","background-media":"","overlay-type":"","overlay-color":"","overlay-opacity":"","overlay-gradient":""},"mobile":{"background-color":"var(--ast-global-color-5)","background-image":"","background-repeat":"repeat","background-position":"center center","background-size":"auto","background-attachment":"scroll","background-type":"","background-media":"","overlay-type":"","overlay-color":"","overlay-opacity":"","overlay-gradient":""}},"footnotes":""},"class_list":["post-4234","page","type-page","status-publish","hentry"],"aioseo_notices":[],"_links":{"self":[{"href":"https:\/\/essencial-portugal.com\/de\/wp-json\/wp\/v2\/pages\/4234","targetHints":{"allow":["GET"]}}],"collection":[{"href":"https:\/\/essencial-portugal.com\/de\/wp-json\/wp\/v2\/pages"}],"about":[{"href":"https:\/\/essencial-portugal.com\/de\/wp-json\/wp\/v2\/types\/page"}],"author":[{"embeddable":true,"href":"https:\/\/essencial-portugal.com\/de\/wp-json\/wp\/v2\/users\/1"}],"replies":[{"embeddable":true,"href":"https:\/\/essencial-portugal.com\/de\/wp-json\/wp\/v2\/comments?post=4234"}],"version-history":[{"count":3,"href":"https:\/\/essencial-portugal.com\/de\/wp-json\/wp\/v2\/pages\/4234\/revisions"}],"predecessor-version":[{"id":9318,"href":"https:\/\/essencial-portugal.com\/de\/wp-json\/wp\/v2\/pages\/4234\/revisions\/9318"}],"wp:attachment":[{"href":"https:\/\/essencial-portugal.com\/de\/wp-json\/wp\/v2\/media?parent=4234"}],"curies":[{"name":"wp","href":"https:\/\/api.w.org\/{rel}","templated":true}]}}