{"id":4256,"date":"2019-07-28T10:36:14","date_gmt":"2019-07-28T10:36:14","guid":{"rendered":"https:\/\/essencial-portugal.com\/fr\/?page_id=4256"},"modified":"2023-01-04T16:50:39","modified_gmt":"2023-01-04T16:50:39","slug":"flughafen-transfer-lissabon","status":"publish","type":"page","link":"https:\/\/essencial-portugal.com\/de\/flughafen-transfer-lissabon\/","title":{"rendered":"Flughafen-Transfer Lissabon"},"content":{"rendered":"<p>Hier finden Sie alle m\u00f6glichen Arten von Transfers, die Sie sich vorstellen k\u00f6nnen, um vom Flughafen Lissabon in eine andere Stadt oder einfach zu Ihrem Hotel zu gelangen. Sie werden auch in der Lage sein, Ihre R\u00fcckkehr zum Flughafen zu planen, so dass Sie sich keine Sorgen \u00fcber Warteschlangen oder Kommunikationsprobleme mit Ihrem Fahrer machen m\u00fcssen.<\/p>\n<p>Diese Transporte wurden am besten bewertet und werden von franz\u00f6sischsprachigen Fahrern durchgef\u00fchrt, die Ihnen w\u00e4hrend Ihrer Reise Auskunft geben k\u00f6nnen. Sie k\u00f6nnen in aller Ruhe buchen!<\/p>\n<p><script async defer src=\"https:\/\/widget.getyourguide.com\/v2\/widget.js\"><\/script><\/p>\n<div data-gyg-href=\"https:\/\/widget.getyourguide.com\/default\/activites.frame\" data-gyg-locale-code=\"en-EN\" data-gyg-widget=\"activities\" data-gyg-number-of-items=\"8\" data-gyg-cmp=\"book\" data-gyg-currency=\"EUR\" data-gyg-partner-id=\"8JHIOAN\" data-gyg-placement=\"other\" data-gyg-tour-ids=\"108763,108811,71703,60122,66596,108853,111862,72069\"><\/div>\n","protected":false},"excerpt":{"rendered":"<p>Hier finden Sie alle m\u00f6glichen Arten von Transfers, die Sie sich vorstellen k\u00f6nnen, um vom Flughafen Lissabon in eine andere Stadt oder einfach zu Ihrem Hotel zu gelangen. Sie werden auch in der Lage sein, Ihre R\u00fcckkehr zum Flughafen zu planen, so dass Sie sich keine Sorgen \u00fcber Warteschlangen oder Kommunikationsprobleme mit Ihrem Fahrer machen [&hellip;]<\/p>\n","protected":false},"author":1,"featured_media":0,"parent":0,"menu_order":0,"comment_status":"closed","ping_status":"closed","template":"","meta":{"om_disable_all_campaigns":false,"_monsterinsights_skip_tracking":false,"_monsterinsights_sitenote_active":false,"_monsterinsights_sitenote_note":"","_monsterinsights_sitenote_category":0,"_uf_show_specific_survey":0,"_uf_disable_surveys":false,"site-sidebar-layout":"default","site-content-layout":"default","ast-site-content-layout":"default","site-content-style":"default","site-sidebar-style":"default","ast-global-header-display":"","ast-banner-title-visibility":"","ast-main-header-display":"","ast-hfb-above-header-display":"","ast-hfb-below-header-display":"","ast-hfb-mobile-header-display":"","site-post-title":"","ast-breadcrumbs-content":"","ast-featured-img":"","footer-sml-layout":"","ast-disable-related-posts":"","theme-transparent-header-meta":"default","adv-header-id-meta":"","stick-header-meta":"","header-above-stick-meta":"","header-main-stick-meta":"","header-below-stick-meta":"","astra-migrate-meta-layouts":"default","ast-page-background-enabled":"default","ast-page-background-meta":{"desktop":{"background-color":"","background-image":"","background-repeat":"repeat","background-position":"center center","background-size":"auto","background-attachment":"scroll","background-type":"","background-media":"","overlay-type":"","overlay-color":"","overlay-opacity":"","overlay-gradient":""},"tablet":{"background-color":"","background-image":"","background-repeat":"repeat","background-position":"center center","background-size":"auto","background-attachment":"scroll","background-type":"","background-media":"","overlay-type":"","overlay-color":"","overlay-opacity":"","overlay-gradient":""},"mobile":{"background-color":"","background-image":"","background-repeat":"repeat","background-position":"center center","background-size":"auto","background-attachment":"scroll","background-type":"","background-media":"","overlay-type":"","overlay-color":"","overlay-opacity":"","overlay-gradient":""}},"ast-content-background-meta":{"desktop":{"background-color":"var(--ast-global-color-5)","background-image":"","background-repeat":"repeat","background-position":"center center","background-size":"auto","background-attachment":"scroll","background-type":"","background-media":"","overlay-type":"","overlay-color":"","overlay-opacity":"","overlay-gradient":""},"tablet":{"background-color":"var(--ast-global-color-5)","background-image":"","background-repeat":"repeat","background-position":"center center","background-size":"auto","background-attachment":"scroll","background-type":"","background-media":"","overlay-type":"","overlay-color":"","overlay-opacity":"","overlay-gradient":""},"mobile":{"background-color":"var(--ast-global-color-5)","background-image":"","background-repeat":"repeat","background-position":"center center","background-size":"auto","background-attachment":"scroll","background-type":"","background-media":"","overlay-type":"","overlay-color":"","overlay-opacity":"","overlay-gradient":""}},"footnotes":""},"class_list":["post-4256","page","type-page","status-publish","hentry"],"aioseo_notices":[],"_links":{"self":[{"href":"https:\/\/essencial-portugal.com\/de\/wp-json\/wp\/v2\/pages\/4256","targetHints":{"allow":["GET"]}}],"collection":[{"href":"https:\/\/essencial-portugal.com\/de\/wp-json\/wp\/v2\/pages"}],"about":[{"href":"https:\/\/essencial-portugal.com\/de\/wp-json\/wp\/v2\/types\/page"}],"author":[{"embeddable":true,"href":"https:\/\/essencial-portugal.com\/de\/wp-json\/wp\/v2\/users\/1"}],"replies":[{"embeddable":true,"href":"https:\/\/essencial-portugal.com\/de\/wp-json\/wp\/v2\/comments?post=4256"}],"version-history":[{"count":0,"href":"https:\/\/essencial-portugal.com\/de\/wp-json\/wp\/v2\/pages\/4256\/revisions"}],"wp:attachment":[{"href":"https:\/\/essencial-portugal.com\/de\/wp-json\/wp\/v2\/media?parent=4256"}],"curies":[{"name":"wp","href":"https:\/\/api.w.org\/{rel}","templated":true}]}}