{"id":5332,"date":"2021-02-28T11:28:58","date_gmt":"2021-02-28T11:28:58","guid":{"rendered":"https:\/\/essencial-portugal.com\/de\/?page_id=5332"},"modified":"2023-03-01T08:58:44","modified_gmt":"2023-03-01T08:58:44","slug":"englischsprachiger-architekt-portugal","status":"publish","type":"page","link":"https:\/\/essencial-portugal.com\/de\/grundung-unternehmens-portugal\/englischsprachiger-architekt-portugal\/","title":{"rendered":"Englischsprachiger Architekt in Portugal"},"content":{"rendered":"<p><img fetchpriority=\"high\" decoding=\"async\" class=\"aligncenter size-full wp-image-5333\" src=\"https:\/\/essencial-portugal.com\/de\/wp-content\/uploads\/2021\/02\/English-speaking-architect-Portugal.jpg\" alt=\"English-speaking architect in Portugal\" width=\"1653\" height=\"411\" srcset=\"https:\/\/essencial-portugal.com\/de\/wp-content\/uploads\/2021\/02\/English-speaking-architect-Portugal.jpg 1653w, https:\/\/essencial-portugal.com\/de\/wp-content\/uploads\/2021\/02\/English-speaking-architect-Portugal-300x75.jpg 300w, https:\/\/essencial-portugal.com\/de\/wp-content\/uploads\/2021\/02\/English-speaking-architect-Portugal-1024x255.jpg 1024w, https:\/\/essencial-portugal.com\/de\/wp-content\/uploads\/2021\/02\/English-speaking-architect-Portugal-768x191.jpg 768w, https:\/\/essencial-portugal.com\/de\/wp-content\/uploads\/2021\/02\/English-speaking-architect-Portugal-1536x382.jpg 1536w\" sizes=\"(max-width: 1653px) 100vw, 1653px\" \/><\/p>\n<p>&nbsp;<\/p>\n<h2>Englischsprachiger Architekt in Portugal<\/h2>\n<p>Ihr Auswanderungs-, Immobilienkauf- oder Investitionsprojekt in Portugal n\u00e4hert sich der Verwirklichung und Sie m\u00f6chten sich mit einem englischsprachigen Architekten in Verbindung setzen, der im Land ans\u00e4ssig ist, um Ihr Projekt zu verwirklichen? Essencial Portugal vermittelt Ihnen einen englischsprachigen Architekten in Portugal, der Erfahrung hat und mit den seri\u00f6sesten und effizientesten Unternehmen des Landes in Kontakt steht, um Sie bei Ihren verschiedenen Bau- und Renovierungsprojekten zu begleiten:<\/p>\n<p>Eine nationale Abdeckung, wo immer Sie sich befinden: Lissabon, Porto, Algarve und andere<br \/>\nInternationale Erfahrung vor dem Umzug nach Portugal vor 9 Jahren.<br \/>\nMehrere hundert abgeschlossene Projekte in Portugal<\/p>\n<p>Benutzen Sie die Schaltfl\u00e4che unten und f\u00fcllen Sie das zugeh\u00f6rige Formular aus, um von diesem englischsprachigen Architekten in Portugal kontaktiert zu werden und ein erstes Gespr\u00e4ch \u00fcber Ihr Projekt zu f\u00fchren. Dieser Architekt ist eine seri\u00f6se Person, die ich pers\u00f6nlich kenne und die in der Lage ist, alle Arten von Projekten auszuf\u00fchren.<\/p>\n<p>Alle auf dieser Seite verwendeten Fotos sind Fotos von Projekten, die von diesem englischsprachigen Architekten in Portugal realisiert wurden.<\/p>\n<p style=\"text-align: center;\"><a class=\"maxbutton-3 maxbutton maxbutton-form\" href=\"#form\"><span class='mb-text'>KONTAKT<\/span><\/a><\/p>\n<p>Bei Essencial Portugal biete ich nur englischsprachige Dienstleister an, die ich kenne, deren Kundenfeedback sehr positiv ist und deren Arbeit f\u00fcr ihre hohe Qualit\u00e4t anerkannt ist.<\/p>\n<h2>Was dieser englischsprachige Architekt aus Lissabon f\u00fcr Sie tun kann<\/h2>\n<p>Dieser englischsprachige Architekt aus Portugal, genauer gesagt aus Lissabon, bearbeitet gro\u00dfe und kleine Projekte. Er wird Sie bei Ihren Bau- und Renovierungsprojekten begleiten k\u00f6nnen:<\/p>\n<ul>\n<li>Kontaktaufnahme: Austausch \u00fcber Ihr Projekt und Ihre Bed\u00fcrfnisse.<\/li>\n<li>Durchf\u00fchrbarkeitsstudie: Ist Ihr Projekt m\u00f6glich? Sind die Bedingungen aus Sicht der portugiesischen Verwaltung g\u00fcnstig?<\/li>\n<li>Rechtliche Absicherung Ihres Projekts: \u00dcberpr\u00fcfung der Bedingungen, Genehmigungen und Verfahren bei den portugiesischen Beh\u00f6rden.<\/li>\n<li>Untersuchung von Kreditarbeiten: Bewertung der Kosten Ihres Projekts, wenn Sie es bei der Bank einreichen m\u00f6chten, um beispielsweise einen Immobilienkredit zu erhalten.<\/li>\n<li>Auswahl von vertrauensw\u00fcrdigen portugiesischen Handwerkern und Unternehmen, um die besten Angebote, Fristen und Preise zu erhalten.<\/li>\n<li>Auswahl der besten Unternehmen und Aushandlung der besten Preise<\/li>\n<li>Zentralisierung: Koordinierung aller beteiligten Gewerke und Projekt\u00fcberwachung, um einen einzigen, vertrauensw\u00fcrdigen Ansprechpartner zu haben.<\/li>\n<\/ul>\n<p>&nbsp;<\/p>\n<p><img decoding=\"async\" class=\"aligncenter size-full wp-image-5334\" src=\"https:\/\/essencial-portugal.com\/de\/wp-content\/uploads\/2021\/02\/English-speaking-architect-Lisbon.jpg\" alt=\"English-speaking architect Lisbon\" width=\"1657\" height=\"443\" srcset=\"https:\/\/essencial-portugal.com\/de\/wp-content\/uploads\/2021\/02\/English-speaking-architect-Lisbon.jpg 1657w, https:\/\/essencial-portugal.com\/de\/wp-content\/uploads\/2021\/02\/English-speaking-architect-Lisbon-300x80.jpg 300w, https:\/\/essencial-portugal.com\/de\/wp-content\/uploads\/2021\/02\/English-speaking-architect-Lisbon-1024x274.jpg 1024w, https:\/\/essencial-portugal.com\/de\/wp-content\/uploads\/2021\/02\/English-speaking-architect-Lisbon-768x205.jpg 768w, https:\/\/essencial-portugal.com\/de\/wp-content\/uploads\/2021\/02\/English-speaking-architect-Lisbon-1536x411.jpg 1536w\" sizes=\"(max-width: 1657px) 100vw, 1657px\" \/><\/p>\n<p>Es ist sehr empfehlenswert, einen englischsprachigen Architekten in Portugal f\u00fcr Ihre Bau- und Renovierungsprojekte zu beauftragen. Es ist nicht ungew\u00f6hnlich, dass es in Portugal viele rechtliche oder qualitative Probleme gibt: ein Grundst\u00fcck, das ohne Baugenehmigung verkauft wurde, ein inkompetentes Renovierungsunternehmen, die Unm\u00f6glichkeit, die erforderlichen Genehmigungen zu erhalten oder anderes. Dieser Architekt mit Sitz in Lissabon wird als Vermittler und Garant f\u00fcr die ordnungsgem\u00e4\u00dfe Durchf\u00fchrung Ihrer Arbeiten fungieren.<\/p>\n<h2>Der Beruf des Architekten<\/h2>\n<p>Der Beruf des Architekten \u00e4ndert sich im Wesentlichen nicht, egal ob er in Portugal oder anderswo in Europa ausge\u00fcbt wird. Aber die Gesetzgebung und der Immobilienkontext unterscheiden sich. Ein guter Architekt wei\u00df, wie er sich an diese Gesetze und Gegebenheiten anpassen muss, damit der guten Umsetzung Ihres Projekts nichts im Wege steht.<\/p>\n<p>Der Architekt zeichnet, entwirft und \u00fcberwacht daher den Bau eines Geb\u00e4udes, aber auch dessen Renovierung, wenn es sich um ein solches Projekt handelt. Er ist in der Lage, diese Aufgaben sowohl f\u00fcr ein Einfamilienhaus als auch f\u00fcr ein Gemeinschaftshaus oder ein \u00f6ffentliches Geb\u00e4ude zu \u00fcbernehmen. Seine wichtigsten Eigenschaften sind Kreativit\u00e4t, aber auch Zuh\u00f6ren und Respekt vor den Normen des Landes, in dem er arbeitet.<\/p>\n<p><img decoding=\"async\" class=\"aligncenter size-full wp-image-5335\" src=\"https:\/\/essencial-portugal.com\/de\/wp-content\/uploads\/2021\/02\/English-speaking-architect-in-Portugal.jpg\" alt=\"English-speaking architect in Portugal\" width=\"1349\" height=\"410\" srcset=\"https:\/\/essencial-portugal.com\/de\/wp-content\/uploads\/2021\/02\/English-speaking-architect-in-Portugal.jpg 1349w, https:\/\/essencial-portugal.com\/de\/wp-content\/uploads\/2021\/02\/English-speaking-architect-in-Portugal-300x91.jpg 300w, https:\/\/essencial-portugal.com\/de\/wp-content\/uploads\/2021\/02\/English-speaking-architect-in-Portugal-1024x311.jpg 1024w, https:\/\/essencial-portugal.com\/de\/wp-content\/uploads\/2021\/02\/English-speaking-architect-in-Portugal-768x233.jpg 768w\" sizes=\"(max-width: 1349px) 100vw, 1349px\" \/><\/p>\n<p>&nbsp;<\/p>\n<ul>\n<li>Erstellung von Bau- und Renovierungspl\u00e4nen: Die Pl\u00e4ne sind das Ergebnis von Gespr\u00e4chen mit dem Kunden und k\u00f6nnen im Laufe des Projekts noch ge\u00e4ndert werden. Diese Pl\u00e4ne k\u00f6nnen je nach den Anforderungen des Bauherrn, den st\u00e4dtebaulichen Gesetzen, den Eigenschaften des Grundst\u00fccks oder den in dem Land geltenden Gesetzen variieren.<\/li>\n<li>Die Durchf\u00fchrbarkeit des Projekts ist von wesentlicher Bedeutung, und der Architekt ist mit der Durchf\u00fchrung aller f\u00fcr die Durchf\u00fchrbarkeit erforderlichen Studien beauftragt. Er ist auch f\u00fcr die Besuche bei den portugiesischen Beh\u00f6rden zust\u00e4ndig, um unangenehme \u00dcberraschungen w\u00e4hrend des Projekts zu vermeiden.<\/li>\n<li>Sobald das Bau- oder Renovierungsprojekt vom Kunden best\u00e4tigt wurde, ist der englischsprachige Architekt in Portugal f\u00fcr die Auswahl der beteiligten Unternehmen zust\u00e4ndig. Dabei handelt es sich um Unternehmen, mit denen er regelm\u00e4\u00dfig zusammenarbeitet: Maurer, Elektriker, Klempner, Tischler, Isolierer&#8230;<\/li>\n<li>Der Architekt hat die Rolle eines Projektleiters und muss eine Planung erstellen, die die verschiedenen Phasen der Baustelle ber\u00fccksichtigt. Er erstellt regelm\u00e4\u00dfig Berichte \u00fcber den Stand der Arbeiten, die er den Bauherren \u00fcbermittelt.<\/li>\n<li>Falls erforderlich, ist der Architekt auch f\u00fcr die Beantragung der verschiedenen Genehmigungen und die Erstellung vollst\u00e4ndiger Unterlagen mit Pl\u00e4nen, Skizzen oder Fotos zust\u00e4ndig.<\/li>\n<li>Schlie\u00dflich ist der Architekt der Garant f\u00fcr den reibungslosen Ablauf der Baustellen, f\u00fcr die er verantwortlich ist, und sorgt daf\u00fcr, dass sich die beteiligten Unternehmen an das Projekt, die Pl\u00e4ne und die Fristen halten.<\/li>\n<\/ul>\n<h2 id=\"form\">Kontaktieren Sie unseren englischsprachigen Architekten in Portugal<\/h2>\n<p>&nbsp;<\/p>\n<p style=\"text-align: center;\"><div class=\"wpforms-container wpforms-container-full\" id=\"wpforms-5158\"><form id=\"wpforms-form-5158\" class=\"wpforms-validate wpforms-form\" data-formid=\"5158\" method=\"post\" enctype=\"multipart\/form-data\" action=\"\/de\/wp-json\/wp\/v2\/pages\/5332\" data-token=\"b11b9ba98bd3918daf04d3d7d8273504\" data-token-time=\"1776649412\"><noscript class=\"wpforms-error-noscript\">Please enable JavaScript in your browser to complete this form.<\/noscript><div class=\"wpforms-field-container\"><div id=\"wpforms-5158-field_3-container\" class=\"wpforms-field wpforms-field-name\" data-field-id=\"3\"><label class=\"wpforms-field-label\" for=\"wpforms-5158-field_3\">Name <span class=\"wpforms-required-label\">*<\/span><\/label><div class=\"wpforms-field-row wpforms-field-medium\"><div class=\"wpforms-field-row-block wpforms-first wpforms-one-half\"><input type=\"text\" id=\"wpforms-5158-field_3\" class=\"wpforms-field-name-first wpforms-field-required\" name=\"wpforms[fields][3][first]\" required><label for=\"wpforms-5158-field_3\" class=\"wpforms-field-sublabel after wpforms-sublabel-hide\">First<\/label><\/div><div class=\"wpforms-field-row-block wpforms-one-half\"><input type=\"text\" id=\"wpforms-5158-field_3-last\" class=\"wpforms-field-name-last wpforms-field-required\" name=\"wpforms[fields][3][last]\" required><label for=\"wpforms-5158-field_3-last\" class=\"wpforms-field-sublabel after wpforms-sublabel-hide\">Last<\/label><\/div><\/div><\/div><div id=\"wpforms-5158-field_4-container\" class=\"wpforms-field wpforms-field-email\" data-field-id=\"4\"><label class=\"wpforms-field-label\" for=\"wpforms-5158-field_4\">E-mail <span class=\"wpforms-required-label\">*<\/span><\/label><input type=\"email\" id=\"wpforms-5158-field_4\" class=\"wpforms-field-medium wpforms-field-required\" name=\"wpforms[fields][4]\" spellcheck=\"false\" required><\/div><div id=\"wpforms-5158-field_5-container\" class=\"wpforms-field wpforms-field-number\" data-field-id=\"5\"><label class=\"wpforms-field-label\" for=\"wpforms-5158-field_5\">Phone number <span class=\"wpforms-required-label\">*<\/span><\/label><input type=\"number\" id=\"wpforms-5158-field_5\" class=\"wpforms-field-medium wpforms-field-required\" name=\"wpforms[fields][5]\" step=\"any\" required><\/div><div id=\"wpforms-5158-field_6-container\" class=\"wpforms-field wpforms-field-text\" data-field-id=\"6\"><label class=\"wpforms-field-label\" for=\"wpforms-5158-field_6\">Subject <span class=\"wpforms-required-label\">*<\/span><\/label><input type=\"text\" id=\"wpforms-5158-field_6\" class=\"wpforms-field-medium wpforms-field-required\" name=\"wpforms[fields][6]\" required><\/div><div id=\"wpforms-5158-field_7-container\" class=\"wpforms-field wpforms-field-textarea\" data-field-id=\"7\"><label class=\"wpforms-field-label\" for=\"wpforms-5158-field_7\">Your project <span class=\"wpforms-required-label\">*<\/span><\/label><textarea id=\"wpforms-5158-field_7\" class=\"wpforms-field-medium wpforms-field-required\" name=\"wpforms[fields][7]\" required><\/textarea><\/div><\/div><!-- .wpforms-field-container --><div class=\"wpforms-field wpforms-field-hp\"><label for=\"wpforms-5158-field-hp\" class=\"wpforms-field-label\">Name<\/label><input type=\"text\" name=\"wpforms[hp]\" id=\"wpforms-5158-field-hp\" class=\"wpforms-field-medium\"><\/div><div class=\"wpforms-submit-container\" ><input type=\"hidden\" name=\"wpforms[id]\" value=\"5158\"><input type=\"hidden\" name=\"page_title\" value=\"\"><input type=\"hidden\" name=\"page_url\" value=\"https:\/\/essencial-portugal.com\/de\/wp-json\/wp\/v2\/pages\/5332\"><input type=\"hidden\" name=\"url_referer\" value=\"\"><button type=\"submit\" name=\"wpforms[submit]\" id=\"wpforms-submit-5158\" class=\"wpforms-submit\" data-alt-text=\"Sending\" data-submit-text=\"Send\" aria-live=\"assertive\" value=\"wpforms-submit\">Send<\/button><\/div><\/form><\/div>  <!-- .wpforms-container --><\/p>\n<blockquote><p>Mit der Best\u00e4tigung des Kontaktformulars erm\u00e4chtigen Sie mich, Ihre Anfrage an diesen englischsprachigen Architekten in Portugal weiterzuleiten, der sich dann direkt mit Ihnen in Verbindung setzen kann. Nichts ist automatisiert: Es handelt sich um Personen, die ich kenne, die in Lissabon ans\u00e4ssig sind und die qualifiziert sind, Sie bei Ihrem Ansatz und Ihrem Projekt zu begleiten.<\/p>\n<p>Essencial Portugal ist eine Website, die Einzelpersonen\/Unternehmen mit vertrauensw\u00fcrdigen, zertifizierten Fachleuten in Portugal zusammenbringt, um Projekte im Land durchzuf\u00fchren. Nur diese zertifizierten und zugelassenen Fachleute sind in der Lage, Sie zu informieren, diese Dienstleistungen anzubieten und in Rechnung zu stellen.<\/p><\/blockquote>\n<div id=\"gtx-trans\" style=\"position: absolute; left: 409px; top: 764.891px;\">\n<div class=\"gtx-trans-icon\"><\/div>\n<\/div>\n","protected":false},"excerpt":{"rendered":"<p>&nbsp; Englischsprachiger Architekt in Portugal Ihr Auswanderungs-, Immobilienkauf- oder Investitionsprojekt in Portugal n\u00e4hert sich der Verwirklichung und Sie m\u00f6chten sich mit einem englischsprachigen Architekten in Verbindung setzen, der im Land ans\u00e4ssig ist, um Ihr Projekt zu verwirklichen? Essencial Portugal vermittelt Ihnen einen englischsprachigen Architekten in Portugal, der Erfahrung hat und mit den seri\u00f6sesten und effizientesten [&hellip;]<\/p>\n","protected":false},"author":1,"featured_media":5336,"parent":2946,"menu_order":0,"comment_status":"closed","ping_status":"closed","template":"","meta":{"om_disable_all_campaigns":false,"_monsterinsights_skip_tracking":false,"_monsterinsights_sitenote_active":false,"_monsterinsights_sitenote_note":"","_monsterinsights_sitenote_category":0,"_uf_show_specific_survey":0,"_uf_disable_surveys":false,"site-sidebar-layout":"default","site-content-layout":"default","ast-site-content-layout":"default","site-content-style":"default","site-sidebar-style":"default","ast-global-header-display":"","ast-banner-title-visibility":"","ast-main-header-display":"","ast-hfb-above-header-display":"","ast-hfb-below-header-display":"","ast-hfb-mobile-header-display":"","site-post-title":"","ast-breadcrumbs-content":"","ast-featured-img":"","footer-sml-layout":"","ast-disable-related-posts":"","theme-transparent-header-meta":"default","adv-header-id-meta":"","stick-header-meta":"","header-above-stick-meta":"","header-main-stick-meta":"","header-below-stick-meta":"","astra-migrate-meta-layouts":"default","ast-page-background-enabled":"default","ast-page-background-meta":{"desktop":{"background-color":"","background-image":"","background-repeat":"repeat","background-position":"center center","background-size":"auto","background-attachment":"scroll","background-type":"","background-media":"","overlay-type":"","overlay-color":"","overlay-opacity":"","overlay-gradient":""},"tablet":{"background-color":"","background-image":"","background-repeat":"repeat","background-position":"center center","background-size":"auto","background-attachment":"scroll","background-type":"","background-media":"","overlay-type":"","overlay-color":"","overlay-opacity":"","overlay-gradient":""},"mobile":{"background-color":"","background-image":"","background-repeat":"repeat","background-position":"center center","background-size":"auto","background-attachment":"scroll","background-type":"","background-media":"","overlay-type":"","overlay-color":"","overlay-opacity":"","overlay-gradient":""}},"ast-content-background-meta":{"desktop":{"background-color":"var(--ast-global-color-5)","background-image":"","background-repeat":"repeat","background-position":"center center","background-size":"auto","background-attachment":"scroll","background-type":"","background-media":"","overlay-type":"","overlay-color":"","overlay-opacity":"","overlay-gradient":""},"tablet":{"background-color":"var(--ast-global-color-5)","background-image":"","background-repeat":"repeat","background-position":"center center","background-size":"auto","background-attachment":"scroll","background-type":"","background-media":"","overlay-type":"","overlay-color":"","overlay-opacity":"","overlay-gradient":""},"mobile":{"background-color":"var(--ast-global-color-5)","background-image":"","background-repeat":"repeat","background-position":"center center","background-size":"auto","background-attachment":"scroll","background-type":"","background-media":"","overlay-type":"","overlay-color":"","overlay-opacity":"","overlay-gradient":""}},"footnotes":""},"class_list":["post-5332","page","type-page","status-publish","has-post-thumbnail","hentry"],"aioseo_notices":[],"_links":{"self":[{"href":"https:\/\/essencial-portugal.com\/de\/wp-json\/wp\/v2\/pages\/5332","targetHints":{"allow":["GET"]}}],"collection":[{"href":"https:\/\/essencial-portugal.com\/de\/wp-json\/wp\/v2\/pages"}],"about":[{"href":"https:\/\/essencial-portugal.com\/de\/wp-json\/wp\/v2\/types\/page"}],"author":[{"embeddable":true,"href":"https:\/\/essencial-portugal.com\/de\/wp-json\/wp\/v2\/users\/1"}],"replies":[{"embeddable":true,"href":"https:\/\/essencial-portugal.com\/de\/wp-json\/wp\/v2\/comments?post=5332"}],"version-history":[{"count":0,"href":"https:\/\/essencial-portugal.com\/de\/wp-json\/wp\/v2\/pages\/5332\/revisions"}],"up":[{"embeddable":true,"href":"https:\/\/essencial-portugal.com\/de\/wp-json\/wp\/v2\/pages\/2946"}],"wp:featuredmedia":[{"embeddable":true,"href":"https:\/\/essencial-portugal.com\/de\/wp-json\/wp\/v2\/media\/5336"}],"wp:attachment":[{"href":"https:\/\/essencial-portugal.com\/de\/wp-json\/wp\/v2\/media?parent=5332"}],"curies":[{"name":"wp","href":"https:\/\/api.w.org\/{rel}","templated":true}]}}