{"id":5939,"date":"2021-11-07T10:08:40","date_gmt":"2021-11-07T10:08:40","guid":{"rendered":"https:\/\/essencial-portugal.com\/de\/?page_id=5939"},"modified":"2023-03-28T14:16:14","modified_gmt":"2023-03-28T14:16:14","slug":"buchen-sie-besuche-aktivitaten-algarve","status":"publish","type":"page","link":"https:\/\/essencial-portugal.com\/de\/buchen-sie-besuche-aktivitaten-algarve\/","title":{"rendered":"Buchen Sie Ihre Besuche und Aktivit\u00e4ten an der Algarve"},"content":{"rendered":"\t\t<div data-elementor-type=\"wp-page\" data-elementor-id=\"5939\" class=\"elementor elementor-5939\" data-elementor-post-type=\"page\">\n\t\t\t\t\t\t<section class=\"elementor-section elementor-top-section elementor-element elementor-element-ff53b78 elementor-section-boxed elementor-section-height-default elementor-section-height-default\" data-id=\"ff53b78\" data-element_type=\"section\" data-e-type=\"section\">\n\t\t\t\t\t\t<div class=\"elementor-container elementor-column-gap-default\">\n\t\t\t\t\t<div class=\"elementor-column elementor-col-100 elementor-top-column elementor-element elementor-element-2f7a6c33\" data-id=\"2f7a6c33\" data-element_type=\"column\" data-e-type=\"column\">\n\t\t\t<div class=\"elementor-widget-wrap elementor-element-populated\">\n\t\t\t\t\t\t<div class=\"elementor-element elementor-element-5fb02eea elementor-widget elementor-widget-table-of-contents\" data-id=\"5fb02eea\" data-element_type=\"widget\" data-e-type=\"widget\" data-settings=\"{&quot;headings_by_tags&quot;:[&quot;h2&quot;],&quot;exclude_headings_by_selector&quot;:[],&quot;marker_view&quot;:&quot;bullets&quot;,&quot;icon&quot;:{&quot;value&quot;:&quot;fas fa-check-square&quot;,&quot;library&quot;:&quot;fa-solid&quot;},&quot;min_height&quot;:{&quot;unit&quot;:&quot;px&quot;,&quot;size&quot;:0,&quot;sizes&quot;:[]},&quot;no_headings_message&quot;:&quot;No headings were found on this page.&quot;,&quot;hierarchical_view&quot;:&quot;yes&quot;,&quot;min_height_tablet&quot;:{&quot;unit&quot;:&quot;px&quot;,&quot;size&quot;:&quot;&quot;,&quot;sizes&quot;:[]},&quot;min_height_mobile&quot;:{&quot;unit&quot;:&quot;px&quot;,&quot;size&quot;:&quot;&quot;,&quot;sizes&quot;:[]}}\" data-widget_type=\"table-of-contents.default\">\n\t\t\t\t<div class=\"elementor-widget-container\">\n\t\t\t\t\t\t\t\t\t<div class=\"elementor-toc__header\">\n\t\t\t\t\t\t<h2 class=\"elementor-toc__header-title\">\n\t\t\t\tAktivit\u00e4ten in der Algarve\t\t\t<\/h2>\n\t\t\t\t\t\t\t\t<\/div>\n\t\t\t\t<div id=\"elementor-toc__5fb02eea\" class=\"elementor-toc__body\">\n\t\t\t<div class=\"elementor-toc__spinner-container\">\n\t\t\t\t<i class=\"elementor-toc__spinner eicon-animation-spin eicon-loading\" aria-hidden=\"true\"><\/i>\t\t\t<\/div>\n\t\t<\/div>\n\t\t\t\t\t\t<\/div>\n\t\t\t\t<\/div>\n\t\t\t\t\t<\/div>\n\t\t<\/div>\n\t\t\t\t\t<\/div>\n\t\t<\/section>\n\t\t\t\t<section class=\"elementor-section elementor-top-section elementor-element elementor-element-eb6ce55 elementor-section-boxed elementor-section-height-default elementor-section-height-default\" data-id=\"eb6ce55\" data-element_type=\"section\" data-e-type=\"section\">\n\t\t\t\t\t\t<div class=\"elementor-container elementor-column-gap-default\">\n\t\t\t\t\t<div class=\"elementor-column elementor-col-100 elementor-top-column elementor-element elementor-element-5251cb8\" data-id=\"5251cb8\" data-element_type=\"column\" data-e-type=\"column\">\n\t\t\t<div class=\"elementor-widget-wrap elementor-element-populated\">\n\t\t\t\t\t\t<div class=\"elementor-element elementor-element-73e9cd9 elementor-widget elementor-widget-text-editor\" data-id=\"73e9cd9\" data-element_type=\"widget\" data-e-type=\"widget\" data-widget_type=\"text-editor.default\">\n\t\t\t\t<div class=\"elementor-widget-container\">\n\t\t\t\t\t\t\t\t\t<p>Die Algarve ist eine der touristischsten Regionen Portugals und bietet eine Vielzahl von gef\u00fchrten Touren und Aktivit\u00e4ten, um die Region w\u00e4hrend Ihres Urlaubs zu entdecken.<\/p><p>Essencial Portugal hat f\u00fcr Sie eine Auswahl der besten gef\u00fchrten Touren und Aktivit\u00e4ten an der Algarve zusammengestellt, sortiert nach St\u00e4dten. Diese Aktivit\u00e4ten und Touren wurden alle mit 5 Sternen bewertet, so dass Sie eine tolle Zeit mit Freunden oder der Familie verbringen k\u00f6nnen, ohne sich um die Qualit\u00e4t der gebuchten Aktivit\u00e4ten sorgen zu m\u00fcssen.<br \/><script src=\"https:\/\/widget.getyourguide.com\/dist\/pa.umd.production.min.js\" async=\"\" defer=\"defer\" data-gyg-partner-id=\"8JHIOAN\"><\/script><\/p><div data-gyg-href=\"https:\/\/widget.getyourguide.com\/default\/city.frame\" data-gyg-location-id=\"66\" data-gyg-locale-code=\"de-DE\" data-gyg-widget=\"city\" data-gyg-partner-id=\"8JHIOAN\">\u00a0<\/div><p>Alle Ihre Reservierungen k\u00f6nnen bis zu 24 Stunden vor der Abfahrt storniert werden, so dass Sie sicher buchen k\u00f6nnen.<\/p><h2>Albufeira<\/h2><p><script src=\"https:\/\/widget.getyourguide.com\/v2\/widget.js\" async=\"\" defer=\"defer\"><\/script><\/p><div data-gyg-href=\"https:\/\/widget.getyourguide.com\/default\/activites.frame\" data-gyg-locale-code=\"de-DE\" data-gyg-widget=\"activities\" data-gyg-number-of-items=\"12\" data-gyg-cmp=\"algarve\" data-gyg-currency=\"EUR\" data-gyg-partner-id=\"8JHIOAN\" data-gyg-placement=\"other\" data-gyg-tour-ids=\"109039,383084,397978,100467,406513,403023,182564,275912,86915,397559,29574,315472\">\u00a0<\/div><p>\u00a0<\/p><h2>Faro<\/h2><p><script src=\"https:\/\/widget.getyourguide.com\/v2\/widget.js\" async=\"\" defer=\"defer\"><\/script><\/p><div data-gyg-href=\"https:\/\/widget.getyourguide.com\/default\/activites.frame\" data-gyg-locale-code=\"de-DE\" data-gyg-widget=\"activities\" data-gyg-number-of-items=\"12\" data-gyg-cmp=\"algarve\" data-gyg-currency=\"EUR\" data-gyg-partner-id=\"8JHIOAN\" data-gyg-placement=\"other\" data-gyg-tour-ids=\"64208,16237,274562,399362,304398,397187,29417,16314,301533,226837,199882,40500\">\u00a0<\/div><p>\u00a0<\/p><h2>Portim\u00e3o<\/h2><p><script src=\"https:\/\/widget.getyourguide.com\/v2\/widget.js\" async=\"\" defer=\"defer\"><\/script><\/p><div data-gyg-href=\"https:\/\/widget.getyourguide.com\/default\/activites.frame\" data-gyg-locale-code=\"de-DE\" data-gyg-widget=\"activities\" data-gyg-number-of-items=\"12\" data-gyg-cmp=\"algarve\" data-gyg-currency=\"EUR\" data-gyg-partner-id=\"8JHIOAN\" data-gyg-placement=\"other\" data-gyg-tour-ids=\"221277,62326,227068,370806,216582,164694,164025,321043,72911,53491,189984,58170\">\u00a0<\/div><p>\u00a0<\/p><h2>Lagos<\/h2><p><script src=\"https:\/\/widget.getyourguide.com\/v2\/widget.js\" async=\"\" defer=\"defer\"><\/script><\/p><div data-gyg-href=\"https:\/\/widget.getyourguide.com\/default\/activites.frame\" data-gyg-locale-code=\"de-DE\" data-gyg-widget=\"activities\" data-gyg-number-of-items=\"12\" data-gyg-cmp=\"algarve\" data-gyg-currency=\"EUR\" data-gyg-partner-id=\"8JHIOAN\" data-gyg-placement=\"other\" data-gyg-tour-ids=\"220974,105742,202444,105212,400250,283922,402413,41539,170718,168625,171291,166253\">\u00a0<\/div><p>\u00a0<\/p><h2>Vilamoura<\/h2><p><script src=\"https:\/\/widget.getyourguide.com\/v2\/widget.js\" async=\"\" defer=\"defer\"><\/script><\/p><div data-gyg-href=\"https:\/\/widget.getyourguide.com\/default\/activites.frame\" data-gyg-locale-code=\"de-DE\" data-gyg-widget=\"activities\" data-gyg-number-of-items=\"12\" data-gyg-cmp=\"algarve\" data-gyg-currency=\"EUR\" data-gyg-partner-id=\"8JHIOAN\" data-gyg-placement=\"other\" data-gyg-tour-ids=\"293125,397559,402413,390162,147054,218580,397539,62596,72911,122996,398746,228733\">\u00a0<\/div><p>\u00a0<\/p><h2>Tavira<\/h2><p><script src=\"https:\/\/widget.getyourguide.com\/v2\/widget.js\" async=\"\" defer=\"defer\"><\/script><\/p><div data-gyg-href=\"https:\/\/widget.getyourguide.com\/default\/activites.frame\" data-gyg-locale-code=\"de-DE\" data-gyg-widget=\"activities\" data-gyg-number-of-items=\"4\" data-gyg-cmp=\"algarve\" data-gyg-currency=\"EUR\" data-gyg-partner-id=\"8JHIOAN\" data-gyg-placement=\"other\" data-gyg-tour-ids=\"389200,389067,388996,389494\">\u00a0<\/div><p>\u00a0<\/p><h2>Olh\u00e3o<\/h2><p><script src=\"https:\/\/widget.getyourguide.com\/v2\/widget.js\" async=\"\" defer=\"defer\"><\/script><\/p><div data-gyg-href=\"https:\/\/widget.getyourguide.com\/default\/activites.frame\" data-gyg-locale-code=\"de-DE\" data-gyg-widget=\"activities\" data-gyg-number-of-items=\"4\" data-gyg-cmp=\"algarve\" data-gyg-currency=\"EUR\" data-gyg-partner-id=\"8JHIOAN\" data-gyg-placement=\"other\" data-gyg-tour-ids=\"397373,397187,397400,389508\">\u00a0<\/div>\t\t\t\t\t\t\t\t<\/div>\n\t\t\t\t<\/div>\n\t\t\t\t\t<\/div>\n\t\t<\/div>\n\t\t\t\t\t<\/div>\n\t\t<\/section>\n\t\t\t\t<\/div>\n\t\t","protected":false},"excerpt":{"rendered":"<p>Aktivit\u00e4ten in der Algarve Die Algarve ist eine der touristischsten Regionen Portugals und bietet eine Vielzahl von gef\u00fchrten Touren und Aktivit\u00e4ten, um die Region w\u00e4hrend Ihres Urlaubs zu entdecken. Essencial Portugal hat f\u00fcr Sie eine Auswahl der besten gef\u00fchrten Touren und Aktivit\u00e4ten an der Algarve zusammengestellt, sortiert nach St\u00e4dten. Diese Aktivit\u00e4ten und Touren wurden alle [&hellip;]<\/p>\n","protected":false},"author":1,"featured_media":0,"parent":0,"menu_order":0,"comment_status":"closed","ping_status":"closed","template":"","meta":{"om_disable_all_campaigns":false,"_monsterinsights_skip_tracking":false,"_monsterinsights_sitenote_active":false,"_monsterinsights_sitenote_note":"","_monsterinsights_sitenote_category":0,"_uf_show_specific_survey":0,"_uf_disable_surveys":false,"site-sidebar-layout":"no-sidebar","site-content-layout":"page-builder","ast-site-content-layout":"default","site-content-style":"default","site-sidebar-style":"default","ast-global-header-display":"","ast-banner-title-visibility":"","ast-main-header-display":"","ast-hfb-above-header-display":"","ast-hfb-below-header-display":"","ast-hfb-mobile-header-display":"","site-post-title":"disabled","ast-breadcrumbs-content":"","ast-featured-img":"disabled","footer-sml-layout":"","ast-disable-related-posts":"","theme-transparent-header-meta":"default","adv-header-id-meta":"","stick-header-meta":"","header-above-stick-meta":"","header-main-stick-meta":"","header-below-stick-meta":"","astra-migrate-meta-layouts":"default","ast-page-background-enabled":"default","ast-page-background-meta":{"desktop":{"background-color":"","background-image":"","background-repeat":"repeat","background-position":"center center","background-size":"auto","background-attachment":"scroll","background-type":"","background-media":"","overlay-type":"","overlay-color":"","overlay-opacity":"","overlay-gradient":""},"tablet":{"background-color":"","background-image":"","background-repeat":"repeat","background-position":"center center","background-size":"auto","background-attachment":"scroll","background-type":"","background-media":"","overlay-type":"","overlay-color":"","overlay-opacity":"","overlay-gradient":""},"mobile":{"background-color":"","background-image":"","background-repeat":"repeat","background-position":"center center","background-size":"auto","background-attachment":"scroll","background-type":"","background-media":"","overlay-type":"","overlay-color":"","overlay-opacity":"","overlay-gradient":""}},"ast-content-background-meta":{"desktop":{"background-color":"var(--ast-global-color-5)","background-image":"","background-repeat":"repeat","background-position":"center center","background-size":"auto","background-attachment":"scroll","background-type":"","background-media":"","overlay-type":"","overlay-color":"","overlay-opacity":"","overlay-gradient":""},"tablet":{"background-color":"var(--ast-global-color-5)","background-image":"","background-repeat":"repeat","background-position":"center center","background-size":"auto","background-attachment":"scroll","background-type":"","background-media":"","overlay-type":"","overlay-color":"","overlay-opacity":"","overlay-gradient":""},"mobile":{"background-color":"var(--ast-global-color-5)","background-image":"","background-repeat":"repeat","background-position":"center center","background-size":"auto","background-attachment":"scroll","background-type":"","background-media":"","overlay-type":"","overlay-color":"","overlay-opacity":"","overlay-gradient":""}},"footnotes":""},"class_list":["post-5939","page","type-page","status-publish","hentry"],"aioseo_notices":[],"_links":{"self":[{"href":"https:\/\/essencial-portugal.com\/de\/wp-json\/wp\/v2\/pages\/5939","targetHints":{"allow":["GET"]}}],"collection":[{"href":"https:\/\/essencial-portugal.com\/de\/wp-json\/wp\/v2\/pages"}],"about":[{"href":"https:\/\/essencial-portugal.com\/de\/wp-json\/wp\/v2\/types\/page"}],"author":[{"embeddable":true,"href":"https:\/\/essencial-portugal.com\/de\/wp-json\/wp\/v2\/users\/1"}],"replies":[{"embeddable":true,"href":"https:\/\/essencial-portugal.com\/de\/wp-json\/wp\/v2\/comments?post=5939"}],"version-history":[{"count":3,"href":"https:\/\/essencial-portugal.com\/de\/wp-json\/wp\/v2\/pages\/5939\/revisions"}],"predecessor-version":[{"id":9328,"href":"https:\/\/essencial-portugal.com\/de\/wp-json\/wp\/v2\/pages\/5939\/revisions\/9328"}],"wp:attachment":[{"href":"https:\/\/essencial-portugal.com\/de\/wp-json\/wp\/v2\/media?parent=5939"}],"curies":[{"name":"wp","href":"https:\/\/api.w.org\/{rel}","templated":true}]}}