{"id":6209,"date":"2021-12-06T11:05:58","date_gmt":"2021-12-06T11:05:58","guid":{"rendered":"https:\/\/essencial-portugal.com\/de\/?page_id=6209"},"modified":"2023-01-04T05:42:39","modified_gmt":"2023-01-04T05:42:39","slug":"immobiliensuchende-portugal","status":"publish","type":"page","link":"https:\/\/essencial-portugal.com\/de\/immobiliensuchende-portugal\/","title":{"rendered":"Immobiliensuchende in Portugal"},"content":{"rendered":"<p>&nbsp;<\/p>\n<p><img fetchpriority=\"high\" decoding=\"async\" class=\"aligncenter size-full wp-image-6206\" src=\"https:\/\/essencial-portugal.com\/de\/wp-content\/uploads\/2021\/12\/Property-Hunter-Portugal.jpg\" alt=\"Property Hunter Portugal\" width=\"1280\" height=\"853\" srcset=\"https:\/\/essencial-portugal.com\/de\/wp-content\/uploads\/2021\/12\/Property-Hunter-Portugal.jpg 1280w, https:\/\/essencial-portugal.com\/de\/wp-content\/uploads\/2021\/12\/Property-Hunter-Portugal-300x200.jpg 300w, https:\/\/essencial-portugal.com\/de\/wp-content\/uploads\/2021\/12\/Property-Hunter-Portugal-1024x682.jpg 1024w, https:\/\/essencial-portugal.com\/de\/wp-content\/uploads\/2021\/12\/Property-Hunter-Portugal-768x512.jpg 768w\" sizes=\"(max-width: 1280px) 100vw, 1280px\" \/><\/p>\n<p>Immer mehr Familien, Unternehmen und Investoren wenden sich an Essencial Portugal, um bei ihrem Auswanderungsprojekt unterst\u00fctzt zu werden. Diese Menschen sind auf der Suche nach Immobilien, Unternehmen, Grundst\u00fccken, Industrie oder Investitionsm\u00f6glichkeiten in Portugal. Viele von ihnen recherchieren zun\u00e4chst auf eigene Faust, aber das kann in Portugal verschiedene Risiken und Probleme mit sich bringen, die wir weiter unten sehen werden.<br \/>\nWenn Sie m\u00f6chten, k\u00f6nnen Sie das untenstehende Formular ausf\u00fcllen, um mit einem englischsprachigen Immobilienmakler in Lissabon in Kontakt zu treten, der den Markt sehr gut kennt, in ganz Portugal t\u00e4tig ist und f\u00fcr Immobilien, Unternehmen, Industrien, Grundst\u00fccke oder sogar die Identifizierung von Investitionsm\u00f6glichkeiten qualifiziert ist.<br \/>\nDieser englischsprachige Immobilienmakler in Portugal, den ich pers\u00f6nlich kenne, ist hochqualifiziert und wird Ihnen eine pers\u00f6nliche Begleitung von A bis Z anbieten:<\/p>\n<ul>\n<li>Identifizierung Ihrer Suchkriterien<\/li>\n<li>Identifizierung der entsprechenden Objekte<\/li>\n<li>Kontaktaufnahme mit den Eigent\u00fcmern der Objekte<\/li>\n<li>Beschaffung wichtiger Informationen aus den Rath\u00e4usern oder \u00fcber Finanzpr\u00fcfungen<\/li>\n<li>Begleitung bei Immobilienbesichtigungen<\/li>\n<li>Unterst\u00fctzung bei der Verhandlung \u00fcber Marktpreise und Lage<\/li>\n<li>Globale Begleitung: Notar, Vertr\u00e4ge, Arbeiten oder Verwaltungsverfahren<\/li>\n<\/ul>\n<p style=\"text-align: center;\"><a class=\"maxbutton-3 maxbutton maxbutton-form\" href=\"#form\"><span class='mb-text'>Kontakt-Formular<\/span><\/a><\/p>\n<h2>Immobiliensuchende in Portugal<\/h2>\n<p>Es ist notwendig, die verschiedenen Angebote des portugiesischen Immobilienmarktes zu kennen, um zu verstehen, welche man bei der eigenen Immobiliensuche auslassen kann. Expatriates haben im Allgemeinen zwei Reflexe: die Suche im Internet und die Inanspruchnahme eines Immobilienb\u00fcros. Diese beiden Kan\u00e4le erm\u00f6glichen es Ihnen, Immobilien zu finden, aber sie sperren Sie auch in &#8220;Tunnel&#8221; ein, die es Ihnen nicht erlauben, das Ausma\u00df des Angebots zu sehen, das dem entspricht, wonach Sie suchen.<\/p>\n<p>Mundpropaganda und Netzwerke sind der beste Weg, um interessante Immobilien in Portugal zu finden. Dazu k\u00f6nnen Sie sich mit Eigent\u00fcmern, Investoren, Bauunternehmern und Privatpersonen austauschen oder direkt vor Ort mit der Nachbarschaft sprechen. Verschiedene Dinge, f\u00fcr die sich ein portugiesischer Immobilienmakler Zeit nehmen wird, was beispielsweise bei einer Immobilienagentur nicht der Fall ist, die Ihnen nur ihren Katalog anbietet und Ihnen den Weg versperrt, M\u00f6glichkeiten zu entdecken, die Ihren Suchkriterien entsprechen.<\/p>\n<p>Die Suche nach einer portugiesischen Immobilie \u00fcber das Internet ist eine m\u00f6gliche Option, die jedoch zu verschiedenen Hindernissen f\u00fchrt:<\/p>\n<ul>\n<li>Viele Webanzeigen, die Ihnen interessant erscheinen, werden nicht aktualisiert, sind nicht mehr verf\u00fcgbar und werden von Immobilienagenturen als &#8220;Lockvogel&#8221; eingesetzt. Sie werden daher viel Zeit mit der Suche nach wenigen Ergebnissen verbringen.<\/li>\n<li>Einige der Inserenten sind Privatpersonen, die attraktivere Preise anbieten k\u00f6nnen, aber es gibt verschiedene Probleme, wie z. B. die Sprache oder versteckte M\u00e4ngel, die in Portugal h\u00e4ufiger auftreten k\u00f6nnen (Feuchtigkeit, Isolierung, Baugenehmigungen, Baugesetze usw.). Wenn Sie diesen Weg w\u00e4hlen, m\u00fcssen Sie Experten beauftragen oder zum Rathaus gehen, um sicherzustellen, dass alles in Ordnung ist. Au\u00dferdem ben\u00f6tigen Sie f\u00fcr Vertr\u00e4ge und Transaktionen einen \u00dcbersetzer, was sich schnell zu erheblichen Kosten summieren kann.<\/li>\n<li>Wenn Sie es schaffen, eine Immobilie auf diese Weise zu kaufen, sollten Sie auch wissen, dass Sie viele Vorg\u00e4nge, die auf den Kauf der Immobilie folgen, selbst erledigen m\u00fcssen, z. B. den Abschluss von Wasser-, Internet- und Stromvertr\u00e4gen, den Austausch mit dem Eigent\u00fcmer, wenn bestimmte Dinge erledigt werden m\u00fcssen, oder die Suche nach dem richtigen<\/li>\n<li>Dienstleister f\u00fcr die Renovierungsarbeiten, der hier nicht immer leicht zu finden ist.<\/li>\n<\/ul>\n<p>Wenn Sie Ihre Immobilie \u00fcber einen Immobilienmakler in Portugal suchen, werden Sie von den meisten Maklern gut aufgenommen, aber es kann sein, dass Sie viele Objekte verpassen, die Ihren Erwartungen entsprechen. Die Agenturen haben n\u00e4mlich ihren eigenen Katalog f\u00fcr bestimmte Immobilien, und wenn Sie sich an Immobilienagentur A wenden, werden Sie die von Immobilienagentur B angebotenen Immobilien, von denen einige vielleicht interessanter sind, nicht entdecken k\u00f6nnen. Es ist auch wichtig zu wissen, dass, sobald die Immobilie verkauft ist, die Immobilienagenturen Sie nicht mehr f\u00fcr die Arbeit oder die Unterzeichnung Ihrer Vertr\u00e4ge begleiten werden: sobald die Immobilie gekauft ist, wird es sehr schwierig sein, eine Person zu finden, die Sie begleitet, oder es wird im Allgemeinen teuer sein.<\/p>\n<p>Noch einmal: Ich rate Ihnen, die Dienste eines englischsprachigen Immobilienmaklers in Portugal in Anspruch zu nehmen, der Ihnen eine vollst\u00e4ndige Begleitung von A bis Z bieten kann und Ihnen viele Sorgen erspart.<\/p>\n<h2>Immobilienj\u00e4ger: Unternehmen und Branchen in Portugal<\/h2>\n<p>&nbsp;<\/p>\n<p><img decoding=\"async\" class=\"aligncenter size-full wp-image-6207\" src=\"https:\/\/essencial-portugal.com\/de\/wp-content\/uploads\/2021\/12\/Property-hunter-Portugal-Company.jpg\" alt=\"Property hunter Portugal Company\" width=\"1280\" height=\"677\" srcset=\"https:\/\/essencial-portugal.com\/de\/wp-content\/uploads\/2021\/12\/Property-hunter-Portugal-Company.jpg 1280w, https:\/\/essencial-portugal.com\/de\/wp-content\/uploads\/2021\/12\/Property-hunter-Portugal-Company-300x159.jpg 300w, https:\/\/essencial-portugal.com\/de\/wp-content\/uploads\/2021\/12\/Property-hunter-Portugal-Company-1024x542.jpg 1024w, https:\/\/essencial-portugal.com\/de\/wp-content\/uploads\/2021\/12\/Property-hunter-Portugal-Company-768x406.jpg 768w\" sizes=\"(max-width: 1280px) 100vw, 1280px\" \/><\/p>\n<p>Unabh\u00e4ngig davon, wo Sie sich in Europa befinden, ist der Kauf eines Unternehmens oder einer Branche nicht dasselbe wie der Kauf einer Wohnung oder eines Hauses. Auch hier hat Portugal seine eigenen Regeln und Gesetze, die Sie kennen sollten, bevor Sie beginnen. Ich rate Ihnen dringend davon ab, die Suche und den Kauf eines Unternehmens in Portugal selbst in die Hand zu nehmen. Wenn Sie im Internet suchen, werden Sie auf Websites wie OLX, einer Kleinanzeigenseite, Unternehmen oder Branchen finden, die in Portugal zum Verkauf stehen. Hier stellen sich die gleichen Probleme wie bei Immobilien, nur dass die Pr\u00fcfungen f\u00fcr den Kauf eines Unternehmens viel gr\u00fcndlicher sein m\u00fcssen:<\/p>\n<ul>\n<li>Konformit\u00e4t der R\u00e4umlichkeiten oder des Grundst\u00fccks<\/li>\n<li>M\u00f6glichkeiten der Erweiterung oder Renovierung<\/li>\n<li>Art des Grundst\u00fccks oder der R\u00e4umlichkeiten in Bezug auf die Gesetzgebung<\/li>\n<li>Rentabilit\u00e4t des Projekts<\/li>\n<li>Finanzielle Lage des Unternehmens oder der Branche<\/li>\n<li>Verhandlung von Handelskonditionen oder nicht<\/li>\n<li>Situation der Mitarbeiter und Arbeitsrecht<\/li>\n<li>Und viele andere Punkte, die zu bedenken sind<\/li>\n<\/ul>\n<p>Deshalb ist es umso empfehlenswerter, den Kauf eines Unternehmens \u00fcber einen Immobilienmakler in Portugal abzuwickeln. Dieser Immobilienmakler ist wiederum eine wichtige St\u00fctze Ihres Abenteuers und die Br\u00fccke zwischen Ihren Bed\u00fcrfnissen und der Gewissheit, dass das Unternehmen oder die Branche, die Sie kaufen, mit dem Gesetz und dem Projekt, das Sie entwickeln m\u00f6chten, \u00fcbereinstimmt.<\/p>\n<p>Der portugiesische Immobilienmakler, den Sie durch Ausf\u00fcllen des obigen Formulars kontaktieren werden, war urspr\u00fcnglich auf Unternehmen und Industrie spezialisiert. Aufgrund der hohen Nachfrage hat er sein T\u00e4tigkeitsfeld nun auf Immobilien ausgeweitet, ist aber Teil eines Unternehmens, das von Wirtschaftspr\u00fcfern oder <a href=\"https:\/\/essencial-portugal.com\/de\/englischsprachiger-steueranwalt-lissabon\/\">Rechtsanw\u00e4lten<\/a> begleitet wird: ein internes Team mit mehreren Fachleuten, das alle Studien und Finanzpr\u00fcfungen durchf\u00fchren kann, die f\u00fcr einen reibungslosen Kauf Ihres Unternehmens oder Ihrer Branche erforderlich sind.<\/p>\n<h2>Immobilienj\u00e4ger: Grundst\u00fccke in Portugal<\/h2>\n<p>Der Kauf eines Grundst\u00fccks in Portugal ist ein besonderer Fall, f\u00fcr den es sehr wichtig ist, begleitet zu werden. Es ist in der Tat nicht ungew\u00f6hnlich, dass es besondere Vorschriften f\u00fcr die Bebauung von Grundst\u00fccken gibt. Es kann sein, dass Sie ein Geb\u00e4ude haben, das vor langer Zeit gebaut wurde, f\u00fcr das keine Genehmigung erteilt wurde und das Sie nicht ver\u00e4ndern k\u00f6nnen, oder ein Grundst\u00fcck, das einfach nicht bebaubar ist. Der Kauf eines Grundst\u00fccks in Portugal erfordert daher zahlreiche \u00dcberpr\u00fcfungen, um sicherzustellen, dass Sie Ihr Bau- oder Nutzungsprojekt verwirklichen k\u00f6nnen.<\/p>\n<p>Es ist auch wichtig zu wissen, dass es sehr lange dauern kann, bis Sie die Baugenehmigung von der Stadtverwaltung erhalten. Diese Fristen sind geregelt und m\u00fcssen daher von einem Immobilienmakler begleitet werden, der alle Vorschriften kennt und \u00fcber die richtigen Kontakte verf\u00fcgt, um diese \u00dcberpr\u00fcfungen f\u00fcr Sie durchzuf\u00fchren. F\u00fcllen Sie das Formular am Ende dieser Seite aus, um mit einem englischsprachigen Immobilienmakler in Portugal in Kontakt zu treten, der Sie von A bis Z begleiten kann:<\/p>\n<ul>\n<li>Identifizierung Ihrer Suchkriterien und Ihres Budgets<\/li>\n<li>Suche nach dem entsprechenden Grundst\u00fcck in einem beliebigen Gebiet der Welt<\/li>\n<li>Kontaktaufnahme mit den Eigent\u00fcmern<\/li>\n<li>Analyse der Situation mit der Gemeindeverwaltung<\/li>\n<li>Begleitung bei den Besichtigungen der Grundst\u00fccke<\/li>\n<li>Hilfe bei der Verhandlung des Kaufpreises<\/li>\n<li>Globale Begleitung: Notar, Vertr\u00e4ge, Notar, Installation, Renovierung oder Verwaltungsverfahren<\/li>\n<\/ul>\n<p><img decoding=\"async\" class=\"aligncenter size-full wp-image-6208\" src=\"https:\/\/essencial-portugal.com\/de\/wp-content\/uploads\/2021\/12\/Property-hunter-Portugal-Land.jpg\" alt=\"Property hunter Portugal Land\" width=\"1280\" height=\"790\" srcset=\"https:\/\/essencial-portugal.com\/de\/wp-content\/uploads\/2021\/12\/Property-hunter-Portugal-Land.jpg 1280w, https:\/\/essencial-portugal.com\/de\/wp-content\/uploads\/2021\/12\/Property-hunter-Portugal-Land-300x185.jpg 300w, https:\/\/essencial-portugal.com\/de\/wp-content\/uploads\/2021\/12\/Property-hunter-Portugal-Land-1024x632.jpg 1024w, https:\/\/essencial-portugal.com\/de\/wp-content\/uploads\/2021\/12\/Property-hunter-Portugal-Land-768x474.jpg 768w\" sizes=\"(max-width: 1280px) 100vw, 1280px\" \/><\/p>\n<h2 id=\"form\">Kontakt zu einem englischsprachigen Immobilienmakler in Portugal<\/h2>\n<p>F\u00fcllen Sie dieses Formular aus, um mit einem englischsprachigen Immobilienmakler in Portugal f\u00fcr die Suche nach einer Immobilie, einem Unternehmen, einer Branche, einem Grundst\u00fcck oder einer Investitionsm\u00f6glichkeit \u00fcberall in Portugal in Kontakt zu treten. Dieser Experte spricht Englisch, hat seinen Sitz in Lissabon und verf\u00fcgt \u00fcber ein Team und ein Netzwerk, das Sie bei Ihrem gesamten Projekt begleiten wird: von der Recherche bis zum Kauf, \u00fcber Vertr\u00e4ge, Installation oder Renovierung und Verwaltungsverfahren.<\/p>\n<p style=\"text-align: center;\"><div class=\"wpforms-container wpforms-container-full\" id=\"wpforms-6429\"><form id=\"wpforms-form-6429\" class=\"wpforms-validate wpforms-form\" data-formid=\"6429\" method=\"post\" enctype=\"multipart\/form-data\" action=\"\/de\/wp-json\/wp\/v2\/pages\/6209\" data-token=\"8f822687ab0973b4e19152f7b26d866b\" data-token-time=\"1776642192\"><noscript class=\"wpforms-error-noscript\">Please enable JavaScript in your browser to complete this form.<\/noscript><div class=\"wpforms-field-container\"><div id=\"wpforms-6429-field_0-container\" class=\"wpforms-field wpforms-field-name\" data-field-id=\"0\"><label class=\"wpforms-field-label\" for=\"wpforms-6429-field_0\">Name <span class=\"wpforms-required-label\">*<\/span><\/label><div class=\"wpforms-field-row wpforms-field-medium\"><div class=\"wpforms-field-row-block wpforms-first wpforms-one-half\"><input type=\"text\" id=\"wpforms-6429-field_0\" class=\"wpforms-field-name-first wpforms-field-required\" name=\"wpforms[fields][0][first]\" required><label for=\"wpforms-6429-field_0\" class=\"wpforms-field-sublabel after wpforms-sublabel-hide\">First<\/label><\/div><div class=\"wpforms-field-row-block wpforms-one-half\"><input type=\"text\" id=\"wpforms-6429-field_0-last\" class=\"wpforms-field-name-last wpforms-field-required\" name=\"wpforms[fields][0][last]\" required><label for=\"wpforms-6429-field_0-last\" class=\"wpforms-field-sublabel after wpforms-sublabel-hide\">Last<\/label><\/div><\/div><\/div><div id=\"wpforms-6429-field_1-container\" class=\"wpforms-field wpforms-field-email\" data-field-id=\"1\"><label class=\"wpforms-field-label\" for=\"wpforms-6429-field_1\">E-mail <span class=\"wpforms-required-label\">*<\/span><\/label><input type=\"email\" id=\"wpforms-6429-field_1\" class=\"wpforms-field-medium wpforms-field-required\" name=\"wpforms[fields][1]\" spellcheck=\"false\" required><\/div><div id=\"wpforms-6429-field_4-container\" class=\"wpforms-field wpforms-field-text\" data-field-id=\"4\"><label class=\"wpforms-field-label\" for=\"wpforms-6429-field_4\">Phone <span class=\"wpforms-required-label\">*<\/span><\/label><input type=\"text\" id=\"wpforms-6429-field_4\" class=\"wpforms-field-medium wpforms-field-required\" name=\"wpforms[fields][4]\" required><\/div><div id=\"wpforms-6429-field_5-container\" class=\"wpforms-field wpforms-field-text\" data-field-id=\"5\"><label class=\"wpforms-field-label\" for=\"wpforms-6429-field_5\">Subject <span class=\"wpforms-required-label\">*<\/span><\/label><input type=\"text\" id=\"wpforms-6429-field_5\" class=\"wpforms-field-medium wpforms-field-required\" name=\"wpforms[fields][5]\" required><\/div><div id=\"wpforms-6429-field_2-container\" class=\"wpforms-field wpforms-field-textarea\" data-field-id=\"2\"><label class=\"wpforms-field-label\" for=\"wpforms-6429-field_2\">Your project \/ Your needs <span class=\"wpforms-required-label\">*<\/span><\/label><textarea id=\"wpforms-6429-field_2\" class=\"wpforms-field-medium wpforms-field-required\" name=\"wpforms[fields][2]\" required><\/textarea><\/div><\/div><!-- .wpforms-field-container --><div class=\"wpforms-field wpforms-field-hp\"><label for=\"wpforms-6429-field-hp\" class=\"wpforms-field-label\">Name<\/label><input type=\"text\" name=\"wpforms[hp]\" id=\"wpforms-6429-field-hp\" class=\"wpforms-field-medium\"><\/div><div class=\"wpforms-submit-container\" ><input type=\"hidden\" name=\"wpforms[id]\" value=\"6429\"><input type=\"hidden\" name=\"page_title\" value=\"\"><input type=\"hidden\" name=\"page_url\" value=\"https:\/\/essencial-portugal.com\/de\/wp-json\/wp\/v2\/pages\/6209\"><input type=\"hidden\" name=\"url_referer\" value=\"\"><button type=\"submit\" name=\"wpforms[submit]\" id=\"wpforms-submit-6429\" class=\"wpforms-submit\" data-alt-text=\"Sending...\" data-submit-text=\"Send\" aria-live=\"assertive\" value=\"wpforms-submit\">Send<\/button><\/div><\/form><\/div>  <!-- .wpforms-container --><\/p>\n<blockquote><p>Mit der Best\u00e4tigung dieses Formulars erm\u00e4chtigen Sie mich, Ihre Anfrage an eine englischsprachige Fachkraft zu \u00fcbermitteln, die in Portugal ans\u00e4ssig und qualifiziert ist, Sie bei Ihrem Projekt zu begleiten. Nichts ist automatisiert, es handelt sich um Fachleute mit Sitz in Lissabon, die ich pers\u00f6nlich kenne und die Sie so bald wie m\u00f6glich f\u00fcr einen ersten Austausch kontaktieren werden.<\/p>\n<p>Essencial Portugal ist eine Website, die Einzelpersonen\/Unternehmen mit vertrauensw\u00fcrdigen, zertifizierten Fachleuten in Portugal zusammenbringt, um Projekte im Land durchzuf\u00fchren. Nur diese zertifizierten und zugelassenen Fachleute sind in der Lage, Sie zu informieren, diese Dienstleistungen anzubieten und in Rechnung zu stellen.<\/p><\/blockquote>\n","protected":false},"excerpt":{"rendered":"<p>&nbsp; Immer mehr Familien, Unternehmen und Investoren wenden sich an Essencial Portugal, um bei ihrem Auswanderungsprojekt unterst\u00fctzt zu werden. Diese Menschen sind auf der Suche nach Immobilien, Unternehmen, Grundst\u00fccken, Industrie oder Investitionsm\u00f6glichkeiten in Portugal. Viele von ihnen recherchieren zun\u00e4chst auf eigene Faust, aber das kann in Portugal verschiedene Risiken und Probleme mit sich bringen, die [&hellip;]<\/p>\n","protected":false},"author":1,"featured_media":0,"parent":0,"menu_order":0,"comment_status":"closed","ping_status":"closed","template":"","meta":{"om_disable_all_campaigns":false,"_monsterinsights_skip_tracking":false,"_monsterinsights_sitenote_active":false,"_monsterinsights_sitenote_note":"","_monsterinsights_sitenote_category":0,"_uf_show_specific_survey":0,"_uf_disable_surveys":false,"site-sidebar-layout":"default","site-content-layout":"default","ast-site-content-layout":"default","site-content-style":"default","site-sidebar-style":"default","ast-global-header-display":"","ast-banner-title-visibility":"","ast-main-header-display":"","ast-hfb-above-header-display":"","ast-hfb-below-header-display":"","ast-hfb-mobile-header-display":"","site-post-title":"","ast-breadcrumbs-content":"","ast-featured-img":"","footer-sml-layout":"","ast-disable-related-posts":"","theme-transparent-header-meta":"default","adv-header-id-meta":"","stick-header-meta":"","header-above-stick-meta":"","header-main-stick-meta":"","header-below-stick-meta":"","astra-migrate-meta-layouts":"default","ast-page-background-enabled":"default","ast-page-background-meta":{"desktop":{"background-color":"","background-image":"","background-repeat":"repeat","background-position":"center center","background-size":"auto","background-attachment":"scroll","background-type":"","background-media":"","overlay-type":"","overlay-color":"","overlay-opacity":"","overlay-gradient":""},"tablet":{"background-color":"","background-image":"","background-repeat":"repeat","background-position":"center center","background-size":"auto","background-attachment":"scroll","background-type":"","background-media":"","overlay-type":"","overlay-color":"","overlay-opacity":"","overlay-gradient":""},"mobile":{"background-color":"","background-image":"","background-repeat":"repeat","background-position":"center center","background-size":"auto","background-attachment":"scroll","background-type":"","background-media":"","overlay-type":"","overlay-color":"","overlay-opacity":"","overlay-gradient":""}},"ast-content-background-meta":{"desktop":{"background-color":"var(--ast-global-color-5)","background-image":"","background-repeat":"repeat","background-position":"center center","background-size":"auto","background-attachment":"scroll","background-type":"","background-media":"","overlay-type":"","overlay-color":"","overlay-opacity":"","overlay-gradient":""},"tablet":{"background-color":"var(--ast-global-color-5)","background-image":"","background-repeat":"repeat","background-position":"center center","background-size":"auto","background-attachment":"scroll","background-type":"","background-media":"","overlay-type":"","overlay-color":"","overlay-opacity":"","overlay-gradient":""},"mobile":{"background-color":"var(--ast-global-color-5)","background-image":"","background-repeat":"repeat","background-position":"center center","background-size":"auto","background-attachment":"scroll","background-type":"","background-media":"","overlay-type":"","overlay-color":"","overlay-opacity":"","overlay-gradient":""}},"footnotes":""},"class_list":["post-6209","page","type-page","status-publish","hentry"],"aioseo_notices":[],"_links":{"self":[{"href":"https:\/\/essencial-portugal.com\/de\/wp-json\/wp\/v2\/pages\/6209","targetHints":{"allow":["GET"]}}],"collection":[{"href":"https:\/\/essencial-portugal.com\/de\/wp-json\/wp\/v2\/pages"}],"about":[{"href":"https:\/\/essencial-portugal.com\/de\/wp-json\/wp\/v2\/types\/page"}],"author":[{"embeddable":true,"href":"https:\/\/essencial-portugal.com\/de\/wp-json\/wp\/v2\/users\/1"}],"replies":[{"embeddable":true,"href":"https:\/\/essencial-portugal.com\/de\/wp-json\/wp\/v2\/comments?post=6209"}],"version-history":[{"count":0,"href":"https:\/\/essencial-portugal.com\/de\/wp-json\/wp\/v2\/pages\/6209\/revisions"}],"wp:attachment":[{"href":"https:\/\/essencial-portugal.com\/de\/wp-json\/wp\/v2\/media?parent=6209"}],"curies":[{"name":"wp","href":"https:\/\/api.w.org\/{rel}","templated":true}]}}