{"id":6523,"date":"2022-05-16T15:15:34","date_gmt":"2022-05-16T15:15:34","guid":{"rendered":"https:\/\/essencial-portugal.com\/de\/?page_id=6523"},"modified":"2023-02-13T18:17:22","modified_gmt":"2023-02-13T18:17:22","slug":"kunstgalerie-portugal","status":"publish","type":"page","link":"https:\/\/essencial-portugal.com\/de\/kunstgalerie-portugal\/","title":{"rendered":"Kunstgalerie Portugal"},"content":{"rendered":"\t\t<div data-elementor-type=\"wp-page\" data-elementor-id=\"6523\" class=\"elementor elementor-6523\" data-elementor-post-type=\"page\">\n\t\t\t\t\t\t<section class=\"elementor-section elementor-top-section elementor-element elementor-element-509838f5 elementor-section-height-min-height elementor-section-full_width elementor-section-height-default elementor-section-items-middle\" data-id=\"509838f5\" data-element_type=\"section\" data-e-type=\"section\" data-settings=\"{&quot;background_background&quot;:&quot;classic&quot;}\">\n\t\t\t\t\t\t\t<div class=\"elementor-background-overlay\"><\/div>\n\t\t\t\t\t\t\t<div class=\"elementor-container elementor-column-gap-default\">\n\t\t\t\t\t<div class=\"elementor-column elementor-col-100 elementor-top-column elementor-element elementor-element-48b8974e\" data-id=\"48b8974e\" data-element_type=\"column\" data-e-type=\"column\">\n\t\t\t<div class=\"elementor-widget-wrap\">\n\t\t\t\t\t\t\t<\/div>\n\t\t<\/div>\n\t\t\t\t\t<\/div>\n\t\t<\/section>\n\t\t\t\t<section class=\"elementor-section elementor-top-section elementor-element elementor-element-72cfd318 elementor-section-full_width elementor-section-height-default elementor-section-height-default\" data-id=\"72cfd318\" data-element_type=\"section\" data-e-type=\"section\">\n\t\t\t\t\t\t<div class=\"elementor-container elementor-column-gap-default\">\n\t\t\t\t\t<div class=\"elementor-column elementor-col-100 elementor-top-column elementor-element elementor-element-48465fef\" data-id=\"48465fef\" data-element_type=\"column\" data-e-type=\"column\">\n\t\t\t<div class=\"elementor-widget-wrap elementor-element-populated\">\n\t\t\t\t\t\t<div class=\"elementor-element elementor-element-66170727 elementor-widget elementor-widget-text-editor\" data-id=\"66170727\" data-element_type=\"widget\" data-e-type=\"widget\" data-widget_type=\"text-editor.default\">\n\t\t\t\t<div class=\"elementor-widget-container\">\n\t\t\t\t\t\t\t\t\t<p style=\"text-align: left;\">Portugal ist ein Land, das reich an Geschichte und Kultur ist, und seine Kunstgalerien sind ein perfektes Spiegelbild davon. \u00dcber Jahrhunderte hinweg haben portugiesische K\u00fcnstler atemberaubende Werke geschaffen, die von Malerei \u00fcber Skulpturen bis hin zu Drucken reichen. Heute werden diese Werke in Kunstgalerien im ganzen Land ausgestellt und bieten den Besuchern die M\u00f6glichkeit, die Kreativit\u00e4t und Fantasie der portugiesischen Kunst zu entdecken.<\/p><p style=\"text-align: left;\">In diesem Artikel werden wir die ber\u00fchmtesten und einflussreichsten Kunstgalerien in Portugal und die Werke, die sie auszeichnen, erkunden. Sie werden nicht nur den Reichtum der portugiesischen Kunst kennen lernen, sondern auch erfahren, wie Kunstgalerien den Tourismus und die Kulturindustrie des Landes f\u00f6rdern k\u00f6nnen.<\/p>\t\t\t\t\t\t\t\t<\/div>\n\t\t\t\t<\/div>\n\t\t\t\t<div class=\"elementor-element elementor-element-a06aca6 elementor-widget elementor-widget-heading\" data-id=\"a06aca6\" data-element_type=\"widget\" data-e-type=\"widget\" data-widget_type=\"heading.default\">\n\t\t\t\t<div class=\"elementor-widget-container\">\n\t\t\t\t\t<h2 class=\"elementor-heading-title elementor-size-default\">Kunstgalerien in Lissabon<\/h2>\t\t\t\t<\/div>\n\t\t\t\t<\/div>\n\t\t\t\t<div class=\"elementor-element elementor-element-cfc31b8 elementor-widget elementor-widget-text-editor\" data-id=\"cfc31b8\" data-element_type=\"widget\" data-e-type=\"widget\" data-widget_type=\"text-editor.default\">\n\t\t\t\t<div class=\"elementor-widget-container\">\n\t\t\t\t\t\t\t\t\t<p style=\"text-align: left;\">Lissabon ist eine pulsierende Stadt, in der es viele renommierte Kunstgalerien gibt, jede mit ihrer eigenen Geschichte und ihrer eigenen Vision. Wenn Sie ein Kunstliebhaber sind, der auf der Suche nach Entdeckungen ist, dann ist Lissabon das perfekte Reiseziel f\u00fcr Sie. Im Folgenden finden Sie die wichtigsten Galerien der Stadt, die Sie unbedingt besuchen sollten.<\/p><p style=\"text-align: left;\"><strong>Galerie Cordoaria Nacional<\/strong>: Die Galerie befindet sich im Stadtteil Alc\u00e2ntara und ist eine ehemalige Seilfabrik, die in eine Galerie f\u00fcr zeitgen\u00f6ssische Kunst umgewandelt wurde. Hier k\u00f6nnen Sie sowohl Ausstellungen von lokalen als auch von internationalen K\u00fcnstlern sehen.<\/p><ul style=\"text-align: left;\"><li>Adresse: Av. da \u00cdndia, 1300-598 Lisboa.<\/li><li>\u00d6ffnungszeiten: Montag bis Freitag von 10:00 bis 13:00 Uhr und von 14:00 bis 18:00 Uhr.<\/li><li>Telefon: +351 213637635<\/li><\/ul><p style=\"text-align: left;\"><strong>Galerie des Instituto de Arte Contempor\u00e2nea<\/strong>: Diese Galerie ist ein Raum, der der zeitgen\u00f6ssischen portugiesischen und internationalen Kunst gewidmet ist. Hier finden regelm\u00e4\u00dfig Ausstellungen von Gem\u00e4lden, Skulpturen, Installationen und anderen Kunstformen statt.<\/p><ul style=\"text-align: left;\"><li>Adresse: R. Serpa Pinto 4, 1200-444 Lisboa<\/li><li>\u00d6ffnungszeiten: Dienstag bis Freitag, 10:00-13:00 Uhr und 14:00-18:00 Uhr.<\/li><li>Telefon: +351 213432148<\/li><\/ul><p style=\"text-align: left;\"><strong>Galerie de Arte Moderna de Lisboa<\/strong>: Diese Galerie f\u00fcr moderne Kunst befindet sich im Stadtteil Alc\u00e2ntara und beherbergt wechselnde Ausstellungen zeitgen\u00f6ssischer Kunst. Au\u00dferdem bietet sie Bildungsprogramme f\u00fcr Kinder und Jugendliche an, um ihnen die Kunst auf spielerische Weise n\u00e4her zu bringen.<\/p><ul style=\"text-align: left;\"><li>Adresse: R. Joly Braga Santos F, 1600-123 Lisboa.<\/li><li>\u00d6ffnungszeiten: Montag bis Samstag von 10:00 bis 19:30 Uhr.<\/li><li>Telefon: +351 217261831<\/li><\/ul><p style=\"text-align: left;\"><strong>Galerie de Arte do Funda\u00e7\u00e3o EDP<\/strong>: Diese Galerie im Stadtteil Belem beherbergt Ausstellungen zeitgen\u00f6ssischer portugiesischer und internationaler Kunst. Au\u00dferdem bietet sie Workshops f\u00fcr Kinder und Erwachsene an, um ihnen zu helfen, ihre Kreativit\u00e4t zu entdecken.<\/p><ul style=\"text-align: left;\"><li>Adresse: Tejo Power Station, Av. Bras\u00edlia, 1300-598 Lisboa.<\/li><li>\u00d6ffnungszeiten: Mittwoch bis Montag, 11.00 bis 19.00 Uhr.<\/li><li>Telefon: +351 210028130<\/li><\/ul><p style=\"text-align: left;\">Zusammenfassend l\u00e4sst sich sagen, dass Lissabon eine Stadt ist, die Kunstliebhabern eine reiche kulturelle Erfahrung bietet. Es gibt eine Galerie f\u00fcr jeden Geschmack und jedes Budget, von zeitgen\u00f6ssischer bis hin zu moderner Kunst. Vergessen Sie nicht, bei Ihrem n\u00e4chsten Besuch in Lissabon ein wenig Zeit f\u00fcr die Erkundung dieser unglaublichen Galerien aufzuwenden.<\/p>\t\t\t\t\t\t\t\t<\/div>\n\t\t\t\t<\/div>\n\t\t\t\t<div class=\"elementor-element elementor-element-4f06793 elementor-widget elementor-widget-heading\" data-id=\"4f06793\" data-element_type=\"widget\" data-e-type=\"widget\" data-widget_type=\"heading.default\">\n\t\t\t\t<div class=\"elementor-widget-container\">\n\t\t\t\t\t<h2 class=\"elementor-heading-title elementor-size-default\">Kunstgalerien in Porto<\/h2>\t\t\t\t<\/div>\n\t\t\t\t<\/div>\n\t\t\t\t<div class=\"elementor-element elementor-element-244f51d elementor-widget elementor-widget-text-editor\" data-id=\"244f51d\" data-element_type=\"widget\" data-e-type=\"widget\" data-widget_type=\"text-editor.default\">\n\t\t\t\t<div class=\"elementor-widget-container\">\n\t\t\t\t\t\t\t\t\t<p style=\"text-align: left;\">Porto ist eine bezaubernde Stadt an den Ufern des Douro, die voller Geschichte und Kultur steckt. Die Stadt ist auch f\u00fcr ihre renommierten Kunstgalerien bekannt, die jedes Jahr viele Besucher anziehen. Wenn Sie ein Kunstliebhaber auf der Suche nach neuen Entdeckungen sind, ist Porto das ideale Reiseziel f\u00fcr Sie. Entdecken Sie im Folgenden die unumg\u00e4nglichsten Galerien der Stadt.<\/p><p style=\"text-align: left;\"><strong>Galerie de Arte Contempor\u00e2nea de Porto<\/strong>: Diese Galerie f\u00fcr zeitgen\u00f6ssische Kunst befindet sich im Stadtzentrum von Porto und ist ein Ort, der sich der F\u00f6rderung moderner portugiesischer und internationaler Kunst widmet. Sie zeigt regelm\u00e4\u00dfig Ausstellungen mit Gem\u00e4lden, Skulpturen und Drucken von talentierten K\u00fcnstlern.<\/p><ul><li style=\"text-align: left;\">Adresse: Rua de Miguel Bombarda 221, 4050-381 Porto.<\/li><li style=\"text-align: left;\">\u00d6ffnungszeiten: Dienstag bis Samstag von 11:00 bis 14:00 Uhr und von 14:30 bis 19:00 Uhr.<\/li><\/ul><p style=\"text-align: left;\"><strong>Galerie de Arte do Centro Cultural de Belomonte<\/strong>: Diese Galerie beherbergt wechselnde Ausstellungen zeitgen\u00f6ssischer Kunst und bietet Bildungsprogramme f\u00fcr Kinder und Jugendliche an, um ihnen Kunst auf spielerische Weise n\u00e4her zu bringen.<\/p><ul><li style=\"text-align: left;\">Adresse: Jardins do Pal\u00e1cio de Cristal, R. de Dom Manuel II, 4050-239 Porto.<\/li><li style=\"text-align: left;\">\u00d6ffnungszeiten: Dienstag bis Sonntag, 10:00 bis 18:00 Uhr.<\/li><li style=\"text-align: left;\">Telefon: +351 225073305<\/li><\/ul><p style=\"text-align: left;\"><strong>Galerie de Arte do Funda\u00e7\u00e3o de Serralves<\/strong>: Diese Galerie f\u00fcr moderne Kunst befindet sich im Stadtteil Boavista und ist eine ehemalige Luxusvilla, die in eine Kunstgalerie umgewandelt wurde. Sie beherbergt wechselnde Ausstellungen zeitgen\u00f6ssischer Kunst sowie Werke internationaler K\u00fcnstler.<\/p><ul><li style=\"text-align: left;\">Adresse: R. Dom Jo\u00e3o de Castro 210, 4150-417 Porto.<\/li><li style=\"text-align: left;\">\u00d6ffnungszeiten: Montag bis Freitag von 10:00 bis 18:00 Uhr und am Wochenende von 10:00 bis 19:00 Uhr.<\/li><li style=\"text-align: left;\">Telefon: +351 226156500<\/li><\/ul><p style=\"text-align: left;\">Fazit: Porto ist eine Stadt, die Kunstliebhabern ein unvergessliches kulturelles Erlebnis bietet. Es gibt eine Galerie f\u00fcr jeden Geschmack und jedes Budget, von zeitgen\u00f6ssischer bis hin zu moderner Kunst. Vergessen Sie nicht, sich bei Ihrem n\u00e4chsten Besuch in Porto etwas Zeit f\u00fcr die Erkundung dieser unglaublichen Galerien zu nehmen.<\/p>\t\t\t\t\t\t\t\t<\/div>\n\t\t\t\t<\/div>\n\t\t\t\t\t<\/div>\n\t\t<\/div>\n\t\t\t\t\t<\/div>\n\t\t<\/section>\n\t\t\t\t<\/div>\n\t\t","protected":false},"excerpt":{"rendered":"<p>Portugal ist ein Land, das reich an Geschichte und Kultur ist, und seine Kunstgalerien sind ein perfektes Spiegelbild davon. \u00dcber Jahrhunderte hinweg haben portugiesische K\u00fcnstler atemberaubende Werke geschaffen, die von Malerei \u00fcber Skulpturen bis hin zu Drucken reichen. Heute werden diese Werke in Kunstgalerien im ganzen Land ausgestellt und bieten den Besuchern die M\u00f6glichkeit, die [&hellip;]<\/p>\n","protected":false},"author":1,"featured_media":6525,"parent":0,"menu_order":0,"comment_status":"closed","ping_status":"closed","template":"","meta":{"om_disable_all_campaigns":false,"_monsterinsights_skip_tracking":false,"_monsterinsights_sitenote_active":false,"_monsterinsights_sitenote_note":"","_monsterinsights_sitenote_category":0,"_uf_show_specific_survey":0,"_uf_disable_surveys":false,"site-sidebar-layout":"no-sidebar","site-content-layout":"page-builder","ast-site-content-layout":"default","site-content-style":"default","site-sidebar-style":"default","ast-global-header-display":"","ast-banner-title-visibility":"","ast-main-header-display":"","ast-hfb-above-header-display":"","ast-hfb-below-header-display":"","ast-hfb-mobile-header-display":"","site-post-title":"disabled","ast-breadcrumbs-content":"","ast-featured-img":"disabled","footer-sml-layout":"","ast-disable-related-posts":"","theme-transparent-header-meta":"default","adv-header-id-meta":"","stick-header-meta":"","header-above-stick-meta":"","header-main-stick-meta":"","header-below-stick-meta":"","astra-migrate-meta-layouts":"default","ast-page-background-enabled":"default","ast-page-background-meta":{"desktop":{"background-color":"","background-image":"","background-repeat":"repeat","background-position":"center center","background-size":"auto","background-attachment":"scroll","background-type":"","background-media":"","overlay-type":"","overlay-color":"","overlay-opacity":"","overlay-gradient":""},"tablet":{"background-color":"","background-image":"","background-repeat":"repeat","background-position":"center center","background-size":"auto","background-attachment":"scroll","background-type":"","background-media":"","overlay-type":"","overlay-color":"","overlay-opacity":"","overlay-gradient":""},"mobile":{"background-color":"","background-image":"","background-repeat":"repeat","background-position":"center center","background-size":"auto","background-attachment":"scroll","background-type":"","background-media":"","overlay-type":"","overlay-color":"","overlay-opacity":"","overlay-gradient":""}},"ast-content-background-meta":{"desktop":{"background-color":"var(--ast-global-color-5)","background-image":"","background-repeat":"repeat","background-position":"center center","background-size":"auto","background-attachment":"scroll","background-type":"","background-media":"","overlay-type":"","overlay-color":"","overlay-opacity":"","overlay-gradient":""},"tablet":{"background-color":"var(--ast-global-color-5)","background-image":"","background-repeat":"repeat","background-position":"center center","background-size":"auto","background-attachment":"scroll","background-type":"","background-media":"","overlay-type":"","overlay-color":"","overlay-opacity":"","overlay-gradient":""},"mobile":{"background-color":"var(--ast-global-color-5)","background-image":"","background-repeat":"repeat","background-position":"center center","background-size":"auto","background-attachment":"scroll","background-type":"","background-media":"","overlay-type":"","overlay-color":"","overlay-opacity":"","overlay-gradient":""}},"footnotes":""},"class_list":["post-6523","page","type-page","status-publish","has-post-thumbnail","hentry"],"aioseo_notices":[],"_links":{"self":[{"href":"https:\/\/essencial-portugal.com\/de\/wp-json\/wp\/v2\/pages\/6523","targetHints":{"allow":["GET"]}}],"collection":[{"href":"https:\/\/essencial-portugal.com\/de\/wp-json\/wp\/v2\/pages"}],"about":[{"href":"https:\/\/essencial-portugal.com\/de\/wp-json\/wp\/v2\/types\/page"}],"author":[{"embeddable":true,"href":"https:\/\/essencial-portugal.com\/de\/wp-json\/wp\/v2\/users\/1"}],"replies":[{"embeddable":true,"href":"https:\/\/essencial-portugal.com\/de\/wp-json\/wp\/v2\/comments?post=6523"}],"version-history":[{"count":0,"href":"https:\/\/essencial-portugal.com\/de\/wp-json\/wp\/v2\/pages\/6523\/revisions"}],"wp:featuredmedia":[{"embeddable":true,"href":"https:\/\/essencial-portugal.com\/de\/wp-json\/wp\/v2\/media\/6525"}],"wp:attachment":[{"href":"https:\/\/essencial-portugal.com\/de\/wp-json\/wp\/v2\/media?parent=6523"}],"curies":[{"name":"wp","href":"https:\/\/api.w.org\/{rel}","templated":true}]}}