{"id":69,"date":"2018-03-23T14:53:40","date_gmt":"2018-03-23T14:53:40","guid":{"rendered":"https:\/\/essencial-portugal.com\/fr\/?page_id=69"},"modified":"2023-03-01T10:40:45","modified_gmt":"2023-03-01T10:40:45","slug":"bankkonto-portugal-eroffnen","status":"publish","type":"page","link":"https:\/\/essencial-portugal.com\/de\/leben-in-lissabon-und-portugal\/bankkonto-portugal-eroffnen\/","title":{"rendered":"Ein Bankkonto in Portugal er\u00f6ffnen"},"content":{"rendered":"<p><img fetchpriority=\"high\" decoding=\"async\" class=\"aligncenter wp-image-47 size-full\" src=\"https:\/\/essencial-portugal.com\/de\/wp-content\/uploads\/2018\/03\/ouvrir-un-compte-en-banque-portugal.png\" alt=\"\" width=\"306\" height=\"305\" srcset=\"https:\/\/essencial-portugal.com\/de\/wp-content\/uploads\/2018\/03\/ouvrir-un-compte-en-banque-portugal.png 306w, https:\/\/essencial-portugal.com\/de\/wp-content\/uploads\/2018\/03\/ouvrir-un-compte-en-banque-portugal-150x150.png 150w, https:\/\/essencial-portugal.com\/de\/wp-content\/uploads\/2018\/03\/ouvrir-un-compte-en-banque-portugal-300x300.png 300w\" sizes=\"(max-width: 306px) 100vw, 306px\" \/><\/p>\n<p>Die Er\u00f6ffnung eines Bankkontos in Portugal ist f\u00fcr alle zug\u00e4nglich. Unabh\u00e4ngig davon, ob Sie berufst\u00e4tig sind oder nicht, ob Sie in Portugal wohnen, im Ruhestand sind oder studieren&#8230; Aber wie bei jedem Verwaltungsverfahren in Portugal ist es besser, Portugiesisch zu verstehen oder von einem Einheimischen begleitet zu werden, um Termine wahrzunehmen, Unterschriften zu leisten oder sogar die verschiedenen M\u00f6glichkeiten zu vergleichen, die Ihnen zur Verf\u00fcgung stehen.<\/p>\n<blockquote><p>Wenn Sie w\u00e4hrend Ihrer Auswanderung nach Portugal von einer anderen Person begleitet werden m\u00f6chten, benutzen Sie bitte die Schaltfl\u00e4che unten und f\u00fcllen Sie das entsprechende Formular aus. Entsprechend Ihrer Anfrage werde ich Sie an englischsprachige Fachleute mit Sitz in Portugal weiterleiten: globale Auswanderung, Immobiliensuche, Fahrzeugregistrierung, Firmengr\u00fcndung, Buchhaltung&#8230;<\/p><\/blockquote>\n<p>&nbsp;<\/p>\n<p style=\"text-align: center;\"><a class=\"Cbutton\" href=\"#formulaire\" rel=\"noopener noreferrer\">FORMEL<\/a><\/p>\n<h2>Banken in Portugal<\/h2>\n<p>Wie in vielen europ\u00e4ischen L\u00e4ndern haben Sie die Wahl zwischen vielen Banken, die \u00e4hnliche, aber nicht identische Dienstleistungen anbieten. Die Geb\u00fchren k\u00f6nnen von einem Institut zum anderen variieren. Daher ist es am besten, wenn Sie sich vor der Er\u00f6ffnung Ihres Bankkontos in Portugal \u00fcber die Unterschiede informieren.<br \/>\nDazu gibt es zwei M\u00f6glichkeiten: Entweder Sie besuchen die Websites der portugiesischen Banken, um die wichtigsten Preise\/Dienstleistungen zu ermitteln, oder Sie lassen sich von einem Portugiesen beraten, der eine bestimmte Bank seit mehreren Jahren problemlos nutzt.<\/p>\n<p>Sie haben auch die Wahl zwischen physischen Banken und digitalen Banken, die oft schnellere und einfachere Bankgesch\u00e4fte bieten. Auch die damit verbundenen Geb\u00fchren sind in der Regel niedriger als bei physischen Banken. Sie sollten wissen, dass Sie auch dann, wenn Sie in den Gro\u00dfraum Lissabon umziehen, die M\u00f6glichkeit haben, Ihr Konto in Ihrem Heimatland zu f\u00fchren, um bestimmte Bankabhebungen oder andere Transaktionen weiterhin aus der Ferne zu t\u00e4tigen.<\/p>\n<p>Um ein paar Banken zu nennen, die der kleine smart 2017 empfiehlt, was f\u00fcr manche ein Vertrauensbeweis sein kann:<\/p>\n<ul>\n<li>Banco Popular<\/li>\n<li>BCP Millennium<\/li>\n<li>BNP Paribas<\/li>\n<li>Barclays<\/li>\n<li>Aber es gibt auch: Novo Banco, BPI, Montepio, Santander, Cr\u00e9dito Agricola, usw&#8230;<\/li>\n<\/ul>\n<p>Einige von ihnen bieten Ihnen zus\u00e4tzliche Dienstleistungen wie Verbraucherkredite, Autokredite und Versicherungen wie Haus-, Auto- oder Mobiltelefonversicherungen&#8230; Es kann zweckm\u00e4\u00dfig sein, verschiedene in Portugal durchzuf\u00fchrende Verfahren unter einer einzigen Gesellschaft zusammenzufassen.<\/p>\n<p>Eine physische Bank hat in den letzten zwei Jahren durch ihren auff\u00e4lligen Eintritt in den portugiesischen Markt von sich reden gemacht: banco CTT. Mit mehr als 55 Filialen in mehr als 18 portugiesischen Bezirken bietet sie eine starke lokale Pr\u00e4senz, l\u00e4ngere \u00d6ffnungszeiten und eine einfache Bedienung. Sie verf\u00fcgt \u00fcber eine mobile Anwendung, mit der Sie ganz einfach Beratungen durchf\u00fchren oder Bankgesch\u00e4fte t\u00e4tigen k\u00f6nnen, vor allem aber \u00fcber eine Debitkarte, die Sie bei der Er\u00f6ffnung Ihres Kontos erhalten, ohne dass daf\u00fcr Geb\u00fchren anfallen. Ihr Bankkonto und Ihre Transaktionen kosten Sie nichts, was sie zu einem starken Konkurrenten macht, der in Portugal zunehmend gesch\u00e4tzt wird. Die Er\u00f6ffnung eines Bankkontos bei CTT Banco beginnt bei 100 \u20ac.<\/p>\n<p><img decoding=\"async\" class=\"aligncenter wp-image-18\" src=\"https:\/\/essencial-portugal.com\/de\/wp-content\/uploads\/2018\/03\/compte-en-banque-CTT-portugal.jpg\" alt=\"\" width=\"678\" height=\"509\" srcset=\"https:\/\/essencial-portugal.com\/de\/wp-content\/uploads\/2018\/03\/compte-en-banque-CTT-portugal.jpg 1024w, https:\/\/essencial-portugal.com\/de\/wp-content\/uploads\/2018\/03\/compte-en-banque-CTT-portugal-300x225.jpg 300w, https:\/\/essencial-portugal.com\/de\/wp-content\/uploads\/2018\/03\/compte-en-banque-CTT-portugal-768x576.jpg 768w\" sizes=\"(max-width: 678px) 100vw, 678px\" \/><\/p>\n<h2>Wie Sie Ihr Bankkonto in Portugal er\u00f6ffnen<\/h2>\n<p>Ihr Bankkonto kann auf den Namen einer Einzelperson oder eines Unternehmens er\u00f6ffnet werden. Es ist auch m\u00f6glich, ein Gemeinschaftskonto zu er\u00f6ffnen, aber es ist am besten, dies von Anfang an zu tun, um zu vermeiden, dass Sie noch einmal zur Bank gehen m\u00fcssen, um alle Papiere zu unterschreiben, um einen weiteren Inhaber hinzuzuf\u00fcgen. Es ist \u00fcblich, 40 Minuten zu warten, bis man am Schalter erscheint.<\/p>\n<p>F\u00fcr die Er\u00f6ffnung Ihres Bankkontos in Portugal m\u00fcssen Sie verschiedene Dokumente vorlegen:<\/p>\n<ul>\n<li>einen Personalausweis oder Reisepass<\/li>\n<li>Adressnachweis (<a href=\"https:\/\/essencial-portugal.com\/de\/leben-in-lissabon-und-portugal\/wasser-gas-stromvertrage-portugal\/\" target=\"_blank\" rel=\"noopener\">Wasser-, Strom-, Gas- oder Telefonrechnung<\/a>)<\/li>\n<li>Die TIN (<a href=\"https:\/\/essencial-portugal.com\/de\/leben-in-lissabon-und-portugal\/beschaffung-tin-steueridentifikationsnummer-portugal\/\" target=\"_blank\" rel=\"noopener\">Steueridentifikationsnummer<\/a> oder Beitragsnummer), die Sie von der Finanzverwaltung (Steuern) erhalten.<\/li>\n<li>Nachweis Ihrer Situation (Arbeitsvertrag, Firmenauszug, Studentenbescheinigung oder Arbeitslosenbescheinigung des Centro de Emprego)<\/li>\n<\/ul>\n<p>Nachdem Sie Ihr portugiesisches Konto er\u00f6ffnet haben, erhalten Sie eine Zahlungskarte. In Portugal gibt es zwei Arten von Bankkarten: eine Zahlungskarte (Kreditkarte), die in Portugal sehr verbreitet ist, oder eine Abhebungskarte (Debitkarte). Je nach Bank k\u00f6nnen Sie mit Ihrer Karte online einkaufen oder nicht. Wenn Sie die Karte im Ausland verwenden m\u00f6chten, sollten Sie mit Ihrem Bankberater sprechen, um Ihre Rechte mit der vorgeschlagenen Karte zu erfahren.<\/p>\n<p>&nbsp;<\/p>\n<p><img decoding=\"async\" class=\"aligncenter wp-image-39 size-large\" src=\"https:\/\/essencial-portugal.com\/de\/wp-content\/uploads\/2018\/03\/multibanco-portugal-1024x797.jpg\" alt=\"\" width=\"600\" height=\"467\" srcset=\"https:\/\/essencial-portugal.com\/de\/wp-content\/uploads\/2018\/03\/multibanco-portugal.jpg 1024w, https:\/\/essencial-portugal.com\/de\/wp-content\/uploads\/2018\/03\/multibanco-portugal-300x233.jpg 300w, https:\/\/essencial-portugal.com\/de\/wp-content\/uploads\/2018\/03\/multibanco-portugal-768x598.jpg 768w\" sizes=\"(max-width: 600px) 100vw, 600px\" \/><\/p>\n<p id=\"formulaire\">An Geldautomaten in Portugal k\u00f6nnen Sie mehr Transaktionen durchf\u00fchren als in anderen englischsprachigen L\u00e4ndern: Sie k\u00f6nnen Ihre Rechnungen direkt bezahlen, z. B. Telefonrechnungen, verschiedene Dienstleistungen bezahlen oder \u00dcberweisungen t\u00e4tigen. Dies ist eine Alternative f\u00fcr diejenigen, die ihr Bankkonto nicht direkt von Unternehmen abbuchen lassen wollen, falls es zu einem Fehler bei der Abrechnung kommt. Die portugiesischen Geldautomaten hei\u00dfen Multibanco und sind in ganz Lissabon und im Rest des Landes zu finden.<\/p>\n<h2>Englischsprachige Unterst\u00fctzung bei der Auswanderung in Portugal<\/h2>\n<p>&nbsp;<\/p>\n<p style=\"text-align: center;\"><div class=\"wpforms-container wpforms-container-full\" id=\"wpforms-5170\"><form id=\"wpforms-form-5170\" class=\"wpforms-validate wpforms-form\" data-formid=\"5170\" method=\"post\" enctype=\"multipart\/form-data\" action=\"\/de\/wp-json\/wp\/v2\/pages\/69\" data-token=\"25259f54247a0e9ad3de81acffab6a5c\" data-token-time=\"1776648884\"><noscript class=\"wpforms-error-noscript\">Please enable JavaScript in your browser to complete this form.<\/noscript><div class=\"wpforms-field-container\"><div id=\"wpforms-5170-field_0-container\" class=\"wpforms-field wpforms-field-name\" data-field-id=\"0\"><label class=\"wpforms-field-label\" for=\"wpforms-5170-field_0\">Name <span class=\"wpforms-required-label\">*<\/span><\/label><div class=\"wpforms-field-row wpforms-field-medium\"><div class=\"wpforms-field-row-block wpforms-first wpforms-one-half\"><input type=\"text\" id=\"wpforms-5170-field_0\" class=\"wpforms-field-name-first wpforms-field-required\" name=\"wpforms[fields][0][first]\" required><label for=\"wpforms-5170-field_0\" class=\"wpforms-field-sublabel after wpforms-sublabel-hide\">First<\/label><\/div><div class=\"wpforms-field-row-block wpforms-one-half\"><input type=\"text\" id=\"wpforms-5170-field_0-last\" class=\"wpforms-field-name-last wpforms-field-required\" name=\"wpforms[fields][0][last]\" required><label for=\"wpforms-5170-field_0-last\" class=\"wpforms-field-sublabel after wpforms-sublabel-hide\">Last<\/label><\/div><\/div><\/div><div id=\"wpforms-5170-field_1-container\" class=\"wpforms-field wpforms-field-email\" data-field-id=\"1\"><label class=\"wpforms-field-label\" for=\"wpforms-5170-field_1\">E-mail <span class=\"wpforms-required-label\">*<\/span><\/label><input type=\"email\" id=\"wpforms-5170-field_1\" class=\"wpforms-field-medium wpforms-field-required\" name=\"wpforms[fields][1]\" spellcheck=\"false\" required><\/div><div id=\"wpforms-5170-field_4-container\" class=\"wpforms-field wpforms-field-text\" data-field-id=\"4\"><label class=\"wpforms-field-label\" for=\"wpforms-5170-field_4\">Phone <span class=\"wpforms-required-label\">*<\/span><\/label><input type=\"text\" id=\"wpforms-5170-field_4\" class=\"wpforms-field-medium wpforms-field-required\" name=\"wpforms[fields][4]\" required><\/div><div id=\"wpforms-5170-field_5-container\" class=\"wpforms-field wpforms-field-text\" data-field-id=\"5\"><label class=\"wpforms-field-label\" for=\"wpforms-5170-field_5\">Subject <span class=\"wpforms-required-label\">*<\/span><\/label><input type=\"text\" id=\"wpforms-5170-field_5\" class=\"wpforms-field-medium wpforms-field-required\" name=\"wpforms[fields][5]\" required><\/div><div id=\"wpforms-5170-field_2-container\" class=\"wpforms-field wpforms-field-textarea\" data-field-id=\"2\"><label class=\"wpforms-field-label\" for=\"wpforms-5170-field_2\">Your project \/ Your needs <span class=\"wpforms-required-label\">*<\/span><\/label><textarea id=\"wpforms-5170-field_2\" class=\"wpforms-field-medium wpforms-field-required\" name=\"wpforms[fields][2]\" required><\/textarea><\/div><\/div><!-- .wpforms-field-container --><div class=\"wpforms-field wpforms-field-hp\"><label for=\"wpforms-5170-field-hp\" class=\"wpforms-field-label\">Name<\/label><input type=\"text\" name=\"wpforms[hp]\" id=\"wpforms-5170-field-hp\" class=\"wpforms-field-medium\"><\/div><div class=\"wpforms-submit-container\" ><input type=\"hidden\" name=\"wpforms[id]\" value=\"5170\"><input type=\"hidden\" name=\"page_title\" value=\"\"><input type=\"hidden\" name=\"page_url\" value=\"https:\/\/essencial-portugal.com\/de\/wp-json\/wp\/v2\/pages\/69\"><input type=\"hidden\" name=\"url_referer\" value=\"\"><button type=\"submit\" name=\"wpforms[submit]\" id=\"wpforms-submit-5170\" class=\"wpforms-submit\" data-alt-text=\"Sending...\" data-submit-text=\"Send\" aria-live=\"assertive\" value=\"wpforms-submit\">Send<\/button><\/div><\/form><\/div>  <!-- .wpforms-container --><\/p>\n<blockquote>\n<p style=\"text-align: center;\">Mit der Best\u00e4tigung des Kontaktformulars erm\u00e4chtigen Sie mich, Ihre Anfrage an eine englischsprachige Person weiterzuleiten, die sich direkt mit Ihnen in Verbindung setzen kann. Diese Person ist ein Profi, der bezahlte Dienstleistungen anbietet, deren Preis je nach Ihren W\u00fcnschen, Bed\u00fcrfnissen und Projekten variiert. Nichts ist automatisiert: es handelt sich um Personen, die ich kenne, die in Lissabon ans\u00e4ssig sind und die qualifiziert sind, Sie bei Ihrem Ansatz und Ihrem Projekt zu begleiten.<\/p>\n<\/blockquote>\n","protected":false},"excerpt":{"rendered":"<p>Die Er\u00f6ffnung eines Bankkontos in Portugal ist f\u00fcr alle zug\u00e4nglich. Unabh\u00e4ngig davon, ob Sie berufst\u00e4tig sind oder nicht, ob Sie in Portugal wohnen, im Ruhestand sind oder studieren&#8230; Aber wie bei jedem Verwaltungsverfahren in Portugal ist es besser, Portugiesisch zu verstehen oder von einem Einheimischen begleitet zu werden, um Termine wahrzunehmen, Unterschriften zu leisten oder [&hellip;]<\/p>\n","protected":false},"author":1,"featured_media":47,"parent":67,"menu_order":0,"comment_status":"closed","ping_status":"closed","template":"","meta":{"om_disable_all_campaigns":false,"_monsterinsights_skip_tracking":false,"_monsterinsights_sitenote_active":false,"_monsterinsights_sitenote_note":"","_monsterinsights_sitenote_category":0,"_uf_show_specific_survey":0,"_uf_disable_surveys":false,"site-sidebar-layout":"default","site-content-layout":"default","ast-site-content-layout":"default","site-content-style":"default","site-sidebar-style":"default","ast-global-header-display":"","ast-banner-title-visibility":"","ast-main-header-display":"","ast-hfb-above-header-display":"","ast-hfb-below-header-display":"","ast-hfb-mobile-header-display":"","site-post-title":"","ast-breadcrumbs-content":"","ast-featured-img":"","footer-sml-layout":"","ast-disable-related-posts":"","theme-transparent-header-meta":"default","adv-header-id-meta":"","stick-header-meta":"","header-above-stick-meta":"","header-main-stick-meta":"","header-below-stick-meta":"","astra-migrate-meta-layouts":"default","ast-page-background-enabled":"default","ast-page-background-meta":{"desktop":{"background-color":"","background-image":"","background-repeat":"repeat","background-position":"center center","background-size":"auto","background-attachment":"scroll","background-type":"","background-media":"","overlay-type":"","overlay-color":"","overlay-opacity":"","overlay-gradient":""},"tablet":{"background-color":"","background-image":"","background-repeat":"repeat","background-position":"center center","background-size":"auto","background-attachment":"scroll","background-type":"","background-media":"","overlay-type":"","overlay-color":"","overlay-opacity":"","overlay-gradient":""},"mobile":{"background-color":"","background-image":"","background-repeat":"repeat","background-position":"center center","background-size":"auto","background-attachment":"scroll","background-type":"","background-media":"","overlay-type":"","overlay-color":"","overlay-opacity":"","overlay-gradient":""}},"ast-content-background-meta":{"desktop":{"background-color":"var(--ast-global-color-5)","background-image":"","background-repeat":"repeat","background-position":"center center","background-size":"auto","background-attachment":"scroll","background-type":"","background-media":"","overlay-type":"","overlay-color":"","overlay-opacity":"","overlay-gradient":""},"tablet":{"background-color":"var(--ast-global-color-5)","background-image":"","background-repeat":"repeat","background-position":"center center","background-size":"auto","background-attachment":"scroll","background-type":"","background-media":"","overlay-type":"","overlay-color":"","overlay-opacity":"","overlay-gradient":""},"mobile":{"background-color":"var(--ast-global-color-5)","background-image":"","background-repeat":"repeat","background-position":"center center","background-size":"auto","background-attachment":"scroll","background-type":"","background-media":"","overlay-type":"","overlay-color":"","overlay-opacity":"","overlay-gradient":""}},"footnotes":""},"class_list":["post-69","page","type-page","status-publish","has-post-thumbnail","hentry"],"aioseo_notices":[],"_links":{"self":[{"href":"https:\/\/essencial-portugal.com\/de\/wp-json\/wp\/v2\/pages\/69","targetHints":{"allow":["GET"]}}],"collection":[{"href":"https:\/\/essencial-portugal.com\/de\/wp-json\/wp\/v2\/pages"}],"about":[{"href":"https:\/\/essencial-portugal.com\/de\/wp-json\/wp\/v2\/types\/page"}],"author":[{"embeddable":true,"href":"https:\/\/essencial-portugal.com\/de\/wp-json\/wp\/v2\/users\/1"}],"replies":[{"embeddable":true,"href":"https:\/\/essencial-portugal.com\/de\/wp-json\/wp\/v2\/comments?post=69"}],"version-history":[{"count":0,"href":"https:\/\/essencial-portugal.com\/de\/wp-json\/wp\/v2\/pages\/69\/revisions"}],"up":[{"embeddable":true,"href":"https:\/\/essencial-portugal.com\/de\/wp-json\/wp\/v2\/pages\/67"}],"wp:featuredmedia":[{"embeddable":true,"href":"https:\/\/essencial-portugal.com\/de\/wp-json\/wp\/v2\/media\/47"}],"wp:attachment":[{"href":"https:\/\/essencial-portugal.com\/de\/wp-json\/wp\/v2\/media?parent=69"}],"curies":[{"name":"wp","href":"https:\/\/api.w.org\/{rel}","templated":true}]}}