{"id":71,"date":"2018-03-23T15:54:57","date_gmt":"2018-03-23T15:54:57","guid":{"rendered":"https:\/\/essencial-portugal.com\/fr\/?page_id=71"},"modified":"2023-03-01T10:40:34","modified_gmt":"2023-03-01T10:40:34","slug":"portugiesische-sozialversicherung","status":"publish","type":"page","link":"https:\/\/essencial-portugal.com\/de\/leben-in-lissabon-und-portugal\/portugiesische-sozialversicherung\/","title":{"rendered":"Portugiesische Sozialversicherung"},"content":{"rendered":"<p><img fetchpriority=\"high\" decoding=\"async\" class=\"aligncenter wp-image-34 size-full\" src=\"https:\/\/essencial-portugal.com\/de\/wp-content\/uploads\/2018\/03\/inscription-securite-sociale-portugaise.jpg\" alt=\"Portuguese Social Security\" width=\"682\" height=\"362\" srcset=\"https:\/\/essencial-portugal.com\/de\/wp-content\/uploads\/2018\/03\/inscription-securite-sociale-portugaise.jpg 682w, https:\/\/essencial-portugal.com\/de\/wp-content\/uploads\/2018\/03\/inscription-securite-sociale-portugaise-300x159.jpg 300w\" sizes=\"(max-width: 682px) 100vw, 682px\" \/><\/p>\n<p>Im Gegensatz zu dem, was man denken k\u00f6nnte, ist das Gesundheitssystem in Portugal hochentwickelt, kompetent und \u00e4hnelt dem anderer europ\u00e4ischer L\u00e4nder. Das Gesundheitssystem ist zwischen dem privaten und dem \u00f6ffentlichen Sektor angesiedelt. Das \u00f6ffentliche Gesundheitssystem ist sehr effizient, wenn Sie im portugiesischen Sozialversicherungssystem, der &#8220;Seguran\u00e7a Social&#8221;, registriert sind. Allerdings m\u00fcssen Sie mit sehr langen Wartezeiten und einem Mangel an bestimmten hochspezialisierten medizinischen Fachkr\u00e4ften rechnen. Im privaten Sektor hingegen k\u00f6nnen Sie \u00fcber das Internet sehr schnell Termine vereinbaren, allerdings zu h\u00f6heren Kosten und mit der Notwendigkeit (aber nicht der Verpflichtung), in <a href=\"https:\/\/essencial-portugal.com\/de\/nachrichten-portugal\/krankenversicherungen-portugal-moglichkeiten\/\" target=\"_blank\" rel=\"noopener\">Portugal eine Versicherung auf Gegenseitigkeit<\/a> abzuschlie\u00dfen.<\/p>\n<blockquote><p>Im Falle einer Auswanderung nach Portugal wird dringend empfohlen, eine Versicherung auf Gegenseitigkeit abzuschlie\u00dfen, die es Ihnen erm\u00f6glicht, das private Gesundheitssystem schneller und effizienter zu nutzen. Nutzen Sie die Schaltfl\u00e4che unten und f\u00fcllen Sie das entsprechende Formular aus, um mit einem englischsprachigen Versicherungsmakler mit Sitz in Lissabon in Kontakt zu treten, der auf Versicherungen in Portugal spezialisiert ist und Ihnen die besten Angebote von portugiesischen Gegenseitigkeitsversicherungen mit spezialisierten Unternehmen im Land unterbreiten kann.<\/p><\/blockquote>\n<p style=\"text-align: center;\"><a class=\"maxbutton-3 maxbutton maxbutton-form\" href=\"#form\"><span class='mb-text'>KONTAKT<\/span><\/a><\/p>\n<p>Um sich bei der portugiesischen Sozialversicherung anzumelden, m\u00fcssen Sie verschiedene Dokumente vorlegen, wie z. B. :<\/p>\n<ul>\n<li>Ihre TIN (<a href=\"https:\/\/essencial-portugal.com\/de\/leben-in-lissabon-und-portugal\/beschaffung-tin-steueridentifikationsnummer-portugal\/\" target=\"_blank\" rel=\"noopener\">portugiesische Steueridentifikationsnummer<\/a>) oder Beitragszahlernummer<\/li>\n<li>Ein Ausweisdokument (Reisepass oder Personalausweis)<\/li>\n<li>Nachweis \u00fcber Ihre berufliche Situation (Arbeitnehmer, Unternehmer, Arbeitsloser, Auszubildender)&#8230;<\/li>\n<\/ul>\n<p>Bitte beachten Sie, dass die portugiesische Sozialversicherung auch f\u00fcr Sozial- und Familienhilfe zust\u00e4ndig ist. Ihre B\u00fcros befinden sich in der Regel in der N\u00e4he der Loja do Cidado, wo die meisten Verwaltungsverfahren in Portugal abgewickelt werden.<\/p>\n<p>Sie erhalten dann eine Sozialversicherungsnummer, mit der Sie sich bei einem Gesundheitszentrum in der Stadt, in der Sie wohnen, anmelden k\u00f6nnen!<\/p>\n<p><img decoding=\"async\" class=\"aligncenter wp-image-276\" src=\"https:\/\/essencial-portugal.com\/de\/wp-content\/uploads\/2018\/04\/ImageGen.jpg\" alt=\"social security\" width=\"555\" height=\"370\" \/><\/p>\n<p>Sie k\u00f6nnen dann einen Arzt in den \u00f6ffentlichen Gesundheitszentren, den so genannten &#8220;centro de saude&#8221;, aufsuchen, aber seien Sie sich bewusst, dass es in manchen F\u00e4llen sehr lange dauern kann, bis Sie einen Termin bei einem Allgemeinmediziner oder einem Facharzt bekommen!<\/p>\n<p>Dank Ihrer Einschreibung k\u00f6nnen Sie sich in Notf\u00e4llen auch an \u00f6ffentliche Krankenh\u00e4user oder Gesundheitszentren wenden.<\/p>\n<p><img decoding=\"async\" class=\"aligncenter wp-image-59 size-full\" src=\"https:\/\/essencial-portugal.com\/de\/wp-content\/uploads\/2018\/03\/securite-social-portugal-centre-saude.jpg\" alt=\"centro de saude\" width=\"547\" height=\"422\" srcset=\"https:\/\/essencial-portugal.com\/de\/wp-content\/uploads\/2018\/03\/securite-social-portugal-centre-saude.jpg 547w, https:\/\/essencial-portugal.com\/de\/wp-content\/uploads\/2018\/03\/securite-social-portugal-centre-saude-300x231.jpg 300w\" sizes=\"(max-width: 547px) 100vw, 547px\" \/><\/p>\n<p>Die Geb\u00fchren f\u00fcr eine Konsultation bei einem Allgemeinmediziner oder Facharzt liegen im Durchschnitt zwischen 4 und 7 Euro. Die Kosten f\u00fcr Notf\u00e4lle sind etwas h\u00f6her.<\/p>\n<p>Es ist daher unerl\u00e4sslich, dass Sie sich bei der portugiesischen Sozialversicherung anmelden, sobald Sie in Portugal angekommen sind, um Zugang zur \u00f6ffentlichen Gesundheitsversorgung zu haben und Sozial- und Familienbeihilfen zu erhalten.<\/p>\n<h2 id=\"form\">Portugiesische Krankenversicherung: Englischsprachige Unterst\u00fctzung<\/h2>\n<p style=\"text-align: center;\"><div class=\"wpforms-container wpforms-container-full\" id=\"wpforms-5165\"><form id=\"wpforms-form-5165\" class=\"wpforms-validate wpforms-form\" data-formid=\"5165\" method=\"post\" enctype=\"multipart\/form-data\" action=\"\/de\/wp-json\/wp\/v2\/pages\/71\" data-token=\"e1722d570084469e36eca80e6c75aa7c\" data-token-time=\"1776648888\"><noscript class=\"wpforms-error-noscript\">Please enable JavaScript in your browser to complete this form.<\/noscript><div class=\"wpforms-field-container\"><div id=\"wpforms-5165-field_0-container\" class=\"wpforms-field wpforms-field-name\" data-field-id=\"0\"><label class=\"wpforms-field-label\" for=\"wpforms-5165-field_0\">Name <span class=\"wpforms-required-label\">*<\/span><\/label><div class=\"wpforms-field-row wpforms-field-medium\"><div class=\"wpforms-field-row-block wpforms-first wpforms-one-half\"><input type=\"text\" id=\"wpforms-5165-field_0\" class=\"wpforms-field-name-first wpforms-field-required\" name=\"wpforms[fields][0][first]\" required><label for=\"wpforms-5165-field_0\" class=\"wpforms-field-sublabel after wpforms-sublabel-hide\">First<\/label><\/div><div class=\"wpforms-field-row-block wpforms-one-half\"><input type=\"text\" id=\"wpforms-5165-field_0-last\" class=\"wpforms-field-name-last wpforms-field-required\" name=\"wpforms[fields][0][last]\" required><label for=\"wpforms-5165-field_0-last\" class=\"wpforms-field-sublabel after wpforms-sublabel-hide\">Last<\/label><\/div><\/div><\/div><div id=\"wpforms-5165-field_1-container\" class=\"wpforms-field wpforms-field-email\" data-field-id=\"1\"><label class=\"wpforms-field-label\" for=\"wpforms-5165-field_1\">E-mail <span class=\"wpforms-required-label\">*<\/span><\/label><input type=\"email\" id=\"wpforms-5165-field_1\" class=\"wpforms-field-medium wpforms-field-required\" name=\"wpforms[fields][1]\" spellcheck=\"false\" required><\/div><div id=\"wpforms-5165-field_4-container\" class=\"wpforms-field wpforms-field-text\" data-field-id=\"4\"><label class=\"wpforms-field-label\" for=\"wpforms-5165-field_4\">Phone <span class=\"wpforms-required-label\">*<\/span><\/label><input type=\"text\" id=\"wpforms-5165-field_4\" class=\"wpforms-field-medium wpforms-field-required\" name=\"wpforms[fields][4]\" required><\/div><div id=\"wpforms-5165-field_11-container\" class=\"wpforms-field wpforms-field-text\" data-field-id=\"11\"><label class=\"wpforms-field-label\" for=\"wpforms-5165-field_11\">TIN <span class=\"wpforms-required-label\">*<\/span><\/label><input type=\"text\" id=\"wpforms-5165-field_11\" class=\"wpforms-field-medium wpforms-field-required\" name=\"wpforms[fields][11]\" required><\/div><div id=\"wpforms-5165-field_12-container\" class=\"wpforms-field wpforms-field-text\" data-field-id=\"12\"><label class=\"wpforms-field-label\" for=\"wpforms-5165-field_12\">Postal Code <span class=\"wpforms-required-label\">*<\/span><\/label><input type=\"text\" id=\"wpforms-5165-field_12\" class=\"wpforms-field-medium wpforms-field-required\" name=\"wpforms[fields][12]\" required><\/div><div id=\"wpforms-5165-field_5-container\" class=\"wpforms-field wpforms-field-text\" data-field-id=\"5\"><label class=\"wpforms-field-label\" for=\"wpforms-5165-field_5\">Date of birth of the principal insured <span class=\"wpforms-required-label\">*<\/span><\/label><input type=\"text\" id=\"wpforms-5165-field_5\" class=\"wpforms-field-medium wpforms-field-required\" name=\"wpforms[fields][5]\" required><\/div><div id=\"wpforms-5165-field_6-container\" class=\"wpforms-field wpforms-field-text\" data-field-id=\"6\"><label class=\"wpforms-field-label\" for=\"wpforms-5165-field_6\">Date of birth of second insured<\/label><input type=\"text\" id=\"wpforms-5165-field_6\" class=\"wpforms-field-medium\" name=\"wpforms[fields][6]\" ><\/div><div id=\"wpforms-5165-field_7-container\" class=\"wpforms-field wpforms-field-text\" data-field-id=\"7\"><label class=\"wpforms-field-label\" for=\"wpforms-5165-field_7\">Date of birth of first child<\/label><input type=\"text\" id=\"wpforms-5165-field_7\" class=\"wpforms-field-medium\" name=\"wpforms[fields][7]\" ><\/div><div id=\"wpforms-5165-field_9-container\" class=\"wpforms-field wpforms-field-text\" data-field-id=\"9\"><label class=\"wpforms-field-label\" for=\"wpforms-5165-field_9\">Date of birth of second child<\/label><input type=\"text\" id=\"wpforms-5165-field_9\" class=\"wpforms-field-medium\" name=\"wpforms[fields][9]\" ><\/div><div id=\"wpforms-5165-field_10-container\" class=\"wpforms-field wpforms-field-select wpforms-field-select-style-classic\" data-field-id=\"10\"><label class=\"wpforms-field-label\" for=\"wpforms-5165-field_10\">Dental Insurance Option <span class=\"wpforms-required-label\">*<\/span><\/label><select id=\"wpforms-5165-field_10\" class=\"wpforms-field-medium wpforms-field-required\" name=\"wpforms[fields][10]\" required=\"required\"><option value=\"Yes\"  class=\"choice-1 depth-1\"  >Yes<\/option><option value=\"No\"  class=\"choice-2 depth-1\"  >No<\/option><\/select><\/div><div id=\"wpforms-5165-field_2-container\" class=\"wpforms-field wpforms-field-textarea\" data-field-id=\"2\"><label class=\"wpforms-field-label\" for=\"wpforms-5165-field_2\">Additional information <span class=\"wpforms-required-label\">*<\/span><\/label><textarea id=\"wpforms-5165-field_2\" class=\"wpforms-field-medium wpforms-field-required\" name=\"wpforms[fields][2]\" required><\/textarea><\/div><\/div><!-- .wpforms-field-container --><div class=\"wpforms-field wpforms-field-hp\"><label for=\"wpforms-5165-field-hp\" class=\"wpforms-field-label\">Name<\/label><input type=\"text\" name=\"wpforms[hp]\" id=\"wpforms-5165-field-hp\" class=\"wpforms-field-medium\"><\/div><div class=\"wpforms-submit-container\" ><input type=\"hidden\" name=\"wpforms[id]\" value=\"5165\"><input type=\"hidden\" name=\"page_title\" value=\"\"><input type=\"hidden\" name=\"page_url\" value=\"https:\/\/essencial-portugal.com\/de\/wp-json\/wp\/v2\/pages\/71\"><input type=\"hidden\" name=\"url_referer\" value=\"\"><button type=\"submit\" name=\"wpforms[submit]\" id=\"wpforms-submit-5165\" class=\"wpforms-submit\" data-alt-text=\"Sending...\" data-submit-text=\"Send\" aria-live=\"assertive\" value=\"wpforms-submit\">Send<\/button><\/div><\/form><\/div>  <!-- .wpforms-container --><\/p>\n<blockquote><p>Indem Sie das Kontaktformular best\u00e4tigen, erm\u00e4chtigen Sie mich, Ihre Anfrage an einen englischsprachigen Fachmann weiterzuleiten, der sich direkt mit Ihnen in Verbindung setzen kann. Nichts ist automatisiert: Es handelt sich um Personen, die ich kenne, die in Lissabon ans\u00e4ssig sind und die qualifiziert sind, Sie bei Ihrem Ansatz und Ihrem Projekt zu begleiten.<\/p><\/blockquote>\n<div id=\"gtx-trans\" style=\"position: absolute; left: 557px; top: 715px;\">\n<div class=\"gtx-trans-icon\"><\/div>\n<\/div>\n","protected":false},"excerpt":{"rendered":"<p>Im Gegensatz zu dem, was man denken k\u00f6nnte, ist das Gesundheitssystem in Portugal hochentwickelt, kompetent und \u00e4hnelt dem anderer europ\u00e4ischer L\u00e4nder. Das Gesundheitssystem ist zwischen dem privaten und dem \u00f6ffentlichen Sektor angesiedelt. Das \u00f6ffentliche Gesundheitssystem ist sehr effizient, wenn Sie im portugiesischen Sozialversicherungssystem, der &#8220;Seguran\u00e7a Social&#8221;, registriert sind. Allerdings m\u00fcssen Sie mit sehr langen Wartezeiten [&hellip;]<\/p>\n","protected":false},"author":1,"featured_media":34,"parent":67,"menu_order":0,"comment_status":"closed","ping_status":"closed","template":"","meta":{"om_disable_all_campaigns":false,"_monsterinsights_skip_tracking":false,"_monsterinsights_sitenote_active":false,"_monsterinsights_sitenote_note":"","_monsterinsights_sitenote_category":0,"_uf_show_specific_survey":0,"_uf_disable_surveys":false,"site-sidebar-layout":"default","site-content-layout":"default","ast-site-content-layout":"default","site-content-style":"default","site-sidebar-style":"default","ast-global-header-display":"","ast-banner-title-visibility":"","ast-main-header-display":"","ast-hfb-above-header-display":"","ast-hfb-below-header-display":"","ast-hfb-mobile-header-display":"","site-post-title":"","ast-breadcrumbs-content":"","ast-featured-img":"","footer-sml-layout":"","ast-disable-related-posts":"","theme-transparent-header-meta":"default","adv-header-id-meta":"","stick-header-meta":"","header-above-stick-meta":"","header-main-stick-meta":"","header-below-stick-meta":"","astra-migrate-meta-layouts":"default","ast-page-background-enabled":"default","ast-page-background-meta":{"desktop":{"background-color":"","background-image":"","background-repeat":"repeat","background-position":"center center","background-size":"auto","background-attachment":"scroll","background-type":"","background-media":"","overlay-type":"","overlay-color":"","overlay-opacity":"","overlay-gradient":""},"tablet":{"background-color":"","background-image":"","background-repeat":"repeat","background-position":"center center","background-size":"auto","background-attachment":"scroll","background-type":"","background-media":"","overlay-type":"","overlay-color":"","overlay-opacity":"","overlay-gradient":""},"mobile":{"background-color":"","background-image":"","background-repeat":"repeat","background-position":"center center","background-size":"auto","background-attachment":"scroll","background-type":"","background-media":"","overlay-type":"","overlay-color":"","overlay-opacity":"","overlay-gradient":""}},"ast-content-background-meta":{"desktop":{"background-color":"var(--ast-global-color-5)","background-image":"","background-repeat":"repeat","background-position":"center center","background-size":"auto","background-attachment":"scroll","background-type":"","background-media":"","overlay-type":"","overlay-color":"","overlay-opacity":"","overlay-gradient":""},"tablet":{"background-color":"var(--ast-global-color-5)","background-image":"","background-repeat":"repeat","background-position":"center center","background-size":"auto","background-attachment":"scroll","background-type":"","background-media":"","overlay-type":"","overlay-color":"","overlay-opacity":"","overlay-gradient":""},"mobile":{"background-color":"var(--ast-global-color-5)","background-image":"","background-repeat":"repeat","background-position":"center center","background-size":"auto","background-attachment":"scroll","background-type":"","background-media":"","overlay-type":"","overlay-color":"","overlay-opacity":"","overlay-gradient":""}},"footnotes":""},"class_list":["post-71","page","type-page","status-publish","has-post-thumbnail","hentry"],"aioseo_notices":[],"_links":{"self":[{"href":"https:\/\/essencial-portugal.com\/de\/wp-json\/wp\/v2\/pages\/71","targetHints":{"allow":["GET"]}}],"collection":[{"href":"https:\/\/essencial-portugal.com\/de\/wp-json\/wp\/v2\/pages"}],"about":[{"href":"https:\/\/essencial-portugal.com\/de\/wp-json\/wp\/v2\/types\/page"}],"author":[{"embeddable":true,"href":"https:\/\/essencial-portugal.com\/de\/wp-json\/wp\/v2\/users\/1"}],"replies":[{"embeddable":true,"href":"https:\/\/essencial-portugal.com\/de\/wp-json\/wp\/v2\/comments?post=71"}],"version-history":[{"count":0,"href":"https:\/\/essencial-portugal.com\/de\/wp-json\/wp\/v2\/pages\/71\/revisions"}],"up":[{"embeddable":true,"href":"https:\/\/essencial-portugal.com\/de\/wp-json\/wp\/v2\/pages\/67"}],"wp:featuredmedia":[{"embeddable":true,"href":"https:\/\/essencial-portugal.com\/de\/wp-json\/wp\/v2\/media\/34"}],"wp:attachment":[{"href":"https:\/\/essencial-portugal.com\/de\/wp-json\/wp\/v2\/media?parent=71"}],"curies":[{"name":"wp","href":"https:\/\/api.w.org\/{rel}","templated":true}]}}