{"id":77,"date":"2018-03-23T15:57:32","date_gmt":"2018-03-23T15:57:32","guid":{"rendered":"https:\/\/essencial-portugal.com\/fr\/?page_id=77"},"modified":"2023-03-01T10:40:24","modified_gmt":"2023-03-01T10:40:24","slug":"beschaffung-tin-steueridentifikationsnummer-portugal","status":"publish","type":"page","link":"https:\/\/essencial-portugal.com\/de\/leben-in-lissabon-und-portugal\/beschaffung-tin-steueridentifikationsnummer-portugal\/","title":{"rendered":"Beschaffung der TIN (Steueridentifikationsnummer)"},"content":{"rendered":"<p><img fetchpriority=\"high\" decoding=\"async\" class=\"size-full wp-image-42 aligncenter\" src=\"https:\/\/essencial-portugal.com\/de\/wp-content\/uploads\/2018\/03\/numero-identification-fiscal-portugais.jpg\" alt=\"\" width=\"500\" height=\"333\" srcset=\"https:\/\/essencial-portugal.com\/de\/wp-content\/uploads\/2018\/03\/numero-identification-fiscal-portugais.jpg 500w, https:\/\/essencial-portugal.com\/de\/wp-content\/uploads\/2018\/03\/numero-identification-fiscal-portugais-300x200.jpg 300w\" sizes=\"(max-width: 500px) 100vw, 500px\" \/><\/p>\n<h2>Wozu dient die Steueridentifikationsnummer (TIN)?<\/h2>\n<p>Seit einigen Jahren wollen sich viele Ausl\u00e4nder und Franz\u00f6sischsprachige in Portugal niederlassen. Dazu ist es notwendig, sich bei der zust\u00e4ndigen Beh\u00f6rde eine Steueridentifikationsnummer (TIN) zu besorgen. Die &#8220;Num\u00e9ro de Contribuinte&#8221;, wie sie hier genannt wird, ist f\u00fcr die meisten Schritte erforderlich, die Sie unternehmen m\u00fcssen: Er\u00f6ffnung von Bankkonten, Finanztransaktionen, Anmietung einer Wohnung, <a href=\"https:\/\/essencial-portugal.com\/de\/leben-in-lissabon-und-portugal\/unternehmensgrundung-portugal\/\" target=\"_blank\" rel=\"noopener\">Gr\u00fcndung eines Unternehmens<\/a>&#8230;<\/p>\n<blockquote><p>Wenn Sie bei der Erlangung Ihrer portugiesischen TIN begleitet werden m\u00f6chten, verwenden Sie bitte die Schaltfl\u00e4che unten und f\u00fcllen Sie das entsprechende Formular aus. Ich werde Ihre Anfrage an eine englischsprachige Firma weiterleiten, die Ihnen anbietet, diese Schritte f\u00fcr Sie durchzuf\u00fchren. Der Preis betr\u00e4gt 180 \u20ac und die Dienstleistung wird in Vertretung erbracht: Sie brauchen nicht zu reisen, die Firma wird f\u00fcr Sie zur Verwaltung gehen und Ihnen Ihre NIF per Post zusenden. Dieser Preis beinhaltet die Vollmacht, die Erstellung der Akte, die Aufnahme der Ernennung, die physische Verlegung in der Verwaltung (sehr unruhig und schwierig mit Covid-19) und die \u00dcbersendung Ihrer NIF.<\/p><\/blockquote>\n<p style=\"text-align: center;\"><a class=\"maxbutton-3 maxbutton maxbutton-form\" href=\"#form\"><span class='mb-text'>KONTAKT<\/span><\/a><\/p>\n<p>Dies ist die Nummer, die jeder Einwohner Portugals besitzt und die ihn gegen\u00fcber der Steuerbeh\u00f6rde ausweist. Sie wird verwendet, um Ihre Steuern zu erkl\u00e4ren, kann aber auch in Gesch\u00e4ften beim Einkaufen angegeben werden. Am Ende des Jahres k\u00f6nnen Sie je nach Art der get\u00e4tigten Ausgaben (Miete, Gesundheit, Reparaturen&#8230;) Steuererm\u00e4\u00dfigungen erhalten. Jedes Jahr wird sogar eine Verlosung dieser TINs organisiert, bei der 3 Personen zwischen 25000 und 50000 Euro gewinnen k\u00f6nnen!<\/p>\n<h2>Wann ist die portugiesische TIN zu beantragen?<\/h2>\n<p>This is one of the first administrative steps to be taken, but the paradox is that :<\/p>\n<ul>\n<li>Um die TIN zu erhalten, m\u00fcssen Sie in Portugal ans\u00e4ssig sein.<\/li>\n<li>Um in Portugal ans\u00e4ssig zu sein, brauchen Sie eine Adresse in Portugal.<\/li>\n<li>Um eine Adresse in Portugal zu erhalten (<a href=\"https:\/\/essencial-portugal.com\/de\/leben-in-lissabon-und-portugal\/immobilienkauf-lissabon-immobilieninvestitionen-portugal\/\" target=\"_blank\" rel=\"noopener\">Vermietung oder Kauf von Immobilien<\/a>), ben\u00f6tigen Sie eine TIN<\/li>\n<\/ul>\n<p>Und ja, nicht alles ist so einfach, und Sie m\u00fcssen sich mehrmals an die portugiesischen Beh\u00f6rden wenden, um den Kreislauf zu schlie\u00dfen. Zun\u00e4chst m\u00fcssen Sie sich an die loja de cidado wenden, um eine europ\u00e4ische Aufenthaltsbescheinigung zu erhalten. Die Loja de Cidado wurde vor kurzem eingerichtet, um Ihnen die M\u00f6glichkeit zu geben, mehrere Verwaltungsverfahren in Portugal an einem einzigen Ort durchzuf\u00fchren. Zuvor mussten Sie sich an mehrere Einrichtungen wenden, was die Sache noch komplizierter machte. Sobald Sie diese Bescheinigung erhalten haben, k\u00f6nnen Sie bei den Financias eine vorl\u00e4ufige TIN beantragen, mit der Sie Ihre erste Wohnung mieten k\u00f6nnen.<\/p>\n<p>Sobald Sie eine Wohnung und eine Adresse haben, m\u00fcssen Sie zur loja de cidado zur\u00fcckkehren, um eine Bescheinigung \u00fcber Ihren Wohnsitz in Portugal zu erhalten. Sobald Sie Ihre Wohnsitzbescheinigung erhalten haben, m\u00fcssen Sie zu den Financias zur\u00fcckkehren, um Ihre dauerhafte portugiesische Steueridentifikationsnummer zu beantragen.<\/p>\n<p><img decoding=\"async\" class=\"size-full wp-image-41 aligncenter\" src=\"https:\/\/essencial-portugal.com\/de\/wp-content\/uploads\/2018\/03\/nif-portugal-financas.jpg\" alt=\"finan\u00e7as Portugal\" width=\"860\" height=\"645\" srcset=\"https:\/\/essencial-portugal.com\/de\/wp-content\/uploads\/2018\/03\/nif-portugal-financas.jpg 860w, https:\/\/essencial-portugal.com\/de\/wp-content\/uploads\/2018\/03\/nif-portugal-financas-300x225.jpg 300w, https:\/\/essencial-portugal.com\/de\/wp-content\/uploads\/2018\/03\/nif-portugal-financas-768x576.jpg 768w\" sizes=\"(max-width: 860px) 100vw, 860px\" \/><\/p>\n<h2>Der Steuervertreter f\u00fcr die TIN<\/h2>\n<p>Um die Dinge zu beschleunigen, k\u00f6nnen Sie sich von einem in Portugal ans\u00e4ssigen Steuerberater vertreten lassen. Er oder sie muss in Portugal ans\u00e4ssig sein und kann als Vermittler zwischen Ausl\u00e4ndern und den portugiesischen Steuerbeh\u00f6rden auftreten. Ihr Steuervertreter ist somit verpflichtet, alle Schreiben der Steuerbeh\u00f6rden an Sie weiterzuleiten.<\/p>\n<p>Es ist daher oft ratsam, Familienangeh\u00f6rige oder Freunde als Steuervertreter zu benennen, wenn diese in Portugal ans\u00e4ssig sind. In diesem Fall brauchen Sie dies nur zu tun, um Ihre TIN zu erhalten:<\/p>\n<ul>\n<li>Einen g\u00fcltigen Reisepass<\/li>\n<li>Die Ernennung Ihres Steuervertreters<\/li>\n<li>Nachweis des Wohnsitzes in Ihrem Herkunftsland (Wasser, Gas, Strom&#8230;)<\/li>\n<\/ul>\n<p>Bitte beachten Sie, dass nur beglaubigte Kopien akzeptiert werden!<\/p>\n<h2 id=\"form\">Brauchen Sie Hilfe, um die portugiesische TIN zu erhalten?<\/h2>\n<p>F\u00fcllen Sie das folgende Formular aus, um begleitet zu werden und Ihre portugiesische NIF aus der Ferne zu erhalten. Eine englischsprachige Firma wird sich mit Ihnen in Verbindung setzen, um Ihr Dossier und Ihre Vollmacht vorzubereiten, damit die Firma zu Ihnen in die Verwaltung gehen kann, um Ihre Steueridentifikationsnummer zu erhalten. Der Preis betr\u00e4gt 180 \u20ac und die Dienstleistung wird in Vollmacht erbracht: Sie brauchen nicht zu reisen, die Firma geht f\u00fcr Sie zur Verwaltung und schickt Ihnen Ihre NIF per Post. Dieser Preis beinhaltet die Vollmacht, die Erstellung der Akte, die Aufnahme des Termins, das physische Erscheinen bei der Beh\u00f6rde (sehr unruhig und schwierig bei Covid-19) und die \u00dcbersendung Ihrer NIF.<\/p>\n<p style=\"text-align: center;\"><div class=\"wpforms-container wpforms-container-full\" id=\"wpforms-5170\"><form id=\"wpforms-form-5170\" class=\"wpforms-validate wpforms-form\" data-formid=\"5170\" method=\"post\" enctype=\"multipart\/form-data\" action=\"\/de\/wp-json\/wp\/v2\/pages\/77\" data-token=\"25259f54247a0e9ad3de81acffab6a5c\" data-token-time=\"1776643234\"><noscript class=\"wpforms-error-noscript\">Please enable JavaScript in your browser to complete this form.<\/noscript><div class=\"wpforms-field-container\"><div id=\"wpforms-5170-field_0-container\" class=\"wpforms-field wpforms-field-name\" data-field-id=\"0\"><label class=\"wpforms-field-label\" for=\"wpforms-5170-field_0\">Name <span class=\"wpforms-required-label\">*<\/span><\/label><div class=\"wpforms-field-row wpforms-field-medium\"><div class=\"wpforms-field-row-block wpforms-first wpforms-one-half\"><input type=\"text\" id=\"wpforms-5170-field_0\" class=\"wpforms-field-name-first wpforms-field-required\" name=\"wpforms[fields][0][first]\" required><label for=\"wpforms-5170-field_0\" class=\"wpforms-field-sublabel after wpforms-sublabel-hide\">First<\/label><\/div><div class=\"wpforms-field-row-block wpforms-one-half\"><input type=\"text\" id=\"wpforms-5170-field_0-last\" class=\"wpforms-field-name-last wpforms-field-required\" name=\"wpforms[fields][0][last]\" required><label for=\"wpforms-5170-field_0-last\" class=\"wpforms-field-sublabel after wpforms-sublabel-hide\">Last<\/label><\/div><\/div><\/div><div id=\"wpforms-5170-field_1-container\" class=\"wpforms-field wpforms-field-email\" data-field-id=\"1\"><label class=\"wpforms-field-label\" for=\"wpforms-5170-field_1\">E-mail <span class=\"wpforms-required-label\">*<\/span><\/label><input type=\"email\" id=\"wpforms-5170-field_1\" class=\"wpforms-field-medium wpforms-field-required\" name=\"wpforms[fields][1]\" spellcheck=\"false\" required><\/div><div id=\"wpforms-5170-field_4-container\" class=\"wpforms-field wpforms-field-text\" data-field-id=\"4\"><label class=\"wpforms-field-label\" for=\"wpforms-5170-field_4\">Phone <span class=\"wpforms-required-label\">*<\/span><\/label><input type=\"text\" id=\"wpforms-5170-field_4\" class=\"wpforms-field-medium wpforms-field-required\" name=\"wpforms[fields][4]\" required><\/div><div id=\"wpforms-5170-field_5-container\" class=\"wpforms-field wpforms-field-text\" data-field-id=\"5\"><label class=\"wpforms-field-label\" for=\"wpforms-5170-field_5\">Subject <span class=\"wpforms-required-label\">*<\/span><\/label><input type=\"text\" id=\"wpforms-5170-field_5\" class=\"wpforms-field-medium wpforms-field-required\" name=\"wpforms[fields][5]\" required><\/div><div id=\"wpforms-5170-field_2-container\" class=\"wpforms-field wpforms-field-textarea\" data-field-id=\"2\"><label class=\"wpforms-field-label\" for=\"wpforms-5170-field_2\">Your project \/ Your needs <span class=\"wpforms-required-label\">*<\/span><\/label><textarea id=\"wpforms-5170-field_2\" class=\"wpforms-field-medium wpforms-field-required\" name=\"wpforms[fields][2]\" required><\/textarea><\/div><\/div><!-- .wpforms-field-container --><div class=\"wpforms-field wpforms-field-hp\"><label for=\"wpforms-5170-field-hp\" class=\"wpforms-field-label\">Name<\/label><input type=\"text\" name=\"wpforms[hp]\" id=\"wpforms-5170-field-hp\" class=\"wpforms-field-medium\"><\/div><div class=\"wpforms-submit-container\" ><input type=\"hidden\" name=\"wpforms[id]\" value=\"5170\"><input type=\"hidden\" name=\"page_title\" value=\"\"><input type=\"hidden\" name=\"page_url\" value=\"https:\/\/essencial-portugal.com\/de\/wp-json\/wp\/v2\/pages\/77\"><input type=\"hidden\" name=\"url_referer\" value=\"\"><button type=\"submit\" name=\"wpforms[submit]\" id=\"wpforms-submit-5170\" class=\"wpforms-submit\" data-alt-text=\"Sending...\" data-submit-text=\"Send\" aria-live=\"assertive\" value=\"wpforms-submit\">Send<\/button><\/div><\/form><\/div>  <!-- .wpforms-container --><\/p>\n<blockquote><p>Mit der Best\u00e4tigung des Kontaktformulars erm\u00e4chtigen Sie mich, Ihre Anfrage an eine englischsprachige Person weiterzuleiten, die sich direkt mit Ihnen in Verbindung setzen kann. Diese Person ist ein Profi, der bezahlte Dienstleistungen anbietet, deren Preis je nach Ihren W\u00fcnschen, Bed\u00fcrfnissen und Projekten variiert. Nichts ist automatisiert: Es handelt sich um Personen, die ich kenne, die in Lissabon ans\u00e4ssig sind und die qualifiziert sind, Sie bei Ihrem Ansatz und Ihrem Projekt zu begleiten.<\/p>\n<p>Essencial Portugal ist eine Website, die Einzelpersonen\/Unternehmen mit vertrauensw\u00fcrdigen, zertifizierten Fachleuten in Portugal zusammenbringt, um Projekte im Land durchzuf\u00fchren. Nur diese zertifizierten und zugelassenen Fachleute sind in der Lage, Sie zu informieren, diese Dienstleistungen anzubieten und in Rechnung zu stellen.<\/p><\/blockquote>\n<p>&nbsp;<\/p>\n","protected":false},"excerpt":{"rendered":"<p>Wozu dient die Steueridentifikationsnummer (TIN)? Seit einigen Jahren wollen sich viele Ausl\u00e4nder und Franz\u00f6sischsprachige in Portugal niederlassen. Dazu ist es notwendig, sich bei der zust\u00e4ndigen Beh\u00f6rde eine Steueridentifikationsnummer (TIN) zu besorgen. Die &#8220;Num\u00e9ro de Contribuinte&#8221;, wie sie hier genannt wird, ist f\u00fcr die meisten Schritte erforderlich, die Sie unternehmen m\u00fcssen: Er\u00f6ffnung von Bankkonten, Finanztransaktionen, Anmietung [&hellip;]<\/p>\n","protected":false},"author":1,"featured_media":41,"parent":67,"menu_order":0,"comment_status":"closed","ping_status":"closed","template":"","meta":{"om_disable_all_campaigns":false,"_monsterinsights_skip_tracking":false,"_monsterinsights_sitenote_active":false,"_monsterinsights_sitenote_note":"","_monsterinsights_sitenote_category":0,"_uf_show_specific_survey":0,"_uf_disable_surveys":false,"site-sidebar-layout":"default","site-content-layout":"default","ast-site-content-layout":"default","site-content-style":"default","site-sidebar-style":"default","ast-global-header-display":"","ast-banner-title-visibility":"","ast-main-header-display":"","ast-hfb-above-header-display":"","ast-hfb-below-header-display":"","ast-hfb-mobile-header-display":"","site-post-title":"","ast-breadcrumbs-content":"","ast-featured-img":"","footer-sml-layout":"","ast-disable-related-posts":"","theme-transparent-header-meta":"default","adv-header-id-meta":"","stick-header-meta":"","header-above-stick-meta":"","header-main-stick-meta":"","header-below-stick-meta":"","astra-migrate-meta-layouts":"default","ast-page-background-enabled":"default","ast-page-background-meta":{"desktop":{"background-color":"","background-image":"","background-repeat":"repeat","background-position":"center center","background-size":"auto","background-attachment":"scroll","background-type":"","background-media":"","overlay-type":"","overlay-color":"","overlay-opacity":"","overlay-gradient":""},"tablet":{"background-color":"","background-image":"","background-repeat":"repeat","background-position":"center center","background-size":"auto","background-attachment":"scroll","background-type":"","background-media":"","overlay-type":"","overlay-color":"","overlay-opacity":"","overlay-gradient":""},"mobile":{"background-color":"","background-image":"","background-repeat":"repeat","background-position":"center center","background-size":"auto","background-attachment":"scroll","background-type":"","background-media":"","overlay-type":"","overlay-color":"","overlay-opacity":"","overlay-gradient":""}},"ast-content-background-meta":{"desktop":{"background-color":"var(--ast-global-color-5)","background-image":"","background-repeat":"repeat","background-position":"center center","background-size":"auto","background-attachment":"scroll","background-type":"","background-media":"","overlay-type":"","overlay-color":"","overlay-opacity":"","overlay-gradient":""},"tablet":{"background-color":"var(--ast-global-color-5)","background-image":"","background-repeat":"repeat","background-position":"center center","background-size":"auto","background-attachment":"scroll","background-type":"","background-media":"","overlay-type":"","overlay-color":"","overlay-opacity":"","overlay-gradient":""},"mobile":{"background-color":"var(--ast-global-color-5)","background-image":"","background-repeat":"repeat","background-position":"center center","background-size":"auto","background-attachment":"scroll","background-type":"","background-media":"","overlay-type":"","overlay-color":"","overlay-opacity":"","overlay-gradient":""}},"footnotes":""},"class_list":["post-77","page","type-page","status-publish","has-post-thumbnail","hentry"],"aioseo_notices":[],"_links":{"self":[{"href":"https:\/\/essencial-portugal.com\/de\/wp-json\/wp\/v2\/pages\/77","targetHints":{"allow":["GET"]}}],"collection":[{"href":"https:\/\/essencial-portugal.com\/de\/wp-json\/wp\/v2\/pages"}],"about":[{"href":"https:\/\/essencial-portugal.com\/de\/wp-json\/wp\/v2\/types\/page"}],"author":[{"embeddable":true,"href":"https:\/\/essencial-portugal.com\/de\/wp-json\/wp\/v2\/users\/1"}],"replies":[{"embeddable":true,"href":"https:\/\/essencial-portugal.com\/de\/wp-json\/wp\/v2\/comments?post=77"}],"version-history":[{"count":0,"href":"https:\/\/essencial-portugal.com\/de\/wp-json\/wp\/v2\/pages\/77\/revisions"}],"up":[{"embeddable":true,"href":"https:\/\/essencial-portugal.com\/de\/wp-json\/wp\/v2\/pages\/67"}],"wp:featuredmedia":[{"embeddable":true,"href":"https:\/\/essencial-portugal.com\/de\/wp-json\/wp\/v2\/media\/41"}],"wp:attachment":[{"href":"https:\/\/essencial-portugal.com\/de\/wp-json\/wp\/v2\/media?parent=77"}],"curies":[{"name":"wp","href":"https:\/\/api.w.org\/{rel}","templated":true}]}}