{"id":81,"date":"2018-03-23T16:04:21","date_gmt":"2018-03-23T16:04:21","guid":{"rendered":"https:\/\/essencial-portugal.com\/fr\/?page_id=81"},"modified":"2023-03-01T10:40:04","modified_gmt":"2023-03-01T10:40:04","slug":"wasser-gas-stromvertrage-portugal","status":"publish","type":"page","link":"https:\/\/essencial-portugal.com\/de\/leben-in-lissabon-und-portugal\/wasser-gas-stromvertrage-portugal\/","title":{"rendered":"Wasser-, Gas- und Stromvertr\u00e4ge in Portugal"},"content":{"rendered":"<p><img fetchpriority=\"high\" decoding=\"async\" class=\"aligncenter wp-image-45 size-full\" src=\"https:\/\/essencial-portugal.com\/de\/wp-content\/uploads\/2018\/03\/ouvrir-contrat-eau-electricite-portugal.jpg\" alt=\"Contrat d'eau et d\u2019\u00e9lectricit\u00e9 u Portugal\" width=\"716\" height=\"275\" srcset=\"https:\/\/essencial-portugal.com\/de\/wp-content\/uploads\/2018\/03\/ouvrir-contrat-eau-electricite-portugal.jpg 716w, https:\/\/essencial-portugal.com\/de\/wp-content\/uploads\/2018\/03\/ouvrir-contrat-eau-electricite-portugal-300x115.jpg 300w\" sizes=\"(max-width: 716px) 100vw, 716px\" \/><\/p>\n<p>Der Abschluss eines Gas-, Strom- oder Wasservertrags in Portugal ist denkbar einfach, wenn Sie mit den erforderlichen Unterlagen direkt zu den betreffenden Einrichtungen gehen k\u00f6nnen. Wie bei vielen Verfahren kann die Wartezeit lang sein, in der Hoffnung, dass Sie nicht wegen fehlender Dokumente in Ihrer Akte zur\u00fcckkehren m\u00fcssen.<\/p>\n<p>Dies ist einer der ersten Schritte, um sich in Lissabon oder anderswo niederzulassen und <a href=\"https:\/\/essencial-portugal.com\/de\/immobiliensuchende-portugal\/\" target=\"_blank\" rel=\"noopener\">eine Immobilie in Portugal<\/a> zu mieten oder zu kaufen. Seien Sie sich dar\u00fcber im Klaren, dass manche Mietobjekte am ersten Tag Ihrer Unterbringung keinen Strom haben, so dass Sie sich auf diese Situation einstellen oder sie akzeptieren m\u00fcssen, w\u00e4hrend Ihr Vertrag aufgesetzt wird. Letzteres kann auch im Falle einer Anmietung und aus Gr\u00fcnden der Bequemlichkeit auf den Namen Ihres Vermieters laufen, damit es keine Unterbrechung gibt.<\/p>\n<h2>Abschluss eines Stromvertrags in Portugal<\/h2>\n<p>F\u00fcr den Abschluss Ihres Stromvertrags in Portugal ben\u00f6tigen Sie verschiedene Dokumente:<\/p>\n<ul>\n<li>Ihren Personalausweis, Reisepass oder F\u00fchrerschein<\/li>\n<li>Ihre Beitragszahlernummer (TIN)<\/li>\n<li>Ihren Mietvertrag oder Kaufbeleg<\/li>\n<li>Einen RIB (Bankauszug)<\/li>\n<\/ul>\n<p>Es gibt Sonderf\u00e4lle f\u00fcr Geb\u00e4ude, f\u00fcr die Sie Ihren Betriebsvertrag ben\u00f6tigen. Das Gleiche gilt f\u00fcr Unternehmen: In diesem Fall ben\u00f6tigen Sie den Personalausweis des Unternehmens in Portugal oder anderswo und Ihren Unternehmensvertrag.<\/p>\n<p>Es gibt verschiedene Anbieter wie <a href=\"https:\/\/www.edp.pt\/particulares\/\" target=\"_blank\" rel=\"noopener\">EDP<\/a>, Endesa, Gold energy, Galp&#8230; Sie bieten Vertr\u00e4ge f\u00fcr Gas und Strom an. Sie k\u00f6nnen auch f\u00fcr jede Energie einen Vertrag mit verschiedenen Unternehmen abschlie\u00dfen. Da EDP in Portugal am weitesten verbreitet ist, k\u00f6nnen die Preise von einem Anbieter zum anderen variieren.<\/p>\n<p>Es ist zu bedenken, dass der Strom im Allgemeinen teurer ist als in vielen anderen europ\u00e4ischen L\u00e4ndern und dass die H\u00e4user im Allgemeinen nicht sehr isoliert sind. Daher ist der Stromverbrauch in Portugal im Winter h\u00f6her, w\u00e4hrend er in der \u00fcbrigen Zeit des Jahres, wenn es im Allgemeinen sehr hei\u00df ist, sehr niedrig ist. Es ist daher wichtig, dass Sie Ihr Strombudget f\u00fcr das ganze Jahr berechnen.<\/p>\n<p><img decoding=\"async\" class=\"aligncenter wp-image-19\" src=\"https:\/\/essencial-portugal.com\/de\/wp-content\/uploads\/2018\/03\/contrat-electricite-portugal-edp.jpg\" alt=\"Electricity contract EDP Portugal\" width=\"626\" height=\"416\" srcset=\"https:\/\/essencial-portugal.com\/de\/wp-content\/uploads\/2018\/03\/contrat-electricite-portugal-edp.jpg 485w, https:\/\/essencial-portugal.com\/de\/wp-content\/uploads\/2018\/03\/contrat-electricite-portugal-edp-300x200.jpg 300w\" sizes=\"(max-width: 626px) 100vw, 626px\" \/><\/p>\n<h2>Einen portugiesischen Wasservertrag er\u00f6ffnen<\/h2>\n<p>Es gibt mehrere Szenarien. Einige Orte in Portugal stellen Ihnen kostenlos Wasser zur Verf\u00fcgung: Es ist nat\u00fcrlich unbehandelt und nicht zum Verzehr geeignet, aber es k\u00f6nnte f\u00fcr Sie interessant sein, wenn Sie ein Haus mit einem gro\u00dfen Garten, einem Swimmingpool oder drei Badezimmern kaufen, die jeden Morgen benutzt werden. F\u00fcr die pers\u00f6nliche Hygiene bleibt das Wasser v\u00f6llig sauber, aber zum Kochen und Trinken m\u00fcssen Sie Wasser in Kanistern kaufen.<\/p>\n<p>An anderen Orten k\u00f6nnen Sie kein aufbereitetes und sauberes Wasser f\u00fcr den Verbrauch w\u00e4hlen. Sie m\u00fcssen daf\u00fcr bezahlen, und das Wasserunternehmen ist von Ort zu Ort unterschiedlich. Wenn Sie zum Beispiel in Mafra wohnen, haben Sie das Unternehmen <a href=\"https:\/\/www.mafra-bewater.com.pt\/\" target=\"_blank\" rel=\"noopener\">BEWATER<\/a>, wenn Sie in Leiria wohnen, das Unternehmen <a href=\"http:\/\/www.smas-leiria.pt\/\" target=\"_blank\" rel=\"noopener\">SMAS Leira<\/a>. Der Wasserpreis variiert von einem Unternehmen zum anderen, aber Sie sollten damit rechnen, dass ein Paar mit einem Kind bei regelm\u00e4\u00dfigem Verbrauch durchschnittlich 20 \u20ac pro Monat zahlt.<\/p>\n<p>Wie bei Ihrem Stromvertrag m\u00fcssen Sie auch bei der Er\u00f6ffnung des Vertrags bestimmte Dokumente vorlegen:<\/p>\n<ul>\n<li>Ein Ausweisdokument (z. B. ein Reisepass oder ein Personalausweis).<\/li>\n<li>Ihre Steuernummer (TIN), die sogenannte &#8220;Beitragszahlernummer&#8221;.<\/li>\n<li>Ihren Vertrag \u00fcber den Kauf oder die Miete Ihrer Wohnung<\/li>\n<li>eine Einzugserm\u00e4chtigung, wenn Sie Lastschriftzahlungen vornehmen m\u00f6chten<\/li>\n<\/ul>\n<p>Wenn Sie nicht m\u00f6chten, dass Ihre Rechnungen automatisch von Ihrem Bankkonto abgebucht werden, k\u00f6nnen Sie Ihre Rechnungen an den Geldautomaten &#8220;Multibanco&#8221; bezahlen, die \u00fcberall in der Stadt zu finden sind: Sie erm\u00f6glichen Ihnen, Dienstleistungen wie Gas-, Strom- oder Wasserrechnungen jeden Monat direkt zu bezahlen.<\/p>\n<p>In einigen F\u00e4llen ist der Einsatz von Technikern in Ihrer Wohnung erforderlich, um Ihre Z\u00e4hler abzulesen und\/oder die Gas-, Strom- oder Wasserversorgung einzurichten.<\/p>\n<h2>Abschluss eines Gasvertrags in Portugal<\/h2>\n<p>Auch in Portugal gibt es zwei F\u00e4lle, in denen der Zugang zu Gas erforderlich ist. In Lissabon m\u00fcssen Sie h\u00f6chstwahrscheinlich ein Konto bei einem spezialisierten Unternehmen er\u00f6ffnen. Anderswo m\u00fcssen Sie m\u00f6glicherweise Gasflaschen kaufen, die regelm\u00e4\u00dfig gewechselt werden m\u00fcssen. Als Nutzer dieses Systems w\u00fcrde ich Ihnen raten, immer eine Ersatzgasflasche dabei zu haben, damit Sie nicht in eine unangenehme Situation geraten. Im Durchschnitt braucht man alle zwei Monate eine bis eineinhalb Gasflaschen. Diese werden mit etwa 25 \u20ac pro Flasche in Rechnung gestellt. Der Preis wird h\u00f6her sein, wenn Sie Ihre leere Flasche nicht mitbringen, wenn Sie eine neue kaufen.<\/p>\n<p>Sie sollten auch wissen, dass es Unternehmen gibt, die Ihre Gasflaschen direkt zu Ihnen nach Hause liefern und installieren. Rufen Sie einfach morgens an, und Sie erhalten Ihre neuen Gasflaschen innerhalb von zwei Stunden.<\/p>\n<p><img decoding=\"async\" class=\"aligncenter wp-image-37\" src=\"https:\/\/essencial-portugal.com\/de\/wp-content\/uploads\/2018\/03\/livraison-gaz-domicile-portugal.png\" alt=\"Home gas delivery in portugal\" width=\"639\" height=\"358\" srcset=\"https:\/\/essencial-portugal.com\/de\/wp-content\/uploads\/2018\/03\/livraison-gaz-domicile-portugal.png 400w, https:\/\/essencial-portugal.com\/de\/wp-content\/uploads\/2018\/03\/livraison-gaz-domicile-portugal-300x168.png 300w\" sizes=\"(max-width: 639px) 100vw, 639px\" \/><\/p>\n","protected":false},"excerpt":{"rendered":"<p>Der Abschluss eines Gas-, Strom- oder Wasservertrags in Portugal ist denkbar einfach, wenn Sie mit den erforderlichen Unterlagen direkt zu den betreffenden Einrichtungen gehen k\u00f6nnen. Wie bei vielen Verfahren kann die Wartezeit lang sein, in der Hoffnung, dass Sie nicht wegen fehlender Dokumente in Ihrer Akte zur\u00fcckkehren m\u00fcssen. Dies ist einer der ersten Schritte, um [&hellip;]<\/p>\n","protected":false},"author":1,"featured_media":45,"parent":67,"menu_order":0,"comment_status":"closed","ping_status":"closed","template":"","meta":{"om_disable_all_campaigns":false,"_monsterinsights_skip_tracking":false,"_monsterinsights_sitenote_active":false,"_monsterinsights_sitenote_note":"","_monsterinsights_sitenote_category":0,"_uf_show_specific_survey":0,"_uf_disable_surveys":false,"site-sidebar-layout":"default","site-content-layout":"default","ast-site-content-layout":"default","site-content-style":"default","site-sidebar-style":"default","ast-global-header-display":"","ast-banner-title-visibility":"","ast-main-header-display":"","ast-hfb-above-header-display":"","ast-hfb-below-header-display":"","ast-hfb-mobile-header-display":"","site-post-title":"","ast-breadcrumbs-content":"","ast-featured-img":"","footer-sml-layout":"","ast-disable-related-posts":"","theme-transparent-header-meta":"default","adv-header-id-meta":"","stick-header-meta":"","header-above-stick-meta":"","header-main-stick-meta":"","header-below-stick-meta":"","astra-migrate-meta-layouts":"default","ast-page-background-enabled":"default","ast-page-background-meta":{"desktop":{"background-color":"","background-image":"","background-repeat":"repeat","background-position":"center center","background-size":"auto","background-attachment":"scroll","background-type":"","background-media":"","overlay-type":"","overlay-color":"","overlay-opacity":"","overlay-gradient":""},"tablet":{"background-color":"","background-image":"","background-repeat":"repeat","background-position":"center center","background-size":"auto","background-attachment":"scroll","background-type":"","background-media":"","overlay-type":"","overlay-color":"","overlay-opacity":"","overlay-gradient":""},"mobile":{"background-color":"","background-image":"","background-repeat":"repeat","background-position":"center center","background-size":"auto","background-attachment":"scroll","background-type":"","background-media":"","overlay-type":"","overlay-color":"","overlay-opacity":"","overlay-gradient":""}},"ast-content-background-meta":{"desktop":{"background-color":"var(--ast-global-color-5)","background-image":"","background-repeat":"repeat","background-position":"center center","background-size":"auto","background-attachment":"scroll","background-type":"","background-media":"","overlay-type":"","overlay-color":"","overlay-opacity":"","overlay-gradient":""},"tablet":{"background-color":"var(--ast-global-color-5)","background-image":"","background-repeat":"repeat","background-position":"center center","background-size":"auto","background-attachment":"scroll","background-type":"","background-media":"","overlay-type":"","overlay-color":"","overlay-opacity":"","overlay-gradient":""},"mobile":{"background-color":"var(--ast-global-color-5)","background-image":"","background-repeat":"repeat","background-position":"center center","background-size":"auto","background-attachment":"scroll","background-type":"","background-media":"","overlay-type":"","overlay-color":"","overlay-opacity":"","overlay-gradient":""}},"footnotes":""},"class_list":["post-81","page","type-page","status-publish","has-post-thumbnail","hentry"],"aioseo_notices":[],"_links":{"self":[{"href":"https:\/\/essencial-portugal.com\/de\/wp-json\/wp\/v2\/pages\/81","targetHints":{"allow":["GET"]}}],"collection":[{"href":"https:\/\/essencial-portugal.com\/de\/wp-json\/wp\/v2\/pages"}],"about":[{"href":"https:\/\/essencial-portugal.com\/de\/wp-json\/wp\/v2\/types\/page"}],"author":[{"embeddable":true,"href":"https:\/\/essencial-portugal.com\/de\/wp-json\/wp\/v2\/users\/1"}],"replies":[{"embeddable":true,"href":"https:\/\/essencial-portugal.com\/de\/wp-json\/wp\/v2\/comments?post=81"}],"version-history":[{"count":0,"href":"https:\/\/essencial-portugal.com\/de\/wp-json\/wp\/v2\/pages\/81\/revisions"}],"up":[{"embeddable":true,"href":"https:\/\/essencial-portugal.com\/de\/wp-json\/wp\/v2\/pages\/67"}],"wp:featuredmedia":[{"embeddable":true,"href":"https:\/\/essencial-portugal.com\/de\/wp-json\/wp\/v2\/media\/45"}],"wp:attachment":[{"href":"https:\/\/essencial-portugal.com\/de\/wp-json\/wp\/v2\/media?parent=81"}],"curies":[{"name":"wp","href":"https:\/\/api.w.org\/{rel}","templated":true}]}}