{"id":83,"date":"2018-03-23T16:07:16","date_gmt":"2018-03-23T16:07:16","guid":{"rendered":"https:\/\/essencial-portugal.com\/fr\/?page_id=83"},"modified":"2023-03-01T10:39:47","modified_gmt":"2023-03-01T10:39:47","slug":"portugiesischer-telefon-internetvertrag","status":"publish","type":"page","link":"https:\/\/essencial-portugal.com\/de\/leben-in-lissabon-und-portugal\/portugiesischer-telefon-internetvertrag\/","title":{"rendered":"Portugiesischer Telefon- und Internetvertrag"},"content":{"rendered":"<p><img fetchpriority=\"high\" decoding=\"async\" class=\"aligncenter wp-image-46 size-full\" src=\"https:\/\/essencial-portugal.com\/de\/wp-content\/uploads\/2018\/03\/ouvrir-contrat-telephone-internet-portugal.png\" alt=\"Portuguese telephone and internet contract\" width=\"696\" height=\"496\" srcset=\"https:\/\/essencial-portugal.com\/de\/wp-content\/uploads\/2018\/03\/ouvrir-contrat-telephone-internet-portugal.png 696w, https:\/\/essencial-portugal.com\/de\/wp-content\/uploads\/2018\/03\/ouvrir-contrat-telephone-internet-portugal-300x214.png 300w\" sizes=\"(max-width: 696px) 100vw, 696px\" \/><\/p>\n<p>In Portugal gibt es viele ADSL- oder Glasfaser-Internet-, Mobilfunk- und Festnetztelefonanbieter. Die bekanntesten sind Vodafone, NOS und MEO. Diese Anbieter bieten verschiedene Pakete ab 30 \u20ac an, die u. a. folgende Leistungen umfassen<\/p>\n<ul>\n<li>unbegrenztes Internet<\/li>\n<li>Ein Paket mit TV-Kan\u00e4len (einschlie\u00dflich ausl\u00e4ndischer Kan\u00e4le)<\/li>\n<li>Unbegrenzte Festnetztelefonate in Portugal und\/oder ins Ausland<\/li>\n<li>Angebote f\u00fcr Mobiltelefone mit unbegrenztem Internetzugang \u00fcber Mobiltelefone und Festnetzanschl\u00fcsse in Portugal<\/li>\n<\/ul>\n<p>Wie in anderen europ\u00e4ischen L\u00e4ndern betr\u00e4gt die Laufzeit von Internet- und Telefonabonnements in Portugal 12 oder 24 Monate. Hier k\u00f6nnen Sie gro\u00dfe Rabatte oder eine interessante Ratenzahlung f\u00fcr Mobiltelefone der neuesten Generation erhalten, wenn Sie einen Vertrag abschlie\u00dfen. Es ist ratsam, die 3 wichtigsten portugiesischen Telefongesellschaften zu besuchen, um sich \u00fcber diese Angebote zu informieren und das interessanteste auszuw\u00e4hlen. Ich pers\u00f6nlich habe ein kostenloses Huawei P9 Lite von NOS erhalten, als ich mich angemeldet habe.<\/p>\n<p><img decoding=\"async\" class=\"aligncenter wp-image-44 size-full\" src=\"https:\/\/essencial-portugal.com\/de\/wp-content\/uploads\/2018\/03\/offre-contrat-telephonie-nos-huawei.jpg\" alt=\"telephone offer NOS Portugal\" width=\"1024\" height=\"576\" srcset=\"https:\/\/essencial-portugal.com\/de\/wp-content\/uploads\/2018\/03\/offre-contrat-telephonie-nos-huawei.jpg 1024w, https:\/\/essencial-portugal.com\/de\/wp-content\/uploads\/2018\/03\/offre-contrat-telephonie-nos-huawei-300x169.jpg 300w, https:\/\/essencial-portugal.com\/de\/wp-content\/uploads\/2018\/03\/offre-contrat-telephonie-nos-huawei-768x432.jpg 768w\" sizes=\"(max-width: 1024px) 100vw, 1024px\" \/><\/p>\n<p>Es ist wichtig zu beachten, dass Portugal zum Zeitpunkt der Erstellung dieses Berichts noch keine kostenlosen Mobilfunkgespr\u00e4che in Europa in sein Angebot aufgenommen hat. Daher werden Sie in Europa keine unbegrenzten Mobilfunkpakete finden und Sie m\u00fcssen anderen Kommunikationsmitteln wie Skype oder Whatsapp den Vorzug geben. Diese \u00c4nderung ist jedoch derzeit im Gange und wird voraussichtlich 2018 erfolgen.<\/p>\n<h2>Internet in Portugal: Anschluss und Abonnement<\/h2>\n<p>Entgegen der landl\u00e4ufigen Meinung ist die Verbindung nach Portugal in gro\u00dfen St\u00e4dten wie Lissabon und anderen kleineren St\u00e4dten sehr schnell. Die meisten Haushalte verf\u00fcgen \u00fcber alles, was man f\u00fcr die Installation eines Glasfaser-Internetanschlusses braucht, und sind daher sehr schnell. Ich w\u00fcrde Ihnen jedoch raten, im Falle eines Umzugs im Gesch\u00e4ft um eine \u00dcberpr\u00fcfung der Installationen an Ihrer neuen Adresse zu bitten. Diese \u00dcberpr\u00fcfung kann von Fernagenten per Computer durchgef\u00fchrt werden.<\/p>\n<p>Sie k\u00f6nnen die Angebote und Dienstleistungen per Internet\/Telefon bei den zahlreichen Gesch\u00e4ften in allen St\u00e4dten Portugals abonnieren. Sie m\u00fcssen verschiedene Dokumente vorlegen, wie zum Beispiel:<\/p>\n<ul>\n<li>Einen Personalausweis oder Reisepass<\/li>\n<li>Nachweis der Adresse<\/li>\n<li>Einen Kontoauszug f\u00fcr Lastschriftverfahren<\/li>\n<li>Ihre <a href=\"https:\/\/essencial-portugal.com\/de\/leben-in-lissabon-und-portugal\/beschaffung-tin-steueridentifikationsnummer-portugal\/\" target=\"_blank\" rel=\"noopener\">Beitragszahlernummer (TIN)<\/a><\/li>\n<\/ul>\n<p>Bitte beachten Sie, dass die Vorlage Ihres Kontoauszugs (PIN) nicht zwingend erforderlich ist. Es ist m\u00f6glich, Ihre Rechnungen direkt an Geldautomaten (MultiBanco) zu bezahlen. Dadurch werden Fehler oder falsche Abhebungen von Ihrem portugiesischen Bankkonto vermieden. Besuchen Sie unsere Seite zur Er\u00f6ffnung eines <a href=\"https:\/\/essencial-portugal.com\/de\/leben-in-lissabon-und-portugal\/bankkonto-portugal-eroffnen\/\" target=\"_blank\" rel=\"noopener\">Bankkontos in Portugal<\/a>, falls Sie noch keine Entscheidung getroffen haben.<\/p>\n<p>Sobald das Angebot abonniert ist, erfolgt die Inbetriebnahme schnell und gegebenenfalls durch den Einsatz von Technikern bei Ihnen zu Hause, um eine ADSL- oder Glasfaserleitung zu installieren. Im Falle eines neuen Abonnements oder eines Vertrags im Namen eines <a href=\"https:\/\/essencial-portugal.com\/de\/grundung-unternehmens-portugal\/\" target=\"_blank\" rel=\"noopener\">portugiesischen oder ausl\u00e4ndischen Unternehmens<\/a> k\u00f6nnen Sie die Erstattung dieser Kosten beantragen, die zwischen 100 und 150 \u20ac liegen k\u00f6nnen.<\/p>\n<p><img decoding=\"async\" class=\"aligncenter wp-image-20 size-full\" src=\"https:\/\/essencial-portugal.com\/de\/wp-content\/uploads\/2018\/03\/contra-telephone-internet-portugal-nos.jpg\" alt=\"NOS internet telephony shop\" width=\"624\" height=\"350\" srcset=\"https:\/\/essencial-portugal.com\/de\/wp-content\/uploads\/2018\/03\/contra-telephone-internet-portugal-nos.jpg 624w, https:\/\/essencial-portugal.com\/de\/wp-content\/uploads\/2018\/03\/contra-telephone-internet-portugal-nos-300x168.jpg 300w\" sizes=\"(max-width: 624px) 100vw, 624px\" \/><\/p>\n","protected":false},"excerpt":{"rendered":"<p>In Portugal gibt es viele ADSL- oder Glasfaser-Internet-, Mobilfunk- und Festnetztelefonanbieter. Die bekanntesten sind Vodafone, NOS und MEO. Diese Anbieter bieten verschiedene Pakete ab 30 \u20ac an, die u. a. folgende Leistungen umfassen unbegrenztes Internet Ein Paket mit TV-Kan\u00e4len (einschlie\u00dflich ausl\u00e4ndischer Kan\u00e4le) Unbegrenzte Festnetztelefonate in Portugal und\/oder ins Ausland Angebote f\u00fcr Mobiltelefone mit unbegrenztem Internetzugang [&hellip;]<\/p>\n","protected":false},"author":1,"featured_media":46,"parent":67,"menu_order":0,"comment_status":"closed","ping_status":"closed","template":"","meta":{"om_disable_all_campaigns":false,"_monsterinsights_skip_tracking":false,"_monsterinsights_sitenote_active":false,"_monsterinsights_sitenote_note":"","_monsterinsights_sitenote_category":0,"_uf_show_specific_survey":0,"_uf_disable_surveys":false,"site-sidebar-layout":"default","site-content-layout":"default","ast-site-content-layout":"default","site-content-style":"default","site-sidebar-style":"default","ast-global-header-display":"","ast-banner-title-visibility":"","ast-main-header-display":"","ast-hfb-above-header-display":"","ast-hfb-below-header-display":"","ast-hfb-mobile-header-display":"","site-post-title":"","ast-breadcrumbs-content":"","ast-featured-img":"","footer-sml-layout":"","ast-disable-related-posts":"","theme-transparent-header-meta":"default","adv-header-id-meta":"","stick-header-meta":"","header-above-stick-meta":"","header-main-stick-meta":"","header-below-stick-meta":"","astra-migrate-meta-layouts":"default","ast-page-background-enabled":"default","ast-page-background-meta":{"desktop":{"background-color":"","background-image":"","background-repeat":"repeat","background-position":"center center","background-size":"auto","background-attachment":"scroll","background-type":"","background-media":"","overlay-type":"","overlay-color":"","overlay-opacity":"","overlay-gradient":""},"tablet":{"background-color":"","background-image":"","background-repeat":"repeat","background-position":"center center","background-size":"auto","background-attachment":"scroll","background-type":"","background-media":"","overlay-type":"","overlay-color":"","overlay-opacity":"","overlay-gradient":""},"mobile":{"background-color":"","background-image":"","background-repeat":"repeat","background-position":"center center","background-size":"auto","background-attachment":"scroll","background-type":"","background-media":"","overlay-type":"","overlay-color":"","overlay-opacity":"","overlay-gradient":""}},"ast-content-background-meta":{"desktop":{"background-color":"var(--ast-global-color-5)","background-image":"","background-repeat":"repeat","background-position":"center center","background-size":"auto","background-attachment":"scroll","background-type":"","background-media":"","overlay-type":"","overlay-color":"","overlay-opacity":"","overlay-gradient":""},"tablet":{"background-color":"var(--ast-global-color-5)","background-image":"","background-repeat":"repeat","background-position":"center center","background-size":"auto","background-attachment":"scroll","background-type":"","background-media":"","overlay-type":"","overlay-color":"","overlay-opacity":"","overlay-gradient":""},"mobile":{"background-color":"var(--ast-global-color-5)","background-image":"","background-repeat":"repeat","background-position":"center center","background-size":"auto","background-attachment":"scroll","background-type":"","background-media":"","overlay-type":"","overlay-color":"","overlay-opacity":"","overlay-gradient":""}},"footnotes":""},"class_list":["post-83","page","type-page","status-publish","has-post-thumbnail","hentry"],"aioseo_notices":[],"_links":{"self":[{"href":"https:\/\/essencial-portugal.com\/de\/wp-json\/wp\/v2\/pages\/83","targetHints":{"allow":["GET"]}}],"collection":[{"href":"https:\/\/essencial-portugal.com\/de\/wp-json\/wp\/v2\/pages"}],"about":[{"href":"https:\/\/essencial-portugal.com\/de\/wp-json\/wp\/v2\/types\/page"}],"author":[{"embeddable":true,"href":"https:\/\/essencial-portugal.com\/de\/wp-json\/wp\/v2\/users\/1"}],"replies":[{"embeddable":true,"href":"https:\/\/essencial-portugal.com\/de\/wp-json\/wp\/v2\/comments?post=83"}],"version-history":[{"count":0,"href":"https:\/\/essencial-portugal.com\/de\/wp-json\/wp\/v2\/pages\/83\/revisions"}],"up":[{"embeddable":true,"href":"https:\/\/essencial-portugal.com\/de\/wp-json\/wp\/v2\/pages\/67"}],"wp:featuredmedia":[{"embeddable":true,"href":"https:\/\/essencial-portugal.com\/de\/wp-json\/wp\/v2\/media\/46"}],"wp:attachment":[{"href":"https:\/\/essencial-portugal.com\/de\/wp-json\/wp\/v2\/media?parent=83"}],"curies":[{"name":"wp","href":"https:\/\/api.w.org\/{rel}","templated":true}]}}