{"id":90,"date":"2018-03-23T16:29:18","date_gmt":"2018-03-23T16:29:18","guid":{"rendered":"https:\/\/essencial-portugal.com\/fr\/?page_id=90"},"modified":"2023-01-07T08:21:05","modified_gmt":"2023-01-07T08:21:05","slug":"nhr-status-portugal","status":"publish","type":"page","link":"https:\/\/essencial-portugal.com\/de\/leben-in-lissabon-und-portugal\/nhr-status-portugal\/","title":{"rendered":"NHR-Status (Non Habitual Resident)"},"content":{"rendered":"<p><img fetchpriority=\"high\" decoding=\"async\" class=\"aligncenter wp-image-61 size-full\" src=\"https:\/\/essencial-portugal.com\/de\/wp-content\/uploads\/2018\/03\/statut-RNH-portugal.png\" alt=\"NHR status portugal\" width=\"1024\" height=\"576\" srcset=\"https:\/\/essencial-portugal.com\/de\/wp-content\/uploads\/2018\/03\/statut-RNH-portugal.png 1024w, https:\/\/essencial-portugal.com\/de\/wp-content\/uploads\/2018\/03\/statut-RNH-portugal-300x169.png 300w, https:\/\/essencial-portugal.com\/de\/wp-content\/uploads\/2018\/03\/statut-RNH-portugal-768x432.png 768w\" sizes=\"(max-width: 1024px) 100vw, 1024px\" \/><\/p>\n<h2>NHR-Status: Nicht-habitueller Einwohner<\/h2>\n<p>Dieser sehr vorteilhafte Status ist Teil der Ma\u00dfnahmen, die die portugiesische Regierung 2009 ergriffen hat, um Immobilieninvestitionen im Land zu f\u00f6rdern: Befreiung von der Rentensteuer, von gewerblichen und freiberuflichen Eink\u00fcnften, Investitionsgewinnen, Beteiligungen, Dividenden, Immobilieneink\u00fcnften und Kapitalgewinnen aus einer ausl\u00e4ndischen Quelle in Portugal.<\/p>\n<p>Wenn Sie in Portugal den Status eines &#8220;Non Habitual Resident&#8221; (NHR) erlangen, k\u00f6nnen Sie von einer vorteilhaften Besteuerung Ihrer Eink\u00fcnfte aus ausl\u00e4ndischen Quellen profitieren. Sie k\u00f6nnen aber auch sowohl in Portugal als auch in dem Land, aus dem das Einkommen stammt, von der Steuer befreit werden. Dieser Status bietet au\u00dferdem einen besonderen Steuersatz von 20 % auf Eink\u00fcnfte aus T\u00e4tigkeiten mit hoher Wertsch\u00f6pfung. Mehr \u00fcber diese T\u00e4tigkeiten mit hohem Mehrwert erfahren Sie in unserem <a href=\"https:\/\/essencial-portugal.com\/de\/nachrichten-portugal\/berufe-mit-hoher-wertschopfung-nhr\/\" target=\"_blank\" rel=\"noopener\">entsprechenden Artikel<\/a>.<\/p>\n<p>A status that is not only advantageous but also valid for 10 years. Its duration is interesting but this RNH status cannot be renewed.<\/p>\n<blockquote><p>Klicken Sie auf den folgenden Link und f\u00fcllen Sie das Formular aus, um von einem englischsprachigen Fachmann aus Lissabon kontaktiert und begleitet zu werden, um Ihren Status als nicht gew\u00f6hnlicher portugiesischer Einwohner zu erhalten.<\/p><\/blockquote>\n<p style=\"text-align: center;\"><a class=\"maxbutton-3 maxbutton maxbutton-form\" href=\"#form\"><span class='mb-text'>KONTAKT<\/span><\/a><\/p>\n<h2>Einkommen, das f\u00fcr den portugiesischen NHR-Status qualifiziert<\/h2>\n<ul>\n<li>Aus einer nicht-portugiesischen Quelle gezahlte L\u00f6hne<\/li>\n<li>Aus dem Ausland gezahlte Renten f\u00fcr Nicht-Einwohner<\/li>\n<li>Mieteinnahmen, Kapitalertr\u00e4ge und Kapitalgewinne aus einer nicht-portugiesischen Quelle, die von gew\u00f6hnlichen Nichtans\u00e4ssigen erzielt werden, sind ebenfalls von der Einkommensteuer befreit.<\/li>\n<\/ul>\n<p>Nach dem Recht des Landes und ab dem Zeitpunkt, an dem Sie in Portugal steuerlich ans\u00e4ssig werden, haben Sie Anspruch auf den Status eines RNH in Portugal. Das bedeutet, dass Sie eine der ersten drei Bedingungen sowie die vierte Bedingung erf\u00fcllen m\u00fcssen, um den Status zu erhalten:<\/p>\n<ul>\n<li>Sie haben Ihren Hauptwohnsitz im Land<\/li>\n<li>Sie verbringen mindestens 183 Tage im Steuerjahr; und<\/li>\n<li>Sie m\u00fcssen am 31. Dezember des Jahres eine Wohnung in Portugal besitzen und die Absicht haben, diese als gew\u00f6hnlichen Wohnsitz beizubehalten.<\/li>\n<li>dass Sie in den letzten 5 Jahren nicht in Portugal besteuert worden sind<\/li>\n<\/ul>\n<p>Es gibt also f\u00fcr bestimmte Personengruppen die M\u00f6glichkeit, einen Zweitwohnsitz zu erwerben, die meiste Zeit des Jahres dort zu verbringen und in der \u00fcbrigen Zeit Mieteinnahmen zu erzielen, die mit starken Steuervorteilen verbunden sind.<\/p>\n<p><img decoding=\"async\" class=\"aligncenter size-full wp-image-60\" src=\"https:\/\/essencial-portugal.com\/de\/wp-content\/uploads\/2018\/03\/statut-resident-non-habituel-portugal.jpg\" alt=\"r\u00e9sident non habituel portugais\" width=\"989\" height=\"349\" srcset=\"https:\/\/essencial-portugal.com\/de\/wp-content\/uploads\/2018\/03\/statut-resident-non-habituel-portugal.jpg 989w, https:\/\/essencial-portugal.com\/de\/wp-content\/uploads\/2018\/03\/statut-resident-non-habituel-portugal-300x106.jpg 300w, https:\/\/essencial-portugal.com\/de\/wp-content\/uploads\/2018\/03\/statut-resident-non-habituel-portugal-768x271.jpg 768w\" sizes=\"(max-width: 989px) 100vw, 989px\" \/><\/p>\n<h2>Erlangung des NHR-Status: Frist, Antrag, Verfahren&#8230;<\/h2>\n<p>Wenn Sie die Voraussetzungen erf\u00fcllen, stellen Sie den Antrag auf Zuerkennung des Status eines nicht st\u00e4ndigen Wohnsitzes in Portugal unverz\u00fcglich bei der Generaldirektion f\u00fcr \u00f6ffentliche Finanzen (Autoridade Tributaria) Ihres Wohnsitzes. Der Antrag wird gestellt, sobald Sie in Portugal steuerlich ans\u00e4ssig geworden sind oder vor dem 31. M\u00e4rz des folgenden Steuerjahres.<\/p>\n<p>Die chronologische Reihenfolge der Verwaltungsverfahren zur Erlangung des Status :<\/p>\n<ul>\n<li>Beantragung einer Steuernummer f\u00fcr Nichtans\u00e4ssige<\/li>\n<li>Leben in Portugal (Miete oder Kauf einer portugiesischen Immobilie)<\/li>\n<li>Anmeldung bei der Camara Municipal (Gemeindeverwaltung)<\/li>\n<li>Einen schriftlichen Antrag an die zust\u00e4ndige Beh\u00f6rde stellen<\/li>\n<\/ul>\n<h2>Need help to obtain your Non Habitual Resident status in Portugal?<\/h2>\n<p>Fill out the form below to be put in touch with a chartered accountant.<\/p>\n<ul>\n<li>Briefing to study your admission to the status and your coming to Portugal<\/li>\n<li>Administrative procedures for arrival and registration in Portugal<\/li>\n<li>Preparation and submission of application for NHR status<\/li>\n<li>Follow-up until status is achieved<\/li>\n<\/ul>\n<h2 id=\"form\">Ben\u00f6tigen Sie Hilfe bei der Erlangung des NHR-Status in Portugal?<\/h2>\n<p style=\"text-align: center;\"><div class=\"wpforms-container wpforms-container-full\" id=\"wpforms-5167\"><form id=\"wpforms-form-5167\" class=\"wpforms-validate wpforms-form\" data-formid=\"5167\" method=\"post\" enctype=\"multipart\/form-data\" action=\"\/de\/wp-json\/wp\/v2\/pages\/90\" data-token=\"5965311b9e34e46a3201d559d2b49c67\" data-token-time=\"1778187867\"><noscript class=\"wpforms-error-noscript\">Please enable JavaScript in your browser to complete this form.<\/noscript><div class=\"wpforms-field-container\"><div id=\"wpforms-5167-field_0-container\" class=\"wpforms-field wpforms-field-name\" data-field-id=\"0\"><label class=\"wpforms-field-label\" for=\"wpforms-5167-field_0\">Name <span class=\"wpforms-required-label\">*<\/span><\/label><div class=\"wpforms-field-row wpforms-field-medium\"><div class=\"wpforms-field-row-block wpforms-first wpforms-one-half\"><input type=\"text\" id=\"wpforms-5167-field_0\" class=\"wpforms-field-name-first wpforms-field-required\" name=\"wpforms[fields][0][first]\" required><label for=\"wpforms-5167-field_0\" class=\"wpforms-field-sublabel after wpforms-sublabel-hide\">First<\/label><\/div><div class=\"wpforms-field-row-block wpforms-one-half\"><input type=\"text\" id=\"wpforms-5167-field_0-last\" class=\"wpforms-field-name-last wpforms-field-required\" name=\"wpforms[fields][0][last]\" required><label for=\"wpforms-5167-field_0-last\" class=\"wpforms-field-sublabel after wpforms-sublabel-hide\">Last<\/label><\/div><\/div><\/div><div id=\"wpforms-5167-field_1-container\" class=\"wpforms-field wpforms-field-email\" data-field-id=\"1\"><label class=\"wpforms-field-label\" for=\"wpforms-5167-field_1\">E-mail <span class=\"wpforms-required-label\">*<\/span><\/label><input type=\"email\" id=\"wpforms-5167-field_1\" class=\"wpforms-field-medium wpforms-field-required\" name=\"wpforms[fields][1]\" spellcheck=\"false\" required><\/div><div id=\"wpforms-5167-field_4-container\" class=\"wpforms-field wpforms-field-text\" data-field-id=\"4\"><label class=\"wpforms-field-label\" for=\"wpforms-5167-field_4\">Phone <span class=\"wpforms-required-label\">*<\/span><\/label><input type=\"text\" id=\"wpforms-5167-field_4\" class=\"wpforms-field-medium wpforms-field-required\" name=\"wpforms[fields][4]\" required><\/div><div id=\"wpforms-5167-field_5-container\" class=\"wpforms-field wpforms-field-text\" data-field-id=\"5\"><label class=\"wpforms-field-label\" for=\"wpforms-5167-field_5\">Subject <span class=\"wpforms-required-label\">*<\/span><\/label><input type=\"text\" id=\"wpforms-5167-field_5\" class=\"wpforms-field-medium wpforms-field-required\" name=\"wpforms[fields][5]\" required><\/div><div id=\"wpforms-5167-field_2-container\" class=\"wpforms-field wpforms-field-textarea\" data-field-id=\"2\"><label class=\"wpforms-field-label\" for=\"wpforms-5167-field_2\">Your project \/ Your needs <span class=\"wpforms-required-label\">*<\/span><\/label><textarea id=\"wpforms-5167-field_2\" class=\"wpforms-field-medium wpforms-field-required\" name=\"wpforms[fields][2]\" required><\/textarea><\/div><\/div><!-- .wpforms-field-container --><div class=\"wpforms-field wpforms-field-hp\"><label for=\"wpforms-5167-field-hp\" class=\"wpforms-field-label\">Email<\/label><input type=\"text\" name=\"wpforms[hp]\" id=\"wpforms-5167-field-hp\" class=\"wpforms-field-medium\"><\/div><div class=\"wpforms-submit-container\" ><input type=\"hidden\" name=\"wpforms[id]\" value=\"5167\"><input type=\"hidden\" name=\"page_title\" value=\"\"><input type=\"hidden\" name=\"page_url\" value=\"https:\/\/essencial-portugal.com\/de\/wp-json\/wp\/v2\/pages\/90\"><input type=\"hidden\" name=\"url_referer\" value=\"\"><button type=\"submit\" name=\"wpforms[submit]\" id=\"wpforms-submit-5167\" class=\"wpforms-submit\" data-alt-text=\"Sending...\" data-submit-text=\"Send\" aria-live=\"assertive\" value=\"wpforms-submit\">Send<\/button><\/div><\/form><\/div>  <!-- .wpforms-container --><\/p>\n<blockquote><p>Mit der Best\u00e4tigung des Kontaktformulars erm\u00e4chtigen Sie mich, Ihre Anfrage an eine englischsprachige Person weiterzuleiten, die sich direkt mit Ihnen in Verbindung setzen kann. Diese Person ist ein Profi, der bezahlte Dienstleistungen anbietet, deren Preis je nach Ihren W\u00fcnschen, Bed\u00fcrfnissen und Projekten variiert. Nichts ist automatisiert: Es handelt sich um Personen, die ich kenne, die in Lissabon ans\u00e4ssig sind und die qualifiziert sind, Sie bei Ihrem Ansatz und Ihrem Projekt zu begleiten.<\/p>\n<p>Essencial Portugal ist eine Website, die Einzelpersonen\/Unternehmen mit vertrauensw\u00fcrdigen, zertifizierten Fachleuten in Portugal zusammenbringt, um Projekte im Land durchzuf\u00fchren. Nur diese zertifizierten und zugelassenen Fachleute sind in der Lage, Sie zu informieren, diese Dienstleistungen anzubieten und in Rechnung zu stellen.<\/p><\/blockquote>\n","protected":false},"excerpt":{"rendered":"<p>NHR-Status: Nicht-habitueller Einwohner Dieser sehr vorteilhafte Status ist Teil der Ma\u00dfnahmen, die die portugiesische Regierung 2009 ergriffen hat, um Immobilieninvestitionen im Land zu f\u00f6rdern: Befreiung von der Rentensteuer, von gewerblichen und freiberuflichen Eink\u00fcnften, Investitionsgewinnen, Beteiligungen, Dividenden, Immobilieneink\u00fcnften und Kapitalgewinnen aus einer ausl\u00e4ndischen Quelle in Portugal. Wenn Sie in Portugal den Status eines &#8220;Non Habitual Resident&#8221; [&hellip;]<\/p>\n","protected":false},"author":1,"featured_media":0,"parent":67,"menu_order":0,"comment_status":"closed","ping_status":"closed","template":"","meta":{"om_disable_all_campaigns":false,"_monsterinsights_skip_tracking":false,"_monsterinsights_sitenote_active":false,"_monsterinsights_sitenote_note":"","_monsterinsights_sitenote_category":0,"_uf_show_specific_survey":0,"_uf_disable_surveys":false,"site-sidebar-layout":"default","site-content-layout":"default","ast-site-content-layout":"default","site-content-style":"default","site-sidebar-style":"default","ast-global-header-display":"","ast-banner-title-visibility":"","ast-main-header-display":"","ast-hfb-above-header-display":"","ast-hfb-below-header-display":"","ast-hfb-mobile-header-display":"","site-post-title":"","ast-breadcrumbs-content":"","ast-featured-img":"","footer-sml-layout":"","ast-disable-related-posts":"","theme-transparent-header-meta":"default","adv-header-id-meta":"","stick-header-meta":"","header-above-stick-meta":"","header-main-stick-meta":"","header-below-stick-meta":"","astra-migrate-meta-layouts":"default","ast-page-background-enabled":"default","ast-page-background-meta":{"desktop":{"background-color":"","background-image":"","background-repeat":"repeat","background-position":"center center","background-size":"auto","background-attachment":"scroll","background-type":"","background-media":"","overlay-type":"","overlay-color":"","overlay-opacity":"","overlay-gradient":""},"tablet":{"background-color":"","background-image":"","background-repeat":"repeat","background-position":"center center","background-size":"auto","background-attachment":"scroll","background-type":"","background-media":"","overlay-type":"","overlay-color":"","overlay-opacity":"","overlay-gradient":""},"mobile":{"background-color":"","background-image":"","background-repeat":"repeat","background-position":"center center","background-size":"auto","background-attachment":"scroll","background-type":"","background-media":"","overlay-type":"","overlay-color":"","overlay-opacity":"","overlay-gradient":""}},"ast-content-background-meta":{"desktop":{"background-color":"var(--ast-global-color-5)","background-image":"","background-repeat":"repeat","background-position":"center center","background-size":"auto","background-attachment":"scroll","background-type":"","background-media":"","overlay-type":"","overlay-color":"","overlay-opacity":"","overlay-gradient":""},"tablet":{"background-color":"var(--ast-global-color-5)","background-image":"","background-repeat":"repeat","background-position":"center center","background-size":"auto","background-attachment":"scroll","background-type":"","background-media":"","overlay-type":"","overlay-color":"","overlay-opacity":"","overlay-gradient":""},"mobile":{"background-color":"var(--ast-global-color-5)","background-image":"","background-repeat":"repeat","background-position":"center center","background-size":"auto","background-attachment":"scroll","background-type":"","background-media":"","overlay-type":"","overlay-color":"","overlay-opacity":"","overlay-gradient":""}},"footnotes":""},"class_list":["post-90","page","type-page","status-publish","hentry"],"aioseo_notices":[],"_links":{"self":[{"href":"https:\/\/essencial-portugal.com\/de\/wp-json\/wp\/v2\/pages\/90","targetHints":{"allow":["GET"]}}],"collection":[{"href":"https:\/\/essencial-portugal.com\/de\/wp-json\/wp\/v2\/pages"}],"about":[{"href":"https:\/\/essencial-portugal.com\/de\/wp-json\/wp\/v2\/types\/page"}],"author":[{"embeddable":true,"href":"https:\/\/essencial-portugal.com\/de\/wp-json\/wp\/v2\/users\/1"}],"replies":[{"embeddable":true,"href":"https:\/\/essencial-portugal.com\/de\/wp-json\/wp\/v2\/comments?post=90"}],"version-history":[{"count":0,"href":"https:\/\/essencial-portugal.com\/de\/wp-json\/wp\/v2\/pages\/90\/revisions"}],"up":[{"embeddable":true,"href":"https:\/\/essencial-portugal.com\/de\/wp-json\/wp\/v2\/pages\/67"}],"wp:attachment":[{"href":"https:\/\/essencial-portugal.com\/de\/wp-json\/wp\/v2\/media?parent=90"}],"curies":[{"name":"wp","href":"https:\/\/api.w.org\/{rel}","templated":true}]}}