{"id":92,"date":"2018-03-23T16:33:16","date_gmt":"2018-03-23T16:33:16","guid":{"rendered":"https:\/\/essencial-portugal.com\/fr\/?page_id=92"},"modified":"2023-03-01T10:38:43","modified_gmt":"2023-03-01T10:38:43","slug":"registrieren-sie-ihr-fahrzeug-portugal","status":"publish","type":"page","link":"https:\/\/essencial-portugal.com\/de\/leben-in-lissabon-und-portugal\/registrieren-sie-ihr-fahrzeug-portugal\/","title":{"rendered":"Registrieren Sie Ihr Fahrzeug in Portugal"},"content":{"rendered":"<p><img fetchpriority=\"high\" decoding=\"async\" class=\"aligncenter wp-image-32 size-full\" src=\"https:\/\/essencial-portugal.com\/de\/wp-content\/uploads\/2018\/03\/immatriculer-vehicule-au-portugal.jpg\" alt=\"register your car in portugal\" width=\"1024\" height=\"394\" srcset=\"https:\/\/essencial-portugal.com\/de\/wp-content\/uploads\/2018\/03\/immatriculer-vehicule-au-portugal.jpg 1024w, https:\/\/essencial-portugal.com\/de\/wp-content\/uploads\/2018\/03\/immatriculer-vehicule-au-portugal-300x115.jpg 300w, https:\/\/essencial-portugal.com\/de\/wp-content\/uploads\/2018\/03\/immatriculer-vehicule-au-portugal-768x296.jpg 768w\" sizes=\"(max-width: 1024px) 100vw, 1024px\" \/><\/p>\n<p>Die Zulassung eines Fahrzeugs in Europa oder aus englischsprachigen L\u00e4ndern in Portugal ist wahrscheinlich das komplizierteste Verwaltungsverfahren und erfordert eine schnelle Reise zu vielen Beh\u00f6rden. Wenn Sie sich l\u00e4nger als 6 Monate in Portugal aufhalten, ist dies eine Pflicht, die mit hohen Geldstrafen verbunden ist. Wenn Sie Ihr Auto nicht im Lande kaufen wollen, werden Sie sich wahrscheinlich irgendwann fragen, wie man ein Auto in Portugal anmeldet?<\/p>\n<blockquote><p>Wenn Sie von einem zuverl\u00e4ssigen, englischsprachigen Fachmann bei der Zulassung Ihres Autos oder Motorrads begleitet werden m\u00f6chten, wo immer Sie sich in Portugal befinden, klicken Sie auf die Schaltfl\u00e4che unten und f\u00fcllen Sie das Formular am Ende der Seite aus.<\/p>\n<p>Edit: Aufgrund der Komplexit\u00e4t dieses Prozesses habe ich nur einen seri\u00f6sen englischsprachigen Dienstleister gefunden, der Ihnen bei der Zulassung Ihres Fahrzeugs in Portugal helfen kann. Dabei handelt es sich um eine Anwaltskanzlei in der N\u00e4he von Lissabon, die sich um den Zulassungsantrag und den Antrag auf ISV-Befreiung beim Zoll k\u00fcmmert. Der Preis dieser Firma betr\u00e4gt 2000\u20ac pro Fahrzeug und beinhaltet nicht die Kosten f\u00fcr die technische Inspektion, die Anmeldung und die Zulassungsgeb\u00fchr.<\/p>\n<p><span style=\"color: #ff0000;\">Bitte f\u00fcllen Sie dieses Formular nur aus, wenn Sie mit diesem Preis einverstanden sind, um unn\u00f6tige Umtauschaktionen mit diesem Anbieter zu vermeiden. Wenn Sie dies selbst tun m\u00f6chten, finden Sie weiter unten auf dieser Seite eine Menge Informationen.<\/span><\/p><\/blockquote>\n<p style=\"text-align: center;\"><a class=\"maxbutton-3 maxbutton maxbutton-form\" href=\"#form\"><span class='mb-text'>KONTAKT<\/span><\/a><\/p>\n<h2>Registrierung in Portugal<\/h2>\n<p>Auf dieser Seite finden Sie die meisten Informationen, die Sie \u00fcber das portugiesische Zulassungsverfahren f\u00fcr Ihr Fahrzeug wissen m\u00fcssen. Sie werden sehen, dass es sehr kompliziert ist und nicht m\u00f6glich ist, wenn Sie kein Portugiesisch sprechen. Au\u00dferdem ist es wichtig zu wissen, dass die portugiesischen Beh\u00f6rden nicht als die schnellsten bekannt sind und es sehr lange dauern kann, bis Sie am Schalter ankommen.<\/p>\n<p>Dieser Hindernisparcours ist nicht das erste, was Sie vielleicht tun m\u00f6chten, um Ihre <a href=\"https:\/\/essencial-portugal.com\/de\/nachrichten-portugal\/leben-in-lissabon\/\" target=\"_blank\" rel=\"noopener\">Ansiedlung in Lissabon<\/a> oder anderswo zu beginnen.<\/p>\n<p>Deshalb schlage ich vor, dass Sie sich mit einem englischsprachigen Unternehmen in Verbindung setzen, das auf die Zulassung von Fahrzeugen in Portugal spezialisiert ist. Es ist in Portugal ans\u00e4ssig, f\u00fchrt diesen Schritt f\u00fcr viele Privatpersonen oder Unternehmen durch und wird sich um die Zulassung Ihres Fahrzeugs k\u00fcmmern.\u00a0Ihre Anwesenheit ist nur bei der technischen Kontrolle des Fahrzeugs erforderlich.<\/p>\n<p>Ein Service, der Ihnen viel Zeit spart, Ihre Geduld schont und es Ihnen erm\u00f6glicht, Ihre portugiesischen Nummernschilder zu erhalten, ohne etwas tun zu m\u00fcssen.<\/p>\n<p>Um eine portugiesische Zulassung zu erhalten, bietet dieses spezialisierte Unternehmen:<\/p>\n<ul>\n<li>Kontaktaufnahme mit Ihnen, um mit Ihnen die Verwaltungsakte vorzubereiten und Ihnen das Verfahren zu erkl\u00e4ren.<\/li>\n<li>Vereinbaren Sie einen Termin in Ihrer N\u00e4he f\u00fcr die technische \u00dcberpr\u00fcfung<\/li>\n<li>Genehmigung des Fahrzeugs bei IMTT einholen<\/li>\n<li>Einreichung Ihres Dossiers beim Zoll f\u00fcr die ISV-Befreiung<\/li>\n<li>Sie erhalten Ihre portugiesische Zulassungsnummer und vereinbaren einen Termin f\u00fcr die Anfertigung der Schilder.<\/li>\n<li>Registrieren Sie Ihr Fahrzeug bei der IMTT und im Fahrzeugregister<\/li>\n<\/ul>\n<p>Wie bereits erw\u00e4hnt, meldet sich dieses Unternehmen selbst und ohne Ihre Anwesenheit bei den Beh\u00f6rden an. Es kann Autos in Lissabon, aber auch \u00fcberall sonst in Portugal anmelden. Das gesamte Verfahren dauert etwa 2 Monate, vom Beginn bis zum Erhalt Ihres Fahrzeugscheins (documento \u00fanico).<\/p>\n<p>Es wird dringend empfohlen, die Voraussetzungen f\u00fcr die Befreiung von der ISV (Kraftfahrzeugsteuer) zu erf\u00fcllen. Zu Ihrer Information: Die ISV f\u00fcr die Zulassung eines neuen Opel Corsa in Portugal kann bis zu 5000 \u20ac betragen.<br \/>\nEs ist wichtig zu beachten, dass das Gesetz seit Dezember 2017 ge\u00e4ndert wurde: Sie m\u00fcssen das Fahrzeug nicht mehr l\u00e4nger als 12 Monate besitzen, sondern nur noch 6 Monate, um f\u00fcr eine Befreiung von dieser Steuer in Frage zu kommen.<\/p>\n<h2>Der europ\u00e4ische Typgenehmigungsbogen des Herstellers<\/h2>\n<p>Dies ist die Konformit\u00e4tsbescheinigung, die Sie f\u00fcr die Zulassung Ihres Fahrzeugs in Portugal ben\u00f6tigen. Sie wird nur vom Hersteller ausgestellt und ist kostenpflichtig! Sie fasst die Eigenschaften Ihres Fahrzeugs zusammen und es ist besser, sie vor Ihrer Abreise zu besorgen, um Zeit zu sparen. Sie k\u00f6nnen sie bei der Zulassungsstelle Ihres H\u00e4ndlers anfordern.<\/p>\n<h2>Technische \u00dcberpr\u00fcfung des Fahrzeugs<\/h2>\n<p>Auch hier mag die technische Inspektion f\u00fcr Ihr Fahrzeug einfach erscheinen, aber Sie m\u00fcssen die Sprache sprechen. Nur sehr wenige &#8220;Centro de Inspe\u00e7oes&#8221; sprechen Englisch und es ist besser, wenn Sie begleitet werden, um Ihren Gespr\u00e4chspartner zu verstehen, wenn er Sie auffordert, die Blinker zu bet\u00e4tigen!<\/p>\n<p>Die technische Inspektion muss in einem zugelassenen Zentrum (Centro de Inspe\u00e7ao T\u00e9cnica) durchgef\u00fchrt werden, f\u00fcr das Sie leicht \u00fcber das Internet oder per Telefon einen Termin vereinbaren k\u00f6nnen. Sicherlich gibt es auch in Ihrer N\u00e4he eine solche Stelle, vor allem in der Umgebung von Lissabon.<\/p>\n<p>Die notwendigen Dokumente f\u00fcr die technische \u00dcberpr\u00fcfung :<\/p>\n<p><span style=\"font-size: 16px;\">The technical control will cost you about 75\u20ac.<\/span><\/p>\n<ul>\n<li>G\u00fcltiger Personalausweis oder Reisepass<\/li>\n<li><a href=\"https:\/\/essencial-portugal.com\/de\/leben-in-lissabon-und-portugal\/beschaffung-tin-steueridentifikationsnummer-portugal\/\" target=\"_blank\" rel=\"noopener\">Portugiesische Steueridentifikationsnummer (TIN)<\/a><\/li>\n<li>F\u00fchrerschein<\/li>\n<li>IMTT-Formular (Muster 9)<\/li>\n<li>Der Fahrzeugschein<\/li>\n<\/ul>\n<p>Die technische Kontrolle kostet etwa 75 \u20ac.<\/p>\n<p><img decoding=\"async\" class=\"aligncenter wp-image-14 size-full\" src=\"https:\/\/essencial-portugal.com\/de\/wp-content\/uploads\/2018\/03\/centre-inspection-voiture-portugal.jpg\" alt=\"auto inspection center\" width=\"1024\" height=\"507\" srcset=\"https:\/\/essencial-portugal.com\/de\/wp-content\/uploads\/2018\/03\/centre-inspection-voiture-portugal.jpg 1024w, https:\/\/essencial-portugal.com\/de\/wp-content\/uploads\/2018\/03\/centre-inspection-voiture-portugal-300x149.jpg 300w, https:\/\/essencial-portugal.com\/de\/wp-content\/uploads\/2018\/03\/centre-inspection-voiture-portugal-768x380.jpg 768w\" sizes=\"(max-width: 1024px) 100vw, 1024px\" \/><\/p>\n<h2>Das Formular IMTT Modelo 9<\/h2>\n<p>Dieses Formular ist f\u00fcr die Zulassung Ihres Fahrzeugs in Portugal unerl\u00e4sslich, da es bei der technischen Kontrolle vorgelegt werden muss, aber es ist nicht notwendig, dass es bereits von der Verwaltung unterzeichnet wurde. Es kann leicht aus dem Internet heruntergeladen werden und Sie k\u00f6nnen es dank der oben erw\u00e4hnten Europ\u00e4ischen Konformit\u00e4tsbescheinigung ausf\u00fcllen.<\/p>\n<p>Wenn Sie das Formular ausgef\u00fcllt haben, k\u00f6nnen Sie beim ITMT (<a href=\"http:\/\/www.imtt.pt\/\" target=\"_blank\" rel=\"noopener\">Institut f\u00fcr Mobilit\u00e4t und Landverkehr<\/a>) die portugiesische Zulassung des Fahrzeugs beantragen. Klingt kompliziert? Wir m\u00f6chten Sie daran erinnern, dass Essencial Portugal diese Verfahren f\u00fcr Sie \u00fcbernimmt! Ihre Anwesenheit ist nicht erforderlich, nur die Dokumente m\u00fcssen unseren anglo-portugiesischen Vertretern vorgelegt werden.<\/p>\n<p>Bitte beachten Sie, dass Sie bei dieser portugiesischen Beh\u00f6rde auch nach der Motor- und Fahrgestellnummer Ihres Fahrzeugs gefragt werden. Es ist daher ratsam, diese vor der Fahrt dorthin selbst oder in einer Werkstatt zu ermitteln.<\/p>\n<p>Die erforderlichen Dokumente f\u00fcr die ITMT in Portugal<\/p>\n<ul>\n<li>G\u00fcltiger Personalausweis oder Reisepass<\/li>\n<li>Steueridentifikationsnummer (TIN)<\/li>\n<li>F\u00fchrerschein<\/li>\n<li>Formular IMTT Modelo 9, ausgef\u00fcllt von den technischen Inspektoren des Fahrzeugs<\/li>\n<li>Die europ\u00e4ische Konformit\u00e4tsbescheinigung f\u00fcr das Fahrzeug<\/li>\n<\/ul>\n<h2>Anmeldung des Fahrzeugs bei den portugiesischen Grenzbeh\u00f6rden<\/h2>\n<p>Beim portugiesischen Zoll werden die Dinge schwieriger, da die oben genannten Verfahren einige Zeit in Anspruch nehmen k\u00f6nnen, aber Sie m\u00fcssen trotzdem mit einigen der oben genannten Dokumente innerhalb von 20 Tagen nach der Einreise des Fahrzeugs nach Portugal zum portugiesischen Zoll gehen. Eine nicht immer selbstverst\u00e4ndliche Gymnastik!<\/p>\n<p>Beim Zoll k\u00f6nnen Sie dann die &#8220;Declara\u00e7\u00e3o Aduaneira de Veiculo&#8221; und den Antrag auf Befreiung von der Kraftfahrzeugsteuer ausf\u00fcllen.<\/p>\n<h3>F\u00fcr &#8220;DAV&#8221; erforderliche Dokumente<\/h3>\n<ul>\n<li>Fahrzeugschein<\/li>\n<li>Kaufrechnung oder Verkaufserkl\u00e4rung bei einem Kauf zwischen Privatpersonen<\/li>\n<li>Europ\u00e4ische Konformit\u00e4tsbescheinigung<\/li>\n<li>Beim IMTT eingegangenes Dokument + technische Zulassung des Fahrzeugs<\/li>\n<li>Transportbescheinigung, wenn Sie das Fahrzeug von einem Drittanbieter \u00fcberf\u00fchren lie\u00dfen<\/li>\n<li>Dokument der technischen Inspektion<\/li>\n<li>Dokument des technischen Zentrums \u00fcber den CO\u00b2-Emissionswert Ihres Fahrzeugs<\/li>\n<\/ul>\n<h3>Kfz-Steuer: ISV<\/h3>\n<p>Es ist wichtig, dass Sie die Bedingungen f\u00fcr die Befreiung von der Kfz-Steuer erf\u00fcllen. Diese Steuer kann n\u00e4mlich sehr hoch sein und einen gro\u00dfen Prozentsatz des Preises Ihres Fahrzeugs ausmachen. Um von der Steuer befreit zu werden, m\u00fcssen Sie die folgenden Bedingungen erf\u00fcllen:<\/p>\n<ul>\n<li>Sie m\u00fcssen vollj\u00e4hrig sein<\/li>\n<li>Sie haben das Fahrzeug in Ihrem Heimatland gekauft<\/li>\n<li>Sie besitzen Ihr Fahrzeug seit mindestens 6 Monaten<\/li>\n<\/ul>\n<p>Planen Sie also nicht, ein Fahrzeug in Europa zu kaufen, bevor Sie nach Portugal kommen, denn das w\u00fcrde Sie viel mehr kosten als der Kauf Ihres Fahrzeugs direkt in Portugal. Jeder kann diesen Antrag stellen, aber seien Sie vorsichtig. Sie haben daf\u00fcr 6 Monate Zeit, wenn Sie diese Bedingungen erf\u00fcllen, ansonsten nur 10 Tage, um die Kfz-Steuer zu zahlen.<\/p>\n<p>Erforderliche Unterlagen f\u00fcr den Antrag auf Befreiung<\/p>\n<ul>\n<li>Grenz\u00fcbertrittserkl\u00e4rung ( DAV)<\/li>\n<li>Fahrzeugschein<\/li>\n<li>Europ\u00e4ische Konformit\u00e4tsbescheinigung<\/li>\n<li>F\u00fchrerschein<\/li>\n<li>Beitragszahler-Nummer (TIN)<\/li>\n<li>Wohnsitzbescheinigung des Herkunftslandes (z. B. Rathaus)<\/li>\n<li>Bescheinigung des Wohnsitzes<\/li>\n<\/ul>\n<h2>Beantragung eines portugiesischen Fahrzeugscheins<\/h2>\n<p>Und nein, es ist noch nicht vorbei, denn Sie m\u00fcssen jetzt wieder zum IMTT gehen, um Ihre portugiesische Kfz-Zulassung zu erhalten. Dazu m\u00fcssen Sie die folgenden Dokumente mitbringen:<\/p>\n<ul>\n<li>G\u00fcltiger Personalausweis oder Reisepass<\/li>\n<li>F\u00fchrerschein<\/li>\n<li>Portugiesische TIN<\/li>\n<li>Bescheinigung des Wohnsitzes<\/li>\n<li>Europ\u00e4ische Konformit\u00e4tsbescheinigung<\/li>\n<li>Dokument der technischen Inspektion<\/li>\n<li>Modell 9, das zuvor bei IMTT erworben wurde<\/li>\n<li>Fotokopie Ihres Fahrzeugscheins mit dem Stempel der Zollbeh\u00f6rde.<\/li>\n<li>Der DAV mit dem Papier, das beweist, dass Sie die Kfz-Steuer bezahlt haben oder davon befreit sind (ISV)<\/li>\n<\/ul>\n<p><img decoding=\"async\" class=\"aligncenter wp-image-33 size-full\" src=\"https:\/\/essencial-portugal.com\/de\/wp-content\/uploads\/2018\/03\/IMTT-immatriculation-voiture-portugal.jpg\" alt=\"IMTT Lisbon\" width=\"1024\" height=\"808\" srcset=\"https:\/\/essencial-portugal.com\/de\/wp-content\/uploads\/2018\/03\/IMTT-immatriculation-voiture-portugal.jpg 1024w, https:\/\/essencial-portugal.com\/de\/wp-content\/uploads\/2018\/03\/IMTT-immatriculation-voiture-portugal-300x237.jpg 300w, https:\/\/essencial-portugal.com\/de\/wp-content\/uploads\/2018\/03\/IMTT-immatriculation-voiture-portugal-768x606.jpg 768w\" sizes=\"(max-width: 1024px) 100vw, 1024px\" \/><\/p>\n<h2>Zulassung des Fahrzeugs<\/h2>\n<p>Der letzte Schritt des Weges ist der Gang zum Conservatoria do Registo Automovel in der N\u00e4he Ihres Wohnortes oder direkt zum Schalter im IMTT mit den folgenden Dokumenten, um Ihre neue Registrierung zu best\u00e4tigen:<\/p>\n<ul>\n<li>Identit\u00e4tsdokument oder Reisepass<\/li>\n<li>F\u00fchrerschein<\/li>\n<li>Portugiesische TIN<\/li>\n<li>IMTT-Formular, Muster 9<\/li>\n<\/ul>\n<h2 id=\"form\">Unterst\u00fctzung bei der Zulassung Ihres Fahrzeugs<\/h2>\n<p>Dieser Prozess ist extrem langwierig und m\u00fchsam, aber ich kann Ihnen einen Kontakt zu einem englischsprachigen Unternehmen vermitteln, das sich seit mehreren Jahren auf diesen Prozess spezialisiert hat.\u00a0 Wir werden Sie bei der Zulassung Ihres Autos in Portugal begleiten.<\/p>\n<p>Benutzen Sie die Schaltfl\u00e4che unten, um das Kontaktformular auszuf\u00fcllen, Ihr Projekt zu erkl\u00e4ren und von dieser spezialisierten Firma kontaktiert zu werden, um zu sehen, wie wir Sie in Ihrem neuen Leben in Lissabon begleiten k\u00f6nnen.<\/p>\n<p style=\"text-align: center;\"><div class=\"wpforms-container wpforms-container-full\" id=\"wpforms-5170\"><form id=\"wpforms-form-5170\" class=\"wpforms-validate wpforms-form\" data-formid=\"5170\" method=\"post\" enctype=\"multipart\/form-data\" action=\"\/de\/wp-json\/wp\/v2\/pages\/92\" data-token=\"25259f54247a0e9ad3de81acffab6a5c\" data-token-time=\"1776643256\"><noscript class=\"wpforms-error-noscript\">Please enable JavaScript in your browser to complete this form.<\/noscript><div class=\"wpforms-field-container\"><div id=\"wpforms-5170-field_0-container\" class=\"wpforms-field wpforms-field-name\" data-field-id=\"0\"><label class=\"wpforms-field-label\" for=\"wpforms-5170-field_0\">Name <span class=\"wpforms-required-label\">*<\/span><\/label><div class=\"wpforms-field-row wpforms-field-medium\"><div class=\"wpforms-field-row-block wpforms-first wpforms-one-half\"><input type=\"text\" id=\"wpforms-5170-field_0\" class=\"wpforms-field-name-first wpforms-field-required\" name=\"wpforms[fields][0][first]\" required><label for=\"wpforms-5170-field_0\" class=\"wpforms-field-sublabel after wpforms-sublabel-hide\">First<\/label><\/div><div class=\"wpforms-field-row-block wpforms-one-half\"><input type=\"text\" id=\"wpforms-5170-field_0-last\" class=\"wpforms-field-name-last wpforms-field-required\" name=\"wpforms[fields][0][last]\" required><label for=\"wpforms-5170-field_0-last\" class=\"wpforms-field-sublabel after wpforms-sublabel-hide\">Last<\/label><\/div><\/div><\/div><div id=\"wpforms-5170-field_1-container\" class=\"wpforms-field wpforms-field-email\" data-field-id=\"1\"><label class=\"wpforms-field-label\" for=\"wpforms-5170-field_1\">E-mail <span class=\"wpforms-required-label\">*<\/span><\/label><input type=\"email\" id=\"wpforms-5170-field_1\" class=\"wpforms-field-medium wpforms-field-required\" name=\"wpforms[fields][1]\" spellcheck=\"false\" required><\/div><div id=\"wpforms-5170-field_4-container\" class=\"wpforms-field wpforms-field-text\" data-field-id=\"4\"><label class=\"wpforms-field-label\" for=\"wpforms-5170-field_4\">Phone <span class=\"wpforms-required-label\">*<\/span><\/label><input type=\"text\" id=\"wpforms-5170-field_4\" class=\"wpforms-field-medium wpforms-field-required\" name=\"wpforms[fields][4]\" required><\/div><div id=\"wpforms-5170-field_5-container\" class=\"wpforms-field wpforms-field-text\" data-field-id=\"5\"><label class=\"wpforms-field-label\" for=\"wpforms-5170-field_5\">Subject <span class=\"wpforms-required-label\">*<\/span><\/label><input type=\"text\" id=\"wpforms-5170-field_5\" class=\"wpforms-field-medium wpforms-field-required\" name=\"wpforms[fields][5]\" required><\/div><div id=\"wpforms-5170-field_2-container\" class=\"wpforms-field wpforms-field-textarea\" data-field-id=\"2\"><label class=\"wpforms-field-label\" for=\"wpforms-5170-field_2\">Your project \/ Your needs <span class=\"wpforms-required-label\">*<\/span><\/label><textarea id=\"wpforms-5170-field_2\" class=\"wpforms-field-medium wpforms-field-required\" name=\"wpforms[fields][2]\" required><\/textarea><\/div><\/div><!-- .wpforms-field-container --><div class=\"wpforms-field wpforms-field-hp\"><label for=\"wpforms-5170-field-hp\" class=\"wpforms-field-label\">Email<\/label><input type=\"text\" name=\"wpforms[hp]\" id=\"wpforms-5170-field-hp\" class=\"wpforms-field-medium\"><\/div><div class=\"wpforms-submit-container\" ><input type=\"hidden\" name=\"wpforms[id]\" value=\"5170\"><input type=\"hidden\" name=\"page_title\" value=\"\"><input type=\"hidden\" name=\"page_url\" value=\"https:\/\/essencial-portugal.com\/de\/wp-json\/wp\/v2\/pages\/92\"><input type=\"hidden\" name=\"url_referer\" value=\"\"><button type=\"submit\" name=\"wpforms[submit]\" id=\"wpforms-submit-5170\" class=\"wpforms-submit\" data-alt-text=\"Sending...\" data-submit-text=\"Send\" aria-live=\"assertive\" value=\"wpforms-submit\">Send<\/button><\/div><\/form><\/div>  <!-- .wpforms-container --><\/p>\n<blockquote><p>Mit der Best\u00e4tigung des Kontaktformulars erm\u00e4chtigen Sie mich, Ihre Anfrage an eine englischsprachige Person weiterzuleiten, die sich direkt mit Ihnen in Verbindung setzen kann. Nichts ist automatisiert: Es handelt sich um Personen, die ich kenne, die in Lissabon ans\u00e4ssig sind und die qualifiziert sind, Sie bei Ihrem Ansatz und Ihrem Projekt zu begleiten.<\/p>\n<p>Essencial Portugal ist eine Website, die Einzelpersonen\/Unternehmen mit vertrauensw\u00fcrdigen, zertifizierten Fachleuten in Portugal f\u00fcr die Durchf\u00fchrung von Projekten im Land verbindet. Nur diese zertifizierten und zugelassenen Fachleute sind in der Lage, Sie zu informieren, diese Dienstleistungen anzubieten und in Rechnung zu stellen.<\/p><\/blockquote>\n<p>&nbsp;<\/p>\n","protected":false},"excerpt":{"rendered":"<p>Die Zulassung eines Fahrzeugs in Europa oder aus englischsprachigen L\u00e4ndern in Portugal ist wahrscheinlich das komplizierteste Verwaltungsverfahren und erfordert eine schnelle Reise zu vielen Beh\u00f6rden. Wenn Sie sich l\u00e4nger als 6 Monate in Portugal aufhalten, ist dies eine Pflicht, die mit hohen Geldstrafen verbunden ist. Wenn Sie Ihr Auto nicht im Lande kaufen wollen, werden [&hellip;]<\/p>\n","protected":false},"author":1,"featured_media":32,"parent":67,"menu_order":0,"comment_status":"closed","ping_status":"closed","template":"","meta":{"om_disable_all_campaigns":false,"_monsterinsights_skip_tracking":false,"_monsterinsights_sitenote_active":false,"_monsterinsights_sitenote_note":"","_monsterinsights_sitenote_category":0,"_uf_show_specific_survey":0,"_uf_disable_surveys":false,"site-sidebar-layout":"default","site-content-layout":"default","ast-site-content-layout":"default","site-content-style":"default","site-sidebar-style":"default","ast-global-header-display":"","ast-banner-title-visibility":"","ast-main-header-display":"","ast-hfb-above-header-display":"","ast-hfb-below-header-display":"","ast-hfb-mobile-header-display":"","site-post-title":"","ast-breadcrumbs-content":"","ast-featured-img":"","footer-sml-layout":"","ast-disable-related-posts":"","theme-transparent-header-meta":"default","adv-header-id-meta":"","stick-header-meta":"","header-above-stick-meta":"","header-main-stick-meta":"","header-below-stick-meta":"","astra-migrate-meta-layouts":"default","ast-page-background-enabled":"default","ast-page-background-meta":{"desktop":{"background-color":"","background-image":"","background-repeat":"repeat","background-position":"center center","background-size":"auto","background-attachment":"scroll","background-type":"","background-media":"","overlay-type":"","overlay-color":"","overlay-opacity":"","overlay-gradient":""},"tablet":{"background-color":"","background-image":"","background-repeat":"repeat","background-position":"center center","background-size":"auto","background-attachment":"scroll","background-type":"","background-media":"","overlay-type":"","overlay-color":"","overlay-opacity":"","overlay-gradient":""},"mobile":{"background-color":"","background-image":"","background-repeat":"repeat","background-position":"center center","background-size":"auto","background-attachment":"scroll","background-type":"","background-media":"","overlay-type":"","overlay-color":"","overlay-opacity":"","overlay-gradient":""}},"ast-content-background-meta":{"desktop":{"background-color":"var(--ast-global-color-5)","background-image":"","background-repeat":"repeat","background-position":"center center","background-size":"auto","background-attachment":"scroll","background-type":"","background-media":"","overlay-type":"","overlay-color":"","overlay-opacity":"","overlay-gradient":""},"tablet":{"background-color":"var(--ast-global-color-5)","background-image":"","background-repeat":"repeat","background-position":"center center","background-size":"auto","background-attachment":"scroll","background-type":"","background-media":"","overlay-type":"","overlay-color":"","overlay-opacity":"","overlay-gradient":""},"mobile":{"background-color":"var(--ast-global-color-5)","background-image":"","background-repeat":"repeat","background-position":"center center","background-size":"auto","background-attachment":"scroll","background-type":"","background-media":"","overlay-type":"","overlay-color":"","overlay-opacity":"","overlay-gradient":""}},"footnotes":""},"class_list":["post-92","page","type-page","status-publish","has-post-thumbnail","hentry"],"aioseo_notices":[],"_links":{"self":[{"href":"https:\/\/essencial-portugal.com\/de\/wp-json\/wp\/v2\/pages\/92","targetHints":{"allow":["GET"]}}],"collection":[{"href":"https:\/\/essencial-portugal.com\/de\/wp-json\/wp\/v2\/pages"}],"about":[{"href":"https:\/\/essencial-portugal.com\/de\/wp-json\/wp\/v2\/types\/page"}],"author":[{"embeddable":true,"href":"https:\/\/essencial-portugal.com\/de\/wp-json\/wp\/v2\/users\/1"}],"replies":[{"embeddable":true,"href":"https:\/\/essencial-portugal.com\/de\/wp-json\/wp\/v2\/comments?post=92"}],"version-history":[{"count":0,"href":"https:\/\/essencial-portugal.com\/de\/wp-json\/wp\/v2\/pages\/92\/revisions"}],"up":[{"embeddable":true,"href":"https:\/\/essencial-portugal.com\/de\/wp-json\/wp\/v2\/pages\/67"}],"wp:featuredmedia":[{"embeddable":true,"href":"https:\/\/essencial-portugal.com\/de\/wp-json\/wp\/v2\/media\/32"}],"wp:attachment":[{"href":"https:\/\/essencial-portugal.com\/de\/wp-json\/wp\/v2\/media?parent=92"}],"curies":[{"name":"wp","href":"https:\/\/api.w.org\/{rel}","templated":true}]}}