{"id":99,"date":"2018-03-23T16:43:33","date_gmt":"2018-03-23T16:43:33","guid":{"rendered":"https:\/\/essencial-portugal.com\/fr\/?page_id=99"},"modified":"2023-03-01T10:38:32","modified_gmt":"2023-03-01T10:38:32","slug":"unternehmensgrundung-portugal","status":"publish","type":"page","link":"https:\/\/essencial-portugal.com\/de\/leben-in-lissabon-und-portugal\/unternehmensgrundung-portugal\/","title":{"rendered":"Unternehmensgr\u00fcndung in Portugal &#8211; Unterst\u00fctzung"},"content":{"rendered":"<p><img fetchpriority=\"high\" decoding=\"async\" class=\"aligncenter wp-image-21 size-full\" src=\"https:\/\/essencial-portugal.com\/de\/wp-content\/uploads\/2018\/03\/creation-entreprise-au-portugal.jpg\" alt=\"Starting a business in Portugal\" width=\"866\" height=\"495\" srcset=\"https:\/\/essencial-portugal.com\/de\/wp-content\/uploads\/2018\/03\/creation-entreprise-au-portugal.jpg 866w, https:\/\/essencial-portugal.com\/de\/wp-content\/uploads\/2018\/03\/creation-entreprise-au-portugal-300x171.jpg 300w, https:\/\/essencial-portugal.com\/de\/wp-content\/uploads\/2018\/03\/creation-entreprise-au-portugal-768x439.jpg 768w\" sizes=\"(max-width: 866px) 100vw, 866px\" \/><\/p>\n<p>In den letzten Jahren sind viele Rentner aus Europa und anderen L\u00e4ndern nach Portugal, Lissabon oder an die Algarve gezogen. Die Bedingungen f\u00fcr ausl\u00e4ndische Rentner k\u00f6nnen mit dem <a href=\"https:\/\/essencial-portugal.com\/de\/nachrichten-portugal\/nicht-standiger-wohnsitz-portugal-begleitung\/\" target=\"_blank\" rel=\"noopener\">Status des Non Habitual Resident vorteilhaft<\/a> sein. Aber mit zwei Websummit in 2016 und 2017 ist Lissabon auch eine attraktive Stadt f\u00fcr junge franz\u00f6sisch- oder englischsprachige Unternehmer und Berufst\u00e4tige. Portugal bietet Vorteile bei den Lohnkosten, der Besteuerung oder dem Risiko bei der Einstellung, so dass jeder sein eigenes Unternehmen gr\u00fcnden kann.<\/p>\n<h2>Gr\u00fcndung eines Unternehmens in Portugal<\/h2>\n<p>Bevor Sie im Folgenden die verschiedenen Phasen der Unternehmensgr\u00fcndung in Portugal oder die zur Verf\u00fcgung stehenden Rechtsgrundlagen kennenlernen, k\u00f6nnen Sie das unten stehende Formular ausf\u00fcllen, um von Buchhaltern und Wirtschaftspr\u00fcfern w\u00e4hrend des gesamten Prozesses der Unternehmensgr\u00fcndung in Portugal, des Kaufs eines Unternehmens in dem Land, der Buchhaltung oder der Personalverwaltung begleitet zu werden.<\/p>\n<p>Das seit 2000 auf dem europ\u00e4ischen Markt und seit 2011 in Portugal t\u00e4tige Beratungs-, Buchhaltungs- und Personalmanagementunternehmen arbeitet mit Unternehmen verschiedener Branchen und Gr\u00f6\u00dfen und hat bereits mehr als 200 Unternehmen in Portugal gegr\u00fcndet.\u00a0Nutzen Sie die Schaltfl\u00e4che &#8220;Kontakt&#8221; unten und f\u00fcllen Sie das entsprechende Formular aus, damit das Unternehmen Ihr Projekt kennenlernen und sich f\u00fcr einen ersten Austausch schnell mit Ihnen in Verbindung setzen kann.<\/p>\n<p>&nbsp;<\/p>\n<p style=\"text-align: center;\"><a class=\"maxbutton-3 maxbutton maxbutton-form\" href=\"#form\"><span class='mb-text'>KONTAKT<\/span><\/a><\/p>\n<p>&nbsp;<\/p>\n<p>Die Gr\u00fcndung eines Unternehmens kann in Portugal sehr schnell erfolgen, und Sie haben die M\u00f6glichkeit, sich von einer Portugiesisch sprechenden Person begleiten zu lassen, die erkl\u00e4rt, dass sie alle wichtigen Aspekte im Zusammenhang mit der Gr\u00fcndung Ihres Unternehmens erl\u00e4utert hat. Ohne Sprachkenntnisse ist es schwierig, zur zust\u00e4ndigen Beh\u00f6rde zu gehen und sich selbst\u00e4ndig zu machen. Zwar wird dort Englisch gesprochen, aber alle offiziellen Dokumente, die ausgef\u00fcllt und unterzeichnet werden m\u00fcssen, sind auf Portugiesisch.<\/p>\n<p>Bevor Sie mit dem Gr\u00fcndungsprozess beginnen k\u00f6nnen, m\u00fcssen Sie im Besitz einer <a href=\"https:\/\/essencial-portugal.com\/de\/leben-in-lissabon-und-portugal\/beschaffung-tin-steueridentifikationsnummer-portugal\/\" target=\"_blank\" rel=\"noopener\">portugiesischen Steueridentifikationsnummer<\/a> (TIN) sein. Wir k\u00f6nnen dieses Verwaltungsverfahren f\u00fcr Sie durchf\u00fchren, aber Sie m\u00fcssen w\u00e4hrend des Gr\u00fcndungsprozesses Ihres Unternehmens in Portugal anwesend sein. Zun\u00e4chst m\u00fcssen Sie Ihr Unternehmen in das Handelsregister eintragen lassen. Erfahren Sie mehr \u00fcber die Bescheinigungen, die Sie online erhalten k\u00f6nnen und die von den portugiesischen Beh\u00f6rden verlangt werden.<\/p>\n<p>Ein portugiesisches Unternehmen muss auch eine Registrierungsnummer und eine <a href=\"https:\/\/essencial-portugal.com\/de\/leben-in-lissabon-und-portugal\/portugiesische-sozialversicherung\/\" target=\"_blank\" rel=\"noopener\">Sozialversicherungsnummer<\/a> erhalten. Diese erh\u00e4lt man durch die Registrierung bei den Finanzdienstleistungs- und Sozialversicherungsbeh\u00f6rden. Sie k\u00f6nnen dies \u00fcber das Internet erledigen. Es wird weiterhin empfohlen, dass Sie immer von einem portugiesischen Buchhalter begleitet werden, der Franz\u00f6sisch oder Englisch spricht (je nach Muttersprache). Rechnungen f\u00fcr Unternehmen in Portugal m\u00fcssen mit einer zugelassenen Software erstellt werden, die j\u00e4hrlich gegen eine Geb\u00fchr lizenziert wird. Der Buchhalter wird also daf\u00fcr sorgen, dass Sie :<\/p>\n<ul>\n<li>Einholung der vorgeschriebenen Rechnungen<\/li>\n<li>ein gut gef\u00fchrtes Buchhaltungssystem in \u00dcbereinstimmung mit den geltenden Gesetzen zu haben.<\/li>\n<li>Sie bei bestimmten Verwaltungsverfahren in Bezug auf Ihr Unternehmen zu unterst\u00fctzen<\/li>\n<li>Ihre <a href=\"https:\/\/essencial-portugal.com\/de\/nachrichten-portugal\/steuererklarung-portugal\/\" target=\"_blank\" rel=\"noopener\">Steuererkl\u00e4rungen<\/a> so vorteilhaft wie m\u00f6glich auszuf\u00fcllen<\/li>\n<\/ul>\n<p>Wenden Sie sich an uns und vertrauen Sie uns alle Verwaltungsverfahren im Zusammenhang mit der Gr\u00fcndung Ihres Unternehmens in Portugal an. Wir begleiten Sie bei den Verwaltungsverfahren im Gro\u00dfraum Lissabon, von der Erstellung des Dossiers bis zur Aush\u00e4ndigung der endg\u00fcltigen Rechtsdokumente.<\/p>\n<p>Wenn Ihr Kapital aus dem Ausland stammt, m\u00fcssen Sie sich beim portugiesischen Amt f\u00fcr Handel, Investitionen und Tourismus registrieren lassen. Au\u00dferdem m\u00fcssen Sie ein <a href=\"https:\/\/essencial-portugal.com\/de\/leben-in-lissabon-und-portugal\/bankkonto-portugal-eroffnen\/\" target=\"_blank\" rel=\"noopener\">portugiesisches Bankkonto er\u00f6ffnen<\/a>.<\/p>\n<h2>Unternehmensstatuten in Portugal<\/h2>\n<p>Ihr neues berufliches Projekt in Lissabon oder anderswo hat vielleicht noch nicht alle Grundlagen. Im Folgenden finden Sie einen \u00dcberblick \u00fcber die verschiedenen Rechtsformen, die Ihnen in Portugal zur Verf\u00fcgung stehen, um Ihnen die Entscheidung zu erleichtern, welche f\u00fcr Ihr Unternehmen am vorteilhaftesten ist.<\/p>\n<h3>Das einzelne Unternehmen<\/h3>\n<p>Diese Rechtsform ist ideal f\u00fcr kleine Unternehmen und erfordert kein Kapital. Der Gr\u00fcnder ist der Einzige, der die Gesch\u00e4fte f\u00fchrt, aber sein Verm\u00f6gen und das seines Unternehmens sind gemeinsam. Eine Form, \u00fcber die man angesichts seiner unbeschr\u00e4nkten Haftung nachdenken sollte.<\/p>\n<h3>Das Unternehmen Unipessoal per Quotas<\/h3>\n<p>Das Mindestkapital f\u00fcr diese Rechtsform betr\u00e4gt 1 \u20ac. F\u00fcr eine einfache Unternehmensgr\u00fcndung ist es wichtig zu bedenken, dass im Falle einer florierenden T\u00e4tigkeit und einer Nachfrage nach Darlehen oder Investitionen ein Kapital von 1000\u20ac \u00fcberzeugender ist als 1\u20ac. Diese Rechtsform erfordert nur einen Gesellschafter (physisch oder moralisch), der bis zur H\u00f6he seiner Einlage haftet.<\/p>\n<h3>Portugiesisches Unternehmen f\u00fcr Kontingente<\/h3>\n<p>Rechtsform mit beschr\u00e4nkter Haftung, die mindestens 2 Gesellschafter haben muss. Das Mindestkapital f\u00fcr die Gr\u00fcndung einer Gesellschaft in der Form der L.D.A. betr\u00e4gt 1\u20ac pro Gesellschafter. Die Gesellschaft kann einen oder mehrere Gesch\u00e4ftsf\u00fchrer haben. Die Gesellschafter haften f\u00fcr die H\u00f6he ihrer Einlagen und sind vor allem untereinander gesamtschuldnerisch haftbar, wenn sie Schulden haben.<\/p>\n<h3>Die Aktiengesellschaft<\/h3>\n<p>Empfohlene Rechtsform f\u00fcr gro\u00dfe Unternehmen. F\u00fcr ihre Gr\u00fcndung sind mindestens 5 Gesellschafter und ein Mindestkapital von 50.000 \u20ac erforderlich.<\/p>\n<h3>Das Unternehmen mit dem Sammelnamen<\/h3>\n<p>Die Mindestanzahl der Gesellschafter bei dieser Rechtsform betr\u00e4gt zwei. Es k\u00f6nnen auch mehr sein, und jeder hat eine Stimme. Ein Mindestkapital ist nicht erforderlich, und alle Unternehmensentscheidungen werden mit einfacher Mehrheit getroffen. Im Falle der Ernennung eines Nichtgesellschafter-Gesch\u00e4ftsf\u00fchrers m\u00fcssen die Unternehmensentscheidungen einstimmig getroffen werden.<\/p>\n<h2>Empresa na Hora: Ihr portugiesisches Unternehmen in 1 Stunde<\/h2>\n<p>In Lissabon und anderswo gibt es einzigartige B\u00fcros, in denen Portugiesen und Nicht-Portugiesen gleicherma\u00dfen in weniger als einer Stunde ein Unternehmen gr\u00fcnden k\u00f6nnen. Diese Dienstleistung wird f\u00fcr die Gr\u00fcndung von Kleinunternehmen angeboten, wie z.B. UNIPESSOAL und Sociedad por Quotas. Eine L\u00f6sung, die interessant sein kann, da Sie in diesen B\u00fcros die M\u00f6glichkeit haben, :<\/p>\n<ul>\n<li>den Namen Ihrer portugiesischen Gesellschaft w\u00e4hlen<\/li>\n<li>Ihre Rechtsform w\u00e4hlen<\/li>\n<li>Ihren Hauptsitz festlegen<\/li>\n<li>Ihr Kapital festzulegen<\/li>\n<li>Ihren T\u00e4tigkeitsbereich festlegen<\/li>\n<\/ul>\n<p>Mit einer einfachen Unterschrift und Zahlung ist die Gr\u00fcndung Ihres <a href=\"https:\/\/essencial-portugal.com\/de\/leben-in-lissabon-und-portugal\/unternehmensgrundung-portugal\/\" target=\"_blank\" rel=\"noopener\">Unternehmens in Lissabon<\/a> abgeschlossen. Um mein eigenes Unternehmen in diesen B\u00fcros zu gr\u00fcnden, kann die Wartezeit je nach den gew\u00e4hlten Stunden l\u00e4nger sein. Wir k\u00f6nnen Sie begleiten und Sie beraten, wann Sie am besten dorthin kommen.<br \/>\nDas Kapital Ihres Unternehmens muss vor der Gr\u00fcndung oder 5 Tage nach der Einreichung der Unterlagen bei den Beh\u00f6rden auf ein portugiesisches Bankkonto eingezahlt werden. Au\u00dferdem muss die Satzung vor einem Notar unterzeichnet und die Aufnahme Ihrer T\u00e4tigkeit erkl\u00e4rt werden: zwei Elemente, die die Unterst\u00fctzung eines erfahrenen Buchhalters erfordern k\u00f6nnen.<\/p>\n<h2 id=\"form\">Unternehmensgr\u00fcndung in Portugal mit einem englischsprachigen Buchhalter<\/h2>\n<p>Englischsprachige Wirtschaftspr\u00fcfungsgesellschaft im Herzen von Lissabon<\/p>\n<p>Gr\u00fcndung Ihres portugiesischen Unternehmens von A bis Z: seri\u00f6ser und professioneller Service<\/p>\n<p>Mehrere Dienstleistungen, kontaktieren Sie uns, um Ihre Projekte zu besprechen:<\/p>\n<ul>\n<li>Gr\u00fcndung eines Unternehmens<\/li>\n<li>Buchhaltung<\/li>\n<li>HR Buchhaltung<\/li>\n<li>Kauf eines Unternehmens in Portugal<\/li>\n<li>Erkl\u00e4rung<\/li>\n<li>Werke<\/li>\n<\/ul>\n<p style=\"text-align: center;\"><div class=\"wpforms-container wpforms-container-full\" id=\"wpforms-5169\"><form id=\"wpforms-form-5169\" class=\"wpforms-validate wpforms-form\" data-formid=\"5169\" method=\"post\" enctype=\"multipart\/form-data\" action=\"\/de\/wp-json\/wp\/v2\/pages\/99\" data-token=\"9c9c475fae309137a41819e05f5abaa0\" data-token-time=\"1776643256\"><noscript class=\"wpforms-error-noscript\">Please enable JavaScript in your browser to complete this form.<\/noscript><div class=\"wpforms-field-container\"><div id=\"wpforms-5169-field_0-container\" class=\"wpforms-field wpforms-field-name\" data-field-id=\"0\"><label class=\"wpforms-field-label\" for=\"wpforms-5169-field_0\">Name <span class=\"wpforms-required-label\">*<\/span><\/label><div class=\"wpforms-field-row wpforms-field-medium\"><div class=\"wpforms-field-row-block wpforms-first wpforms-one-half\"><input type=\"text\" id=\"wpforms-5169-field_0\" class=\"wpforms-field-name-first wpforms-field-required\" name=\"wpforms[fields][0][first]\" required><label for=\"wpforms-5169-field_0\" class=\"wpforms-field-sublabel after wpforms-sublabel-hide\">First<\/label><\/div><div class=\"wpforms-field-row-block wpforms-one-half\"><input type=\"text\" id=\"wpforms-5169-field_0-last\" class=\"wpforms-field-name-last wpforms-field-required\" name=\"wpforms[fields][0][last]\" required><label for=\"wpforms-5169-field_0-last\" class=\"wpforms-field-sublabel after wpforms-sublabel-hide\">Last<\/label><\/div><\/div><\/div><div id=\"wpforms-5169-field_1-container\" class=\"wpforms-field wpforms-field-email\" data-field-id=\"1\"><label class=\"wpforms-field-label\" for=\"wpforms-5169-field_1\">E-mail <span class=\"wpforms-required-label\">*<\/span><\/label><input type=\"email\" id=\"wpforms-5169-field_1\" class=\"wpforms-field-medium wpforms-field-required\" name=\"wpforms[fields][1]\" spellcheck=\"false\" required><\/div><div id=\"wpforms-5169-field_3-container\" class=\"wpforms-field wpforms-field-text\" data-field-id=\"3\"><label class=\"wpforms-field-label\" for=\"wpforms-5169-field_3\">Phone <span class=\"wpforms-required-label\">*<\/span><\/label><input type=\"text\" id=\"wpforms-5169-field_3\" class=\"wpforms-field-medium wpforms-field-required\" name=\"wpforms[fields][3]\" required><\/div><div id=\"wpforms-5169-field_4-container\" class=\"wpforms-field wpforms-field-text\" data-field-id=\"4\"><label class=\"wpforms-field-label\" for=\"wpforms-5169-field_4\">Where do you want to set up your business <span class=\"wpforms-required-label\">*<\/span><\/label><input type=\"text\" id=\"wpforms-5169-field_4\" class=\"wpforms-field-medium wpforms-field-required\" name=\"wpforms[fields][4]\" required><\/div><div id=\"wpforms-5169-field_5-container\" class=\"wpforms-field wpforms-field-text\" data-field-id=\"5\"><label class=\"wpforms-field-label\" for=\"wpforms-5169-field_5\">What type of company would you like to create <span class=\"wpforms-required-label\">*<\/span><\/label><input type=\"text\" id=\"wpforms-5169-field_5\" class=\"wpforms-field-medium wpforms-field-required\" name=\"wpforms[fields][5]\" required><\/div><div id=\"wpforms-5169-field_2-container\" class=\"wpforms-field wpforms-field-textarea\" data-field-id=\"2\"><label class=\"wpforms-field-label\" for=\"wpforms-5169-field_2\">Your project \/ Your needs <span class=\"wpforms-required-label\">*<\/span><\/label><textarea id=\"wpforms-5169-field_2\" class=\"wpforms-field-medium wpforms-field-required\" name=\"wpforms[fields][2]\" required><\/textarea><\/div><\/div><!-- .wpforms-field-container --><div class=\"wpforms-field wpforms-field-hp\"><label for=\"wpforms-5169-field-hp\" class=\"wpforms-field-label\">Name<\/label><input type=\"text\" name=\"wpforms[hp]\" id=\"wpforms-5169-field-hp\" class=\"wpforms-field-medium\"><\/div><div class=\"wpforms-submit-container\" ><input type=\"hidden\" name=\"wpforms[id]\" value=\"5169\"><input type=\"hidden\" name=\"page_title\" value=\"\"><input type=\"hidden\" name=\"page_url\" value=\"https:\/\/essencial-portugal.com\/de\/wp-json\/wp\/v2\/pages\/99\"><input type=\"hidden\" name=\"url_referer\" value=\"\"><button type=\"submit\" name=\"wpforms[submit]\" id=\"wpforms-submit-5169\" class=\"wpforms-submit\" data-alt-text=\"Sending...\" data-submit-text=\"Send\" aria-live=\"assertive\" value=\"wpforms-submit\">Send<\/button><\/div><\/form><\/div>  <!-- .wpforms-container --><\/p>\n<blockquote><p>Mit der Best\u00e4tigung des Kontaktformulars erm\u00e4chtigen Sie mich, Ihre Anfrage an eine englischsprachige Person weiterzuleiten, die sich direkt mit Ihnen in Verbindung setzen kann. Diese Person ist ein Profi, der bezahlte Dienstleistungen anbietet, deren Preis je nach Ihren W\u00fcnschen, Bed\u00fcrfnissen und Projekten variiert. Nichts ist automatisiert: Es handelt sich um Personen, die ich kenne, die in Lissabon ans\u00e4ssig sind und die qualifiziert sind, Sie bei Ihrem Ansatz und Ihrem Projekt zu begleiten.<\/p>\n<p>Essencial Portugal ist eine Website, die Einzelpersonen\/Unternehmen mit vertrauensw\u00fcrdigen, zertifizierten Fachleuten in Portugal zusammenbringt, um Projekte im Land durchzuf\u00fchren. Nur diese zertifizierten und zugelassenen Fachleute sind in der Lage, Sie zu informieren, diese Dienstleistungen anzubieten und in Rechnung zu stellen.<\/p><\/blockquote>\n<p>Im Folgenden finden Sie weitere Dienstleistungen f\u00fcr englischsprachige Unternehmen in Portugal, die Ihnen einen Eindruck von der Bandbreite der Fachleute vermitteln, die Sie begleiten k\u00f6nnen:<\/p>\n<ul>\n<li><a href=\"https:\/\/essencial-portugal.com\/de\/grundung-unternehmens-portugal\/kauf-unternehmens-portugal\/\" target=\"_blank\" rel=\"noopener noreferrer\">Kauf eines Unternehmens in Portugal<\/a><\/li>\n<li><a href=\"https:\/\/essencial-portugal.com\/de\/grundung-unternehmens-portugal\/englischsprachige-buchhalterin-lissabon-portugal\/\" target=\"_blank\" rel=\"noopener noreferrer\">Englische Buchhaltung in Portugal<\/a><\/li>\n<li><a href=\"https:\/\/essencial-portugal.com\/de\/grundung-unternehmens-portugal\/rechnungswesen-personalverwaltung-portugal\/\" target=\"_blank\" rel=\"noopener noreferrer\">Englischsprachiges HR-Management Lissabon und Portugal<\/a><\/li>\n<li><a href=\"https:\/\/essencial-portugal.com\/de\/leben-in-lissabon-und-portugal\/unternehmensgrundung-portugal\/\">Gr\u00fcndung eines Unternehmens in Portugal<\/a><\/li>\n<\/ul>\n","protected":false},"excerpt":{"rendered":"<p>In den letzten Jahren sind viele Rentner aus Europa und anderen L\u00e4ndern nach Portugal, Lissabon oder an die Algarve gezogen. Die Bedingungen f\u00fcr ausl\u00e4ndische Rentner k\u00f6nnen mit dem Status des Non Habitual Resident vorteilhaft sein. Aber mit zwei Websummit in 2016 und 2017 ist Lissabon auch eine attraktive Stadt f\u00fcr junge franz\u00f6sisch- oder englischsprachige Unternehmer [&hellip;]<\/p>\n","protected":false},"author":1,"featured_media":21,"parent":67,"menu_order":0,"comment_status":"closed","ping_status":"closed","template":"","meta":{"om_disable_all_campaigns":false,"_monsterinsights_skip_tracking":false,"_monsterinsights_sitenote_active":false,"_monsterinsights_sitenote_note":"","_monsterinsights_sitenote_category":0,"_uf_show_specific_survey":0,"_uf_disable_surveys":false,"site-sidebar-layout":"default","site-content-layout":"default","ast-site-content-layout":"default","site-content-style":"default","site-sidebar-style":"default","ast-global-header-display":"","ast-banner-title-visibility":"","ast-main-header-display":"","ast-hfb-above-header-display":"","ast-hfb-below-header-display":"","ast-hfb-mobile-header-display":"","site-post-title":"","ast-breadcrumbs-content":"","ast-featured-img":"","footer-sml-layout":"","ast-disable-related-posts":"","theme-transparent-header-meta":"default","adv-header-id-meta":"","stick-header-meta":"","header-above-stick-meta":"","header-main-stick-meta":"","header-below-stick-meta":"","astra-migrate-meta-layouts":"default","ast-page-background-enabled":"default","ast-page-background-meta":{"desktop":{"background-color":"","background-image":"","background-repeat":"repeat","background-position":"center center","background-size":"auto","background-attachment":"scroll","background-type":"","background-media":"","overlay-type":"","overlay-color":"","overlay-opacity":"","overlay-gradient":""},"tablet":{"background-color":"","background-image":"","background-repeat":"repeat","background-position":"center center","background-size":"auto","background-attachment":"scroll","background-type":"","background-media":"","overlay-type":"","overlay-color":"","overlay-opacity":"","overlay-gradient":""},"mobile":{"background-color":"","background-image":"","background-repeat":"repeat","background-position":"center center","background-size":"auto","background-attachment":"scroll","background-type":"","background-media":"","overlay-type":"","overlay-color":"","overlay-opacity":"","overlay-gradient":""}},"ast-content-background-meta":{"desktop":{"background-color":"var(--ast-global-color-5)","background-image":"","background-repeat":"repeat","background-position":"center center","background-size":"auto","background-attachment":"scroll","background-type":"","background-media":"","overlay-type":"","overlay-color":"","overlay-opacity":"","overlay-gradient":""},"tablet":{"background-color":"var(--ast-global-color-5)","background-image":"","background-repeat":"repeat","background-position":"center center","background-size":"auto","background-attachment":"scroll","background-type":"","background-media":"","overlay-type":"","overlay-color":"","overlay-opacity":"","overlay-gradient":""},"mobile":{"background-color":"var(--ast-global-color-5)","background-image":"","background-repeat":"repeat","background-position":"center center","background-size":"auto","background-attachment":"scroll","background-type":"","background-media":"","overlay-type":"","overlay-color":"","overlay-opacity":"","overlay-gradient":""}},"footnotes":""},"class_list":["post-99","page","type-page","status-publish","has-post-thumbnail","hentry"],"aioseo_notices":[],"_links":{"self":[{"href":"https:\/\/essencial-portugal.com\/de\/wp-json\/wp\/v2\/pages\/99","targetHints":{"allow":["GET"]}}],"collection":[{"href":"https:\/\/essencial-portugal.com\/de\/wp-json\/wp\/v2\/pages"}],"about":[{"href":"https:\/\/essencial-portugal.com\/de\/wp-json\/wp\/v2\/types\/page"}],"author":[{"embeddable":true,"href":"https:\/\/essencial-portugal.com\/de\/wp-json\/wp\/v2\/users\/1"}],"replies":[{"embeddable":true,"href":"https:\/\/essencial-portugal.com\/de\/wp-json\/wp\/v2\/comments?post=99"}],"version-history":[{"count":0,"href":"https:\/\/essencial-portugal.com\/de\/wp-json\/wp\/v2\/pages\/99\/revisions"}],"up":[{"embeddable":true,"href":"https:\/\/essencial-portugal.com\/de\/wp-json\/wp\/v2\/pages\/67"}],"wp:featuredmedia":[{"embeddable":true,"href":"https:\/\/essencial-portugal.com\/de\/wp-json\/wp\/v2\/media\/21"}],"wp:attachment":[{"href":"https:\/\/essencial-portugal.com\/de\/wp-json\/wp\/v2\/media?parent=99"}],"curies":[{"name":"wp","href":"https:\/\/api.w.org\/{rel}","templated":true}]}}