{"id":3878,"date":"2019-06-30T10:01:37","date_gmt":"2019-06-30T10:01:37","guid":{"rendered":"https:\/\/essencial-portugal.com\/fr\/?page_id=3878"},"modified":"2026-03-12T18:40:34","modified_gmt":"2026-03-12T18:40:34","slug":"home-insurance-portugal","status":"publish","type":"page","link":"https:\/\/essencial-portugal.com\/en\/insurance-portugal\/home-insurance-portugal\/","title":{"rendered":"Home insurance in Portugal"},"content":{"rendered":"<p>Home insurance in Portugal is compulsory for owners but not for tenants. The insurance premium depends on many factors and choosing the right home insurance for what you want to cover in your name. Comprehensive insurance is not compulsory but the owner of a property in Portugal is obliged to take out at least a fire insurance policy that covers the walls of a house or apartment. It will then be up to you to decide whether or not you also want to cover the inside of your home.<\/p>\n<h2>Home insurance in Portugal: English-speaking support<\/h2>\n<p><img fetchpriority=\"high\" decoding=\"async\" class=\"aligncenter wp-image-9 size-full\" src=\"https:\/\/essencial-portugal.com\/en\/wp-content\/uploads\/2018\/03\/assurance-habitation-portugal.jpg\" alt=\"home insurance portugal\" width=\"354\" height=\"339\" srcset=\"https:\/\/essencial-portugal.com\/en\/wp-content\/uploads\/2018\/03\/assurance-habitation-portugal.jpg 354w, https:\/\/essencial-portugal.com\/en\/wp-content\/uploads\/2018\/03\/assurance-habitation-portugal-300x287.jpg 300w\" sizes=\"(max-width: 354px) 100vw, 354px\" \/><\/p>\n<p>If you own an apartment or house in Portugal, then you will need to take out at least a home fire insurance. Finding the right home insurance, comparing different offers or getting in touch with insurers in Portugal is not easy if you don&#8217;t speak the language. If you speak English, then you will be able to talk to insurers over the phone, but it will always be complicated to understand the contracts and their differences.<\/p>\n<p>I suggest you to be accompanied by an English-speaking broker specialized in insurances in Portugal. He will be able to discuss your project with you and scan the different offers on the market to find the home insurance that best suits your needs. To do this, simply use the button below and fill in the associated form for a first contact.<\/p>\n<p>&nbsp;<\/p>\n<p style=\"text-align: center;\"><a class=\"maxbutton-3 maxbutton maxbutton-form\" href=\"#form\"><span class='mb-text'>CONTACT<\/span><\/a><\/p>\n<p>&nbsp;<\/p>\n<h2>Cost of home insurance in Portugal<\/h2>\n<p>Home insurance in Portugal is very accessible if you only want minimal fire protection. But even this minimum insurance will have a cost that will vary according to different elements that characterize the house you own :<\/p>\n<ul>\n<li>Is it your primary or secondary residence?<\/li>\n<li>In which city in Portugal is your home located?<\/li>\n<li>What is its surface area?<\/li>\n<li>What is its value?<\/li>\n<li>What is the value of the contents to be insured?<\/li>\n<li>Are you a tenant or owner<\/li>\n<\/ul>\n<p>These are all questions that the insurer will have to answer in order to define the price of your home insurance in Portugal. It is therefore a cost that is variable and specific to the situation and the good of each insured.<\/p>\n<h2>Renters and home insurance in Portugal<\/h2>\n<p><img decoding=\"async\" class=\"aligncenter wp-image-3969 size-full\" src=\"https:\/\/essencial-portugal.com\/en\/wp-content\/uploads\/2019\/06\/assurance-habitation-portugal.jpg\" alt=\"home insurance in Portugal\" width=\"1088\" height=\"548\" srcset=\"https:\/\/essencial-portugal.com\/en\/wp-content\/uploads\/2019\/06\/assurance-habitation-portugal.jpg 1088w, https:\/\/essencial-portugal.com\/en\/wp-content\/uploads\/2019\/06\/assurance-habitation-portugal-300x151.jpg 300w, https:\/\/essencial-portugal.com\/en\/wp-content\/uploads\/2019\/06\/assurance-habitation-portugal-768x387.jpg 768w, https:\/\/essencial-portugal.com\/en\/wp-content\/uploads\/2019\/06\/assurance-habitation-portugal-1024x516.jpg 1024w\" sizes=\"(max-width: 1088px) 100vw, 1088px\" \/><\/p>\n<p>As a tenant and unlike landlords, you are not required to take out home insurance in Portugal. However, it is your duty to make sure that your landlord has taken out fire insurance for the property you occupy. This is the minimum insurance covering only the walls in case of fire.<\/p>\n<p>Even if you are not obliged to do so, home insurance in Portugal as a landlord would allow you to guarantee peace of mind against various things for which you are in no way insured if you have not personally taken out any insurance:<\/p>\n<p>Insurance of your property<br \/>\nInsurance for damage you may cause in your home<br \/>\nInsurance of your civil liability<\/p>\n<p>It is therefore strongly recommended even as a tenant to take out Portuguese home insurance to protect yourself against any problems that may arise with your landlord or neighbours.<\/p>\n<p>Please be aware that my English-speaking collaborator specialized in <a href=\"https:\/\/portugal-insurance-hub.com\/\">insurance in Portugal<\/a> only offers home insurance that covers the civil liability of the occupants of the dwelling. This civil liability covers all members of your family and physical or material damage caused to third parties. A way to be serene and to avoid all possible problems related to your home such as burglary, fire or water damage..<\/p>\n<h2>Multi-risk home insurance in Portugal<\/h2>\n<p>A multi-risk insurance policy generally includes a set of predetermined coverages. It is also possible to add additional coverages that will of course influence the cost of your insurance.<\/p>\n<ul>\n<li>Multi-risk home insurance provides a wide range of coverage, including :<\/li>\n<li>Repairing damage to buildings caused by factors other than fire (floods, storms and electrical hazards)<\/li>\n<li>The protection of the movable property of the dwelling, by providing for the repair of damage caused to it<\/li>\n<li>An indemnity for theft<\/li>\n<li>An indemnity for the death of the insured or his\/her spouse as a result of fire, lightning, explosion or theft, when these events occurred in the dwelling.<\/li>\n<li>Cover for the civil liability of the insured and the persons in his household if it is necessary to compensate third parties for the damage caused.<\/li>\n<\/ul>\n<p>Note that banks generally require multi-risk insurance if you plan to use a home loan to buy a house and that you must include earthquake coverage.<\/p>\n<h2>Criteria for choosing home insurance in Portugal<\/h2>\n<p><img decoding=\"async\" class=\"aligncenter wp-image-3970 size-full\" src=\"https:\/\/essencial-portugal.com\/en\/wp-content\/uploads\/2019\/06\/courtier-assurance-habitation-portugal.jpg\" alt=\"home insurance broker portugal\" width=\"960\" height=\"550\" srcset=\"https:\/\/essencial-portugal.com\/en\/wp-content\/uploads\/2019\/06\/courtier-assurance-habitation-portugal.jpg 960w, https:\/\/essencial-portugal.com\/en\/wp-content\/uploads\/2019\/06\/courtier-assurance-habitation-portugal-300x172.jpg 300w, https:\/\/essencial-portugal.com\/en\/wp-content\/uploads\/2019\/06\/courtier-assurance-habitation-portugal-768x440.jpg 768w\" sizes=\"(max-width: 960px) 100vw, 960px\" \/><\/p>\n<h3>Evaluate your needs<\/h3>\n<p>If you want to buy home insurance, you first need to ask yourself what you want to protect.<\/p>\n<ul>\n<li>Do you simply want to include the walls or do you want to extend your insurance to your furniture?<\/li>\n<li>Is it essential to have earthquake protection? (In Lisbon the risk is higher)<\/li>\n<\/ul>\n<p>An analysis should always be made according to your specific situation: flood cover in your home insurance may be important for a ground floor apartment in Madeira, much less for a 3rd floor apartment in the hills of Lisbon.<\/p>\n<p>Although comprehensive insurance already includes some basic guarantees, you can always adapt and adjust it to your specific needs by adding additional guarantees that an English-speaking insurance broker will be able to advise you on.<\/p>\n<h3>Define your budget<\/h3>\n<p>Il est important de d\u00e9cider \u00e0 l&#8217;avance combien vous voulez d\u00e9penser pour votre assurance habitation au Portugal afin de bien g\u00e9rer vos finances personnelles et de comprendre \u00e0 quel point vous \u00eates pr\u00eat \u00e0 souscrire certaines protections. Veuillez noter que plus la couverture est compl\u00e8te, plus le montant de l&#8217;assurance sera bien entendu \u00e9lev\u00e9e.<\/p>\n<h3>Property to be insured<\/h3>\n<p>The valuation of the insured capital for walls is calculated on the basis of the surface area of the building multiplied by the reconstruction value per m2 of the residential area.<\/p>\n<p>The value of the land is not taken into account and therefore the reconstruction value will always be much lower than the overall value of your property if it is a house. The proximity of the dwelling to be insured to public transport, shopping areas, sun exposure and other points of evaluation of the value of a property are not taken into account for home insurance in Portugal.<\/p>\n<h3>The contents of your home<\/h3>\n<p>There is no formula to calculate the value of the contents of your home. In this case, you need to know what you have in your home. This assessment should ensure that the value of the <a href=\"https:\/\/essencial-portugal.com\/en\/insurance-portugal\/\" target=\"_blank\" rel=\"noopener noreferrer\">insurance in Portugal<\/a> is sufficient to replace all the goods you have in your home such as furniture, appliances, clothing and other possessions. Of course, it is ideal to have all the bills, but this is rarely the case.<\/p>\n<p>If you have special items such as jewellery, paintings, tapestries, antiques, these should be individually valued in the home insurance policy. Otherwise, the insurer will generally only pay up to 1,500 euros per item, even if the value is higher.<\/p>\n<h2 id=\"6\">Obligations of the insured in Portugal<\/h2>\n<p>There are obligations that the insured must meet in the event of a claim.\u00a0The Insurer is obliged to report the claim in writing to the Insurer as soon as possible, explaining :<\/p>\n<ul>\n<li>How it occurred<\/li>\n<li>What are the causes and consequences<\/li>\n<li>This report must never exceed eight days from the date the insured became aware of the event.<\/li>\n<\/ul>\n<p>The insured person must, as far as possible, take the measures in his power to prevent or limit the consequences of the accident and to provide the insurer, on request, with all information relating to the accident and its consequences.<\/p>\n<p>If the insured person does not comply with all the safety rules imposed by law, legal regulations and the terms of the contract, the cover and the amount of compensation may change.<\/p>\n<h2 id=\"6\">Insurer&#8217;s obligations in Portugal<\/h2>\n<p>The insurer also has obligations in the event of an accident and must act with diligence.<\/p>\n<p>It is the responsibility of the insurer in Portugal :<\/p>\n<ul>\n<li>To investigate the accident<\/li>\n<li>Assessing and resolving the damage as soon as the investigation and damage assessment is completed<\/li>\n<\/ul>\n<p>If he does not do so within the stipulated period of 30 days, he may pay interest on the amount of compensation.<\/p>\n<h2 id=\"form\">English-speaking home insurance broker Portugal<\/h2>\n<p style=\"text-align: center;\"><div class=\"wpforms-container wpforms-container-full\" id=\"wpforms-5160\"><form id=\"wpforms-form-5160\" class=\"wpforms-validate wpforms-form\" data-formid=\"5160\" method=\"post\" enctype=\"multipart\/form-data\" action=\"\/en\/wp-json\/wp\/v2\/pages\/3878\" data-token=\"5ade3717ce15497cf9d516a661cd24e8\" data-token-time=\"1776729392\"><noscript class=\"wpforms-error-noscript\">Please enable JavaScript in your browser to complete this form.<\/noscript><div class=\"wpforms-field-container\"><div id=\"wpforms-5160-field_0-container\" class=\"wpforms-field wpforms-field-name\" data-field-id=\"0\"><label class=\"wpforms-field-label\" for=\"wpforms-5160-field_0\">Name <span class=\"wpforms-required-label\">*<\/span><\/label><div class=\"wpforms-field-row wpforms-field-medium\"><div class=\"wpforms-field-row-block wpforms-first wpforms-one-half\"><input type=\"text\" id=\"wpforms-5160-field_0\" class=\"wpforms-field-name-first wpforms-field-required\" name=\"wpforms[fields][0][first]\" required><label for=\"wpforms-5160-field_0\" class=\"wpforms-field-sublabel after wpforms-sublabel-hide\">First<\/label><\/div><div class=\"wpforms-field-row-block wpforms-one-half\"><input type=\"text\" id=\"wpforms-5160-field_0-last\" class=\"wpforms-field-name-last wpforms-field-required\" name=\"wpforms[fields][0][last]\" required><label for=\"wpforms-5160-field_0-last\" class=\"wpforms-field-sublabel after wpforms-sublabel-hide\">Last<\/label><\/div><\/div><\/div><div id=\"wpforms-5160-field_1-container\" class=\"wpforms-field wpforms-field-email\" data-field-id=\"1\"><label class=\"wpforms-field-label\" for=\"wpforms-5160-field_1\">E-mail <span class=\"wpforms-required-label\">*<\/span><\/label><input type=\"email\" id=\"wpforms-5160-field_1\" class=\"wpforms-field-medium wpforms-field-required\" name=\"wpforms[fields][1]\" spellcheck=\"false\" required><\/div><div id=\"wpforms-5160-field_3-container\" class=\"wpforms-field wpforms-field-text\" data-field-id=\"3\"><label class=\"wpforms-field-label\" for=\"wpforms-5160-field_3\">Phone <span class=\"wpforms-required-label\">*<\/span><\/label><input type=\"text\" id=\"wpforms-5160-field_3\" class=\"wpforms-field-medium wpforms-field-required\" name=\"wpforms[fields][3]\" required><\/div><div id=\"wpforms-5160-field_4-container\" class=\"wpforms-field wpforms-field-text\" data-field-id=\"4\"><label class=\"wpforms-field-label\" for=\"wpforms-5160-field_4\">Date of Birth <span class=\"wpforms-required-label\">*<\/span><\/label><input type=\"text\" id=\"wpforms-5160-field_4\" class=\"wpforms-field-medium wpforms-field-required\" name=\"wpforms[fields][4]\" required><\/div><div id=\"wpforms-5160-field_5-container\" class=\"wpforms-field wpforms-field-text\" data-field-id=\"5\"><label class=\"wpforms-field-label\" for=\"wpforms-5160-field_5\">TIN \/ PASSPORT <span class=\"wpforms-required-label\">*<\/span><\/label><input type=\"text\" id=\"wpforms-5160-field_5\" class=\"wpforms-field-medium wpforms-field-required\" name=\"wpforms[fields][5]\" required><\/div><div id=\"wpforms-5160-field_8-container\" class=\"wpforms-field wpforms-field-text\" data-field-id=\"8\"><label class=\"wpforms-field-label\" for=\"wpforms-5160-field_8\">Postal Code <span class=\"wpforms-required-label\">*<\/span><\/label><input type=\"text\" id=\"wpforms-5160-field_8\" class=\"wpforms-field-medium wpforms-field-required\" name=\"wpforms[fields][8]\" required><\/div><div id=\"wpforms-5160-field_9-container\" class=\"wpforms-field wpforms-field-select\" data-field-id=\"9\"><label class=\"wpforms-field-label\" for=\"wpforms-5160-field_9\">Type of housing <span class=\"wpforms-required-label\">*<\/span><\/label><select id=\"wpforms-5160-field_9\" class=\"wpforms-field-medium wpforms-field-required\" name=\"wpforms[fields][9]\" required=\"required\"><option value=\"High-rise apartment\"  class=\"choice-1 depth-1\"  >High-rise apartment<\/option><option value=\"Apartment on the ground floor\"  class=\"choice-2 depth-1\"  >Apartment on the ground floor<\/option><option value=\"Top floor apartment\"  class=\"choice-3 depth-1\"  >Top floor apartment<\/option><option value=\"Detached house\"  class=\"choice-4 depth-1\"  >Detached house<\/option><option value=\"Attached house\"  class=\"choice-5 depth-1\"  >Attached house<\/option><\/select><\/div><div id=\"wpforms-5160-field_10-container\" class=\"wpforms-field wpforms-field-text\" data-field-id=\"10\"><label class=\"wpforms-field-label\" for=\"wpforms-5160-field_10\">Total built area in m\u00b2 <span class=\"wpforms-required-label\">*<\/span><\/label><input type=\"text\" id=\"wpforms-5160-field_10\" class=\"wpforms-field-medium wpforms-field-required\" name=\"wpforms[fields][10]\" required><\/div><div id=\"wpforms-5160-field_11-container\" class=\"wpforms-field wpforms-field-text\" data-field-id=\"11\"><label class=\"wpforms-field-label\" for=\"wpforms-5160-field_11\">Year of construction <span class=\"wpforms-required-label\">*<\/span><\/label><input type=\"text\" id=\"wpforms-5160-field_11\" class=\"wpforms-field-medium wpforms-field-required\" name=\"wpforms[fields][11]\" required><\/div><div id=\"wpforms-5160-field_12-container\" class=\"wpforms-field wpforms-field-select\" data-field-id=\"12\"><label class=\"wpforms-field-label\" for=\"wpforms-5160-field_12\">Housing regime<\/label><select id=\"wpforms-5160-field_12\" class=\"wpforms-field-medium\" name=\"wpforms[fields][12]\"><option value=\"Renter\"  class=\"choice-1 depth-1\"  >Renter<\/option><option value=\"Owner-occupant\"  class=\"choice-2 depth-1\"  >Owner-occupant<\/option><option value=\"Non-occupant owner\"  class=\"choice-3 depth-1\"  >Non-occupant owner<\/option><option value=\"Property for rent\"  class=\"choice-4 depth-1\"  >Property for rent<\/option><\/select><\/div><div id=\"wpforms-5160-field_13-container\" class=\"wpforms-field wpforms-field-text\" data-field-id=\"13\"><label class=\"wpforms-field-label\" for=\"wpforms-5160-field_13\">Value of your furniture in euros <span class=\"wpforms-required-label\">*<\/span><\/label><input type=\"text\" id=\"wpforms-5160-field_13\" class=\"wpforms-field-medium wpforms-field-required\" name=\"wpforms[fields][13]\" required><\/div><div id=\"wpforms-5160-field_2-container\" class=\"wpforms-field wpforms-field-textarea\" data-field-id=\"2\"><label class=\"wpforms-field-label\" for=\"wpforms-5160-field_2\">Further information <span class=\"wpforms-required-label\">*<\/span><\/label><textarea id=\"wpforms-5160-field_2\" class=\"wpforms-field-medium wpforms-field-required\" name=\"wpforms[fields][2]\" required><\/textarea><\/div><\/div><!-- .wpforms-field-container --><div class=\"wpforms-field wpforms-field-hp\"><label for=\"wpforms-5160-field-hp\" class=\"wpforms-field-label\">Message<\/label><input type=\"text\" name=\"wpforms[hp]\" id=\"wpforms-5160-field-hp\" class=\"wpforms-field-medium\"><\/div><div class=\"wpforms-submit-container\" ><input type=\"hidden\" name=\"wpforms[id]\" value=\"5160\"><input type=\"hidden\" name=\"page_title\" value=\"\"><input type=\"hidden\" name=\"page_url\" value=\"https:\/\/essencial-portugal.com\/en\/wp-json\/wp\/v2\/pages\/3878\"><input type=\"hidden\" name=\"url_referer\" value=\"\"><button type=\"submit\" name=\"wpforms[submit]\" id=\"wpforms-submit-5160\" class=\"wpforms-submit\" data-alt-text=\"Sending...\" data-submit-text=\"Send\" aria-live=\"assertive\" value=\"wpforms-submit\">Send<\/button><\/div><\/form><\/div>  <!-- .wpforms-container --><\/p>\n<blockquote><p>By validating the contact form, you authorize me to forward your request to an English-speaking insurance broker who will be able to contact you directly. Nothing is automated: they are people I know, based in Lisbon and who are qualified to accompany you in your approach &amp; your project.<\/p><\/blockquote>\n<h2>Insurance in Portugal<\/h2>\n<p>You will find below all the insurances in Portugal for which you can call upon my specialized partner broker:<\/p>\n<ul>\n<li><a href=\"https:\/\/essencial-portugal.com\/en\/news-portugal\/health-insurances-portugal-how-to-choose\/\">Health insurance Portugal<\/a><\/li>\n<li><a href=\"https:\/\/essencial-portugal.com\/en\/insurance-portugal\/motorcycle-insurance-portugal\/\">Motorcycle insurance Portugal<\/a><\/li>\n<li><a href=\"https:\/\/essencial-portugal.com\/en\/insurance-portugal\/life-insurance-portugal\/\">Life insurance Portugal<\/a><\/li>\n<li><a href=\"https:\/\/essencial-portugal.com\/en\/insurance-portugal\/dental-insurance-portugal\/\">Dental insurance Portugal<\/a><\/li>\n<li><a href=\"https:\/\/essencial-portugal.com\/en\/insurance-portugal\/car-insurance-portugal\/\">Car insurance Portugal<\/a><\/li>\n<li><a href=\"https:\/\/essencial-portugal.com\/en\/insurance-portugal\/boat-insurance-portugal\/\">Boat insurance Portugal<\/a><\/li>\n<\/ul>\n<p>&nbsp;<\/p>\n","protected":false},"excerpt":{"rendered":"<p>Home insurance in Portugal is compulsory for owners but not for tenants. The insurance premium depends on many factors and choosing the right home insurance for what you want to cover in your name. Comprehensive insurance is not compulsory but the owner of a property in Portugal is obliged to take out at least a [&hellip;]<\/p>\n","protected":false},"author":1,"featured_media":3969,"parent":3166,"menu_order":0,"comment_status":"closed","ping_status":"closed","template":"","meta":{"om_disable_all_campaigns":false,"_monsterinsights_skip_tracking":false,"_monsterinsights_sitenote_active":false,"_monsterinsights_sitenote_note":"","_monsterinsights_sitenote_category":0,"_uf_show_specific_survey":0,"_uf_disable_surveys":false,"site-sidebar-layout":"default","site-content-layout":"default","ast-site-content-layout":"default","site-content-style":"default","site-sidebar-style":"default","ast-global-header-display":"","ast-banner-title-visibility":"","ast-main-header-display":"","ast-hfb-above-header-display":"","ast-hfb-below-header-display":"","ast-hfb-mobile-header-display":"","site-post-title":"","ast-breadcrumbs-content":"","ast-featured-img":"","footer-sml-layout":"","ast-disable-related-posts":"","theme-transparent-header-meta":"default","adv-header-id-meta":"","stick-header-meta":"","header-above-stick-meta":"","header-main-stick-meta":"","header-below-stick-meta":"","astra-migrate-meta-layouts":"set","ast-page-background-enabled":"default","ast-page-background-meta":{"desktop":{"background-color":"","background-image":"","background-repeat":"repeat","background-position":"center center","background-size":"auto","background-attachment":"scroll","background-type":"","background-media":"","overlay-type":"","overlay-color":"","overlay-opacity":"","overlay-gradient":""},"tablet":{"background-color":"","background-image":"","background-repeat":"repeat","background-position":"center center","background-size":"auto","background-attachment":"scroll","background-type":"","background-media":"","overlay-type":"","overlay-color":"","overlay-opacity":"","overlay-gradient":""},"mobile":{"background-color":"","background-image":"","background-repeat":"repeat","background-position":"center center","background-size":"auto","background-attachment":"scroll","background-type":"","background-media":"","overlay-type":"","overlay-color":"","overlay-opacity":"","overlay-gradient":""}},"ast-content-background-meta":{"desktop":{"background-color":"var(--ast-global-color-5)","background-image":"","background-repeat":"repeat","background-position":"center center","background-size":"auto","background-attachment":"scroll","background-type":"","background-media":"","overlay-type":"","overlay-color":"","overlay-opacity":"","overlay-gradient":""},"tablet":{"background-color":"var(--ast-global-color-5)","background-image":"","background-repeat":"repeat","background-position":"center center","background-size":"auto","background-attachment":"scroll","background-type":"","background-media":"","overlay-type":"","overlay-color":"","overlay-opacity":"","overlay-gradient":""},"mobile":{"background-color":"var(--ast-global-color-5)","background-image":"","background-repeat":"repeat","background-position":"center center","background-size":"auto","background-attachment":"scroll","background-type":"","background-media":"","overlay-type":"","overlay-color":"","overlay-opacity":"","overlay-gradient":""}},"footnotes":""},"class_list":["post-3878","page","type-page","status-publish","has-post-thumbnail","hentry"],"aioseo_notices":[],"_links":{"self":[{"href":"https:\/\/essencial-portugal.com\/en\/wp-json\/wp\/v2\/pages\/3878","targetHints":{"allow":["GET"]}}],"collection":[{"href":"https:\/\/essencial-portugal.com\/en\/wp-json\/wp\/v2\/pages"}],"about":[{"href":"https:\/\/essencial-portugal.com\/en\/wp-json\/wp\/v2\/types\/page"}],"author":[{"embeddable":true,"href":"https:\/\/essencial-portugal.com\/en\/wp-json\/wp\/v2\/users\/1"}],"replies":[{"embeddable":true,"href":"https:\/\/essencial-portugal.com\/en\/wp-json\/wp\/v2\/comments?post=3878"}],"version-history":[{"count":1,"href":"https:\/\/essencial-portugal.com\/en\/wp-json\/wp\/v2\/pages\/3878\/revisions"}],"predecessor-version":[{"id":9707,"href":"https:\/\/essencial-portugal.com\/en\/wp-json\/wp\/v2\/pages\/3878\/revisions\/9707"}],"up":[{"embeddable":true,"href":"https:\/\/essencial-portugal.com\/en\/wp-json\/wp\/v2\/pages\/3166"}],"wp:featuredmedia":[{"embeddable":true,"href":"https:\/\/essencial-portugal.com\/en\/wp-json\/wp\/v2\/media\/3969"}],"wp:attachment":[{"href":"https:\/\/essencial-portugal.com\/en\/wp-json\/wp\/v2\/media?parent=3878"}],"curies":[{"name":"wp","href":"https:\/\/api.w.org\/{rel}","templated":true}]}}