{"id":103,"date":"2018-03-23T16:50:34","date_gmt":"2018-03-23T16:50:34","guid":{"rendered":"https:\/\/essencial-portugal.com\/fr\/?page_id=103"},"modified":"2026-03-16T12:13:43","modified_gmt":"2026-03-16T12:13:43","slug":"permiso-conducir-portugues","status":"publish","type":"page","link":"https:\/\/essencial-portugal.com\/es\/informacion-vivir-lisboa\/permiso-conducir-portugues\/","title":{"rendered":"Permiso de conducir portugu\u00e9s"},"content":{"rendered":"<p><img fetchpriority=\"high\" decoding=\"async\" class=\"aligncenter wp-image-288\" src=\"https:\/\/essencial-portugal.com\/es\/wp-content\/uploads\/2018\/04\/cartaconduo.jpg\" alt=\"Permiso de conducir portugu\u00e9s: c\u00f3mo canjear su carn\u00e9 extranjero en el IMT\" width=\"338\" height=\"393\" \/><\/p>\n<p>Si viene a vivir a Lisboa o a otro lugar de Portugal con su permiso de conducir extranjero, sepa que tiene una validez de 2 a\u00f1os en el pa\u00eds, tras los cuales deber\u00e1 canjearlo definitivamente por un permiso de conducir portugu\u00e9s. Los angl\u00f3fonos no comunitarios \u2014como los canadienses\u2014 pueden conducir en Portugal y solicitar un permiso de conducir internacional a las autoridades competentes de su pa\u00eds antes de establecerse aqu\u00ed.<\/p>\n<h2>El permiso de conducir internacional<\/h2>\n<p>El permiso de conducir portugu\u00e9s no es obligatorio para estancias cortas, pero tras 2 a\u00f1os de residencia en Portugal deber\u00e1 modificar su permiso en el IMT. Si ha solicitado un permiso internacional antes de su partida, no lo separe de su carn\u00e9 original: tendr\u00e1 que presentar ambos documentos en caso de control en Portugal.<\/p>\n<p>Documentos necesarios para obtener el permiso de conducir internacional:<\/p>\n<ul>\n<li>Dos fotos de pasaporte recientes<\/li>\n<li>Su permiso de conducir en vigor<\/li>\n<li>Un documento de identidad o pasaporte v\u00e1lido<\/li>\n<li>Formulario de solicitud del Permiso Internacional de Conducci\u00f3n cumplimentado y firmado<\/li>\n<\/ul>\n<h2>Cambiar el permiso de conducir en Portugal<\/h2>\n<p>Si viene a vivir a Portugal, deber\u00e1 presentarse en los 60 d\u00edas siguientes a su llegada en el Instituto da Mobilidade e dos Transportes (<a href=\"http:\/\/www.imtt.pt\/\" target=\"_blank\" rel=\"noopener noreferrer\">IMT<\/a>) con:<\/p>\n<ul>\n<li><a href=\"http:\/\/www.imt-ip.pt\/sites\/IMTT\/Portugues\/Formularios\/Documents\/Mod1_IMT.pdf\" target=\"_blank\" rel=\"noopener noreferrer\">Formulario IMT Modelo 1<\/a><\/li>\n<li>Su permiso de conducir en vigor<\/li>\n<li>Original y fotocopia de su documento de identidad<\/li>\n<\/ul>\n<p>Este tr\u00e1mite tiene un coste de 30 \u20ac. El canje definitivo de su permiso original por uno portugu\u00e9s tambi\u00e9n se realiza en el IMT, tras 2 a\u00f1os de residencia, con los siguientes documentos:<\/p>\n<ul>\n<li>Prueba de autorizaci\u00f3n de estancia en Portugal (<a href=\"https:\/\/essencial-portugal.com\/es\/instalacion-lisboa-portugal\/registro-certificado-europeo-portugal\/\" target=\"_blank\" rel=\"noopener noreferrer\">Certificado de Residencia Portugu\u00e9s<\/a>)<\/li>\n<li>Su <a href=\"https:\/\/essencial-portugal.com\/es\/instalacion-lisboa-portugal\/numero-identificacion-fiscal-portugal\/\" target=\"_blank\" rel=\"noopener noreferrer\">NIF portugu\u00e9s<\/a><\/li>\n<li>Un certificado m\u00e9dico<\/li>\n<li>Un certificado de aptitud psicol\u00f3gica (solo si solicita una licencia distinta de la A o B)<\/li>\n<li><a href=\"http:\/\/www.imt-ip.pt\/sites\/IMTT\/Portugues\/Formularios\/Documents\/Mod13IMT.pdf\" target=\"_blank\" rel=\"noopener noreferrer\">Formulario Modelo 13 IMT<\/a><\/li>\n<li>Su permiso de conducir en vigor<\/li>\n<li>Su documento de identidad o pasaporte en vigor + fotocopia<\/li>\n<\/ul>\n<p>P\u00f3ngase en contacto con nosotros para conocer todos los documentos necesarios y ser acompa\u00f1ado directamente en las administraciones.<\/p>\n<h2>Lo que debe saber sobre la conducci\u00f3n en Portugal<\/h2>\n<ul>\n<li>Velocidad m\u00e1xima en autopista: 120 km\/h<\/li>\n<li>Tasa m\u00e1xima de alcoholemia: 0,5 g\/l<\/li>\n<li>Obligatorio llevar en el veh\u00edculo un tri\u00e1ngulo de se\u00f1alizaci\u00f3n y un chaleco reflectante<\/li>\n<li>En las rotondas: carril derecho para girar a la derecha, carril izquierdo para seguir recto o girar a la izquierda<\/li>\n<\/ul>\n<p><img decoding=\"async\" class=\"aligncenter wp-image-49 size-full\" src=\"https:\/\/essencial-portugal.com\/es\/wp-content\/uploads\/2018\/03\/permis-de-conduire-portugal-lisbonne.jpg\" alt=\"Se\u00f1ales de tr\u00e1fico y normas de circulaci\u00f3n en Portugal\" width=\"700\" height=\"420\" srcset=\"https:\/\/essencial-portugal.com\/es\/wp-content\/uploads\/2018\/03\/permis-de-conduire-portugal-lisbonne.jpg 700w, https:\/\/essencial-portugal.com\/es\/wp-content\/uploads\/2018\/03\/permis-de-conduire-portugal-lisbonne-300x180.jpg 300w\" sizes=\"(max-width: 700px) 100vw, 700px\" \/><\/p>\n<h2>Conducir su veh\u00edculo en Portugal<\/h2>\n<p>Si desea traer su veh\u00edculo a Portugal, prepare su salida con antelaci\u00f3n y consulte los tr\u00e1mites necesarios para <a href=\"https:\/\/essencial-portugal.com\/es\/instalacion-lisboa-portugal\/matricula-vehiculo-portugal\/\" target=\"_blank\" rel=\"noopener noreferrer\">matricular su veh\u00edculo en Portugal<\/a>. El proceso suele ser largo y complejo, pero puedo orientarle hacia los organismos adecuados.<\/p>\n","protected":false},"excerpt":{"rendered":"<p>Si viene a vivir a Lisboa o a otro lugar de Portugal con su permiso de conducir extranjero, sepa que tiene una validez de 2 a\u00f1os en el pa\u00eds, tras los cuales deber\u00e1 canjearlo definitivamente por un permiso de conducir portugu\u00e9s. Los angl\u00f3fonos no comunitarios \u2014como los canadienses\u2014 pueden conducir en Portugal y solicitar un [&hellip;]<\/p>\n","protected":false},"author":1,"featured_media":48,"parent":101,"menu_order":0,"comment_status":"closed","ping_status":"closed","template":"","meta":{"om_disable_all_campaigns":false,"_monsterinsights_skip_tracking":false,"_monsterinsights_sitenote_active":false,"_monsterinsights_sitenote_note":"","_monsterinsights_sitenote_category":0,"_uf_show_specific_survey":0,"_uf_disable_surveys":false,"site-sidebar-layout":"default","site-content-layout":"default","ast-site-content-layout":"default","site-content-style":"default","site-sidebar-style":"default","ast-global-header-display":"","ast-banner-title-visibility":"","ast-main-header-display":"","ast-hfb-above-header-display":"","ast-hfb-below-header-display":"","ast-hfb-mobile-header-display":"","site-post-title":"","ast-breadcrumbs-content":"","ast-featured-img":"","footer-sml-layout":"","ast-disable-related-posts":"","theme-transparent-header-meta":"default","adv-header-id-meta":"","stick-header-meta":"","header-above-stick-meta":"","header-main-stick-meta":"","header-below-stick-meta":"","astra-migrate-meta-layouts":"set","ast-page-background-enabled":"default","ast-page-background-meta":{"desktop":{"background-color":"","background-image":"","background-repeat":"repeat","background-position":"center center","background-size":"auto","background-attachment":"scroll","background-type":"","background-media":"","overlay-type":"","overlay-color":"","overlay-opacity":"","overlay-gradient":""},"tablet":{"background-color":"","background-image":"","background-repeat":"repeat","background-position":"center center","background-size":"auto","background-attachment":"scroll","background-type":"","background-media":"","overlay-type":"","overlay-color":"","overlay-opacity":"","overlay-gradient":""},"mobile":{"background-color":"","background-image":"","background-repeat":"repeat","background-position":"center center","background-size":"auto","background-attachment":"scroll","background-type":"","background-media":"","overlay-type":"","overlay-color":"","overlay-opacity":"","overlay-gradient":""}},"ast-content-background-meta":{"desktop":{"background-color":"var(--ast-global-color-5)","background-image":"","background-repeat":"repeat","background-position":"center center","background-size":"auto","background-attachment":"scroll","background-type":"","background-media":"","overlay-type":"","overlay-color":"","overlay-opacity":"","overlay-gradient":""},"tablet":{"background-color":"var(--ast-global-color-5)","background-image":"","background-repeat":"repeat","background-position":"center center","background-size":"auto","background-attachment":"scroll","background-type":"","background-media":"","overlay-type":"","overlay-color":"","overlay-opacity":"","overlay-gradient":""},"mobile":{"background-color":"var(--ast-global-color-5)","background-image":"","background-repeat":"repeat","background-position":"center center","background-size":"auto","background-attachment":"scroll","background-type":"","background-media":"","overlay-type":"","overlay-color":"","overlay-opacity":"","overlay-gradient":""}},"footnotes":""},"class_list":["post-103","page","type-page","status-publish","has-post-thumbnail","hentry"],"aioseo_notices":[],"_links":{"self":[{"href":"https:\/\/essencial-portugal.com\/es\/wp-json\/wp\/v2\/pages\/103","targetHints":{"allow":["GET"]}}],"collection":[{"href":"https:\/\/essencial-portugal.com\/es\/wp-json\/wp\/v2\/pages"}],"about":[{"href":"https:\/\/essencial-portugal.com\/es\/wp-json\/wp\/v2\/types\/page"}],"author":[{"embeddable":true,"href":"https:\/\/essencial-portugal.com\/es\/wp-json\/wp\/v2\/users\/1"}],"replies":[{"embeddable":true,"href":"https:\/\/essencial-portugal.com\/es\/wp-json\/wp\/v2\/comments?post=103"}],"version-history":[{"count":2,"href":"https:\/\/essencial-portugal.com\/es\/wp-json\/wp\/v2\/pages\/103\/revisions"}],"predecessor-version":[{"id":10246,"href":"https:\/\/essencial-portugal.com\/es\/wp-json\/wp\/v2\/pages\/103\/revisions\/10246"}],"up":[{"embeddable":true,"href":"https:\/\/essencial-portugal.com\/es\/wp-json\/wp\/v2\/pages\/101"}],"wp:featuredmedia":[{"embeddable":true,"href":"https:\/\/essencial-portugal.com\/es\/wp-json\/wp\/v2\/media\/48"}],"wp:attachment":[{"href":"https:\/\/essencial-portugal.com\/es\/wp-json\/wp\/v2\/media?parent=103"}],"curies":[{"name":"wp","href":"https:\/\/api.w.org\/{rel}","templated":true}]}}