{"id":109,"date":"2018-03-23T16:58:55","date_gmt":"2018-03-23T16:58:55","guid":{"rendered":"https:\/\/essencial-portugal.com\/fr\/?page_id=109"},"modified":"2026-03-16T08:15:10","modified_gmt":"2026-03-16T08:15:10","slug":"declaracion-renta-portugal","status":"publish","type":"page","link":"https:\/\/essencial-portugal.com\/es\/informacion-vivir-lisboa\/declaracion-renta-portugal\/","title":{"rendered":"Declaraci\u00f3n de la renta portuguesa"},"content":{"rendered":"<p><img fetchpriority=\"high\" decoding=\"async\" class=\"aligncenter wp-image-24 size-full\" src=\"https:\/\/essencial-portugal.com\/es\/wp-content\/uploads\/2018\/03\/declaration-revenus-portugal-irs.jpg\" alt=\"IRS Declaration\" width=\"1024\" height=\"577\" srcset=\"https:\/\/essencial-portugal.com\/es\/wp-content\/uploads\/2018\/03\/declaration-revenus-portugal-irs.jpg 1024w, https:\/\/essencial-portugal.com\/es\/wp-content\/uploads\/2018\/03\/declaration-revenus-portugal-irs-300x169.jpg 300w, https:\/\/essencial-portugal.com\/es\/wp-content\/uploads\/2018\/03\/declaration-revenus-portugal-irs-768x433.jpg 768w\" sizes=\"(max-width: 1024px) 100vw, 1024px\" \/><\/p>\n<p>Como en muchos pa\u00edses europeos, debe declarar sus ingresos en Portugal una vez al a\u00f1o. Esta declaraci\u00f3n de la renta puede hacerse por Internet. Si su residencia principal est\u00e1 en Portugal y est\u00e1 jubilado, no dude en solicitar el <a href=\"https:\/\/essencial-portugal.com\/es\/noticias-portugal\/rnh-portugal-preguntas-frecuentes\/\" target=\"_blank\" rel=\"noopener noreferrer\">estatuto de Residente No Habitual portugu\u00e9s<\/a>. Un estatuto ventajoso que le ofrecer\u00e1 una exenci\u00f3n fiscal por un periodo no renovable de 10 a\u00f1os.<\/p>\n<p>Si, por el contrario, trabaja por cuenta ajena o por cuenta propia en Portugal, tendr\u00e1 que cumplimentar su declaraci\u00f3n de la renta. Esto puede ser complicado la primera vez y las siguientes. Podemos ayudarle en este proceso administrativo.<\/p>\n<p>La declaraci\u00f3n de su IRS se puede hacer directamente en l\u00ednea en el <a href=\"http:\/\/www.portaldasfinancas.gov.pt\/at\/html\/index.html\" target=\"_blank\" rel=\"noopener noreferrer\">Portal das Financas<\/a>. Un acceso a su espacio de la Administraci\u00f3n Financiera portuguesa le permitir\u00e1 rellenar su declaraci\u00f3n de la renta, pero tambi\u00e9n obtener informaci\u00f3n sobre sus ingresos y gastos.<br \/>\nAl realizar compras, se le pedir\u00e1 su <a href=\"https:\/\/essencial-portugal.com\/es\/instalacion-lisboa-portugal\/numero-identificacion-fiscal-portugal\/\" target=\"_blank\" rel=\"noopener noreferrer\">NIF<\/a>, que le permitir\u00e1 registrar sus gastos y clasificarlos en este espacio Finan\u00e7as. Es importante que transmita su NIF cuando realice compras, esto tambi\u00e9n le permitir\u00e1 participar en la loter\u00eda anual (cada compra a lo largo del a\u00f1o constituir\u00e1 un boleto de loter\u00eda) u obtener autom\u00e1ticamente reducciones fiscales sobre los gastos inmobiliarios o sanitarios.<\/p>\n<p>El impuesto sobre la renta en Portugal es progresivo y su importe aumenta en funci\u00f3n de sus ingresos.<\/p>\n<p><img decoding=\"async\" class=\"aligncenter wp-image-50 size-full\" src=\"https:\/\/essencial-portugal.com\/es\/wp-content\/uploads\/2018\/03\/portal-financas-portugal.png\" alt=\"Portal financas \" width=\"1024\" height=\"566\" srcset=\"https:\/\/essencial-portugal.com\/es\/wp-content\/uploads\/2018\/03\/portal-financas-portugal.png 1024w, https:\/\/essencial-portugal.com\/es\/wp-content\/uploads\/2018\/03\/portal-financas-portugal-300x166.png 300w, https:\/\/essencial-portugal.com\/es\/wp-content\/uploads\/2018\/03\/portal-financas-portugal-768x425.png 768w\" sizes=\"(max-width: 1024px) 100vw, 1024px\" \/><\/p>\n<h2>Tipos del impuesto sobre la renta en Portugal<\/h2>\n<p>A continuaci\u00f3n encontrar\u00e1 la escala de impuestos en funci\u00f3n de su renta en Portugal, que no es aplicable si obtiene el estatuto de Residente No-Usual:<\/p>\n<ul>\n<li>Menos de 7035 euros: 14,5 %.<\/li>\n<li>Entre 7035 y 20.100 euros: 28,5%.<\/li>\n<li>Entre 20.100 y 40.200 euros: 37%.<\/li>\n<li>Entre 40.200 y 80.000 euros: 45%.<\/li>\n<li>Por encima de 80.000 euros: 48%.<\/li>\n<\/ul>\n<p>Hay que tener en cuenta que, a t\u00edtulo comparativo, los impuestos en otros pa\u00edses europeos son m\u00e1s bajos que en Portugal, pero tambi\u00e9n que el coste de la vida es m\u00e1s accesible all\u00ed, con un nivel de vida m\u00e1s elevado para un salario de 21.000 euros al a\u00f1o, por ejemplo. La fiscalidad en Portugal tambi\u00e9n puede volverse m\u00e1s ventajosa tras la obtenci\u00f3n del estatuto de residente portugu\u00e9s no habitual.<\/p>\n<div id=\"gtx-trans\" style=\"position: absolute; left: 304px; top: 1834.81px;\">\n<div class=\"gtx-trans-icon\"><\/div>\n<\/div>\n","protected":false},"excerpt":{"rendered":"<p>Como en muchos pa\u00edses europeos, debe declarar sus ingresos en Portugal una vez al a\u00f1o. Esta declaraci\u00f3n de la renta puede hacerse por Internet. Si su residencia principal est\u00e1 en Portugal y est\u00e1 jubilado, no dude en solicitar el estatuto de Residente No Habitual portugu\u00e9s. Un estatuto ventajoso que le ofrecer\u00e1 una exenci\u00f3n fiscal por [&hellip;]<\/p>\n","protected":false},"author":1,"featured_media":0,"parent":101,"menu_order":0,"comment_status":"closed","ping_status":"closed","template":"","meta":{"om_disable_all_campaigns":false,"_monsterinsights_skip_tracking":false,"_monsterinsights_sitenote_active":false,"_monsterinsights_sitenote_note":"","_monsterinsights_sitenote_category":0,"_uf_show_specific_survey":0,"_uf_disable_surveys":false,"site-sidebar-layout":"default","site-content-layout":"default","ast-site-content-layout":"default","site-content-style":"default","site-sidebar-style":"default","ast-global-header-display":"","ast-banner-title-visibility":"","ast-main-header-display":"","ast-hfb-above-header-display":"","ast-hfb-below-header-display":"","ast-hfb-mobile-header-display":"","site-post-title":"","ast-breadcrumbs-content":"","ast-featured-img":"","footer-sml-layout":"","ast-disable-related-posts":"","theme-transparent-header-meta":"default","adv-header-id-meta":"","stick-header-meta":"","header-above-stick-meta":"","header-main-stick-meta":"","header-below-stick-meta":"","astra-migrate-meta-layouts":"set","ast-page-background-enabled":"default","ast-page-background-meta":{"desktop":{"background-color":"","background-image":"","background-repeat":"repeat","background-position":"center center","background-size":"auto","background-attachment":"scroll","background-type":"","background-media":"","overlay-type":"","overlay-color":"","overlay-opacity":"","overlay-gradient":""},"tablet":{"background-color":"","background-image":"","background-repeat":"repeat","background-position":"center center","background-size":"auto","background-attachment":"scroll","background-type":"","background-media":"","overlay-type":"","overlay-color":"","overlay-opacity":"","overlay-gradient":""},"mobile":{"background-color":"","background-image":"","background-repeat":"repeat","background-position":"center center","background-size":"auto","background-attachment":"scroll","background-type":"","background-media":"","overlay-type":"","overlay-color":"","overlay-opacity":"","overlay-gradient":""}},"ast-content-background-meta":{"desktop":{"background-color":"var(--ast-global-color-5)","background-image":"","background-repeat":"repeat","background-position":"center center","background-size":"auto","background-attachment":"scroll","background-type":"","background-media":"","overlay-type":"","overlay-color":"","overlay-opacity":"","overlay-gradient":""},"tablet":{"background-color":"var(--ast-global-color-5)","background-image":"","background-repeat":"repeat","background-position":"center center","background-size":"auto","background-attachment":"scroll","background-type":"","background-media":"","overlay-type":"","overlay-color":"","overlay-opacity":"","overlay-gradient":""},"mobile":{"background-color":"var(--ast-global-color-5)","background-image":"","background-repeat":"repeat","background-position":"center center","background-size":"auto","background-attachment":"scroll","background-type":"","background-media":"","overlay-type":"","overlay-color":"","overlay-opacity":"","overlay-gradient":""}},"footnotes":""},"class_list":["post-109","page","type-page","status-publish","hentry"],"aioseo_notices":[],"_links":{"self":[{"href":"https:\/\/essencial-portugal.com\/es\/wp-json\/wp\/v2\/pages\/109","targetHints":{"allow":["GET"]}}],"collection":[{"href":"https:\/\/essencial-portugal.com\/es\/wp-json\/wp\/v2\/pages"}],"about":[{"href":"https:\/\/essencial-portugal.com\/es\/wp-json\/wp\/v2\/types\/page"}],"author":[{"embeddable":true,"href":"https:\/\/essencial-portugal.com\/es\/wp-json\/wp\/v2\/users\/1"}],"replies":[{"embeddable":true,"href":"https:\/\/essencial-portugal.com\/es\/wp-json\/wp\/v2\/comments?post=109"}],"version-history":[{"count":1,"href":"https:\/\/essencial-portugal.com\/es\/wp-json\/wp\/v2\/pages\/109\/revisions"}],"predecessor-version":[{"id":10240,"href":"https:\/\/essencial-portugal.com\/es\/wp-json\/wp\/v2\/pages\/109\/revisions\/10240"}],"up":[{"embeddable":true,"href":"https:\/\/essencial-portugal.com\/es\/wp-json\/wp\/v2\/pages\/101"}],"wp:attachment":[{"href":"https:\/\/essencial-portugal.com\/es\/wp-json\/wp\/v2\/media?parent=109"}],"curies":[{"name":"wp","href":"https:\/\/api.w.org\/{rel}","templated":true}]}}