{"id":177,"date":"2018-03-23T18:32:55","date_gmt":"2018-03-23T18:32:55","guid":{"rendered":"https:\/\/essencial-portugal.com\/fr\/?page_id=177"},"modified":"2026-03-15T23:13:23","modified_gmt":"2026-03-15T23:13:23","slug":"quien-soy","status":"publish","type":"page","link":"https:\/\/essencial-portugal.com\/es\/quien-soy\/","title":{"rendered":"\u00bfQui\u00e9n soy?"},"content":{"rendered":"<p>Essencial Portugal es sobre todo mi historia: Victor, de Lyon, que decidi\u00f3 en 2015 y de la noche a la ma\u00f1ana venderlo todo, subirse a su coche y conducir hasta Portugal. As\u00ed que antes de salir, tuve que averiguar todos los pasos a seguir para vivir en este nuevo pa\u00eds y tuve que enfrentar los primeros problemas:<\/p>\n<ul>\n<li>Clasificar las numerosas informaciones contradictorias de la web<\/li>\n<li>Encontrar corresponsales locales que hablen franc\u00e9s \/ ingl\u00e9s para iluminarnos.<\/li>\n<li>Comprender el mercado inmobiliario para definir un lugar de instalaci\u00f3n<\/li>\n<li>Iniciar ciertos tr\u00e1mites a distancia, como elegir la compa\u00f1\u00eda de seguros de enfermedad adecuada o matricular el veh\u00edculo.<\/li>\n<li>Preparar un plan de ataque para todos los tr\u00e1mites administrativos obligatorios<\/li>\n<li>Entender c\u00f3mo funcionan los sistemas de asistencia sanitaria para nuestro hijo<\/li>\n<\/ul>\n<p>Un paso dif\u00edcil pero necesario que, por falta de interlocutores e informaci\u00f3n, me llev\u00f3 a cometer errores que pude corregir con el tiempo: mala elecci\u00f3n del seguro, innumerables idas y venidas a las administraciones, poco conocimiento del orden de los pasos a dar, mucho dinero perdido en alquileres de temporada, problemas de comunicaci\u00f3n o comprensi\u00f3n de documentos en portugu\u00e9s, b\u00fasqueda de apoyo en la creaci\u00f3n de mi empresa en Lisboa y un largo etc\u00e9tera.<\/p>\n<p>Naci\u00f3 entonces la idea de que podr\u00eda haber ahorrado mucho tiempo, dinero y energ\u00eda si hubiera tenido los contactos adecuados, la informaci\u00f3n correcta y que podr\u00eda haber recurrido a franceses \/ ingleses -portugueses capaces de acompa\u00f1arme en todo el proceso de creaci\u00f3n de mi empresa en Portugal. As\u00ed que decid\u00ed crear Essencial Portugal (Esencial Portugal) bas\u00e1ndome en mis conocimientos administrativos y en los problemas que yo mismo encontr\u00e9. S\u00f3lo tengo un objetivo: facilitar la instalaci\u00f3n y los pasos del d\u00eda a d\u00eda a todas las personas franc\u00f3fonas \/ angl\u00f3fonas que tambi\u00e9n quieran probar la aventura en Portugal.<\/p>\n<p>Usted encontrar\u00e1 en este sitio web toda la informaci\u00f3n que considero importante para informarle y preparar su expatriaci\u00f3n. \u00bfTiene alguna pregunta? \u00bfUna petici\u00f3n particular? \u00bfUna aclaraci\u00f3n? P\u00f3ngase en contacto conmigo, intentar\u00e9 informarle y redirigirle lo mejor posible hacia personas serias y de confianza.<\/p>\n<p style=\"text-align: center;\"><a class=\"maxbutton-3 maxbutton maxbutton-form\" href=\"https:\/\/essencial-portugal.com\/es\/contactar-essencial-portugal\/\"><span class='mb-text'>CONTACTO<\/span><\/a><\/p>\n<div id=\"gtx-trans\" style=\"position: absolute; left: 503px; top: 672px;\">\n<div class=\"gtx-trans-icon\"><\/div>\n<\/div>\n","protected":false},"excerpt":{"rendered":"<p>Essencial Portugal es sobre todo mi historia: Victor, de Lyon, que decidi\u00f3 en 2015 y de la noche a la ma\u00f1ana venderlo todo, subirse a su coche y conducir hasta Portugal. As\u00ed que antes de salir, tuve que averiguar todos los pasos a seguir para vivir en este nuevo pa\u00eds y tuve que enfrentar los [&hellip;]<\/p>\n","protected":false},"author":1,"featured_media":0,"parent":0,"menu_order":0,"comment_status":"closed","ping_status":"closed","template":"","meta":{"om_disable_all_campaigns":false,"_monsterinsights_skip_tracking":false,"_monsterinsights_sitenote_active":false,"_monsterinsights_sitenote_note":"","_monsterinsights_sitenote_category":0,"_uf_show_specific_survey":0,"_uf_disable_surveys":false,"site-sidebar-layout":"default","site-content-layout":"default","ast-site-content-layout":"default","site-content-style":"default","site-sidebar-style":"default","ast-global-header-display":"","ast-banner-title-visibility":"","ast-main-header-display":"","ast-hfb-above-header-display":"","ast-hfb-below-header-display":"","ast-hfb-mobile-header-display":"","site-post-title":"","ast-breadcrumbs-content":"","ast-featured-img":"","footer-sml-layout":"","ast-disable-related-posts":"","theme-transparent-header-meta":"default","adv-header-id-meta":"","stick-header-meta":"","header-above-stick-meta":"","header-main-stick-meta":"","header-below-stick-meta":"","astra-migrate-meta-layouts":"set","ast-page-background-enabled":"default","ast-page-background-meta":{"desktop":{"background-color":"","background-image":"","background-repeat":"repeat","background-position":"center center","background-size":"auto","background-attachment":"scroll","background-type":"","background-media":"","overlay-type":"","overlay-color":"","overlay-opacity":"","overlay-gradient":""},"tablet":{"background-color":"","background-image":"","background-repeat":"repeat","background-position":"center center","background-size":"auto","background-attachment":"scroll","background-type":"","background-media":"","overlay-type":"","overlay-color":"","overlay-opacity":"","overlay-gradient":""},"mobile":{"background-color":"","background-image":"","background-repeat":"repeat","background-position":"center center","background-size":"auto","background-attachment":"scroll","background-type":"","background-media":"","overlay-type":"","overlay-color":"","overlay-opacity":"","overlay-gradient":""}},"ast-content-background-meta":{"desktop":{"background-color":"var(--ast-global-color-5)","background-image":"","background-repeat":"repeat","background-position":"center center","background-size":"auto","background-attachment":"scroll","background-type":"","background-media":"","overlay-type":"","overlay-color":"","overlay-opacity":"","overlay-gradient":""},"tablet":{"background-color":"var(--ast-global-color-5)","background-image":"","background-repeat":"repeat","background-position":"center center","background-size":"auto","background-attachment":"scroll","background-type":"","background-media":"","overlay-type":"","overlay-color":"","overlay-opacity":"","overlay-gradient":""},"mobile":{"background-color":"var(--ast-global-color-5)","background-image":"","background-repeat":"repeat","background-position":"center center","background-size":"auto","background-attachment":"scroll","background-type":"","background-media":"","overlay-type":"","overlay-color":"","overlay-opacity":"","overlay-gradient":""}},"footnotes":""},"class_list":["post-177","page","type-page","status-publish","hentry"],"aioseo_notices":[],"_links":{"self":[{"href":"https:\/\/essencial-portugal.com\/es\/wp-json\/wp\/v2\/pages\/177","targetHints":{"allow":["GET"]}}],"collection":[{"href":"https:\/\/essencial-portugal.com\/es\/wp-json\/wp\/v2\/pages"}],"about":[{"href":"https:\/\/essencial-portugal.com\/es\/wp-json\/wp\/v2\/types\/page"}],"author":[{"embeddable":true,"href":"https:\/\/essencial-portugal.com\/es\/wp-json\/wp\/v2\/users\/1"}],"replies":[{"embeddable":true,"href":"https:\/\/essencial-portugal.com\/es\/wp-json\/wp\/v2\/comments?post=177"}],"version-history":[{"count":1,"href":"https:\/\/essencial-portugal.com\/es\/wp-json\/wp\/v2\/pages\/177\/revisions"}],"predecessor-version":[{"id":10192,"href":"https:\/\/essencial-portugal.com\/es\/wp-json\/wp\/v2\/pages\/177\/revisions\/10192"}],"wp:attachment":[{"href":"https:\/\/essencial-portugal.com\/es\/wp-json\/wp\/v2\/media?parent=177"}],"curies":[{"name":"wp","href":"https:\/\/api.w.org\/{rel}","templated":true}]}}