{"id":2958,"date":"2019-06-07T08:18:52","date_gmt":"2019-06-07T08:18:52","guid":{"rendered":"https:\/\/essencial-portugal.com\/fr\/?page_id=2958"},"modified":"2026-03-16T07:58:30","modified_gmt":"2026-03-16T07:58:30","slug":"contable-inglesa-lisboa-portugal","status":"publish","type":"page","link":"https:\/\/essencial-portugal.com\/es\/empresa-portugal\/contable-inglesa-lisboa-portugal\/","title":{"rendered":"Contable de habla inglesa en Lisboa Portugal"},"content":{"rendered":"<p><img fetchpriority=\"high\" decoding=\"async\" class=\"aligncenter wp-image-2965 size-full\" src=\"https:\/\/essencial-portugal.com\/es\/wp-content\/uploads\/2019\/06\/expert-comptable-francophone-lisbonne-portugal.jpg\" alt=\"Empresa de contabilidad angl\u00f3fona en Lisboa: gesti\u00f3n contable, auditor\u00eda y fiscalidad empresarial\" width=\"620\" height=\"312\" srcset=\"https:\/\/essencial-portugal.com\/es\/wp-content\/uploads\/2019\/06\/expert-comptable-francophone-lisbonne-portugal.jpg 620w, https:\/\/essencial-portugal.com\/es\/wp-content\/uploads\/2019\/06\/expert-comptable-francophone-lisbonne-portugal-300x151.jpg 300w\" sizes=\"(max-width: 620px) 100vw, 620px\" \/><\/p>\n<p>Crear una empresa en Portugal es solo el primer paso. A lo largo del a\u00f1o necesitar\u00e1 gestionar su facturaci\u00f3n, mantener una visi\u00f3n clara de su situaci\u00f3n financiera, cumplir con las obligaciones fiscales vigentes, presentar las declaraciones obligatorias y contar con un experto contable angl\u00f3fono en caso de auditor\u00eda o para an\u00e1lisis financieros en el contexto de inversiones o financiaci\u00f3n.<\/p>\n<h2>Empresa de contabilidad angl\u00f3fona en Lisboa<\/h2>\n<p>Rellene el formulario a continuaci\u00f3n para ser contactado por una firma de contabilidad y auditor\u00eda de habla inglesa con sede en Lisboa. Operan en toda Portugal de forma presencial y remota, han acompa\u00f1ado a m\u00e1s de 200 clientes en los \u00faltimos 8 a\u00f1os en gesti\u00f3n contable, creaci\u00f3n de empresas, compra de empresas y externalizaci\u00f3n de la gesti\u00f3n de recursos humanos.<\/p>\n<p style=\"text-align: center;\"><div class=\"wpforms-container wpforms-container-full\" id=\"wpforms-5167\"><form id=\"wpforms-form-5167\" class=\"wpforms-validate wpforms-form\" data-formid=\"5167\" method=\"post\" enctype=\"multipart\/form-data\" action=\"\/es\/wp-json\/wp\/v2\/pages\/2958\" data-token=\"9d769e3717478935a4072f251d13af27\" data-token-time=\"1776648951\"><noscript class=\"wpforms-error-noscript\">Please enable JavaScript in your browser to complete this form.<\/noscript><div class=\"wpforms-field-container\"><div id=\"wpforms-5167-field_0-container\" class=\"wpforms-field wpforms-field-name\" data-field-id=\"0\"><label class=\"wpforms-field-label\" for=\"wpforms-5167-field_0\">Name <span class=\"wpforms-required-label\">*<\/span><\/label><div class=\"wpforms-field-row wpforms-field-medium\"><div class=\"wpforms-field-row-block wpforms-first wpforms-one-half\"><input type=\"text\" id=\"wpforms-5167-field_0\" class=\"wpforms-field-name-first wpforms-field-required\" name=\"wpforms[fields][0][first]\" required><label for=\"wpforms-5167-field_0\" class=\"wpforms-field-sublabel after wpforms-sublabel-hide\">First<\/label><\/div><div class=\"wpforms-field-row-block wpforms-one-half\"><input type=\"text\" id=\"wpforms-5167-field_0-last\" class=\"wpforms-field-name-last wpforms-field-required\" name=\"wpforms[fields][0][last]\" required><label for=\"wpforms-5167-field_0-last\" class=\"wpforms-field-sublabel after wpforms-sublabel-hide\">Last<\/label><\/div><\/div><\/div><div id=\"wpforms-5167-field_1-container\" class=\"wpforms-field wpforms-field-email\" data-field-id=\"1\"><label class=\"wpforms-field-label\" for=\"wpforms-5167-field_1\">E-mail <span class=\"wpforms-required-label\">*<\/span><\/label><input type=\"email\" id=\"wpforms-5167-field_1\" class=\"wpforms-field-medium wpforms-field-required\" name=\"wpforms[fields][1]\" spellcheck=\"false\" required><\/div><div id=\"wpforms-5167-field_4-container\" class=\"wpforms-field wpforms-field-text\" data-field-id=\"4\"><label class=\"wpforms-field-label\" for=\"wpforms-5167-field_4\">Phone <span class=\"wpforms-required-label\">*<\/span><\/label><input type=\"text\" id=\"wpforms-5167-field_4\" class=\"wpforms-field-medium wpforms-field-required\" name=\"wpforms[fields][4]\" required><\/div><div id=\"wpforms-5167-field_5-container\" class=\"wpforms-field wpforms-field-text\" data-field-id=\"5\"><label class=\"wpforms-field-label\" for=\"wpforms-5167-field_5\">Subject <span class=\"wpforms-required-label\">*<\/span><\/label><input type=\"text\" id=\"wpforms-5167-field_5\" class=\"wpforms-field-medium wpforms-field-required\" name=\"wpforms[fields][5]\" required><\/div><div id=\"wpforms-5167-field_2-container\" class=\"wpforms-field wpforms-field-textarea\" data-field-id=\"2\"><label class=\"wpforms-field-label\" for=\"wpforms-5167-field_2\">Your project \/ Your needs <span class=\"wpforms-required-label\">*<\/span><\/label><textarea id=\"wpforms-5167-field_2\" class=\"wpforms-field-medium wpforms-field-required\" name=\"wpforms[fields][2]\" required><\/textarea><\/div><\/div><!-- .wpforms-field-container --><div class=\"wpforms-field wpforms-field-hp\"><label for=\"wpforms-5167-field-hp\" class=\"wpforms-field-label\">Phone<\/label><input type=\"text\" name=\"wpforms[hp]\" id=\"wpforms-5167-field-hp\" class=\"wpforms-field-medium\"><\/div><div class=\"wpforms-submit-container\" ><input type=\"hidden\" name=\"wpforms[id]\" value=\"5167\"><input type=\"hidden\" name=\"page_title\" value=\"\"><input type=\"hidden\" name=\"page_url\" value=\"https:\/\/essencial-portugal.com\/es\/wp-json\/wp\/v2\/pages\/2958\"><input type=\"hidden\" name=\"url_referer\" value=\"\"><button type=\"submit\" name=\"wpforms[submit]\" id=\"wpforms-submit-5167\" class=\"wpforms-submit\" data-alt-text=\"Sending...\" data-submit-text=\"Send\" aria-live=\"assertive\" value=\"wpforms-submit\">Send<\/button><\/div><\/form><\/div>  <!-- .wpforms-container --><\/p>\n<blockquote><p>Al validar el formulario de contacto, autoriza a transmitir su solicitud a un profesional de habla inglesa que podr\u00e1 contactarle directamente. Se trata de un profesional que ofrece servicios de pago cuyo precio var\u00eda seg\u00fan la solicitud y el proyecto. Nada est\u00e1 automatizado: son profesionales que conozco, con sede en Lisboa y cualificados para acompa\u00f1arle en su proyecto. Essencial Portugal conecta particulares y empresas con profesionales certificados y de confianza en Portugal. Solo estos profesionales pueden informarle, ofrecerle y facturarle estos servicios.<\/p><\/blockquote>\n<h2>Servicios de contabilidad en ingl\u00e9s<\/h2>\n<h3>Dentro del plan de cuentas<\/h3>\n<ul>\n<li>Codificaci\u00f3n de facturas de proveedores, clientes y gastos varios<\/li>\n<li>Env\u00edo del expediente SAFT (comunicaci\u00f3n de los documentos de venta)<\/li>\n<li>Contabilizaci\u00f3n de las operaciones de caja<\/li>\n<li>Caja, cuentas bancarias, cambio de divisas y conciliaci\u00f3n bancaria<\/li>\n<li>Cr\u00e9ditos y activos<\/li>\n<li>Alquileres y documentos internos<\/li>\n<li>Contabilizaci\u00f3n de los costes de los empleados<\/li>\n<li>Preparaci\u00f3n y env\u00edo de la declaraci\u00f3n anual del impuesto sobre la renta y la retenci\u00f3n de residentes (Mod.10)<\/li>\n<li>Comunicaci\u00f3n de inventarios<\/li>\n<li>Verificaci\u00f3n y env\u00edo de impuestos (IUC, IMI, etc.)<\/li>\n<li>Extractos de cuentas<\/li>\n<li>Balance y an\u00e1lisis mensual o trimestral (seg\u00fan el r\u00e9gimen de IVA)<\/li>\n<li>Declaraci\u00f3n de impuestos y del IVA<\/li>\n<li>Preparaci\u00f3n de tablas de impuestos<\/li>\n<li>Asesoramiento fiscal en ingl\u00e9s<\/li>\n<\/ul>\n<h3>Fuera del plan contable<\/h3>\n<ul>\n<li>Alta de su empresa en el sistema contable (licencia, pago \u00fanico)<\/li>\n<\/ul>\n<p>Esta firma trabaja con el sistema <strong>Primavera<\/strong>, programa de contabilidad directamente vinculado a las autoridades fiscales y de la Seguridad Social portuguesas.<\/p>\n<ul>\n<li>Solicitud de recuperaci\u00f3n del IVA portugu\u00e9s e intracomunitario<\/li>\n<li>Declaraciones bancarias para transacciones internacionales con el Banco de Portugal (COPE)<\/li>\n<li>Emisi\u00f3n de facturas a clientes<\/li>\n<li>Asistencia en auditor\u00edas fiscales<\/li>\n<li>Cierre anual<\/li>\n<\/ul>\n<h3>Cierre anual de empresa en Lisboa y Portugal<\/h3>\n<ul>\n<li>Conciliaci\u00f3n y ajuste de cuentas<\/li>\n<li>Circularizaci\u00f3n de las cuentas de clientes y proveedores<\/li>\n<li>Elaboraci\u00f3n del balance y de la cuenta de resultados<\/li>\n<li>Declaraci\u00f3n del impuesto de sociedades, inventarios, etc.<\/li>\n<li>Preparaci\u00f3n de las actas de cierre<\/li>\n<li>Preparaci\u00f3n y env\u00edo de la declaraci\u00f3n anual del impuesto sobre la renta (Mod.22)<\/li>\n<li>Preparaci\u00f3n y env\u00edo del registro de servicio de cuentas anuales (IES)<\/li>\n<\/ul>\n<p>Otros servicios relacionados para empresas angl\u00f3fonas en Portugal:<\/p>\n<ul>\n<li><a href=\"https:\/\/essencial-portugal.com\/es\/empresa-portugal\/comprar-negocio-portugal\/\" target=\"_blank\" rel=\"noopener noreferrer\">Comprar un negocio en Portugal<\/a><\/li>\n<li><a href=\"https:\/\/essencial-portugal.com\/es\/instalacion-lisboa-portugal\/creacion-empresa-portugal\/\" target=\"_blank\" rel=\"noopener noreferrer\">Creaci\u00f3n de una empresa en Portugal<\/a><\/li>\n<li><a href=\"https:\/\/essencial-portugal.com\/es\/empresa-portugal\/contable-recursos-humanos-portugal\/\" target=\"_blank\" rel=\"noopener noreferrer\">Gesti\u00f3n de RRHH angl\u00f3fono en Lisboa y Portugal<\/a><\/li>\n<li><a href=\"https:\/\/essencial-portugal.com\/es\/empresa-portugal\/\" target=\"_blank\" rel=\"noopener noreferrer\">Acompa\u00f1amiento de empresas en Portugal<\/a><\/li>\n<\/ul>\n","protected":false},"excerpt":{"rendered":"<p>Crear una empresa en Portugal es solo el primer paso. A lo largo del a\u00f1o necesitar\u00e1 gestionar su facturaci\u00f3n, mantener una visi\u00f3n clara de su situaci\u00f3n financiera, cumplir con las obligaciones fiscales vigentes, presentar las declaraciones obligatorias y contar con un experto contable angl\u00f3fono en caso de auditor\u00eda o para an\u00e1lisis financieros en el contexto [&hellip;]<\/p>\n","protected":false},"author":1,"featured_media":0,"parent":2946,"menu_order":0,"comment_status":"closed","ping_status":"closed","template":"","meta":{"om_disable_all_campaigns":false,"_monsterinsights_skip_tracking":false,"_monsterinsights_sitenote_active":false,"_monsterinsights_sitenote_note":"","_monsterinsights_sitenote_category":0,"_uf_show_specific_survey":0,"_uf_disable_surveys":false,"site-sidebar-layout":"default","site-content-layout":"default","ast-site-content-layout":"default","site-content-style":"default","site-sidebar-style":"default","ast-global-header-display":"","ast-banner-title-visibility":"","ast-main-header-display":"","ast-hfb-above-header-display":"","ast-hfb-below-header-display":"","ast-hfb-mobile-header-display":"","site-post-title":"","ast-breadcrumbs-content":"","ast-featured-img":"","footer-sml-layout":"","ast-disable-related-posts":"","theme-transparent-header-meta":"default","adv-header-id-meta":"","stick-header-meta":"","header-above-stick-meta":"","header-main-stick-meta":"","header-below-stick-meta":"","astra-migrate-meta-layouts":"set","ast-page-background-enabled":"default","ast-page-background-meta":{"desktop":{"background-color":"","background-image":"","background-repeat":"repeat","background-position":"center center","background-size":"auto","background-attachment":"scroll","background-type":"","background-media":"","overlay-type":"","overlay-color":"","overlay-opacity":"","overlay-gradient":""},"tablet":{"background-color":"","background-image":"","background-repeat":"repeat","background-position":"center center","background-size":"auto","background-attachment":"scroll","background-type":"","background-media":"","overlay-type":"","overlay-color":"","overlay-opacity":"","overlay-gradient":""},"mobile":{"background-color":"","background-image":"","background-repeat":"repeat","background-position":"center center","background-size":"auto","background-attachment":"scroll","background-type":"","background-media":"","overlay-type":"","overlay-color":"","overlay-opacity":"","overlay-gradient":""}},"ast-content-background-meta":{"desktop":{"background-color":"var(--ast-global-color-5)","background-image":"","background-repeat":"repeat","background-position":"center center","background-size":"auto","background-attachment":"scroll","background-type":"","background-media":"","overlay-type":"","overlay-color":"","overlay-opacity":"","overlay-gradient":""},"tablet":{"background-color":"var(--ast-global-color-5)","background-image":"","background-repeat":"repeat","background-position":"center center","background-size":"auto","background-attachment":"scroll","background-type":"","background-media":"","overlay-type":"","overlay-color":"","overlay-opacity":"","overlay-gradient":""},"mobile":{"background-color":"var(--ast-global-color-5)","background-image":"","background-repeat":"repeat","background-position":"center center","background-size":"auto","background-attachment":"scroll","background-type":"","background-media":"","overlay-type":"","overlay-color":"","overlay-opacity":"","overlay-gradient":""}},"footnotes":""},"class_list":["post-2958","page","type-page","status-publish","hentry"],"aioseo_notices":[],"_links":{"self":[{"href":"https:\/\/essencial-portugal.com\/es\/wp-json\/wp\/v2\/pages\/2958","targetHints":{"allow":["GET"]}}],"collection":[{"href":"https:\/\/essencial-portugal.com\/es\/wp-json\/wp\/v2\/pages"}],"about":[{"href":"https:\/\/essencial-portugal.com\/es\/wp-json\/wp\/v2\/types\/page"}],"author":[{"embeddable":true,"href":"https:\/\/essencial-portugal.com\/es\/wp-json\/wp\/v2\/users\/1"}],"replies":[{"embeddable":true,"href":"https:\/\/essencial-portugal.com\/es\/wp-json\/wp\/v2\/comments?post=2958"}],"version-history":[{"count":2,"href":"https:\/\/essencial-portugal.com\/es\/wp-json\/wp\/v2\/pages\/2958\/revisions"}],"predecessor-version":[{"id":10229,"href":"https:\/\/essencial-portugal.com\/es\/wp-json\/wp\/v2\/pages\/2958\/revisions\/10229"}],"up":[{"embeddable":true,"href":"https:\/\/essencial-portugal.com\/es\/wp-json\/wp\/v2\/pages\/2946"}],"wp:attachment":[{"href":"https:\/\/essencial-portugal.com\/es\/wp-json\/wp\/v2\/media?parent=2958"}],"curies":[{"name":"wp","href":"https:\/\/api.w.org\/{rel}","templated":true}]}}