{"id":3004,"date":"2019-06-07T08:17:52","date_gmt":"2019-06-07T08:17:52","guid":{"rendered":"https:\/\/essencial-portugal.com\/fr\/?page_id=3004"},"modified":"2026-03-16T07:58:02","modified_gmt":"2026-03-16T07:58:02","slug":"comprar-negocio-portugal","status":"publish","type":"page","link":"https:\/\/essencial-portugal.com\/es\/empresa-portugal\/comprar-negocio-portugal\/","title":{"rendered":"Comprar un negocio en Portugal"},"content":{"rendered":"<p><img fetchpriority=\"high\" decoding=\"async\" class=\"aligncenter wp-image-3007 size-full\" src=\"https:\/\/essencial-portugal.com\/es\/wp-content\/uploads\/2019\/06\/rachat-societe-portugal.jpg\" alt=\"Comprar una empresa en Portugal: auditor\u00eda, negociaci\u00f3n y acompa\u00f1amiento angl\u00f3fono\" width=\"1200\" height=\"800\" srcset=\"https:\/\/essencial-portugal.com\/es\/wp-content\/uploads\/2019\/06\/rachat-societe-portugal.jpg 1200w, https:\/\/essencial-portugal.com\/es\/wp-content\/uploads\/2019\/06\/rachat-societe-portugal-300x200.jpg 300w, https:\/\/essencial-portugal.com\/es\/wp-content\/uploads\/2019\/06\/rachat-societe-portugal-768x512.jpg 768w, https:\/\/essencial-portugal.com\/es\/wp-content\/uploads\/2019\/06\/rachat-societe-portugal-1024x683.jpg 1024w\" sizes=\"(max-width: 1200px) 100vw, 1200px\" \/><\/p>\n<p>Encontrar una empresa para comprar en Portugal es un reto real. Antes de identificar la empresa adecuada, es imprescindible realizar un an\u00e1lisis exhaustivo del mercado. Aunque existen sitios web especializados en la venta y reventa de empresas, sin una visi\u00f3n clara de lo que se busca y de la situaci\u00f3n real del negocio, los riesgos de esta operaci\u00f3n se multiplican considerablemente.<\/p>\n<p>Comprar una empresa portuguesa ya existente \u2014ya sea mediante franquicia o traspaso\u2014 es habitualmente la opci\u00f3n menos arriesgada para establecerse en el pa\u00eds: la empresa cuenta ya con una base de clientes, una reputaci\u00f3n en el mercado, un equipo formado y licencias, permisos y registros en vigor. Los bancos tambi\u00e9n prefieren trabajar con empresas que tienen un historial.<\/p>\n<p>Portugal ofrece crecientes oportunidades de inversi\u00f3n, pero es fundamental ir acompa\u00f1ado de los profesionales adecuados: actuar\u00e1n como intermediarios angl\u00f3fonos entre empresas, administraciones y servicios, y realizar\u00e1n los estudios necesarios para que la compra sea segura y sin contratiempos.<\/p>\n<h2>Apoyo angl\u00f3fono para comprar una empresa en Portugal<\/h2>\n<p>Rellenando el formulario al final de esta p\u00e1gina, pondr\u00e1 su solicitud en manos de una firma de contables y auditores angl\u00f3fonos con sede en Lisboa, con m\u00e1s de 10 a\u00f1os de experiencia y cerca de 200 empresas acompa\u00f1adas en operaciones de implantaci\u00f3n y compra en Portugal. Se pondr\u00e1n en contacto con usted lo antes posible para discutir su proyecto.<\/p>\n<p>El acompa\u00f1amiento cubre todo el proceso de compra, desde la auditor\u00eda inicial hasta el cierre de la operaci\u00f3n:<\/p>\n<ul>\n<li>Identificaci\u00f3n de las empresas con mayor potencial de inter\u00e9s<\/li>\n<li>Estructuraci\u00f3n de la operaci\u00f3n de compraventa<\/li>\n<li>Negociaci\u00f3n de las condiciones econ\u00f3micas y no econ\u00f3micas<\/li>\n<li>Acompa\u00f1amiento por un equipo experto en adquisici\u00f3n de empresas en Portugal<\/li>\n<\/ul>\n<p style=\"text-align: center;\"><div class=\"wpforms-container wpforms-container-full\" id=\"wpforms-5167\"><form id=\"wpforms-form-5167\" class=\"wpforms-validate wpforms-form\" data-formid=\"5167\" method=\"post\" enctype=\"multipart\/form-data\" action=\"\/es\/wp-json\/wp\/v2\/pages\/3004\" data-token=\"9d769e3717478935a4072f251d13af27\" data-token-time=\"1776648937\"><noscript class=\"wpforms-error-noscript\">Please enable JavaScript in your browser to complete this form.<\/noscript><div class=\"wpforms-field-container\"><div id=\"wpforms-5167-field_0-container\" class=\"wpforms-field wpforms-field-name\" data-field-id=\"0\"><label class=\"wpforms-field-label\" for=\"wpforms-5167-field_0\">Name <span class=\"wpforms-required-label\">*<\/span><\/label><div class=\"wpforms-field-row wpforms-field-medium\"><div class=\"wpforms-field-row-block wpforms-first wpforms-one-half\"><input type=\"text\" id=\"wpforms-5167-field_0\" class=\"wpforms-field-name-first wpforms-field-required\" name=\"wpforms[fields][0][first]\" required><label for=\"wpforms-5167-field_0\" class=\"wpforms-field-sublabel after wpforms-sublabel-hide\">First<\/label><\/div><div class=\"wpforms-field-row-block wpforms-one-half\"><input type=\"text\" id=\"wpforms-5167-field_0-last\" class=\"wpforms-field-name-last wpforms-field-required\" name=\"wpforms[fields][0][last]\" required><label for=\"wpforms-5167-field_0-last\" class=\"wpforms-field-sublabel after wpforms-sublabel-hide\">Last<\/label><\/div><\/div><\/div><div id=\"wpforms-5167-field_1-container\" class=\"wpforms-field wpforms-field-email\" data-field-id=\"1\"><label class=\"wpforms-field-label\" for=\"wpforms-5167-field_1\">E-mail <span class=\"wpforms-required-label\">*<\/span><\/label><input type=\"email\" id=\"wpforms-5167-field_1\" class=\"wpforms-field-medium wpforms-field-required\" name=\"wpforms[fields][1]\" spellcheck=\"false\" required><\/div><div id=\"wpforms-5167-field_4-container\" class=\"wpforms-field wpforms-field-text\" data-field-id=\"4\"><label class=\"wpforms-field-label\" for=\"wpforms-5167-field_4\">Phone <span class=\"wpforms-required-label\">*<\/span><\/label><input type=\"text\" id=\"wpforms-5167-field_4\" class=\"wpforms-field-medium wpforms-field-required\" name=\"wpforms[fields][4]\" required><\/div><div id=\"wpforms-5167-field_5-container\" class=\"wpforms-field wpforms-field-text\" data-field-id=\"5\"><label class=\"wpforms-field-label\" for=\"wpforms-5167-field_5\">Subject <span class=\"wpforms-required-label\">*<\/span><\/label><input type=\"text\" id=\"wpforms-5167-field_5\" class=\"wpforms-field-medium wpforms-field-required\" name=\"wpforms[fields][5]\" required><\/div><div id=\"wpforms-5167-field_2-container\" class=\"wpforms-field wpforms-field-textarea\" data-field-id=\"2\"><label class=\"wpforms-field-label\" for=\"wpforms-5167-field_2\">Your project \/ Your needs <span class=\"wpforms-required-label\">*<\/span><\/label><textarea id=\"wpforms-5167-field_2\" class=\"wpforms-field-medium wpforms-field-required\" name=\"wpforms[fields][2]\" required><\/textarea><\/div><\/div><!-- .wpforms-field-container --><div class=\"wpforms-field wpforms-field-hp\"><label for=\"wpforms-5167-field-hp\" class=\"wpforms-field-label\">Website<\/label><input type=\"text\" name=\"wpforms[hp]\" id=\"wpforms-5167-field-hp\" class=\"wpforms-field-medium\"><\/div><div class=\"wpforms-submit-container\" ><input type=\"hidden\" name=\"wpforms[id]\" value=\"5167\"><input type=\"hidden\" name=\"page_title\" value=\"\"><input type=\"hidden\" name=\"page_url\" value=\"https:\/\/essencial-portugal.com\/es\/wp-json\/wp\/v2\/pages\/3004\"><input type=\"hidden\" name=\"url_referer\" value=\"\"><button type=\"submit\" name=\"wpforms[submit]\" id=\"wpforms-submit-5167\" class=\"wpforms-submit\" data-alt-text=\"Sending...\" data-submit-text=\"Send\" aria-live=\"assertive\" value=\"wpforms-submit\">Send<\/button><\/div><\/form><\/div>  <!-- .wpforms-container --><\/p>\n<blockquote><p>Al validar el formulario de contacto, autoriza a transmitir su solicitud a un profesional de habla inglesa que podr\u00e1 contactarle directamente. Se trata de un profesional que ofrece servicios de pago cuyo precio var\u00eda seg\u00fan la solicitud y el proyecto. Nada est\u00e1 automatizado: son profesionales que conozco, con sede en Lisboa y cualificados para acompa\u00f1arle en su proyecto. Essencial Portugal conecta particulares y empresas con profesionales certificados y de confianza en Portugal. Solo estos profesionales pueden informarle, ofrecerle y facturarle estos servicios.<\/p><\/blockquote>\n<p>Otros servicios relacionados para empresas angl\u00f3fonas en Portugal:<\/p>\n<ul>\n<li><a href=\"https:\/\/essencial-portugal.com\/es\/empresa-portugal\/contable-inglesa-lisboa-portugal\/\" target=\"_blank\" rel=\"noopener noreferrer\">Contable de habla inglesa en Lisboa y Portugal<\/a><\/li>\n<li><a href=\"https:\/\/essencial-portugal.com\/es\/instalacion-lisboa-portugal\/creacion-empresa-portugal\/\" target=\"_blank\" rel=\"noopener noreferrer\">Creaci\u00f3n de una empresa en Portugal<\/a><\/li>\n<li><a href=\"https:\/\/essencial-portugal.com\/es\/empresa-portugal\/contable-recursos-humanos-portugal\/\" target=\"_blank\" rel=\"noopener noreferrer\">Gesti\u00f3n de RRHH angl\u00f3fono en Lisboa y Portugal<\/a><\/li>\n<li><a href=\"https:\/\/essencial-portugal.com\/es\/empresa-portugal\/\" target=\"_blank\" rel=\"noopener noreferrer\">Acompa\u00f1amiento de empresas en Portugal<\/a><\/li>\n<\/ul>\n","protected":false},"excerpt":{"rendered":"<p>Encontrar una empresa para comprar en Portugal es un reto real. Antes de identificar la empresa adecuada, es imprescindible realizar un an\u00e1lisis exhaustivo del mercado. Aunque existen sitios web especializados en la venta y reventa de empresas, sin una visi\u00f3n clara de lo que se busca y de la situaci\u00f3n real del negocio, los riesgos [&hellip;]<\/p>\n","protected":false},"author":1,"featured_media":3007,"parent":2946,"menu_order":0,"comment_status":"closed","ping_status":"closed","template":"","meta":{"om_disable_all_campaigns":false,"_monsterinsights_skip_tracking":false,"_monsterinsights_sitenote_active":false,"_monsterinsights_sitenote_note":"","_monsterinsights_sitenote_category":0,"_uf_show_specific_survey":0,"_uf_disable_surveys":false,"site-sidebar-layout":"default","site-content-layout":"default","ast-site-content-layout":"default","site-content-style":"default","site-sidebar-style":"default","ast-global-header-display":"","ast-banner-title-visibility":"","ast-main-header-display":"","ast-hfb-above-header-display":"","ast-hfb-below-header-display":"","ast-hfb-mobile-header-display":"","site-post-title":"","ast-breadcrumbs-content":"","ast-featured-img":"","footer-sml-layout":"","ast-disable-related-posts":"","theme-transparent-header-meta":"default","adv-header-id-meta":"","stick-header-meta":"","header-above-stick-meta":"","header-main-stick-meta":"","header-below-stick-meta":"","astra-migrate-meta-layouts":"set","ast-page-background-enabled":"default","ast-page-background-meta":{"desktop":{"background-color":"","background-image":"","background-repeat":"repeat","background-position":"center center","background-size":"auto","background-attachment":"scroll","background-type":"","background-media":"","overlay-type":"","overlay-color":"","overlay-opacity":"","overlay-gradient":""},"tablet":{"background-color":"","background-image":"","background-repeat":"repeat","background-position":"center center","background-size":"auto","background-attachment":"scroll","background-type":"","background-media":"","overlay-type":"","overlay-color":"","overlay-opacity":"","overlay-gradient":""},"mobile":{"background-color":"","background-image":"","background-repeat":"repeat","background-position":"center center","background-size":"auto","background-attachment":"scroll","background-type":"","background-media":"","overlay-type":"","overlay-color":"","overlay-opacity":"","overlay-gradient":""}},"ast-content-background-meta":{"desktop":{"background-color":"var(--ast-global-color-5)","background-image":"","background-repeat":"repeat","background-position":"center center","background-size":"auto","background-attachment":"scroll","background-type":"","background-media":"","overlay-type":"","overlay-color":"","overlay-opacity":"","overlay-gradient":""},"tablet":{"background-color":"var(--ast-global-color-5)","background-image":"","background-repeat":"repeat","background-position":"center center","background-size":"auto","background-attachment":"scroll","background-type":"","background-media":"","overlay-type":"","overlay-color":"","overlay-opacity":"","overlay-gradient":""},"mobile":{"background-color":"var(--ast-global-color-5)","background-image":"","background-repeat":"repeat","background-position":"center center","background-size":"auto","background-attachment":"scroll","background-type":"","background-media":"","overlay-type":"","overlay-color":"","overlay-opacity":"","overlay-gradient":""}},"footnotes":""},"class_list":["post-3004","page","type-page","status-publish","has-post-thumbnail","hentry"],"aioseo_notices":[],"_links":{"self":[{"href":"https:\/\/essencial-portugal.com\/es\/wp-json\/wp\/v2\/pages\/3004","targetHints":{"allow":["GET"]}}],"collection":[{"href":"https:\/\/essencial-portugal.com\/es\/wp-json\/wp\/v2\/pages"}],"about":[{"href":"https:\/\/essencial-portugal.com\/es\/wp-json\/wp\/v2\/types\/page"}],"author":[{"embeddable":true,"href":"https:\/\/essencial-portugal.com\/es\/wp-json\/wp\/v2\/users\/1"}],"replies":[{"embeddable":true,"href":"https:\/\/essencial-portugal.com\/es\/wp-json\/wp\/v2\/comments?post=3004"}],"version-history":[{"count":2,"href":"https:\/\/essencial-portugal.com\/es\/wp-json\/wp\/v2\/pages\/3004\/revisions"}],"predecessor-version":[{"id":10227,"href":"https:\/\/essencial-portugal.com\/es\/wp-json\/wp\/v2\/pages\/3004\/revisions\/10227"}],"up":[{"embeddable":true,"href":"https:\/\/essencial-portugal.com\/es\/wp-json\/wp\/v2\/pages\/2946"}],"wp:featuredmedia":[{"embeddable":true,"href":"https:\/\/essencial-portugal.com\/es\/wp-json\/wp\/v2\/media\/3007"}],"wp:attachment":[{"href":"https:\/\/essencial-portugal.com\/es\/wp-json\/wp\/v2\/media?parent=3004"}],"curies":[{"name":"wp","href":"https:\/\/api.w.org\/{rel}","templated":true}]}}