{"id":3012,"date":"2019-06-07T08:19:14","date_gmt":"2019-06-07T08:19:14","guid":{"rendered":"https:\/\/essencial-portugal.com\/fr\/?page_id=3012"},"modified":"2026-03-16T07:59:27","modified_gmt":"2026-03-16T07:59:27","slug":"contable-recursos-humanos-portugal","status":"publish","type":"page","link":"https:\/\/essencial-portugal.com\/es\/empresa-portugal\/contable-recursos-humanos-portugal\/","title":{"rendered":"Gesti\u00f3n contable de los recursos humanos en Portugal"},"content":{"rendered":"<p><img fetchpriority=\"high\" decoding=\"async\" class=\"aligncenter wp-image-3015 size-full\" src=\"https:\/\/essencial-portugal.com\/es\/wp-content\/uploads\/2019\/06\/gestion-rh-ressources-humaines-francophone-portugal.jpg\" alt=\"Gesti\u00f3n de recursos humanos angl\u00f3fona en Portugal: externalizaci\u00f3n de RRHH para empresas internacionales\" width=\"1300\" height=\"597\" srcset=\"https:\/\/essencial-portugal.com\/es\/wp-content\/uploads\/2019\/06\/gestion-rh-ressources-humaines-francophone-portugal.jpg 1300w, https:\/\/essencial-portugal.com\/es\/wp-content\/uploads\/2019\/06\/gestion-rh-ressources-humaines-francophone-portugal-300x138.jpg 300w, https:\/\/essencial-portugal.com\/es\/wp-content\/uploads\/2019\/06\/gestion-rh-ressources-humaines-francophone-portugal-768x353.jpg 768w, https:\/\/essencial-portugal.com\/es\/wp-content\/uploads\/2019\/06\/gestion-rh-ressources-humaines-francophone-portugal-1024x470.jpg 1024w\" sizes=\"(max-width: 1300px) 100vw, 1300px\" \/><\/p>\n<p>La gesti\u00f3n de los recursos humanos en una empresa portuguesa requiere un conocimiento profundo del pa\u00eds, sus procesos y sus administraciones. La externalizaci\u00f3n de RRHH es una soluci\u00f3n eficaz que le permite beneficiarse de la experiencia de una firma establecida en Portugal desde hace casi 10 a\u00f1os, de habla inglesa y con m\u00e1s de 200 empresas acompa\u00f1adas en su implantaci\u00f3n y gesti\u00f3n en territorio portugu\u00e9s.<\/p>\n<p>Internalizar la gesti\u00f3n de RRHH angl\u00f3fona en una empresa portuguesa lleva tiempo, requiere perfiles multiling\u00fces poco comunes y suele resultar m\u00e1s cara que una soluci\u00f3n de externalizaci\u00f3n.<\/p>\n<p>Si ha creado o adquirido una empresa en Portugal y desea ser acompa\u00f1ado por expertos contables angl\u00f3fonos para la gesti\u00f3n de sus recursos humanos, rellene el formulario a continuaci\u00f3n. Un profesional de habla inglesa se pondr\u00e1 en contacto con usted para discutir su proyecto.<\/p>\n<p style=\"text-align: center;\"><div class=\"wpforms-container wpforms-container-full\" id=\"wpforms-5167\"><form id=\"wpforms-form-5167\" class=\"wpforms-validate wpforms-form\" data-formid=\"5167\" method=\"post\" enctype=\"multipart\/form-data\" action=\"\/es\/wp-json\/wp\/v2\/pages\/3012\" data-token=\"9d769e3717478935a4072f251d13af27\" data-token-time=\"1776648955\"><noscript class=\"wpforms-error-noscript\">Please enable JavaScript in your browser to complete this form.<\/noscript><div class=\"wpforms-field-container\"><div id=\"wpforms-5167-field_0-container\" class=\"wpforms-field wpforms-field-name\" data-field-id=\"0\"><label class=\"wpforms-field-label\" for=\"wpforms-5167-field_0\">Name <span class=\"wpforms-required-label\">*<\/span><\/label><div class=\"wpforms-field-row wpforms-field-medium\"><div class=\"wpforms-field-row-block wpforms-first wpforms-one-half\"><input type=\"text\" id=\"wpforms-5167-field_0\" class=\"wpforms-field-name-first wpforms-field-required\" name=\"wpforms[fields][0][first]\" required><label for=\"wpforms-5167-field_0\" class=\"wpforms-field-sublabel after wpforms-sublabel-hide\">First<\/label><\/div><div class=\"wpforms-field-row-block wpforms-one-half\"><input type=\"text\" id=\"wpforms-5167-field_0-last\" class=\"wpforms-field-name-last wpforms-field-required\" name=\"wpforms[fields][0][last]\" required><label for=\"wpforms-5167-field_0-last\" class=\"wpforms-field-sublabel after wpforms-sublabel-hide\">Last<\/label><\/div><\/div><\/div><div id=\"wpforms-5167-field_1-container\" class=\"wpforms-field wpforms-field-email\" data-field-id=\"1\"><label class=\"wpforms-field-label\" for=\"wpforms-5167-field_1\">E-mail <span class=\"wpforms-required-label\">*<\/span><\/label><input type=\"email\" id=\"wpforms-5167-field_1\" class=\"wpforms-field-medium wpforms-field-required\" name=\"wpforms[fields][1]\" spellcheck=\"false\" required><\/div><div id=\"wpforms-5167-field_4-container\" class=\"wpforms-field wpforms-field-text\" data-field-id=\"4\"><label class=\"wpforms-field-label\" for=\"wpforms-5167-field_4\">Phone <span class=\"wpforms-required-label\">*<\/span><\/label><input type=\"text\" id=\"wpforms-5167-field_4\" class=\"wpforms-field-medium wpforms-field-required\" name=\"wpforms[fields][4]\" required><\/div><div id=\"wpforms-5167-field_5-container\" class=\"wpforms-field wpforms-field-text\" data-field-id=\"5\"><label class=\"wpforms-field-label\" for=\"wpforms-5167-field_5\">Subject <span class=\"wpforms-required-label\">*<\/span><\/label><input type=\"text\" id=\"wpforms-5167-field_5\" class=\"wpforms-field-medium wpforms-field-required\" name=\"wpforms[fields][5]\" required><\/div><div id=\"wpforms-5167-field_2-container\" class=\"wpforms-field wpforms-field-textarea\" data-field-id=\"2\"><label class=\"wpforms-field-label\" for=\"wpforms-5167-field_2\">Your project \/ Your needs <span class=\"wpforms-required-label\">*<\/span><\/label><textarea id=\"wpforms-5167-field_2\" class=\"wpforms-field-medium wpforms-field-required\" name=\"wpforms[fields][2]\" required><\/textarea><\/div><\/div><!-- .wpforms-field-container --><div class=\"wpforms-field wpforms-field-hp\"><label for=\"wpforms-5167-field-hp\" class=\"wpforms-field-label\">Email<\/label><input type=\"text\" name=\"wpforms[hp]\" id=\"wpforms-5167-field-hp\" class=\"wpforms-field-medium\"><\/div><div class=\"wpforms-submit-container\" ><input type=\"hidden\" name=\"wpforms[id]\" value=\"5167\"><input type=\"hidden\" name=\"page_title\" value=\"\"><input type=\"hidden\" name=\"page_url\" value=\"https:\/\/essencial-portugal.com\/es\/wp-json\/wp\/v2\/pages\/3012\"><input type=\"hidden\" name=\"url_referer\" value=\"\"><button type=\"submit\" name=\"wpforms[submit]\" id=\"wpforms-submit-5167\" class=\"wpforms-submit\" data-alt-text=\"Sending...\" data-submit-text=\"Send\" aria-live=\"assertive\" value=\"wpforms-submit\">Send<\/button><\/div><\/form><\/div>  <!-- .wpforms-container --><\/p>\n<blockquote><p>Al validar el formulario de contacto, autoriza a transmitir su solicitud a un profesional de habla inglesa que podr\u00e1 contactarle directamente. Nada est\u00e1 automatizado: son profesionales que conozco, con sede en Lisboa y cualificados para acompa\u00f1arle en su proyecto. Essencial Portugal conecta particulares y empresas con profesionales certificados y de confianza en Portugal. Solo estos profesionales pueden informarle, ofrecerle y facturarle estos servicios.<\/p><\/blockquote>\n<h2>Servicios de gesti\u00f3n de RRHH angl\u00f3fona en Portugal<\/h2>\n<ul>\n<li>Comunicaci\u00f3n de altas y bajas de empleados a las entidades competentes (Seguridad Social, FCT, HSST, Seguros)<\/li>\n<li>Solicitud de ayudas para la contrataci\u00f3n de empleados<\/li>\n<li>Tratamiento salarial: ausencias, vacaciones, bajas por enfermedad, maternidad, paternidad y permisos no retribuidos<\/li>\n<li>Preparaci\u00f3n y env\u00edo de n\u00f3minas<\/li>\n<li>Preparaci\u00f3n y env\u00edo del fichero de transferencias bancarias<\/li>\n<li>C\u00e1lculo de indemnizaciones por rescisi\u00f3n de contrato de trabajo<\/li>\n<li>Preparaci\u00f3n y env\u00edo de las declaraciones mensuales de remuneraci\u00f3n a la Seguridad Social y Hacienda<\/li>\n<li>Emisi\u00f3n y env\u00edo de documentos para el pago de impuestos<\/li>\n<li>Tramitaci\u00f3n y control de las anotaciones salariales de los empleados<\/li>\n<li>Comunicaci\u00f3n con funcionarios judiciales<\/li>\n<li>Emisi\u00f3n y env\u00edo de registros salariales para el seguro de accidentes laborales<\/li>\n<li>Emisi\u00f3n de la declaraci\u00f3n anual de la renta de cada empleado<\/li>\n<li>Elaboraci\u00f3n y env\u00edo del Relat\u00f3rio \u00danico<\/li>\n<li>Respuestas al INE (Instituto Nacional de Estad\u00edstica)<\/li>\n<li>Solicitud del Documento A1<\/li>\n<li>Comunicaci\u00f3n con las entidades competentes para la tramitaci\u00f3n de expedientes del Departamento de RRHH<\/li>\n<li>Asistencia en controles de las entidades competentes (ACT, AT, SS&#8230;)<\/li>\n<li>Asesoramiento y seguimiento en cuestiones de derecho laboral y social<\/li>\n<\/ul>\n<p>Otros servicios relacionados para empresas angl\u00f3fonas en Portugal:<\/p>\n<ul>\n<li><a href=\"https:\/\/essencial-portugal.com\/es\/empresa-portugal\/contable-inglesa-lisboa-portugal\/\" target=\"_blank\" rel=\"noopener noreferrer\">Contable angl\u00f3fono en Lisboa y Portugal<\/a><\/li>\n<li><a href=\"https:\/\/essencial-portugal.com\/es\/instalacion-lisboa-portugal\/creacion-empresa-portugal\/\" target=\"_blank\" rel=\"noopener noreferrer\">Creaci\u00f3n de una empresa en Portugal<\/a><\/li>\n<li><a href=\"https:\/\/essencial-portugal.com\/es\/empresa-portugal\/comprar-negocio-portugal\/\" target=\"_blank\" rel=\"noopener noreferrer\">Adquisici\u00f3n de empresa portuguesa<\/a><\/li>\n<li><a href=\"https:\/\/essencial-portugal.com\/es\/empresa-portugal\/\" target=\"_blank\" rel=\"noopener noreferrer\">Acompa\u00f1amiento de empresas en Portugal<\/a><\/li>\n<\/ul>\n","protected":false},"excerpt":{"rendered":"<p>La gesti\u00f3n de los recursos humanos en una empresa portuguesa requiere un conocimiento profundo del pa\u00eds, sus procesos y sus administraciones. La externalizaci\u00f3n de RRHH es una soluci\u00f3n eficaz que le permite beneficiarse de la experiencia de una firma establecida en Portugal desde hace casi 10 a\u00f1os, de habla inglesa y con m\u00e1s de 200 [&hellip;]<\/p>\n","protected":false},"author":1,"featured_media":3015,"parent":2946,"menu_order":0,"comment_status":"closed","ping_status":"closed","template":"","meta":{"om_disable_all_campaigns":false,"_monsterinsights_skip_tracking":false,"_monsterinsights_sitenote_active":false,"_monsterinsights_sitenote_note":"","_monsterinsights_sitenote_category":0,"_uf_show_specific_survey":0,"_uf_disable_surveys":false,"site-sidebar-layout":"default","site-content-layout":"default","ast-site-content-layout":"default","site-content-style":"default","site-sidebar-style":"default","ast-global-header-display":"","ast-banner-title-visibility":"","ast-main-header-display":"","ast-hfb-above-header-display":"","ast-hfb-below-header-display":"","ast-hfb-mobile-header-display":"","site-post-title":"","ast-breadcrumbs-content":"","ast-featured-img":"","footer-sml-layout":"","ast-disable-related-posts":"","theme-transparent-header-meta":"default","adv-header-id-meta":"","stick-header-meta":"","header-above-stick-meta":"","header-main-stick-meta":"","header-below-stick-meta":"","astra-migrate-meta-layouts":"set","ast-page-background-enabled":"default","ast-page-background-meta":{"desktop":{"background-color":"","background-image":"","background-repeat":"repeat","background-position":"center center","background-size":"auto","background-attachment":"scroll","background-type":"","background-media":"","overlay-type":"","overlay-color":"","overlay-opacity":"","overlay-gradient":""},"tablet":{"background-color":"","background-image":"","background-repeat":"repeat","background-position":"center center","background-size":"auto","background-attachment":"scroll","background-type":"","background-media":"","overlay-type":"","overlay-color":"","overlay-opacity":"","overlay-gradient":""},"mobile":{"background-color":"","background-image":"","background-repeat":"repeat","background-position":"center center","background-size":"auto","background-attachment":"scroll","background-type":"","background-media":"","overlay-type":"","overlay-color":"","overlay-opacity":"","overlay-gradient":""}},"ast-content-background-meta":{"desktop":{"background-color":"var(--ast-global-color-5)","background-image":"","background-repeat":"repeat","background-position":"center center","background-size":"auto","background-attachment":"scroll","background-type":"","background-media":"","overlay-type":"","overlay-color":"","overlay-opacity":"","overlay-gradient":""},"tablet":{"background-color":"var(--ast-global-color-5)","background-image":"","background-repeat":"repeat","background-position":"center center","background-size":"auto","background-attachment":"scroll","background-type":"","background-media":"","overlay-type":"","overlay-color":"","overlay-opacity":"","overlay-gradient":""},"mobile":{"background-color":"var(--ast-global-color-5)","background-image":"","background-repeat":"repeat","background-position":"center center","background-size":"auto","background-attachment":"scroll","background-type":"","background-media":"","overlay-type":"","overlay-color":"","overlay-opacity":"","overlay-gradient":""}},"footnotes":""},"class_list":["post-3012","page","type-page","status-publish","has-post-thumbnail","hentry"],"aioseo_notices":[],"_links":{"self":[{"href":"https:\/\/essencial-portugal.com\/es\/wp-json\/wp\/v2\/pages\/3012","targetHints":{"allow":["GET"]}}],"collection":[{"href":"https:\/\/essencial-portugal.com\/es\/wp-json\/wp\/v2\/pages"}],"about":[{"href":"https:\/\/essencial-portugal.com\/es\/wp-json\/wp\/v2\/types\/page"}],"author":[{"embeddable":true,"href":"https:\/\/essencial-portugal.com\/es\/wp-json\/wp\/v2\/users\/1"}],"replies":[{"embeddable":true,"href":"https:\/\/essencial-portugal.com\/es\/wp-json\/wp\/v2\/comments?post=3012"}],"version-history":[{"count":2,"href":"https:\/\/essencial-portugal.com\/es\/wp-json\/wp\/v2\/pages\/3012\/revisions"}],"predecessor-version":[{"id":10233,"href":"https:\/\/essencial-portugal.com\/es\/wp-json\/wp\/v2\/pages\/3012\/revisions\/10233"}],"up":[{"embeddable":true,"href":"https:\/\/essencial-portugal.com\/es\/wp-json\/wp\/v2\/pages\/2946"}],"wp:featuredmedia":[{"embeddable":true,"href":"https:\/\/essencial-portugal.com\/es\/wp-json\/wp\/v2\/media\/3015"}],"wp:attachment":[{"href":"https:\/\/essencial-portugal.com\/es\/wp-json\/wp\/v2\/media?parent=3012"}],"curies":[{"name":"wp","href":"https:\/\/api.w.org\/{rel}","templated":true}]}}