{"id":3895,"date":"2019-06-30T10:01:48","date_gmt":"2019-06-30T10:01:48","guid":{"rendered":"https:\/\/essencial-portugal.com\/fr\/?page_id=3895"},"modified":"2026-03-16T12:19:04","modified_gmt":"2026-03-16T12:19:04","slug":"seguro-embarcaciones-portugal","status":"publish","type":"page","link":"https:\/\/essencial-portugal.com\/es\/seguros-portugal\/seguro-embarcaciones-portugal\/","title":{"rendered":"Seguro de embarcaciones en Portugal"},"content":{"rendered":"<p>En caso de accidente n\u00e1utico, su seguro de embarcaci\u00f3n en Portugal puede cubrir los da\u00f1os causados a terceros o los sufridos por su embarcaci\u00f3n y sus ocupantes, seg\u00fan el nivel de protecci\u00f3n elegido.<\/p>\n<p><img fetchpriority=\"high\" decoding=\"async\" class=\"aligncenter wp-image-3972 size-full\" src=\"https:\/\/essencial-portugal.com\/es\/wp-content\/uploads\/2019\/06\/assurance-bateau-portugal.jpg\" alt=\"Seguro de embarcaciones en Portugal: responsabilidad civil, da\u00f1os y accidentes de ocupantes\" width=\"1900\" height=\"1069\" srcset=\"https:\/\/essencial-portugal.com\/es\/wp-content\/uploads\/2019\/06\/assurance-bateau-portugal.jpg 1900w, https:\/\/essencial-portugal.com\/es\/wp-content\/uploads\/2019\/06\/assurance-bateau-portugal-300x169.jpg 300w, https:\/\/essencial-portugal.com\/es\/wp-content\/uploads\/2019\/06\/assurance-bateau-portugal-768x432.jpg 768w, https:\/\/essencial-portugal.com\/es\/wp-content\/uploads\/2019\/06\/assurance-bateau-portugal-1024x576.jpg 1024w\" sizes=\"(max-width: 1900px) 100vw, 1900px\" \/><\/p>\n<p>Las coberturas principales de un seguro n\u00e1utico son:<\/p>\n<ul>\n<li><strong>Responsabilidad civil:<\/strong> da\u00f1os causados a otras personas o embarcaciones por su responsabilidad<\/li>\n<li><strong>Da\u00f1os personales:<\/strong> p\u00e9rdida total o coste de reparaci\u00f3n de su embarcaci\u00f3n<\/li>\n<li><strong>Accidentes de ocupantes:<\/strong> indemnizaci\u00f3n por fallecimiento u hospitalizaci\u00f3n de los ocupantes<\/li>\n<\/ul>\n<p>El seguro de da\u00f1os personales se aplica en las siguientes situaciones:<\/p>\n<ul>\n<li>Accidente en el agua, incluidos gastos de salvamento o desguace<\/li>\n<li>Accidente en tierra<\/li>\n<li>Accidente al botar o sacar la embarcaci\u00f3n del agua<\/li>\n<li>Accidente durante el transporte terrestre de la embarcaci\u00f3n<\/li>\n<\/ul>\n<p>El seguro de responsabilidad civil es <strong>obligatorio<\/strong> para los propietarios de embarcaciones de recreo con motor como medio de propulsi\u00f3n, y tambi\u00e9n para los veleros de m\u00e1s de 7 m de eslora.<\/p>\n<h2>Corredor de seguros de embarcaciones angl\u00f3fono en Portugal<\/h2>\n<p>Si no sabe por d\u00f3nde empezar o desea que un profesional le acompa\u00f1e en todo el proceso, rellene el formulario para ser puesto en contacto con un corredor de seguros de habla inglesa con sede en Lisboa, especializado en seguros n\u00e1uticos en Portugal.<\/p>\n<p style=\"text-align: center;\"><a class=\"maxbutton-3 maxbutton maxbutton-form\" href=\"#form\"><span class='mb-text'>CONTACTO<\/span><\/a><\/p>\n<h2>Coberturas del seguro de embarcaciones en Portugal<\/h2>\n<h3>Seguro b\u00e1sico<\/h3>\n<ul>\n<li>Responsabilidad civil hasta 250.000 \u20ac en Portugal o 337.000 \u20ac en Espa\u00f1a<\/li>\n<li>Asistencia a embarcaci\u00f3n y personas: remolque en caso de aver\u00eda dentro de las aguas definidas en la p\u00f3liza (hasta 20 millas de un puerto y 6 millas de la costa, seg\u00fan aseguradora)<\/li>\n<\/ul>\n<h3>Seguro intermedio<\/h3>\n<ul>\n<li>Responsabilidad civil voluntaria: cobertura adicional si los da\u00f1os superan el l\u00edmite de la RC obligatoria<\/li>\n<li>Asistencia jur\u00eddica en litigios con otras partes implicadas en un accidente<\/li>\n<li>Accidentes personales de ocupantes: reembolso de gastos de tratamiento o indemnizaci\u00f3n por fallecimiento o invalidez<\/li>\n<li>Asistencia ampliada a mayor distancia geogr\u00e1fica<\/li>\n<\/ul>\n<p><img decoding=\"async\" class=\"aligncenter wp-image-3973 size-full\" src=\"https:\/\/essencial-portugal.com\/es\/wp-content\/uploads\/2019\/06\/souscrire-assurance-bateau-portugal.jpg\" alt=\"Contratar un seguro de barco en Portugal: cobertura superior con robo, da\u00f1os parciales y actos sociopol\u00edticos\" width=\"1900\" height=\"1267\" srcset=\"https:\/\/essencial-portugal.com\/es\/wp-content\/uploads\/2019\/06\/souscrire-assurance-bateau-portugal.jpg 1900w, https:\/\/essencial-portugal.com\/es\/wp-content\/uploads\/2019\/06\/souscrire-assurance-bateau-portugal-300x200.jpg 300w, https:\/\/essencial-portugal.com\/es\/wp-content\/uploads\/2019\/06\/souscrire-assurance-bateau-portugal-768x512.jpg 768w, https:\/\/essencial-portugal.com\/es\/wp-content\/uploads\/2019\/06\/souscrire-assurance-bateau-portugal-1024x683.jpg 1024w\" sizes=\"(max-width: 1900px) 100vw, 1900px\" \/><\/p>\n<h3>Seguro superior<\/h3>\n<p>Incluye todas las coberturas anteriores m\u00e1s:<\/p>\n<ul>\n<li><strong>P\u00e9rdida total y remoci\u00f3n de restos:<\/strong> indemnizaci\u00f3n hasta el valor de la embarcaci\u00f3n en el momento del accidente, con reembolso de los gastos de remoci\u00f3n<\/li>\n<li><strong>Robo:<\/strong> indemnizaci\u00f3n por el valor de la embarcaci\u00f3n o por los da\u00f1os causados en un intento de robo<\/li>\n<li><strong>Da\u00f1os parciales:<\/strong> cobertura del coste de reparaci\u00f3n hasta el valor asegurado<\/li>\n<li><strong>Actos sociopol\u00edticos:<\/strong> da\u00f1os por terrorismo, sabotaje, huelgas o disturbios<\/li>\n<li><strong>Objetos de uso personal:<\/strong> indemnizaci\u00f3n por objetos identificados por la polic\u00eda llevados a bordo, en caso de accidente n\u00e1utico o robo en puerto<\/li>\n<\/ul>\n<h2>Exclusiones del seguro de embarcaciones<\/h2>\n<p>Los accidentes ocurridos bajo la influencia del alcohol o sin licencia n\u00e1utica v\u00e1lida no est\u00e1n cubiertos. En estas situaciones, la aseguradora puede reclamar la devoluci\u00f3n de cualquier indemnizaci\u00f3n ya percibida. Consulte siempre las condiciones generales de su p\u00f3liza para conocer la lista completa de exclusiones.<\/p>\n<p>El importe del seguro depende de las caracter\u00edsticas individuales de la embarcaci\u00f3n y la cobertura elegida. El pago puede realizarse anualmente, semestralmente o trimestralmente. El pago anual por domiciliaci\u00f3n bancaria puede generar un descuento de hasta el 5%.<\/p>\n<h2 id=\"form\">Corredor de seguros de embarcaciones Portugal<\/h2>\n<p style=\"text-align: center;\"><div class=\"wpforms-container wpforms-container-full\" id=\"wpforms-5171\"><form id=\"wpforms-form-5171\" class=\"wpforms-validate wpforms-form\" data-formid=\"5171\" method=\"post\" enctype=\"multipart\/form-data\" action=\"\/es\/wp-json\/wp\/v2\/pages\/3895\" data-token=\"582c1a03b9e09ddc248afa5d51cc22f6\" data-token-time=\"1776648949\"><noscript class=\"wpforms-error-noscript\">Please enable JavaScript in your browser to complete this form.<\/noscript><div class=\"wpforms-field-container\"><div id=\"wpforms-5171-field_0-container\" class=\"wpforms-field wpforms-field-name\" data-field-id=\"0\"><label class=\"wpforms-field-label\" for=\"wpforms-5171-field_0\">Name <span class=\"wpforms-required-label\">*<\/span><\/label><div class=\"wpforms-field-row wpforms-field-medium\"><div class=\"wpforms-field-row-block wpforms-first wpforms-one-half\"><input type=\"text\" id=\"wpforms-5171-field_0\" class=\"wpforms-field-name-first wpforms-field-required\" name=\"wpforms[fields][0][first]\" required><label for=\"wpforms-5171-field_0\" class=\"wpforms-field-sublabel after wpforms-sublabel-hide\">First<\/label><\/div><div class=\"wpforms-field-row-block wpforms-one-half\"><input type=\"text\" id=\"wpforms-5171-field_0-last\" class=\"wpforms-field-name-last wpforms-field-required\" name=\"wpforms[fields][0][last]\" required><label for=\"wpforms-5171-field_0-last\" class=\"wpforms-field-sublabel after wpforms-sublabel-hide\">Last<\/label><\/div><\/div><\/div><div id=\"wpforms-5171-field_1-container\" class=\"wpforms-field wpforms-field-email\" data-field-id=\"1\"><label class=\"wpforms-field-label\" for=\"wpforms-5171-field_1\">E-mail <span class=\"wpforms-required-label\">*<\/span><\/label><input type=\"email\" id=\"wpforms-5171-field_1\" class=\"wpforms-field-medium wpforms-field-required\" name=\"wpforms[fields][1]\" spellcheck=\"false\" required><\/div><div id=\"wpforms-5171-field_3-container\" class=\"wpforms-field wpforms-field-text\" data-field-id=\"3\"><label class=\"wpforms-field-label\" for=\"wpforms-5171-field_3\">Phone <span class=\"wpforms-required-label\">*<\/span><\/label><input type=\"text\" id=\"wpforms-5171-field_3\" class=\"wpforms-field-medium wpforms-field-required\" name=\"wpforms[fields][3]\" required><\/div><div id=\"wpforms-5171-field_5-container\" class=\"wpforms-field wpforms-field-text\" data-field-id=\"5\"><label class=\"wpforms-field-label\" for=\"wpforms-5171-field_5\">Date of Birth <span class=\"wpforms-required-label\">*<\/span><\/label><input type=\"text\" id=\"wpforms-5171-field_5\" class=\"wpforms-field-medium wpforms-field-required\" name=\"wpforms[fields][5]\" required><\/div><div id=\"wpforms-5171-field_4-container\" class=\"wpforms-field wpforms-field-select wpforms-field-select-style-classic\" data-field-id=\"4\"><label class=\"wpforms-field-label\" for=\"wpforms-5171-field_4\">Gender <span class=\"wpforms-required-label\">*<\/span><\/label><select id=\"wpforms-5171-field_4\" class=\"wpforms-field-medium wpforms-field-required\" name=\"wpforms[fields][4]\" required=\"required\"><option value=\"Man\"  class=\"choice-1 depth-1\"  >Man<\/option><option value=\"Woman\"  class=\"choice-2 depth-1\"  >Woman<\/option><\/select><\/div><div id=\"wpforms-5171-field_6-container\" class=\"wpforms-field wpforms-field-text\" data-field-id=\"6\"><label class=\"wpforms-field-label\" for=\"wpforms-5171-field_6\">TIN \/ PASSEPORT <span class=\"wpforms-required-label\">*<\/span><\/label><input type=\"text\" id=\"wpforms-5171-field_6\" class=\"wpforms-field-medium wpforms-field-required\" name=\"wpforms[fields][6]\" required><\/div><div id=\"wpforms-5171-field_7-container\" class=\"wpforms-field wpforms-field-text\" data-field-id=\"7\"><label class=\"wpforms-field-label\" for=\"wpforms-5171-field_7\">City in Portugal <span class=\"wpforms-required-label\">*<\/span><\/label><input type=\"text\" id=\"wpforms-5171-field_7\" class=\"wpforms-field-medium wpforms-field-required\" name=\"wpforms[fields][7]\" required><\/div><div id=\"wpforms-5171-field_8-container\" class=\"wpforms-field wpforms-field-text\" data-field-id=\"8\"><label class=\"wpforms-field-label\" for=\"wpforms-5171-field_8\">Postal Code <span class=\"wpforms-required-label\">*<\/span><\/label><input type=\"text\" id=\"wpforms-5171-field_8\" class=\"wpforms-field-medium wpforms-field-required\" name=\"wpforms[fields][8]\" required><\/div><div id=\"wpforms-5171-field_9-container\" class=\"wpforms-field wpforms-field-text\" data-field-id=\"9\"><label class=\"wpforms-field-label\" for=\"wpforms-5171-field_9\">Boat brand <span class=\"wpforms-required-label\">*<\/span><\/label><input type=\"text\" id=\"wpforms-5171-field_9\" class=\"wpforms-field-medium wpforms-field-required\" name=\"wpforms[fields][9]\" required><\/div><div id=\"wpforms-5171-field_10-container\" class=\"wpforms-field wpforms-field-select wpforms-field-select-style-classic\" data-field-id=\"10\"><label class=\"wpforms-field-label\" for=\"wpforms-5171-field_10\">Type of boat <span class=\"wpforms-required-label\">*<\/span><\/label><select id=\"wpforms-5171-field_10\" class=\"wpforms-field-medium wpforms-field-required\" name=\"wpforms[fields][10]\" required=\"required\"><option value=\"Cabin\"  class=\"choice-1 depth-1\"  >Cabin<\/option><option value=\"Cruise ship\"  class=\"choice-2 depth-1\"  >Cruise ship<\/option><option value=\"Off board\"  class=\"choice-3 depth-1\"  >Off board<\/option><option value=\"Fishing boat\"  class=\"choice-8 depth-1\"  >Fishing boat<\/option><option value=\"Jet ski\"  class=\"choice-7 depth-1\"  >Jet ski<\/option><option value=\"Yacht\"  class=\"choice-6 depth-1\"  >Yacht<\/option><option value=\"Inflatable\"  class=\"choice-5 depth-1\"  >Inflatable<\/option><option value=\"Semi-rigid\"  class=\"choice-4 depth-1\"  >Semi-rigid<\/option><\/select><\/div><div id=\"wpforms-5171-field_12-container\" class=\"wpforms-field wpforms-field-text\" data-field-id=\"12\"><label class=\"wpforms-field-label\" for=\"wpforms-5171-field_12\">Length of the boat  <span class=\"wpforms-required-label\">*<\/span><\/label><input type=\"text\" id=\"wpforms-5171-field_12\" class=\"wpforms-field-medium wpforms-field-required\" name=\"wpforms[fields][12]\" required><\/div><div id=\"wpforms-5171-field_13-container\" class=\"wpforms-field wpforms-field-text\" data-field-id=\"13\"><label class=\"wpforms-field-label\" for=\"wpforms-5171-field_13\">Boat value  <span class=\"wpforms-required-label\">*<\/span><\/label><input type=\"text\" id=\"wpforms-5171-field_13\" class=\"wpforms-field-medium wpforms-field-required\" name=\"wpforms[fields][13]\" required><\/div><div id=\"wpforms-5171-field_14-container\" class=\"wpforms-field wpforms-field-text\" data-field-id=\"14\"><label class=\"wpforms-field-label\" for=\"wpforms-5171-field_14\">Year of construction <span class=\"wpforms-required-label\">*<\/span><\/label><input type=\"text\" id=\"wpforms-5171-field_14\" class=\"wpforms-field-medium wpforms-field-required\" name=\"wpforms[fields][14]\" required><\/div><div id=\"wpforms-5171-field_11-container\" class=\"wpforms-field wpforms-field-text\" data-field-id=\"11\"><label class=\"wpforms-field-label\" for=\"wpforms-5171-field_11\">Number of passengers <span class=\"wpforms-required-label\">*<\/span><\/label><input type=\"text\" id=\"wpforms-5171-field_11\" class=\"wpforms-field-medium wpforms-field-required\" name=\"wpforms[fields][11]\" required><\/div><div id=\"wpforms-5171-field_16-container\" class=\"wpforms-field wpforms-field-text\" data-field-id=\"16\"><label class=\"wpforms-field-label\" for=\"wpforms-5171-field_16\">Engine brand <span class=\"wpforms-required-label\">*<\/span><\/label><input type=\"text\" id=\"wpforms-5171-field_16\" class=\"wpforms-field-medium wpforms-field-required\" name=\"wpforms[fields][16]\" required><\/div><div id=\"wpforms-5171-field_15-container\" class=\"wpforms-field wpforms-field-text\" data-field-id=\"15\"><label class=\"wpforms-field-label\" for=\"wpforms-5171-field_15\">Number of motors <span class=\"wpforms-required-label\">*<\/span><\/label><input type=\"text\" id=\"wpforms-5171-field_15\" class=\"wpforms-field-medium wpforms-field-required\" name=\"wpforms[fields][15]\" required><\/div><div id=\"wpforms-5171-field_17-container\" class=\"wpforms-field wpforms-field-text\" data-field-id=\"17\"><label class=\"wpforms-field-label\" for=\"wpforms-5171-field_17\">Engine power CV <span class=\"wpforms-required-label\">*<\/span><\/label><input type=\"text\" id=\"wpforms-5171-field_17\" class=\"wpforms-field-medium wpforms-field-required\" name=\"wpforms[fields][17]\" required><\/div><div id=\"wpforms-5171-field_2-container\" class=\"wpforms-field wpforms-field-textarea\" data-field-id=\"2\"><label class=\"wpforms-field-label\" for=\"wpforms-5171-field_2\">Additional information <span class=\"wpforms-required-label\">*<\/span><\/label><textarea id=\"wpforms-5171-field_2\" class=\"wpforms-field-medium wpforms-field-required\" name=\"wpforms[fields][2]\" required><\/textarea><\/div><\/div><!-- .wpforms-field-container --><div class=\"wpforms-field wpforms-field-hp\"><label for=\"wpforms-5171-field-hp\" class=\"wpforms-field-label\">Email<\/label><input type=\"text\" name=\"wpforms[hp]\" id=\"wpforms-5171-field-hp\" class=\"wpforms-field-medium\"><\/div><div class=\"wpforms-submit-container\" ><input type=\"hidden\" name=\"wpforms[id]\" value=\"5171\"><input type=\"hidden\" name=\"page_title\" value=\"\"><input type=\"hidden\" name=\"page_url\" value=\"https:\/\/essencial-portugal.com\/es\/wp-json\/wp\/v2\/pages\/3895\"><input type=\"hidden\" name=\"url_referer\" value=\"\"><button type=\"submit\" name=\"wpforms[submit]\" id=\"wpforms-submit-5171\" class=\"wpforms-submit\" data-alt-text=\"Sending...\" data-submit-text=\"Send\" aria-live=\"assertive\" value=\"wpforms-submit\">Send<\/button><\/div><\/form><\/div>  <!-- .wpforms-container --><\/p>\n<blockquote><p>Al validar el formulario de contacto, autoriza a transmitir su solicitud a un corredor de seguros de habla inglesa que podr\u00e1 contactarle directamente. Nada est\u00e1 automatizado: son profesionales que conozco, con sede en Lisboa y cualificados para acompa\u00f1arle en su proyecto.<\/p><\/blockquote>\n<h2>Seguros en Portugal<\/h2>\n<ul>\n<li><a href=\"https:\/\/essencial-portugal.com\/es\/noticias-portugal\/seguros-salud-portugal-como-elegir\/\">Seguro de salud Portugal<\/a><\/li>\n<li><a href=\"https:\/\/essencial-portugal.com\/es\/seguros-portugal\/seguro-moto-portugal\/\">Seguro de moto Portugal<\/a><\/li>\n<li><a href=\"https:\/\/essencial-portugal.com\/es\/seguros-portugal\/seguro-de-vida-portugal\/\">Seguro de vida Portugal<\/a><\/li>\n<li><a href=\"https:\/\/essencial-portugal.com\/es\/seguros-portugal\/seguro-dental-portugal\/\">Seguro dental Portugal<\/a><\/li>\n<li><a href=\"https:\/\/essencial-portugal.com\/es\/seguros-portugal\/seguro-coche-portugal\/\">Seguro de coche Portugal<\/a><\/li>\n<li><a href=\"https:\/\/essencial-portugal.com\/es\/seguros-portugal\/seguro-embarcaciones-portugal\/\">Seguro de barco Portugal<\/a><\/li>\n<\/ul>\n","protected":false},"excerpt":{"rendered":"<p>En caso de accidente n\u00e1utico, su seguro de embarcaci\u00f3n en Portugal puede cubrir los da\u00f1os causados a terceros o los sufridos por su embarcaci\u00f3n y sus ocupantes, seg\u00fan el nivel de protecci\u00f3n elegido. Las coberturas principales de un seguro n\u00e1utico son: Responsabilidad civil: da\u00f1os causados a otras personas o embarcaciones por su responsabilidad Da\u00f1os personales: [&hellip;]<\/p>\n","protected":false},"author":1,"featured_media":3972,"parent":3166,"menu_order":0,"comment_status":"closed","ping_status":"closed","template":"","meta":{"om_disable_all_campaigns":false,"_monsterinsights_skip_tracking":false,"_monsterinsights_sitenote_active":false,"_monsterinsights_sitenote_note":"","_monsterinsights_sitenote_category":0,"_uf_show_specific_survey":0,"_uf_disable_surveys":false,"site-sidebar-layout":"default","site-content-layout":"default","ast-site-content-layout":"default","site-content-style":"default","site-sidebar-style":"default","ast-global-header-display":"","ast-banner-title-visibility":"","ast-main-header-display":"","ast-hfb-above-header-display":"","ast-hfb-below-header-display":"","ast-hfb-mobile-header-display":"","site-post-title":"","ast-breadcrumbs-content":"","ast-featured-img":"","footer-sml-layout":"","ast-disable-related-posts":"","theme-transparent-header-meta":"default","adv-header-id-meta":"","stick-header-meta":"","header-above-stick-meta":"","header-main-stick-meta":"","header-below-stick-meta":"","astra-migrate-meta-layouts":"set","ast-page-background-enabled":"default","ast-page-background-meta":{"desktop":{"background-color":"","background-image":"","background-repeat":"repeat","background-position":"center center","background-size":"auto","background-attachment":"scroll","background-type":"","background-media":"","overlay-type":"","overlay-color":"","overlay-opacity":"","overlay-gradient":""},"tablet":{"background-color":"","background-image":"","background-repeat":"repeat","background-position":"center center","background-size":"auto","background-attachment":"scroll","background-type":"","background-media":"","overlay-type":"","overlay-color":"","overlay-opacity":"","overlay-gradient":""},"mobile":{"background-color":"","background-image":"","background-repeat":"repeat","background-position":"center center","background-size":"auto","background-attachment":"scroll","background-type":"","background-media":"","overlay-type":"","overlay-color":"","overlay-opacity":"","overlay-gradient":""}},"ast-content-background-meta":{"desktop":{"background-color":"var(--ast-global-color-5)","background-image":"","background-repeat":"repeat","background-position":"center center","background-size":"auto","background-attachment":"scroll","background-type":"","background-media":"","overlay-type":"","overlay-color":"","overlay-opacity":"","overlay-gradient":""},"tablet":{"background-color":"var(--ast-global-color-5)","background-image":"","background-repeat":"repeat","background-position":"center center","background-size":"auto","background-attachment":"scroll","background-type":"","background-media":"","overlay-type":"","overlay-color":"","overlay-opacity":"","overlay-gradient":""},"mobile":{"background-color":"var(--ast-global-color-5)","background-image":"","background-repeat":"repeat","background-position":"center center","background-size":"auto","background-attachment":"scroll","background-type":"","background-media":"","overlay-type":"","overlay-color":"","overlay-opacity":"","overlay-gradient":""}},"footnotes":""},"class_list":["post-3895","page","type-page","status-publish","has-post-thumbnail","hentry"],"aioseo_notices":[],"_links":{"self":[{"href":"https:\/\/essencial-portugal.com\/es\/wp-json\/wp\/v2\/pages\/3895","targetHints":{"allow":["GET"]}}],"collection":[{"href":"https:\/\/essencial-portugal.com\/es\/wp-json\/wp\/v2\/pages"}],"about":[{"href":"https:\/\/essencial-portugal.com\/es\/wp-json\/wp\/v2\/types\/page"}],"author":[{"embeddable":true,"href":"https:\/\/essencial-portugal.com\/es\/wp-json\/wp\/v2\/users\/1"}],"replies":[{"embeddable":true,"href":"https:\/\/essencial-portugal.com\/es\/wp-json\/wp\/v2\/comments?post=3895"}],"version-history":[{"count":2,"href":"https:\/\/essencial-portugal.com\/es\/wp-json\/wp\/v2\/pages\/3895\/revisions"}],"predecessor-version":[{"id":10251,"href":"https:\/\/essencial-portugal.com\/es\/wp-json\/wp\/v2\/pages\/3895\/revisions\/10251"}],"up":[{"embeddable":true,"href":"https:\/\/essencial-portugal.com\/es\/wp-json\/wp\/v2\/pages\/3166"}],"wp:featuredmedia":[{"embeddable":true,"href":"https:\/\/essencial-portugal.com\/es\/wp-json\/wp\/v2\/media\/3972"}],"wp:attachment":[{"href":"https:\/\/essencial-portugal.com\/es\/wp-json\/wp\/v2\/media?parent=3895"}],"curies":[{"name":"wp","href":"https:\/\/api.w.org\/{rel}","templated":true}]}}