{"id":4234,"date":"2019-07-28T10:35:54","date_gmt":"2019-07-28T10:35:54","guid":{"rendered":"https:\/\/essencial-portugal.com\/fr\/?page_id=4234"},"modified":"2023-03-28T13:54:27","modified_gmt":"2023-03-28T13:54:27","slug":"reservar-visita-lisboa","status":"publish","type":"page","link":"https:\/\/essencial-portugal.com\/es\/reservar-visita-lisboa\/","title":{"rendered":"Reservar una visita a Lisboa"},"content":{"rendered":"\t\t<div data-elementor-type=\"wp-page\" data-elementor-id=\"4234\" class=\"elementor elementor-4234\">\n\t\t\t\t\t\t<section class=\"elementor-section elementor-top-section elementor-element elementor-element-1359042e elementor-section-boxed elementor-section-height-default elementor-section-height-default\" data-id=\"1359042e\" data-element_type=\"section\" data-e-type=\"section\">\n\t\t\t\t\t\t<div class=\"elementor-container elementor-column-gap-default\">\n\t\t\t\t\t<div class=\"elementor-column elementor-col-100 elementor-top-column elementor-element elementor-element-189d991f\" data-id=\"189d991f\" data-element_type=\"column\" data-e-type=\"column\">\n\t\t\t<div class=\"elementor-widget-wrap elementor-element-populated\">\n\t\t\t\t\t\t<div class=\"elementor-element elementor-element-6e25100 elementor-widget elementor-widget-table-of-contents\" data-id=\"6e25100\" data-element_type=\"widget\" data-e-type=\"widget\" data-settings=\"{&quot;headings_by_tags&quot;:[&quot;h2&quot;],&quot;exclude_headings_by_selector&quot;:[],&quot;marker_view&quot;:&quot;bullets&quot;,&quot;icon&quot;:{&quot;value&quot;:&quot;fas fa-check-square&quot;,&quot;library&quot;:&quot;fa-solid&quot;},&quot;hierarchical_view&quot;:&quot;yes&quot;,&quot;min_height&quot;:{&quot;unit&quot;:&quot;px&quot;,&quot;size&quot;:&quot;&quot;,&quot;sizes&quot;:[]},&quot;min_height_tablet&quot;:{&quot;unit&quot;:&quot;px&quot;,&quot;size&quot;:&quot;&quot;,&quot;sizes&quot;:[]},&quot;min_height_mobile&quot;:{&quot;unit&quot;:&quot;px&quot;,&quot;size&quot;:&quot;&quot;,&quot;sizes&quot;:[]}}\" data-widget_type=\"table-of-contents.default\">\n\t\t\t\t<div class=\"elementor-widget-container\">\n\t\t\t\t\t\t\t<div class=\"elementor-toc__header\">\n\t\t\t<h2 class=\"elementor-toc__header-title\">\n\t\t\t\tVisitar Lisboa en 5 dias\t\t\t<\/h2>\n\t\t\t\t\t<\/div>\n\t\t<div class=\"elementor-toc__body\">\n\t\t\t<div class=\"elementor-toc__spinner-container\">\n\t\t\t\t<i class=\"elementor-toc__spinner eicon-animation-spin eicon-loading\" aria-hidden=\"true\"><\/i>\t\t\t<\/div>\n\t\t<\/div>\n\t\t\t\t\t\t<\/div>\n\t\t\t\t<\/div>\n\t\t\t\t<div class=\"elementor-element elementor-element-7e4a8024 elementor-widget elementor-widget-text-editor\" data-id=\"7e4a8024\" data-element_type=\"widget\" data-e-type=\"widget\" data-widget_type=\"text-editor.default\">\n\t\t\t\t<div class=\"elementor-widget-container\">\n\t\t\t\t\t\t\t\t\tA continuaci\u00f3n encontrar\u00e1 todas las excursiones o actividades mejor valoradas en la ciudad de Lisboa, organizadas por gu\u00edas de habla inglesa y que puede cancelar 24 horas antes del inicio si decide cambiar de programa. Diferentes formas de descubrir la capital, sus alrededores, sus paisajes, sus tesoros y de marcar el ritmo de sus vacaciones.\n<script async defer src=\"https:\/\/widget.getyourguide.com\/dist\/pa.umd.production.min.js\" data-gyg-partner-id=\"8JHIOAN\"><\/script>\n<div data-gyg-href=\"https:\/\/widget.getyourguide.com\/default\/city.frame\" data-gyg-location-id=\"42\" data-gyg-locale-code=\"es-ES\" data-gyg-widget=\"city\" data-gyg-partner-id=\"8JHIOAN\"><\/div>\n<h2>Paseos a pie<\/h2>\nDescubra los rincones m\u00e1s bonitos de Lisboa y las mejores vistas reservando uno de los recorridos a pie por Lisboa que se indican a continuaci\u00f3n. Estos paseos son los mejor valorados, los m\u00e1s populares y todos realizados por un gu\u00eda de habla inglesa.\n\n<script async defer src=\"https:\/\/widget.getyourguide.com\/v2\/widget.js\"><\/script>\n<div data-gyg-href=\"https:\/\/widget.getyourguide.com\/default\/activites.frame\" data-gyg-locale-code=\"es-ES\" data-gyg-widget=\"activities\" data-gyg-number-of-items=\"4\" data-gyg-cmp=\"book\" data-gyg-currency=\"EUR\" data-gyg-partner-id=\"8JHIOAN\" data-gyg-placement=\"other\" data-gyg-tour-ids=\"2397,48147,46394,48172\"><\/div>\n<h2>Paseos en autob\u00fas<\/h2>\nVisite los rincones m\u00e1s bellos de Lisboa con un gu\u00eda o audiogu\u00eda de habla inglesa. Qu\u00e9dese en el autob\u00fas, s\u00fabase a \u00e9l y explore la ciudad para no perderse nada de la capital portuguesa.\n\n<script async defer src=\"https:\/\/widget.getyourguide.com\/v2\/widget.js\"><\/script>\n<div data-gyg-href=\"https:\/\/widget.getyourguide.com\/default\/activites.frame\" data-gyg-locale-code=\"es-ES\" data-gyg-widget=\"activities\" data-gyg-number-of-items=\"8\" data-gyg-cmp=\"book\" data-gyg-currency=\"EUR\" data-gyg-partner-id=\"8JHIOAN\" data-gyg-placement=\"other\" data-gyg-tour-ids=\"4273,14085,15122,63419,50079,136442,69835,59871\"><\/div>\n<h2>Excursiones en Tuk Tuk<\/h2>\nEl Tuk Tuk es el medio de transporte m\u00e1s popular entre los turistas en Lisboa. A menudo veh\u00edculos el\u00e9ctricos, intercambios con conductores de habla inglesa que conocen la ciudad como la palma de su mano y una forma original de dar sabor a sus vacaciones y descubrir el TOP de Lisboa.\n\n<script async defer src=\"https:\/\/widget.getyourguide.com\/v2\/widget.js\"><\/script>\n<div data-gyg-href=\"https:\/\/widget.getyourguide.com\/default\/activites.frame\" data-gyg-locale-code=\"es-ES\" data-gyg-widget=\"activities\" data-gyg-number-of-items=\"8\" data-gyg-cmp=\"book\" data-gyg-currency=\"EUR\" data-gyg-partner-id=\"8JHIOAN\" data-gyg-placement=\"other\" data-gyg-tour-ids=\"63535,63507,140727,56539,145803,63541,198346,200554\"><\/div>\n<div id=\"velo\"><\/div>\n<h2>Paseos en bicicleta<\/h2>\nLa bicicleta, el\u00e9ctrica o no, es un medio de transporte esencial para descubrir Lisboa bajo el sol. Siga a los gu\u00edas de habla inglesa y explore la ciudad en grupo para vivir momentos de convivencia y descubrimiento que no olvidar\u00e1.\n\n<script async defer src=\"https:\/\/widget.getyourguide.com\/v2\/widget.js\"><\/script>\n<div data-gyg-href=\"https:\/\/widget.getyourguide.com\/default\/activites.frame\" data-gyg-locale-code=\"es-ES\" data-gyg-widget=\"activities\" data-gyg-number-of-items=\"8\" data-gyg-cmp=\"book\" data-gyg-currency=\"EUR\" data-gyg-partner-id=\"8JHIOAN\" data-gyg-placement=\"other\" data-gyg-tour-ids=\"52218,74027,17133,58901,173049,52670,59119,52727\"><\/div>\n<h2>Paseos en segway<\/h2>\nEl segway es el nuevo medio de transporte que est\u00e1 causando sensaci\u00f3n en Lisboa. Incline su cuerpo hacia delante o hacia atr\u00e1s para avanzar, retroceder y descubrir los rincones m\u00e1s bellos de la capital. Todos los tours que se indican a continuaci\u00f3n est\u00e1n organizados por gu\u00edas de habla inglesa.\n\n<script async defer src=\"https:\/\/widget.getyourguide.com\/v2\/widget.js\"><\/script>\n<div data-gyg-href=\"https:\/\/widget.getyourguide.com\/default\/activites.frame\" data-gyg-locale-code=\"es-ES\" data-gyg-widget=\"activities\" data-gyg-number-of-items=\"8\" data-gyg-cmp=\"book\" data-gyg-currency=\"EUR\" data-gyg-partner-id=\"8JHIOAN\" data-gyg-placement=\"other\" data-gyg-tour-ids=\"69327,15602,14000,69325,69101,173469,5831,156420\"><\/div>\n<h2>Descubra el fado<\/h2>\nLa m\u00fasica tradicional portuguesa es toda una instituci\u00f3n. Ya sea a trav\u00e9s del Museo del Fado o acudiendo directamente a los espect\u00e1culos que se organizan en Lisboa, es un descubrimiento capital si le interesan las tradiciones y la cultura portuguesas. Estas visitas son mejor valoradas y organizadas por un gu\u00eda de habla inglesa.\n\n<script async defer src=\"https:\/\/widget.getyourguide.com\/v2\/widget.js\"><\/script>\n<div data-gyg-href=\"https:\/\/widget.getyourguide.com\/default\/activites.frame\" data-gyg-locale-code=\"es-ES\" data-gyg-widget=\"activities\" data-gyg-number-of-items=\"6\" data-gyg-cmp=\"book\" data-gyg-currency=\"EUR\" data-gyg-partner-id=\"8JHIOAN\" data-gyg-placement=\"other\" data-gyg-tour-ids=\"31632,108835,48172,188988,82218,56594\"><\/div>\n<h2>Descubrir la gastronom\u00eda<\/h2>\nPortugal ofrece una rica gastronom\u00eda basada en la reposter\u00eda tradicional, el pescado a la parrilla y otras especialidades que podr\u00e1 descubrir a pie, en tuk tuk o en segway, reservando uno de estos recorridos gastron\u00f3micos por Lisboa.\n\n<script async defer src=\"https:\/\/widget.getyourguide.com\/v2\/widget.js\"><\/script>\n<div data-gyg-href=\"https:\/\/widget.getyourguide.com\/default\/activites.frame\" data-gyg-locale-code=\"es-ES\" data-gyg-widget=\"activities\" data-gyg-number-of-items=\"8\" data-gyg-cmp=\"book\" data-gyg-currency=\"EUR\" data-gyg-partner-id=\"8JHIOAN\" data-gyg-placement=\"other\" data-gyg-tour-ids=\"101894,64087,128502,59119,104348,48147,173082,14000\"><\/div>\n<h2>Descubrir el arte callejero<\/h2>\nPuede que no lo sepa, pero Lisboa es la meca del arte urbano, tambi\u00e9n conocido como Street Art, y aquellos que quieran descubrir la ciudad de una forma diferente pueden reservar una de estas visitas guiadas en ingl\u00e9s, organizadas por entusiastas que le contar\u00e1n todo sobre la cultura del Street Art de la capital.\n\n<script async defer src=\"https:\/\/widget.getyourguide.com\/v2\/widget.js\"><\/script>\n<div data-gyg-href=\"https:\/\/widget.getyourguide.com\/default\/activites.frame\" data-gyg-locale-code=\"es-ES\" data-gyg-widget=\"activities\" data-gyg-number-of-items=\"4\" data-gyg-cmp=\"book\" data-gyg-currency=\"EUR\" data-gyg-partner-id=\"8JHIOAN\" data-gyg-placement=\"other\" data-gyg-tour-ids=\"79244,193301,58234,120792\"><\/div>\n<h2>Cruceros por Lisboa<\/h2>\nLisboa es una ciudad portuaria que podr\u00e1 visitar desde el agua gracias a cruceros en grupo o privados, diurnos o nocturnos. Una actividad que le recomiendo encarecidamente: \u00a1contemplar la puesta de sol mientras toma una copa en un velero le dejar\u00e1 un recuerdo imborrable de sus vacaciones!\n\n<script async defer src=\"https:\/\/widget.getyourguide.com\/v2\/widget.js\"><\/script>\n<div data-gyg-href=\"https:\/\/widget.getyourguide.com\/default\/activites.frame\" data-gyg-locale-code=\"es-ES\" data-gyg-widget=\"activities\" data-gyg-number-of-items=\"8\" data-gyg-cmp=\"book\" data-gyg-currency=\"EUR\" data-gyg-partner-id=\"8JHIOAN\" data-gyg-placement=\"other\" data-gyg-tour-ids=\"35911,45783,48358,45788,51939,122466,104510,66287\"><\/div>\n<h2>Actividades acu\u00e1ticas<\/h2>\nRecorra Lisboa en kayak, a remo o tome clases de surf en las playas m\u00e1s cercanas a la capital portuguesa. Actividades en ingl\u00e9s muy apreciadas por quienes le han precedido.\n\n<script async defer src=\"https:\/\/widget.getyourguide.com\/v2\/widget.js\"><\/script>\n<div data-gyg-href=\"https:\/\/widget.getyourguide.com\/default\/activites.frame\" data-gyg-locale-code=\"es-ES\" data-gyg-widget=\"activities\" data-gyg-number-of-items=\"4\" data-gyg-cmp=\"book\" data-gyg-currency=\"EUR\" data-gyg-partner-id=\"8JHIOAN\" data-gyg-placement=\"other\" data-gyg-tour-ids=\"44041,189705,64237,64235\"><\/div>\t\t\t\t\t\t\t\t<\/div>\n\t\t\t\t<\/div>\n\t\t\t\t\t<\/div>\n\t\t<\/div>\n\t\t\t\t\t<\/div>\n\t\t<\/section>\n\t\t\t\t<\/div>\n\t\t","protected":false},"excerpt":{"rendered":"<p>Visitar Lisboa en 5 dias A continuaci\u00f3n encontrar\u00e1 todas las excursiones o actividades mejor valoradas en la ciudad de Lisboa, organizadas por gu\u00edas de habla inglesa y que puede cancelar 24 horas antes del inicio si decide cambiar de programa. Diferentes formas de descubrir la capital, sus alrededores, sus paisajes, sus tesoros y de marcar [&hellip;]<\/p>\n","protected":false},"author":1,"featured_media":0,"parent":0,"menu_order":0,"comment_status":"closed","ping_status":"closed","template":"","meta":{"om_disable_all_campaigns":false,"_monsterinsights_skip_tracking":false,"_monsterinsights_sitenote_active":false,"_monsterinsights_sitenote_note":"","_monsterinsights_sitenote_category":0,"_uf_show_specific_survey":0,"_uf_disable_surveys":false,"site-sidebar-layout":"default","site-content-layout":"default","ast-site-content-layout":"default","site-content-style":"default","site-sidebar-style":"default","ast-global-header-display":"","ast-banner-title-visibility":"","ast-main-header-display":"","ast-hfb-above-header-display":"","ast-hfb-below-header-display":"","ast-hfb-mobile-header-display":"","site-post-title":"","ast-breadcrumbs-content":"","ast-featured-img":"","footer-sml-layout":"","ast-disable-related-posts":"","theme-transparent-header-meta":"default","adv-header-id-meta":"","stick-header-meta":"","header-above-stick-meta":"","header-main-stick-meta":"","header-below-stick-meta":"","astra-migrate-meta-layouts":"default","ast-page-background-enabled":"default","ast-page-background-meta":{"desktop":{"background-color":"","background-image":"","background-repeat":"repeat","background-position":"center center","background-size":"auto","background-attachment":"scroll","background-type":"","background-media":"","overlay-type":"","overlay-color":"","overlay-opacity":"","overlay-gradient":""},"tablet":{"background-color":"","background-image":"","background-repeat":"repeat","background-position":"center center","background-size":"auto","background-attachment":"scroll","background-type":"","background-media":"","overlay-type":"","overlay-color":"","overlay-opacity":"","overlay-gradient":""},"mobile":{"background-color":"","background-image":"","background-repeat":"repeat","background-position":"center center","background-size":"auto","background-attachment":"scroll","background-type":"","background-media":"","overlay-type":"","overlay-color":"","overlay-opacity":"","overlay-gradient":""}},"ast-content-background-meta":{"desktop":{"background-color":"var(--ast-global-color-5)","background-image":"","background-repeat":"repeat","background-position":"center center","background-size":"auto","background-attachment":"scroll","background-type":"","background-media":"","overlay-type":"","overlay-color":"","overlay-opacity":"","overlay-gradient":""},"tablet":{"background-color":"var(--ast-global-color-5)","background-image":"","background-repeat":"repeat","background-position":"center center","background-size":"auto","background-attachment":"scroll","background-type":"","background-media":"","overlay-type":"","overlay-color":"","overlay-opacity":"","overlay-gradient":""},"mobile":{"background-color":"var(--ast-global-color-5)","background-image":"","background-repeat":"repeat","background-position":"center center","background-size":"auto","background-attachment":"scroll","background-type":"","background-media":"","overlay-type":"","overlay-color":"","overlay-opacity":"","overlay-gradient":""}},"footnotes":""},"class_list":["post-4234","page","type-page","status-publish","hentry"],"aioseo_notices":[],"_links":{"self":[{"href":"https:\/\/essencial-portugal.com\/es\/wp-json\/wp\/v2\/pages\/4234","targetHints":{"allow":["GET"]}}],"collection":[{"href":"https:\/\/essencial-portugal.com\/es\/wp-json\/wp\/v2\/pages"}],"about":[{"href":"https:\/\/essencial-portugal.com\/es\/wp-json\/wp\/v2\/types\/page"}],"author":[{"embeddable":true,"href":"https:\/\/essencial-portugal.com\/es\/wp-json\/wp\/v2\/users\/1"}],"replies":[{"embeddable":true,"href":"https:\/\/essencial-portugal.com\/es\/wp-json\/wp\/v2\/comments?post=4234"}],"version-history":[{"count":3,"href":"https:\/\/essencial-portugal.com\/es\/wp-json\/wp\/v2\/pages\/4234\/revisions"}],"predecessor-version":[{"id":9072,"href":"https:\/\/essencial-portugal.com\/es\/wp-json\/wp\/v2\/pages\/4234\/revisions\/9072"}],"wp:attachment":[{"href":"https:\/\/essencial-portugal.com\/es\/wp-json\/wp\/v2\/media?parent=4234"}],"curies":[{"name":"wp","href":"https:\/\/api.w.org\/{rel}","templated":true}]}}