{"id":4256,"date":"2019-07-28T10:36:14","date_gmt":"2019-07-28T10:36:14","guid":{"rendered":"https:\/\/essencial-portugal.com\/fr\/?page_id=4256"},"modified":"2023-01-04T16:50:58","modified_gmt":"2023-01-04T16:50:58","slug":"traslado-aeropuerto-lisboa","status":"publish","type":"page","link":"https:\/\/essencial-portugal.com\/es\/traslado-aeropuerto-lisboa\/","title":{"rendered":"Traslado aeropuerto Lisboa"},"content":{"rendered":"<p>A continuaci\u00f3n encontrar\u00e1 todos los posibles tipos de traslados que pueda imaginar para ir del aeropuerto de Lisboa a otra ciudad o simplemente a su hotel. Tambi\u00e9n podr\u00e1 planificar su regreso al aeropuerto para que no tenga que preocuparse por colas o problemas de comunicaci\u00f3n con su conductor.<\/p>\n<p>Estos transportes son los mejor valorados y los realizan conductores franc\u00f3fonos que podr\u00e1n informarle durante su viaje. \u00a1Puede reservar con toda tranquilidad!<\/p>\n<p><script async defer src=\"https:\/\/widget.getyourguide.com\/v2\/widget.js\"><\/script><\/p>\n<div data-gyg-href=\"https:\/\/widget.getyourguide.com\/default\/activites.frame\" data-gyg-locale-code=\"es-ES\" data-gyg-widget=\"activities\" data-gyg-number-of-items=\"8\" data-gyg-cmp=\"book\" data-gyg-currency=\"EUR\" data-gyg-partner-id=\"8JHIOAN\" data-gyg-placement=\"other\" data-gyg-tour-ids=\"108763,108811,71703,60122,66596,108853,111862,72069\"><\/div>\n","protected":false},"excerpt":{"rendered":"<p>A continuaci\u00f3n encontrar\u00e1 todos los posibles tipos de traslados que pueda imaginar para ir del aeropuerto de Lisboa a otra ciudad o simplemente a su hotel. Tambi\u00e9n podr\u00e1 planificar su regreso al aeropuerto para que no tenga que preocuparse por colas o problemas de comunicaci\u00f3n con su conductor. Estos transportes son los mejor valorados y [&hellip;]<\/p>\n","protected":false},"author":1,"featured_media":0,"parent":0,"menu_order":0,"comment_status":"closed","ping_status":"closed","template":"","meta":{"om_disable_all_campaigns":false,"_monsterinsights_skip_tracking":false,"_monsterinsights_sitenote_active":false,"_monsterinsights_sitenote_note":"","_monsterinsights_sitenote_category":0,"_uf_show_specific_survey":0,"_uf_disable_surveys":false,"site-sidebar-layout":"default","site-content-layout":"default","ast-site-content-layout":"default","site-content-style":"default","site-sidebar-style":"default","ast-global-header-display":"","ast-banner-title-visibility":"","ast-main-header-display":"","ast-hfb-above-header-display":"","ast-hfb-below-header-display":"","ast-hfb-mobile-header-display":"","site-post-title":"","ast-breadcrumbs-content":"","ast-featured-img":"","footer-sml-layout":"","ast-disable-related-posts":"","theme-transparent-header-meta":"default","adv-header-id-meta":"","stick-header-meta":"","header-above-stick-meta":"","header-main-stick-meta":"","header-below-stick-meta":"","astra-migrate-meta-layouts":"default","ast-page-background-enabled":"default","ast-page-background-meta":{"desktop":{"background-color":"","background-image":"","background-repeat":"repeat","background-position":"center center","background-size":"auto","background-attachment":"scroll","background-type":"","background-media":"","overlay-type":"","overlay-color":"","overlay-opacity":"","overlay-gradient":""},"tablet":{"background-color":"","background-image":"","background-repeat":"repeat","background-position":"center center","background-size":"auto","background-attachment":"scroll","background-type":"","background-media":"","overlay-type":"","overlay-color":"","overlay-opacity":"","overlay-gradient":""},"mobile":{"background-color":"","background-image":"","background-repeat":"repeat","background-position":"center center","background-size":"auto","background-attachment":"scroll","background-type":"","background-media":"","overlay-type":"","overlay-color":"","overlay-opacity":"","overlay-gradient":""}},"ast-content-background-meta":{"desktop":{"background-color":"var(--ast-global-color-5)","background-image":"","background-repeat":"repeat","background-position":"center center","background-size":"auto","background-attachment":"scroll","background-type":"","background-media":"","overlay-type":"","overlay-color":"","overlay-opacity":"","overlay-gradient":""},"tablet":{"background-color":"var(--ast-global-color-5)","background-image":"","background-repeat":"repeat","background-position":"center center","background-size":"auto","background-attachment":"scroll","background-type":"","background-media":"","overlay-type":"","overlay-color":"","overlay-opacity":"","overlay-gradient":""},"mobile":{"background-color":"var(--ast-global-color-5)","background-image":"","background-repeat":"repeat","background-position":"center center","background-size":"auto","background-attachment":"scroll","background-type":"","background-media":"","overlay-type":"","overlay-color":"","overlay-opacity":"","overlay-gradient":""}},"footnotes":""},"class_list":["post-4256","page","type-page","status-publish","hentry"],"aioseo_notices":[],"_links":{"self":[{"href":"https:\/\/essencial-portugal.com\/es\/wp-json\/wp\/v2\/pages\/4256","targetHints":{"allow":["GET"]}}],"collection":[{"href":"https:\/\/essencial-portugal.com\/es\/wp-json\/wp\/v2\/pages"}],"about":[{"href":"https:\/\/essencial-portugal.com\/es\/wp-json\/wp\/v2\/types\/page"}],"author":[{"embeddable":true,"href":"https:\/\/essencial-portugal.com\/es\/wp-json\/wp\/v2\/users\/1"}],"replies":[{"embeddable":true,"href":"https:\/\/essencial-portugal.com\/es\/wp-json\/wp\/v2\/comments?post=4256"}],"version-history":[{"count":0,"href":"https:\/\/essencial-portugal.com\/es\/wp-json\/wp\/v2\/pages\/4256\/revisions"}],"wp:attachment":[{"href":"https:\/\/essencial-portugal.com\/es\/wp-json\/wp\/v2\/media?parent=4256"}],"curies":[{"name":"wp","href":"https:\/\/api.w.org\/{rel}","templated":true}]}}