{"id":4518,"date":"2019-11-19T11:09:27","date_gmt":"2019-11-19T11:09:27","guid":{"rendered":"https:\/\/essencial-portugal.com\/fr\/?page_id=4518"},"modified":"2026-03-16T08:04:51","modified_gmt":"2026-03-16T08:04:51","slug":"renovacion-anglofona-lisboa-portugal","status":"publish","type":"page","link":"https:\/\/essencial-portugal.com\/es\/empresa-portugal\/renovacion-anglofona-lisboa-portugal\/","title":{"rendered":"Renovaci\u00f3n angl\u00f3fona en Lisboa y Portugal"},"content":{"rendered":"<p><img fetchpriority=\"high\" decoding=\"async\" class=\"aligncenter wp-image-4519 size-full\" src=\"https:\/\/essencial-portugal.com\/es\/wp-content\/uploads\/2019\/11\/renovation-francais-lisbonne-portugal.jpg\" alt=\"Empresa de reformas angl\u00f3fona en Portugal: renovaci\u00f3n, piscinas y dise\u00f1o de jardines en Lisboa\" width=\"876\" height=\"508\" srcset=\"https:\/\/essencial-portugal.com\/es\/wp-content\/uploads\/2019\/11\/renovation-francais-lisbonne-portugal.jpg 876w, https:\/\/essencial-portugal.com\/es\/wp-content\/uploads\/2019\/11\/renovation-francais-lisbonne-portugal-300x174.jpg 300w, https:\/\/essencial-portugal.com\/es\/wp-content\/uploads\/2019\/11\/renovation-francais-lisbonne-portugal-768x445.jpg 768w\" sizes=\"(max-width: 876px) 100vw, 876px\" \/><\/p>\n<p>Si acaba de adquirir una propiedad en Portugal, las obras y la renovaci\u00f3n ser\u00e1n probablemente necesarias. Los est\u00e1ndares suelen diferir de los europeos, especialmente en inmuebles m\u00e1s antiguos: aislamiento, pintura, electricidad, suelos, techo, jard\u00edn o sistema de calefacci\u00f3n son algunos de los trabajos m\u00e1s habituales.<\/p>\n<h2>Empresa de reformas angl\u00f3fona en Portugal<\/h2>\n<p>Le sugiero ponerse en contacto con una empresa de obras y reformas de habla inglesa con sede en la zona de Lisboa, que puede desplazarse a cualquier punto del pa\u00eds seg\u00fan el tipo de obra:<\/p>\n<ul>\n<li>Renovaci\u00f3n total o parcial de casas o apartamentos en Portugal<\/li>\n<li>Construcci\u00f3n de piscinas exteriores o cubiertas<\/li>\n<li>Dise\u00f1o y creaci\u00f3n de jardines<\/li>\n<li>Colocaci\u00f3n de azulejos, travertino y otros revestimientos<\/li>\n<\/ul>\n<p>Para solicitar un presupuesto o una estimaci\u00f3n de viabilidad, rellene el formulario a continuaci\u00f3n. Las im\u00e1genes de esta p\u00e1gina corresponden a trabajos realizados por esta empresa.<\/p>\n<p style=\"text-align: center;\"><a class=\"maxbutton-3 maxbutton maxbutton-form\" href=\"#form\"><span class='mb-text'>CONTACTO<\/span><\/a><\/p>\n<div id='gallery-1' class='gallery galleryid-4518 gallery-columns-3 gallery-size-medium'><figure class='gallery-item'>\n\t\t\t<div class='gallery-icon landscape'>\n\t\t\t\t<img decoding=\"async\" width=\"300\" height=\"200\" src=\"https:\/\/essencial-portugal.com\/es\/wp-content\/uploads\/2019\/11\/renovation-cuisine-portugal-300x200.jpg\" class=\"attachment-medium size-medium\" alt=\"reforma cocina portugal\" srcset=\"https:\/\/essencial-portugal.com\/es\/wp-content\/uploads\/2019\/11\/renovation-cuisine-portugal-300x200.jpg 300w, https:\/\/essencial-portugal.com\/es\/wp-content\/uploads\/2019\/11\/renovation-cuisine-portugal-1024x682.jpg 1024w, https:\/\/essencial-portugal.com\/es\/wp-content\/uploads\/2019\/11\/renovation-cuisine-portugal-768x512.jpg 768w, https:\/\/essencial-portugal.com\/es\/wp-content\/uploads\/2019\/11\/renovation-cuisine-portugal-1536x1024.jpg 1536w, https:\/\/essencial-portugal.com\/es\/wp-content\/uploads\/2019\/11\/renovation-cuisine-portugal.jpg 1772w\" sizes=\"(max-width: 300px) 100vw, 300px\" \/>\n\t\t\t<\/div><\/figure><figure class='gallery-item'>\n\t\t\t<div class='gallery-icon landscape'>\n\t\t\t\t<img decoding=\"async\" width=\"300\" height=\"200\" src=\"https:\/\/essencial-portugal.com\/es\/wp-content\/uploads\/2019\/11\/renovation-maison-lisbonne-300x200.jpg\" class=\"attachment-medium size-medium\" alt=\"reforma casa lisboa\" srcset=\"https:\/\/essencial-portugal.com\/es\/wp-content\/uploads\/2019\/11\/renovation-maison-lisbonne-300x200.jpg 300w, https:\/\/essencial-portugal.com\/es\/wp-content\/uploads\/2019\/11\/renovation-maison-lisbonne-1024x682.jpg 1024w, https:\/\/essencial-portugal.com\/es\/wp-content\/uploads\/2019\/11\/renovation-maison-lisbonne-768x512.jpg 768w, https:\/\/essencial-portugal.com\/es\/wp-content\/uploads\/2019\/11\/renovation-maison-lisbonne-1536x1024.jpg 1536w, https:\/\/essencial-portugal.com\/es\/wp-content\/uploads\/2019\/11\/renovation-maison-lisbonne.jpg 1772w\" sizes=\"(max-width: 300px) 100vw, 300px\" \/>\n\t\t\t<\/div><\/figure><figure class='gallery-item'>\n\t\t\t<div class='gallery-icon landscape'>\n\t\t\t\t<img loading=\"lazy\" decoding=\"async\" width=\"300\" height=\"200\" src=\"https:\/\/essencial-portugal.com\/es\/wp-content\/uploads\/2019\/11\/renovation-maison-portugal-300x200.jpg\" class=\"attachment-medium size-medium\" alt=\"reforma casa portugal\" srcset=\"https:\/\/essencial-portugal.com\/es\/wp-content\/uploads\/2019\/11\/renovation-maison-portugal-300x200.jpg 300w, https:\/\/essencial-portugal.com\/es\/wp-content\/uploads\/2019\/11\/renovation-maison-portugal-1024x683.jpg 1024w, https:\/\/essencial-portugal.com\/es\/wp-content\/uploads\/2019\/11\/renovation-maison-portugal-768x512.jpg 768w, https:\/\/essencial-portugal.com\/es\/wp-content\/uploads\/2019\/11\/renovation-maison-portugal-1536x1024.jpg 1536w, https:\/\/essencial-portugal.com\/es\/wp-content\/uploads\/2019\/11\/renovation-maison-portugal-2048x1365.jpg 2048w\" sizes=\"(max-width: 300px) 100vw, 300px\" \/>\n\t\t\t<\/div><\/figure><figure class='gallery-item'>\n\t\t\t<div class='gallery-icon landscape'>\n\t\t\t\t<img loading=\"lazy\" decoding=\"async\" width=\"300\" height=\"200\" src=\"https:\/\/essencial-portugal.com\/es\/wp-content\/uploads\/2019\/11\/renovation-salle-de-bain-lisbonne-300x200.jpg\" class=\"attachment-medium size-medium\" alt=\"reforma de ba\u00f1o lisboa\" srcset=\"https:\/\/essencial-portugal.com\/es\/wp-content\/uploads\/2019\/11\/renovation-salle-de-bain-lisbonne-300x200.jpg 300w, https:\/\/essencial-portugal.com\/es\/wp-content\/uploads\/2019\/11\/renovation-salle-de-bain-lisbonne-1024x683.jpg 1024w, https:\/\/essencial-portugal.com\/es\/wp-content\/uploads\/2019\/11\/renovation-salle-de-bain-lisbonne-768x512.jpg 768w, https:\/\/essencial-portugal.com\/es\/wp-content\/uploads\/2019\/11\/renovation-salle-de-bain-lisbonne-1536x1024.jpg 1536w, https:\/\/essencial-portugal.com\/es\/wp-content\/uploads\/2019\/11\/renovation-salle-de-bain-lisbonne-2048x1365.jpg 2048w\" sizes=\"(max-width: 300px) 100vw, 300px\" \/>\n\t\t\t<\/div><\/figure><figure class='gallery-item'>\n\t\t\t<div class='gallery-icon landscape'>\n\t\t\t\t<img loading=\"lazy\" decoding=\"async\" width=\"300\" height=\"200\" src=\"https:\/\/essencial-portugal.com\/es\/wp-content\/uploads\/2019\/11\/renovation-salle-de-bain-portugal-300x200.jpg\" class=\"attachment-medium size-medium\" alt=\"reformas de ba\u00f1os portugal\" srcset=\"https:\/\/essencial-portugal.com\/es\/wp-content\/uploads\/2019\/11\/renovation-salle-de-bain-portugal-300x200.jpg 300w, https:\/\/essencial-portugal.com\/es\/wp-content\/uploads\/2019\/11\/renovation-salle-de-bain-portugal-1024x682.jpg 1024w, https:\/\/essencial-portugal.com\/es\/wp-content\/uploads\/2019\/11\/renovation-salle-de-bain-portugal-768x512.jpg 768w, https:\/\/essencial-portugal.com\/es\/wp-content\/uploads\/2019\/11\/renovation-salle-de-bain-portugal-1536x1024.jpg 1536w, https:\/\/essencial-portugal.com\/es\/wp-content\/uploads\/2019\/11\/renovation-salle-de-bain-portugal.jpg 1772w\" sizes=\"(max-width: 300px) 100vw, 300px\" \/>\n\t\t\t<\/div><\/figure><figure class='gallery-item'>\n\t\t\t<div class='gallery-icon landscape'>\n\t\t\t\t<img loading=\"lazy\" decoding=\"async\" width=\"300\" height=\"200\" src=\"https:\/\/essencial-portugal.com\/es\/wp-content\/uploads\/2019\/11\/travaux-maison-portugal-300x200.jpg\" class=\"attachment-medium size-medium\" alt=\"casa trabaja portugal\" srcset=\"https:\/\/essencial-portugal.com\/es\/wp-content\/uploads\/2019\/11\/travaux-maison-portugal-300x200.jpg 300w, https:\/\/essencial-portugal.com\/es\/wp-content\/uploads\/2019\/11\/travaux-maison-portugal-1024x681.jpg 1024w, https:\/\/essencial-portugal.com\/es\/wp-content\/uploads\/2019\/11\/travaux-maison-portugal-768x511.jpg 768w, https:\/\/essencial-portugal.com\/es\/wp-content\/uploads\/2019\/11\/travaux-maison-portugal-1536x1022.jpg 1536w, https:\/\/essencial-portugal.com\/es\/wp-content\/uploads\/2019\/11\/travaux-maison-portugal.jpg 1775w\" sizes=\"(max-width: 300px) 100vw, 300px\" \/>\n\t\t\t<\/div><\/figure>\n\t\t<\/div>\n\n<h2>Ayudas disponibles para renovaciones en Portugal<\/h2>\n<p><strong>Nota:<\/strong> La informaci\u00f3n siguiente tiene car\u00e1cter orientativo. Las leyes y normas vigentes cambian cada a\u00f1o y algunas cifras pueden no estar actualizadas. Se recomienda consultar con un abogado, contable o especialista fiscal angl\u00f3fono en Portugal para obtener informaci\u00f3n actualizada sobre un proyecto espec\u00edfico.<\/p>\n<p><img loading=\"lazy\" decoding=\"async\" class=\"aligncenter wp-image-4540 size-full\" src=\"https:\/\/essencial-portugal.com\/es\/wp-content\/uploads\/2019\/11\/entreprise-renovation-francophone-portugal.jpg\" alt=\"Empresa de reformas angl\u00f3fona en Lisboa: rehabilitaci\u00f3n urbana y renovaci\u00f3n de apartamentos\" width=\"2048\" height=\"1536\" srcset=\"https:\/\/essencial-portugal.com\/es\/wp-content\/uploads\/2019\/11\/entreprise-renovation-francophone-portugal.jpg 2048w, https:\/\/essencial-portugal.com\/es\/wp-content\/uploads\/2019\/11\/entreprise-renovation-francophone-portugal-300x225.jpg 300w, https:\/\/essencial-portugal.com\/es\/wp-content\/uploads\/2019\/11\/entreprise-renovation-francophone-portugal-1024x768.jpg 1024w, https:\/\/essencial-portugal.com\/es\/wp-content\/uploads\/2019\/11\/entreprise-renovation-francophone-portugal-768x576.jpg 768w, https:\/\/essencial-portugal.com\/es\/wp-content\/uploads\/2019\/11\/entreprise-renovation-francophone-portugal-1536x1152.jpg 1536w\" sizes=\"(max-width: 2048px) 100vw, 2048px\" \/><\/p>\n<p>Para obras de rehabilitaci\u00f3n en edificios situados en zonas hist\u00f3ricas de Lisboa existen programas de ayuda espec\u00edficos. Una empresa de reformas de habla inglesa en Portugal puede orientarle sobre qu\u00e9 programas son aplicables a su caso.<\/p>\n<h3>IFRRU 2020<\/h3>\n<p>El IFRRU 2020 es una ayuda econ\u00f3mica para la renovaci\u00f3n urbana dirigida a personas f\u00edsicas o jur\u00eddicas, p\u00fablicas o privadas, incluidas las comunidades de propietarios. Es aplicable a edificios de 30 a\u00f1os o m\u00e1s situados en zonas de rehabilitaci\u00f3n urbana de municipios, centros hist\u00f3ricos, zonas ribere\u00f1as o zonas industriales en declive, con nivel de conservaci\u00f3n 1 o 2. Para conocer el nivel de clasificaci\u00f3n de su inmueble, consulte al ayuntamiento correspondiente. Solicitudes en la <a href=\"https:\/\/ifrru.ihru.pt\/\" target=\"_blank\" rel=\"noopener noreferrer\">web del IFRRU 2020<\/a>.<\/p>\n<h3>Reabilitar para Arrendar (Rehabilitar para Alquilar)<\/h3>\n<p>Programa de financiaci\u00f3n para:<\/p>\n<ul>\n<li>Rehabilitaci\u00f3n de viviendas para alquiler subvencionado o condicionado<\/li>\n<li>Utilizaci\u00f3n del dominio p\u00fablico para rehabilitaci\u00f3n urbana sistem\u00e1tica<\/li>\n<li>Renovaci\u00f3n de residencias de estudiantes<\/li>\n<li>Construcci\u00f3n en tejido urbano antiguo con uso principal residencial<\/li>\n<\/ul>\n<p>La financiaci\u00f3n se realiza mediante pr\u00e9stamo a 30 a\u00f1os, cubriendo hasta el 50% del importe total de la intervenci\u00f3n. En Lisboa, el programa municipal <strong>Rehabilita Primeiro, Paga Depois<\/strong> permite adquirir inmuebles municipales que necesitan rehabilitaci\u00f3n aplazando el pago hasta el final del per\u00edodo contractual, que contempla la concesi\u00f3n de licencias, la ejecuci\u00f3n de las obras y la comercializaci\u00f3n del inmueble. Solicitudes <a href=\"https:\/\/eportugal.gov.pt\/servicos\/candidatar-se-ao-programa-reabilitar-para-arrendar-habitacao-acessivel-\" target=\"_blank\" rel=\"noopener noreferrer\">aqu\u00ed<\/a>.<\/p>\n<h2>Fiscalidad de las obras de rehabilitaci\u00f3n en Portugal<\/h2>\n<p>Existen incentivos fiscales aplicables a obras de rehabilitaci\u00f3n, tanto en zonas de rehabilitaci\u00f3n urbana como fuera de ellas:<\/p>\n<ul>\n<li>Exenci\u00f3n del IMI durante un per\u00edodo de 3 a\u00f1os<\/li>\n<li>Exenci\u00f3n del IMI durante 5 a\u00f1os para edificios objeto de una actuaci\u00f3n de rehabilitaci\u00f3n iniciada despu\u00e9s del 1 de enero de 2008 y finalizada antes del 31 de diciembre de 2020, a partir del a\u00f1o de conclusi\u00f3n de la actuaci\u00f3n<\/li>\n<li>Exenci\u00f3n del IMI para la adquisici\u00f3n del inmueble a rehabilitar<\/li>\n<\/ul>\n<p>Las exenciones del IMI no son acumulables para un mismo edificio, incluso si tras las obras el inmueble es transmitido a un tercero.<\/p>\n<p><img loading=\"lazy\" decoding=\"async\" class=\"aligncenter wp-image-4541 size-full\" src=\"https:\/\/essencial-portugal.com\/es\/wp-content\/uploads\/2019\/11\/renovation-cuisine-lisbonne-scaled.jpg\" alt=\"Reforma de cocina en Lisboa: empresa angl\u00f3fona con trabajos de alta calidad\" width=\"2560\" height=\"1818\" srcset=\"https:\/\/essencial-portugal.com\/es\/wp-content\/uploads\/2019\/11\/renovation-cuisine-lisbonne-scaled.jpg 2560w, https:\/\/essencial-portugal.com\/es\/wp-content\/uploads\/2019\/11\/renovation-cuisine-lisbonne-300x213.jpg 300w, https:\/\/essencial-portugal.com\/es\/wp-content\/uploads\/2019\/11\/renovation-cuisine-lisbonne-1024x727.jpg 1024w, https:\/\/essencial-portugal.com\/es\/wp-content\/uploads\/2019\/11\/renovation-cuisine-lisbonne-768x545.jpg 768w, https:\/\/essencial-portugal.com\/es\/wp-content\/uploads\/2019\/11\/renovation-cuisine-lisbonne-1536x1091.jpg 1536w, https:\/\/essencial-portugal.com\/es\/wp-content\/uploads\/2019\/11\/renovation-cuisine-lisbonne-2048x1454.jpg 2048w\" sizes=\"(max-width: 2560px) 100vw, 2560px\" \/><\/p>\n<p>Seg\u00fan la situaci\u00f3n, tambi\u00e9n pueden existir exenciones o reducciones en los siguientes impuestos municipales:<\/p>\n<ul>\n<li>Exenci\u00f3n de la tasa por ocupaci\u00f3n del dominio p\u00fablico (TODP)<\/li>\n<li>Reducci\u00f3n del 50% de la misma tasa durante los 4 primeros meses en obras de conservaci\u00f3n o sujetas a autorizaci\u00f3n en Zonas Hist\u00f3ricas<\/li>\n<li>Exenci\u00f3n total de la tasa administrativa por obras de rehabilitaci\u00f3n acreditadas y de la tasa por construcci\u00f3n, mantenimiento y refuerzo de infraestructuras urbanas (TRIU)<\/li>\n<\/ul>\n<p>Los contratos de renovaci\u00f3n urbana en zonas de rehabilitaci\u00f3n o de reconocido inter\u00e9s p\u00fablico nacional se benefician del tipo reducido de IVA del 6%, sin incluir los tipos aplicables a los distintos servicios y materiales. Los contratos de mejora, renovaci\u00f3n, restauraci\u00f3n, reparaci\u00f3n o conservaci\u00f3n de edificios residenciales tambi\u00e9n se benefician del tipo reducido de IVA, con excepci\u00f3n de:<\/p>\n<ul>\n<li>Trabajos de limpieza<\/li>\n<li>Trabajos de mantenimiento de zonas verdes<\/li>\n<li>Trabajos relacionados con piscinas, saunas, pistas de tenis, campos de golf o instalaciones similares<\/li>\n<\/ul>\n<p>Los materiales utilizados tributan al tipo normal del 23%, salvo que su valor no supere el 20% del valor total de los servicios de construcci\u00f3n prestados.<\/p>\n<h2 id=\"form\">Contacte con la empresa de reformas angl\u00f3fona en Portugal<\/h2>\n<p style=\"text-align: center;\"><div class=\"wpforms-container wpforms-container-full\" id=\"wpforms-5158\"><form id=\"wpforms-form-5158\" class=\"wpforms-validate wpforms-form\" data-formid=\"5158\" method=\"post\" enctype=\"multipart\/form-data\" action=\"\/es\/wp-json\/wp\/v2\/pages\/4518\" data-token=\"6ea9947d273a2fedef63d4ec38a3227f\" data-token-time=\"1778620961\"><noscript class=\"wpforms-error-noscript\">Please enable JavaScript in your browser to complete this form.<\/noscript><div class=\"wpforms-field-container\"><div id=\"wpforms-5158-field_3-container\" class=\"wpforms-field wpforms-field-name\" data-field-id=\"3\"><label class=\"wpforms-field-label\" for=\"wpforms-5158-field_3\">Name <span class=\"wpforms-required-label\">*<\/span><\/label><div class=\"wpforms-field-row wpforms-field-medium\"><div class=\"wpforms-field-row-block wpforms-first wpforms-one-half\"><input type=\"text\" id=\"wpforms-5158-field_3\" class=\"wpforms-field-name-first wpforms-field-required\" name=\"wpforms[fields][3][first]\" required><label for=\"wpforms-5158-field_3\" class=\"wpforms-field-sublabel after wpforms-sublabel-hide\">First<\/label><\/div><div class=\"wpforms-field-row-block wpforms-one-half\"><input type=\"text\" id=\"wpforms-5158-field_3-last\" class=\"wpforms-field-name-last wpforms-field-required\" name=\"wpforms[fields][3][last]\" required><label for=\"wpforms-5158-field_3-last\" class=\"wpforms-field-sublabel after wpforms-sublabel-hide\">Last<\/label><\/div><\/div><\/div><div id=\"wpforms-5158-field_4-container\" class=\"wpforms-field wpforms-field-email\" data-field-id=\"4\"><label class=\"wpforms-field-label\" for=\"wpforms-5158-field_4\">E-mail <span class=\"wpforms-required-label\">*<\/span><\/label><input type=\"email\" id=\"wpforms-5158-field_4\" class=\"wpforms-field-medium wpforms-field-required\" name=\"wpforms[fields][4]\" spellcheck=\"false\" required><\/div><div id=\"wpforms-5158-field_5-container\" class=\"wpforms-field wpforms-field-number\" data-field-id=\"5\"><label class=\"wpforms-field-label\" for=\"wpforms-5158-field_5\">Phone number <span class=\"wpforms-required-label\">*<\/span><\/label><input type=\"number\" id=\"wpforms-5158-field_5\" class=\"wpforms-field-medium wpforms-field-required\" name=\"wpforms[fields][5]\" step=\"any\" required><\/div><div id=\"wpforms-5158-field_6-container\" class=\"wpforms-field wpforms-field-text\" data-field-id=\"6\"><label class=\"wpforms-field-label\" for=\"wpforms-5158-field_6\">Subject <span class=\"wpforms-required-label\">*<\/span><\/label><input type=\"text\" id=\"wpforms-5158-field_6\" class=\"wpforms-field-medium wpforms-field-required\" name=\"wpforms[fields][6]\" required><\/div><div id=\"wpforms-5158-field_7-container\" class=\"wpforms-field wpforms-field-textarea\" data-field-id=\"7\"><label class=\"wpforms-field-label\" for=\"wpforms-5158-field_7\">Your project <span class=\"wpforms-required-label\">*<\/span><\/label><textarea id=\"wpforms-5158-field_7\" class=\"wpforms-field-medium wpforms-field-required\" name=\"wpforms[fields][7]\" required><\/textarea><\/div><\/div><!-- .wpforms-field-container --><div class=\"wpforms-field wpforms-field-hp\"><label for=\"wpforms-5158-field-hp\" class=\"wpforms-field-label\">Website<\/label><input type=\"text\" name=\"wpforms[hp]\" id=\"wpforms-5158-field-hp\" class=\"wpforms-field-medium\"><\/div><div class=\"wpforms-submit-container\" ><input type=\"hidden\" name=\"wpforms[id]\" value=\"5158\"><input type=\"hidden\" name=\"page_title\" value=\"\"><input type=\"hidden\" name=\"page_url\" value=\"https:\/\/essencial-portugal.com\/es\/wp-json\/wp\/v2\/pages\/4518\"><input type=\"hidden\" name=\"url_referer\" value=\"\"><button type=\"submit\" name=\"wpforms[submit]\" id=\"wpforms-submit-5158\" class=\"wpforms-submit\" data-alt-text=\"Sending\" data-submit-text=\"Send\" aria-live=\"assertive\" value=\"wpforms-submit\">Send<\/button><\/div><\/form><\/div>  <!-- .wpforms-container --><\/p>\n<blockquote><p>Al validar el formulario de contacto, autoriza a transmitir su solicitud a esta empresa de reformas de habla inglesa en Portugal, que podr\u00e1 contactarle directamente. Nada est\u00e1 automatizado: son profesionales que conozco, con sede en Lisboa y cualificados para acompa\u00f1arle en su proyecto. Essencial Portugal conecta particulares y empresas con profesionales certificados y de confianza en Portugal. Solo estos profesionales certificados y homologados pueden informarle, ofrecerle y facturarle estos servicios.<\/p><\/blockquote>\n","protected":false},"excerpt":{"rendered":"<p>Si acaba de adquirir una propiedad en Portugal, las obras y la renovaci\u00f3n ser\u00e1n probablemente necesarias. Los est\u00e1ndares suelen diferir de los europeos, especialmente en inmuebles m\u00e1s antiguos: aislamiento, pintura, electricidad, suelos, techo, jard\u00edn o sistema de calefacci\u00f3n son algunos de los trabajos m\u00e1s habituales. Empresa de reformas angl\u00f3fona en Portugal Le sugiero ponerse en [&hellip;]<\/p>\n","protected":false},"author":1,"featured_media":5412,"parent":2946,"menu_order":0,"comment_status":"closed","ping_status":"closed","template":"","meta":{"om_disable_all_campaigns":false,"_monsterinsights_skip_tracking":false,"_monsterinsights_sitenote_active":false,"_monsterinsights_sitenote_note":"","_monsterinsights_sitenote_category":0,"_uf_show_specific_survey":0,"_uf_disable_surveys":false,"site-sidebar-layout":"default","site-content-layout":"default","ast-site-content-layout":"default","site-content-style":"default","site-sidebar-style":"default","ast-global-header-display":"","ast-banner-title-visibility":"","ast-main-header-display":"","ast-hfb-above-header-display":"","ast-hfb-below-header-display":"","ast-hfb-mobile-header-display":"","site-post-title":"","ast-breadcrumbs-content":"","ast-featured-img":"","footer-sml-layout":"","ast-disable-related-posts":"","theme-transparent-header-meta":"default","adv-header-id-meta":"","stick-header-meta":"","header-above-stick-meta":"","header-main-stick-meta":"","header-below-stick-meta":"","astra-migrate-meta-layouts":"set","ast-page-background-enabled":"default","ast-page-background-meta":{"desktop":{"background-color":"","background-image":"","background-repeat":"repeat","background-position":"center center","background-size":"auto","background-attachment":"scroll","background-type":"","background-media":"","overlay-type":"","overlay-color":"","overlay-opacity":"","overlay-gradient":""},"tablet":{"background-color":"","background-image":"","background-repeat":"repeat","background-position":"center center","background-size":"auto","background-attachment":"scroll","background-type":"","background-media":"","overlay-type":"","overlay-color":"","overlay-opacity":"","overlay-gradient":""},"mobile":{"background-color":"","background-image":"","background-repeat":"repeat","background-position":"center center","background-size":"auto","background-attachment":"scroll","background-type":"","background-media":"","overlay-type":"","overlay-color":"","overlay-opacity":"","overlay-gradient":""}},"ast-content-background-meta":{"desktop":{"background-color":"var(--ast-global-color-5)","background-image":"","background-repeat":"repeat","background-position":"center center","background-size":"auto","background-attachment":"scroll","background-type":"","background-media":"","overlay-type":"","overlay-color":"","overlay-opacity":"","overlay-gradient":""},"tablet":{"background-color":"var(--ast-global-color-5)","background-image":"","background-repeat":"repeat","background-position":"center center","background-size":"auto","background-attachment":"scroll","background-type":"","background-media":"","overlay-type":"","overlay-color":"","overlay-opacity":"","overlay-gradient":""},"mobile":{"background-color":"var(--ast-global-color-5)","background-image":"","background-repeat":"repeat","background-position":"center center","background-size":"auto","background-attachment":"scroll","background-type":"","background-media":"","overlay-type":"","overlay-color":"","overlay-opacity":"","overlay-gradient":""}},"footnotes":""},"class_list":["post-4518","page","type-page","status-publish","has-post-thumbnail","hentry"],"aioseo_notices":[],"_links":{"self":[{"href":"https:\/\/essencial-portugal.com\/es\/wp-json\/wp\/v2\/pages\/4518","targetHints":{"allow":["GET"]}}],"collection":[{"href":"https:\/\/essencial-portugal.com\/es\/wp-json\/wp\/v2\/pages"}],"about":[{"href":"https:\/\/essencial-portugal.com\/es\/wp-json\/wp\/v2\/types\/page"}],"author":[{"embeddable":true,"href":"https:\/\/essencial-portugal.com\/es\/wp-json\/wp\/v2\/users\/1"}],"replies":[{"embeddable":true,"href":"https:\/\/essencial-portugal.com\/es\/wp-json\/wp\/v2\/comments?post=4518"}],"version-history":[{"count":2,"href":"https:\/\/essencial-portugal.com\/es\/wp-json\/wp\/v2\/pages\/4518\/revisions"}],"predecessor-version":[{"id":10235,"href":"https:\/\/essencial-portugal.com\/es\/wp-json\/wp\/v2\/pages\/4518\/revisions\/10235"}],"up":[{"embeddable":true,"href":"https:\/\/essencial-portugal.com\/es\/wp-json\/wp\/v2\/pages\/2946"}],"wp:featuredmedia":[{"embeddable":true,"href":"https:\/\/essencial-portugal.com\/es\/wp-json\/wp\/v2\/media\/5412"}],"wp:attachment":[{"href":"https:\/\/essencial-portugal.com\/es\/wp-json\/wp\/v2\/media?parent=4518"}],"curies":[{"name":"wp","href":"https:\/\/api.w.org\/{rel}","templated":true}]}}