{"id":6209,"date":"2021-12-06T11:05:58","date_gmt":"2021-12-06T11:05:58","guid":{"rendered":"https:\/\/essencial-portugal.com\/es\/?page_id=6209"},"modified":"2026-03-16T07:51:19","modified_gmt":"2026-03-16T07:51:19","slug":"cazador-propiedades-portugal","status":"publish","type":"page","link":"https:\/\/essencial-portugal.com\/es\/cazador-propiedades-portugal\/","title":{"rendered":"Cazador de propiedades en Portugal"},"content":{"rendered":"<p><img fetchpriority=\"high\" decoding=\"async\" class=\"aligncenter size-full wp-image-6206\" src=\"https:\/\/essencial-portugal.com\/es\/wp-content\/uploads\/2021\/12\/Property-Hunter-Portugal.jpg\" alt=\"Cazador de propiedades en Portugal: inmuebles, empresas, terrenos y oportunidades de inversi\u00f3n\" width=\"1280\" height=\"853\" srcset=\"https:\/\/essencial-portugal.com\/es\/wp-content\/uploads\/2021\/12\/Property-Hunter-Portugal.jpg 1280w, https:\/\/essencial-portugal.com\/es\/wp-content\/uploads\/2021\/12\/Property-Hunter-Portugal-300x200.jpg 300w, https:\/\/essencial-portugal.com\/es\/wp-content\/uploads\/2021\/12\/Property-Hunter-Portugal-1024x682.jpg 1024w, https:\/\/essencial-portugal.com\/es\/wp-content\/uploads\/2021\/12\/Property-Hunter-Portugal-768x512.jpg 768w\" sizes=\"(max-width: 1280px) 100vw, 1280px\" \/><\/p>\n<p>Cada vez son m\u00e1s las familias, empresas e inversores que contactan con Essencial Portugal para recibir acompa\u00f1amiento en su proyecto de expatriaci\u00f3n o inversi\u00f3n. Buscan inmuebles, negocios, terrenos, industrias u oportunidades de inversi\u00f3n en Portugal. Muchos comienzan la b\u00fasqueda por su cuenta, lo que puede generar riesgos y dificultades que detallamos a continuaci\u00f3n.<\/p>\n<p>Rellene el formulario para ponerse en contacto con un cazador de propiedades de habla inglesa con sede en Lisboa, que conoce a fondo el mercado, opera en todo Portugal y est\u00e1 cualificado para acompa\u00f1arle en inmuebles, empresas, industrias, terrenos o identificaci\u00f3n de oportunidades de inversi\u00f3n.<\/p>\n<p>Este profesional angl\u00f3fono, que conozco personalmente, le ofrecer\u00e1 un acompa\u00f1amiento personalizado de la A a la Z:<\/p>\n<ul>\n<li>Identificaci\u00f3n de sus criterios de b\u00fasqueda<\/li>\n<li>Identificaci\u00f3n de las propiedades correspondientes<\/li>\n<li>Contacto con los propietarios<\/li>\n<li>Recopilaci\u00f3n de informaci\u00f3n en ayuntamientos y auditor\u00edas financieras<\/li>\n<li>Acompa\u00f1amiento en las visitas<\/li>\n<li>Asistencia en la negociaci\u00f3n de precios<\/li>\n<li>Acompa\u00f1amiento global: notar\u00eda, contratos, obras y tr\u00e1mites administrativos<\/li>\n<\/ul>\n<p style=\"text-align: center;\"><a class=\"maxbutton-3 maxbutton maxbutton-form\" href=\"#form\"><span class='mb-text'>Formulario de contacto<\/span><\/a><\/p>\n<h2>Por qu\u00e9 utilizar un cazador de propiedades en Portugal<\/h2>\n<p>El mercado inmobiliario portugu\u00e9s tiene una amplitud que va mucho m\u00e1s all\u00e1 de lo que ofrecen internet y las agencias inmobiliarias convencionales. El boca a boca y la creaci\u00f3n de redes \u2014interactuando directamente con propietarios, inversores, constructores y vecindarios\u2014 es la forma m\u00e1s eficaz de encontrar propiedades interesantes. Esto es precisamente lo que hace un cazador de propiedades, y lo que una agencia inmobiliaria no har\u00e1: una agencia solo le mostrar\u00e1 su propio cat\u00e1logo.<\/p>\n<p>Buscar por internet presenta obst\u00e1culos habituales:<\/p>\n<ul>\n<li>Muchos anuncios est\u00e1n desactualizados o son &#8220;reclamos&#8221; publicitarios de agencias: perder\u00e1 tiempo buscando propiedades que ya no est\u00e1n disponibles.<\/li>\n<li>Los anuncios de particulares pueden ofrecer precios m\u00e1s atractivos, pero conllevan riesgos reales: problemas de idioma, defectos ocultos (humedad, aislamiento, permisos de construcci\u00f3n), necesidad de expertos y traductores para contratos.<\/li>\n<li>Tras la compra, deber\u00e1 gestionar usted mismo los contratos de agua, electricidad e internet, coordinar con el propietario y encontrar proveedores de obras y renovaci\u00f3n \u2014lo que en Portugal no siempre es sencillo.<\/li>\n<\/ul>\n<h2>Cazador de propiedades: empresas e industrias en Portugal<\/h2>\n<p><img decoding=\"async\" class=\"aligncenter size-full wp-image-6207\" src=\"https:\/\/essencial-portugal.com\/es\/wp-content\/uploads\/2021\/12\/Property-hunter-Portugal-Company.jpg\" alt=\"Cazador de propiedades en Portugal para empresas e industrias: auditor\u00edas y due diligence\" width=\"1280\" height=\"677\" srcset=\"https:\/\/essencial-portugal.com\/es\/wp-content\/uploads\/2021\/12\/Property-hunter-Portugal-Company.jpg 1280w, https:\/\/essencial-portugal.com\/es\/wp-content\/uploads\/2021\/12\/Property-hunter-Portugal-Company-300x159.jpg 300w, https:\/\/essencial-portugal.com\/es\/wp-content\/uploads\/2021\/12\/Property-hunter-Portugal-Company-1024x542.jpg 1024w, https:\/\/essencial-portugal.com\/es\/wp-content\/uploads\/2021\/12\/Property-hunter-Portugal-Company-768x406.jpg 768w\" sizes=\"(max-width: 1280px) 100vw, 1280px\" \/><\/p>\n<p>Comprar una empresa o industria en Portugal no es lo mismo que comprar una vivienda. Las verificaciones necesarias son mucho m\u00e1s exhaustivas:<\/p>\n<ul>\n<li>Conformidad del local o el terreno<\/li>\n<li>Posibilidades de ampliaci\u00f3n o renovaci\u00f3n<\/li>\n<li>Tipo de terreno con respecto a la legislaci\u00f3n urban\u00edstica<\/li>\n<li>Viabilidad del proyecto<\/li>\n<li>Situaci\u00f3n financiera de la empresa o el sector<\/li>\n<li>Negociaci\u00f3n de condiciones comerciales<\/li>\n<li>Situaci\u00f3n de los empleados y legislaci\u00f3n laboral<\/li>\n<\/ul>\n<p>El cazador de propiedades con el que le pondr\u00e9 en contacto est\u00e1 especializado inicialmente en empresas e industrias y ha ampliado su actividad al inmobiliario por la alta demanda. Trabaja con un equipo multidisciplinar interno de contables y abogados que realizan todos los estudios y auditor\u00edas financieras necesarios para garantizar una compra sin contratiempos.<\/p>\n<h2>Cazador de propiedades: terrenos en Portugal<\/h2>\n<p>La compra de un terreno en Portugal requiere verificaciones espec\u00edficas especialmente cuidadosas. No es raro encontrar edificios construidos sin autorizaci\u00f3n que no pueden modificarse, o terrenos que simplemente no son edificables. Los retrasos en la obtenci\u00f3n de permisos municipales de construcci\u00f3n est\u00e1n regulados y pueden ser muy largos: es imprescindible ir acompa\u00f1ado de un profesional con los contactos y el conocimiento necesarios para realizar estas verificaciones.<\/p>\n<p>El servicio incluye:<\/p>\n<ul>\n<li>Identificaci\u00f3n de criterios de b\u00fasqueda y presupuesto<\/li>\n<li>B\u00fasqueda del terreno correspondiente en cualquier zona de Portugal<\/li>\n<li>Contacto con los propietarios<\/li>\n<li>An\u00e1lisis de la situaci\u00f3n con el ayuntamiento<\/li>\n<li>Acompa\u00f1amiento en las visitas<\/li>\n<li>Ayuda en la negociaci\u00f3n del precio de compra<\/li>\n<li>Acompa\u00f1amiento global: notario, contratos, solicitadores, instalaci\u00f3n, renovaci\u00f3n y tr\u00e1mites administrativos<\/li>\n<\/ul>\n<p><img decoding=\"async\" class=\"aligncenter size-full wp-image-6208\" src=\"https:\/\/essencial-portugal.com\/es\/wp-content\/uploads\/2021\/12\/Property-hunter-Portugal-Land.jpg\" alt=\"Cazador de propiedades en Portugal para terrenos: verificaci\u00f3n de permisos y normativa municipal\" width=\"1280\" height=\"790\" srcset=\"https:\/\/essencial-portugal.com\/es\/wp-content\/uploads\/2021\/12\/Property-hunter-Portugal-Land.jpg 1280w, https:\/\/essencial-portugal.com\/es\/wp-content\/uploads\/2021\/12\/Property-hunter-Portugal-Land-300x185.jpg 300w, https:\/\/essencial-portugal.com\/es\/wp-content\/uploads\/2021\/12\/Property-hunter-Portugal-Land-1024x632.jpg 1024w, https:\/\/essencial-portugal.com\/es\/wp-content\/uploads\/2021\/12\/Property-hunter-Portugal-Land-768x474.jpg 768w\" sizes=\"(max-width: 1280px) 100vw, 1280px\" \/><\/p>\n<h2 id=\"form\">Contacte con un cazador de propiedades angl\u00f3fono en Portugal<\/h2>\n<p>Rellene el formulario para ser puesto en contacto con un cazador de inmuebles de habla inglesa en Portugal para la b\u00fasqueda de un inmueble, empresa, industria, terreno u oportunidad de inversi\u00f3n en cualquier lugar del pa\u00eds. Con sede en Lisboa, cuenta con un equipo y una red que le acompa\u00f1ar\u00e1n en todo el proceso: desde la b\u00fasqueda hasta la compra, incluyendo contratos, instalaci\u00f3n, renovaci\u00f3n y tr\u00e1mites administrativos.<\/p>\n<p style=\"text-align: center;\"><div class=\"wpforms-container wpforms-container-full\" id=\"wpforms-6429\"><form id=\"wpforms-form-6429\" class=\"wpforms-validate wpforms-form\" data-formid=\"6429\" method=\"post\" enctype=\"multipart\/form-data\" action=\"\/es\/wp-json\/wp\/v2\/pages\/6209\" data-token=\"18f845408aebf0d57e19418417da00e8\" data-token-time=\"1776648953\"><noscript class=\"wpforms-error-noscript\">Please enable JavaScript in your browser to complete this form.<\/noscript><div class=\"wpforms-field-container\"><div id=\"wpforms-6429-field_0-container\" class=\"wpforms-field wpforms-field-name\" data-field-id=\"0\"><label class=\"wpforms-field-label\" for=\"wpforms-6429-field_0\">Name <span class=\"wpforms-required-label\">*<\/span><\/label><div class=\"wpforms-field-row wpforms-field-medium\"><div class=\"wpforms-field-row-block wpforms-first wpforms-one-half\"><input type=\"text\" id=\"wpforms-6429-field_0\" class=\"wpforms-field-name-first wpforms-field-required\" name=\"wpforms[fields][0][first]\" required><label for=\"wpforms-6429-field_0\" class=\"wpforms-field-sublabel after wpforms-sublabel-hide\">First<\/label><\/div><div class=\"wpforms-field-row-block wpforms-one-half\"><input type=\"text\" id=\"wpforms-6429-field_0-last\" class=\"wpforms-field-name-last wpforms-field-required\" name=\"wpforms[fields][0][last]\" required><label for=\"wpforms-6429-field_0-last\" class=\"wpforms-field-sublabel after wpforms-sublabel-hide\">Last<\/label><\/div><\/div><\/div><div id=\"wpforms-6429-field_1-container\" class=\"wpforms-field wpforms-field-email\" data-field-id=\"1\"><label class=\"wpforms-field-label\" for=\"wpforms-6429-field_1\">E-mail <span class=\"wpforms-required-label\">*<\/span><\/label><input type=\"email\" id=\"wpforms-6429-field_1\" class=\"wpforms-field-medium wpforms-field-required\" name=\"wpforms[fields][1]\" spellcheck=\"false\" required><\/div><div id=\"wpforms-6429-field_4-container\" class=\"wpforms-field wpforms-field-text\" data-field-id=\"4\"><label class=\"wpforms-field-label\" for=\"wpforms-6429-field_4\">Phone <span class=\"wpforms-required-label\">*<\/span><\/label><input type=\"text\" id=\"wpforms-6429-field_4\" class=\"wpforms-field-medium wpforms-field-required\" name=\"wpforms[fields][4]\" required><\/div><div id=\"wpforms-6429-field_5-container\" class=\"wpforms-field wpforms-field-text\" data-field-id=\"5\"><label class=\"wpforms-field-label\" for=\"wpforms-6429-field_5\">Subject <span class=\"wpforms-required-label\">*<\/span><\/label><input type=\"text\" id=\"wpforms-6429-field_5\" class=\"wpforms-field-medium wpforms-field-required\" name=\"wpforms[fields][5]\" required><\/div><div id=\"wpforms-6429-field_2-container\" class=\"wpforms-field wpforms-field-textarea\" data-field-id=\"2\"><label class=\"wpforms-field-label\" for=\"wpforms-6429-field_2\">Your project \/ Your needs <span class=\"wpforms-required-label\">*<\/span><\/label><textarea id=\"wpforms-6429-field_2\" class=\"wpforms-field-medium wpforms-field-required\" name=\"wpforms[fields][2]\" required><\/textarea><\/div><\/div><!-- .wpforms-field-container --><div class=\"wpforms-field wpforms-field-hp\"><label for=\"wpforms-6429-field-hp\" class=\"wpforms-field-label\">Message<\/label><input type=\"text\" name=\"wpforms[hp]\" id=\"wpforms-6429-field-hp\" class=\"wpforms-field-medium\"><\/div><div class=\"wpforms-submit-container\" ><input type=\"hidden\" name=\"wpforms[id]\" value=\"6429\"><input type=\"hidden\" name=\"page_title\" value=\"\"><input type=\"hidden\" name=\"page_url\" value=\"https:\/\/essencial-portugal.com\/es\/wp-json\/wp\/v2\/pages\/6209\"><input type=\"hidden\" name=\"url_referer\" value=\"\"><button type=\"submit\" name=\"wpforms[submit]\" id=\"wpforms-submit-6429\" class=\"wpforms-submit\" data-alt-text=\"Sending...\" data-submit-text=\"Send\" aria-live=\"assertive\" value=\"wpforms-submit\">Send<\/button><\/div><\/form><\/div>  <!-- .wpforms-container --><\/p>\n<blockquote><p>Al validar este formulario, autoriza a transmitir su solicitud a un profesional angl\u00f3fono establecido en Portugal y cualificado para acompa\u00f1arle en su proyecto. Nada est\u00e1 automatizado: son profesionales establecidos en Lisboa que conozco personalmente y que se pondr\u00e1n en contacto con usted lo antes posible para un primer intercambio. Essencial Portugal pone en contacto a particulares y empresas con profesionales certificados y de confianza en Portugal. Solo estos profesionales pueden informarle, ofrecerle y facturarle los servicios.<\/p><\/blockquote>\n","protected":false},"excerpt":{"rendered":"<p>Cada vez son m\u00e1s las familias, empresas e inversores que contactan con Essencial Portugal para recibir acompa\u00f1amiento en su proyecto de expatriaci\u00f3n o inversi\u00f3n. Buscan inmuebles, negocios, terrenos, industrias u oportunidades de inversi\u00f3n en Portugal. Muchos comienzan la b\u00fasqueda por su cuenta, lo que puede generar riesgos y dificultades que detallamos a continuaci\u00f3n. Rellene el [&hellip;]<\/p>\n","protected":false},"author":1,"featured_media":0,"parent":0,"menu_order":0,"comment_status":"closed","ping_status":"closed","template":"","meta":{"om_disable_all_campaigns":false,"_monsterinsights_skip_tracking":false,"_monsterinsights_sitenote_active":false,"_monsterinsights_sitenote_note":"","_monsterinsights_sitenote_category":0,"_uf_show_specific_survey":0,"_uf_disable_surveys":false,"site-sidebar-layout":"default","site-content-layout":"default","ast-site-content-layout":"default","site-content-style":"default","site-sidebar-style":"default","ast-global-header-display":"","ast-banner-title-visibility":"","ast-main-header-display":"","ast-hfb-above-header-display":"","ast-hfb-below-header-display":"","ast-hfb-mobile-header-display":"","site-post-title":"","ast-breadcrumbs-content":"","ast-featured-img":"","footer-sml-layout":"","ast-disable-related-posts":"","theme-transparent-header-meta":"default","adv-header-id-meta":"","stick-header-meta":"","header-above-stick-meta":"","header-main-stick-meta":"","header-below-stick-meta":"","astra-migrate-meta-layouts":"set","ast-page-background-enabled":"default","ast-page-background-meta":{"desktop":{"background-color":"","background-image":"","background-repeat":"repeat","background-position":"center center","background-size":"auto","background-attachment":"scroll","background-type":"","background-media":"","overlay-type":"","overlay-color":"","overlay-opacity":"","overlay-gradient":""},"tablet":{"background-color":"","background-image":"","background-repeat":"repeat","background-position":"center center","background-size":"auto","background-attachment":"scroll","background-type":"","background-media":"","overlay-type":"","overlay-color":"","overlay-opacity":"","overlay-gradient":""},"mobile":{"background-color":"","background-image":"","background-repeat":"repeat","background-position":"center center","background-size":"auto","background-attachment":"scroll","background-type":"","background-media":"","overlay-type":"","overlay-color":"","overlay-opacity":"","overlay-gradient":""}},"ast-content-background-meta":{"desktop":{"background-color":"var(--ast-global-color-5)","background-image":"","background-repeat":"repeat","background-position":"center center","background-size":"auto","background-attachment":"scroll","background-type":"","background-media":"","overlay-type":"","overlay-color":"","overlay-opacity":"","overlay-gradient":""},"tablet":{"background-color":"var(--ast-global-color-5)","background-image":"","background-repeat":"repeat","background-position":"center center","background-size":"auto","background-attachment":"scroll","background-type":"","background-media":"","overlay-type":"","overlay-color":"","overlay-opacity":"","overlay-gradient":""},"mobile":{"background-color":"var(--ast-global-color-5)","background-image":"","background-repeat":"repeat","background-position":"center center","background-size":"auto","background-attachment":"scroll","background-type":"","background-media":"","overlay-type":"","overlay-color":"","overlay-opacity":"","overlay-gradient":""}},"footnotes":""},"class_list":["post-6209","page","type-page","status-publish","hentry"],"aioseo_notices":[],"_links":{"self":[{"href":"https:\/\/essencial-portugal.com\/es\/wp-json\/wp\/v2\/pages\/6209","targetHints":{"allow":["GET"]}}],"collection":[{"href":"https:\/\/essencial-portugal.com\/es\/wp-json\/wp\/v2\/pages"}],"about":[{"href":"https:\/\/essencial-portugal.com\/es\/wp-json\/wp\/v2\/types\/page"}],"author":[{"embeddable":true,"href":"https:\/\/essencial-portugal.com\/es\/wp-json\/wp\/v2\/users\/1"}],"replies":[{"embeddable":true,"href":"https:\/\/essencial-portugal.com\/es\/wp-json\/wp\/v2\/comments?post=6209"}],"version-history":[{"count":2,"href":"https:\/\/essencial-portugal.com\/es\/wp-json\/wp\/v2\/pages\/6209\/revisions"}],"predecessor-version":[{"id":10215,"href":"https:\/\/essencial-portugal.com\/es\/wp-json\/wp\/v2\/pages\/6209\/revisions\/10215"}],"wp:attachment":[{"href":"https:\/\/essencial-portugal.com\/es\/wp-json\/wp\/v2\/media?parent=6209"}],"curies":[{"name":"wp","href":"https:\/\/api.w.org\/{rel}","templated":true}]}}