{"id":6523,"date":"2022-05-16T15:15:34","date_gmt":"2022-05-16T15:15:34","guid":{"rendered":"https:\/\/essencial-portugal.com\/es\/?page_id=6523"},"modified":"2023-02-13T18:25:16","modified_gmt":"2023-02-13T18:25:16","slug":"galeria-arte-portugal","status":"publish","type":"page","link":"https:\/\/essencial-portugal.com\/es\/galeria-arte-portugal\/","title":{"rendered":"Galer\u00eda de arte Portugal"},"content":{"rendered":"\t\t<div data-elementor-type=\"wp-page\" data-elementor-id=\"6523\" class=\"elementor elementor-6523\">\n\t\t\t\t\t\t<section class=\"elementor-section elementor-top-section elementor-element elementor-element-509838f5 elementor-section-height-min-height elementor-section-full_width elementor-section-height-default elementor-section-items-middle\" data-id=\"509838f5\" data-element_type=\"section\" data-e-type=\"section\" data-settings=\"{&quot;background_background&quot;:&quot;classic&quot;}\">\n\t\t\t\t\t\t\t<div class=\"elementor-background-overlay\"><\/div>\n\t\t\t\t\t\t\t<div class=\"elementor-container elementor-column-gap-default\">\n\t\t\t\t\t<div class=\"elementor-column elementor-col-100 elementor-top-column elementor-element elementor-element-48b8974e\" data-id=\"48b8974e\" data-element_type=\"column\" data-e-type=\"column\">\n\t\t\t<div class=\"elementor-widget-wrap\">\n\t\t\t\t\t\t\t<\/div>\n\t\t<\/div>\n\t\t\t\t\t<\/div>\n\t\t<\/section>\n\t\t\t\t<section class=\"elementor-section elementor-top-section elementor-element elementor-element-72cfd318 elementor-section-full_width elementor-section-height-default elementor-section-height-default\" data-id=\"72cfd318\" data-element_type=\"section\" data-e-type=\"section\">\n\t\t\t\t\t\t<div class=\"elementor-container elementor-column-gap-default\">\n\t\t\t\t\t<div class=\"elementor-column elementor-col-100 elementor-top-column elementor-element elementor-element-48465fef\" data-id=\"48465fef\" data-element_type=\"column\" data-e-type=\"column\">\n\t\t\t<div class=\"elementor-widget-wrap elementor-element-populated\">\n\t\t\t\t\t\t<div class=\"elementor-element elementor-element-66170727 elementor-widget elementor-widget-text-editor\" data-id=\"66170727\" data-element_type=\"widget\" data-e-type=\"widget\" data-widget_type=\"text-editor.default\">\n\t\t\t\t<div class=\"elementor-widget-container\">\n\t\t\t\t\t\t\t\t\t<p style=\"text-align: left;\">Portugal es un pa\u00eds rico en historia y cultura, y sus galer\u00edas de arte son un perfecto reflejo de ello. Durante siglos, los artistas portugueses han creado impresionantes obras de arte, desde la pintura a la escultura, pasando por el grabado. Hoy, estas obras se exponen en galer\u00edas de arte de todo el pa\u00eds, ofreciendo a los visitantes la oportunidad de descubrir la creatividad y la imaginaci\u00f3n del arte portugu\u00e9s.<\/p><p style=\"text-align: left;\">En este art\u00edculo, exploraremos las galer\u00edas de arte m\u00e1s famosas e influyentes de Portugal, y las obras que las caracterizan. Adem\u00e1s de descubrir la riqueza del arte portugu\u00e9s, tambi\u00e9n descubrir\u00e1 c\u00f3mo las galer\u00edas de arte pueden ser un activo para el turismo y la industria cultural del pa\u00eds.<\/p>\t\t\t\t\t\t\t\t<\/div>\n\t\t\t\t<\/div>\n\t\t\t\t<div class=\"elementor-element elementor-element-3141820c elementor-widget elementor-widget-heading\" data-id=\"3141820c\" data-element_type=\"widget\" data-e-type=\"widget\" data-widget_type=\"heading.default\">\n\t\t\t\t<div class=\"elementor-widget-container\">\n\t\t\t\t\t<h2 class=\"elementor-heading-title elementor-size-default\">Galer\u00edas de arte en Lisboa<\/h2>\t\t\t\t<\/div>\n\t\t\t\t<\/div>\n\t\t\t\t<div class=\"elementor-element elementor-element-d10c0d9 elementor-widget elementor-widget-text-editor\" data-id=\"d10c0d9\" data-element_type=\"widget\" data-e-type=\"widget\" data-widget_type=\"text-editor.default\">\n\t\t\t\t<div class=\"elementor-widget-container\">\n\t\t\t\t\t\t\t\t\t<p style=\"text-align: left;\">Lisboa es una ciudad vibrante con muchas galer\u00edas de arte de renombre, cada una con su propia historia y visi\u00f3n. Si es un amante del arte con ganas de explorar, Lisboa es el destino perfecto para usted. Eche un vistazo a algunas de las galer\u00edas imprescindibles de la ciudad.<\/p><p style=\"text-align: left;\"><strong>Galer\u00eda Cordoaria Nacional<\/strong>: situada en el barrio de Alc\u00e2ntara, esta galer\u00eda es una antigua f\u00e1brica de cuerdas reconvertida en galer\u00eda de arte contempor\u00e1neo. Se pueden ver exposiciones de artistas locales e internacionales.<\/p><ul><li style=\"text-align: left;\">Direcci\u00f3n: Av. da \u00cdndia, 1300-598 Lisboa<\/li><li style=\"text-align: left;\">Horario de apertura: de lunes a viernes, de 10.00 a 13.00 h. y de 14.00 a 18.00 h.<\/li><li style=\"text-align: left;\">Tel\u00e9fono: +351 213637635<\/li><\/ul><p style=\"text-align: left;\"><strong>Galer\u00eda del Instituto de Arte Contempor\u00e1neo<\/strong>: esta galer\u00eda es un espacio dedicado al arte contempor\u00e1neo portugu\u00e9s e internacional. Acoge regularmente exposiciones de pintura, escultura, instalaciones y otras formas de arte.<\/p><ul><li style=\"text-align: left;\">Direcci\u00f3n: R. Serpa Pinto 4, 1200-444 Lisboa<\/li><li style=\"text-align: left;\">Horario de apertura: de martes a viernes, de 10.00 a 13.00 h. y de 14.00 a 18.00 h.<\/li><li style=\"text-align: left;\">Tel\u00e9fono: +351 213432148<\/li><\/ul><p style=\"text-align: left;\"><strong>Galer\u00eda de Arte Moderno de Lisboa<\/strong>: Esta galer\u00eda de arte moderno est\u00e1 situada en el barrio de Alc\u00e2ntara y alberga exposiciones temporales de arte contempor\u00e1neo. Tambi\u00e9n ofrece programas educativos para que ni\u00f1os y j\u00f3venes descubran el arte de forma l\u00fadica.<\/p><ul><li style=\"text-align: left;\">Direcci\u00f3n: R. Joly Braga Santos F, 1600-123 Lisboa<\/li><li style=\"text-align: left;\">Horario de apertura: de lunes a s\u00e1bado, de 10.00 a 19.30 h.<\/li><li style=\"text-align: left;\">Tel\u00e9fono: +351 217261831<\/li><\/ul><p style=\"text-align: left;\"><strong>Galerie de Arte do Funda\u00e7\u00e3o EDP<\/strong>: situada en el barrio de Belem, esta galer\u00eda alberga exposiciones de arte contempor\u00e1neo portugu\u00e9s e internacional. Tambi\u00e9n ofrece talleres para ni\u00f1os y adultos para ayudarles a descubrir su creatividad.<\/p><ul><li style=\"text-align: left;\">Direcci\u00f3n: Central El\u00e9ctrica del Tajo, Av. Bras\u00edlia, 1300-598 Lisboa<\/li><li style=\"text-align: left;\">Horario: de mi\u00e9rcoles a lunes, de 11.00 a 19.00 horas<\/li><li style=\"text-align: left;\">Tel\u00e9fono: +351 210028130<\/li><\/ul><p style=\"text-align: left;\">En conclusi\u00f3n, Lisboa es una ciudad que ofrece una rica experiencia cultural a los amantes del arte. Hay una galer\u00eda para cada gusto y presupuesto, desde arte contempor\u00e1neo hasta moderno. No deje de explorar estas incre\u00edbles galer\u00edas en su pr\u00f3xima visita a Lisboa.<\/p>\t\t\t\t\t\t\t\t<\/div>\n\t\t\t\t<\/div>\n\t\t\t\t<div class=\"elementor-element elementor-element-52987d6 elementor-widget elementor-widget-heading\" data-id=\"52987d6\" data-element_type=\"widget\" data-e-type=\"widget\" data-widget_type=\"heading.default\">\n\t\t\t\t<div class=\"elementor-widget-container\">\n\t\t\t\t\t<h2 class=\"elementor-heading-title elementor-size-default\">Galer\u00edas de arte de Oporto<\/h2>\t\t\t\t<\/div>\n\t\t\t\t<\/div>\n\t\t\t\t<div class=\"elementor-element elementor-element-44ff5bb elementor-widget elementor-widget-text-editor\" data-id=\"44ff5bb\" data-element_type=\"widget\" data-e-type=\"widget\" data-widget_type=\"text-editor.default\">\n\t\t\t\t<div class=\"elementor-widget-container\">\n\t\t\t\t\t\t\t\t\t<p style=\"text-align: left;\">Oporto es una ciudad encantadora a orillas del r\u00edo Duero, llena de historia y cultura. La ciudad tambi\u00e9n es conocida por sus renombradas galer\u00edas de arte, que atraen a muchos visitantes cada a\u00f1o. Si es un amante del arte con ganas de descubrir cosas nuevas, Oporto es el destino perfecto para usted. Eche un vistazo a algunas de las galer\u00edas imprescindibles de la ciudad.<\/p><p style=\"text-align: left;\"><strong>Galerie de Arte Contempor\u00e2nea de Porto<\/strong>: situada en el centro de Oporto, esta galer\u00eda de arte contempor\u00e1neo es un espacio dedicado a la promoci\u00f3n del arte moderno portugu\u00e9s e internacional. Acoge regularmente exposiciones de pintura, escultura y grabado de artistas de talento.<\/p><ul><li style=\"text-align: left;\">Direcci\u00f3n: Rua de Miguel Bombarda 221, 4050-381 Oporto<\/li><li style=\"text-align: left;\">Horario: de martes a s\u00e1bado, de 11.00 a 14.00 h. y de 14.30 a 19.00 h.<\/li><\/ul><p style=\"text-align: left;\"><strong>Galerie de Arte do Centro Cultural de Belomonte<\/strong>: esta galer\u00eda alberga exposiciones temporales de arte contempor\u00e1neo y ofrece programas educativos para ni\u00f1os y j\u00f3venes con el fin de ayudarles a descubrir el arte de una forma l\u00fadica.<\/p><ul><li style=\"text-align: left;\">Direcci\u00f3n: Jardines do Pal\u00e1cio de Cristal, R. de Dom Manuel II, 4050-239 Oporto<\/li><li style=\"text-align: left;\">Horario de apertura: de martes a domingo, de 10.00 a 18.00 horas<\/li><li style=\"text-align: left;\">Tel\u00e9fono: +351 225073305<\/li><\/ul><p style=\"text-align: left;\"><strong>Galerie de Arte do Funda\u00e7\u00e3o de Serralves<\/strong>: situada en el barrio de Boavista, esta galer\u00eda de arte moderno es una antigua villa de lujo reconvertida en galer\u00eda de arte. Alberga exposiciones temporales de arte contempor\u00e1neo y obras de artistas internacionales.<\/p><ul><li style=\"text-align: left;\">Direcci\u00f3n: R. Dom Jo\u00e3o de Castro 210, 4150-417 Oporto<\/li><li style=\"text-align: left;\">Horario de apertura: de lunes a viernes de 10.00 a 18.00 horas y fines de semana de 10.00 a 19.00 horas<\/li><li style=\"text-align: left;\">Tel\u00e9fono: +351 226156500<\/li><\/ul><p style=\"text-align: left;\">En conclusi\u00f3n, Oporto es una ciudad que ofrece una experiencia cultural inolvidable para los amantes del arte. Hay una galer\u00eda para cada gusto y presupuesto, desde arte contempor\u00e1neo hasta moderno. No deje de explorar estas incre\u00edbles galer\u00edas en su pr\u00f3xima visita a Oporto.<\/p>\t\t\t\t\t\t\t\t<\/div>\n\t\t\t\t<\/div>\n\t\t\t\t\t<\/div>\n\t\t<\/div>\n\t\t\t\t\t<\/div>\n\t\t<\/section>\n\t\t\t\t<\/div>\n\t\t","protected":false},"excerpt":{"rendered":"<p>Portugal es un pa\u00eds rico en historia y cultura, y sus galer\u00edas de arte son un perfecto reflejo de ello. Durante siglos, los artistas portugueses han creado impresionantes obras de arte, desde la pintura a la escultura, pasando por el grabado. Hoy, estas obras se exponen en galer\u00edas de arte de todo el pa\u00eds, ofreciendo [&hellip;]<\/p>\n","protected":false},"author":1,"featured_media":6525,"parent":0,"menu_order":0,"comment_status":"closed","ping_status":"closed","template":"","meta":{"om_disable_all_campaigns":false,"_monsterinsights_skip_tracking":false,"_monsterinsights_sitenote_active":false,"_monsterinsights_sitenote_note":"","_monsterinsights_sitenote_category":0,"_uf_show_specific_survey":0,"_uf_disable_surveys":false,"site-sidebar-layout":"no-sidebar","site-content-layout":"page-builder","ast-site-content-layout":"default","site-content-style":"default","site-sidebar-style":"default","ast-global-header-display":"","ast-banner-title-visibility":"","ast-main-header-display":"","ast-hfb-above-header-display":"","ast-hfb-below-header-display":"","ast-hfb-mobile-header-display":"","site-post-title":"disabled","ast-breadcrumbs-content":"","ast-featured-img":"disabled","footer-sml-layout":"","ast-disable-related-posts":"","theme-transparent-header-meta":"default","adv-header-id-meta":"","stick-header-meta":"","header-above-stick-meta":"","header-main-stick-meta":"","header-below-stick-meta":"","astra-migrate-meta-layouts":"default","ast-page-background-enabled":"default","ast-page-background-meta":{"desktop":{"background-color":"","background-image":"","background-repeat":"repeat","background-position":"center center","background-size":"auto","background-attachment":"scroll","background-type":"","background-media":"","overlay-type":"","overlay-color":"","overlay-opacity":"","overlay-gradient":""},"tablet":{"background-color":"","background-image":"","background-repeat":"repeat","background-position":"center center","background-size":"auto","background-attachment":"scroll","background-type":"","background-media":"","overlay-type":"","overlay-color":"","overlay-opacity":"","overlay-gradient":""},"mobile":{"background-color":"","background-image":"","background-repeat":"repeat","background-position":"center center","background-size":"auto","background-attachment":"scroll","background-type":"","background-media":"","overlay-type":"","overlay-color":"","overlay-opacity":"","overlay-gradient":""}},"ast-content-background-meta":{"desktop":{"background-color":"var(--ast-global-color-5)","background-image":"","background-repeat":"repeat","background-position":"center center","background-size":"auto","background-attachment":"scroll","background-type":"","background-media":"","overlay-type":"","overlay-color":"","overlay-opacity":"","overlay-gradient":""},"tablet":{"background-color":"var(--ast-global-color-5)","background-image":"","background-repeat":"repeat","background-position":"center center","background-size":"auto","background-attachment":"scroll","background-type":"","background-media":"","overlay-type":"","overlay-color":"","overlay-opacity":"","overlay-gradient":""},"mobile":{"background-color":"var(--ast-global-color-5)","background-image":"","background-repeat":"repeat","background-position":"center center","background-size":"auto","background-attachment":"scroll","background-type":"","background-media":"","overlay-type":"","overlay-color":"","overlay-opacity":"","overlay-gradient":""}},"footnotes":""},"class_list":["post-6523","page","type-page","status-publish","has-post-thumbnail","hentry"],"aioseo_notices":[],"_links":{"self":[{"href":"https:\/\/essencial-portugal.com\/es\/wp-json\/wp\/v2\/pages\/6523","targetHints":{"allow":["GET"]}}],"collection":[{"href":"https:\/\/essencial-portugal.com\/es\/wp-json\/wp\/v2\/pages"}],"about":[{"href":"https:\/\/essencial-portugal.com\/es\/wp-json\/wp\/v2\/types\/page"}],"author":[{"embeddable":true,"href":"https:\/\/essencial-portugal.com\/es\/wp-json\/wp\/v2\/users\/1"}],"replies":[{"embeddable":true,"href":"https:\/\/essencial-portugal.com\/es\/wp-json\/wp\/v2\/comments?post=6523"}],"version-history":[{"count":0,"href":"https:\/\/essencial-portugal.com\/es\/wp-json\/wp\/v2\/pages\/6523\/revisions"}],"wp:featuredmedia":[{"embeddable":true,"href":"https:\/\/essencial-portugal.com\/es\/wp-json\/wp\/v2\/media\/6525"}],"wp:attachment":[{"href":"https:\/\/essencial-portugal.com\/es\/wp-json\/wp\/v2\/media?parent=6523"}],"curies":[{"name":"wp","href":"https:\/\/api.w.org\/{rel}","templated":true}]}}