{"id":71,"date":"2018-03-23T15:54:57","date_gmt":"2018-03-23T15:54:57","guid":{"rendered":"https:\/\/essencial-portugal.com\/fr\/?page_id=71"},"modified":"2026-03-16T12:36:47","modified_gmt":"2026-03-16T12:36:47","slug":"seguridad-social-portugal","status":"publish","type":"page","link":"https:\/\/essencial-portugal.com\/es\/instalacion-lisboa-portugal\/seguridad-social-portugal\/","title":{"rendered":"Seguridad Social portuguesa"},"content":{"rendered":"<p><img fetchpriority=\"high\" decoding=\"async\" class=\"aligncenter wp-image-34 size-full\" src=\"https:\/\/essencial-portugal.com\/es\/wp-content\/uploads\/2018\/03\/inscription-securite-sociale-portugaise.jpg\" alt=\"Seguridad Social portuguesa: c\u00f3mo darse de alta y acceder al sistema sanitario p\u00fablico\" width=\"682\" height=\"362\" srcset=\"https:\/\/essencial-portugal.com\/es\/wp-content\/uploads\/2018\/03\/inscription-securite-sociale-portugaise.jpg 682w, https:\/\/essencial-portugal.com\/es\/wp-content\/uploads\/2018\/03\/inscription-securite-sociale-portugaise-300x159.jpg 300w\" sizes=\"(max-width: 682px) 100vw, 682px\" \/><\/p>\n<p>El sistema de salud en Portugal est\u00e1 bien desarrollado y combina un sector p\u00fablico y uno privado. El sistema p\u00fablico es muy eficaz para quienes est\u00e1n afiliados a la Seguridad Social (Seguran\u00e7a Social), aunque puede haber largos tiempos de espera para determinadas especialidades. El sector privado permite concertar citas r\u00e1pidamente por internet, pero con un coste m\u00e1s elevado.<\/p>\n<blockquote><p>Se recomienda encarecidamente contratar una mutua de salud para beneficiarse del sistema privado de forma r\u00e1pida y eficaz. Rellene el formulario para ser puesto en contacto con un corredor de seguros angl\u00f3fono en Lisboa, especializado en seguros de salud en Portugal.<\/p><\/blockquote>\n<p style=\"text-align: center;\"><a class=\"maxbutton-3 maxbutton maxbutton-form\" href=\"#form\"><span class='mb-text'>CONTACTO<\/span><\/a><\/p>\n<p>Para darse de alta en la Seguridad Social portuguesa deber\u00e1 presentar:<\/p>\n<ul>\n<li>Su <a href=\"https:\/\/essencial-portugal.com\/es\/instalacion-lisboa-portugal\/numero-identificacion-fiscal-portugal\/\" target=\"_blank\" rel=\"noopener noreferrer\">NIF portugu\u00e9s<\/a><\/li>\n<li>Un documento de identidad (pasaporte o DNI)<\/li>\n<li>Prueba de su situaci\u00f3n profesional (empleado, empresario, desempleado, becario)<\/li>\n<\/ul>\n<p>La Seguridad Social portuguesa tambi\u00e9n gestiona ayudas sociales y familiares. Sus oficinas se encuentran generalmente cerca de la Loja do Cidad\u00e3o. Tras el alta, recibir\u00e1 un n\u00famero de la Seguridad Social que le permitir\u00e1 inscribirse en un centro de salud pr\u00f3ximo a su domicilio.<\/p>\n<p><img decoding=\"async\" class=\"aligncenter wp-image-276\" src=\"https:\/\/essencial-portugal.com\/es\/wp-content\/uploads\/2018\/04\/ImageGen.jpg\" alt=\"Seguridad Social Portugal: n\u00famero de afiliaci\u00f3n y acceso a centros de salud p\u00fablicos\" width=\"555\" height=\"370\" \/><\/p>\n<p>Una vez afiliado, puede consultar a m\u00e9dicos en los centros de salud p\u00fablicos (&#8220;centro de sa\u00fade&#8221;). Tenga en cuenta que los tiempos de espera para citas con m\u00e9dicos generalistas o especialistas pueden ser largos. En caso de urgencia, puede acudir a los hospitales o centros p\u00fablicos. Las tarifas oscilan entre 4 y 7 \u20ac por consulta (ligeramente m\u00e1s en urgencias).<\/p>\n<p><img decoding=\"async\" class=\"aligncenter wp-image-59 size-full\" src=\"https:\/\/essencial-portugal.com\/es\/wp-content\/uploads\/2018\/03\/securite-social-portugal-centre-saude.jpg\" alt=\"Centro de sa\u00fade Portugal: centros de salud p\u00fablica con tarifas entre 4 y 7 euros por consulta\" width=\"547\" height=\"422\" srcset=\"https:\/\/essencial-portugal.com\/es\/wp-content\/uploads\/2018\/03\/securite-social-portugal-centre-saude.jpg 547w, https:\/\/essencial-portugal.com\/es\/wp-content\/uploads\/2018\/03\/securite-social-portugal-centre-saude-300x231.jpg 300w\" sizes=\"(max-width: 547px) 100vw, 547px\" \/><\/p>\n<p>Es esencial darse de alta en la Seguridad Social portuguesa en cuanto llegue al pa\u00eds para tener acceso a la sanidad p\u00fablica y a las ayudas sociales y familiares disponibles.<\/p>\n<h2 id=\"form\">Seguro de enfermedad en Portugal: asistencia en ingl\u00e9s<\/h2>\n<p style=\"text-align: center;\"><div class=\"wpforms-container wpforms-container-full\" id=\"wpforms-5165\"><form id=\"wpforms-form-5165\" class=\"wpforms-validate wpforms-form\" data-formid=\"5165\" method=\"post\" enctype=\"multipart\/form-data\" action=\"\/es\/wp-json\/wp\/v2\/pages\/71\" data-token=\"e1722d570084469e36eca80e6c75aa7c\" data-token-time=\"1776662693\"><noscript class=\"wpforms-error-noscript\">Please enable JavaScript in your browser to complete this form.<\/noscript><div class=\"wpforms-field-container\"><div id=\"wpforms-5165-field_0-container\" class=\"wpforms-field wpforms-field-name\" data-field-id=\"0\"><label class=\"wpforms-field-label\" for=\"wpforms-5165-field_0\">Name <span class=\"wpforms-required-label\">*<\/span><\/label><div class=\"wpforms-field-row wpforms-field-medium\"><div class=\"wpforms-field-row-block wpforms-first wpforms-one-half\"><input type=\"text\" id=\"wpforms-5165-field_0\" class=\"wpforms-field-name-first wpforms-field-required\" name=\"wpforms[fields][0][first]\" required><label for=\"wpforms-5165-field_0\" class=\"wpforms-field-sublabel after wpforms-sublabel-hide\">First<\/label><\/div><div class=\"wpforms-field-row-block wpforms-one-half\"><input type=\"text\" id=\"wpforms-5165-field_0-last\" class=\"wpforms-field-name-last wpforms-field-required\" name=\"wpforms[fields][0][last]\" required><label for=\"wpforms-5165-field_0-last\" class=\"wpforms-field-sublabel after wpforms-sublabel-hide\">Last<\/label><\/div><\/div><\/div><div id=\"wpforms-5165-field_1-container\" class=\"wpforms-field wpforms-field-email\" data-field-id=\"1\"><label class=\"wpforms-field-label\" for=\"wpforms-5165-field_1\">E-mail <span class=\"wpforms-required-label\">*<\/span><\/label><input type=\"email\" id=\"wpforms-5165-field_1\" class=\"wpforms-field-medium wpforms-field-required\" name=\"wpforms[fields][1]\" spellcheck=\"false\" required><\/div><div id=\"wpforms-5165-field_4-container\" class=\"wpforms-field wpforms-field-text\" data-field-id=\"4\"><label class=\"wpforms-field-label\" for=\"wpforms-5165-field_4\">Phone <span class=\"wpforms-required-label\">*<\/span><\/label><input type=\"text\" id=\"wpforms-5165-field_4\" class=\"wpforms-field-medium wpforms-field-required\" name=\"wpforms[fields][4]\" required><\/div><div id=\"wpforms-5165-field_11-container\" class=\"wpforms-field wpforms-field-text\" data-field-id=\"11\"><label class=\"wpforms-field-label\" for=\"wpforms-5165-field_11\">TIN <span class=\"wpforms-required-label\">*<\/span><\/label><input type=\"text\" id=\"wpforms-5165-field_11\" class=\"wpforms-field-medium wpforms-field-required\" name=\"wpforms[fields][11]\" required><\/div><div id=\"wpforms-5165-field_12-container\" class=\"wpforms-field wpforms-field-text\" data-field-id=\"12\"><label class=\"wpforms-field-label\" for=\"wpforms-5165-field_12\">Postal Code <span class=\"wpforms-required-label\">*<\/span><\/label><input type=\"text\" id=\"wpforms-5165-field_12\" class=\"wpforms-field-medium wpforms-field-required\" name=\"wpforms[fields][12]\" required><\/div><div id=\"wpforms-5165-field_5-container\" class=\"wpforms-field wpforms-field-text\" data-field-id=\"5\"><label class=\"wpforms-field-label\" for=\"wpforms-5165-field_5\">Date of birth of the principal insured <span class=\"wpforms-required-label\">*<\/span><\/label><input type=\"text\" id=\"wpforms-5165-field_5\" class=\"wpforms-field-medium wpforms-field-required\" name=\"wpforms[fields][5]\" required><\/div><div id=\"wpforms-5165-field_6-container\" class=\"wpforms-field wpforms-field-text\" data-field-id=\"6\"><label class=\"wpforms-field-label\" for=\"wpforms-5165-field_6\">Date of birth of second insured<\/label><input type=\"text\" id=\"wpforms-5165-field_6\" class=\"wpforms-field-medium\" name=\"wpforms[fields][6]\" ><\/div><div id=\"wpforms-5165-field_7-container\" class=\"wpforms-field wpforms-field-text\" data-field-id=\"7\"><label class=\"wpforms-field-label\" for=\"wpforms-5165-field_7\">Date of birth of first child<\/label><input type=\"text\" id=\"wpforms-5165-field_7\" class=\"wpforms-field-medium\" name=\"wpforms[fields][7]\" ><\/div><div id=\"wpforms-5165-field_9-container\" class=\"wpforms-field wpforms-field-text\" data-field-id=\"9\"><label class=\"wpforms-field-label\" for=\"wpforms-5165-field_9\">Date of birth of second child<\/label><input type=\"text\" id=\"wpforms-5165-field_9\" class=\"wpforms-field-medium\" name=\"wpforms[fields][9]\" ><\/div><div id=\"wpforms-5165-field_10-container\" class=\"wpforms-field wpforms-field-select wpforms-field-select-style-classic\" data-field-id=\"10\"><label class=\"wpforms-field-label\" for=\"wpforms-5165-field_10\">Dental Insurance Option <span class=\"wpforms-required-label\">*<\/span><\/label><select id=\"wpforms-5165-field_10\" class=\"wpforms-field-medium wpforms-field-required\" name=\"wpforms[fields][10]\" required=\"required\"><option value=\"Yes\"  class=\"choice-1 depth-1\"  >Yes<\/option><option value=\"No\"  class=\"choice-2 depth-1\"  >No<\/option><\/select><\/div><div id=\"wpforms-5165-field_2-container\" class=\"wpforms-field wpforms-field-textarea\" data-field-id=\"2\"><label class=\"wpforms-field-label\" for=\"wpforms-5165-field_2\">Additional information <span class=\"wpforms-required-label\">*<\/span><\/label><textarea id=\"wpforms-5165-field_2\" class=\"wpforms-field-medium wpforms-field-required\" name=\"wpforms[fields][2]\" required><\/textarea><\/div><\/div><!-- .wpforms-field-container --><div class=\"wpforms-field wpforms-field-hp\"><label for=\"wpforms-5165-field-hp\" class=\"wpforms-field-label\">Comment<\/label><input type=\"text\" name=\"wpforms[hp]\" id=\"wpforms-5165-field-hp\" class=\"wpforms-field-medium\"><\/div><div class=\"wpforms-submit-container\" ><input type=\"hidden\" name=\"wpforms[id]\" value=\"5165\"><input type=\"hidden\" name=\"page_title\" value=\"\"><input type=\"hidden\" name=\"page_url\" value=\"https:\/\/essencial-portugal.com\/es\/wp-json\/wp\/v2\/pages\/71\"><input type=\"hidden\" name=\"url_referer\" value=\"\"><button type=\"submit\" name=\"wpforms[submit]\" id=\"wpforms-submit-5165\" class=\"wpforms-submit\" data-alt-text=\"Sending...\" data-submit-text=\"Send\" aria-live=\"assertive\" value=\"wpforms-submit\">Send<\/button><\/div><\/form><\/div>  <!-- .wpforms-container --><\/p>\n<blockquote><p>Al validar el formulario de contacto, autoriza a transmitir su solicitud a un corredor de seguros angl\u00f3fono que podr\u00e1 contactarle directamente. Nada est\u00e1 automatizado: son personas que conozco, con sede en Lisboa y cualificadas para acompa\u00f1arle en su proyecto.<\/p><\/blockquote>\n","protected":false},"excerpt":{"rendered":"<p>El sistema de salud en Portugal est\u00e1 bien desarrollado y combina un sector p\u00fablico y uno privado. El sistema p\u00fablico es muy eficaz para quienes est\u00e1n afiliados a la Seguridad Social (Seguran\u00e7a Social), aunque puede haber largos tiempos de espera para determinadas especialidades. El sector privado permite concertar citas r\u00e1pidamente por internet, pero con un [&hellip;]<\/p>\n","protected":false},"author":1,"featured_media":34,"parent":67,"menu_order":0,"comment_status":"closed","ping_status":"closed","template":"","meta":{"om_disable_all_campaigns":false,"_monsterinsights_skip_tracking":false,"_monsterinsights_sitenote_active":false,"_monsterinsights_sitenote_note":"","_monsterinsights_sitenote_category":0,"_uf_show_specific_survey":0,"_uf_disable_surveys":false,"site-sidebar-layout":"default","site-content-layout":"default","ast-site-content-layout":"default","site-content-style":"default","site-sidebar-style":"default","ast-global-header-display":"","ast-banner-title-visibility":"","ast-main-header-display":"","ast-hfb-above-header-display":"","ast-hfb-below-header-display":"","ast-hfb-mobile-header-display":"","site-post-title":"","ast-breadcrumbs-content":"","ast-featured-img":"","footer-sml-layout":"","ast-disable-related-posts":"","theme-transparent-header-meta":"default","adv-header-id-meta":"","stick-header-meta":"","header-above-stick-meta":"","header-main-stick-meta":"","header-below-stick-meta":"","astra-migrate-meta-layouts":"set","ast-page-background-enabled":"default","ast-page-background-meta":{"desktop":{"background-color":"","background-image":"","background-repeat":"repeat","background-position":"center center","background-size":"auto","background-attachment":"scroll","background-type":"","background-media":"","overlay-type":"","overlay-color":"","overlay-opacity":"","overlay-gradient":""},"tablet":{"background-color":"","background-image":"","background-repeat":"repeat","background-position":"center center","background-size":"auto","background-attachment":"scroll","background-type":"","background-media":"","overlay-type":"","overlay-color":"","overlay-opacity":"","overlay-gradient":""},"mobile":{"background-color":"","background-image":"","background-repeat":"repeat","background-position":"center center","background-size":"auto","background-attachment":"scroll","background-type":"","background-media":"","overlay-type":"","overlay-color":"","overlay-opacity":"","overlay-gradient":""}},"ast-content-background-meta":{"desktop":{"background-color":"var(--ast-global-color-5)","background-image":"","background-repeat":"repeat","background-position":"center center","background-size":"auto","background-attachment":"scroll","background-type":"","background-media":"","overlay-type":"","overlay-color":"","overlay-opacity":"","overlay-gradient":""},"tablet":{"background-color":"var(--ast-global-color-5)","background-image":"","background-repeat":"repeat","background-position":"center center","background-size":"auto","background-attachment":"scroll","background-type":"","background-media":"","overlay-type":"","overlay-color":"","overlay-opacity":"","overlay-gradient":""},"mobile":{"background-color":"var(--ast-global-color-5)","background-image":"","background-repeat":"repeat","background-position":"center center","background-size":"auto","background-attachment":"scroll","background-type":"","background-media":"","overlay-type":"","overlay-color":"","overlay-opacity":"","overlay-gradient":""}},"footnotes":""},"class_list":["post-71","page","type-page","status-publish","has-post-thumbnail","hentry"],"aioseo_notices":[],"_links":{"self":[{"href":"https:\/\/essencial-portugal.com\/es\/wp-json\/wp\/v2\/pages\/71","targetHints":{"allow":["GET"]}}],"collection":[{"href":"https:\/\/essencial-portugal.com\/es\/wp-json\/wp\/v2\/pages"}],"about":[{"href":"https:\/\/essencial-portugal.com\/es\/wp-json\/wp\/v2\/types\/page"}],"author":[{"embeddable":true,"href":"https:\/\/essencial-portugal.com\/es\/wp-json\/wp\/v2\/users\/1"}],"replies":[{"embeddable":true,"href":"https:\/\/essencial-portugal.com\/es\/wp-json\/wp\/v2\/comments?post=71"}],"version-history":[{"count":2,"href":"https:\/\/essencial-portugal.com\/es\/wp-json\/wp\/v2\/pages\/71\/revisions"}],"predecessor-version":[{"id":10277,"href":"https:\/\/essencial-portugal.com\/es\/wp-json\/wp\/v2\/pages\/71\/revisions\/10277"}],"up":[{"embeddable":true,"href":"https:\/\/essencial-portugal.com\/es\/wp-json\/wp\/v2\/pages\/67"}],"wp:featuredmedia":[{"embeddable":true,"href":"https:\/\/essencial-portugal.com\/es\/wp-json\/wp\/v2\/media\/34"}],"wp:attachment":[{"href":"https:\/\/essencial-portugal.com\/es\/wp-json\/wp\/v2\/media?parent=71"}],"curies":[{"name":"wp","href":"https:\/\/api.w.org\/{rel}","templated":true}]}}