{"id":77,"date":"2018-03-23T15:57:32","date_gmt":"2018-03-23T15:57:32","guid":{"rendered":"https:\/\/essencial-portugal.com\/fr\/?page_id=77"},"modified":"2026-03-16T12:36:19","modified_gmt":"2026-03-16T12:36:19","slug":"numero-identificacion-fiscal-portugal","status":"publish","type":"page","link":"https:\/\/essencial-portugal.com\/es\/instalacion-lisboa-portugal\/numero-identificacion-fiscal-portugal\/","title":{"rendered":"Obtener el NIF (N\u00famero de Identificaci\u00f3n Fiscal)"},"content":{"rendered":"<p><img fetchpriority=\"high\" decoding=\"async\" class=\"size-full wp-image-42 aligncenter\" src=\"https:\/\/essencial-portugal.com\/es\/wp-content\/uploads\/2018\/03\/numero-identification-fiscal-portugais.jpg\" alt=\"NIF Portugal: n\u00famero de identificaci\u00f3n fiscal para expatriados y no residentes\" width=\"500\" height=\"333\" srcset=\"https:\/\/essencial-portugal.com\/es\/wp-content\/uploads\/2018\/03\/numero-identification-fiscal-portugais.jpg 500w, https:\/\/essencial-portugal.com\/es\/wp-content\/uploads\/2018\/03\/numero-identification-fiscal-portugais-300x200.jpg 300w\" sizes=\"(max-width: 500px) 100vw, 500px\" \/><\/p>\n<h2>\u00bfPara qu\u00e9 sirve el NIF portugu\u00e9s?<\/h2>\n<p>El N\u00famero de Identificaci\u00f3n Fiscal (NIF), tambi\u00e9n llamado &#8220;N\u00famero de Contribuinte&#8221;, es imprescindible para la gran mayor\u00eda de los tr\u00e1mites en Portugal: apertura de cuentas bancarias, transacciones financieras, alquiler de un apartamento, <a href=\"https:\/\/essencial-portugal.com\/es\/instalacion-lisboa-portugal\/creacion-empresa-portugal\/\" target=\"_blank\" rel=\"noopener noreferrer\">creaci\u00f3n de empresas<\/a> y declaraci\u00f3n de impuestos.<\/p>\n<p>Facilitar el NIF en los comercios al realizar compras le permite acumular gastos deducibles (alquiler, sanidad, reparaciones&#8230;) y participar en el sorteo fiscal anual, en el que 3 personas ganan entre 25.000 y 50.000 \u20ac.<\/p>\n<blockquote><p>Si desea obtener su NIF portugu\u00e9s sin desplazarse, rellene el formulario a continuaci\u00f3n. Le pondr\u00e9 en contacto con una empresa angl\u00f3fona que realiza este tr\u00e1mite por poder: usted no tiene que ir a ninguna administraci\u00f3n. El precio es de 180 \u20ac e incluye el poder notarial, la constituci\u00f3n del expediente, la gesti\u00f3n de la cita, el desplazamiento f\u00edsico a la administraci\u00f3n y el env\u00edo del NIF por correo.<\/p><\/blockquote>\n<p style=\"text-align: center;\"><a class=\"maxbutton-3 maxbutton maxbutton-form\" href=\"#form\"><span class='mb-text'>CONTACTO<\/span><\/a><\/p>\n<h2>\u00bfCu\u00e1ndo obtener el NIF portugu\u00e9s?<\/h2>\n<p>El NIF es uno de los primeros tr\u00e1mites, pero existe una paradoja habitual:<\/p>\n<ul>\n<li>Para obtener el NIF, debe ser residente portugu\u00e9s<\/li>\n<li>Para ser residente, necesita una direcci\u00f3n en Portugal<\/li>\n<li>Para obtener una direcci\u00f3n (<a href=\"https:\/\/essencial-portugal.com\/es\/instalacion-lisboa-portugal\/compra-inmobiliaria-lisboa-portugal\/\" target=\"_blank\" rel=\"noopener noreferrer\">alquiler o compra de inmueble<\/a>), necesita un NIF<\/li>\n<\/ul>\n<p>El proceso se resuelve en varias etapas. Primero hay que acudir a la Loja do Cidad\u00e3o para obtener un certificado de residencia europea. Con ese certificado, se puede solicitar un NIF provisional en Finan\u00e7as, con el que es posible alquilar el primer alojamiento. Una vez obtenida la direcci\u00f3n, se regresa a la Loja do Cidad\u00e3o para el certificado de residencia definitivo y luego a Finan\u00e7as para el NIF permanente.<\/p>\n<p><img decoding=\"async\" class=\"size-full wp-image-41 aligncenter\" src=\"https:\/\/essencial-portugal.com\/es\/wp-content\/uploads\/2018\/03\/nif-portugal-financas.jpg\" alt=\"Finan\u00e7as Portugal: administraci\u00f3n tributaria donde se obtiene el NIF portugu\u00e9s\" width=\"860\" height=\"645\" srcset=\"https:\/\/essencial-portugal.com\/es\/wp-content\/uploads\/2018\/03\/nif-portugal-financas.jpg 860w, https:\/\/essencial-portugal.com\/es\/wp-content\/uploads\/2018\/03\/nif-portugal-financas-300x225.jpg 300w, https:\/\/essencial-portugal.com\/es\/wp-content\/uploads\/2018\/03\/nif-portugal-financas-768x576.jpg 768w\" sizes=\"(max-width: 860px) 100vw, 860px\" \/><\/p>\n<h2>El representante fiscal para el NIF<\/h2>\n<p>Para agilizar el tr\u00e1mite desde el extranjero, puede designar a un residente portugu\u00e9s como representante fiscal. Este actuar\u00e1 como intermediario ante las autoridades tributarias y estar\u00e1 obligado a remitirle toda la correspondencia fiscal.<\/p>\n<p>Documentos necesarios con representante fiscal:<\/p>\n<ul>\n<li>Pasaporte v\u00e1lido<\/li>\n<li>Nombramiento del representante fiscal<\/li>\n<li>Prueba de residencia en su pa\u00eds de origen (agua, gas, electricidad&#8230;) \u2014 solo se aceptan copias autenticadas<\/li>\n<\/ul>\n<h2 id=\"form\">Obtenga su NIF portugu\u00e9s a distancia<\/h2>\n<p>Rellene el formulario para ser contactado por una empresa angl\u00f3fona que realizar\u00e1 el tr\u00e1mite por poder. El precio es de <strong>180 \u20ac<\/strong> e incluye el poder notarial, la constituci\u00f3n del expediente, la cita, el desplazamiento a la administraci\u00f3n y el env\u00edo de su NIF por correo. No tiene que desplazarse.<\/p>\n<p style=\"text-align: center;\"><div class=\"wpforms-container wpforms-container-full\" id=\"wpforms-5170\"><form id=\"wpforms-form-5170\" class=\"wpforms-validate wpforms-form\" data-formid=\"5170\" method=\"post\" enctype=\"multipart\/form-data\" action=\"\/es\/wp-json\/wp\/v2\/pages\/77\" data-token=\"554dc0673feb94aaf3fcadf1f9f171e3\" data-token-time=\"1776850591\"><noscript class=\"wpforms-error-noscript\">Please enable JavaScript in your browser to complete this form.<\/noscript><div class=\"wpforms-field-container\"><div id=\"wpforms-5170-field_0-container\" class=\"wpforms-field wpforms-field-name\" data-field-id=\"0\"><label class=\"wpforms-field-label\" for=\"wpforms-5170-field_0\">Name <span class=\"wpforms-required-label\">*<\/span><\/label><div class=\"wpforms-field-row wpforms-field-medium\"><div class=\"wpforms-field-row-block wpforms-first wpforms-one-half\"><input type=\"text\" id=\"wpforms-5170-field_0\" class=\"wpforms-field-name-first wpforms-field-required\" name=\"wpforms[fields][0][first]\" required><label for=\"wpforms-5170-field_0\" class=\"wpforms-field-sublabel after wpforms-sublabel-hide\">First<\/label><\/div><div class=\"wpforms-field-row-block wpforms-one-half\"><input type=\"text\" id=\"wpforms-5170-field_0-last\" class=\"wpforms-field-name-last wpforms-field-required\" name=\"wpforms[fields][0][last]\" required><label for=\"wpforms-5170-field_0-last\" class=\"wpforms-field-sublabel after wpforms-sublabel-hide\">Last<\/label><\/div><\/div><\/div><div id=\"wpforms-5170-field_1-container\" class=\"wpforms-field wpforms-field-email\" data-field-id=\"1\"><label class=\"wpforms-field-label\" for=\"wpforms-5170-field_1\">E-mail <span class=\"wpforms-required-label\">*<\/span><\/label><input type=\"email\" id=\"wpforms-5170-field_1\" class=\"wpforms-field-medium wpforms-field-required\" name=\"wpforms[fields][1]\" spellcheck=\"false\" required><\/div><div id=\"wpforms-5170-field_4-container\" class=\"wpforms-field wpforms-field-text\" data-field-id=\"4\"><label class=\"wpforms-field-label\" for=\"wpforms-5170-field_4\">Phone <span class=\"wpforms-required-label\">*<\/span><\/label><input type=\"text\" id=\"wpforms-5170-field_4\" class=\"wpforms-field-medium wpforms-field-required\" name=\"wpforms[fields][4]\" required><\/div><div id=\"wpforms-5170-field_5-container\" class=\"wpforms-field wpforms-field-text\" data-field-id=\"5\"><label class=\"wpforms-field-label\" for=\"wpforms-5170-field_5\">Subject <span class=\"wpforms-required-label\">*<\/span><\/label><input type=\"text\" id=\"wpforms-5170-field_5\" class=\"wpforms-field-medium wpforms-field-required\" name=\"wpforms[fields][5]\" required><\/div><div id=\"wpforms-5170-field_2-container\" class=\"wpforms-field wpforms-field-textarea\" data-field-id=\"2\"><label class=\"wpforms-field-label\" for=\"wpforms-5170-field_2\">Your project \/ Your needs <span class=\"wpforms-required-label\">*<\/span><\/label><textarea id=\"wpforms-5170-field_2\" class=\"wpforms-field-medium wpforms-field-required\" name=\"wpforms[fields][2]\" required><\/textarea><\/div><\/div><!-- .wpforms-field-container --><div class=\"wpforms-field wpforms-field-hp\"><label for=\"wpforms-5170-field-hp\" class=\"wpforms-field-label\">Website<\/label><input type=\"text\" name=\"wpforms[hp]\" id=\"wpforms-5170-field-hp\" class=\"wpforms-field-medium\"><\/div><div class=\"wpforms-submit-container\" ><input type=\"hidden\" name=\"wpforms[id]\" value=\"5170\"><input type=\"hidden\" name=\"page_title\" value=\"\"><input type=\"hidden\" name=\"page_url\" value=\"https:\/\/essencial-portugal.com\/es\/wp-json\/wp\/v2\/pages\/77\"><input type=\"hidden\" name=\"url_referer\" value=\"\"><button type=\"submit\" name=\"wpforms[submit]\" id=\"wpforms-submit-5170\" class=\"wpforms-submit\" data-alt-text=\"Sending...\" data-submit-text=\"Send\" aria-live=\"assertive\" value=\"wpforms-submit\">Send<\/button><\/div><\/form><\/div>  <!-- .wpforms-container --><\/p>\n<blockquote><p>Al validar el formulario, autoriza a transmitir su solicitud a un profesional angl\u00f3fono que podr\u00e1 contactarle directamente. Se trata de un profesional con servicios de pago cuyo precio var\u00eda seg\u00fan el proyecto. Nada est\u00e1 automatizado: son personas que conozco, con sede en Lisboa y cualificadas para acompa\u00f1arle. Essencial Portugal conecta particulares y empresas con profesionales certificados y de confianza en Portugal. Solo estos profesionales certificados y homologados pueden informarle, ofrecerle y facturarle estos servicios.<\/p><\/blockquote>\n","protected":false},"excerpt":{"rendered":"<p>\u00bfPara qu\u00e9 sirve el NIF portugu\u00e9s? El N\u00famero de Identificaci\u00f3n Fiscal (NIF), tambi\u00e9n llamado &#8220;N\u00famero de Contribuinte&#8221;, es imprescindible para la gran mayor\u00eda de los tr\u00e1mites en Portugal: apertura de cuentas bancarias, transacciones financieras, alquiler de un apartamento, creaci\u00f3n de empresas y declaraci\u00f3n de impuestos. Facilitar el NIF en los comercios al realizar compras le [&hellip;]<\/p>\n","protected":false},"author":1,"featured_media":41,"parent":67,"menu_order":0,"comment_status":"closed","ping_status":"closed","template":"","meta":{"om_disable_all_campaigns":false,"_monsterinsights_skip_tracking":false,"_monsterinsights_sitenote_active":false,"_monsterinsights_sitenote_note":"","_monsterinsights_sitenote_category":0,"_uf_show_specific_survey":0,"_uf_disable_surveys":false,"site-sidebar-layout":"default","site-content-layout":"default","ast-site-content-layout":"default","site-content-style":"default","site-sidebar-style":"default","ast-global-header-display":"","ast-banner-title-visibility":"","ast-main-header-display":"","ast-hfb-above-header-display":"","ast-hfb-below-header-display":"","ast-hfb-mobile-header-display":"","site-post-title":"","ast-breadcrumbs-content":"","ast-featured-img":"","footer-sml-layout":"","ast-disable-related-posts":"","theme-transparent-header-meta":"default","adv-header-id-meta":"","stick-header-meta":"","header-above-stick-meta":"","header-main-stick-meta":"","header-below-stick-meta":"","astra-migrate-meta-layouts":"set","ast-page-background-enabled":"default","ast-page-background-meta":{"desktop":{"background-color":"","background-image":"","background-repeat":"repeat","background-position":"center center","background-size":"auto","background-attachment":"scroll","background-type":"","background-media":"","overlay-type":"","overlay-color":"","overlay-opacity":"","overlay-gradient":""},"tablet":{"background-color":"","background-image":"","background-repeat":"repeat","background-position":"center center","background-size":"auto","background-attachment":"scroll","background-type":"","background-media":"","overlay-type":"","overlay-color":"","overlay-opacity":"","overlay-gradient":""},"mobile":{"background-color":"","background-image":"","background-repeat":"repeat","background-position":"center center","background-size":"auto","background-attachment":"scroll","background-type":"","background-media":"","overlay-type":"","overlay-color":"","overlay-opacity":"","overlay-gradient":""}},"ast-content-background-meta":{"desktop":{"background-color":"var(--ast-global-color-5)","background-image":"","background-repeat":"repeat","background-position":"center center","background-size":"auto","background-attachment":"scroll","background-type":"","background-media":"","overlay-type":"","overlay-color":"","overlay-opacity":"","overlay-gradient":""},"tablet":{"background-color":"var(--ast-global-color-5)","background-image":"","background-repeat":"repeat","background-position":"center center","background-size":"auto","background-attachment":"scroll","background-type":"","background-media":"","overlay-type":"","overlay-color":"","overlay-opacity":"","overlay-gradient":""},"mobile":{"background-color":"var(--ast-global-color-5)","background-image":"","background-repeat":"repeat","background-position":"center center","background-size":"auto","background-attachment":"scroll","background-type":"","background-media":"","overlay-type":"","overlay-color":"","overlay-opacity":"","overlay-gradient":""}},"footnotes":""},"class_list":["post-77","page","type-page","status-publish","has-post-thumbnail","hentry"],"aioseo_notices":[],"_links":{"self":[{"href":"https:\/\/essencial-portugal.com\/es\/wp-json\/wp\/v2\/pages\/77","targetHints":{"allow":["GET"]}}],"collection":[{"href":"https:\/\/essencial-portugal.com\/es\/wp-json\/wp\/v2\/pages"}],"about":[{"href":"https:\/\/essencial-portugal.com\/es\/wp-json\/wp\/v2\/types\/page"}],"author":[{"embeddable":true,"href":"https:\/\/essencial-portugal.com\/es\/wp-json\/wp\/v2\/users\/1"}],"replies":[{"embeddable":true,"href":"https:\/\/essencial-portugal.com\/es\/wp-json\/wp\/v2\/comments?post=77"}],"version-history":[{"count":2,"href":"https:\/\/essencial-portugal.com\/es\/wp-json\/wp\/v2\/pages\/77\/revisions"}],"predecessor-version":[{"id":10275,"href":"https:\/\/essencial-portugal.com\/es\/wp-json\/wp\/v2\/pages\/77\/revisions\/10275"}],"up":[{"embeddable":true,"href":"https:\/\/essencial-portugal.com\/es\/wp-json\/wp\/v2\/pages\/67"}],"wp:featuredmedia":[{"embeddable":true,"href":"https:\/\/essencial-portugal.com\/es\/wp-json\/wp\/v2\/media\/41"}],"wp:attachment":[{"href":"https:\/\/essencial-portugal.com\/es\/wp-json\/wp\/v2\/media?parent=77"}],"curies":[{"name":"wp","href":"https:\/\/api.w.org\/{rel}","templated":true}]}}