{"id":79,"date":"2018-03-23T16:00:58","date_gmt":"2018-03-23T16:00:58","guid":{"rendered":"https:\/\/essencial-portugal.com\/fr\/?page_id=79"},"modified":"2023-03-02T07:47:13","modified_gmt":"2023-03-02T07:47:13","slug":"registro-certificado-europeo-portugal","status":"publish","type":"page","link":"https:\/\/essencial-portugal.com\/es\/instalacion-lisboa-portugal\/registro-certificado-europeo-portugal\/","title":{"rendered":"Certificado del Registro Europeo"},"content":{"rendered":"<p><img fetchpriority=\"high\" decoding=\"async\" class=\"aligncenter wp-image-16 size-full\" src=\"https:\/\/essencial-portugal.com\/es\/wp-content\/uploads\/2018\/03\/certificat-registre-residence-portugal.jpg\" alt=\"European Register Certificate portugal\" width=\"659\" height=\"450\" srcset=\"https:\/\/essencial-portugal.com\/es\/wp-content\/uploads\/2018\/03\/certificat-registre-residence-portugal.jpg 659w, https:\/\/essencial-portugal.com\/es\/wp-content\/uploads\/2018\/03\/certificat-registre-residence-portugal-300x205.jpg 300w\" sizes=\"(max-width: 659px) 100vw, 659px\" \/><\/p>\n<p>El certificado de residencia que necesitar\u00e1 para establecerse en Portugal depender\u00e1 del pa\u00eds del que llegue y de la duraci\u00f3n de su estancia. El certificado no es el mismo si eres residente de la Uni\u00f3n Europea o no y si decides residir en Portugal m\u00e1s o menos de 3 meses. Si eres residente en la UE y s\u00f3lo quieres venir a Portugal durante 3 meses, s\u00f3lo necesitas un documento de identidad v\u00e1lido y no es necesario ning\u00fan tr\u00e1mite administrativo especial. Nos centraremos aqu\u00ed en el caso de los angl\u00f3fonos que desean venir a vivir permanentemente en Portugal, en Lisboa o en otro lugar.<\/p>\n<blockquote><p>Si desea ser acompa\u00f1ado en su expatriaci\u00f3n a Portugal, utilice el bot\u00f3n de abajo y rellene el formulario dedicado. En funci\u00f3n de su solicitud, la transferir\u00e9 a profesionales angl\u00f3fonos en el pa\u00eds que podr\u00e1n ayudarle en muchas etapas: expatriaci\u00f3n global, compra de inmuebles, matriculaci\u00f3n de veh\u00edculos, renovaci\u00f3n, creaci\u00f3n de empresas&#8230;<\/p><\/blockquote>\n<p style=\"text-align: center;\"><a class=\"maxbutton-3 maxbutton maxbutton-form\" href=\"#form\"><span class='mb-text'>CONTACT<\/span><\/a><\/p>\n<h2>Obtener un certificado de registro europeo<\/h2>\n<p>Este certificado de residencia portugu\u00e9s ser\u00e1 esencial para usted ya que, como se indica en los tr\u00e1mites para obtener su <a href=\"https:\/\/essencial-portugal.com\/es\/instalacion-lisboa-portugal\/numero-identificacion-fiscal-portugal\/\" target=\"_blank\" rel=\"noopener noreferrer\">N\u00famero de Identificaci\u00f3n Fiscal en Portugal<\/a> (necesario para muchos tr\u00e1mites como alquilar o <a href=\"https:\/\/essencial-portugal.com\/es\/instalacion-lisboa-portugal\/compra-inmobiliaria-lisboa-portugal\/\" target=\"_blank\" rel=\"noopener noreferrer\">comprar un inmueble<\/a>), tendr\u00e1 que presentar su certificado de residencia a las Finan\u00e7as. Tambi\u00e9n se denomina Certificado de Registro Europeo y le permitir\u00e1 realizar sus primeros tr\u00e1mites.<\/p>\n<p>Para un ciudadano europeo, el certificado de registro debe obtenerse primero en la C\u00e2mara Municipal (Prefectura) o en una Loja de Cidado. Estos son lugares donde es posible realizar muchos tr\u00e1mites administrativos portugueses. Tenga en cuenta que para obtener este certificado debe tener una direcci\u00f3n en Portugal: por tanto, deber\u00e1 obtener un NIF temporal antes de volver a las Finan\u00e7as con el certificado de registro europeo para convertirlo en un NIF definitivo.<\/p>\n<p>Los documentos necesarios para obtener el Certificado de Residencia Europeo son :<\/p>\n<ul>\n<li>Un documento de identidad o pasaporte v\u00e1lido<\/li>\n<li>Una declaraci\u00f3n sobre el honor de la disposici\u00f3n de una actividad profesional en Portugal &#8230; O<\/li>\n<li>Una declaraci\u00f3n jurada de que dispone de recursos suficientes para mantener a su familia, as\u00ed como de un <a href=\"https:\/\/essencial-portugal.com\/es\/noticias-portugal\/seguros-salud-portugal-como-elegir\/\" target=\"_blank\" rel=\"noopener\">seguro de enfermedad en Portugal<\/a>.<\/li>\n<\/ul>\n<p>El certificado de registro tiene una validez de 5 a\u00f1os y deber\u00e1 modificarse si cambia de distrito. Algunas autoridades pueden pedirle una copia de su contrato de alquiler, por ejemplo, para verificar su direcci\u00f3n. Tendr\u00e1 que pagar a la Loja de Cidadao 15 euros por adulto y 7,5 euros por ni\u00f1o menor de 6 a\u00f1os para obtener el Certificado de Registro Europeo.<\/p>\n<p><img decoding=\"async\" class=\"aligncenter wp-image-26 size-full\" src=\"https:\/\/essencial-portugal.com\/es\/wp-content\/uploads\/2018\/03\/demarche-administratives-portugal-loja-cidado.jpg\" alt=\"Loja de cidado Portugal\" width=\"922\" height=\"614\" srcset=\"https:\/\/essencial-portugal.com\/es\/wp-content\/uploads\/2018\/03\/demarche-administratives-portugal-loja-cidado.jpg 922w, https:\/\/essencial-portugal.com\/es\/wp-content\/uploads\/2018\/03\/demarche-administratives-portugal-loja-cidado-300x200.jpg 300w, https:\/\/essencial-portugal.com\/es\/wp-content\/uploads\/2018\/03\/demarche-administratives-portugal-loja-cidado-768x511.jpg 768w\" sizes=\"(max-width: 922px) 100vw, 922px\" \/><\/p>\n<div><\/div>\n<h2 id=\"form\">Conf\u00edenos sus tr\u00e1mites administrativos<\/h2>\n<p>Obtener este certificado, as\u00ed como realizar otros tr\u00e1mites administrativos en Portugal, puede ser dif\u00edcil si no domina el idioma o si no tiene tiempo o ganas. Le propongo ponerle en contacto con profesionales angl\u00f3fonos residentes en Portugal:<\/p>\n<blockquote><p>Cuando se ponga en contacto, indique los servicios que necesita.<\/p><\/blockquote>\n<p style=\"text-align: center;\"><div class=\"wpforms-container wpforms-container-full\" id=\"wpforms-5170\"><form id=\"wpforms-form-5170\" class=\"wpforms-validate wpforms-form\" data-formid=\"5170\" method=\"post\" enctype=\"multipart\/form-data\" action=\"\/es\/wp-json\/wp\/v2\/pages\/79\" data-token=\"25259f54247a0e9ad3de81acffab6a5c\" data-token-time=\"1776662693\"><noscript class=\"wpforms-error-noscript\">Please enable JavaScript in your browser to complete this form.<\/noscript><div class=\"wpforms-field-container\"><div id=\"wpforms-5170-field_0-container\" class=\"wpforms-field wpforms-field-name\" data-field-id=\"0\"><label class=\"wpforms-field-label\" for=\"wpforms-5170-field_0\">Name <span class=\"wpforms-required-label\">*<\/span><\/label><div class=\"wpforms-field-row wpforms-field-medium\"><div class=\"wpforms-field-row-block wpforms-first wpforms-one-half\"><input type=\"text\" id=\"wpforms-5170-field_0\" class=\"wpforms-field-name-first wpforms-field-required\" name=\"wpforms[fields][0][first]\" required><label for=\"wpforms-5170-field_0\" class=\"wpforms-field-sublabel after wpforms-sublabel-hide\">First<\/label><\/div><div class=\"wpforms-field-row-block wpforms-one-half\"><input type=\"text\" id=\"wpforms-5170-field_0-last\" class=\"wpforms-field-name-last wpforms-field-required\" name=\"wpforms[fields][0][last]\" required><label for=\"wpforms-5170-field_0-last\" class=\"wpforms-field-sublabel after wpforms-sublabel-hide\">Last<\/label><\/div><\/div><\/div><div id=\"wpforms-5170-field_1-container\" class=\"wpforms-field wpforms-field-email\" data-field-id=\"1\"><label class=\"wpforms-field-label\" for=\"wpforms-5170-field_1\">E-mail <span class=\"wpforms-required-label\">*<\/span><\/label><input type=\"email\" id=\"wpforms-5170-field_1\" class=\"wpforms-field-medium wpforms-field-required\" name=\"wpforms[fields][1]\" spellcheck=\"false\" required><\/div><div id=\"wpforms-5170-field_4-container\" class=\"wpforms-field wpforms-field-text\" data-field-id=\"4\"><label class=\"wpforms-field-label\" for=\"wpforms-5170-field_4\">Phone <span class=\"wpforms-required-label\">*<\/span><\/label><input type=\"text\" id=\"wpforms-5170-field_4\" class=\"wpforms-field-medium wpforms-field-required\" name=\"wpforms[fields][4]\" required><\/div><div id=\"wpforms-5170-field_5-container\" class=\"wpforms-field wpforms-field-text\" data-field-id=\"5\"><label class=\"wpforms-field-label\" for=\"wpforms-5170-field_5\">Subject <span class=\"wpforms-required-label\">*<\/span><\/label><input type=\"text\" id=\"wpforms-5170-field_5\" class=\"wpforms-field-medium wpforms-field-required\" name=\"wpforms[fields][5]\" required><\/div><div id=\"wpforms-5170-field_2-container\" class=\"wpforms-field wpforms-field-textarea\" data-field-id=\"2\"><label class=\"wpforms-field-label\" for=\"wpforms-5170-field_2\">Your project \/ Your needs <span class=\"wpforms-required-label\">*<\/span><\/label><textarea id=\"wpforms-5170-field_2\" class=\"wpforms-field-medium wpforms-field-required\" name=\"wpforms[fields][2]\" required><\/textarea><\/div><\/div><!-- .wpforms-field-container --><div class=\"wpforms-field wpforms-field-hp\"><label for=\"wpforms-5170-field-hp\" class=\"wpforms-field-label\">Message<\/label><input type=\"text\" name=\"wpforms[hp]\" id=\"wpforms-5170-field-hp\" class=\"wpforms-field-medium\"><\/div><div class=\"wpforms-submit-container\" ><input type=\"hidden\" name=\"wpforms[id]\" value=\"5170\"><input type=\"hidden\" name=\"page_title\" value=\"\"><input type=\"hidden\" name=\"page_url\" value=\"https:\/\/essencial-portugal.com\/es\/wp-json\/wp\/v2\/pages\/79\"><input type=\"hidden\" name=\"url_referer\" value=\"\"><button type=\"submit\" name=\"wpforms[submit]\" id=\"wpforms-submit-5170\" class=\"wpforms-submit\" data-alt-text=\"Sending...\" data-submit-text=\"Send\" aria-live=\"assertive\" value=\"wpforms-submit\">Send<\/button><\/div><\/form><\/div>  <!-- .wpforms-container --><\/p>\n<blockquote><p>Al validar el formulario de contacto, me autoriza a transmitir su solicitud a profesionales de habla inglesa que podr\u00e1n ponerse en contacto con usted directamente. Nada est\u00e1 automatizado: son personas que conozco, con sede en Lisboa y que est\u00e1n cualificadas para acompa\u00f1arle en su planteamiento &amp; su proyecto.<\/p><\/blockquote>\n","protected":false},"excerpt":{"rendered":"<p>El certificado de residencia que necesitar\u00e1 para establecerse en Portugal depender\u00e1 del pa\u00eds del que llegue y de la duraci\u00f3n de su estancia. El certificado no es el mismo si eres residente de la Uni\u00f3n Europea o no y si decides residir en Portugal m\u00e1s o menos de 3 meses. Si eres residente en la [&hellip;]<\/p>\n","protected":false},"author":1,"featured_media":16,"parent":67,"menu_order":0,"comment_status":"closed","ping_status":"closed","template":"","meta":{"om_disable_all_campaigns":false,"_monsterinsights_skip_tracking":false,"_monsterinsights_sitenote_active":false,"_monsterinsights_sitenote_note":"","_monsterinsights_sitenote_category":0,"_uf_show_specific_survey":0,"_uf_disable_surveys":false,"site-sidebar-layout":"default","site-content-layout":"default","ast-site-content-layout":"default","site-content-style":"default","site-sidebar-style":"default","ast-global-header-display":"","ast-banner-title-visibility":"","ast-main-header-display":"","ast-hfb-above-header-display":"","ast-hfb-below-header-display":"","ast-hfb-mobile-header-display":"","site-post-title":"","ast-breadcrumbs-content":"","ast-featured-img":"","footer-sml-layout":"","ast-disable-related-posts":"","theme-transparent-header-meta":"default","adv-header-id-meta":"","stick-header-meta":"","header-above-stick-meta":"","header-main-stick-meta":"","header-below-stick-meta":"","astra-migrate-meta-layouts":"default","ast-page-background-enabled":"default","ast-page-background-meta":{"desktop":{"background-color":"","background-image":"","background-repeat":"repeat","background-position":"center center","background-size":"auto","background-attachment":"scroll","background-type":"","background-media":"","overlay-type":"","overlay-color":"","overlay-opacity":"","overlay-gradient":""},"tablet":{"background-color":"","background-image":"","background-repeat":"repeat","background-position":"center center","background-size":"auto","background-attachment":"scroll","background-type":"","background-media":"","overlay-type":"","overlay-color":"","overlay-opacity":"","overlay-gradient":""},"mobile":{"background-color":"","background-image":"","background-repeat":"repeat","background-position":"center center","background-size":"auto","background-attachment":"scroll","background-type":"","background-media":"","overlay-type":"","overlay-color":"","overlay-opacity":"","overlay-gradient":""}},"ast-content-background-meta":{"desktop":{"background-color":"var(--ast-global-color-5)","background-image":"","background-repeat":"repeat","background-position":"center center","background-size":"auto","background-attachment":"scroll","background-type":"","background-media":"","overlay-type":"","overlay-color":"","overlay-opacity":"","overlay-gradient":""},"tablet":{"background-color":"var(--ast-global-color-5)","background-image":"","background-repeat":"repeat","background-position":"center center","background-size":"auto","background-attachment":"scroll","background-type":"","background-media":"","overlay-type":"","overlay-color":"","overlay-opacity":"","overlay-gradient":""},"mobile":{"background-color":"var(--ast-global-color-5)","background-image":"","background-repeat":"repeat","background-position":"center center","background-size":"auto","background-attachment":"scroll","background-type":"","background-media":"","overlay-type":"","overlay-color":"","overlay-opacity":"","overlay-gradient":""}},"footnotes":""},"class_list":["post-79","page","type-page","status-publish","has-post-thumbnail","hentry"],"aioseo_notices":[],"_links":{"self":[{"href":"https:\/\/essencial-portugal.com\/es\/wp-json\/wp\/v2\/pages\/79","targetHints":{"allow":["GET"]}}],"collection":[{"href":"https:\/\/essencial-portugal.com\/es\/wp-json\/wp\/v2\/pages"}],"about":[{"href":"https:\/\/essencial-portugal.com\/es\/wp-json\/wp\/v2\/types\/page"}],"author":[{"embeddable":true,"href":"https:\/\/essencial-portugal.com\/es\/wp-json\/wp\/v2\/users\/1"}],"replies":[{"embeddable":true,"href":"https:\/\/essencial-portugal.com\/es\/wp-json\/wp\/v2\/comments?post=79"}],"version-history":[{"count":0,"href":"https:\/\/essencial-portugal.com\/es\/wp-json\/wp\/v2\/pages\/79\/revisions"}],"up":[{"embeddable":true,"href":"https:\/\/essencial-portugal.com\/es\/wp-json\/wp\/v2\/pages\/67"}],"wp:featuredmedia":[{"embeddable":true,"href":"https:\/\/essencial-portugal.com\/es\/wp-json\/wp\/v2\/media\/16"}],"wp:attachment":[{"href":"https:\/\/essencial-portugal.com\/es\/wp-json\/wp\/v2\/media?parent=79"}],"curies":[{"name":"wp","href":"https:\/\/api.w.org\/{rel}","templated":true}]}}