{"id":83,"date":"2018-03-23T16:07:16","date_gmt":"2018-03-23T16:07:16","guid":{"rendered":"https:\/\/essencial-portugal.com\/fr\/?page_id=83"},"modified":"2026-03-16T12:31:30","modified_gmt":"2026-03-16T12:31:30","slug":"portugal-telefonia-internet-contrato","status":"publish","type":"page","link":"https:\/\/essencial-portugal.com\/es\/instalacion-lisboa-portugal\/portugal-telefonia-internet-contrato\/","title":{"rendered":"Contrato portugu\u00e9s de telefon\u00eda e internet"},"content":{"rendered":"<p><img fetchpriority=\"high\" decoding=\"async\" class=\"aligncenter wp-image-46 size-full\" src=\"https:\/\/essencial-portugal.com\/es\/wp-content\/uploads\/2018\/03\/ouvrir-contrat-telephone-internet-portugal.png\" alt=\"Contratar internet y telefon\u00eda en Portugal: Vodafone, NOS y MEO con fibra \u00f3ptica\" width=\"696\" height=\"496\" srcset=\"https:\/\/essencial-portugal.com\/es\/wp-content\/uploads\/2018\/03\/ouvrir-contrat-telephone-internet-portugal.png 696w, https:\/\/essencial-portugal.com\/es\/wp-content\/uploads\/2018\/03\/ouvrir-contrat-telephone-internet-portugal-300x214.png 300w\" sizes=\"(max-width: 696px) 100vw, 696px\" \/><\/p>\n<p>En Portugal hay varios proveedores de internet (ADSL o fibra), telefon\u00eda m\u00f3vil y fija. Los m\u00e1s conocidos son Vodafone, NOS y MEO. Sus ofertas combinadas parten desde 30 \u20ac e incluyen habitualmente:<\/p>\n<ul>\n<li>Internet ilimitado<\/li>\n<li>Canales de TV (incluidos canales extranjeros)<\/li>\n<li>Llamadas fijas ilimitadas en Portugal y\/o al extranjero<\/li>\n<li>Acceso ilimitado a internet en el m\u00f3vil<\/li>\n<\/ul>\n<p>Como en otros pa\u00edses europeos, los contratos tienen una duraci\u00f3n de 12 o 24 meses. Al suscribirse, puede obtener importantes descuentos o pago a plazos en tel\u00e9fonos de \u00faltima generaci\u00f3n. Se recomienda visitar las tres principales operadoras para comparar ofertas.<\/p>\n<p><img decoding=\"async\" class=\"aligncenter wp-image-44 size-full\" src=\"https:\/\/essencial-portugal.com\/es\/wp-content\/uploads\/2018\/03\/offre-contrat-telephonie-nos-huawei.jpg\" alt=\"Oferta de contrato de telefon\u00eda NOS Portugal: internet, TV y m\u00f3vil en un mismo paquete\" width=\"1024\" height=\"576\" srcset=\"https:\/\/essencial-portugal.com\/es\/wp-content\/uploads\/2018\/03\/offre-contrat-telephonie-nos-huawei.jpg 1024w, https:\/\/essencial-portugal.com\/es\/wp-content\/uploads\/2018\/03\/offre-contrat-telephonie-nos-huawei-300x169.jpg 300w, https:\/\/essencial-portugal.com\/es\/wp-content\/uploads\/2018\/03\/offre-contrat-telephonie-nos-huawei-768x432.jpg 768w\" sizes=\"(max-width: 1024px) 100vw, 1024px\" \/><\/p>\n<h2>Internet en Portugal: conexi\u00f3n y contrato<\/h2>\n<p>La conexi\u00f3n a internet en Portugal es muy r\u00e1pida en las grandes ciudades y en muchas m\u00e1s peque\u00f1as. La mayor\u00eda de los hogares disponen de instalaci\u00f3n para fibra \u00f3ptica. Antes de contratar en una nueva direcci\u00f3n, es recomendable solicitar en la tienda una verificaci\u00f3n previa de las instalaciones disponibles.<\/p>\n<p>Para suscribir una oferta de internet o telefon\u00eda, deber\u00e1 presentar en cualquiera de las tiendas de las operadoras:<\/p>\n<ul>\n<li>Documento de identidad o pasaporte<\/li>\n<li>Justificante de domicilio<\/li>\n<li>Extracto bancario para la domiciliaci\u00f3n (no obligatorio)<\/li>\n<li><a href=\"https:\/\/essencial-portugal.com\/es\/instalacion-lisboa-portugal\/numero-identificacion-fiscal-portugal\/\" target=\"_blank\" rel=\"noopener noreferrer\">NIF (n\u00famero de contribuyente)<\/a><\/li>\n<\/ul>\n<p>Si prefiere no domiciliar el pago, puede abonar sus facturas directamente desde los cajeros autom\u00e1ticos Multibanco. La puesta en servicio es r\u00e1pida y puede requerir la visita de t\u00e9cnicos para instalar la l\u00ednea. En caso de contrato a nombre de una <a href=\"https:\/\/essencial-portugal.com\/es\/empresa-portugal\/\" target=\"_blank\" rel=\"noopener noreferrer\">empresa portuguesa<\/a>, es posible solicitar el reembolso de esta intervenci\u00f3n (entre 100 y 150 \u20ac).<\/p>\n<p><img decoding=\"async\" class=\"aligncenter wp-image-20 size-full\" src=\"https:\/\/essencial-portugal.com\/es\/wp-content\/uploads\/2018\/03\/contra-telephone-internet-portugal-nos.jpg\" alt=\"Tienda NOS internet y telefon\u00eda Portugal: contrataci\u00f3n de fibra \u00f3ptica y m\u00f3vil\" width=\"624\" height=\"350\" srcset=\"https:\/\/essencial-portugal.com\/es\/wp-content\/uploads\/2018\/03\/contra-telephone-internet-portugal-nos.jpg 624w, https:\/\/essencial-portugal.com\/es\/wp-content\/uploads\/2018\/03\/contra-telephone-internet-portugal-nos-300x168.jpg 300w\" sizes=\"(max-width: 624px) 100vw, 624px\" \/><\/p>\n","protected":false},"excerpt":{"rendered":"<p>En Portugal hay varios proveedores de internet (ADSL o fibra), telefon\u00eda m\u00f3vil y fija. Los m\u00e1s conocidos son Vodafone, NOS y MEO. Sus ofertas combinadas parten desde 30 \u20ac e incluyen habitualmente: Internet ilimitado Canales de TV (incluidos canales extranjeros) Llamadas fijas ilimitadas en Portugal y\/o al extranjero Acceso ilimitado a internet en el m\u00f3vil [&hellip;]<\/p>\n","protected":false},"author":1,"featured_media":46,"parent":67,"menu_order":0,"comment_status":"closed","ping_status":"closed","template":"","meta":{"om_disable_all_campaigns":false,"_monsterinsights_skip_tracking":false,"_monsterinsights_sitenote_active":false,"_monsterinsights_sitenote_note":"","_monsterinsights_sitenote_category":0,"_uf_show_specific_survey":0,"_uf_disable_surveys":false,"site-sidebar-layout":"default","site-content-layout":"default","ast-site-content-layout":"default","site-content-style":"default","site-sidebar-style":"default","ast-global-header-display":"","ast-banner-title-visibility":"","ast-main-header-display":"","ast-hfb-above-header-display":"","ast-hfb-below-header-display":"","ast-hfb-mobile-header-display":"","site-post-title":"","ast-breadcrumbs-content":"","ast-featured-img":"","footer-sml-layout":"","ast-disable-related-posts":"","theme-transparent-header-meta":"default","adv-header-id-meta":"","stick-header-meta":"","header-above-stick-meta":"","header-main-stick-meta":"","header-below-stick-meta":"","astra-migrate-meta-layouts":"set","ast-page-background-enabled":"default","ast-page-background-meta":{"desktop":{"background-color":"","background-image":"","background-repeat":"repeat","background-position":"center center","background-size":"auto","background-attachment":"scroll","background-type":"","background-media":"","overlay-type":"","overlay-color":"","overlay-opacity":"","overlay-gradient":""},"tablet":{"background-color":"","background-image":"","background-repeat":"repeat","background-position":"center center","background-size":"auto","background-attachment":"scroll","background-type":"","background-media":"","overlay-type":"","overlay-color":"","overlay-opacity":"","overlay-gradient":""},"mobile":{"background-color":"","background-image":"","background-repeat":"repeat","background-position":"center center","background-size":"auto","background-attachment":"scroll","background-type":"","background-media":"","overlay-type":"","overlay-color":"","overlay-opacity":"","overlay-gradient":""}},"ast-content-background-meta":{"desktop":{"background-color":"var(--ast-global-color-5)","background-image":"","background-repeat":"repeat","background-position":"center center","background-size":"auto","background-attachment":"scroll","background-type":"","background-media":"","overlay-type":"","overlay-color":"","overlay-opacity":"","overlay-gradient":""},"tablet":{"background-color":"var(--ast-global-color-5)","background-image":"","background-repeat":"repeat","background-position":"center center","background-size":"auto","background-attachment":"scroll","background-type":"","background-media":"","overlay-type":"","overlay-color":"","overlay-opacity":"","overlay-gradient":""},"mobile":{"background-color":"var(--ast-global-color-5)","background-image":"","background-repeat":"repeat","background-position":"center center","background-size":"auto","background-attachment":"scroll","background-type":"","background-media":"","overlay-type":"","overlay-color":"","overlay-opacity":"","overlay-gradient":""}},"footnotes":""},"class_list":["post-83","page","type-page","status-publish","has-post-thumbnail","hentry"],"aioseo_notices":[],"_links":{"self":[{"href":"https:\/\/essencial-portugal.com\/es\/wp-json\/wp\/v2\/pages\/83","targetHints":{"allow":["GET"]}}],"collection":[{"href":"https:\/\/essencial-portugal.com\/es\/wp-json\/wp\/v2\/pages"}],"about":[{"href":"https:\/\/essencial-portugal.com\/es\/wp-json\/wp\/v2\/types\/page"}],"author":[{"embeddable":true,"href":"https:\/\/essencial-portugal.com\/es\/wp-json\/wp\/v2\/users\/1"}],"replies":[{"embeddable":true,"href":"https:\/\/essencial-portugal.com\/es\/wp-json\/wp\/v2\/comments?post=83"}],"version-history":[{"count":1,"href":"https:\/\/essencial-portugal.com\/es\/wp-json\/wp\/v2\/pages\/83\/revisions"}],"predecessor-version":[{"id":10267,"href":"https:\/\/essencial-portugal.com\/es\/wp-json\/wp\/v2\/pages\/83\/revisions\/10267"}],"up":[{"embeddable":true,"href":"https:\/\/essencial-portugal.com\/es\/wp-json\/wp\/v2\/pages\/67"}],"wp:featuredmedia":[{"embeddable":true,"href":"https:\/\/essencial-portugal.com\/es\/wp-json\/wp\/v2\/media\/46"}],"wp:attachment":[{"href":"https:\/\/essencial-portugal.com\/es\/wp-json\/wp\/v2\/media?parent=83"}],"curies":[{"name":"wp","href":"https:\/\/api.w.org\/{rel}","templated":true}]}}