{"id":88,"date":"2018-03-23T16:24:28","date_gmt":"2018-03-23T16:24:28","guid":{"rendered":"https:\/\/essencial-portugal.com\/fr\/?page_id=88"},"modified":"2026-03-16T12:17:22","modified_gmt":"2026-03-16T12:17:22","slug":"seguro-coche-portugal","status":"publish","type":"page","link":"https:\/\/essencial-portugal.com\/es\/seguros-portugal\/seguro-coche-portugal\/","title":{"rendered":"Seguro de coche en Portugal"},"content":{"rendered":"<p>Todo veh\u00edculo en circulaci\u00f3n debe estar asegurado en Portugal, como en el resto de Europa. El mercado ofrece cerca de 70 aseguradoras diferentes, lo que no facilita la elecci\u00f3n, especialmente si no domina el portugu\u00e9s.<\/p>\n<p><img fetchpriority=\"high\" decoding=\"async\" class=\"aligncenter wp-image-3918 size-full\" src=\"https:\/\/essencial-portugal.com\/es\/wp-content\/uploads\/2019\/06\/assurance-voiture-portugal.jpg\" alt=\"Seguro de coche en Portugal: c\u00f3mo elegir entre 70 aseguradoras con un corredor angl\u00f3fono\" width=\"1740\" height=\"1000\" srcset=\"https:\/\/essencial-portugal.com\/es\/wp-content\/uploads\/2019\/06\/assurance-voiture-portugal.jpg 1740w, https:\/\/essencial-portugal.com\/es\/wp-content\/uploads\/2019\/06\/assurance-voiture-portugal-300x172.jpg 300w, https:\/\/essencial-portugal.com\/es\/wp-content\/uploads\/2019\/06\/assurance-voiture-portugal-768x441.jpg 768w, https:\/\/essencial-portugal.com\/es\/wp-content\/uploads\/2019\/06\/assurance-voiture-portugal-1024x589.jpg 1024w\" sizes=\"(max-width: 1740px) 100vw, 1740px\" \/><\/p>\n<h2>Corredor de seguros de coche angl\u00f3fono en Portugal<\/h2>\n<p>Si no quiere ocuparse usted mismo de comparar las distintas ofertas, puede utilizar el bot\u00f3n a continuaci\u00f3n para ser puesto en contacto con un corredor de seguros angl\u00f3fono con sede en Lisboa. \u00c9l comparar\u00e1 las principales compa\u00f1\u00edas y encontrar\u00e1 el seguro m\u00e1s adecuado a su situaci\u00f3n, actuando como su intermediario de habla inglesa durante toda la duraci\u00f3n del contrato.<\/p>\n<p style=\"text-align: center;\"><a class=\"maxbutton-3 maxbutton maxbutton-form\" href=\"#form\"><span class='mb-text'>CONTACTO<\/span><\/a><\/p>\n<h2>Seguro de coche en Portugal<\/h2>\n<p><img decoding=\"async\" class=\"aligncenter wp-image-13 size-full\" src=\"https:\/\/essencial-portugal.com\/es\/wp-content\/uploads\/2018\/03\/assurance-voiture-portugal.jpg\" alt=\"Seguro de coche Portugal: responsabilidad civil obligatoria y cobertura a todo riesgo\" width=\"348\" height=\"344\" srcset=\"https:\/\/essencial-portugal.com\/es\/wp-content\/uploads\/2018\/03\/assurance-voiture-portugal.jpg 348w, https:\/\/essencial-portugal.com\/es\/wp-content\/uploads\/2018\/03\/assurance-voiture-portugal-300x297.jpg 300w\" sizes=\"(max-width: 348px) 100vw, 348px\" \/><\/p>\n<h3>Asegurar un coche matriculado en Europa<\/h3>\n<ul>\n<li>La cobertura es v\u00e1lida durante 60 d\u00edas, transcurridos los cuales deja de ser v\u00e1lida si no se ha cambiado a matr\u00edcula portuguesa<\/li>\n<li>El proceso de cambio de matr\u00edcula es largo y costoso<\/li>\n<li>Comprar un veh\u00edculo directamente en Portugal suele ser m\u00e1s sencillo<\/li>\n<li>Es posible transferir su bonificaci\u00f3n al seguro portugu\u00e9s (solo para veh\u00edculos de la UE): no todas las aseguradoras portuguesas reconocen el historial extranjero<\/li>\n<li>Puede conservar su seguro si su aseguradora tiene agencia en Portugal o est\u00e1 autorizada a operar aqu\u00ed<\/li>\n<\/ul>\n<h3>Asegurar un coche matriculado en Portugal<\/h3>\n<ul>\n<li>Tr\u00e1mite sencillo, similar al de otros pa\u00edses europeos: seguro a terceros o a todo riesgo<\/li>\n<li>La cobertura contra disturbios y fen\u00f3menos meteorol\u00f3gicos es opcional<\/li>\n<li>Posibles descuentos seg\u00fan la ciudad y el perfil del conductor<\/li>\n<li>Algunas aseguradoras no exigen franquicia por rotura de lunas<\/li>\n<\/ul>\n<p>Conducir sin seguro de responsabilidad civil en Portugal es ilegal. Las multas oscilan entre 500 y 2.500 \u20ac, con riesgo de embargo del veh\u00edculo. En caso de accidente sin seguro, puede ser considerado responsable de todos los da\u00f1os causados.<\/p>\n<h2>C\u00f3mo elegir su seguro de coche en Portugal<\/h2>\n<p><img decoding=\"async\" class=\"aligncenter wp-image-10 size-full\" src=\"https:\/\/essencial-portugal.com\/es\/wp-content\/uploads\/2018\/03\/assurance-habitation-voiture-portugal-lisbonne.jpg\" alt=\"Aseguradoras de coches en Portugal: comparativa de precios y coberturas\" width=\"1280\" height=\"720\" srcset=\"https:\/\/essencial-portugal.com\/es\/wp-content\/uploads\/2018\/03\/assurance-habitation-voiture-portugal-lisbonne.jpg 1280w, https:\/\/essencial-portugal.com\/es\/wp-content\/uploads\/2018\/03\/assurance-habitation-voiture-portugal-lisbonne-300x169.jpg 300w, https:\/\/essencial-portugal.com\/es\/wp-content\/uploads\/2018\/03\/assurance-habitation-voiture-portugal-lisbonne-768x432.jpg 768w, https:\/\/essencial-portugal.com\/es\/wp-content\/uploads\/2018\/03\/assurance-habitation-voiture-portugal-lisbonne-1024x576.jpg 1024w\" sizes=\"(max-width: 1280px) 100vw, 1280px\" \/><\/p>\n<h3>Haga simulaciones<\/h3>\n<p>Antes de contratar, realice varias simulaciones en internet para conocer el rango de precios del mercado. Los simuladores portugueses solicitan los datos del veh\u00edculo y del conductor. Si no domina el idioma, un corredor angl\u00f3fono puede hacer este trabajo por usted.<\/p>\n<h3>Elija bien su cobertura<\/h3>\n<p>Un seguro a todo riesgo suele ser m\u00e1s rentable para veh\u00edculos de menos de 10 a\u00f1os. Agrupar todos los veh\u00edculos del hogar con la misma aseguradora puede generar descuentos significativos, al igual que combinar varias p\u00f3lizas (vida, hogar, coche). Preste siempre atenci\u00f3n a los l\u00edmites de cobertura: un servicio que cree cubierto puede resultar caro si no lo est\u00e1.<\/p>\n<h3>Cuide su bonificaci\u00f3n<\/h3>\n<p>Los conductores sin siniestros acumulan bonificaciones que pueden llegar al 50%. Algunos siniestros \u2014como la rotura de lunas\u2014 no penalizan la bonificaci\u00f3n seg\u00fan la aseguradora. Inf\u00f3rmese de estas condiciones antes de contratar.<\/p>\n<h3>Consulte las valoraciones de las aseguradoras<\/h3>\n<p>Busque informaci\u00f3n sobre su aseguradora en foros y comparadores: los plazos medios de gesti\u00f3n de siniestros son un indicador clave de la calidad del servicio.<\/p>\n<h2>Seguro de coche a todo riesgo en Portugal<\/h2>\n<p><img loading=\"lazy\" decoding=\"async\" class=\"aligncenter wp-image-3912 size-full\" src=\"https:\/\/essencial-portugal.com\/es\/wp-content\/uploads\/2019\/06\/assurance-auto-tous-risques-portugal.jpg\" alt=\"Seguro a todo riesgo en Portugal: coberturas, precio y diferencias con el seguro a terceros\" width=\"1140\" height=\"623\" srcset=\"https:\/\/essencial-portugal.com\/es\/wp-content\/uploads\/2019\/06\/assurance-auto-tous-risques-portugal.jpg 1140w, https:\/\/essencial-portugal.com\/es\/wp-content\/uploads\/2019\/06\/assurance-auto-tous-risques-portugal-300x164.jpg 300w, https:\/\/essencial-portugal.com\/es\/wp-content\/uploads\/2019\/06\/assurance-auto-tous-risques-portugal-768x420.jpg 768w, https:\/\/essencial-portugal.com\/es\/wp-content\/uploads\/2019\/06\/assurance-auto-tous-risques-portugal-1024x560.jpg 1024w\" sizes=\"(max-width: 1140px) 100vw, 1140px\" \/><\/p>\n<p>El seguro a todo riesgo ofrece una cobertura m\u00e1s amplia que la responsabilidad civil obligatoria y puede cubrir los da\u00f1os propios aunque el asegurado sea responsable del accidente.<\/p>\n<h3>Coberturas habituales del seguro a todo riesgo<\/h3>\n<ul>\n<li>Da\u00f1os propios del veh\u00edculo (ara\u00f1azos, colisi\u00f3n, choque)<\/li>\n<li>Responsabilidad civil frente a terceros<\/li>\n<li>Huelgas, disturbios y actos de vandalismo o terrorismo<\/li>\n<li>Rotura de lunas<\/li>\n<li>Robo e incendio<\/li>\n<li>Cat\u00e1strofes naturales y explosi\u00f3n<\/li>\n<li>Privaci\u00f3n temporal del uso y veh\u00edculo de sustituci\u00f3n<\/li>\n<li>Asistencia m\u00e9dica y en viaje<\/li>\n<\/ul>\n<h3>Precio del seguro a todo riesgo<\/h3>\n<p>Los factores que determinan el precio son la edad del conductor, la antig\u00fcedad del veh\u00edculo y la antig\u00fcedad del permiso de conducir. El precio se actualiza anualmente en la renovaci\u00f3n del contrato y puede aumentar si hay siniestros imputables al asegurado. La aseguradora est\u00e1 obligada a informarle de cualquier cambio de precio con antelaci\u00f3n.<\/p>\n<h2 id=\"form\">Corredor de seguros de coche angl\u00f3fono en Portugal<\/h2>\n<p style=\"text-align: center;\"><div class=\"wpforms-container wpforms-container-full\" id=\"wpforms-5164\"><form id=\"wpforms-form-5164\" class=\"wpforms-validate wpforms-form\" data-formid=\"5164\" method=\"post\" enctype=\"multipart\/form-data\" action=\"\/es\/wp-json\/wp\/v2\/pages\/88\" data-token=\"4e53529d3914c58dccb468617e407e03\" data-token-time=\"1776861701\"><noscript class=\"wpforms-error-noscript\">Please enable JavaScript in your browser to complete this form.<\/noscript><div class=\"wpforms-field-container\"><div id=\"wpforms-5164-field_0-container\" class=\"wpforms-field wpforms-field-name\" data-field-id=\"0\"><label class=\"wpforms-field-label\" for=\"wpforms-5164-field_0\">Name <span class=\"wpforms-required-label\">*<\/span><\/label><div class=\"wpforms-field-row wpforms-field-medium\"><div class=\"wpforms-field-row-block wpforms-first wpforms-one-half\"><input type=\"text\" id=\"wpforms-5164-field_0\" class=\"wpforms-field-name-first wpforms-field-required\" name=\"wpforms[fields][0][first]\" required><label for=\"wpforms-5164-field_0\" class=\"wpforms-field-sublabel after wpforms-sublabel-hide\">First<\/label><\/div><div class=\"wpforms-field-row-block wpforms-one-half\"><input type=\"text\" id=\"wpforms-5164-field_0-last\" class=\"wpforms-field-name-last wpforms-field-required\" name=\"wpforms[fields][0][last]\" required><label for=\"wpforms-5164-field_0-last\" class=\"wpforms-field-sublabel after wpforms-sublabel-hide\">Last<\/label><\/div><\/div><\/div><div id=\"wpforms-5164-field_1-container\" class=\"wpforms-field wpforms-field-email\" data-field-id=\"1\"><label class=\"wpforms-field-label\" for=\"wpforms-5164-field_1\">E-mail <span class=\"wpforms-required-label\">*<\/span><\/label><input type=\"email\" id=\"wpforms-5164-field_1\" class=\"wpforms-field-medium wpforms-field-required\" name=\"wpforms[fields][1]\" spellcheck=\"false\" required><\/div><div id=\"wpforms-5164-field_3-container\" class=\"wpforms-field wpforms-field-text\" data-field-id=\"3\"><label class=\"wpforms-field-label\" for=\"wpforms-5164-field_3\">Phone <span class=\"wpforms-required-label\">*<\/span><\/label><input type=\"text\" id=\"wpforms-5164-field_3\" class=\"wpforms-field-medium wpforms-field-required\" name=\"wpforms[fields][3]\" required><\/div><div id=\"wpforms-5164-field_4-container\" class=\"wpforms-field wpforms-field-text\" data-field-id=\"4\"><label class=\"wpforms-field-label\" for=\"wpforms-5164-field_4\">Date of Birth <span class=\"wpforms-required-label\">*<\/span><\/label><input type=\"text\" id=\"wpforms-5164-field_4\" class=\"wpforms-field-medium wpforms-field-required\" name=\"wpforms[fields][4]\" required><\/div><div id=\"wpforms-5164-field_6-container\" class=\"wpforms-field wpforms-field-text\" data-field-id=\"6\"><label class=\"wpforms-field-label\" for=\"wpforms-5164-field_6\">TIN \/ PASSEPORT<\/label><input type=\"text\" id=\"wpforms-5164-field_6\" class=\"wpforms-field-medium\" name=\"wpforms[fields][6]\" ><\/div><div id=\"wpforms-5164-field_7-container\" class=\"wpforms-field wpforms-field-text\" data-field-id=\"7\"><label class=\"wpforms-field-label\" for=\"wpforms-5164-field_7\">Postal Code<\/label><input type=\"text\" id=\"wpforms-5164-field_7\" class=\"wpforms-field-medium\" name=\"wpforms[fields][7]\" ><\/div><div id=\"wpforms-5164-field_8-container\" class=\"wpforms-field wpforms-field-text\" data-field-id=\"8\"><label class=\"wpforms-field-label\" for=\"wpforms-5164-field_8\">Date of driving licence <span class=\"wpforms-required-label\">*<\/span><\/label><input type=\"text\" id=\"wpforms-5164-field_8\" class=\"wpforms-field-medium wpforms-field-required\" name=\"wpforms[fields][8]\" required><\/div><div id=\"wpforms-5164-field_9-container\" class=\"wpforms-field wpforms-field-text\" data-field-id=\"9\"><label class=\"wpforms-field-label\" for=\"wpforms-5164-field_9\">Number of years of car insurance <span class=\"wpforms-required-label\">*<\/span><\/label><input type=\"text\" id=\"wpforms-5164-field_9\" class=\"wpforms-field-medium wpforms-field-required\" name=\"wpforms[fields][9]\" required><\/div><div id=\"wpforms-5164-field_10-container\" class=\"wpforms-field wpforms-field-text\" data-field-id=\"10\"><label class=\"wpforms-field-label\" for=\"wpforms-5164-field_10\">Number of claims its last 5 years <span class=\"wpforms-required-label\">*<\/span><\/label><input type=\"text\" id=\"wpforms-5164-field_10\" class=\"wpforms-field-medium wpforms-field-required\" name=\"wpforms[fields][10]\" required><\/div><div id=\"wpforms-5164-field_11-container\" class=\"wpforms-field wpforms-field-select wpforms-field-select-style-classic\" data-field-id=\"11\"><label class=\"wpforms-field-label\" for=\"wpforms-5164-field_11\">Additional drivers to be insured (fill in the information of the other drivers in the field &quot;additional information&quot;).<\/label><select id=\"wpforms-5164-field_11\" class=\"wpforms-field-medium\" name=\"wpforms[fields][11]\"><option value=\"1\"  class=\"choice-1 depth-1\"  >1<\/option><option value=\"2\"  class=\"choice-2 depth-1\"  >2<\/option><option value=\"3\"  class=\"choice-3 depth-1\"  >3<\/option><option value=\"4\"  class=\"choice-4 depth-1\"  >4<\/option><option value=\"5\"  class=\"choice-5 depth-1\"  >5<\/option><\/select><\/div><div id=\"wpforms-5164-field_12-container\" class=\"wpforms-field wpforms-field-text\" data-field-id=\"12\"><label class=\"wpforms-field-label\" for=\"wpforms-5164-field_12\">Brand of the car <span class=\"wpforms-required-label\">*<\/span><\/label><input type=\"text\" id=\"wpforms-5164-field_12\" class=\"wpforms-field-medium wpforms-field-required\" name=\"wpforms[fields][12]\" required><\/div><div id=\"wpforms-5164-field_13-container\" class=\"wpforms-field wpforms-field-text\" data-field-id=\"13\"><label class=\"wpforms-field-label\" for=\"wpforms-5164-field_13\">Car model and version <span class=\"wpforms-required-label\">*<\/span><\/label><input type=\"text\" id=\"wpforms-5164-field_13\" class=\"wpforms-field-medium wpforms-field-required\" name=\"wpforms[fields][13]\" required><\/div><div id=\"wpforms-5164-field_14-container\" class=\"wpforms-field wpforms-field-text\" data-field-id=\"14\"><label class=\"wpforms-field-label\" for=\"wpforms-5164-field_14\">Date of entry into service of the car <span class=\"wpforms-required-label\">*<\/span><\/label><input type=\"text\" id=\"wpforms-5164-field_14\" class=\"wpforms-field-medium wpforms-field-required\" name=\"wpforms[fields][14]\" required><\/div><div id=\"wpforms-5164-field_18-container\" class=\"wpforms-field wpforms-field-text\" data-field-id=\"18\"><label class=\"wpforms-field-label\" for=\"wpforms-5164-field_18\">Vehicle registration plates (PT) <span class=\"wpforms-required-label\">*<\/span><\/label><input type=\"text\" id=\"wpforms-5164-field_18\" class=\"wpforms-field-medium wpforms-field-required\" name=\"wpforms[fields][18]\" required><\/div><div id=\"wpforms-5164-field_17-container\" class=\"wpforms-field wpforms-field-text\" data-field-id=\"17\"><label class=\"wpforms-field-label\" for=\"wpforms-5164-field_17\">Cylinder capacity (cm\u00b2) <span class=\"wpforms-required-label\">*<\/span><\/label><input type=\"text\" id=\"wpforms-5164-field_17\" class=\"wpforms-field-medium wpforms-field-required\" name=\"wpforms[fields][17]\" required><\/div><div id=\"wpforms-5164-field_16-container\" class=\"wpforms-field wpforms-field-text\" data-field-id=\"16\"><label class=\"wpforms-field-label\" for=\"wpforms-5164-field_16\">Power (HP or KW) <span class=\"wpforms-required-label\">*<\/span><\/label><input type=\"text\" id=\"wpforms-5164-field_16\" class=\"wpforms-field-medium wpforms-field-required\" name=\"wpforms[fields][16]\" required><\/div><div id=\"wpforms-5164-field_2-container\" class=\"wpforms-field wpforms-field-textarea\" data-field-id=\"2\"><label class=\"wpforms-field-label\" for=\"wpforms-5164-field_2\">Additional information <span class=\"wpforms-required-label\">*<\/span><\/label><textarea id=\"wpforms-5164-field_2\" class=\"wpforms-field-medium wpforms-field-required\" name=\"wpforms[fields][2]\" required><\/textarea><\/div><\/div><!-- .wpforms-field-container --><div class=\"wpforms-field wpforms-field-hp\"><label for=\"wpforms-5164-field-hp\" class=\"wpforms-field-label\">Name<\/label><input type=\"text\" name=\"wpforms[hp]\" id=\"wpforms-5164-field-hp\" class=\"wpforms-field-medium\"><\/div><div class=\"wpforms-submit-container\" ><input type=\"hidden\" name=\"wpforms[id]\" value=\"5164\"><input type=\"hidden\" name=\"page_title\" value=\"\"><input type=\"hidden\" name=\"page_url\" value=\"https:\/\/essencial-portugal.com\/es\/wp-json\/wp\/v2\/pages\/88\"><input type=\"hidden\" name=\"url_referer\" value=\"\"><button type=\"submit\" name=\"wpforms[submit]\" id=\"wpforms-submit-5164\" class=\"wpforms-submit\" data-alt-text=\"Sending...\" data-submit-text=\"Send\" aria-live=\"assertive\" value=\"wpforms-submit\">Send<\/button><\/div><\/form><\/div>  <!-- .wpforms-container --><\/p>\n<blockquote><p>Al validar el formulario de contacto, autoriza a transmitir su solicitud a un corredor de seguros de habla inglesa que podr\u00e1 contactarle directamente. Nada est\u00e1 automatizado: son profesionales que conozco, con sede en Lisboa y cualificados para acompa\u00f1arle en su proyecto.<\/p><\/blockquote>\n<h2>Seguros en Portugal<\/h2>\n<ul>\n<li><a href=\"https:\/\/essencial-portugal.com\/es\/noticias-portugal\/seguros-salud-portugal-como-elegir\/\">Seguro de salud Portugal<\/a><\/li>\n<li><a href=\"https:\/\/essencial-portugal.com\/es\/seguros-portugal\/seguro-moto-portugal\/\">Seguro de moto Portugal<\/a><\/li>\n<li><a href=\"https:\/\/essencial-portugal.com\/es\/seguros-portugal\/seguro-hogar-portugal\/\">Seguro de hogar Portugal<\/a><\/li>\n<li><a href=\"https:\/\/essencial-portugal.com\/es\/seguros-portugal\/seguro-de-vida-portugal\/\">Seguro de vida Portugal<\/a><\/li>\n<li><a href=\"https:\/\/essencial-portugal.com\/es\/seguros-portugal\/seguro-dental-portugal\/\">Seguro dental Portugal<\/a><\/li>\n<li><a href=\"https:\/\/essencial-portugal.com\/es\/seguros-portugal\/seguro-embarcaciones-portugal\/\">Seguro de barco Portugal<\/a><\/li>\n<\/ul>\n","protected":false},"excerpt":{"rendered":"<p>Todo veh\u00edculo en circulaci\u00f3n debe estar asegurado en Portugal, como en el resto de Europa. El mercado ofrece cerca de 70 aseguradoras diferentes, lo que no facilita la elecci\u00f3n, especialmente si no domina el portugu\u00e9s. Corredor de seguros de coche angl\u00f3fono en Portugal Si no quiere ocuparse usted mismo de comparar las distintas ofertas, puede [&hellip;]<\/p>\n","protected":false},"author":1,"featured_media":3918,"parent":3166,"menu_order":0,"comment_status":"closed","ping_status":"closed","template":"","meta":{"om_disable_all_campaigns":false,"_monsterinsights_skip_tracking":false,"_monsterinsights_sitenote_active":false,"_monsterinsights_sitenote_note":"","_monsterinsights_sitenote_category":0,"_uf_show_specific_survey":0,"_uf_disable_surveys":false,"site-sidebar-layout":"default","site-content-layout":"default","ast-site-content-layout":"default","site-content-style":"default","site-sidebar-style":"default","ast-global-header-display":"","ast-banner-title-visibility":"","ast-main-header-display":"","ast-hfb-above-header-display":"","ast-hfb-below-header-display":"","ast-hfb-mobile-header-display":"","site-post-title":"","ast-breadcrumbs-content":"","ast-featured-img":"","footer-sml-layout":"","ast-disable-related-posts":"","theme-transparent-header-meta":"default","adv-header-id-meta":"","stick-header-meta":"","header-above-stick-meta":"","header-main-stick-meta":"","header-below-stick-meta":"","astra-migrate-meta-layouts":"set","ast-page-background-enabled":"default","ast-page-background-meta":{"desktop":{"background-color":"","background-image":"","background-repeat":"repeat","background-position":"center center","background-size":"auto","background-attachment":"scroll","background-type":"","background-media":"","overlay-type":"","overlay-color":"","overlay-opacity":"","overlay-gradient":""},"tablet":{"background-color":"","background-image":"","background-repeat":"repeat","background-position":"center center","background-size":"auto","background-attachment":"scroll","background-type":"","background-media":"","overlay-type":"","overlay-color":"","overlay-opacity":"","overlay-gradient":""},"mobile":{"background-color":"","background-image":"","background-repeat":"repeat","background-position":"center center","background-size":"auto","background-attachment":"scroll","background-type":"","background-media":"","overlay-type":"","overlay-color":"","overlay-opacity":"","overlay-gradient":""}},"ast-content-background-meta":{"desktop":{"background-color":"var(--ast-global-color-5)","background-image":"","background-repeat":"repeat","background-position":"center center","background-size":"auto","background-attachment":"scroll","background-type":"","background-media":"","overlay-type":"","overlay-color":"","overlay-opacity":"","overlay-gradient":""},"tablet":{"background-color":"var(--ast-global-color-5)","background-image":"","background-repeat":"repeat","background-position":"center center","background-size":"auto","background-attachment":"scroll","background-type":"","background-media":"","overlay-type":"","overlay-color":"","overlay-opacity":"","overlay-gradient":""},"mobile":{"background-color":"var(--ast-global-color-5)","background-image":"","background-repeat":"repeat","background-position":"center center","background-size":"auto","background-attachment":"scroll","background-type":"","background-media":"","overlay-type":"","overlay-color":"","overlay-opacity":"","overlay-gradient":""}},"footnotes":""},"class_list":["post-88","page","type-page","status-publish","has-post-thumbnail","hentry"],"aioseo_notices":[],"_links":{"self":[{"href":"https:\/\/essencial-portugal.com\/es\/wp-json\/wp\/v2\/pages\/88","targetHints":{"allow":["GET"]}}],"collection":[{"href":"https:\/\/essencial-portugal.com\/es\/wp-json\/wp\/v2\/pages"}],"about":[{"href":"https:\/\/essencial-portugal.com\/es\/wp-json\/wp\/v2\/types\/page"}],"author":[{"embeddable":true,"href":"https:\/\/essencial-portugal.com\/es\/wp-json\/wp\/v2\/users\/1"}],"replies":[{"embeddable":true,"href":"https:\/\/essencial-portugal.com\/es\/wp-json\/wp\/v2\/comments?post=88"}],"version-history":[{"count":2,"href":"https:\/\/essencial-portugal.com\/es\/wp-json\/wp\/v2\/pages\/88\/revisions"}],"predecessor-version":[{"id":10249,"href":"https:\/\/essencial-portugal.com\/es\/wp-json\/wp\/v2\/pages\/88\/revisions\/10249"}],"up":[{"embeddable":true,"href":"https:\/\/essencial-portugal.com\/es\/wp-json\/wp\/v2\/pages\/3166"}],"wp:featuredmedia":[{"embeddable":true,"href":"https:\/\/essencial-portugal.com\/es\/wp-json\/wp\/v2\/media\/3918"}],"wp:attachment":[{"href":"https:\/\/essencial-portugal.com\/es\/wp-json\/wp\/v2\/media?parent=88"}],"curies":[{"name":"wp","href":"https:\/\/api.w.org\/{rel}","templated":true}]}}