{"id":90,"date":"2018-03-23T16:29:18","date_gmt":"2018-03-23T16:29:18","guid":{"rendered":"https:\/\/essencial-portugal.com\/fr\/?page_id=90"},"modified":"2026-03-16T12:32:31","modified_gmt":"2026-03-16T12:32:31","slug":"rnh-estado-portugal","status":"publish","type":"page","link":"https:\/\/essencial-portugal.com\/es\/instalacion-lisboa-portugal\/rnh-estado-portugal\/","title":{"rendered":"Estado NHR (Residente habitual)"},"content":{"rendered":"<p><img fetchpriority=\"high\" decoding=\"async\" class=\"aligncenter wp-image-61 size-full\" src=\"https:\/\/essencial-portugal.com\/es\/wp-content\/uploads\/2018\/03\/statut-RNH-portugal.png\" alt=\"Estatuto RNH Portugal: Residente No Habitual y ventajas fiscales durante 10 a\u00f1os\" width=\"1024\" height=\"576\" srcset=\"https:\/\/essencial-portugal.com\/es\/wp-content\/uploads\/2018\/03\/statut-RNH-portugal.png 1024w, https:\/\/essencial-portugal.com\/es\/wp-content\/uploads\/2018\/03\/statut-RNH-portugal-300x169.png 300w, https:\/\/essencial-portugal.com\/es\/wp-content\/uploads\/2018\/03\/statut-RNH-portugal-768x432.png 768w\" sizes=\"(max-width: 1024px) 100vw, 1024px\" \/><\/p>\n<h2>Estatuto RNH: Residente No Habitual en Portugal<\/h2>\n<p>El estatuto de Residente No Habitual (RNH) fue introducido por el gobierno portugu\u00e9s en 2009 para incentivar la inversi\u00f3n y la atracci\u00f3n de talento. Permite beneficiarse de una fiscalidad ventajosa sobre las rentas de fuente extranjera durante un per\u00edodo no renovable de <strong>10 a\u00f1os<\/strong>:<\/p>\n<ul>\n<li>Exenci\u00f3n del impuesto sobre pensiones de fuente extranjera<\/li>\n<li>Exenci\u00f3n sobre rentas empresariales, profesionales y de inversi\u00f3n de fuente extranjera<\/li>\n<li>Exenci\u00f3n sobre ganancias de capital, dividendos y rentas inmobiliarias de fuente extranjera<\/li>\n<li>Tipo especial del 20% sobre los ingresos procedentes de <a href=\"https:\/\/essencial-portugal.com\/es\/noticias-portugal\/empleos-alto-valor-rnh-portugal\/\" target=\"_blank\" rel=\"noopener noreferrer\">actividades de alto valor a\u00f1adido<\/a><\/li>\n<\/ul>\n<blockquote><p>Haga clic en el bot\u00f3n a continuaci\u00f3n y rellene el formulario para ser contactado por un profesional angl\u00f3fono en Lisboa y obtener acompa\u00f1amiento para el estatuto de Residente No Habitual.<\/p><\/blockquote>\n<p style=\"text-align: center;\"><a class=\"maxbutton-3 maxbutton maxbutton-form\" href=\"#form\"><span class='mb-text'>CONTACTO<\/span><\/a><\/p>\n<h2>Ingresos que dan derecho al estatuto RNH<\/h2>\n<ul>\n<li>Salarios pagados desde una fuente no portuguesa<\/li>\n<li>Pensiones de origen extranjero<\/li>\n<li>Rentas de alquiler, inversi\u00f3n y ganancias de capital de fuente extranjera<\/li>\n<\/ul>\n<p>Para acceder al estatuto RNH debe cumplir una de las tres primeras condiciones y obligatoriamente la cuarta:<\/p>\n<ul>\n<li>Tener su residencia principal en Portugal<\/li>\n<li>Pasar al menos 183 d\u00edas en el a\u00f1o fiscal en Portugal; o<\/li>\n<li>Ser propietario de una vivienda en Portugal a 31 de diciembre con intenci\u00f3n de mantenerla como residencia habitual<\/li>\n<li>No haber tributado en Portugal durante los \u00faltimos 5 a\u00f1os<\/li>\n<\/ul>\n<p><img decoding=\"async\" class=\"aligncenter size-full wp-image-60\" src=\"https:\/\/essencial-portugal.com\/es\/wp-content\/uploads\/2018\/03\/statut-resident-non-habituel-portugal.jpg\" alt=\"Residente No Habitual Portugal RNH: condiciones, ventajas fiscales y procedimiento de solicitud\" width=\"989\" height=\"349\" srcset=\"https:\/\/essencial-portugal.com\/es\/wp-content\/uploads\/2018\/03\/statut-resident-non-habituel-portugal.jpg 989w, https:\/\/essencial-portugal.com\/es\/wp-content\/uploads\/2018\/03\/statut-resident-non-habituel-portugal-300x106.jpg 300w, https:\/\/essencial-portugal.com\/es\/wp-content\/uploads\/2018\/03\/statut-resident-non-habituel-portugal-768x271.jpg 768w\" sizes=\"(max-width: 989px) 100vw, 989px\" \/><\/p>\n<h2>Obtener el estatuto RNH: plazo y procedimiento<\/h2>\n<p>La solicitud se presenta ante la Autoridade Tribut\u00e1ria del lugar de residencia, una vez adquirida la condici\u00f3n de residente fiscal en Portugal, o antes del 31 de marzo del a\u00f1o fiscal siguiente.<\/p>\n<p>Pasos cronol\u00f3gicos:<\/p>\n<ul>\n<li>Obtener un NIF de no residente<\/li>\n<li>Instalarse en Portugal (alquiler o compra de inmueble)<\/li>\n<li>Inscribirse en la C\u00e2mara Municipal (ayuntamiento)<\/li>\n<li>Enviar la solicitud por escrito a la Autoridade Tribut\u00e1ria<\/li>\n<\/ul>\n<h2>\u00bfNecesita ayuda para obtener el estatuto RNH en Portugal?<\/h2>\n<ul>\n<li>An\u00e1lisis de su admisi\u00f3n al estatuto y planificaci\u00f3n de su llegada a Portugal<\/li>\n<li>Tr\u00e1mites administrativos de llegada y registro en Portugal<\/li>\n<li>Preparaci\u00f3n y presentaci\u00f3n de la solicitud<\/li>\n<li>Seguimiento hasta la obtenci\u00f3n del estatuto<\/li>\n<\/ul>\n<h2 id=\"form\">Solicitar el estatuto de Residente No Habitual con asesor\u00eda angl\u00f3fona<\/h2>\n<p style=\"text-align: center;\"><div class=\"wpforms-container wpforms-container-full\" id=\"wpforms-5167\"><form id=\"wpforms-form-5167\" class=\"wpforms-validate wpforms-form\" data-formid=\"5167\" method=\"post\" enctype=\"multipart\/form-data\" action=\"\/es\/wp-json\/wp\/v2\/pages\/90\" data-token=\"9d769e3717478935a4072f251d13af27\" data-token-time=\"1776662693\"><noscript class=\"wpforms-error-noscript\">Please enable JavaScript in your browser to complete this form.<\/noscript><div class=\"wpforms-field-container\"><div id=\"wpforms-5167-field_0-container\" class=\"wpforms-field wpforms-field-name\" data-field-id=\"0\"><label class=\"wpforms-field-label\" for=\"wpforms-5167-field_0\">Name <span class=\"wpforms-required-label\">*<\/span><\/label><div class=\"wpforms-field-row wpforms-field-medium\"><div class=\"wpforms-field-row-block wpforms-first wpforms-one-half\"><input type=\"text\" id=\"wpforms-5167-field_0\" class=\"wpforms-field-name-first wpforms-field-required\" name=\"wpforms[fields][0][first]\" required><label for=\"wpforms-5167-field_0\" class=\"wpforms-field-sublabel after wpforms-sublabel-hide\">First<\/label><\/div><div class=\"wpforms-field-row-block wpforms-one-half\"><input type=\"text\" id=\"wpforms-5167-field_0-last\" class=\"wpforms-field-name-last wpforms-field-required\" name=\"wpforms[fields][0][last]\" required><label for=\"wpforms-5167-field_0-last\" class=\"wpforms-field-sublabel after wpforms-sublabel-hide\">Last<\/label><\/div><\/div><\/div><div id=\"wpforms-5167-field_1-container\" class=\"wpforms-field wpforms-field-email\" data-field-id=\"1\"><label class=\"wpforms-field-label\" for=\"wpforms-5167-field_1\">E-mail <span class=\"wpforms-required-label\">*<\/span><\/label><input type=\"email\" id=\"wpforms-5167-field_1\" class=\"wpforms-field-medium wpforms-field-required\" name=\"wpforms[fields][1]\" spellcheck=\"false\" required><\/div><div id=\"wpforms-5167-field_4-container\" class=\"wpforms-field wpforms-field-text\" data-field-id=\"4\"><label class=\"wpforms-field-label\" for=\"wpforms-5167-field_4\">Phone <span class=\"wpforms-required-label\">*<\/span><\/label><input type=\"text\" id=\"wpforms-5167-field_4\" class=\"wpforms-field-medium wpforms-field-required\" name=\"wpforms[fields][4]\" required><\/div><div id=\"wpforms-5167-field_5-container\" class=\"wpforms-field wpforms-field-text\" data-field-id=\"5\"><label class=\"wpforms-field-label\" for=\"wpforms-5167-field_5\">Subject <span class=\"wpforms-required-label\">*<\/span><\/label><input type=\"text\" id=\"wpforms-5167-field_5\" class=\"wpforms-field-medium wpforms-field-required\" name=\"wpforms[fields][5]\" required><\/div><div id=\"wpforms-5167-field_2-container\" class=\"wpforms-field wpforms-field-textarea\" data-field-id=\"2\"><label class=\"wpforms-field-label\" for=\"wpforms-5167-field_2\">Your project \/ Your needs <span class=\"wpforms-required-label\">*<\/span><\/label><textarea id=\"wpforms-5167-field_2\" class=\"wpforms-field-medium wpforms-field-required\" name=\"wpforms[fields][2]\" required><\/textarea><\/div><\/div><!-- .wpforms-field-container --><div class=\"wpforms-field wpforms-field-hp\"><label for=\"wpforms-5167-field-hp\" class=\"wpforms-field-label\">Message<\/label><input type=\"text\" name=\"wpforms[hp]\" id=\"wpforms-5167-field-hp\" class=\"wpforms-field-medium\"><\/div><div class=\"wpforms-submit-container\" ><input type=\"hidden\" name=\"wpforms[id]\" value=\"5167\"><input type=\"hidden\" name=\"page_title\" value=\"\"><input type=\"hidden\" name=\"page_url\" value=\"https:\/\/essencial-portugal.com\/es\/wp-json\/wp\/v2\/pages\/90\"><input type=\"hidden\" name=\"url_referer\" value=\"\"><button type=\"submit\" name=\"wpforms[submit]\" id=\"wpforms-submit-5167\" class=\"wpforms-submit\" data-alt-text=\"Sending...\" data-submit-text=\"Send\" aria-live=\"assertive\" value=\"wpforms-submit\">Send<\/button><\/div><\/form><\/div>  <!-- .wpforms-container --><\/p>\n<blockquote><p>Al validar el formulario de contacto, autoriza a transmitir su solicitud a un profesional de habla inglesa que podr\u00e1 contactarle directamente. Se trata de un profesional con servicios de pago cuyo precio var\u00eda seg\u00fan la solicitud y el proyecto. Nada est\u00e1 automatizado: son personas que conozco, con sede en Lisboa y cualificadas para acompa\u00f1arle en su proyecto. Essencial Portugal conecta particulares y empresas con profesionales certificados y de confianza en Portugal. Solo estos profesionales certificados y homologados pueden informarle, ofrecerle y facturarle estos servicios.<\/p><\/blockquote>\n","protected":false},"excerpt":{"rendered":"<p>Estatuto RNH: Residente No Habitual en Portugal El estatuto de Residente No Habitual (RNH) fue introducido por el gobierno portugu\u00e9s en 2009 para incentivar la inversi\u00f3n y la atracci\u00f3n de talento. Permite beneficiarse de una fiscalidad ventajosa sobre las rentas de fuente extranjera durante un per\u00edodo no renovable de 10 a\u00f1os: Exenci\u00f3n del impuesto sobre [&hellip;]<\/p>\n","protected":false},"author":1,"featured_media":0,"parent":67,"menu_order":0,"comment_status":"closed","ping_status":"closed","template":"","meta":{"om_disable_all_campaigns":false,"_monsterinsights_skip_tracking":false,"_monsterinsights_sitenote_active":false,"_monsterinsights_sitenote_note":"","_monsterinsights_sitenote_category":0,"_uf_show_specific_survey":0,"_uf_disable_surveys":false,"site-sidebar-layout":"default","site-content-layout":"default","ast-site-content-layout":"default","site-content-style":"default","site-sidebar-style":"default","ast-global-header-display":"","ast-banner-title-visibility":"","ast-main-header-display":"","ast-hfb-above-header-display":"","ast-hfb-below-header-display":"","ast-hfb-mobile-header-display":"","site-post-title":"","ast-breadcrumbs-content":"","ast-featured-img":"","footer-sml-layout":"","ast-disable-related-posts":"","theme-transparent-header-meta":"default","adv-header-id-meta":"","stick-header-meta":"","header-above-stick-meta":"","header-main-stick-meta":"","header-below-stick-meta":"","astra-migrate-meta-layouts":"set","ast-page-background-enabled":"default","ast-page-background-meta":{"desktop":{"background-color":"","background-image":"","background-repeat":"repeat","background-position":"center center","background-size":"auto","background-attachment":"scroll","background-type":"","background-media":"","overlay-type":"","overlay-color":"","overlay-opacity":"","overlay-gradient":""},"tablet":{"background-color":"","background-image":"","background-repeat":"repeat","background-position":"center center","background-size":"auto","background-attachment":"scroll","background-type":"","background-media":"","overlay-type":"","overlay-color":"","overlay-opacity":"","overlay-gradient":""},"mobile":{"background-color":"","background-image":"","background-repeat":"repeat","background-position":"center center","background-size":"auto","background-attachment":"scroll","background-type":"","background-media":"","overlay-type":"","overlay-color":"","overlay-opacity":"","overlay-gradient":""}},"ast-content-background-meta":{"desktop":{"background-color":"var(--ast-global-color-5)","background-image":"","background-repeat":"repeat","background-position":"center center","background-size":"auto","background-attachment":"scroll","background-type":"","background-media":"","overlay-type":"","overlay-color":"","overlay-opacity":"","overlay-gradient":""},"tablet":{"background-color":"var(--ast-global-color-5)","background-image":"","background-repeat":"repeat","background-position":"center center","background-size":"auto","background-attachment":"scroll","background-type":"","background-media":"","overlay-type":"","overlay-color":"","overlay-opacity":"","overlay-gradient":""},"mobile":{"background-color":"var(--ast-global-color-5)","background-image":"","background-repeat":"repeat","background-position":"center center","background-size":"auto","background-attachment":"scroll","background-type":"","background-media":"","overlay-type":"","overlay-color":"","overlay-opacity":"","overlay-gradient":""}},"footnotes":""},"class_list":["post-90","page","type-page","status-publish","hentry"],"aioseo_notices":[],"_links":{"self":[{"href":"https:\/\/essencial-portugal.com\/es\/wp-json\/wp\/v2\/pages\/90","targetHints":{"allow":["GET"]}}],"collection":[{"href":"https:\/\/essencial-portugal.com\/es\/wp-json\/wp\/v2\/pages"}],"about":[{"href":"https:\/\/essencial-portugal.com\/es\/wp-json\/wp\/v2\/types\/page"}],"author":[{"embeddable":true,"href":"https:\/\/essencial-portugal.com\/es\/wp-json\/wp\/v2\/users\/1"}],"replies":[{"embeddable":true,"href":"https:\/\/essencial-portugal.com\/es\/wp-json\/wp\/v2\/comments?post=90"}],"version-history":[{"count":1,"href":"https:\/\/essencial-portugal.com\/es\/wp-json\/wp\/v2\/pages\/90\/revisions"}],"predecessor-version":[{"id":10271,"href":"https:\/\/essencial-portugal.com\/es\/wp-json\/wp\/v2\/pages\/90\/revisions\/10271"}],"up":[{"embeddable":true,"href":"https:\/\/essencial-portugal.com\/es\/wp-json\/wp\/v2\/pages\/67"}],"wp:attachment":[{"href":"https:\/\/essencial-portugal.com\/es\/wp-json\/wp\/v2\/media?parent=90"}],"curies":[{"name":"wp","href":"https:\/\/api.w.org\/{rel}","templated":true}]}}