{"id":92,"date":"2018-03-23T16:33:16","date_gmt":"2018-03-23T16:33:16","guid":{"rendered":"https:\/\/essencial-portugal.com\/fr\/?page_id=92"},"modified":"2026-03-16T12:32:58","modified_gmt":"2026-03-16T12:32:58","slug":"matricula-vehiculo-portugal","status":"publish","type":"page","link":"https:\/\/essencial-portugal.com\/es\/instalacion-lisboa-portugal\/matricula-vehiculo-portugal\/","title":{"rendered":"Matricular su veh\u00edculo en Portugal"},"content":{"rendered":"<p><img fetchpriority=\"high\" decoding=\"async\" class=\"aligncenter wp-image-32 size-full\" src=\"https:\/\/essencial-portugal.com\/es\/wp-content\/uploads\/2018\/03\/immatriculer-vehicule-au-portugal.jpg\" alt=\"Matricular un veh\u00edculo en Portugal: proceso, documentos necesarios y asistencia angl\u00f3fona\" width=\"1024\" height=\"394\" srcset=\"https:\/\/essencial-portugal.com\/es\/wp-content\/uploads\/2018\/03\/immatriculer-vehicule-au-portugal.jpg 1024w, https:\/\/essencial-portugal.com\/es\/wp-content\/uploads\/2018\/03\/immatriculer-vehicule-au-portugal-300x115.jpg 300w, https:\/\/essencial-portugal.com\/es\/wp-content\/uploads\/2018\/03\/immatriculer-vehicule-au-portugal-768x296.jpg 768w\" sizes=\"(max-width: 1024px) 100vw, 1024px\" \/><\/p>\n<p>Matricular su veh\u00edculo en Portugal es probablemente el tr\u00e1mite administrativo m\u00e1s complicado de toda la expatriaci\u00f3n. Si se instala en Portugal durante m\u00e1s de 6 meses, es obligatorio bajo pena de fuertes multas.<\/p>\n<blockquote><p>Si desea ser acompa\u00f1ado por un profesional angl\u00f3fono para la matriculaci\u00f3n de su coche o moto en Portugal, haga clic en el bot\u00f3n y rellene el formulario al final de la p\u00e1gina.<\/p>\n<p>He encontrado un \u00fanico proveedor de habla inglesa serio para este tr\u00e1mite: un <strong>bufete de abogados<\/strong> con sede cerca de Lisboa que gestiona la <strong>solicitud de matriculaci\u00f3n + la solicitud de exenci\u00f3n del ISV en la aduana<\/strong>. El precio es de <strong>2.000 \u20ac por veh\u00edculo<\/strong> y no incluye la inspecci\u00f3n t\u00e9cnica, las tasas de matriculaci\u00f3n ni el impuesto de matriculaci\u00f3n.<\/p>\n<p><span style=\"color: #ff0000;\"><strong>Rellene este formulario solo si est\u00e1 de acuerdo con este precio, para evitar intercambios innecesarios con este proveedor. Si prefiere hacerlo usted mismo, encontrar\u00e1 toda la informaci\u00f3n a continuaci\u00f3n.<\/strong><\/span><\/p><\/blockquote>\n<p style=\"text-align: center;\"><a class=\"maxbutton-3 maxbutton maxbutton-form\" href=\"#form\"><span class='mb-text'>CONTACTO<\/span><\/a><\/p>\n<h2>Proceso de matriculaci\u00f3n en Portugal<\/h2>\n<p>El proceso es largo, requiere visitar varias administraciones y no es viable sin dominar el portugu\u00e9s. Puede ponerse en contacto con una empresa angl\u00f3fona especializada que se encargar\u00e1 de todos los tr\u00e1mites: su presencia solo ser\u00e1 obligatoria durante la inspecci\u00f3n t\u00e9cnica del veh\u00edculo.<\/p>\n<p>El servicio incluye:<\/p>\n<ul>\n<li>Preparaci\u00f3n del expediente administrativo y explicaci\u00f3n del procedimiento<\/li>\n<li>Concertaci\u00f3n de cita para la inspecci\u00f3n t\u00e9cnica cerca de su domicilio<\/li>\n<li>Obtenci\u00f3n de la homologaci\u00f3n del veh\u00edculo en el IMT<\/li>\n<li>Presentaci\u00f3n del expediente en la aduana para la exenci\u00f3n del ISV<\/li>\n<li>Gesti\u00f3n de la matr\u00edcula portuguesa y cita para la fabricaci\u00f3n de las placas<\/li>\n<li>Registro del veh\u00edculo en el IMT y en el registro de veh\u00edculos<\/li>\n<\/ul>\n<p>El proceso completo dura aproximadamente 2 meses. Es muy recomendable solicitar la exenci\u00f3n del ISV: para un Opel Corsa nuevo, este impuesto puede alcanzar los 5.000 \u20ac. Desde diciembre de 2017, solo se requieren 6 meses de propiedad del veh\u00edculo (antes eran 12) para tener derecho a la exenci\u00f3n.<\/p>\n<h2>Certificado de Homologaci\u00f3n Europea (COC)<\/h2>\n<p>Este certificado de conformidad \u2014expedido por el fabricante, previo pago\u2014 resume las caracter\u00edsticas t\u00e9cnicas del veh\u00edculo y es imprescindible para la matriculaci\u00f3n. Solic\u00edtelo en el departamento de homologaci\u00f3n de su concesionario antes de salir de su pa\u00eds.<\/p>\n<h2>Inspecci\u00f3n t\u00e9cnica del veh\u00edculo<\/h2>\n<p>La inspecci\u00f3n debe realizarse en un centro autorizado (Centro de Inspe\u00e7\u00e3o T\u00e9cnica). Hay muchos en Lisboa y sus alrededores; puede pedir cita por internet o por tel\u00e9fono. Muy pocos centros atienden en ingl\u00e9s, por lo que ir acompa\u00f1ado es muy recomendable.<\/p>\n<p>Documentos necesarios:<\/p>\n<ul>\n<li>DNI o pasaporte en vigor<\/li>\n<li>NIF portugu\u00e9s<\/li>\n<li>Permiso de conducir<\/li>\n<li>Formulario IMT Modelo 9<\/li>\n<li>Documento de matriculaci\u00f3n del veh\u00edculo<\/li>\n<\/ul>\n<p>Coste aproximado: 75 \u20ac.<\/p>\n<p><img decoding=\"async\" class=\"aligncenter wp-image-14 size-full\" src=\"https:\/\/essencial-portugal.com\/es\/wp-content\/uploads\/2018\/03\/centre-inspection-voiture-portugal.jpg\" alt=\"Centro de inspecci\u00f3n t\u00e9cnica de veh\u00edculos en Portugal: obligatorio para la matriculaci\u00f3n\" width=\"1024\" height=\"507\" srcset=\"https:\/\/essencial-portugal.com\/es\/wp-content\/uploads\/2018\/03\/centre-inspection-voiture-portugal.jpg 1024w, https:\/\/essencial-portugal.com\/es\/wp-content\/uploads\/2018\/03\/centre-inspection-voiture-portugal-300x149.jpg 300w, https:\/\/essencial-portugal.com\/es\/wp-content\/uploads\/2018\/03\/centre-inspection-voiture-portugal-768x380.jpg 768w\" sizes=\"(max-width: 1024px) 100vw, 1024px\" \/><\/p>\n<h2>Formulario IMT Modelo 9<\/h2>\n<p>Imprescindible para la inspecci\u00f3n t\u00e9cnica y para la solicitud de homologaci\u00f3n en el IMT. Puede descargarse de internet y cumplimentarse con los datos del Certificado de Conformidad Europeo. Una vez completado, se presenta en el IMT para obtener la homologaci\u00f3n portuguesa del veh\u00edculo. Necesitar\u00e1 tambi\u00e9n el n\u00famero de motor y chasis.<\/p>\n<p>Documentos necesarios para el IMT:<\/p>\n<ul>\n<li>DNI o pasaporte en vigor<\/li>\n<li>NIF<\/li>\n<li>Permiso de conducir<\/li>\n<li>Formulario IMT Modelo 9 (cumplimentado por los inspectores t\u00e9cnicos)<\/li>\n<li>Certificado Europeo de Conformidad<\/li>\n<\/ul>\n<h2>Declaraci\u00f3n del veh\u00edculo en la aduana portuguesa<\/h2>\n<p>Debe presentarse en la aduana portuguesa en los <strong>20 d\u00edas siguientes<\/strong> a la entrada del veh\u00edculo en Portugal para realizar la Declara\u00e7\u00e3o Aduaneira de Ve\u00edculo (DAV) y solicitar la exenci\u00f3n del ISV.<\/p>\n<p>Documentos para la DAV:<\/p>\n<ul>\n<li>Documento de matriculaci\u00f3n del veh\u00edculo<\/li>\n<li>Factura de compra o declaraci\u00f3n de venta (entre particulares)<\/li>\n<li>Certificado Europeo de Conformidad<\/li>\n<li>Documento del IMT + homologaci\u00f3n t\u00e9cnica<\/li>\n<li>Certificado de transporte (si el veh\u00edculo fue enviado por terceros)<\/li>\n<li>Documento de inspecci\u00f3n t\u00e9cnica<\/li>\n<li>Documento sobre nivel de emisiones de CO\u00b2 del veh\u00edculo<\/li>\n<\/ul>\n<h3>Exenci\u00f3n del ISV (Impuesto sobre Veh\u00edculos)<\/h3>\n<p>Condiciones para la exenci\u00f3n:<\/p>\n<ul>\n<li>Ser mayor de edad<\/li>\n<li>El veh\u00edculo debe haber sido comprado en su pa\u00eds de origen<\/li>\n<li>Ser propietario del veh\u00edculo desde hace al menos 6 meses<\/li>\n<\/ul>\n<p>Tiene 6 meses para solicitar la exenci\u00f3n si cumple estas condiciones. Si no las cumple, solo 10 d\u00edas para pagar el impuesto.<\/p>\n<p>Documentos para la solicitud de exenci\u00f3n:<\/p>\n<ul>\n<li>Declaraci\u00f3n aduaneira (DAV)<\/li>\n<li>Documento de matriculaci\u00f3n<\/li>\n<li>Certificado Europeo de Conformidad<\/li>\n<li>Permiso de conducir<\/li>\n<li>NIF<\/li>\n<li>Certificado de residencia del pa\u00eds de origen<\/li>\n<li>Certificado de residencia en Portugal<\/li>\n<\/ul>\n<h2>Obtener el permiso de circulaci\u00f3n portugu\u00e9s<\/h2>\n<p>De vuelta al IMT, con los siguientes documentos:<\/p>\n<ul>\n<li>DNI o pasaporte en vigor<\/li>\n<li>Permiso de conducir<\/li>\n<li>NIF portugu\u00e9s<\/li>\n<li>Certificado de residencia<\/li>\n<li>Certificado Europeo de Conformidad<\/li>\n<li>Documento de inspecci\u00f3n t\u00e9cnica<\/li>\n<li>Formulario Modelo 9 del IMT<\/li>\n<li>Fotocopia del documento de matriculaci\u00f3n con sello de la aduana<\/li>\n<li>DAV con el justificante de pago o exenci\u00f3n del ISV<\/li>\n<\/ul>\n<p><img decoding=\"async\" class=\"aligncenter wp-image-33 size-full\" src=\"https:\/\/essencial-portugal.com\/es\/wp-content\/uploads\/2018\/03\/IMTT-immatriculation-voiture-portugal.jpg\" alt=\"IMT Lisboa: Instituto da Mobilidade e dos Transportes para la matriculaci\u00f3n de veh\u00edculos en Portugal\" width=\"1024\" height=\"808\" srcset=\"https:\/\/essencial-portugal.com\/es\/wp-content\/uploads\/2018\/03\/IMTT-immatriculation-voiture-portugal.jpg 1024w, https:\/\/essencial-portugal.com\/es\/wp-content\/uploads\/2018\/03\/IMTT-immatriculation-voiture-portugal-300x237.jpg 300w, https:\/\/essencial-portugal.com\/es\/wp-content\/uploads\/2018\/03\/IMTT-immatriculation-voiture-portugal-768x606.jpg 768w\" sizes=\"(max-width: 1024px) 100vw, 1024px\" \/><\/p>\n<h2>Registro de matriculaci\u00f3n del veh\u00edculo<\/h2>\n<p>\u00daltimo paso: presentarse en la Conservat\u00f3ria do Registo Autom\u00f3vel (o en la ventanilla del IMT) con:<\/p>\n<ul>\n<li>Documento de identidad o pasaporte<\/li>\n<li>Permiso de conducir<\/li>\n<li>NIF portugu\u00e9s<\/li>\n<li>Formulario IMT Modelo 9<\/li>\n<\/ul>\n<h2 id=\"form\">Asistencia para la matriculaci\u00f3n de su veh\u00edculo en Portugal<\/h2>\n<p style=\"text-align: center;\"><div class=\"wpforms-container wpforms-container-full\" id=\"wpforms-5170\"><form id=\"wpforms-form-5170\" class=\"wpforms-validate wpforms-form\" data-formid=\"5170\" method=\"post\" enctype=\"multipart\/form-data\" action=\"\/es\/wp-json\/wp\/v2\/pages\/92\" data-token=\"25259f54247a0e9ad3de81acffab6a5c\" data-token-time=\"1776662693\"><noscript class=\"wpforms-error-noscript\">Please enable JavaScript in your browser to complete this form.<\/noscript><div class=\"wpforms-field-container\"><div id=\"wpforms-5170-field_0-container\" class=\"wpforms-field wpforms-field-name\" data-field-id=\"0\"><label class=\"wpforms-field-label\" for=\"wpforms-5170-field_0\">Name <span class=\"wpforms-required-label\">*<\/span><\/label><div class=\"wpforms-field-row wpforms-field-medium\"><div class=\"wpforms-field-row-block wpforms-first wpforms-one-half\"><input type=\"text\" id=\"wpforms-5170-field_0\" class=\"wpforms-field-name-first wpforms-field-required\" name=\"wpforms[fields][0][first]\" required><label for=\"wpforms-5170-field_0\" class=\"wpforms-field-sublabel after wpforms-sublabel-hide\">First<\/label><\/div><div class=\"wpforms-field-row-block wpforms-one-half\"><input type=\"text\" id=\"wpforms-5170-field_0-last\" class=\"wpforms-field-name-last wpforms-field-required\" name=\"wpforms[fields][0][last]\" required><label for=\"wpforms-5170-field_0-last\" class=\"wpforms-field-sublabel after wpforms-sublabel-hide\">Last<\/label><\/div><\/div><\/div><div id=\"wpforms-5170-field_1-container\" class=\"wpforms-field wpforms-field-email\" data-field-id=\"1\"><label class=\"wpforms-field-label\" for=\"wpforms-5170-field_1\">E-mail <span class=\"wpforms-required-label\">*<\/span><\/label><input type=\"email\" id=\"wpforms-5170-field_1\" class=\"wpforms-field-medium wpforms-field-required\" name=\"wpforms[fields][1]\" spellcheck=\"false\" required><\/div><div id=\"wpforms-5170-field_4-container\" class=\"wpforms-field wpforms-field-text\" data-field-id=\"4\"><label class=\"wpforms-field-label\" for=\"wpforms-5170-field_4\">Phone <span class=\"wpforms-required-label\">*<\/span><\/label><input type=\"text\" id=\"wpforms-5170-field_4\" class=\"wpforms-field-medium wpforms-field-required\" name=\"wpforms[fields][4]\" required><\/div><div id=\"wpforms-5170-field_5-container\" class=\"wpforms-field wpforms-field-text\" data-field-id=\"5\"><label class=\"wpforms-field-label\" for=\"wpforms-5170-field_5\">Subject <span class=\"wpforms-required-label\">*<\/span><\/label><input type=\"text\" id=\"wpforms-5170-field_5\" class=\"wpforms-field-medium wpforms-field-required\" name=\"wpforms[fields][5]\" required><\/div><div id=\"wpforms-5170-field_2-container\" class=\"wpforms-field wpforms-field-textarea\" data-field-id=\"2\"><label class=\"wpforms-field-label\" for=\"wpforms-5170-field_2\">Your project \/ Your needs <span class=\"wpforms-required-label\">*<\/span><\/label><textarea id=\"wpforms-5170-field_2\" class=\"wpforms-field-medium wpforms-field-required\" name=\"wpforms[fields][2]\" required><\/textarea><\/div><\/div><!-- .wpforms-field-container --><div class=\"wpforms-field wpforms-field-hp\"><label for=\"wpforms-5170-field-hp\" class=\"wpforms-field-label\">Website<\/label><input type=\"text\" name=\"wpforms[hp]\" id=\"wpforms-5170-field-hp\" class=\"wpforms-field-medium\"><\/div><div class=\"wpforms-submit-container\" ><input type=\"hidden\" name=\"wpforms[id]\" value=\"5170\"><input type=\"hidden\" name=\"page_title\" value=\"\"><input type=\"hidden\" name=\"page_url\" value=\"https:\/\/essencial-portugal.com\/es\/wp-json\/wp\/v2\/pages\/92\"><input type=\"hidden\" name=\"url_referer\" value=\"\"><button type=\"submit\" name=\"wpforms[submit]\" id=\"wpforms-submit-5170\" class=\"wpforms-submit\" data-alt-text=\"Sending...\" data-submit-text=\"Send\" aria-live=\"assertive\" value=\"wpforms-submit\">Send<\/button><\/div><\/form><\/div>  <!-- .wpforms-container --><\/p>\n<blockquote><p>Al validar el formulario de contacto, autoriza a transmitir su solicitud a un profesional de habla inglesa que podr\u00e1 contactarle directamente. Nada est\u00e1 automatizado: son personas que conozco, con sede en Lisboa y cualificadas para acompa\u00f1arle en su proyecto. Essencial Portugal conecta particulares y empresas con profesionales certificados y de confianza en Portugal. Solo estos profesionales certificados y homologados pueden informarle, ofrecerle y facturarle estos servicios.<\/p><\/blockquote>\n","protected":false},"excerpt":{"rendered":"<p>Matricular su veh\u00edculo en Portugal es probablemente el tr\u00e1mite administrativo m\u00e1s complicado de toda la expatriaci\u00f3n. Si se instala en Portugal durante m\u00e1s de 6 meses, es obligatorio bajo pena de fuertes multas. Si desea ser acompa\u00f1ado por un profesional angl\u00f3fono para la matriculaci\u00f3n de su coche o moto en Portugal, haga clic en el [&hellip;]<\/p>\n","protected":false},"author":1,"featured_media":32,"parent":67,"menu_order":0,"comment_status":"closed","ping_status":"closed","template":"","meta":{"om_disable_all_campaigns":false,"_monsterinsights_skip_tracking":false,"_monsterinsights_sitenote_active":false,"_monsterinsights_sitenote_note":"","_monsterinsights_sitenote_category":0,"_uf_show_specific_survey":0,"_uf_disable_surveys":false,"site-sidebar-layout":"default","site-content-layout":"default","ast-site-content-layout":"default","site-content-style":"default","site-sidebar-style":"default","ast-global-header-display":"","ast-banner-title-visibility":"","ast-main-header-display":"","ast-hfb-above-header-display":"","ast-hfb-below-header-display":"","ast-hfb-mobile-header-display":"","site-post-title":"","ast-breadcrumbs-content":"","ast-featured-img":"","footer-sml-layout":"","ast-disable-related-posts":"","theme-transparent-header-meta":"default","adv-header-id-meta":"","stick-header-meta":"","header-above-stick-meta":"","header-main-stick-meta":"","header-below-stick-meta":"","astra-migrate-meta-layouts":"set","ast-page-background-enabled":"default","ast-page-background-meta":{"desktop":{"background-color":"","background-image":"","background-repeat":"repeat","background-position":"center center","background-size":"auto","background-attachment":"scroll","background-type":"","background-media":"","overlay-type":"","overlay-color":"","overlay-opacity":"","overlay-gradient":""},"tablet":{"background-color":"","background-image":"","background-repeat":"repeat","background-position":"center center","background-size":"auto","background-attachment":"scroll","background-type":"","background-media":"","overlay-type":"","overlay-color":"","overlay-opacity":"","overlay-gradient":""},"mobile":{"background-color":"","background-image":"","background-repeat":"repeat","background-position":"center center","background-size":"auto","background-attachment":"scroll","background-type":"","background-media":"","overlay-type":"","overlay-color":"","overlay-opacity":"","overlay-gradient":""}},"ast-content-background-meta":{"desktop":{"background-color":"var(--ast-global-color-5)","background-image":"","background-repeat":"repeat","background-position":"center center","background-size":"auto","background-attachment":"scroll","background-type":"","background-media":"","overlay-type":"","overlay-color":"","overlay-opacity":"","overlay-gradient":""},"tablet":{"background-color":"var(--ast-global-color-5)","background-image":"","background-repeat":"repeat","background-position":"center center","background-size":"auto","background-attachment":"scroll","background-type":"","background-media":"","overlay-type":"","overlay-color":"","overlay-opacity":"","overlay-gradient":""},"mobile":{"background-color":"var(--ast-global-color-5)","background-image":"","background-repeat":"repeat","background-position":"center center","background-size":"auto","background-attachment":"scroll","background-type":"","background-media":"","overlay-type":"","overlay-color":"","overlay-opacity":"","overlay-gradient":""}},"footnotes":""},"class_list":["post-92","page","type-page","status-publish","has-post-thumbnail","hentry"],"aioseo_notices":[],"_links":{"self":[{"href":"https:\/\/essencial-portugal.com\/es\/wp-json\/wp\/v2\/pages\/92","targetHints":{"allow":["GET"]}}],"collection":[{"href":"https:\/\/essencial-portugal.com\/es\/wp-json\/wp\/v2\/pages"}],"about":[{"href":"https:\/\/essencial-portugal.com\/es\/wp-json\/wp\/v2\/types\/page"}],"author":[{"embeddable":true,"href":"https:\/\/essencial-portugal.com\/es\/wp-json\/wp\/v2\/users\/1"}],"replies":[{"embeddable":true,"href":"https:\/\/essencial-portugal.com\/es\/wp-json\/wp\/v2\/comments?post=92"}],"version-history":[{"count":2,"href":"https:\/\/essencial-portugal.com\/es\/wp-json\/wp\/v2\/pages\/92\/revisions"}],"predecessor-version":[{"id":10273,"href":"https:\/\/essencial-portugal.com\/es\/wp-json\/wp\/v2\/pages\/92\/revisions\/10273"}],"up":[{"embeddable":true,"href":"https:\/\/essencial-portugal.com\/es\/wp-json\/wp\/v2\/pages\/67"}],"wp:featuredmedia":[{"embeddable":true,"href":"https:\/\/essencial-portugal.com\/es\/wp-json\/wp\/v2\/media\/32"}],"wp:attachment":[{"href":"https:\/\/essencial-portugal.com\/es\/wp-json\/wp\/v2\/media?parent=92"}],"curies":[{"name":"wp","href":"https:\/\/api.w.org\/{rel}","templated":true}]}}