{"id":99,"date":"2018-03-23T16:43:33","date_gmt":"2018-03-23T16:43:33","guid":{"rendered":"https:\/\/essencial-portugal.com\/fr\/?page_id=99"},"modified":"2026-03-16T12:32:00","modified_gmt":"2026-03-16T12:32:00","slug":"creacion-empresa-portugal","status":"publish","type":"page","link":"https:\/\/essencial-portugal.com\/es\/instalacion-lisboa-portugal\/creacion-empresa-portugal\/","title":{"rendered":"Creaci\u00f3n de empresas en Portugal &#8211; Apoyo"},"content":{"rendered":"<p><img fetchpriority=\"high\" decoding=\"async\" class=\"aligncenter wp-image-21 size-full\" src=\"https:\/\/essencial-portugal.com\/es\/wp-content\/uploads\/2018\/03\/creation-entreprise-au-portugal.jpg\" alt=\"Crear una empresa en Portugal: estatutos jur\u00eddicos, tr\u00e1mites y asesor\u00eda contable angl\u00f3fona\" width=\"866\" height=\"495\" srcset=\"https:\/\/essencial-portugal.com\/es\/wp-content\/uploads\/2018\/03\/creation-entreprise-au-portugal.jpg 866w, https:\/\/essencial-portugal.com\/es\/wp-content\/uploads\/2018\/03\/creation-entreprise-au-portugal-300x171.jpg 300w, https:\/\/essencial-portugal.com\/es\/wp-content\/uploads\/2018\/03\/creation-entreprise-au-portugal-768x439.jpg 768w\" sizes=\"(max-width: 866px) 100vw, 866px\" \/><\/p>\n<p>Lisboa se ha consolidado como uno de los destinos m\u00e1s atractivos de Europa para emprendedores y empresas internacionales. Con dos ediciones del Web Summit y una comunidad de startups en crecimiento, Portugal ofrece ventajas en costes salariales, fiscalidad y regulaci\u00f3n laboral. Los jubilados tambi\u00e9n encuentran aqu\u00ed condiciones muy ventajosas gracias al <a href=\"https:\/\/essencial-portugal.com\/es\/noticias-portugal\/rnh-portugal-preguntas-frecuentes\/\" target=\"_blank\" rel=\"noopener noreferrer\">estatuto de Residente No Habitual<\/a>.<\/p>\n<h2>Crear una empresa en Portugal: acompa\u00f1amiento angl\u00f3fono<\/h2>\n<p>Antes de ver los estatutos y los pasos de la creaci\u00f3n, puede rellenar el formulario para ser acompa\u00f1ado por contables y auditores angl\u00f3fonos durante todo el proceso. Esta firma opera en el mercado europeo desde el a\u00f1o 2000 y en Portugal desde 2011, ha creado m\u00e1s de 200 empresas y trabaja con empresas de todos los sectores y tama\u00f1os.<\/p>\n<p style=\"text-align: center;\"><a class=\"maxbutton-3 maxbutton maxbutton-form\" href=\"#form\"><span class='mb-text'>CONTACTO<\/span><\/a><\/p>\n<p>La creaci\u00f3n de una empresa en Portugal puede hacerse en muy poco tiempo, pero todos los documentos oficiales est\u00e1n en portugu\u00e9s. Antes de iniciar el proceso, deber\u00e1 disponer de un <a href=\"https:\/\/essencial-portugal.com\/es\/instalacion-lisboa-portugal\/numero-identificacion-fiscal-portugal\/\" target=\"_blank\" rel=\"noopener noreferrer\">NIF portugu\u00e9s<\/a> y estar presente durante la constituci\u00f3n de la empresa. El contable se encargar\u00e1 de:<\/p>\n<ul>\n<li>Obtener facturas reglamentarias<\/li>\n<li>Llevar una contabilidad conforme a la legislaci\u00f3n vigente<\/li>\n<li>Asistirle en tr\u00e1mites administrativos relacionados con su empresa<\/li>\n<li><a href=\"https:\/\/essencial-portugal.com\/es\/noticias-portugal\/impuestos-alquiler-ingresos-portugal\/\" target=\"_blank\" rel=\"noopener noreferrer\">Cumplimentar las declaraciones fiscales<\/a> de la forma m\u00e1s ventajosa<\/li>\n<\/ul>\n<h2>Estatutos jur\u00eddicos de empresa en Portugal<\/h2>\n<h3>Empresa individual<\/h3>\n<p>Sin capital m\u00ednimo. El fundador gestiona en solitario, pero su patrimonio personal y el de la empresa son comunes. Responsabilidad ilimitada.<\/p>\n<h3>Sociedad Unipessoal por Cuotas<\/h3>\n<p>Capital m\u00ednimo de 1 \u20ac. Un \u00fanico socio (f\u00edsico o jur\u00eddico), que responde hasta el importe de su aportaci\u00f3n. F\u00e1cil de constituir, aunque un capital inicial de 1.000 \u20ac resulta m\u00e1s convincente ante bancos e inversores.<\/p>\n<h3>Sociedad por Cuotas (Lda.)<\/h3>\n<p>M\u00ednimo 2 socios. Capital m\u00ednimo de 1 \u20ac por socio. Uno o m\u00e1s gestores. Los socios responden por sus aportaciones y solidariamente ante deudas.<\/p>\n<h3>Sociedad An\u00f3nima (S.A.)<\/h3>\n<p>Para grandes empresas. M\u00ednimo 5 socios y capital m\u00ednimo de 50.000 \u20ac.<\/p>\n<h3>Sociedad en Nombre Colectivo<\/h3>\n<p>M\u00ednimo 2 socios. Sin capital m\u00ednimo. Decisiones por mayor\u00eda simple (o unanimidad si hay gestores no socios).<\/p>\n<h2>Empresa na Hora: su empresa en 1 hora<\/h2>\n<p>En Lisboa y otras ciudades existen ventanillas \u00fanicas donde es posible crear una empresa (Unipessoal o Sociedade por Quotas) en menos de una hora, tanto para portugueses como para extranjeros. En estas oficinas se puede:<\/p>\n<ul>\n<li>Elegir el nombre de la empresa<\/li>\n<li>Seleccionar el estatuto jur\u00eddico<\/li>\n<li>Definir la sede social, el capital y el campo de actividad<\/li>\n<\/ul>\n<p>El capital debe depositarse en una cuenta bancaria portuguesa antes o 5 d\u00edas despu\u00e9s de la constituci\u00f3n. Los estatutos deben firmarse ante notario. El tiempo de espera puede variar seg\u00fan el horario elegido.<\/p>\n<h2 id=\"form\">Crear su empresa en Portugal con contable angl\u00f3fono<\/h2>\n<p>Despacho contable angl\u00f3fono en el centro de Lisboa. Creaci\u00f3n de su empresa portuguesa de la A a la Z.<\/p>\n<ul>\n<li>Creaci\u00f3n de empresa<\/li>\n<li>Contabilidad<\/li>\n<li>Contabilidad de RRHH<\/li>\n<li>Compra de empresa en Portugal<\/li>\n<li>Declaraciones fiscales<\/li>\n<li>Obras y reformas<\/li>\n<\/ul>\n<p style=\"text-align: center;\"><div class=\"wpforms-container wpforms-container-full\" id=\"wpforms-5169\"><form id=\"wpforms-form-5169\" class=\"wpforms-validate wpforms-form\" data-formid=\"5169\" method=\"post\" enctype=\"multipart\/form-data\" action=\"\/es\/wp-json\/wp\/v2\/pages\/99\" data-token=\"9c9c475fae309137a41819e05f5abaa0\" data-token-time=\"1776662705\"><noscript class=\"wpforms-error-noscript\">Please enable JavaScript in your browser to complete this form.<\/noscript><div class=\"wpforms-field-container\"><div id=\"wpforms-5169-field_0-container\" class=\"wpforms-field wpforms-field-name\" data-field-id=\"0\"><label class=\"wpforms-field-label\" for=\"wpforms-5169-field_0\">Name <span class=\"wpforms-required-label\">*<\/span><\/label><div class=\"wpforms-field-row wpforms-field-medium\"><div class=\"wpforms-field-row-block wpforms-first wpforms-one-half\"><input type=\"text\" id=\"wpforms-5169-field_0\" class=\"wpforms-field-name-first wpforms-field-required\" name=\"wpforms[fields][0][first]\" required><label for=\"wpforms-5169-field_0\" class=\"wpforms-field-sublabel after wpforms-sublabel-hide\">First<\/label><\/div><div class=\"wpforms-field-row-block wpforms-one-half\"><input type=\"text\" id=\"wpforms-5169-field_0-last\" class=\"wpforms-field-name-last wpforms-field-required\" name=\"wpforms[fields][0][last]\" required><label for=\"wpforms-5169-field_0-last\" class=\"wpforms-field-sublabel after wpforms-sublabel-hide\">Last<\/label><\/div><\/div><\/div><div id=\"wpforms-5169-field_1-container\" class=\"wpforms-field wpforms-field-email\" data-field-id=\"1\"><label class=\"wpforms-field-label\" for=\"wpforms-5169-field_1\">E-mail <span class=\"wpforms-required-label\">*<\/span><\/label><input type=\"email\" id=\"wpforms-5169-field_1\" class=\"wpforms-field-medium wpforms-field-required\" name=\"wpforms[fields][1]\" spellcheck=\"false\" required><\/div><div id=\"wpforms-5169-field_3-container\" class=\"wpforms-field wpforms-field-text\" data-field-id=\"3\"><label class=\"wpforms-field-label\" for=\"wpforms-5169-field_3\">Phone <span class=\"wpforms-required-label\">*<\/span><\/label><input type=\"text\" id=\"wpforms-5169-field_3\" class=\"wpforms-field-medium wpforms-field-required\" name=\"wpforms[fields][3]\" required><\/div><div id=\"wpforms-5169-field_4-container\" class=\"wpforms-field wpforms-field-text\" data-field-id=\"4\"><label class=\"wpforms-field-label\" for=\"wpforms-5169-field_4\">Where do you want to set up your business <span class=\"wpforms-required-label\">*<\/span><\/label><input type=\"text\" id=\"wpforms-5169-field_4\" class=\"wpforms-field-medium wpforms-field-required\" name=\"wpforms[fields][4]\" required><\/div><div id=\"wpforms-5169-field_5-container\" class=\"wpforms-field wpforms-field-text\" data-field-id=\"5\"><label class=\"wpforms-field-label\" for=\"wpforms-5169-field_5\">What type of company would you like to create <span class=\"wpforms-required-label\">*<\/span><\/label><input type=\"text\" id=\"wpforms-5169-field_5\" class=\"wpforms-field-medium wpforms-field-required\" name=\"wpforms[fields][5]\" required><\/div><div id=\"wpforms-5169-field_2-container\" class=\"wpforms-field wpforms-field-textarea\" data-field-id=\"2\"><label class=\"wpforms-field-label\" for=\"wpforms-5169-field_2\">Your project \/ Your needs <span class=\"wpforms-required-label\">*<\/span><\/label><textarea id=\"wpforms-5169-field_2\" class=\"wpforms-field-medium wpforms-field-required\" name=\"wpforms[fields][2]\" required><\/textarea><\/div><\/div><!-- .wpforms-field-container --><div class=\"wpforms-field wpforms-field-hp\"><label for=\"wpforms-5169-field-hp\" class=\"wpforms-field-label\">Email<\/label><input type=\"text\" name=\"wpforms[hp]\" id=\"wpforms-5169-field-hp\" class=\"wpforms-field-medium\"><\/div><div class=\"wpforms-submit-container\" ><input type=\"hidden\" name=\"wpforms[id]\" value=\"5169\"><input type=\"hidden\" name=\"page_title\" value=\"\"><input type=\"hidden\" name=\"page_url\" value=\"https:\/\/essencial-portugal.com\/es\/wp-json\/wp\/v2\/pages\/99\"><input type=\"hidden\" name=\"url_referer\" value=\"\"><button type=\"submit\" name=\"wpforms[submit]\" id=\"wpforms-submit-5169\" class=\"wpforms-submit\" data-alt-text=\"Sending...\" data-submit-text=\"Send\" aria-live=\"assertive\" value=\"wpforms-submit\">Send<\/button><\/div><\/form><\/div>  <!-- .wpforms-container --><\/p>\n<blockquote><p>Al validar el formulario de contacto, autoriza a transmitir su solicitud a un profesional angl\u00f3fono que podr\u00e1 contactarle directamente. Se trata de un profesional con servicios de pago cuyo precio var\u00eda seg\u00fan la solicitud y el proyecto. Nada est\u00e1 automatizado: son personas que conozco, con sede en Lisboa y cualificadas para acompa\u00f1arle. Essencial Portugal conecta particulares y empresas con profesionales certificados y de confianza en Portugal. Solo estos profesionales pueden informarle, ofrecerle y facturarle estos servicios.<\/p><\/blockquote>\n<p>Otros servicios para empresas angl\u00f3fonas en Portugal:<\/p>\n<ul>\n<li><a href=\"https:\/\/essencial-portugal.com\/es\/empresa-portugal\/comprar-negocio-portugal\/\" target=\"_blank\" rel=\"noopener noreferrer\">Comprar una empresa en Portugal<\/a><\/li>\n<li><a href=\"https:\/\/essencial-portugal.com\/es\/empresa-portugal\/contable-inglesa-lisboa-portugal\/\" target=\"_blank\" rel=\"noopener noreferrer\">Contabilidad angl\u00f3fona en Portugal<\/a><\/li>\n<li><a href=\"https:\/\/essencial-portugal.com\/es\/empresa-portugal\/contable-recursos-humanos-portugal\/\" target=\"_blank\" rel=\"noopener noreferrer\">Gesti\u00f3n de RRHH angl\u00f3fona en Portugal<\/a><\/li>\n<li><a href=\"https:\/\/essencial-portugal.com\/es\/instalacion-lisboa-portugal\/creacion-empresa-portugal\/\">Crear una empresa en Portugal<\/a><\/li>\n<\/ul>\n","protected":false},"excerpt":{"rendered":"<p>Lisboa se ha consolidado como uno de los destinos m\u00e1s atractivos de Europa para emprendedores y empresas internacionales. Con dos ediciones del Web Summit y una comunidad de startups en crecimiento, Portugal ofrece ventajas en costes salariales, fiscalidad y regulaci\u00f3n laboral. Los jubilados tambi\u00e9n encuentran aqu\u00ed condiciones muy ventajosas gracias al estatuto de Residente No [&hellip;]<\/p>\n","protected":false},"author":1,"featured_media":21,"parent":67,"menu_order":0,"comment_status":"closed","ping_status":"closed","template":"","meta":{"om_disable_all_campaigns":false,"_monsterinsights_skip_tracking":false,"_monsterinsights_sitenote_active":false,"_monsterinsights_sitenote_note":"","_monsterinsights_sitenote_category":0,"_uf_show_specific_survey":0,"_uf_disable_surveys":false,"site-sidebar-layout":"default","site-content-layout":"default","ast-site-content-layout":"default","site-content-style":"default","site-sidebar-style":"default","ast-global-header-display":"","ast-banner-title-visibility":"","ast-main-header-display":"","ast-hfb-above-header-display":"","ast-hfb-below-header-display":"","ast-hfb-mobile-header-display":"","site-post-title":"","ast-breadcrumbs-content":"","ast-featured-img":"","footer-sml-layout":"","ast-disable-related-posts":"","theme-transparent-header-meta":"default","adv-header-id-meta":"","stick-header-meta":"","header-above-stick-meta":"","header-main-stick-meta":"","header-below-stick-meta":"","astra-migrate-meta-layouts":"set","ast-page-background-enabled":"default","ast-page-background-meta":{"desktop":{"background-color":"","background-image":"","background-repeat":"repeat","background-position":"center center","background-size":"auto","background-attachment":"scroll","background-type":"","background-media":"","overlay-type":"","overlay-color":"","overlay-opacity":"","overlay-gradient":""},"tablet":{"background-color":"","background-image":"","background-repeat":"repeat","background-position":"center center","background-size":"auto","background-attachment":"scroll","background-type":"","background-media":"","overlay-type":"","overlay-color":"","overlay-opacity":"","overlay-gradient":""},"mobile":{"background-color":"","background-image":"","background-repeat":"repeat","background-position":"center center","background-size":"auto","background-attachment":"scroll","background-type":"","background-media":"","overlay-type":"","overlay-color":"","overlay-opacity":"","overlay-gradient":""}},"ast-content-background-meta":{"desktop":{"background-color":"var(--ast-global-color-5)","background-image":"","background-repeat":"repeat","background-position":"center center","background-size":"auto","background-attachment":"scroll","background-type":"","background-media":"","overlay-type":"","overlay-color":"","overlay-opacity":"","overlay-gradient":""},"tablet":{"background-color":"var(--ast-global-color-5)","background-image":"","background-repeat":"repeat","background-position":"center center","background-size":"auto","background-attachment":"scroll","background-type":"","background-media":"","overlay-type":"","overlay-color":"","overlay-opacity":"","overlay-gradient":""},"mobile":{"background-color":"var(--ast-global-color-5)","background-image":"","background-repeat":"repeat","background-position":"center center","background-size":"auto","background-attachment":"scroll","background-type":"","background-media":"","overlay-type":"","overlay-color":"","overlay-opacity":"","overlay-gradient":""}},"footnotes":""},"class_list":["post-99","page","type-page","status-publish","has-post-thumbnail","hentry"],"aioseo_notices":[],"_links":{"self":[{"href":"https:\/\/essencial-portugal.com\/es\/wp-json\/wp\/v2\/pages\/99","targetHints":{"allow":["GET"]}}],"collection":[{"href":"https:\/\/essencial-portugal.com\/es\/wp-json\/wp\/v2\/pages"}],"about":[{"href":"https:\/\/essencial-portugal.com\/es\/wp-json\/wp\/v2\/types\/page"}],"author":[{"embeddable":true,"href":"https:\/\/essencial-portugal.com\/es\/wp-json\/wp\/v2\/users\/1"}],"replies":[{"embeddable":true,"href":"https:\/\/essencial-portugal.com\/es\/wp-json\/wp\/v2\/comments?post=99"}],"version-history":[{"count":1,"href":"https:\/\/essencial-portugal.com\/es\/wp-json\/wp\/v2\/pages\/99\/revisions"}],"predecessor-version":[{"id":10270,"href":"https:\/\/essencial-portugal.com\/es\/wp-json\/wp\/v2\/pages\/99\/revisions\/10270"}],"up":[{"embeddable":true,"href":"https:\/\/essencial-portugal.com\/es\/wp-json\/wp\/v2\/pages\/67"}],"wp:featuredmedia":[{"embeddable":true,"href":"https:\/\/essencial-portugal.com\/es\/wp-json\/wp\/v2\/media\/21"}],"wp:attachment":[{"href":"https:\/\/essencial-portugal.com\/es\/wp-json\/wp\/v2\/media?parent=99"}],"curies":[{"name":"wp","href":"https:\/\/api.w.org\/{rel}","templated":true}]}}